{"id":9817,"date":"2022-09-26T11:52:09","date_gmt":"2022-09-26T11:52:09","guid":{"rendered":"https:\/\/preprod.oxypharm.net\/alphaclean\/alpha-clean\/"},"modified":"2025-10-01T13:30:41","modified_gmt":"2025-10-01T13:30:41","slug":"alpha-clean","status":"publish","type":"page","link":"https:\/\/www.oxypharm.net\/pt-pt\/alphaclean\/alpha-clean\/","title":{"rendered":"Alpha Clean"},"content":{"rendered":"<div class=\"wpb-content-wrapper\"><p>[vc_row full_width=&#8221;stretch_row&#8221; el_class=&#8221;hero&#8221; css=&#8221;.vc_custom_1659452869631{margin-bottom: 0px !important;padding-top: 50px !important;padding-bottom: 0px !important;background-color: #f68d2e !important;}&#8221;][vc_column][vc_custom_heading text=&#8221;Alpha Clean&#8221; font_container=&#8221;tag:h1|text_align:left|color:%23ffffff&#8221; google_fonts=&#8221;font_family:Raleway%3A100%2C200%2C300%2Cregular%2C500%2C600%2C700%2C800%2C900|font_style:900%20bold%20regular%3A900%3Anormal&#8221; css=&#8221;.vc_custom_1659451610703{margin-bottom: 10px !important;}&#8221;][vc_column_text el_class=&#8221;ariane-white&#8221;]<span style=\"color: white;\"><a class=\"white\" href=\"\/\">P\u00e1gina Inicial<\/a> &gt; <a class=\"white\" href=\"https:\/\/www.oxypharm.net\/pt-pt\/solucoes\/\">As nossas solu\u00e7\u00f5es<\/a> &gt; <a class=\"white\" href=\"\/nettoyage-pre-desinfection\/\">Limpeza e pr\u00e9-desinfe\u00e7\u00e3o<\/a> &gt;Alpha Clean<\/span>[\/vc_column_text][\/vc_column][\/vc_row][vc_row full_width=&#8221;stretch_row&#8221; gap=&#8221;35&#8243; equal_height=&#8221;yes&#8221; css=&#8221;.vc_custom_1659452888164{margin-bottom: 60px !important;background-color: #f68d2e !important;background-position: center !important;background-repeat: no-repeat !important;background-size: cover !important;}&#8221; el_class=&#8221;row-product&#8221;][vc_column width=&#8221;2\/3&#8243;][vc_column_text el_class=&#8221;intro&#8221;]<span style=\"color: #ffffff;\">O<strong>Alpha Clean<\/strong> \u00e9 uma m\u00e1quina de lavar autom\u00e1tica que permite a pr\u00e9-desinfe\u00e7\u00e3o dos instrumentos antes do processo de esteriliza\u00e7\u00e3o.<\/span><br \/>\n<span style=\"color: #ffffff;\">Adaptado a diferentes necessidades, o Alpha Clean est\u00e1 dispon\u00edvel em capacidades de 16l e 27l.<br \/>\n<\/span>[\/vc_column_text][\/vc_column][vc_column width=&#8221;1\/3&#8243; css=&#8221;.vc_custom_1635215436755{margin-bottom: 0px !important;padding-bottom: 0px !important;}&#8221;][vc_single_image image=&#8221;2808&#8243; img_size=&#8221;full&#8221; alignment=&#8221;right&#8221; css=&#8221;.vc_custom_1659451442406{margin-bottom: 60px !important;}&#8221; el_class=&#8221;product-img&#8221;][\/vc_column][\/vc_row][vc_row gap=&#8221;35&#8243; content_placement=&#8221;middle&#8221; css=&#8221;.vc_custom_1655476113017{margin-bottom: 60px !important;}&#8221;][vc_column width=&#8221;1\/2&#8243;][vc_single_image image=&#8221;7196&#8243; img_size=&#8221;full&#8221; alignment=&#8221;center&#8221;][\/vc_column][vc_column width=&#8221;1\/2&#8243;][vc_custom_heading text=&#8221;Una limpieza eficaz&#8221; use_theme_fonts=&#8221;yes&#8221; css=&#8221;.vc_custom_1759325358773{margin-bottom: 30px !important;}&#8221;][vc_column_text css=&#8221;&#8221;]A gama Alpha Clean \u00e9 composta por uma m\u00e1quina de lavagem autom\u00e1tica e um produto neutro (Solution Clean One+) que permite o tratamento autom\u00e1tico e completo de todos os instrumentos ap\u00f3s a utiliza\u00e7\u00e3o.[\/vc_column_text][\/vc_column][\/vc_row][vc_row gap=&#8221;35&#8243; content_placement=&#8221;middle&#8221; css=&#8221;.vc_custom_1655476145533{margin-bottom: 60px !important;}&#8221;][vc_column width=&#8221;1\/2&#8243;][vc_custom_heading text=&#8221;Ultrassons&#8221; use_theme_fonts=&#8221;yes&#8221; css=&#8221;.vc_custom_1659453001336{margin-bottom: 30px !important;}&#8221;][vc_column_text]Os ultrassons s\u00e3o ondas ac\u00fasticas cuja frequ\u00eancia se situa entre 16 kHz e 10 MHz.<br \/>\nS\u00e3o um m\u00e9todo de pr\u00e9-limpeza comprovado que pode ser utilizado para reprocessar dispositivos m\u00e9dicos na esteriliza\u00e7\u00e3o como complemento da limpeza manual ou numa m\u00e1quina de lavar-desinfetar. De salientar que este tratamento de pr\u00e9-lavagem \u00e9 insuficiente para garantir a limpeza correta dos instrumentos antes da esteriliza\u00e7\u00e3o.[\/vc_column_text][\/vc_column][vc_column width=&#8221;1\/2&#8243;][vc_single_image image=&#8221;7203&#8243; img_size=&#8221;full&#8221; alignment=&#8221;center&#8221;][\/vc_column][\/vc_row][vc_row gap=&#8221;35&#8243; content_placement=&#8221;middle&#8221; css=&#8221;.vc_custom_1655476113017{margin-bottom: 60px !important;}&#8221;][vc_column width=&#8221;1\/2&#8243;][vc_single_image image=&#8221;7210&#8243; img_size=&#8221;full&#8221; alignment=&#8221;center&#8221;][\/vc_column][vc_column width=&#8221;1\/2&#8243;][vc_custom_heading text=&#8221;Um m\u00e9todo simples&#8221; use_theme_fonts=&#8221;yes&#8221; css=&#8221;.vc_custom_1659453041881{margin-bottom: 30px !important;}&#8221;][vc_column_text]O aparelho tem uma \u00fanica cuba ultrass\u00f3nica que se abre como uma gaveta. Os instrumentos sujos provenientes da \u00e1rea de tratamento s\u00e3o depositados diretamente a\u00ed.<br \/>\nA dura\u00e7\u00e3o do ciclo \u00e9 de 45 minutos.[\/vc_column_text][\/vc_column][\/vc_row][vc_row full_width=&#8221;stretch_row&#8221; gap=&#8221;35&#8243; content_placement=&#8221;middle&#8221; css=&#8221;.vc_custom_1659452939036{margin-bottom: 60px !important;padding-top: 60px !important;padding-bottom: 60px !important;background-color: #f68d2e !important;background-position: center !important;background-repeat: no-repeat !important;background-size: cover !important;}&#8221;][vc_column][vc_column_text]<\/p>\n<h3 style=\"text-align: center;\"><span style=\"color: #ffffff;\">Este produto foi fabricado segundo uma organiza\u00e7\u00e3o de qualidade<\/span><\/h3>\n<h3 style=\"text-align: center;\"><span style=\"color: #ffffff;\">certifica\u00e7\u00e3o ISO 9001 &#8211; ISO 13485 (vers\u00e3o 2008) <\/span><\/h3>\n<p>[\/vc_column_text][vc_column_text]<\/p>\n<p style=\"text-align: center;\"><span style=\"color: #ffffff;\"><em>Fabricado em Fran\u00e7a pela Oxy&#8217;Pharm de acordo com a norma ISO 13485.<\/em><\/span><\/p>\n<p>[\/vc_column_text][\/vc_column][\/vc_row][vc_row gap=&#8221;15&#8243; content_placement=&#8221;top&#8221; css=&#8221;.vc_custom_1658837484174{margin-bottom: 60px !important;}&#8221; el_class=&#8221;row-icons&#8221;][vc_column width=&#8221;1\/5&#8243; el_class=&#8221;icon-text&#8221;][vc_icon icon_fontawesome=&#8221;fas fa-ban&#8221; color=&#8221;custom&#8221; background_style=&#8221;rounded&#8221; background_color=&#8221;custom&#8221; size=&#8221;lg&#8221; align=&#8221;center&#8221; css_animation=&#8221;fadeInUp&#8221; custom_color=&#8221;#ffffff&#8221; custom_background_color=&#8221;#f68d2e&#8221;][vc_column_text css=&#8221;.vc_custom_1659452901626{margin-top: 0px !important;}&#8221;]<\/p>\n<h5 class=\"p1\" style=\"text-align: center;\"><span style=\"color: #f68d2e;\">Sem riscos<\/span><\/h5>\n<p>[\/vc_column_text][vc_column_text css=&#8221;.vc_custom_1659455224581{margin-top: 0px !important;}&#8221;]<\/p>\n<p class=\"p1\" style=\"text-align: center;\">A aus\u00eancia total de manuseamento de instrumentos sujos elimina todos os risco de infe\u00e7\u00e3o para o utilizador.<\/p>\n<p>[\/vc_column_text][\/vc_column][vc_column width=&#8221;1\/5&#8243;][vc_icon icon_fontawesome=&#8221;fas fa-sliders-h&#8221; color=&#8221;white&#8221; background_style=&#8221;rounded&#8221; background_color=&#8221;custom&#8221; size=&#8221;lg&#8221; align=&#8221;center&#8221; css_animation=&#8221;fadeInUp&#8221; custom_background_color=&#8221;#f68d2e&#8221;][vc_column_text css=&#8221;.vc_custom_1659455282486{margin-top: 0px !important;}&#8221;]<\/p>\n<h5 class=\"p1\" style=\"text-align: center;\"><span style=\"color: #f68d2e;\">Dosagem autom\u00e1tica<\/span><\/h5>\n<p>[\/vc_column_text][vc_column_text css=&#8221;.vc_custom_1659455232727{margin-top: 0px !important;}&#8221;]<\/p>\n<p style=\"text-align: center;\">O produto de desinfe\u00e7\u00e3o\/limpeza \u00e9 doseado automaticamente durante cada ciclo por uma bomba perist\u00e1ltica.<\/p>\n<p>[\/vc_column_text][\/vc_column][vc_column width=&#8221;1\/5&#8243; el_class=&#8221;icon-text&#8221;][vc_icon icon_fontawesome=&#8221;fas fa-shield-alt&#8221; color=&#8221;white&#8221; background_style=&#8221;rounded&#8221; background_color=&#8221;custom&#8221; size=&#8221;lg&#8221; align=&#8221;center&#8221; css_animation=&#8221;fadeInUp&#8221; custom_background_color=&#8221;#f68d2e&#8221;][vc_column_text css=&#8221;.vc_custom_1659455286506{margin-top: 0px !important;}&#8221;]<\/p>\n<h5 class=\"p1\" style=\"text-align: center;\"><span style=\"color: #f68d2e;\">Eficaz<\/span><\/h5>\n<p>[\/vc_column_text][vc_column_text css=&#8221;.vc_custom_1659455240578{margin-top: 0px !important;}&#8221;]<\/p>\n<p style=\"text-align: center;\">O sistema de ultrassons desinfeta os cantos de mais dif\u00edcil acesso dos instrumentos mais complexos.<\/p>\n<p>[\/vc_column_text][\/vc_column][vc_column width=&#8221;1\/5&#8243; el_class=&#8221;icon-text&#8221;][vc_icon icon_fontawesome=&#8221;fas fa-piggy-bank&#8221; color=&#8221;white&#8221; background_style=&#8221;rounded&#8221; background_color=&#8221;custom&#8221; size=&#8221;lg&#8221; align=&#8221;center&#8221; css_animation=&#8221;fadeInUp&#8221; custom_background_color=&#8221;#f68d2e&#8221;][vc_column_text css=&#8221;.vc_custom_1659452922082{margin-top: 0px !important;}&#8221;]<\/p>\n<h5 class=\"p1\" style=\"text-align: center;\"><span style=\"color: #f68d2e;\">Econ\u00f3mico<\/span><\/h5>\n<p>[\/vc_column_text][vc_column_text css=&#8221;.vc_custom_1659455248554{margin-top: 0px !important;}&#8221;]<\/p>\n<p style=\"text-align: center;\">Quantidade muito pequena de produto necess\u00e1ria.<\/p>\n<p>[\/vc_column_text][\/vc_column][vc_column width=&#8221;1\/5&#8243; el_class=&#8221;icon-text&#8221;][vc_icon icon_fontawesome=&#8221;fas fa-sync-alt&#8221; color=&#8221;white&#8221; background_style=&#8221;rounded&#8221; background_color=&#8221;custom&#8221; size=&#8221;lg&#8221; align=&#8221;center&#8221; css_animation=&#8221;fadeInUp&#8221; custom_background_color=&#8221;#f68d2e&#8221;][vc_column_text css=&#8221;.vc_custom_1659455275049{margin-top: 0px !important;}&#8221;]<\/p>\n<h5 class=\"p1\" style=\"text-align: center;\"><span style=\"color: #f68d2e;\">Autonomia<\/span><\/h5>\n<p>[\/vc_column_text][vc_column_text css=&#8221;.vc_custom_1659455257347{margin-top: 0px !important;}&#8221;]<\/p>\n<p style=\"text-align: center;\">30 ciclos de autonomia.<\/p>\n<p>[\/vc_column_text][\/vc_column][\/vc_row][vc_row full_width=&#8221;stretch_row&#8221; gap=&#8221;35&#8243; content_placement=&#8221;middle&#8221; css=&#8221;.vc_custom_1658848682752{margin-bottom: 60px !important;padding-top: 60px !important;padding-bottom: 60px !important;background-color: #eaeaea !important;background-position: center !important;background-repeat: no-repeat !important;background-size: cover !important;}&#8221;][vc_column][vc_custom_heading text=&#8221;Caracter\u00edsticas t\u00e9cnicas&#8221; use_theme_fonts=&#8221;yes&#8221; css=&#8221;.vc_custom_1659454529769{margin-bottom: 30px !important;}&#8221;][vc_row_inner][vc_column_inner width=&#8221;1\/2&#8243;][vc_column_text]Dimens\u00f5es (C x L x A cm): 60 x 55,5 x 48 cm<\/p>\n<p>Peso vazio:<\/p>\n<p>&#8211; 18l: 40 kg<\/p>\n<p>&#8211; 27l: 46 kg<\/p>\n<p>Temperatura: 0\u00b0C a 70\u00b0C<\/p>\n<p>Humidade: 25 % a 75 % de HR sem condensa\u00e7\u00e3o<\/p>\n<p>Press\u00e3o atmosf\u00e9rica: 700 a 1060 hPa[\/vc_column_text][\/vc_column_inner][vc_column_inner width=&#8221;1\/2&#8243;][vc_column_text]Temperatura: 15 \u00b0C a 40 \u00b0C<\/p>\n<p>D\u00e9bito m\u00e9dio do l\u00edquido: 1000 ml\/h<\/p>\n<p>Condi\u00e7\u00f5es de armazenamento:<\/p>\n<p>Temperatura: 0 \u00b0C a 70 \u00b0C Humidade: 10 % a 95 %<\/p>\n<p>Pot\u00eancia: 1000 W<\/p>\n<p>Tamanho m\u00e9dio das part\u00edculas: &lt;5 \u03bc[\/vc_column_text][\/vc_column_inner][\/vc_row_inner][\/vc_column][\/vc_row][vc_row css=&#8221;.vc_custom_1655728435997{margin-bottom: 60px !important;}&#8221;][vc_column][vc_custom_heading text=&#8221;Compatibilidades<br \/>\ndo Alpha Clean&#8221; use_theme_fonts=&#8221;yes&#8221;][\/vc_column][\/vc_row][vc_row css=&#8221;.vc_custom_1635217084022{margin-bottom: 30px !important;}&#8221;][vc_column][vc_custom_heading text=&#8221;Detergente pr\u00e9-desinfetante:&#8221; font_container=&#8221;tag:h4|text_align:left|color:%23222f3a&#8221; google_fonts=&#8221;font_family:Raleway%3A100%2C200%2C300%2Cregular%2C500%2C600%2C700%2C800%2C900|font_style:600%20bold%20regular%3A600%3Anormal&#8221;][\/vc_column][\/vc_row][vc_row el_class=&#8221;products-list&#8221; css=&#8221;.vc_custom_1634604899105{margin-bottom: 60px !important;}&#8221;][vc_column width=&#8221;1\/4&#8243;]<div class=\"templatera_shortcode\"><div class=\"vc_row wpb_row vc_row-fluid mpc-row\"><div class=\"wpb_column vc_column_container vc_col-sm-12 mpc-column\" data-column-id=\"mpc_column-969f8610075ea7\"><div class=\"vc_column-inner\"><div class=\"wpb_wrapper\">\n\t<div class=\"wpb_single_image wpb_content_element vc_align_center wpb_content_element\">\n\t\t\n\t\t<figure class=\"wpb_wrapper vc_figure\">\n\t\t\t<a href=\"\/pt-pt\/alphaclean\/clean-one\/\" target=\"_self\" class=\"vc_single_image-wrapper   vc_box_border_grey\"><img loading=\"lazy\" decoding=\"async\" width=\"300\" height=\"273\" src=\"https:\/\/www.oxypharm.net\/wp-content\/uploads\/2022\/02\/clean_one-300x273.png\" class=\"vc_single_image-img attachment-thumbnail\" alt=\"\" title=\"clean_one\" srcset=\"https:\/\/www.oxypharm.net\/wp-content\/uploads\/2022\/02\/clean_one-300x273.png 300w, https:\/\/www.oxypharm.net\/wp-content\/uploads\/2022\/02\/clean_one.png 943w\" sizes=\"auto, (max-width: 300px) 100vw, 300px\"><\/a>\n\t\t<\/figure>\n\t<\/div>\n\n\t<div class=\"wpb_text_column wpb_content_element\">\n\t\t<div class=\"wpb_wrapper\">\n\t\t\t<p class=\"p1\" style=\"text-align: center;\"><a class=\"btn\" href=\"\/pt-pt\/alphaclean\/clean-one\/\">Clean One<\/a><\/p>\n\n\t\t<\/div>\n\t<\/div>\n<\/div><\/div><\/div><\/div><\/div>[\/vc_column][vc_column width=&#8221;1\/4&#8243;][\/vc_column][vc_column width=&#8221;1\/4&#8243;][\/vc_column][vc_column width=&#8221;1\/4&#8243;][\/vc_column][\/vc_row][vc_row disable_element=&#8221;yes&#8221; css=&#8221;.vc_custom_1659513394520{margin-bottom: 30px !important;}&#8221;][vc_column][vc_custom_heading text=&#8221;Acess\u00f3rios&#8221; font_container=&#8221;tag:h4|text_align:left|color:%23222f3a&#8221; google_fonts=&#8221;font_family:Raleway%3A100%2C200%2C300%2Cregular%2C500%2C600%2C700%2C800%2C900|font_style:600%20bold%20regular%3A600%3Anormal&#8221;][\/vc_column][\/vc_row][vc_row disable_element=&#8221;yes&#8221; el_class=&#8221;products-list&#8221;][vc_column width=&#8221;1\/4&#8243;][\/vc_column][vc_column width=&#8221;1\/4&#8243;][\/vc_column][vc_column width=&#8221;1\/4&#8243;][\/vc_column][vc_column width=&#8221;1\/4&#8243;][\/vc_column][\/vc_row][vc_row css=&#8221;.vc_custom_1650402885496{margin-top: 90px !important;}&#8221;][vc_column][\/vc_column][\/vc_row]<\/p>\n<\/div>","protected":false},"excerpt":{"rendered":"","protected":false},"author":3,"featured_media":0,"parent":9571,"menu_order":0,"comment_status":"closed","ping_status":"closed","template":"","meta":{"_acf_changed":false,"footnotes":""},"class_list":["post-9817","page","type-page","status-publish","hentry"],"acf":[],"yoast_head":"<!-- This site is optimized with the Yoast SEO plugin v26.1.1 - https:\/\/yoast.com\/wordpress\/plugins\/seo\/ -->\n<title>Alpha Clean - Oxy&#039;Pharm<\/title>\n<meta name=\"robots\" content=\"index, follow, max-snippet:-1, max-image-preview:large, max-video-preview:-1\" \/>\n<link rel=\"canonical\" href=\"https:\/\/www.oxypharm.net\/pt-pt\/alphaclean\/alpha-clean\/\" \/>\n<meta property=\"og:locale\" content=\"pt_PT\" \/>\n<meta property=\"og:type\" content=\"article\" \/>\n<meta property=\"og:title\" content=\"Alpha Clean - Oxy&#039;Pharm\" \/>\n<meta property=\"og:url\" content=\"https:\/\/www.oxypharm.net\/pt-pt\/alphaclean\/alpha-clean\/\" \/>\n<meta property=\"og:site_name\" content=\"Oxy&#039;Pharm\" \/>\n<meta property=\"article:publisher\" content=\"https:\/\/www.facebook.com\/profile.php?id=100065087790394\" \/>\n<meta property=\"article:modified_time\" content=\"2025-10-01T13:30:41+00:00\" \/>\n<meta name=\"twitter:card\" content=\"summary_large_image\" \/>\n<meta name=\"twitter:site\" content=\"@OxyPharm\" \/>\n<meta name=\"twitter:label1\" content=\"Est. reading time\" \/>\n\t<meta name=\"twitter:data1\" content=\"4 minutes\" \/>\n<script type=\"application\/ld+json\" class=\"yoast-schema-graph\">{\"@context\":\"https:\/\/schema.org\",\"@graph\":[{\"@type\":\"WebPage\",\"@id\":\"https:\/\/www.oxypharm.net\/pt-pt\/alphaclean\/alpha-clean\/\",\"url\":\"https:\/\/www.oxypharm.net\/pt-pt\/alphaclean\/alpha-clean\/\",\"name\":\"Alpha Clean - Oxy&#039;Pharm\",\"isPartOf\":{\"@id\":\"https:\/\/www.oxypharm.net\/#website\"},\"datePublished\":\"2022-09-26T11:52:09+00:00\",\"dateModified\":\"2025-10-01T13:30:41+00:00\",\"breadcrumb\":{\"@id\":\"https:\/\/www.oxypharm.net\/pt-pt\/alphaclean\/alpha-clean\/#breadcrumb\"},\"inLanguage\":\"pt-PT\",\"potentialAction\":[{\"@type\":\"ReadAction\",\"target\":[\"https:\/\/www.oxypharm.net\/pt-pt\/alphaclean\/alpha-clean\/\"]}]},{\"@type\":\"BreadcrumbList\",\"@id\":\"https:\/\/www.oxypharm.net\/pt-pt\/alphaclean\/alpha-clean\/#breadcrumb\",\"itemListElement\":[{\"@type\":\"ListItem\",\"position\":1,\"name\":\"Accueil\",\"item\":\"https:\/\/www.oxypharm.net\/pt-pt\/\"},{\"@type\":\"ListItem\",\"position\":2,\"name\":\"Alphaclean\",\"item\":\"https:\/\/www.oxypharm.net\/pt-pt\/alphaclean\/\"},{\"@type\":\"ListItem\",\"position\":3,\"name\":\"Alpha Clean\"}]},{\"@type\":\"WebSite\",\"@id\":\"https:\/\/www.oxypharm.net\/#website\",\"url\":\"https:\/\/www.oxypharm.net\/\",\"name\":\"Oxy&#039;Pharm\",\"description\":\"\",\"publisher\":{\"@id\":\"https:\/\/www.oxypharm.net\/#organization\"},\"potentialAction\":[{\"@type\":\"SearchAction\",\"target\":{\"@type\":\"EntryPoint\",\"urlTemplate\":\"https:\/\/www.oxypharm.net\/?s={search_term_string}\"},\"query-input\":{\"@type\":\"PropertyValueSpecification\",\"valueRequired\":true,\"valueName\":\"search_term_string\"}}],\"inLanguage\":\"pt-PT\"},{\"@type\":\"Organization\",\"@id\":\"https:\/\/www.oxypharm.net\/#organization\",\"name\":\"Oxy'pharm\",\"alternateName\":\"Oxypharm\",\"url\":\"https:\/\/www.oxypharm.net\/\",\"logo\":{\"@type\":\"ImageObject\",\"inLanguage\":\"pt-PT\",\"@id\":\"https:\/\/www.oxypharm.net\/#\/schema\/logo\/image\/\",\"url\":\"https:\/\/www.oxypharm.net\/wp-content\/uploads\/2023\/06\/Logo-Medtradex-Oxypharm.jpg\",\"contentUrl\":\"https:\/\/www.oxypharm.net\/wp-content\/uploads\/2023\/06\/Logo-Medtradex-Oxypharm.jpg\",\"width\":500,\"height\":500,\"caption\":\"Oxy'pharm\"},\"image\":{\"@id\":\"https:\/\/www.oxypharm.net\/#\/schema\/logo\/image\/\"},\"sameAs\":[\"https:\/\/www.facebook.com\/profile.php?id=100065087790394\",\"https:\/\/x.com\/OxyPharm\",\"https:\/\/www.instagram.com\/oxy_pharm\/\",\"https:\/\/www.linkedin.com\/company\/oxy-pharm\/\",\"https:\/\/www.youtube.com\/channel\/UCwTjwWFZWcMdPPlvkTuiurw\"]}]}<\/script>\n<!-- \/ Yoast SEO plugin. -->","yoast_head_json":{"title":"Alpha Clean - Oxy&#039;Pharm","robots":{"index":"index","follow":"follow","max-snippet":"max-snippet:-1","max-image-preview":"max-image-preview:large","max-video-preview":"max-video-preview:-1"},"canonical":"https:\/\/www.oxypharm.net\/pt-pt\/alphaclean\/alpha-clean\/","og_locale":"pt_PT","og_type":"article","og_title":"Alpha Clean - Oxy&#039;Pharm","og_url":"https:\/\/www.oxypharm.net\/pt-pt\/alphaclean\/alpha-clean\/","og_site_name":"Oxy&#039;Pharm","article_publisher":"https:\/\/www.facebook.com\/profile.php?id=100065087790394","article_modified_time":"2025-10-01T13:30:41+00:00","twitter_card":"summary_large_image","twitter_site":"@OxyPharm","twitter_misc":{"Est. reading time":"4 minutes"},"schema":{"@context":"https:\/\/schema.org","@graph":[{"@type":"WebPage","@id":"https:\/\/www.oxypharm.net\/pt-pt\/alphaclean\/alpha-clean\/","url":"https:\/\/www.oxypharm.net\/pt-pt\/alphaclean\/alpha-clean\/","name":"Alpha Clean - Oxy&#039;Pharm","isPartOf":{"@id":"https:\/\/www.oxypharm.net\/#website"},"datePublished":"2022-09-26T11:52:09+00:00","dateModified":"2025-10-01T13:30:41+00:00","breadcrumb":{"@id":"https:\/\/www.oxypharm.net\/pt-pt\/alphaclean\/alpha-clean\/#breadcrumb"},"inLanguage":"pt-PT","potentialAction":[{"@type":"ReadAction","target":["https:\/\/www.oxypharm.net\/pt-pt\/alphaclean\/alpha-clean\/"]}]},{"@type":"BreadcrumbList","@id":"https:\/\/www.oxypharm.net\/pt-pt\/alphaclean\/alpha-clean\/#breadcrumb","itemListElement":[{"@type":"ListItem","position":1,"name":"Accueil","item":"https:\/\/www.oxypharm.net\/pt-pt\/"},{"@type":"ListItem","position":2,"name":"Alphaclean","item":"https:\/\/www.oxypharm.net\/pt-pt\/alphaclean\/"},{"@type":"ListItem","position":3,"name":"Alpha Clean"}]},{"@type":"WebSite","@id":"https:\/\/www.oxypharm.net\/#website","url":"https:\/\/www.oxypharm.net\/","name":"Oxy&#039;Pharm","description":"","publisher":{"@id":"https:\/\/www.oxypharm.net\/#organization"},"potentialAction":[{"@type":"SearchAction","target":{"@type":"EntryPoint","urlTemplate":"https:\/\/www.oxypharm.net\/?s={search_term_string}"},"query-input":{"@type":"PropertyValueSpecification","valueRequired":true,"valueName":"search_term_string"}}],"inLanguage":"pt-PT"},{"@type":"Organization","@id":"https:\/\/www.oxypharm.net\/#organization","name":"Oxy'pharm","alternateName":"Oxypharm","url":"https:\/\/www.oxypharm.net\/","logo":{"@type":"ImageObject","inLanguage":"pt-PT","@id":"https:\/\/www.oxypharm.net\/#\/schema\/logo\/image\/","url":"https:\/\/www.oxypharm.net\/wp-content\/uploads\/2023\/06\/Logo-Medtradex-Oxypharm.jpg","contentUrl":"https:\/\/www.oxypharm.net\/wp-content\/uploads\/2023\/06\/Logo-Medtradex-Oxypharm.jpg","width":500,"height":500,"caption":"Oxy'pharm"},"image":{"@id":"https:\/\/www.oxypharm.net\/#\/schema\/logo\/image\/"},"sameAs":["https:\/\/www.facebook.com\/profile.php?id=100065087790394","https:\/\/x.com\/OxyPharm","https:\/\/www.instagram.com\/oxy_pharm\/","https:\/\/www.linkedin.com\/company\/oxy-pharm\/","https:\/\/www.youtube.com\/channel\/UCwTjwWFZWcMdPPlvkTuiurw"]}]}},"_links":{"self":[{"href":"https:\/\/www.oxypharm.net\/pt-pt\/wp-json\/wp\/v2\/pages\/9817","targetHints":{"allow":["GET"]}}],"collection":[{"href":"https:\/\/www.oxypharm.net\/pt-pt\/wp-json\/wp\/v2\/pages"}],"about":[{"href":"https:\/\/www.oxypharm.net\/pt-pt\/wp-json\/wp\/v2\/types\/page"}],"author":[{"embeddable":true,"href":"https:\/\/www.oxypharm.net\/pt-pt\/wp-json\/wp\/v2\/users\/3"}],"replies":[{"embeddable":true,"href":"https:\/\/www.oxypharm.net\/pt-pt\/wp-json\/wp\/v2\/comments?post=9817"}],"version-history":[{"count":6,"href":"https:\/\/www.oxypharm.net\/pt-pt\/wp-json\/wp\/v2\/pages\/9817\/revisions"}],"predecessor-version":[{"id":23254,"href":"https:\/\/www.oxypharm.net\/pt-pt\/wp-json\/wp\/v2\/pages\/9817\/revisions\/23254"}],"up":[{"embeddable":true,"href":"https:\/\/www.oxypharm.net\/pt-pt\/wp-json\/wp\/v2\/pages\/9571"}],"wp:attachment":[{"href":"https:\/\/www.oxypharm.net\/pt-pt\/wp-json\/wp\/v2\/media?parent=9817"}],"curies":[{"name":"wp","href":"https:\/\/api.w.org\/{rel}","templated":true}]}}