{"id":9697,"date":"2022-09-26T11:51:38","date_gmt":"2022-09-26T11:51:38","guid":{"rendered":"https:\/\/preprod.oxypharm.net\/nocotech\/oxydor\/"},"modified":"2023-04-28T13:43:21","modified_gmt":"2023-04-28T13:43:21","slug":"oxydor","status":"publish","type":"page","link":"https:\/\/www.oxypharm.net\/pt-pt\/nocotech\/oxydor\/","title":{"rendered":"Oxydor"},"content":{"rendered":"<div class=\"wpb-content-wrapper\"><p>[vc_row full_width=&#8221;stretch_row&#8221; el_class=&#8221;hero&#8221; css=&#8221;.vc_custom_1655716364016{margin-bottom: 0px !important;padding-top: 50px !important;padding-bottom: 0px !important;background-color: #AAC340 !important;}&#8221;][vc_column][vc_custom_heading text=&#8221;Oxydor&#8221; font_container=&#8221;tag:h1|text_align:left|color:%23ffffff&#8221; google_fonts=&#8221;font_family:Raleway%3A100%2C200%2C300%2Cregular%2C500%2C600%2C700%2C800%2C900|font_style:900%20bold%20regular%3A900%3Anormal&#8221; css=&#8221;.vc_custom_1659427908522{margin-bottom: 10px !important;}&#8221;][vc_column_text el_class=&#8221;ariane-white&#8221;]<span style=\"color: white;\"><a class=\"white\" href=\"\/\">P\u00e1gina Inicial<\/a> > <a class=\"white\" href=\"https:\/\/www.oxypharm.net\/pt-pt\/solucoes\/\">As nossas solu\u00e7\u00f5es<\/a> > <a class=\"white\" href=\"https:\/\/www.oxypharm.net\/pt-pt\/solucoes\/controlo-de-pragas-e-desodorizacao\/\">Controlo de insetos e desodoriza\u00e7\u00e3o<\/a> > Oxydor<\/span>[\/vc_column_text][\/vc_column][\/vc_row][vc_row full_width=&#8221;stretch_row&#8221; gap=&#8221;35&#8243; equal_height=&#8221;yes&#8221; css=&#8221;.vc_custom_1655716372502{margin-bottom: 60px !important;background-color: #aac340 !important;background-position: center !important;background-repeat: no-repeat !important;background-size: cover !important;}&#8221; el_class=&#8221;row-product&#8221;][vc_column width=&#8221;1\/2&#8243;][vc_column_text el_class=&#8221;intro&#8221;]<span style=\"color: #ffffff;\">O<strong> Oxydor<\/strong> \u00e9 um produto desodorizante eficaz em odores de origem org\u00e2nica ou bacteriana e foi concebido para ser utilizado com difusores da gama Nocotech ou em aplica\u00e7\u00e3o local com um pulverizador.<\/span><br \/>\n<span style=\"color: #ffffff;\">O Oxydor est\u00e1 dispon\u00edvel em garrafas de 1l.<\/span>[\/vc_column_text][\/vc_column][vc_column width=&#8221;1\/2&#8243;][vc_single_image image=&#8221;7184&#8243; img_size=&#8221;full&#8221; alignment=&#8221;right&#8221; el_class=&#8221;product-img&#8221; css=&#8221;.vc_custom_1659430367273{margin-bottom: 60px !important;}&#8221;][\/vc_column][\/vc_row][vc_row gap=&#8221;35&#8243; content_placement=&#8221;middle&#8221; css=&#8221;.vc_custom_1655476113017{margin-bottom: 60px !important;}&#8221;][vc_column width=&#8221;1\/2&#8243;][vc_single_image image=&#8221;7136&#8243; img_size=&#8221;full&#8221; alignment=&#8221;center&#8221;][\/vc_column][vc_column width=&#8221;1\/2&#8243;][vc_custom_heading text=&#8221;Elimina\u00e7\u00e3o de odores&#8221; use_theme_fonts=&#8221;yes&#8221; css=&#8221;.vc_custom_1659430079823{margin-bottom: 30px !important;}&#8221;][vc_column_text]A a\u00e7\u00e3o do Oxydor tem um efeito imediato nos odores de origem org\u00e2nica ou bacteriana (urina, tabaco, lixo, animais, ind\u00fastria, etc.).<br \/>\nGra\u00e7as \u00e0 sua f\u00f3rmula natural \u00e0 base de \u00f3leos essenciais, o Oxydor permite uma desodoriza\u00e7\u00e3o simples e r\u00e1pida do espa\u00e7o a tratar.<\/p>\n<p>Pode dizer adeus aos maus cheiros![\/vc_column_text][\/vc_column][\/vc_row][vc_row gap=&#8221;15&#8243; content_placement=&#8221;top&#8221; css=&#8221;.vc_custom_1658837484174{margin-bottom: 60px !important;}&#8221; el_class=&#8221;row-icons&#8221;][vc_column width=&#8221;1\/5&#8243; el_class=&#8221;icon-text&#8221;][\/vc_column][vc_column width=&#8221;1\/5&#8243; el_class=&#8221;icon-text&#8221;][vc_column_text effects_enabled_delay=&#8221;&#8221; css=&#8221;.vc_custom_1659430146704{margin-top: 0px !important;}&#8221;]<\/p>\n<h5 class=\"p1\" style=\"text-align: center;\"><span style=\"color: #aac340;\">Natural<\/span><\/h5>\n<p>[\/vc_column_text][vc_column_text effects_enabled_delay=&#8221;&#8221; css=&#8221;.vc_custom_1659430196235{margin-top: 0px !important;}&#8221;]<\/p>\n<p style=\"text-align: center;\">Um tratamento \u00e0 base de \u00f3leos essenciais, tanto para profissionais como para particulares.<\/p>\n<p>[\/vc_column_text][\/vc_column][vc_column width=&#8221;1\/5&#8243;][vc_column_text effects_enabled_delay=&#8221;&#8221; css=&#8221;.vc_custom_1659430186430{margin-top: 0px !important;}&#8221;]<\/p>\n<h5 class=\"p1\" style=\"text-align: center;\"><span style=\"color: #aac340;\">Biodegrad\u00e1vel<\/span><\/h5>\n<p>[\/vc_column_text][vc_column_text effects_enabled_delay=&#8221;&#8221; css=&#8221;.vc_custom_1659430161818{margin-top: 0px !important;}&#8221;]<\/p>\n<p style=\"text-align: center;\">Um tratamento biodegrad\u00e1vel, sem perigo para a sa\u00fade.<\/p>\n<p>[\/vc_column_text][\/vc_column][vc_column width=&#8221;1\/5&#8243; el_class=&#8221;icon-text&#8221;][vc_column_text effects_enabled_delay=&#8221;&#8221; css=&#8221;.vc_custom_1659345465457{margin-top: 0px !important;}&#8221;]<\/p>\n<h5 class=\"p1\" style=\"text-align: center;\"><span style=\"color: #aac340;\">Econ\u00f3mico<\/span><\/h5>\n<p>[\/vc_column_text][vc_column_text effects_enabled_delay=&#8221;&#8221; css=&#8221;.vc_custom_1659345455177{margin-top: 0px !important;}&#8221;]<\/p>\n<p style=\"text-align: center;\">Quantidade muito pequena de produto necess\u00e1ria.<\/p>\n<p>[\/vc_column_text][\/vc_column][vc_column width=&#8221;1\/5&#8243; el_class=&#8221;icon-text&#8221;][\/vc_column][\/vc_row][vc_row full_width=&#8221;stretch_row&#8221; gap=&#8221;35&#8243; content_placement=&#8221;middle&#8221; css=&#8221;.vc_custom_1658848676447{margin-bottom: 60px !important;padding-top: 60px !important;padding-bottom: 60px !important;background-color: #aac340 !important;background-position: center !important;background-repeat: no-repeat !important;background-size: cover !important;}&#8221;][vc_column][vc_column_text]<\/p>\n<p style=\"text-align: center;\"><span style=\"color: #ffffff;\"><em>Fabricado em Fran\u00e7a pela Oxy&#8217;Pharm de acordo com a norma ISO 13485.<\/em><\/span><\/p>\n<p>[\/vc_column_text][\/vc_column][\/vc_row][vc_row full_width=&#8221;stretch_row&#8221; gap=&#8221;35&#8243; content_placement=&#8221;middle&#8221; css=&#8221;.vc_custom_1659348069479{margin-bottom: 60px !important;background-position: center !important;background-repeat: no-repeat !important;background-size: cover !important;}&#8221;][vc_column][vc_custom_heading text=&#8221;Composi\u00e7\u00e3o&#8221; use_theme_fonts=&#8221;yes&#8221; css=&#8221;.vc_custom_1659348005571{margin-bottom: 30px !important;}&#8221;][vc_column_text css=&#8221;.vc_custom_1659430221989{margin-bottom: 0px !important;padding-bottom: 0px !important;}&#8221;]<\/p>\n<p style=\"text-align: left;\">\u00d3leos essenciais.<\/p>\n<p>[\/vc_column_text][\/vc_column][\/vc_row][vc_row css=&#8221;.vc_custom_1655728435997{margin-bottom: 60px !important;}&#8221;][vc_column][vc_custom_heading text=&#8221;Compatibilidades<br \/>\ndo Oxydor&#8221; use_theme_fonts=&#8221;yes&#8221;][\/vc_column][\/vc_row][vc_row content_placement=&#8221;bottom&#8221;][vc_column width=&#8221;1\/4&#8243;]<div class=\"templatera_shortcode\"><div class=\"vc_row wpb_row vc_row-fluid mpc-row\"><div class=\"wpb_column vc_column_container vc_col-sm-12 mpc-column\" data-column-id=\"mpc_column-5369e1ef3628465\"><div class=\"vc_column-inner\"><div class=\"wpb_wrapper\">\n\t<div class=\"wpb_single_image wpb_content_element vc_align_center wpb_content_element\">\n\t\t\n\t\t<figure class=\"wpb_wrapper vc_figure\">\n\t\t\t<a href=\"\/pt-pt\/nocotech\/nocospray\/\" target=\"_self\" class=\"vc_single_image-wrapper   vc_box_border_grey\"><img loading=\"lazy\" decoding=\"async\" width=\"300\" height=\"194\" src=\"https:\/\/www.oxypharm.net\/wp-content\/uploads\/2021\/11\/nocospray_2-300x194.png\" class=\"vc_single_image-img attachment-thumbnail\" alt=\"\" title=\"Nocaspray\" srcset=\"https:\/\/www.oxypharm.net\/wp-content\/uploads\/2021\/11\/nocospray_2-300x194.png 300w, https:\/\/www.oxypharm.net\/wp-content\/uploads\/2021\/11\/nocospray_2-1200x776.png 1200w, https:\/\/www.oxypharm.net\/wp-content\/uploads\/2021\/11\/nocospray_2.png 1920w\" sizes=\"auto, (max-width: 300px) 100vw, 300px\"><\/a>\n\t\t<\/figure>\n\t<\/div>\n\n\t<div class=\"wpb_text_column wpb_content_element\">\n\t\t<div class=\"wpb_wrapper\">\n\t\t\t<p class=\"p1\" style=\"text-align: center;\"><a class=\"btn\" href=\"\/pt-pt\/nocotech\/nocospray\/\">Nocospray<\/a><\/p>\n\n\t\t<\/div>\n\t<\/div>\n<\/div><\/div><\/div><\/div><\/div>[\/vc_column][vc_column width=&#8221;1\/4&#8243;]<div class=\"templatera_shortcode\"><div class=\"vc_row wpb_row vc_row-fluid mpc-row\"><div class=\"wpb_column vc_column_container vc_col-sm-12 mpc-column\" data-column-id=\"mpc_column-1669e1ef362a072\"><div class=\"vc_column-inner\"><div class=\"wpb_wrapper\">\n\t<div class=\"wpb_single_image wpb_content_element vc_align_center wpb_content_element\">\n\t\t\n\t\t<figure class=\"wpb_wrapper vc_figure\">\n\t\t\t<a href=\"\/pt-pt\/nocotech\/nococcinelle\/\" target=\"_self\" class=\"vc_single_image-wrapper   vc_box_border_grey\"><img loading=\"lazy\" decoding=\"async\" width=\"300\" height=\"252\" src=\"https:\/\/www.oxypharm.net\/wp-content\/uploads\/2022\/05\/nococcinelle_4-300x252.png\" class=\"vc_single_image-img attachment-thumbnail\" alt=\"\" title=\"nococcinelle_4\" srcset=\"https:\/\/www.oxypharm.net\/wp-content\/uploads\/2022\/05\/nococcinelle_4-300x252.png 300w, https:\/\/www.oxypharm.net\/wp-content\/uploads\/2022\/05\/nococcinelle_4-1200x1009.png 1200w, https:\/\/www.oxypharm.net\/wp-content\/uploads\/2022\/05\/nococcinelle_4-1920x1614.png 1920w\" sizes=\"auto, (max-width: 300px) 100vw, 300px\"><\/a>\n\t\t<\/figure>\n\t<\/div>\n\n\t<div class=\"wpb_text_column wpb_content_element\">\n\t\t<div class=\"wpb_wrapper\">\n\t\t\t<p class=\"p1\" style=\"text-align: center;\"><a class=\"btn\" href=\"\/pt-pt\/nocotech\/nococcinelle\/\">Nococcinelle<\/a><\/p>\n\n\t\t<\/div>\n\t<\/div>\n<\/div><\/div><\/div><\/div><\/div>[\/vc_column][vc_column width=&#8221;1\/4&#8243;]<div class=\"templatera_shortcode\"><div class=\"vc_row wpb_row vc_row-fluid mpc-row\"><div class=\"wpb_column vc_column_container vc_col-sm-12 mpc-column\" data-column-id=\"mpc_column-4969e1ef362ba13\"><div class=\"vc_column-inner\"><div class=\"wpb_wrapper\">\n\t<div class=\"wpb_single_image wpb_content_element vc_align_center wpb_content_element\">\n\t\t\n\t\t<figure class=\"wpb_wrapper vc_figure\">\n\t\t\t<a href=\"\/pt-pt\/nocotech\/nocospray-inox\/\" target=\"_self\" class=\"vc_single_image-wrapper   vc_box_border_grey\"><img loading=\"lazy\" decoding=\"async\" width=\"300\" height=\"250\" src=\"https:\/\/www.oxypharm.net\/wp-content\/uploads\/2022\/04\/Nocosray-Inox-300x250.png\" class=\"vc_single_image-img attachment-thumbnail\" alt=\"\" title=\"Nocosray Inox\" srcset=\"https:\/\/www.oxypharm.net\/wp-content\/uploads\/2022\/04\/Nocosray-Inox-300x250.png 300w, https:\/\/www.oxypharm.net\/wp-content\/uploads\/2022\/04\/Nocosray-Inox-1200x1000.png 1200w, https:\/\/www.oxypharm.net\/wp-content\/uploads\/2022\/04\/Nocosray-Inox-1920x1600.png 1920w\" sizes=\"auto, (max-width: 300px) 100vw, 300px\"><\/a>\n\t\t<\/figure>\n\t<\/div>\n\n\t<div class=\"wpb_text_column wpb_content_element\">\n\t\t<div class=\"wpb_wrapper\">\n\t\t\t<p class=\"p1\" style=\"text-align: center;\"><a class=\"btn\" href=\"\/pt-pt\/nocotech\/nocospray-inox\/\">Nocospray inox<\/a><\/p>\n\n\t\t<\/div>\n\t<\/div>\n<\/div><\/div><\/div><\/div><\/div>[\/vc_column][vc_column width=&#8221;1\/4&#8243;]<div class=\"templatera_shortcode\"><div class=\"vc_row wpb_row vc_row-fluid mpc-row\"><div class=\"wpb_column vc_column_container vc_col-sm-12 mpc-column\" data-column-id=\"mpc_column-8169e1ef362d27b\"><div class=\"vc_column-inner\"><div class=\"wpb_wrapper\">\n\t<div class=\"wpb_single_image wpb_content_element vc_align_center wpb_content_element\">\n\t\t\n\t\t<figure class=\"wpb_wrapper vc_figure\">\n\t\t\t<a href=\"\/pt-pt\/nocotech\/nocospray-mural\/\" target=\"_self\" class=\"vc_single_image-wrapper   vc_box_border_grey\"><img loading=\"lazy\" decoding=\"async\" width=\"300\" height=\"219\" src=\"https:\/\/www.oxypharm.net\/wp-content\/uploads\/2021\/11\/nocospray_mural-300x219.png\" class=\"vc_single_image-img attachment-thumbnail\" alt=\"\" title=\"Nocaspray mural\" srcset=\"https:\/\/www.oxypharm.net\/wp-content\/uploads\/2021\/11\/nocospray_mural-300x219.png 300w, https:\/\/www.oxypharm.net\/wp-content\/uploads\/2021\/11\/nocospray_mural-1200x876.png 1200w, https:\/\/www.oxypharm.net\/wp-content\/uploads\/2021\/11\/nocospray_mural-1920x1401.png 1920w\" sizes=\"auto, (max-width: 300px) 100vw, 300px\"><\/a>\n\t\t<\/figure>\n\t<\/div>\n\n\t<div class=\"wpb_text_column wpb_content_element\">\n\t\t<div class=\"wpb_wrapper\">\n\t\t\t<p class=\"p1\" style=\"text-align: center;\"><a class=\"btn\" href=\"\/pt-pt\/nocotech\/nocospray-mural\/\">Nocospray Mural<\/a><\/p>\n\n\t\t<\/div>\n\t<\/div>\n<\/div><\/div><\/div><\/div><\/div>[\/vc_column][\/vc_row][vc_row content_placement=&#8221;bottom&#8221; css=&#8221;.vc_custom_1659630342528{margin-bottom: 30px !important;}&#8221;][vc_column width=&#8221;1\/4&#8243;]<div class=\"templatera_shortcode\"><div class=\"vc_row wpb_row vc_row-fluid mpc-row\"><div class=\"wpb_column vc_column_container vc_col-sm-12 mpc-column\" data-column-id=\"mpc_column-7569e1ef362ebf0\"><div class=\"vc_column-inner\"><div class=\"wpb_wrapper\">\n\t<div class=\"wpb_single_image wpb_content_element vc_align_center wpb_content_element\">\n\t\t\n\t\t<figure class=\"wpb_wrapper vc_figure\">\n\t\t\t<a href=\"\/pt-pt\/nocotech\/passagem-de-parede-nocospray\/\" target=\"_self\" class=\"vc_single_image-wrapper   vc_box_border_grey\"><img loading=\"lazy\" decoding=\"async\" width=\"300\" height=\"185\" src=\"https:\/\/www.oxypharm.net\/wp-content\/uploads\/2021\/11\/nocospray_mural_TC_1-300x185.jpg\" class=\"vc_single_image-img attachment-thumbnail\" alt=\"\" title=\"nocospray_mural_TC_1\" srcset=\"https:\/\/www.oxypharm.net\/wp-content\/uploads\/2021\/11\/nocospray_mural_TC_1-300x185.jpg 300w, https:\/\/www.oxypharm.net\/wp-content\/uploads\/2021\/11\/nocospray_mural_TC_1.jpg 376w\" sizes=\"auto, (max-width: 300px) 100vw, 300px\"><\/a>\n\t\t<\/figure>\n\t<\/div>\n\n\t<div class=\"wpb_text_column wpb_content_element\">\n\t\t<div class=\"wpb_wrapper\">\n\t\t\t<p class=\"p1\" style=\"text-align: center;\"><a class=\"btn\" href=\"\/pt-pt\/nocotech\/passagem-de-parede-nocospray\/\">Nocospray Passagem de Parede<\/a><\/p>\n\n\t\t<\/div>\n\t<\/div>\n<\/div><\/div><\/div><\/div><\/div>[\/vc_column][vc_column width=&#8221;1\/4&#8243;]<div class=\"templatera_shortcode\"><div class=\"vc_row wpb_row vc_row-fluid mpc-row\"><div class=\"wpb_column vc_column_container vc_col-sm-12 mpc-column\" data-column-id=\"mpc_column-7769e1ef36303f0\"><div class=\"vc_column-inner\"><div class=\"wpb_wrapper\">\n\t<div class=\"wpb_single_image wpb_content_element vc_align_center wpb_content_element\">\n\t\t\n\t\t<figure class=\"wpb_wrapper vc_figure\">\n\t\t\t<a href=\"\/pt-pt\/nocotech\/nocomax-easy\/\" target=\"_self\" class=\"vc_single_image-wrapper   vc_box_border_grey\"><img loading=\"lazy\" decoding=\"async\" width=\"217\" height=\"300\" src=\"https:\/\/www.oxypharm.net\/wp-content\/uploads\/2021\/11\/nocomax_easy_1_raw-217x300.png\" class=\"vc_single_image-img attachment-thumbnail\" alt=\"\" title=\"Nocamax easy\" srcset=\"https:\/\/www.oxypharm.net\/wp-content\/uploads\/2021\/11\/nocomax_easy_1_raw-217x300.png 217w, https:\/\/www.oxypharm.net\/wp-content\/uploads\/2021\/11\/nocomax_easy_1_raw-866x1200.png 866w, https:\/\/www.oxypharm.net\/wp-content\/uploads\/2021\/11\/nocomax_easy_1_raw.png 1386w\" sizes=\"auto, (max-width: 217px) 100vw, 217px\"><\/a>\n\t\t<\/figure>\n\t<\/div>\n\n\t<div class=\"wpb_text_column wpb_content_element\">\n\t\t<div class=\"wpb_wrapper\">\n\t\t\t<p class=\"p1\" style=\"text-align: center;\"><a class=\"btn\" href=\"\/pt-pt\/nocotech\/nocomax-easy\/\">Nocomax Easy<\/a><\/p>\n\n\t\t<\/div>\n\t<\/div>\n<\/div><\/div><\/div><\/div><\/div>[\/vc_column][vc_column width=&#8221;1\/4&#8243;]<div class=\"templatera_shortcode\"><div class=\"vc_row wpb_row vc_row-fluid mpc-row\"><div class=\"wpb_column vc_column_container vc_col-sm-12 mpc-column\" data-column-id=\"mpc_column-1369e1ef3631a91\"><div class=\"vc_column-inner\"><div class=\"wpb_wrapper\">\n\t<div class=\"wpb_single_image wpb_content_element vc_align_center wpb_content_element\">\n\t\t\n\t\t<figure class=\"wpb_wrapper vc_figure\">\n\t\t\t<a href=\"\/pt-pt\/nocotech\/nocomax-inox\/\" target=\"_self\" class=\"vc_single_image-wrapper   vc_box_border_grey\"><img loading=\"lazy\" decoding=\"async\" width=\"195\" height=\"300\" src=\"https:\/\/www.oxypharm.net\/wp-content\/uploads\/2021\/11\/nocomax_inox_2_raw-195x300.png\" class=\"vc_single_image-img attachment-thumbnail\" alt=\"\" title=\"Nocamax inox\" srcset=\"https:\/\/www.oxypharm.net\/wp-content\/uploads\/2021\/11\/nocomax_inox_2_raw-195x300.png 195w, https:\/\/www.oxypharm.net\/wp-content\/uploads\/2021\/11\/nocomax_inox_2_raw-782x1200.png 782w, https:\/\/www.oxypharm.net\/wp-content\/uploads\/2021\/11\/nocomax_inox_2_raw.png 1251w\" sizes=\"auto, (max-width: 195px) 100vw, 195px\"><\/a>\n\t\t<\/figure>\n\t<\/div>\n\n\t<div class=\"wpb_text_column wpb_content_element\">\n\t\t<div class=\"wpb_wrapper\">\n\t\t\t<p class=\"p1\" style=\"text-align: center;\"><a class=\"btn\" href=\"\/pt-pt\/nocotech\/nocomax-inox\/\">Nocomax Inox<\/a><\/p>\n\n\t\t<\/div>\n\t<\/div>\n<\/div><\/div><\/div><\/div><\/div>[\/vc_column][vc_column width=&#8221;1\/4&#8243;]<div class=\"templatera_shortcode\"><div class=\"vc_row wpb_row vc_row-fluid mpc-row\"><div class=\"wpb_column vc_column_container vc_col-sm-12 mpc-column\" data-column-id=\"mpc_column-1769e1ef3633895\"><div class=\"vc_column-inner\"><div class=\"wpb_wrapper\">\n\t<div class=\"wpb_single_image wpb_content_element vc_align_center wpb_content_element\">\n\t\t\n\t\t<figure class=\"wpb_wrapper vc_figure\">\n\t\t\t<a href=\"\/pt-pt\/nocotech\/nocomax-mural\/\" target=\"_self\" class=\"vc_single_image-wrapper   vc_box_border_grey\"><img loading=\"lazy\" decoding=\"async\" width=\"208\" height=\"300\" src=\"https:\/\/www.oxypharm.net\/wp-content\/uploads\/2021\/11\/Nocamax-mural-raw-208x300.png\" class=\"vc_single_image-img attachment-thumbnail\" alt=\"\" title=\"Nocamax mural\" srcset=\"https:\/\/www.oxypharm.net\/wp-content\/uploads\/2021\/11\/Nocamax-mural-raw-208x300.png 208w, https:\/\/www.oxypharm.net\/wp-content\/uploads\/2021\/11\/Nocamax-mural-raw-832x1200.png 832w, https:\/\/www.oxypharm.net\/wp-content\/uploads\/2021\/11\/Nocamax-mural-raw.png 1331w\" sizes=\"auto, (max-width: 208px) 100vw, 208px\"><\/a>\n\t\t<\/figure>\n\t<\/div>\n\n\t<div class=\"wpb_text_column wpb_content_element\">\n\t\t<div class=\"wpb_wrapper\">\n\t\t\t<p class=\"p1\" style=\"text-align: center;\"><a class=\"btn\" href=\"\/pt-pt\/nocotech\/nocomax-mural\/\">Nocomax Inox Mural<\/a><\/p>\n\n\t\t<\/div>\n\t<\/div>\n<\/div><\/div><\/div><\/div><\/div>[\/vc_column][\/vc_row][vc_row css=&#8221;.vc_custom_1650402885496{margin-top: 90px !important;}&#8221;][vc_column][\/vc_column][\/vc_row]<\/p>\n<\/div>","protected":false},"excerpt":{"rendered":"","protected":false},"author":1,"featured_media":0,"parent":9565,"menu_order":0,"comment_status":"closed","ping_status":"closed","template":"","meta":{"_acf_changed":false,"footnotes":""},"class_list":["post-9697","page","type-page","status-publish","hentry"],"acf":[],"yoast_head":"<!-- This site is optimized with the Yoast SEO plugin v26.1.1 - https:\/\/yoast.com\/wordpress\/plugins\/seo\/ -->\n<title>Oxydor - Oxy&#039;Pharm<\/title>\n<meta name=\"robots\" content=\"index, follow, max-snippet:-1, max-image-preview:large, max-video-preview:-1\" \/>\n<link rel=\"canonical\" href=\"https:\/\/www.oxypharm.net\/pt-pt\/nocotech\/oxydor\/\" \/>\n<meta property=\"og:locale\" content=\"pt_PT\" \/>\n<meta property=\"og:type\" content=\"article\" \/>\n<meta property=\"og:title\" content=\"Oxydor - Oxy&#039;Pharm\" \/>\n<meta property=\"og:url\" content=\"https:\/\/www.oxypharm.net\/pt-pt\/nocotech\/oxydor\/\" \/>\n<meta property=\"og:site_name\" content=\"Oxy&#039;Pharm\" \/>\n<meta property=\"article:publisher\" content=\"https:\/\/www.facebook.com\/profile.php?id=100065087790394\" \/>\n<meta property=\"article:modified_time\" content=\"2023-04-28T13:43:21+00:00\" \/>\n<meta name=\"twitter:card\" content=\"summary_large_image\" \/>\n<meta name=\"twitter:site\" content=\"@OxyPharm\" \/>\n<meta name=\"twitter:label1\" content=\"Est. reading time\" \/>\n\t<meta name=\"twitter:data1\" content=\"4 minutes\" \/>\n<script type=\"application\/ld+json\" class=\"yoast-schema-graph\">{\"@context\":\"https:\/\/schema.org\",\"@graph\":[{\"@type\":\"WebPage\",\"@id\":\"https:\/\/www.oxypharm.net\/pt-pt\/nocotech\/oxydor\/\",\"url\":\"https:\/\/www.oxypharm.net\/pt-pt\/nocotech\/oxydor\/\",\"name\":\"Oxydor - Oxy&#039;Pharm\",\"isPartOf\":{\"@id\":\"https:\/\/www.oxypharm.net\/#website\"},\"datePublished\":\"2022-09-26T11:51:38+00:00\",\"dateModified\":\"2023-04-28T13:43:21+00:00\",\"breadcrumb\":{\"@id\":\"https:\/\/www.oxypharm.net\/pt-pt\/nocotech\/oxydor\/#breadcrumb\"},\"inLanguage\":\"pt-PT\",\"potentialAction\":[{\"@type\":\"ReadAction\",\"target\":[\"https:\/\/www.oxypharm.net\/pt-pt\/nocotech\/oxydor\/\"]}]},{\"@type\":\"BreadcrumbList\",\"@id\":\"https:\/\/www.oxypharm.net\/pt-pt\/nocotech\/oxydor\/#breadcrumb\",\"itemListElement\":[{\"@type\":\"ListItem\",\"position\":1,\"name\":\"Accueil\",\"item\":\"https:\/\/www.oxypharm.net\/pt-pt\/\"},{\"@type\":\"ListItem\",\"position\":2,\"name\":\"Nocotech\",\"item\":\"https:\/\/www.oxypharm.net\/pt-pt\/nocotech\/\"},{\"@type\":\"ListItem\",\"position\":3,\"name\":\"Oxydor\"}]},{\"@type\":\"WebSite\",\"@id\":\"https:\/\/www.oxypharm.net\/#website\",\"url\":\"https:\/\/www.oxypharm.net\/\",\"name\":\"Oxy&#039;Pharm\",\"description\":\"\",\"publisher\":{\"@id\":\"https:\/\/www.oxypharm.net\/#organization\"},\"potentialAction\":[{\"@type\":\"SearchAction\",\"target\":{\"@type\":\"EntryPoint\",\"urlTemplate\":\"https:\/\/www.oxypharm.net\/?s={search_term_string}\"},\"query-input\":{\"@type\":\"PropertyValueSpecification\",\"valueRequired\":true,\"valueName\":\"search_term_string\"}}],\"inLanguage\":\"pt-PT\"},{\"@type\":\"Organization\",\"@id\":\"https:\/\/www.oxypharm.net\/#organization\",\"name\":\"Oxy'pharm\",\"alternateName\":\"Oxypharm\",\"url\":\"https:\/\/www.oxypharm.net\/\",\"logo\":{\"@type\":\"ImageObject\",\"inLanguage\":\"pt-PT\",\"@id\":\"https:\/\/www.oxypharm.net\/#\/schema\/logo\/image\/\",\"url\":\"https:\/\/www.oxypharm.net\/wp-content\/uploads\/2023\/06\/Logo-Medtradex-Oxypharm.jpg\",\"contentUrl\":\"https:\/\/www.oxypharm.net\/wp-content\/uploads\/2023\/06\/Logo-Medtradex-Oxypharm.jpg\",\"width\":500,\"height\":500,\"caption\":\"Oxy'pharm\"},\"image\":{\"@id\":\"https:\/\/www.oxypharm.net\/#\/schema\/logo\/image\/\"},\"sameAs\":[\"https:\/\/www.facebook.com\/profile.php?id=100065087790394\",\"https:\/\/x.com\/OxyPharm\",\"https:\/\/www.instagram.com\/oxy_pharm\/\",\"https:\/\/www.linkedin.com\/company\/oxy-pharm\/\",\"https:\/\/www.youtube.com\/channel\/UCwTjwWFZWcMdPPlvkTuiurw\"]}]}<\/script>\n<!-- \/ Yoast SEO plugin. -->","yoast_head_json":{"title":"Oxydor - Oxy&#039;Pharm","robots":{"index":"index","follow":"follow","max-snippet":"max-snippet:-1","max-image-preview":"max-image-preview:large","max-video-preview":"max-video-preview:-1"},"canonical":"https:\/\/www.oxypharm.net\/pt-pt\/nocotech\/oxydor\/","og_locale":"pt_PT","og_type":"article","og_title":"Oxydor - Oxy&#039;Pharm","og_url":"https:\/\/www.oxypharm.net\/pt-pt\/nocotech\/oxydor\/","og_site_name":"Oxy&#039;Pharm","article_publisher":"https:\/\/www.facebook.com\/profile.php?id=100065087790394","article_modified_time":"2023-04-28T13:43:21+00:00","twitter_card":"summary_large_image","twitter_site":"@OxyPharm","twitter_misc":{"Est. reading time":"4 minutes"},"schema":{"@context":"https:\/\/schema.org","@graph":[{"@type":"WebPage","@id":"https:\/\/www.oxypharm.net\/pt-pt\/nocotech\/oxydor\/","url":"https:\/\/www.oxypharm.net\/pt-pt\/nocotech\/oxydor\/","name":"Oxydor - Oxy&#039;Pharm","isPartOf":{"@id":"https:\/\/www.oxypharm.net\/#website"},"datePublished":"2022-09-26T11:51:38+00:00","dateModified":"2023-04-28T13:43:21+00:00","breadcrumb":{"@id":"https:\/\/www.oxypharm.net\/pt-pt\/nocotech\/oxydor\/#breadcrumb"},"inLanguage":"pt-PT","potentialAction":[{"@type":"ReadAction","target":["https:\/\/www.oxypharm.net\/pt-pt\/nocotech\/oxydor\/"]}]},{"@type":"BreadcrumbList","@id":"https:\/\/www.oxypharm.net\/pt-pt\/nocotech\/oxydor\/#breadcrumb","itemListElement":[{"@type":"ListItem","position":1,"name":"Accueil","item":"https:\/\/www.oxypharm.net\/pt-pt\/"},{"@type":"ListItem","position":2,"name":"Nocotech","item":"https:\/\/www.oxypharm.net\/pt-pt\/nocotech\/"},{"@type":"ListItem","position":3,"name":"Oxydor"}]},{"@type":"WebSite","@id":"https:\/\/www.oxypharm.net\/#website","url":"https:\/\/www.oxypharm.net\/","name":"Oxy&#039;Pharm","description":"","publisher":{"@id":"https:\/\/www.oxypharm.net\/#organization"},"potentialAction":[{"@type":"SearchAction","target":{"@type":"EntryPoint","urlTemplate":"https:\/\/www.oxypharm.net\/?s={search_term_string}"},"query-input":{"@type":"PropertyValueSpecification","valueRequired":true,"valueName":"search_term_string"}}],"inLanguage":"pt-PT"},{"@type":"Organization","@id":"https:\/\/www.oxypharm.net\/#organization","name":"Oxy'pharm","alternateName":"Oxypharm","url":"https:\/\/www.oxypharm.net\/","logo":{"@type":"ImageObject","inLanguage":"pt-PT","@id":"https:\/\/www.oxypharm.net\/#\/schema\/logo\/image\/","url":"https:\/\/www.oxypharm.net\/wp-content\/uploads\/2023\/06\/Logo-Medtradex-Oxypharm.jpg","contentUrl":"https:\/\/www.oxypharm.net\/wp-content\/uploads\/2023\/06\/Logo-Medtradex-Oxypharm.jpg","width":500,"height":500,"caption":"Oxy'pharm"},"image":{"@id":"https:\/\/www.oxypharm.net\/#\/schema\/logo\/image\/"},"sameAs":["https:\/\/www.facebook.com\/profile.php?id=100065087790394","https:\/\/x.com\/OxyPharm","https:\/\/www.instagram.com\/oxy_pharm\/","https:\/\/www.linkedin.com\/company\/oxy-pharm\/","https:\/\/www.youtube.com\/channel\/UCwTjwWFZWcMdPPlvkTuiurw"]}]}},"_links":{"self":[{"href":"https:\/\/www.oxypharm.net\/pt-pt\/wp-json\/wp\/v2\/pages\/9697","targetHints":{"allow":["GET"]}}],"collection":[{"href":"https:\/\/www.oxypharm.net\/pt-pt\/wp-json\/wp\/v2\/pages"}],"about":[{"href":"https:\/\/www.oxypharm.net\/pt-pt\/wp-json\/wp\/v2\/types\/page"}],"author":[{"embeddable":true,"href":"https:\/\/www.oxypharm.net\/pt-pt\/wp-json\/wp\/v2\/users\/1"}],"replies":[{"embeddable":true,"href":"https:\/\/www.oxypharm.net\/pt-pt\/wp-json\/wp\/v2\/comments?post=9697"}],"version-history":[{"count":2,"href":"https:\/\/www.oxypharm.net\/pt-pt\/wp-json\/wp\/v2\/pages\/9697\/revisions"}],"predecessor-version":[{"id":14114,"href":"https:\/\/www.oxypharm.net\/pt-pt\/wp-json\/wp\/v2\/pages\/9697\/revisions\/14114"}],"up":[{"embeddable":true,"href":"https:\/\/www.oxypharm.net\/pt-pt\/wp-json\/wp\/v2\/pages\/9565"}],"wp:attachment":[{"href":"https:\/\/www.oxypharm.net\/pt-pt\/wp-json\/wp\/v2\/media?parent=9697"}],"curies":[{"name":"wp","href":"https:\/\/api.w.org\/{rel}","templated":true}]}}