{"id":9571,"date":"2022-09-26T11:51:19","date_gmt":"2022-09-26T11:51:19","guid":{"rendered":"https:\/\/preprod.oxypharm.net\/alphaclean\/"},"modified":"2025-10-01T16:00:49","modified_gmt":"2025-10-01T16:00:49","slug":"alphaclean","status":"publish","type":"page","link":"https:\/\/www.oxypharm.net\/pt-pt\/alphaclean\/","title":{"rendered":"Alphaclean"},"content":{"rendered":"<div class=\"wpb-content-wrapper\"><p>[vc_row full_width=&#8221;stretch_row&#8221; el_class=&#8221;hero&#8221; css=&#8221;.vc_custom_1635214891720{margin-bottom: 0px !important;padding-top: 50px !important;padding-bottom: 0px !important;background-color: #ff8600 !important;}&#8221;][vc_column][vc_custom_heading text=&#8221;Alpha Clean,<br \/>\nlimpeza de instrumentos&#8221; font_container=&#8221;tag:h1|text_align:left|color:%23ffffff&#8221; google_fonts=&#8221;font_family:Raleway%3A100%2C200%2C300%2Cregular%2C500%2C600%2C700%2C800%2C900|font_style:900%20bold%20regular%3A900%3Anormal&#8221; css=&#8221;.vc_custom_1759334195008{margin-bottom: 10px !important;}&#8221;][vc_column_text]<span style=\"color: white;\"><a class=\"white\" href=\"\/\">P\u00e1gina Inicial<\/a> &gt; Alphaclean<\/span>[\/vc_column_text][\/vc_column][\/vc_row][vc_row css=&#8221;.vc_custom_1649765966612{margin-top: 30px !important;margin-bottom: 30px !important;}&#8221;][vc_column][vc_custom_heading text=&#8221;A m\u00e1quina de lavar autom\u00e1tica para limpeza&#8230;&#8221; use_theme_fonts=&#8221;yes&#8221; css=&#8221;.vc_custom_1759334208172{margin-bottom: 30px !important;}&#8221;][\/vc_column][\/vc_row][vc_row gap=&#8221;35&#8243; css=&#8221;.vc_custom_1659631013328{margin-bottom: 60px !important;}&#8221;][vc_column width=&#8221;2\/3&#8243;][vc_column_text css=&#8221;&#8221;]A gama Alpha Clean \u00e9 composta por uma m\u00e1quina de lavar autom\u00e1tica e um produto neutro que permite um tratamento autom\u00e1tico e completo. O aparelho possui um \u00fanico compartimento que se abre como uma gaveta. Os instrumentos sujos s\u00e3o colocados diretamente nele. A dura\u00e7\u00e3o do ciclo \u00e9 de 45 minutos.[\/vc_column_text][\/vc_column][vc_column width=&#8221;1\/3&#8243;][vc_single_image image=&#8221;3015&#8243; img_size=&#8221;&#8221;][\/vc_column][\/vc_row][vc_row full_width=&#8221;stretch_row&#8221; enable_parallax=&#8221;true&#8221; parallax_background=&#8221;7890&#8243; css=&#8221;.vc_custom_1659630947077{margin-bottom: 60px !important;padding-top: 240px !important;padding-bottom: 240px !important;}&#8221;][vc_column][\/vc_column][\/vc_row][vc_row gap=&#8221;35&#8243; content_placement=&#8221;middle&#8221; css=&#8221;.vc_custom_1659631341578{margin-bottom: 60px !important;}&#8221; el_class=&#8221;product-properties&#8221;][vc_column width=&#8221;1\/2&#8243;][vc_single_image image=&#8221;7904&#8243; img_size=&#8221;&#8221;][\/vc_column][vc_column width=&#8221;1\/2&#8243;][vc_custom_heading text=&#8221;Para uma limpeza eficaz e sem riscos&#8221; use_theme_fonts=&#8221;yes&#8221; css=&#8221;.vc_custom_1759334236725{margin-bottom: 30px !important;}&#8221;][vc_column_text css=&#8221;&#8221;]O aparelho disp\u00f5e de um sistema de ultrassons que limpa os instrumentos mais complexos, at\u00e9 nos recantos mais dif\u00edceis. Esta solu\u00e7\u00e3o garante uma economia de tempo, pois n\u00e3o \u00e9 necess\u00e1ria qualquer manipula\u00e7\u00e3o antes ou depois do tratamento.[\/vc_column_text][\/vc_column][\/vc_row][vc_row css=&#8221;.vc_custom_1635216132076{margin-bottom: 20px !important;}&#8221; el_class=&#8221;product-properties&#8221;][vc_column][\/vc_column][\/vc_row][vc_row css=&#8221;.vc_custom_1659631791824{margin-bottom: 60px !important;}&#8221;][vc_column][vc_custom_heading text=&#8221;Utiliza\u00e7\u00e3o simples&#8221; use_theme_fonts=&#8221;yes&#8221;][\/vc_column][\/vc_row][vc_row gap=&#8221;35&#8243; content_placement=&#8221;top&#8221; css=&#8221;.vc_custom_1659632046898{margin-bottom: 60px !important;}&#8221; el_class=&#8221;row-icons&#8221;][vc_column width=&#8221;1\/4&#8243; el_class=&#8221;icon-text&#8221;][vc_column_text css=&#8221;.vc_custom_1659631808516{margin-top: 0px !important;}&#8221; css_animation=&#8221;fadeInUp&#8221;]<\/p>\n<h1 class=\"p1\" style=\"text-align: center;\"><span style=\"color: #ff8600;\">1<\/span><\/h1>\n<p>[\/vc_column_text][vc_column_text css=&#8221;.vc_custom_1759334264942{margin-top: 0px !important;}&#8221;]<\/p>\n<h5 class=\"p1\" style=\"text-align: center;\"><span style=\"color: #ff8600;\">Imers\u00e3o<\/span><\/h5>\n<p>[\/vc_column_text][vc_column_text css=&#8221;.vc_custom_1759334273934{margin-top: 0px !important;}&#8221;]<\/p>\n<p class=\"p1\" style=\"text-align: center;\">Os instrumentos colocados no recipiente s\u00e3o imersos na solu\u00e7\u00e3o Clean One+.<\/p>\n<p>[\/vc_column_text][\/vc_column][vc_column width=&#8221;1\/4&#8243;][vc_column_text css=&#8221;.vc_custom_1659631898356{margin-top: 0px !important;}&#8221; css_animation=&#8221;fadeInUp&#8221;]<\/p>\n<h1 class=\"p1\" style=\"text-align: center;\"><span style=\"color: #ff8600;\">2<\/span><\/h1>\n<p>[\/vc_column_text][vc_column_text css=&#8221;.vc_custom_1659632019982{margin-top: 0px !important;}&#8221;]<\/p>\n<h5 class=\"p1\" style=\"text-align: center;\"><span style=\"color: #ff8600;\">Limpeza<\/span><\/h5>\n<p>[\/vc_column_text][vc_column_text css=&#8221;.vc_custom_1759334284299{margin-top: 0px !important;}&#8221;]<\/p>\n<p class=\"p1\" style=\"text-align: center;\">Os ultrassons, em combina\u00e7\u00e3o com a solu\u00e7\u00e3o Clean One+, limpam os instrumentos at\u00e9 aos m\u00ednimos recantos.<\/p>\n<p>[\/vc_column_text][\/vc_column][vc_column width=&#8221;1\/4&#8243; el_class=&#8221;icon-text&#8221;][vc_column_text css=&#8221;.vc_custom_1659631901959{margin-top: 0px !important;}&#8221; css_animation=&#8221;fadeInUp&#8221;]<\/p>\n<h1 class=\"p1\" style=\"text-align: center;\"><span style=\"color: #ff8600;\">3<\/span><\/h1>\n<p>[\/vc_column_text][vc_column_text css=&#8221;.vc_custom_1659632024648{margin-top: 0px !important;}&#8221;]<\/p>\n<h5 class=\"p1\" style=\"text-align: center;\"><span style=\"color: #ff8600;\">Enxaguamento<\/span><\/h5>\n<p>[\/vc_column_text][vc_column_text css=&#8221;.vc_custom_1759334294597{margin-top: 0px !important;}&#8221;]<\/p>\n<p style=\"text-align: center;\">Os instrumentos s\u00e3o imersos em \u00e1gua limpa e a a\u00e7\u00e3o dos ultrassons permite um enxaguamento eficaz.<\/p>\n<p>[\/vc_column_text][\/vc_column][vc_column width=&#8221;1\/4&#8243; el_class=&#8221;icon-text&#8221;][vc_column_text css=&#8221;.vc_custom_1659631905545{margin-top: 0px !important;}&#8221; css_animation=&#8221;fadeInUp&#8221;]<\/p>\n<h1 class=\"p1\" style=\"text-align: center;\"><span style=\"color: #ff8600;\">4<\/span><\/h1>\n<p>[\/vc_column_text][vc_column_text css=&#8221;.vc_custom_1659632029111{margin-top: 0px !important;}&#8221;]<\/p>\n<h5 class=\"p1\" style=\"text-align: center;\"><span style=\"color: #ff8600;\">Secagem<\/span><\/h5>\n<p>[\/vc_column_text][vc_column_text css=&#8221;.vc_custom_1659631969381{margin-top: 0px !important;}&#8221;]<\/p>\n<p style=\"text-align: center;\">A turbina gera ar quente at\u00e9 80 \u00b0C.<\/p>\n<p>[\/vc_column_text][\/vc_column][\/vc_row][vc_row css=&#8221;.vc_custom_1659632136278{margin-bottom: 30px !important;}&#8221;][vc_column][vc_custom_heading text=&#8221;Gama de produtos Alpha Clean&#8221; use_theme_fonts=&#8221;yes&#8221; css=&#8221;.vc_custom_1659632077127{margin-bottom: 30px !important;}&#8221;][\/vc_column][\/vc_row][vc_row css=&#8221;.vc_custom_1659632136278{margin-bottom: 30px !important;}&#8221;][vc_column][vc_column_text css=&#8221;&#8221;]A gama Alpha Clean \u00e9 composta por um autolavador e um detergente l\u00edquido para instrumentos termost\u00e1veis e termossens\u00edveis. O aparelho est\u00e1 dispon\u00edvel com capacidade para 16 L ou 27 L.[\/vc_column_text][\/vc_column][\/vc_row][vc_row css=&#8221;.vc_custom_1659632136278{margin-bottom: 30px !important;}&#8221;][vc_column][vc_custom_heading text=&#8221;Aparelho&#8221; font_container=&#8221;tag:h4|text_align:left&#8221; use_theme_fonts=&#8221;yes&#8221; css=&#8221;.vc_custom_1659969680607{margin-bottom: 30px !important;}&#8221;][\/vc_column][\/vc_row][vc_row content_placement=&#8221;bottom&#8221; css=&#8221;.vc_custom_1659632427140{margin-bottom: 30px !important;}&#8221;][vc_column width=&#8221;1\/4&#8243;]<div class=\"templatera_shortcode\"><div class=\"vc_row wpb_row vc_row-fluid mpc-row\"><div class=\"wpb_column vc_column_container vc_col-sm-12 mpc-column\" data-column-id=\"mpc_column-326a045371a31b4\"><div class=\"vc_column-inner\"><div class=\"wpb_wrapper\">\n\t<div class=\"wpb_single_image wpb_content_element vc_align_center wpb_content_element\">\n\t\t\n\t\t<figure class=\"wpb_wrapper vc_figure\">\n\t\t\t<a href=\"\/pt-pt\/alphaclean\/alpha-clean\/\" target=\"_self\" class=\"vc_single_image-wrapper   vc_box_border_grey\"><img loading=\"lazy\" decoding=\"async\" width=\"300\" height=\"300\" src=\"https:\/\/www.oxypharm.net\/wp-content\/uploads\/2022\/02\/alphaclean_principale-300x300.png\" class=\"vc_single_image-img attachment-thumbnail\" alt=\"\" title=\"alphaclean_principale\" srcset=\"https:\/\/www.oxypharm.net\/wp-content\/uploads\/2022\/02\/alphaclean_principale-300x300.png 300w, https:\/\/www.oxypharm.net\/wp-content\/uploads\/2022\/02\/alphaclean_principale-1200x1200.png 1200w, https:\/\/www.oxypharm.net\/wp-content\/uploads\/2022\/02\/alphaclean_principale-1920x1920.png 1920w\" sizes=\"auto, (max-width: 300px) 100vw, 300px\"><\/a>\n\t\t<\/figure>\n\t<\/div>\n\n\t<div class=\"wpb_text_column wpb_content_element\">\n\t\t<div class=\"wpb_wrapper\">\n\t\t\t<p class=\"p1\" style=\"text-align: center;\"><a class=\"btn\" href=\"\/pt-pt\/alphaclean\/alpha-clean\/\">Alpha Clean<\/a><\/p>\n\n\t\t<\/div>\n\t<\/div>\n<\/div><\/div><\/div><\/div>\r\n<\/div>[\/vc_column][vc_column width=&#8221;1\/4&#8243;][\/vc_column][vc_column width=&#8221;1\/4&#8243;][\/vc_column][vc_column width=&#8221;1\/4&#8243;][\/vc_column][\/vc_row][vc_row css=&#8221;.vc_custom_1659632136278{margin-bottom: 30px !important;}&#8221;][vc_column][vc_custom_heading text=&#8221;Solu\u00e7\u00e3o&#8221; font_container=&#8221;tag:h4|text_align:left&#8221; use_theme_fonts=&#8221;yes&#8221; css=&#8221;.vc_custom_1659969655467{margin-bottom: 30px !important;}&#8221;][\/vc_column][\/vc_row][vc_row content_placement=&#8221;bottom&#8221; css=&#8221;.vc_custom_1659626781494{margin-bottom: 60px !important;}&#8221;][vc_column width=&#8221;1\/4&#8243;]<div class=\"templatera_shortcode\"><div class=\"vc_row wpb_row vc_row-fluid mpc-row\"><div class=\"wpb_column vc_column_container vc_col-sm-12 mpc-column\" data-column-id=\"mpc_column-576a045371a4a81\"><div class=\"vc_column-inner\"><div class=\"wpb_wrapper\">\n\t<div class=\"wpb_single_image wpb_content_element vc_align_center wpb_content_element\">\n\t\t\n\t\t<figure class=\"wpb_wrapper vc_figure\">\n\t\t\t<a href=\"\/pt-pt\/alphaclean\/clean-one\/\" target=\"_self\" class=\"vc_single_image-wrapper   vc_box_border_grey\"><img loading=\"lazy\" decoding=\"async\" width=\"300\" height=\"273\" src=\"https:\/\/www.oxypharm.net\/wp-content\/uploads\/2022\/02\/clean_one-300x273.png\" class=\"vc_single_image-img attachment-thumbnail\" alt=\"\" title=\"clean_one\" srcset=\"https:\/\/www.oxypharm.net\/wp-content\/uploads\/2022\/02\/clean_one-300x273.png 300w, https:\/\/www.oxypharm.net\/wp-content\/uploads\/2022\/02\/clean_one.png 943w\" sizes=\"auto, (max-width: 300px) 100vw, 300px\"><\/a>\n\t\t<\/figure>\n\t<\/div>\n\n\t<div class=\"wpb_text_column wpb_content_element\">\n\t\t<div class=\"wpb_wrapper\">\n\t\t\t<p class=\"p1\" style=\"text-align: center;\"><a class=\"btn\" href=\"\/pt-pt\/alphaclean\/clean-one\/\">Clean One<\/a><\/p>\n\n\t\t<\/div>\n\t<\/div>\n<\/div><\/div><\/div><\/div><\/div>[\/vc_column][vc_column width=&#8221;1\/4&#8243;][\/vc_column][vc_column width=&#8221;1\/4&#8243;][\/vc_column][vc_column width=&#8221;1\/4&#8243;][\/vc_column][\/vc_row][vc_column width=&#8221;1\/3&#8243; css=&#8221;.vc_custom_1635215436755{margin-bottom: 0px !important;padding-bottom: 0px !important;}&#8221;][\/vc_column]<\/p>\n<\/div>","protected":false},"excerpt":{"rendered":"","protected":false},"author":1,"featured_media":0,"parent":0,"menu_order":0,"comment_status":"closed","ping_status":"closed","template":"","meta":{"_acf_changed":false,"footnotes":""},"class_list":["post-9571","page","type-page","status-publish","hentry"],"acf":[],"yoast_head":"<!-- This site is optimized with the Yoast SEO plugin v26.1.1 - https:\/\/yoast.com\/wordpress\/plugins\/seo\/ -->\n<title>Alphaclean - Oxy&#039;Pharm<\/title>\n<meta name=\"robots\" content=\"index, follow, max-snippet:-1, max-image-preview:large, max-video-preview:-1\" \/>\n<link rel=\"canonical\" href=\"https:\/\/www.oxypharm.net\/pt-pt\/alphaclean\/\" \/>\n<meta property=\"og:locale\" content=\"pt_PT\" \/>\n<meta property=\"og:type\" content=\"article\" \/>\n<meta property=\"og:title\" content=\"Alphaclean - Oxy&#039;Pharm\" \/>\n<meta property=\"og:url\" content=\"https:\/\/www.oxypharm.net\/pt-pt\/alphaclean\/\" \/>\n<meta property=\"og:site_name\" content=\"Oxy&#039;Pharm\" \/>\n<meta property=\"article:publisher\" content=\"https:\/\/www.facebook.com\/profile.php?id=100065087790394\" \/>\n<meta property=\"article:modified_time\" content=\"2025-10-01T16:00:49+00:00\" \/>\n<meta name=\"twitter:card\" content=\"summary_large_image\" \/>\n<meta name=\"twitter:site\" content=\"@OxyPharm\" \/>\n<meta name=\"twitter:label1\" content=\"Est. reading time\" \/>\n\t<meta name=\"twitter:data1\" content=\"3 minutes\" \/>\n<script type=\"application\/ld+json\" class=\"yoast-schema-graph\">{\"@context\":\"https:\/\/schema.org\",\"@graph\":[{\"@type\":\"WebPage\",\"@id\":\"https:\/\/www.oxypharm.net\/pt-pt\/alphaclean\/\",\"url\":\"https:\/\/www.oxypharm.net\/pt-pt\/alphaclean\/\",\"name\":\"Alphaclean - Oxy&#039;Pharm\",\"isPartOf\":{\"@id\":\"https:\/\/www.oxypharm.net\/#website\"},\"datePublished\":\"2022-09-26T11:51:19+00:00\",\"dateModified\":\"2025-10-01T16:00:49+00:00\",\"breadcrumb\":{\"@id\":\"https:\/\/www.oxypharm.net\/pt-pt\/alphaclean\/#breadcrumb\"},\"inLanguage\":\"pt-PT\",\"potentialAction\":[{\"@type\":\"ReadAction\",\"target\":[\"https:\/\/www.oxypharm.net\/pt-pt\/alphaclean\/\"]}]},{\"@type\":\"BreadcrumbList\",\"@id\":\"https:\/\/www.oxypharm.net\/pt-pt\/alphaclean\/#breadcrumb\",\"itemListElement\":[{\"@type\":\"ListItem\",\"position\":1,\"name\":\"Accueil\",\"item\":\"https:\/\/www.oxypharm.net\/pt-pt\/\"},{\"@type\":\"ListItem\",\"position\":2,\"name\":\"Alphaclean\"}]},{\"@type\":\"WebSite\",\"@id\":\"https:\/\/www.oxypharm.net\/#website\",\"url\":\"https:\/\/www.oxypharm.net\/\",\"name\":\"Oxy&#039;Pharm\",\"description\":\"\",\"publisher\":{\"@id\":\"https:\/\/www.oxypharm.net\/#organization\"},\"potentialAction\":[{\"@type\":\"SearchAction\",\"target\":{\"@type\":\"EntryPoint\",\"urlTemplate\":\"https:\/\/www.oxypharm.net\/?s={search_term_string}\"},\"query-input\":{\"@type\":\"PropertyValueSpecification\",\"valueRequired\":true,\"valueName\":\"search_term_string\"}}],\"inLanguage\":\"pt-PT\"},{\"@type\":\"Organization\",\"@id\":\"https:\/\/www.oxypharm.net\/#organization\",\"name\":\"Oxy'pharm\",\"alternateName\":\"Oxypharm\",\"url\":\"https:\/\/www.oxypharm.net\/\",\"logo\":{\"@type\":\"ImageObject\",\"inLanguage\":\"pt-PT\",\"@id\":\"https:\/\/www.oxypharm.net\/#\/schema\/logo\/image\/\",\"url\":\"https:\/\/www.oxypharm.net\/wp-content\/uploads\/2023\/06\/Logo-Medtradex-Oxypharm.jpg\",\"contentUrl\":\"https:\/\/www.oxypharm.net\/wp-content\/uploads\/2023\/06\/Logo-Medtradex-Oxypharm.jpg\",\"width\":500,\"height\":500,\"caption\":\"Oxy'pharm\"},\"image\":{\"@id\":\"https:\/\/www.oxypharm.net\/#\/schema\/logo\/image\/\"},\"sameAs\":[\"https:\/\/www.facebook.com\/profile.php?id=100065087790394\",\"https:\/\/x.com\/OxyPharm\",\"https:\/\/www.instagram.com\/oxy_pharm\/\",\"https:\/\/www.linkedin.com\/company\/oxy-pharm\/\",\"https:\/\/www.youtube.com\/channel\/UCwTjwWFZWcMdPPlvkTuiurw\"]}]}<\/script>\n<!-- \/ Yoast SEO plugin. -->","yoast_head_json":{"title":"Alphaclean - Oxy&#039;Pharm","robots":{"index":"index","follow":"follow","max-snippet":"max-snippet:-1","max-image-preview":"max-image-preview:large","max-video-preview":"max-video-preview:-1"},"canonical":"https:\/\/www.oxypharm.net\/pt-pt\/alphaclean\/","og_locale":"pt_PT","og_type":"article","og_title":"Alphaclean - Oxy&#039;Pharm","og_url":"https:\/\/www.oxypharm.net\/pt-pt\/alphaclean\/","og_site_name":"Oxy&#039;Pharm","article_publisher":"https:\/\/www.facebook.com\/profile.php?id=100065087790394","article_modified_time":"2025-10-01T16:00:49+00:00","twitter_card":"summary_large_image","twitter_site":"@OxyPharm","twitter_misc":{"Est. reading time":"3 minutes"},"schema":{"@context":"https:\/\/schema.org","@graph":[{"@type":"WebPage","@id":"https:\/\/www.oxypharm.net\/pt-pt\/alphaclean\/","url":"https:\/\/www.oxypharm.net\/pt-pt\/alphaclean\/","name":"Alphaclean - Oxy&#039;Pharm","isPartOf":{"@id":"https:\/\/www.oxypharm.net\/#website"},"datePublished":"2022-09-26T11:51:19+00:00","dateModified":"2025-10-01T16:00:49+00:00","breadcrumb":{"@id":"https:\/\/www.oxypharm.net\/pt-pt\/alphaclean\/#breadcrumb"},"inLanguage":"pt-PT","potentialAction":[{"@type":"ReadAction","target":["https:\/\/www.oxypharm.net\/pt-pt\/alphaclean\/"]}]},{"@type":"BreadcrumbList","@id":"https:\/\/www.oxypharm.net\/pt-pt\/alphaclean\/#breadcrumb","itemListElement":[{"@type":"ListItem","position":1,"name":"Accueil","item":"https:\/\/www.oxypharm.net\/pt-pt\/"},{"@type":"ListItem","position":2,"name":"Alphaclean"}]},{"@type":"WebSite","@id":"https:\/\/www.oxypharm.net\/#website","url":"https:\/\/www.oxypharm.net\/","name":"Oxy&#039;Pharm","description":"","publisher":{"@id":"https:\/\/www.oxypharm.net\/#organization"},"potentialAction":[{"@type":"SearchAction","target":{"@type":"EntryPoint","urlTemplate":"https:\/\/www.oxypharm.net\/?s={search_term_string}"},"query-input":{"@type":"PropertyValueSpecification","valueRequired":true,"valueName":"search_term_string"}}],"inLanguage":"pt-PT"},{"@type":"Organization","@id":"https:\/\/www.oxypharm.net\/#organization","name":"Oxy'pharm","alternateName":"Oxypharm","url":"https:\/\/www.oxypharm.net\/","logo":{"@type":"ImageObject","inLanguage":"pt-PT","@id":"https:\/\/www.oxypharm.net\/#\/schema\/logo\/image\/","url":"https:\/\/www.oxypharm.net\/wp-content\/uploads\/2023\/06\/Logo-Medtradex-Oxypharm.jpg","contentUrl":"https:\/\/www.oxypharm.net\/wp-content\/uploads\/2023\/06\/Logo-Medtradex-Oxypharm.jpg","width":500,"height":500,"caption":"Oxy'pharm"},"image":{"@id":"https:\/\/www.oxypharm.net\/#\/schema\/logo\/image\/"},"sameAs":["https:\/\/www.facebook.com\/profile.php?id=100065087790394","https:\/\/x.com\/OxyPharm","https:\/\/www.instagram.com\/oxy_pharm\/","https:\/\/www.linkedin.com\/company\/oxy-pharm\/","https:\/\/www.youtube.com\/channel\/UCwTjwWFZWcMdPPlvkTuiurw"]}]}},"_links":{"self":[{"href":"https:\/\/www.oxypharm.net\/pt-pt\/wp-json\/wp\/v2\/pages\/9571","targetHints":{"allow":["GET"]}}],"collection":[{"href":"https:\/\/www.oxypharm.net\/pt-pt\/wp-json\/wp\/v2\/pages"}],"about":[{"href":"https:\/\/www.oxypharm.net\/pt-pt\/wp-json\/wp\/v2\/types\/page"}],"author":[{"embeddable":true,"href":"https:\/\/www.oxypharm.net\/pt-pt\/wp-json\/wp\/v2\/users\/1"}],"replies":[{"embeddable":true,"href":"https:\/\/www.oxypharm.net\/pt-pt\/wp-json\/wp\/v2\/comments?post=9571"}],"version-history":[{"count":9,"href":"https:\/\/www.oxypharm.net\/pt-pt\/wp-json\/wp\/v2\/pages\/9571\/revisions"}],"predecessor-version":[{"id":23295,"href":"https:\/\/www.oxypharm.net\/pt-pt\/wp-json\/wp\/v2\/pages\/9571\/revisions\/23295"}],"wp:attachment":[{"href":"https:\/\/www.oxypharm.net\/pt-pt\/wp-json\/wp\/v2\/media?parent=9571"}],"curies":[{"name":"wp","href":"https:\/\/api.w.org\/{rel}","templated":true}]}}