{"id":9439,"date":"2022-09-26T11:50:59","date_gmt":"2022-09-26T11:50:59","guid":{"rendered":"https:\/\/preprod.oxypharm.net\/o-grupo\/sobre-nos\/"},"modified":"2023-04-14T14:16:47","modified_gmt":"2023-04-14T14:16:47","slug":"sobre-nos","status":"publish","type":"page","link":"https:\/\/www.oxypharm.net\/pt-pt\/o-grupo\/sobre-nos\/","title":{"rendered":"Sobre n\u00f3s"},"content":{"rendered":"<div class=\"wpb-content-wrapper\"><p>[vc_row full_width=&#8221;stretch_row&#8221; el_class=&#8221;hero&#8221; css=&#8221;.vc_custom_1634551092541{margin-bottom: 65px !important;padding-top: 50px !important;padding-bottom: 0px !important;}&#8221;][vc_column][vc_custom_heading text=&#8221;Sobre n\u00f3s&#8221; font_container=&#8221;tag:h1|text_align:left&#8221; google_fonts=&#8221;font_family:Raleway%3A100%2C200%2C300%2Cregular%2C500%2C600%2C700%2C800%2C900|font_style:900%20bold%20regular%3A900%3Anormal&#8221;][vc_column_text]<a href=\"\/\">P\u00e1gina Inicial<\/a> &gt; Sobre n\u00f3s[\/vc_column_text][\/vc_column][\/vc_row][vc_row css=&#8221;.vc_custom_1634550143177{margin-top: 30px !important;}&#8221;][vc_column width=&#8221;1\/4&#8243; el_class=&#8221;icon-text&#8221;][vc_icon icon_fontawesome=&#8221;fas fa-globe-americas&#8221; color=&#8221;sandy_brown&#8221; size=&#8221;lg&#8221; align=&#8221;center&#8221;][vc_column_text effects_enabled_delay=&#8221;&#8221; css=&#8221;.vc_custom_1650383017535{margin-top: 0px !important;}&#8221;]<\/p>\n<h4 class=\"p1\" style=\"text-align: center;\">Proximidade<\/h4>\n<p style=\"text-align: center;\">As nossas equipas est\u00e3o presentes em Fran\u00e7a e no estrangeiro, para lhe oferecer um servi\u00e7o de qualidade.<\/p>\n<p>[\/vc_column_text][\/vc_column][vc_column width=&#8221;1\/4&#8243; el_class=&#8221;icon-text&#8221;][vc_icon icon_fontawesome=&#8221;fab fa-gratipay&#8221; color=&#8221;sandy_brown&#8221; size=&#8221;lg&#8221; align=&#8221;center&#8221;][vc_column_text effects_enabled_delay=&#8221;&#8221; css=&#8221;.vc_custom_1650383008054{margin-top: 0px !important;}&#8221;]<\/p>\n<h4 style=\"text-align: center;\">Adaptabilidade<\/h4>\n<p style=\"text-align: center;\">Porque cada pedido \u00e9 \u00fanico, desenvolvemos solu\u00e7\u00f5es adaptadas \u00e0 sua atividade.<\/p>\n<p>[\/vc_column_text][\/vc_column][vc_column width=&#8221;1\/4&#8243; el_class=&#8221;icon-text&#8221;][vc_icon icon_fontawesome=&#8221;fas fa-shield-alt&#8221; color=&#8221;sandy_brown&#8221; size=&#8221;lg&#8221; align=&#8221;center&#8221;][vc_column_text effects_enabled_delay=&#8221;&#8221; css=&#8221;.vc_custom_1650382994943{margin-top: 0px !important;}&#8221;]<\/p>\n<h4 class=\"p1\" style=\"text-align: center;\">Seguran\u00e7a<\/h4>\n<p style=\"text-align: center;\">As nossas solu\u00e7\u00f5es cumprem as normas atuais para lhe garantir fiabilidade e efici\u00eancia irrepreens\u00edveis.<\/p>\n<p>[\/vc_column_text][\/vc_column][vc_column width=&#8221;1\/4&#8243; el_class=&#8221;icon-text&#8221;][vc_icon icon_fontawesome=&#8221;fas fa-tree&#8221; color=&#8221;sandy_brown&#8221; size=&#8221;lg&#8221; align=&#8221;center&#8221;][vc_column_text effects_enabled_delay=&#8221;&#8221; css=&#8221;.vc_custom_1650011719920{margin-top: 0px !important;}&#8221;]<\/p>\n<h4 class=\"p1\" style=\"text-align: center;\">Empenhado<\/h4>\n<p style=\"text-align: center;\">As nossas solu\u00e7\u00f5es foram concebidas com a responsabilidade ecol\u00f3gica em mente para nos manter no rumo de um futuro verde!<\/p>\n<p>[\/vc_column_text][\/vc_column][vc_column css=&#8221;.vc_custom_1649406379813{padding-top: 40px !important;}&#8221;][\/vc_column][\/vc_row][vc_row full_width=&#8221;stretch_row&#8221; enable_parallax=&#8221;true&#8221; parallax=&#8221;content-moving&#8221; css=&#8221;.vc_custom_1646825602658{margin-bottom: 50px !important;padding-top: 240px !important;padding-bottom: 240px !important;background-image: url(https:\/\/www.oxypharm.net\/wp-content\/uploads\/2022\/03\/batiment_oxypharm.jpg?id=2949) !important;background-position: center !important;background-repeat: no-repeat !important;background-size: cover !important;}&#8221;][vc_column][\/vc_column][\/vc_row][vc_row css=&#8221;.vc_custom_1634551265374{margin-bottom: 60px !important;}&#8221;][vc_column][vc_custom_heading text=&#8221;O grupo Oxy&#8217;Pharm<br \/>\nem poucas palavras&#8230;&#8221; use_theme_fonts=&#8221;yes&#8221;][\/vc_column][\/vc_row][vc_row css=&#8221;.vc_custom_1634551587272{margin-bottom: 20px !important;}&#8221;][vc_column][vc_column_text el_class=&#8221;intro&#8221;]<\/p>\n<h4 class=\"p1\">Atualmente<\/h4>\n<p>[\/vc_column_text][vc_column_text el_class=&#8221;intro&#8221;]<\/p>\n<p class=\"p1\">Originalmente reconhecido no mundo inteiro pelo seu conceito de desinfe\u00e7\u00e3o das superf\u00edcies por via a\u00e9rea(ASD), o grupo pode hoje assegurar toda a cadeia de biolimpeza gra\u00e7as a uma vasta gama de solu\u00e7\u00f5es que v\u00e3o desde a limpeza \u00e0 desinfe\u00e7\u00e3o, passando pela pr\u00e9-desinfe\u00e7\u00e3o. <strong>A Oxy&#8217;Pharm \u00e9 capaz de transformar uma cozinha num bloco operat\u00f3rio!<\/strong> O seu know-how permite-lhe atender \u00e0s necessidades espec\u00edficas dos clientes, independentemente do setor de atividade (sa\u00fade, agroalimentar, farmac\u00eautico, entidades locais, etc.).<\/p>\n<p class=\"p1\"><span data-sheets-value=\"{\" data-sheets-userformat=\"{\">Precursor em higiene \u00abverde\u00bb, todas as solu\u00e7\u00f5es oferecidas s\u00e3o ambientalmente respons\u00e1veis, biodegrad\u00e1veis e seguras para os seres humanos. A qualidade de todas estas solu\u00e7\u00f5es \u00e9 cientificamente comprovada por testes laboratoriais in vivo e in vitro, levando o grupo a cumprir todas as normas e certifica\u00e7\u00f5es existentes no mercado. <\/span><\/p>\n<p>[\/vc_column_text][vc_column_text el_class=&#8221;intro&#8221;]<\/p>\n<h4 class=\"p1\">Uma combina\u00e7\u00e3o vencedora<\/h4>\n<p>[\/vc_column_text][vc_column_text el_class=&#8221;intro&#8221;]<\/p>\n<p class=\"p1\"><span data-sheets-value=\"{\" data-sheets-userformat=\"{\">No fim de 2019, a Oxy&#8217;Pharm fundiu-se com a Sanivap, o especialista franc\u00eas em biolimpeza a vapor, cujas solu\u00e7\u00f5es s\u00e3o certificadas de acordo com a norma NF T72-110. Esta aquisi\u00e7\u00e3o tornou poss\u00edvel oferecer uma gama global de produtos para a limpeza e desinfe\u00e7\u00e3o ecol\u00f3gica de superf\u00edcies, altamente eficazes contra todos os agentes patog\u00e9nicos, incluindo os coronav\u00edrus humanos. <strong>Uma combina\u00e7\u00e3o vencedora para o grupo, uma vez que a associa\u00e7\u00e3o de duas tecnologias complementares encontrou imediatamente aplica\u00e7\u00f5es concretas no terreno. <\/strong><\/span><\/p>\n<p>[\/vc_column_text][\/vc_column][\/vc_row][vc_row][vc_column width=&#8221;1\/4&#8243;]<div data-id=\"mpc_counter-8369f252a5e9c95\" class=\"mpc-counter mpc-init mpc-transition mpc-waypoint mpc-counter--style_1 mpc-align--center \" ><div class=\"mpc-counter__counter mpc-typography--preset_1\"><div class=\"mpc-counter--target\" data-options=\"{&quot;useEasing&quot;:true,&quot;value&quot;:2003,&quot;initial&quot;:639,&quot;duration&quot;:2,&quot;delay&quot;:0,&quot;decimals&quot;:0,&quot;separator&quot;:&quot;&quot;,&quot;decimal&quot;:&quot;&quot;}\" data-to=\"2003\">639<\/div><div class=\"mpc-counter--sizer\">2003<\/div><\/div><div data-id=\"mpc_divider-1669f252a5e9cf9\" class=\"mpc-divider-wrap\"><div class=\"mpc-divider mpc-init mpc-align--center mpc-disable--left \" ><div class=\"mpc-divider__line mpc-side--left\"><span><\/span><\/div><div class=\"mpc-divider__line mpc-side--right\"><span><\/span><\/div><\/div><\/div><h3 class=\"mpc-counter__heading mpc-typography--preset_0\">Cria\u00e7\u00e3o do sociedade<\/h3><\/div>[\/vc_column][vc_column width=&#8221;1\/4&#8243; el_class=&#8221;connaitre-percent&#8221;]<div data-id=\"mpc_counter-8869f252a5e9dbb\" class=\"mpc-counter mpc-init mpc-transition mpc-waypoint mpc-counter--style_1 mpc-align--center \" ><div class=\"mpc-counter__counter mpc-typography--preset_1\"><div class=\"mpc-counter--target\" data-options=\"{&quot;useEasing&quot;:true,&quot;value&quot;:100,&quot;initial&quot;:31,&quot;duration&quot;:2,&quot;delay&quot;:0,&quot;decimals&quot;:0,&quot;separator&quot;:&quot;&quot;,&quot;decimal&quot;:&quot;&quot;}\" data-to=\"100\">31<\/div><div class=\"mpc-counter--sizer\">100<\/div><\/div><div data-id=\"mpc_divider-269f252a5e9df9\" class=\"mpc-divider-wrap\"><div class=\"mpc-divider mpc-init mpc-align--center mpc-disable--left \" ><div class=\"mpc-divider__line mpc-side--left\"><span><\/span><\/div><div class=\"mpc-divider__line mpc-side--right\"><span><\/span><\/div><\/div><\/div><h3 class=\"mpc-counter__heading mpc-typography--preset_0\">fabricante franc\u00eas<\/h3><\/div>[\/vc_column][vc_column width=&#8221;1\/4&#8243; el_class=&#8221;connaitre-percent&#8221;]<div data-id=\"mpc_counter-7869f252a5e9ea5\" class=\"mpc-counter mpc-init mpc-transition mpc-waypoint mpc-counter--style_1 mpc-align--center \" ><div class=\"mpc-counter__counter mpc-typography--preset_1\"><div class=\"mpc-counter--target\" data-options=\"{&quot;useEasing&quot;:true,&quot;value&quot;:80,&quot;initial&quot;:73,&quot;duration&quot;:2,&quot;delay&quot;:0,&quot;decimals&quot;:0,&quot;separator&quot;:&quot;&quot;,&quot;decimal&quot;:&quot;&quot;}\" data-to=\"80\">73<\/div><div class=\"mpc-counter--sizer\">80<\/div><\/div><div data-id=\"mpc_divider-3569f252a5e9ee0\" class=\"mpc-divider-wrap\"><div class=\"mpc-divider mpc-init mpc-align--center mpc-disable--left \" ><div class=\"mpc-divider__line mpc-side--left\"><span><\/span><\/div><div class=\"mpc-divider__line mpc-side--right\"><span><\/span><\/div><\/div><\/div><h3 class=\"mpc-counter__heading mpc-typography--preset_0\">de VN na exporta\u00e7\u00e3o<\/h3><\/div>[\/vc_column][vc_column width=&#8221;1\/4&#8243;]<div data-id=\"mpc_counter-7469f252a5e9f86\" class=\"mpc-counter mpc-init mpc-transition mpc-waypoint mpc-counter--style_1 mpc-align--center \" ><div class=\"mpc-counter__counter mpc-typography--preset_1\"><div class=\"mpc-counter--target\" data-options=\"{&quot;useEasing&quot;:true,&quot;value&quot;:120,&quot;initial&quot;:41,&quot;duration&quot;:2,&quot;delay&quot;:0,&quot;decimals&quot;:0,&quot;separator&quot;:&quot;&quot;,&quot;decimal&quot;:&quot;&quot;}\" data-to=\"120\">41<\/div><div class=\"mpc-counter--sizer\">120<\/div><\/div><div data-id=\"mpc_divider-269f252a5e9fbe\" class=\"mpc-divider-wrap\"><div class=\"mpc-divider mpc-init mpc-align--center mpc-disable--left \" ><div class=\"mpc-divider__line mpc-side--left\"><span><\/span><\/div><div class=\"mpc-divider__line mpc-side--right\"><span><\/span><\/div><\/div><\/div><h3 class=\"mpc-counter__heading mpc-typography--preset_0\">pa\u00edses<\/h3><\/div>[\/vc_column][\/vc_row]<\/p>\n<\/div>","protected":false},"excerpt":{"rendered":"<p>[vc_row full_width=&#8221;stretch_row&#8221; el_class=&#8221;hero&#8221; css=&#8221;.vc_custom_1634551092541{margin-bottom: 65px !important;padding-top: 50px !important;padding-bottom: 0px !important;}&#8221;][vc_column][vc_custom_heading text=&#8221;Sobre n\u00f3s&#8221; font_container=&#8221;tag:h1|text_align:left&#8221; google_fonts=&#8221;font_family:Raleway%3A100%2C200%2C300%2Cregular%2C500%2C600%2C700%2C800%2C900|font_style:900%20bold%20regular%3A900%3Anormal&#8221;][vc_column_text]P\u00e1gina Inicial &gt; Sobre n\u00f3s[\/vc_column_text][\/vc_column][\/vc_row][vc_row css=&#8221;.vc_custom_1634550143177{margin-top: 30px<\/p>\n","protected":false},"author":1,"featured_media":0,"parent":9397,"menu_order":0,"comment_status":"closed","ping_status":"closed","template":"","meta":{"_acf_changed":false,"footnotes":""},"class_list":["post-9439","page","type-page","status-publish","hentry"],"acf":[],"yoast_head":"<!-- This site is optimized with the Yoast SEO plugin v26.1.1 - https:\/\/yoast.com\/wordpress\/plugins\/seo\/ -->\n<title>Sobre n\u00f3s - Oxy&#039;Pharm<\/title>\n<meta name=\"robots\" content=\"index, follow, max-snippet:-1, max-image-preview:large, max-video-preview:-1\" \/>\n<link rel=\"canonical\" href=\"https:\/\/www.oxypharm.net\/pt-pt\/o-grupo\/sobre-nos\/\" \/>\n<meta property=\"og:locale\" content=\"pt_PT\" \/>\n<meta property=\"og:type\" content=\"article\" \/>\n<meta property=\"og:title\" content=\"Sobre n\u00f3s - Oxy&#039;Pharm\" \/>\n<meta property=\"og:description\" content=\"[vc_row full_width=&#8221;stretch_row&#8221; el_class=&#8221;hero&#8221; css=&#8221;.vc_custom_1634551092541{margin-bottom: 65px !important;padding-top: 50px !important;padding-bottom: 0px !important;}&#8221;][vc_column][vc_custom_heading text=&#8221;Sobre n\u00f3s&#8221; font_container=&#8221;tag:h1|text_align:left&#8221; google_fonts=&#8221;font_family:Raleway%3A100%2C200%2C300%2Cregular%2C500%2C600%2C700%2C800%2C900|font_style:900%20bold%20regular%3A900%3Anormal&#8221;][vc_column_text]P\u00e1gina Inicial &gt; Sobre n\u00f3s[\/vc_column_text][\/vc_column][\/vc_row][vc_row css=&#8221;.vc_custom_1634550143177{margin-top: 30px\" \/>\n<meta property=\"og:url\" content=\"https:\/\/www.oxypharm.net\/pt-pt\/o-grupo\/sobre-nos\/\" \/>\n<meta property=\"og:site_name\" content=\"Oxy&#039;Pharm\" \/>\n<meta property=\"article:publisher\" content=\"https:\/\/www.facebook.com\/profile.php?id=100065087790394\" \/>\n<meta property=\"article:modified_time\" content=\"2023-04-14T14:16:47+00:00\" \/>\n<meta name=\"twitter:card\" content=\"summary_large_image\" \/>\n<meta name=\"twitter:site\" content=\"@OxyPharm\" \/>\n<meta name=\"twitter:label1\" content=\"Est. reading time\" \/>\n\t<meta name=\"twitter:data1\" content=\"5 minutes\" \/>\n<script type=\"application\/ld+json\" class=\"yoast-schema-graph\">{\"@context\":\"https:\/\/schema.org\",\"@graph\":[{\"@type\":\"WebPage\",\"@id\":\"https:\/\/www.oxypharm.net\/pt-pt\/o-grupo\/sobre-nos\/\",\"url\":\"https:\/\/www.oxypharm.net\/pt-pt\/o-grupo\/sobre-nos\/\",\"name\":\"Sobre n\u00f3s - Oxy&#039;Pharm\",\"isPartOf\":{\"@id\":\"https:\/\/www.oxypharm.net\/#website\"},\"datePublished\":\"2022-09-26T11:50:59+00:00\",\"dateModified\":\"2023-04-14T14:16:47+00:00\",\"breadcrumb\":{\"@id\":\"https:\/\/www.oxypharm.net\/pt-pt\/o-grupo\/sobre-nos\/#breadcrumb\"},\"inLanguage\":\"pt-PT\",\"potentialAction\":[{\"@type\":\"ReadAction\",\"target\":[\"https:\/\/www.oxypharm.net\/pt-pt\/o-grupo\/sobre-nos\/\"]}]},{\"@type\":\"BreadcrumbList\",\"@id\":\"https:\/\/www.oxypharm.net\/pt-pt\/o-grupo\/sobre-nos\/#breadcrumb\",\"itemListElement\":[{\"@type\":\"ListItem\",\"position\":1,\"name\":\"Accueil\",\"item\":\"https:\/\/www.oxypharm.net\/pt-pt\/\"},{\"@type\":\"ListItem\",\"position\":2,\"name\":\"O Grupo\",\"item\":\"https:\/\/www.oxypharm.net\/pt-pt\/o-grupo\/\"},{\"@type\":\"ListItem\",\"position\":3,\"name\":\"Sobre n\u00f3s\"}]},{\"@type\":\"WebSite\",\"@id\":\"https:\/\/www.oxypharm.net\/#website\",\"url\":\"https:\/\/www.oxypharm.net\/\",\"name\":\"Oxy&#039;Pharm\",\"description\":\"\",\"publisher\":{\"@id\":\"https:\/\/www.oxypharm.net\/#organization\"},\"potentialAction\":[{\"@type\":\"SearchAction\",\"target\":{\"@type\":\"EntryPoint\",\"urlTemplate\":\"https:\/\/www.oxypharm.net\/?s={search_term_string}\"},\"query-input\":{\"@type\":\"PropertyValueSpecification\",\"valueRequired\":true,\"valueName\":\"search_term_string\"}}],\"inLanguage\":\"pt-PT\"},{\"@type\":\"Organization\",\"@id\":\"https:\/\/www.oxypharm.net\/#organization\",\"name\":\"Oxy'pharm\",\"alternateName\":\"Oxypharm\",\"url\":\"https:\/\/www.oxypharm.net\/\",\"logo\":{\"@type\":\"ImageObject\",\"inLanguage\":\"pt-PT\",\"@id\":\"https:\/\/www.oxypharm.net\/#\/schema\/logo\/image\/\",\"url\":\"https:\/\/www.oxypharm.net\/wp-content\/uploads\/2023\/06\/Logo-Medtradex-Oxypharm.jpg\",\"contentUrl\":\"https:\/\/www.oxypharm.net\/wp-content\/uploads\/2023\/06\/Logo-Medtradex-Oxypharm.jpg\",\"width\":500,\"height\":500,\"caption\":\"Oxy'pharm\"},\"image\":{\"@id\":\"https:\/\/www.oxypharm.net\/#\/schema\/logo\/image\/\"},\"sameAs\":[\"https:\/\/www.facebook.com\/profile.php?id=100065087790394\",\"https:\/\/x.com\/OxyPharm\",\"https:\/\/www.instagram.com\/oxy_pharm\/\",\"https:\/\/www.linkedin.com\/company\/oxy-pharm\/\",\"https:\/\/www.youtube.com\/channel\/UCwTjwWFZWcMdPPlvkTuiurw\"]}]}<\/script>\n<!-- \/ Yoast SEO plugin. -->","yoast_head_json":{"title":"Sobre n\u00f3s - Oxy&#039;Pharm","robots":{"index":"index","follow":"follow","max-snippet":"max-snippet:-1","max-image-preview":"max-image-preview:large","max-video-preview":"max-video-preview:-1"},"canonical":"https:\/\/www.oxypharm.net\/pt-pt\/o-grupo\/sobre-nos\/","og_locale":"pt_PT","og_type":"article","og_title":"Sobre n\u00f3s - Oxy&#039;Pharm","og_description":"[vc_row full_width=&#8221;stretch_row&#8221; el_class=&#8221;hero&#8221; css=&#8221;.vc_custom_1634551092541{margin-bottom: 65px !important;padding-top: 50px !important;padding-bottom: 0px !important;}&#8221;][vc_column][vc_custom_heading text=&#8221;Sobre n\u00f3s&#8221; font_container=&#8221;tag:h1|text_align:left&#8221; google_fonts=&#8221;font_family:Raleway%3A100%2C200%2C300%2Cregular%2C500%2C600%2C700%2C800%2C900|font_style:900%20bold%20regular%3A900%3Anormal&#8221;][vc_column_text]P\u00e1gina Inicial &gt; Sobre n\u00f3s[\/vc_column_text][\/vc_column][\/vc_row][vc_row css=&#8221;.vc_custom_1634550143177{margin-top: 30px","og_url":"https:\/\/www.oxypharm.net\/pt-pt\/o-grupo\/sobre-nos\/","og_site_name":"Oxy&#039;Pharm","article_publisher":"https:\/\/www.facebook.com\/profile.php?id=100065087790394","article_modified_time":"2023-04-14T14:16:47+00:00","twitter_card":"summary_large_image","twitter_site":"@OxyPharm","twitter_misc":{"Est. reading time":"5 minutes"},"schema":{"@context":"https:\/\/schema.org","@graph":[{"@type":"WebPage","@id":"https:\/\/www.oxypharm.net\/pt-pt\/o-grupo\/sobre-nos\/","url":"https:\/\/www.oxypharm.net\/pt-pt\/o-grupo\/sobre-nos\/","name":"Sobre n\u00f3s - Oxy&#039;Pharm","isPartOf":{"@id":"https:\/\/www.oxypharm.net\/#website"},"datePublished":"2022-09-26T11:50:59+00:00","dateModified":"2023-04-14T14:16:47+00:00","breadcrumb":{"@id":"https:\/\/www.oxypharm.net\/pt-pt\/o-grupo\/sobre-nos\/#breadcrumb"},"inLanguage":"pt-PT","potentialAction":[{"@type":"ReadAction","target":["https:\/\/www.oxypharm.net\/pt-pt\/o-grupo\/sobre-nos\/"]}]},{"@type":"BreadcrumbList","@id":"https:\/\/www.oxypharm.net\/pt-pt\/o-grupo\/sobre-nos\/#breadcrumb","itemListElement":[{"@type":"ListItem","position":1,"name":"Accueil","item":"https:\/\/www.oxypharm.net\/pt-pt\/"},{"@type":"ListItem","position":2,"name":"O Grupo","item":"https:\/\/www.oxypharm.net\/pt-pt\/o-grupo\/"},{"@type":"ListItem","position":3,"name":"Sobre n\u00f3s"}]},{"@type":"WebSite","@id":"https:\/\/www.oxypharm.net\/#website","url":"https:\/\/www.oxypharm.net\/","name":"Oxy&#039;Pharm","description":"","publisher":{"@id":"https:\/\/www.oxypharm.net\/#organization"},"potentialAction":[{"@type":"SearchAction","target":{"@type":"EntryPoint","urlTemplate":"https:\/\/www.oxypharm.net\/?s={search_term_string}"},"query-input":{"@type":"PropertyValueSpecification","valueRequired":true,"valueName":"search_term_string"}}],"inLanguage":"pt-PT"},{"@type":"Organization","@id":"https:\/\/www.oxypharm.net\/#organization","name":"Oxy'pharm","alternateName":"Oxypharm","url":"https:\/\/www.oxypharm.net\/","logo":{"@type":"ImageObject","inLanguage":"pt-PT","@id":"https:\/\/www.oxypharm.net\/#\/schema\/logo\/image\/","url":"https:\/\/www.oxypharm.net\/wp-content\/uploads\/2023\/06\/Logo-Medtradex-Oxypharm.jpg","contentUrl":"https:\/\/www.oxypharm.net\/wp-content\/uploads\/2023\/06\/Logo-Medtradex-Oxypharm.jpg","width":500,"height":500,"caption":"Oxy'pharm"},"image":{"@id":"https:\/\/www.oxypharm.net\/#\/schema\/logo\/image\/"},"sameAs":["https:\/\/www.facebook.com\/profile.php?id=100065087790394","https:\/\/x.com\/OxyPharm","https:\/\/www.instagram.com\/oxy_pharm\/","https:\/\/www.linkedin.com\/company\/oxy-pharm\/","https:\/\/www.youtube.com\/channel\/UCwTjwWFZWcMdPPlvkTuiurw"]}]}},"_links":{"self":[{"href":"https:\/\/www.oxypharm.net\/pt-pt\/wp-json\/wp\/v2\/pages\/9439","targetHints":{"allow":["GET"]}}],"collection":[{"href":"https:\/\/www.oxypharm.net\/pt-pt\/wp-json\/wp\/v2\/pages"}],"about":[{"href":"https:\/\/www.oxypharm.net\/pt-pt\/wp-json\/wp\/v2\/types\/page"}],"author":[{"embeddable":true,"href":"https:\/\/www.oxypharm.net\/pt-pt\/wp-json\/wp\/v2\/users\/1"}],"replies":[{"embeddable":true,"href":"https:\/\/www.oxypharm.net\/pt-pt\/wp-json\/wp\/v2\/comments?post=9439"}],"version-history":[{"count":3,"href":"https:\/\/www.oxypharm.net\/pt-pt\/wp-json\/wp\/v2\/pages\/9439\/revisions"}],"predecessor-version":[{"id":12574,"href":"https:\/\/www.oxypharm.net\/pt-pt\/wp-json\/wp\/v2\/pages\/9439\/revisions\/12574"}],"up":[{"embeddable":true,"href":"https:\/\/www.oxypharm.net\/pt-pt\/wp-json\/wp\/v2\/pages\/9397"}],"wp:attachment":[{"href":"https:\/\/www.oxypharm.net\/pt-pt\/wp-json\/wp\/v2\/media?parent=9439"}],"curies":[{"name":"wp","href":"https:\/\/api.w.org\/{rel}","templated":true}]}}