{"id":15344,"date":"2023-04-20T09:02:27","date_gmt":"2023-04-20T09:02:27","guid":{"rendered":"https:\/\/preprod.oxypharm.net\/nocotech\/nocospray-kube\/"},"modified":"2025-06-10T10:43:36","modified_gmt":"2025-06-10T10:43:36","slug":"nocospray-kube","status":"publish","type":"page","link":"https:\/\/www.oxypharm.net\/pt-pt\/nocotech\/nocospray-kube\/","title":{"rendered":"Nocospray Kube"},"content":{"rendered":"<div class=\"wpb-content-wrapper\"><p>[vc_row full_width=&#8221;stretch_row&#8221; el_class=&#8221;hero&#8221; css=&#8221;.vc_custom_1655716364016{margin-bottom: 0px !important;padding-top: 50px !important;padding-bottom: 0px !important;background-color: #AAC340 !important;}&#8221;][vc_column][vc_custom_heading text=&#8221;Nocospray Kube&#8221; font_container=&#8221;tag:h1|text_align:left|color:%23ffffff&#8221; google_fonts=&#8221;font_family:Raleway%3A100%2C200%2C300%2Cregular%2C500%2C600%2C700%2C800%2C900|font_style:900%20bold%20regular%3A900%3Anormal&#8221; css=&#8221;.vc_custom_1683616221958{margin-bottom: 10px !important;}&#8221;][vc_column_text el_class=&#8221;ariane-white&#8221;]<span style=\"color: white;\"><a class=\"white\" href=\"\/\">P\u00e1gina Inicial<\/a> &gt;\u00a0<a class=\"white\" href=\"\/pt-pt\/solucoes\/\">As nossas solu\u00e7\u00f5es<\/a> &gt; Nocospray Kube<\/span>[\/vc_column_text][\/vc_column][\/vc_row][vc_row full_width=&#8221;stretch_row&#8221; gap=&#8221;35&#8243; equal_height=&#8221;yes&#8221; css=&#8221;.vc_custom_1655716372502{margin-bottom: 60px !important;background-color: #aac340 !important;background-position: center !important;background-repeat: no-repeat !important;background-size: cover !important;}&#8221; el_class=&#8221;row-product&#8221;][vc_column width=&#8221;1\/2&#8243;][vc_column_text el_class=&#8221;intro&#8221;]<span style=\"color: #ffffff;\">O <strong>Nocospray Kube<\/strong> \u00e9 um aparelho compacto, leve e port\u00e1til de biodesinfe\u00e7\u00e3o das superf\u00edcies com tecnologia avan\u00e7ada. Combinado com o nosso produto <strong>Nocolyse<\/strong>, garante a desinfe\u00e7\u00e3o de um espa\u00e7o de 1 a 10 m3.<\/span><\/p>\n<p><span style=\"color: #ffffff;\">\u00a0<\/span>[\/vc_column_text][vc_column_text]<\/p>\n<div class=\"btn-more btn-commercial-rounded\" style=\"text-align: left;\"><button name=\"Hover\" type=\"button\"><a href=\"https:\/\/www.oxypharm.net\/wp-content\/uploads\/2023\/05\/FLY_kube_LQP.pdf\" target=\"_blank\" rel=\"noopener\"><i class=\"mpc-icon-part mpc-regular mpc-transition fa fa-file-pdf-o\"><\/i>Descarregar a brochura<\/a><\/button><\/div>\n<p>[\/vc_column_text][\/vc_column][vc_column width=&#8221;1\/2&#8243; css=&#8221;.vc_custom_1635215436755{margin-bottom: 0px !important;padding-bottom: 0px !important;}&#8221;][vc_single_image image=&#8221;18161&#8243; img_size=&#8221;full&#8221; alignment=&#8221;right&#8221; css=&#8221;.vc_custom_1749552201195{margin-bottom: 60px !important;}&#8221; el_class=&#8221;product-img&#8221;][\/vc_column][\/vc_row][vc_row gap=&#8221;35&#8243; content_placement=&#8221;middle&#8221; css=&#8221;.vc_custom_1655476113017{margin-bottom: 60px !important;}&#8221;][vc_column width=&#8221;1\/2&#8243;][vc_single_image image=&#8221;15165&#8243; img_size=&#8221;full&#8221; alignment=&#8221;center&#8221;][\/vc_column][vc_column width=&#8221;1\/2&#8243;][vc_custom_heading text=&#8221;Compacto e aut\u00f3nomo dedicado aos espa\u00e7os pequenos&#8221; use_theme_fonts=&#8221;yes&#8221; css=&#8221;.vc_custom_1684884343137{margin-bottom: 30px !important;}&#8221;][vc_column_text]<\/p>\n<p class=\"p1\">Para os profissionais que pretendem tratar espa\u00e7os reduzidos: postos de Seguran\u00e7as Microbiol\u00f3gicas (PSM), passa-pratos, c\u00e2mara de transfer\u00eancias, isoladores, refrigeradores, etc. Garante um tratamento dos volumes at\u00e9 10m3. O aparelho \u00e9 leve (3,1 kg) e funciona com uma bateria recarreg\u00e1vel.<\/p>\n<p>[\/vc_column_text][\/vc_column][\/vc_row][vc_row gap=&#8221;35&#8243; content_placement=&#8221;middle&#8221; css=&#8221;.vc_custom_1655476145533{margin-bottom: 60px !important;}&#8221;][vc_column width=&#8221;1\/2&#8243;][vc_custom_heading text=&#8221;Uma difus\u00e3o perfeita&#8221; use_theme_fonts=&#8221;yes&#8221; css=&#8221;.vc_custom_1684884363794{margin-bottom: 30px !important;}&#8221;][vc_column_text]<\/p>\n<p class=\"p1\">As vibra\u00e7\u00f5es ultrarr\u00e1pidas produzidas pela membrana garantem uma difus\u00e3o perfeita do produto. A n\u00e9voa seca gerada garante um tratamento uniforme em cada cm\u00b2 do volume, sem gerar humidade nas superf\u00edcies. A degrada\u00e7\u00e3o natural r\u00e1pida da solu\u00e7\u00e3o Nocolyse n\u00e3o permite qualquer risco de corros\u00e3o das superf\u00edcies, mesmo eletr\u00f3nicas.<\/p>\n<p>[\/vc_column_text][\/vc_column][vc_column width=&#8221;1\/2&#8243;][vc_single_image image=&#8221;15172&#8243; img_size=&#8221;full&#8221; alignment=&#8221;center&#8221;][\/vc_column][\/vc_row][vc_row gap=&#8221;35&#8243; content_placement=&#8221;middle&#8221; css=&#8221;.vc_custom_1655476113017{margin-bottom: 60px !important;}&#8221;][vc_column width=&#8221;1\/2&#8243;][vc_single_image image=&#8221;15179&#8243; img_size=&#8221;full&#8221; alignment=&#8221;center&#8221;][\/vc_column][vc_column width=&#8221;1\/2&#8243;][vc_custom_heading text=&#8221;Uma tecnologia sempre \u00e0 m\u00e3o&#8221; use_theme_fonts=&#8221;yes&#8221; css=&#8221;.vc_custom_1684884380724{margin-bottom: 30px !important;}&#8221;][vc_column_text]<\/p>\n<p class=\"p1\">O Nocospray Kube garante otimiza\u00e7\u00e3o, seguran\u00e7a e rastreabilidade. \u00c9 poss\u00edvel configurar espa\u00e7os espec\u00edficos, atrav\u00e9s do ecr\u00e3 t\u00e1til. A pr\u00e9-configura\u00e7\u00e3o do volume a tratar, da dose, da dura\u00e7\u00e3o de contacto e do n\u00famero de repeti\u00e7\u00f5es \u00e9 adequada a cada espa\u00e7o. O aparelho possui funcionalidades para um tratamento com toda a seguran\u00e7a. Os relat\u00f3rios de rastreabilidade gerados pelo aparelho s\u00e3o recolhidos gra\u00e7as \u00e0 porta USB.<\/p>\n<p>[\/vc_column_text][\/vc_column][\/vc_row][vc_row full_width=&#8221;stretch_row&#8221; gap=&#8221;35&#8243; content_placement=&#8221;middle&#8221; css=&#8221;.vc_custom_1658848676447{margin-bottom: 60px !important;padding-top: 60px !important;padding-bottom: 60px !important;background-color: #aac340 !important;background-position: center !important;background-repeat: no-repeat !important;background-size: cover !important;}&#8221;][vc_column][vc_column_text]<\/p>\n<h3 style=\"text-align: center;\"><span style=\"color: #ffffff;\">O conjunto Nocospray Kube \/ Nocolyse cumpre a norma<\/span><\/h3>\n<h3 style=\"text-align: center;\"><span style=\"color: #ffffff;\">EN 17 272 (bactericida, fungicida, virucida e esporicida).<\/span><\/h3>\n<p>[\/vc_column_text][vc_column_text]<\/p>\n<p style=\"text-align: center;\"><span style=\"color: #ffffff;\"><em>Fabricado em Fran\u00e7a pela Oxy&#8217;Pharm de acordo com a norma ISO 13485.<\/em><\/span><\/p>\n<p>[\/vc_column_text][\/vc_column][\/vc_row][vc_row gap=&#8221;15&#8243; content_placement=&#8221;top&#8221; css=&#8221;.vc_custom_1658837484174{margin-bottom: 60px !important;}&#8221; el_class=&#8221;row-icons&#8221;][vc_column width=&#8221;1\/5&#8243; el_class=&#8221;icon-text&#8221;][\/vc_column][vc_column width=&#8221;1\/5&#8243; el_class=&#8221;icon-text&#8221;][vc_icon icon_fontawesome=&#8221;fas fa-hands&#8221; color=&#8221;white&#8221; background_style=&#8221;rounded&#8221; background_color=&#8221;custom&#8221; size=&#8221;lg&#8221; align=&#8221;center&#8221; css_animation=&#8221;fadeInUp&#8221; custom_background_color=&#8221;#aac340&#8243;][vc_column_text css=&#8221;.vc_custom_1684884455264{margin-top: 0px !important;}&#8221;]<\/p>\n<h5 class=\"p1\" style=\"text-align: center;\"><span style=\"color: #aac340;\">SEM RISCOS<\/span><\/h5>\n<p>[\/vc_column_text][vc_column_text css=&#8221;.vc_custom_1684884470444{margin-top: 0px !important;}&#8221;]<\/p>\n<p style=\"text-align: center;\">Sem res\u00edduos, n\u00e3o corrosivo.<\/p>\n<p>[\/vc_column_text][\/vc_column][vc_column width=&#8221;1\/5&#8243; el_class=&#8221;icon-text&#8221;][vc_icon icon_fontawesome=&#8221;fas fa-shield-alt&#8221; color=&#8221;white&#8221; background_style=&#8221;rounded&#8221; background_color=&#8221;custom&#8221; size=&#8221;lg&#8221; align=&#8221;center&#8221; css_animation=&#8221;fadeInUp&#8221; custom_background_color=&#8221;#aac340&#8243;][vc_column_text css=&#8221;.vc_custom_1684884482550{margin-top: 0px !important;}&#8221;]<\/p>\n<h5 class=\"p1\" style=\"text-align: center;\"><span style=\"color: #aac340;\">EFICAZ<\/span><\/h5>\n<p>[\/vc_column_text][vc_column_text css=&#8221;.vc_custom_1684884500693{margin-top: 0px !important;}&#8221;]<\/p>\n<p style=\"text-align: center;\">Elimina\u00e7\u00e3o total de microrganismos resistentes.<\/p>\n<p>[\/vc_column_text][\/vc_column][vc_column width=&#8221;1\/5&#8243;][vc_icon icon_fontawesome=&#8221;fab fa-pagelines&#8221; color=&#8221;white&#8221; background_style=&#8221;rounded&#8221; background_color=&#8221;custom&#8221; size=&#8221;lg&#8221; align=&#8221;center&#8221; css_animation=&#8221;fadeInUp&#8221; custom_background_color=&#8221;#aac340&#8243;][vc_column_text css=&#8221;.vc_custom_1684884518946{margin-top: 0px !important;}&#8221;]<\/p>\n<h5 class=\"p1\" style=\"text-align: center;\"><span style=\"color: #aac340;\">AMBIENTAL<\/span><\/h5>\n<p>[\/vc_column_text][vc_column_text css=&#8221;.vc_custom_1684884532044{margin-top: 0px !important;}&#8221;]<\/p>\n<p style=\"text-align: center;\">O produto \u00e9 99,9 % biodegrad\u00e1vel.<\/p>\n<p>[\/vc_column_text][\/vc_column][vc_column width=&#8221;1\/5&#8243; el_class=&#8221;icon-text&#8221;][\/vc_column][\/vc_row][vc_row full_width=&#8221;stretch_row&#8221; gap=&#8221;35&#8243; content_placement=&#8221;middle&#8221; css=&#8221;.vc_custom_1658848682752{margin-bottom: 60px !important;padding-top: 60px !important;padding-bottom: 60px !important;background-color: #eaeaea !important;background-position: center !important;background-repeat: no-repeat !important;background-size: cover !important;}&#8221;][vc_column][vc_custom_heading text=&#8221;Caracter\u00edsticas t\u00e9cnicas&#8221; use_theme_fonts=&#8221;yes&#8221; css=&#8221;.vc_custom_1684884545120{margin-bottom: 30px !important;}&#8221;][vc_row_inner][vc_column_inner width=&#8221;1\/2&#8243;][vc_column_text]<\/p>\n<p class=\"p1\">Dimens\u00f5es (C x L x A cm): 21 x 20,5 x 21,7 cm<\/p>\n<p class=\"p1\">Peso sem carga: 3,3 kg<\/p>\n<p class=\"p1\">Volume m\u00e1ximo a tratar: 10 m\u00b3<\/p>\n<p id=\"tw-target-text\" class=\"tw-data-text tw-text-large tw-ta\" dir=\"ltr\" data-placeholder=\"Traduction\"><span class=\"Y2IQFc\" lang=\"pt\">Volume m\u00ednimo a ser tratado: 0,1 m\u00b3<\/span><\/p>\n<p class=\"p1\">D\u00e9bito m\u00e9dio do l\u00edquido: 5 ml\/mn<\/p>\n<p class=\"p1\">Volume sonoro: 55 db<\/p>\n<p>[\/vc_column_text][\/vc_column_inner][vc_column_inner width=&#8221;1\/2&#8243;][vc_column_text]<\/p>\n<p class=\"p1\"><b>Condi\u00e7\u00f5es de armazenamento<span class=\"Apple-converted-space\">\u00a0<\/span><\/b><\/p>\n<p class=\"p1\">Temperatura: 0 \u00b0C a 70 \u00b0C<\/p>\n<p class=\"p1\">Higrometria: 10 % a 95 % de HR sem condensa\u00e7\u00e3o<\/p>\n<p class=\"p1\">Pot\u00eancia: 60 W<\/p>\n<p class=\"p1\">Press\u00e3o atmosf\u00e9rica: 700 a 1060 hPa<\/p>\n<p>[\/vc_column_text][\/vc_column_inner][\/vc_row_inner][\/vc_column][\/vc_row][vc_row css=&#8221;.vc_custom_1655728435997{margin-bottom: 60px !important;}&#8221;][vc_column][vc_custom_heading text=&#8221;Compatibilidades<br \/>\ndo Nocospray Kube&#8221; use_theme_fonts=&#8221;yes&#8221;][\/vc_column][\/vc_row][vc_row css=&#8221;.vc_custom_1635217084022{margin-bottom: 30px !important;}&#8221;][vc_column][vc_custom_heading text=&#8221;DESINFETANTES&#8221; font_container=&#8221;tag:h4|text_align:left|color:%23222f3a&#8221; google_fonts=&#8221;font_family:Raleway%3A100%2C200%2C300%2Cregular%2C500%2C600%2C700%2C800%2C900|font_style:600%20bold%20regular%3A600%3Anormal&#8221;][\/vc_column][\/vc_row][vc_row el_class=&#8221;products-list&#8221; css=&#8221;.vc_custom_1634604899105{margin-bottom: 60px !important;}&#8221;][vc_column width=&#8221;1\/4&#8243;]<div class=\"templatera_shortcode\"><div class=\"vc_row wpb_row vc_row-fluid mpc-row\"><div class=\"wpb_column vc_column_container vc_col-sm-12 mpc-column\" data-column-id=\"mpc_column-669f24cb0ebed8\"><div class=\"vc_column-inner\"><div class=\"wpb_wrapper\">\n\t<div class=\"wpb_single_image wpb_content_element vc_align_center wpb_content_element\">\n\t\t\n\t\t<figure class=\"wpb_wrapper vc_figure\">\n\t\t\t<a href=\"\/pt-pt\/nocotech\/nocolyse\/\" target=\"_self\" class=\"vc_single_image-wrapper   vc_box_border_grey\"><img loading=\"lazy\" decoding=\"async\" width=\"214\" height=\"300\" src=\"https:\/\/www.oxypharm.net\/wp-content\/uploads\/2023\/04\/nocolyse_250.png\" class=\"vc_single_image-img attachment-thumbnail\" alt=\"\" title=\"nocolyse_250\"><\/a>\n\t\t<\/figure>\n\t<\/div>\n\n\t<div class=\"wpb_text_column wpb_content_element\">\n\t\t<div class=\"wpb_wrapper\">\n\t\t\t<p class=\"p1\" style=\"text-align: center;\"><a class=\"btn\" href=\"\/pt-pt\/nocotech\/nocolyse\/\">Nocolyse<\/a><\/p>\n\n\t\t<\/div>\n\t<\/div>\n<\/div><\/div><\/div><\/div><\/div>[\/vc_column][vc_column width=&#8221;1\/4&#8243;][\/vc_column][vc_column width=&#8221;1\/4&#8243;][\/vc_column][vc_column width=&#8221;1\/4&#8243;][\/vc_column][\/vc_row][vc_row css=&#8221;.vc_custom_1635217189812{margin-bottom: 30px !important;}&#8221;][vc_column][vc_custom_heading text=&#8221;CONTROLO DA QUALIDADE&#8221; font_container=&#8221;tag:h4|text_align:left|color:%23222f3a&#8221; google_fonts=&#8221;font_family:Raleway%3A100%2C200%2C300%2Cregular%2C500%2C600%2C700%2C800%2C900|font_style:600%20bold%20regular%3A600%3Anormal&#8221;][\/vc_column][\/vc_row][vc_row el_class=&#8221;products-list&#8221; css=&#8221;.vc_custom_1635217199864{margin-bottom: 60px !important;}&#8221;][vc_column width=&#8221;1\/4&#8243;]<div class=\"templatera_shortcode\"><div class=\"vc_row wpb_row vc_row-fluid mpc-row\"><div class=\"wpb_column vc_column_container vc_col-sm-12 mpc-column\" data-column-id=\"mpc_column-1769f24cb0ede98\"><div class=\"vc_column-inner\"><div class=\"wpb_wrapper\">\n\t<div class=\"wpb_single_image wpb_content_element vc_align_center wpb_content_element\">\n\t\t\n\t\t<figure class=\"wpb_wrapper vc_figure\">\n\t\t\t<a href=\"\/pt-pt\/solucoes\/controlo-de-qualidade-e-acessorios\/nocobox\/\" target=\"_self\" class=\"vc_single_image-wrapper   vc_box_border_grey\"><img loading=\"lazy\" decoding=\"async\" width=\"300\" height=\"285\" src=\"https:\/\/www.oxypharm.net\/wp-content\/uploads\/2021\/11\/nocobox_1-300x285.png\" class=\"vc_single_image-img attachment-thumbnail\" alt=\"\" title=\"Nocobox\" srcset=\"https:\/\/www.oxypharm.net\/wp-content\/uploads\/2021\/11\/nocobox_1-300x285.png 300w, https:\/\/www.oxypharm.net\/wp-content\/uploads\/2021\/11\/nocobox_1-1200x1138.png 1200w, https:\/\/www.oxypharm.net\/wp-content\/uploads\/2021\/11\/nocobox_1.png 1920w\" sizes=\"auto, (max-width: 300px) 100vw, 300px\"><\/a>\n\t\t<\/figure>\n\t<\/div>\n\n\t<div class=\"wpb_text_column wpb_content_element\">\n\t\t<div class=\"wpb_wrapper\">\n\t\t\t<p class=\"p1\" style=\"text-align: center;\"><a class=\"btn\" href=\"\/pt-pt\/solucoes\/controlo-de-qualidade-e-acessorios\/nocobox\/\">Nocobox<\/a><\/p>\n\n\t\t<\/div>\n\t<\/div>\n<\/div><\/div><\/div><\/div><\/div>[\/vc_column][vc_column width=&#8221;1\/4&#8243;]<div class=\"templatera_shortcode\"><div class=\"vc_row wpb_row vc_row-fluid mpc-row\"><div class=\"wpb_column vc_column_container vc_col-sm-12 mpc-column\" data-column-id=\"mpc_column-169f24cb0ef54e\"><div class=\"vc_column-inner\"><div class=\"wpb_wrapper\">\n\t<div class=\"wpb_single_image wpb_content_element vc_align_center wpb_content_element\">\n\t\t\n\t\t<figure class=\"wpb_wrapper vc_figure\">\n\t\t\t<a href=\"\/pt-pt\/solucoes\/controlo-de-qualidade-e-acessorios\/nocotest\/\" target=\"_self\" class=\"vc_single_image-wrapper   vc_box_border_grey\"><img loading=\"lazy\" decoding=\"async\" width=\"241\" height=\"300\" src=\"https:\/\/www.oxypharm.net\/wp-content\/uploads\/2021\/11\/nocotest_2-241x300.png\" class=\"vc_single_image-img attachment-thumbnail\" alt=\"\" title=\"Nocotest\" srcset=\"https:\/\/www.oxypharm.net\/wp-content\/uploads\/2021\/11\/nocotest_2-241x300.png 241w, https:\/\/www.oxypharm.net\/wp-content\/uploads\/2021\/11\/nocotest_2-965x1200.png 965w, https:\/\/www.oxypharm.net\/wp-content\/uploads\/2021\/11\/nocotest_2-1544x1920.png 1544w\" sizes=\"auto, (max-width: 241px) 100vw, 241px\"><\/a>\n\t\t<\/figure>\n\t<\/div>\n\n\t<div class=\"wpb_text_column wpb_content_element\">\n\t\t<div class=\"wpb_wrapper\">\n\t\t\t<p class=\"p1\" style=\"text-align: center;\"><a class=\"btn\" href=\"\/pt-pt\/solucoes\/controlo-de-qualidade-e-acessorios\/nocotest\/\">Nocotest<\/a><\/p>\n\n\t\t<\/div>\n\t<\/div>\n<\/div><\/div><\/div><\/div><\/div>[\/vc_column][vc_column width=&#8221;1\/4&#8243;][\/vc_column][vc_column width=&#8221;1\/4&#8243;][\/vc_column][\/vc_row][vc_row css=&#8221;.vc_custom_1650402885496{margin-top: 90px !important;}&#8221;][vc_column][\/vc_column][\/vc_row]<\/p>\n<\/div>","protected":false},"excerpt":{"rendered":"","protected":false},"author":1,"featured_media":0,"parent":9565,"menu_order":0,"comment_status":"closed","ping_status":"closed","template":"","meta":{"_acf_changed":false,"footnotes":""},"class_list":["post-15344","page","type-page","status-publish","hentry"],"acf":[],"yoast_head":"<!-- This site is optimized with the Yoast SEO plugin v26.1.1 - https:\/\/yoast.com\/wordpress\/plugins\/seo\/ -->\n<title>Nocospray Kube - Oxy&#039;Pharm<\/title>\n<meta name=\"robots\" content=\"index, follow, max-snippet:-1, max-image-preview:large, max-video-preview:-1\" \/>\n<link rel=\"canonical\" href=\"https:\/\/www.oxypharm.net\/pt-pt\/nocotech\/nocospray-kube\/\" \/>\n<meta property=\"og:locale\" content=\"pt_PT\" \/>\n<meta property=\"og:type\" content=\"article\" \/>\n<meta property=\"og:title\" content=\"Nocospray Kube - Oxy&#039;Pharm\" \/>\n<meta property=\"og:url\" content=\"https:\/\/www.oxypharm.net\/pt-pt\/nocotech\/nocospray-kube\/\" \/>\n<meta property=\"og:site_name\" content=\"Oxy&#039;Pharm\" \/>\n<meta property=\"article:publisher\" content=\"https:\/\/www.facebook.com\/profile.php?id=100065087790394\" \/>\n<meta property=\"article:modified_time\" content=\"2025-06-10T10:43:36+00:00\" \/>\n<meta name=\"twitter:card\" content=\"summary_large_image\" \/>\n<meta name=\"twitter:site\" content=\"@OxyPharm\" \/>\n<meta name=\"twitter:label1\" content=\"Est. reading time\" \/>\n\t<meta name=\"twitter:data1\" content=\"3 minutes\" \/>\n<script type=\"application\/ld+json\" class=\"yoast-schema-graph\">{\"@context\":\"https:\/\/schema.org\",\"@graph\":[{\"@type\":\"WebPage\",\"@id\":\"https:\/\/www.oxypharm.net\/pt-pt\/nocotech\/nocospray-kube\/\",\"url\":\"https:\/\/www.oxypharm.net\/pt-pt\/nocotech\/nocospray-kube\/\",\"name\":\"Nocospray Kube - Oxy&#039;Pharm\",\"isPartOf\":{\"@id\":\"https:\/\/www.oxypharm.net\/#website\"},\"datePublished\":\"2023-04-20T09:02:27+00:00\",\"dateModified\":\"2025-06-10T10:43:36+00:00\",\"breadcrumb\":{\"@id\":\"https:\/\/www.oxypharm.net\/pt-pt\/nocotech\/nocospray-kube\/#breadcrumb\"},\"inLanguage\":\"pt-PT\",\"potentialAction\":[{\"@type\":\"ReadAction\",\"target\":[\"https:\/\/www.oxypharm.net\/pt-pt\/nocotech\/nocospray-kube\/\"]}]},{\"@type\":\"BreadcrumbList\",\"@id\":\"https:\/\/www.oxypharm.net\/pt-pt\/nocotech\/nocospray-kube\/#breadcrumb\",\"itemListElement\":[{\"@type\":\"ListItem\",\"position\":1,\"name\":\"Accueil\",\"item\":\"https:\/\/www.oxypharm.net\/pt-pt\/\"},{\"@type\":\"ListItem\",\"position\":2,\"name\":\"Nocotech\",\"item\":\"https:\/\/www.oxypharm.net\/pt-pt\/nocotech\/\"},{\"@type\":\"ListItem\",\"position\":3,\"name\":\"Nocospray Kube\"}]},{\"@type\":\"WebSite\",\"@id\":\"https:\/\/www.oxypharm.net\/#website\",\"url\":\"https:\/\/www.oxypharm.net\/\",\"name\":\"Oxy&#039;Pharm\",\"description\":\"\",\"publisher\":{\"@id\":\"https:\/\/www.oxypharm.net\/#organization\"},\"potentialAction\":[{\"@type\":\"SearchAction\",\"target\":{\"@type\":\"EntryPoint\",\"urlTemplate\":\"https:\/\/www.oxypharm.net\/?s={search_term_string}\"},\"query-input\":{\"@type\":\"PropertyValueSpecification\",\"valueRequired\":true,\"valueName\":\"search_term_string\"}}],\"inLanguage\":\"pt-PT\"},{\"@type\":\"Organization\",\"@id\":\"https:\/\/www.oxypharm.net\/#organization\",\"name\":\"Oxy'pharm\",\"alternateName\":\"Oxypharm\",\"url\":\"https:\/\/www.oxypharm.net\/\",\"logo\":{\"@type\":\"ImageObject\",\"inLanguage\":\"pt-PT\",\"@id\":\"https:\/\/www.oxypharm.net\/#\/schema\/logo\/image\/\",\"url\":\"https:\/\/www.oxypharm.net\/wp-content\/uploads\/2023\/06\/Logo-Medtradex-Oxypharm.jpg\",\"contentUrl\":\"https:\/\/www.oxypharm.net\/wp-content\/uploads\/2023\/06\/Logo-Medtradex-Oxypharm.jpg\",\"width\":500,\"height\":500,\"caption\":\"Oxy'pharm\"},\"image\":{\"@id\":\"https:\/\/www.oxypharm.net\/#\/schema\/logo\/image\/\"},\"sameAs\":[\"https:\/\/www.facebook.com\/profile.php?id=100065087790394\",\"https:\/\/x.com\/OxyPharm\",\"https:\/\/www.instagram.com\/oxy_pharm\/\",\"https:\/\/www.linkedin.com\/company\/oxy-pharm\/\",\"https:\/\/www.youtube.com\/channel\/UCwTjwWFZWcMdPPlvkTuiurw\"]}]}<\/script>\n<!-- \/ Yoast SEO plugin. -->","yoast_head_json":{"title":"Nocospray Kube - Oxy&#039;Pharm","robots":{"index":"index","follow":"follow","max-snippet":"max-snippet:-1","max-image-preview":"max-image-preview:large","max-video-preview":"max-video-preview:-1"},"canonical":"https:\/\/www.oxypharm.net\/pt-pt\/nocotech\/nocospray-kube\/","og_locale":"pt_PT","og_type":"article","og_title":"Nocospray Kube - Oxy&#039;Pharm","og_url":"https:\/\/www.oxypharm.net\/pt-pt\/nocotech\/nocospray-kube\/","og_site_name":"Oxy&#039;Pharm","article_publisher":"https:\/\/www.facebook.com\/profile.php?id=100065087790394","article_modified_time":"2025-06-10T10:43:36+00:00","twitter_card":"summary_large_image","twitter_site":"@OxyPharm","twitter_misc":{"Est. reading time":"3 minutes"},"schema":{"@context":"https:\/\/schema.org","@graph":[{"@type":"WebPage","@id":"https:\/\/www.oxypharm.net\/pt-pt\/nocotech\/nocospray-kube\/","url":"https:\/\/www.oxypharm.net\/pt-pt\/nocotech\/nocospray-kube\/","name":"Nocospray Kube - Oxy&#039;Pharm","isPartOf":{"@id":"https:\/\/www.oxypharm.net\/#website"},"datePublished":"2023-04-20T09:02:27+00:00","dateModified":"2025-06-10T10:43:36+00:00","breadcrumb":{"@id":"https:\/\/www.oxypharm.net\/pt-pt\/nocotech\/nocospray-kube\/#breadcrumb"},"inLanguage":"pt-PT","potentialAction":[{"@type":"ReadAction","target":["https:\/\/www.oxypharm.net\/pt-pt\/nocotech\/nocospray-kube\/"]}]},{"@type":"BreadcrumbList","@id":"https:\/\/www.oxypharm.net\/pt-pt\/nocotech\/nocospray-kube\/#breadcrumb","itemListElement":[{"@type":"ListItem","position":1,"name":"Accueil","item":"https:\/\/www.oxypharm.net\/pt-pt\/"},{"@type":"ListItem","position":2,"name":"Nocotech","item":"https:\/\/www.oxypharm.net\/pt-pt\/nocotech\/"},{"@type":"ListItem","position":3,"name":"Nocospray Kube"}]},{"@type":"WebSite","@id":"https:\/\/www.oxypharm.net\/#website","url":"https:\/\/www.oxypharm.net\/","name":"Oxy&#039;Pharm","description":"","publisher":{"@id":"https:\/\/www.oxypharm.net\/#organization"},"potentialAction":[{"@type":"SearchAction","target":{"@type":"EntryPoint","urlTemplate":"https:\/\/www.oxypharm.net\/?s={search_term_string}"},"query-input":{"@type":"PropertyValueSpecification","valueRequired":true,"valueName":"search_term_string"}}],"inLanguage":"pt-PT"},{"@type":"Organization","@id":"https:\/\/www.oxypharm.net\/#organization","name":"Oxy'pharm","alternateName":"Oxypharm","url":"https:\/\/www.oxypharm.net\/","logo":{"@type":"ImageObject","inLanguage":"pt-PT","@id":"https:\/\/www.oxypharm.net\/#\/schema\/logo\/image\/","url":"https:\/\/www.oxypharm.net\/wp-content\/uploads\/2023\/06\/Logo-Medtradex-Oxypharm.jpg","contentUrl":"https:\/\/www.oxypharm.net\/wp-content\/uploads\/2023\/06\/Logo-Medtradex-Oxypharm.jpg","width":500,"height":500,"caption":"Oxy'pharm"},"image":{"@id":"https:\/\/www.oxypharm.net\/#\/schema\/logo\/image\/"},"sameAs":["https:\/\/www.facebook.com\/profile.php?id=100065087790394","https:\/\/x.com\/OxyPharm","https:\/\/www.instagram.com\/oxy_pharm\/","https:\/\/www.linkedin.com\/company\/oxy-pharm\/","https:\/\/www.youtube.com\/channel\/UCwTjwWFZWcMdPPlvkTuiurw"]}]}},"_links":{"self":[{"href":"https:\/\/www.oxypharm.net\/pt-pt\/wp-json\/wp\/v2\/pages\/15344","targetHints":{"allow":["GET"]}}],"collection":[{"href":"https:\/\/www.oxypharm.net\/pt-pt\/wp-json\/wp\/v2\/pages"}],"about":[{"href":"https:\/\/www.oxypharm.net\/pt-pt\/wp-json\/wp\/v2\/types\/page"}],"author":[{"embeddable":true,"href":"https:\/\/www.oxypharm.net\/pt-pt\/wp-json\/wp\/v2\/users\/1"}],"replies":[{"embeddable":true,"href":"https:\/\/www.oxypharm.net\/pt-pt\/wp-json\/wp\/v2\/comments?post=15344"}],"version-history":[{"count":7,"href":"https:\/\/www.oxypharm.net\/pt-pt\/wp-json\/wp\/v2\/pages\/15344\/revisions"}],"predecessor-version":[{"id":15491,"href":"https:\/\/www.oxypharm.net\/pt-pt\/wp-json\/wp\/v2\/pages\/15344\/revisions\/15491"}],"up":[{"embeddable":true,"href":"https:\/\/www.oxypharm.net\/pt-pt\/wp-json\/wp\/v2\/pages\/9565"}],"wp:attachment":[{"href":"https:\/\/www.oxypharm.net\/pt-pt\/wp-json\/wp\/v2\/media?parent=15344"}],"curies":[{"name":"wp","href":"https:\/\/api.w.org\/{rel}","templated":true}]}}