{"id":11213,"date":"2023-01-09T16:06:30","date_gmt":"2023-01-09T16:06:30","guid":{"rendered":"https:\/\/preprod.oxypharm.net\/avisos-legais\/"},"modified":"2023-01-09T16:06:30","modified_gmt":"2023-01-09T16:06:30","slug":"avisos-legais","status":"publish","type":"page","link":"https:\/\/www.oxypharm.net\/pt-pt\/avisos-legais\/","title":{"rendered":"Avisos legais"},"content":{"rendered":"<div class=\"wpb-content-wrapper\"><p>[vc_row full_width=&#8221;stretch_row&#8221; el_class=&#8221;hero&#8221; css=&#8221;.vc_custom_1633983640714{margin-bottom: 85px !important;padding-top: 50px !important;padding-bottom: 0px !important;}&#8221;][vc_column][vc_custom_heading text=&#8221;Avisos legais&#8221; font_container=&#8221;tag:h1|font_size:70|text_align:left|line_height:55px&#8221; google_fonts=&#8221;font_family:Raleway%3A100%2C200%2C300%2Cregular%2C500%2C600%2C700%2C800%2C900|font_style:800%20bold%20regular%3A800%3Anormal&#8221; css=&#8221;.vc_custom_1662731615551{margin-bottom: 10px !important;}&#8221;][vc_column_text]P\u00e1gina Inicial &gt; Avisos legais[\/vc_column_text][\/vc_column][\/vc_row][vc_row css=&#8221;.vc_custom_1645439143705{margin-bottom: 60px !important;}&#8221;][vc_column][vc_custom_heading text=&#8221;AVISOS LEGAIS OXY\u2019PHARM&#8221; font_container=&#8221;tag:h3|text_align:left&#8221; use_theme_fonts=&#8221;yes&#8221;][\/vc_column][\/vc_row][vc_row][vc_column][vc_column_text]<strong>Avisos legais<\/strong><\/p>\n<p>Os produtos da OXY&#8217;PHARM destinam-se a profissionais.<br \/>\nFabricante: OXY&#8217;PHARM<br \/>\nEncorajamos todos os utilizadores dos nossos produtos a ler cuidadosamente as instru\u00e7\u00f5es nos manuais e guias de utiliza\u00e7\u00e3o.<\/p>\n<p><strong>Editor do site<\/strong><\/p>\n<p>O site <a href=\"http:\/\/www.oxypharm.net\/\">www.oxypharm.net<\/a> \u00e9 propriedade da empresa OXY&#8217;PHARM.<\/p>\n<p>Sede social: OXY\u2019PHARM \u2013 829, rue Marcel Paul 94500 CHAMPIGNY-SUR-MARNE<br \/>\nCapital social: 300.000 euros<br \/>\nIVA Intracomunit\u00e1rio: FR74448974253<br \/>\nRCS: Cr\u00e9teil 448 974 253<br \/>\nN\u00famero de identifica\u00e7\u00e3o individual (SIRET): 44897425300024<br \/>\nTelefone: +33 1 45 18 78 70<br \/>\nE-mail: <a href=\"mailto:commercial@oxypharm.net\">info@oxypharm.net<\/a><\/p>\n<p><strong>Servidor do Site<\/strong><\/p>\n<p>Sociedade: FCMICRO<br \/>\nTelefone: 01 69 94 10 96<br \/>\nE-mail: <a href=\"mailto:contact@fcmicro.net\">contact@fcmicro.net<\/a><br \/>\nSite internet: <a href=\"http:\/\/www.fcmicro.net\/\">www.fcmicro.net<\/a><\/p>\n<p><strong>Pol\u00edtica de prote\u00e7\u00e3o de dados pessoais<\/strong><\/p>\n<p>A pessoa respons\u00e1vel pelo processamento da informa\u00e7\u00e3o pessoal \u00e9 Lucie ROULEAU.<br \/>\nEm conformidade com o artigo 3\u00ba da lei francesa \u00abInform\u00e1tica e Liberdades\u00bb de 6 de janeiro de 1978, disp\u00f5e de um direito de acesso, modifica\u00e7\u00e3o, retifica\u00e7\u00e3o e supress\u00e3o dos dados pessoais que lhe dizem respeito. Pode exercer este direito atrav\u00e9s de simples pedido por e-mail ou por correio.<\/p>\n<p><strong>Conte\u00fado do site e propriedade intelectual<\/strong><\/p>\n<p>A informa\u00e7\u00e3o fornecida em <a href=\"http:\/\/www.oxypharm.net\/\">http:\/\/www.oxypharm.net<\/a> \u00e9 apenas para fins informativos.<br \/>\nA OXY&#8217;PHARM n\u00e3o pode garantir a exatid\u00e3o, a integridade ou atualidade das informa\u00e7\u00f5es publicadas no site. As informa\u00e7\u00f5es neste site podem conter imprecis\u00f5es t\u00e9cnicas ou erros tipogr\u00e1ficos. Estas informa\u00e7\u00f5es podem ser periodicamente alteradas e as altera\u00e7\u00f5es ser\u00e3o incorporadas em novas edi\u00e7\u00f5es.<\/p>\n<p>A OXY&#8217;PHARM pode, a qualquer momento e sem aviso pr\u00e9vio, proceder a melhorias ou altera\u00e7\u00f5es nos produtos, programas ou servi\u00e7os descritos neste site. \u00c9 proibida qualquer reprodu\u00e7\u00e3o, representa\u00e7\u00e3o, modifica\u00e7\u00e3o, publica\u00e7\u00e3o, transmiss\u00e3o, desnatura\u00e7\u00e3o, total ou parcial do site ou do seu conte\u00fado, independentemente do processo ou do suporte utilizado.<\/p>\n<p>Qualquer utiliza\u00e7\u00e3o n\u00e3o autorizada do site ou do seu conte\u00fado, ou das informa\u00e7\u00f5es nele divulgadas, ser\u00e1 da responsabilidade do utilizador e constituir\u00e1 uma infra\u00e7\u00e3o sancionada pelos artigos L 335-2 e seguintes do C\u00f3digo da Propriedade Intelectual.<br \/>\nO mesmo se aplica a quaisquer bases de dados que figurem no site <a href=\"http:\/\/www.oxypharm.net\/\">http:\/\/www.oxypharm.net<\/a> que s\u00e3o protegidas pelas disposi\u00e7\u00f5es da lei de 1 de julho de 1998 que transp\u00f5e para o C\u00f3digo da Propriedade Intelectual a Diretiva Europeia de 11 de mar\u00e7o de 1996 relativa \u00e0 prote\u00e7\u00e3o jur\u00eddica das bases de dados. A este t\u00edtulo, qualquer reprodu\u00e7\u00e3o ou extra\u00e7\u00e3o implicaria a responsabilidade do utilizador.<\/p>\n<p>O site <a href=\"http:\/\/www.oxypharm.net\/\">http:\/\/www.oxypharm.net<\/a> d\u00e1 acesso a outros sites atrav\u00e9s de hiperliga\u00e7\u00f5es. Como a OXY&#8217;PHARM n\u00e3o \u00e9 a gestora dos ditos sites, n\u00e3o pode controlar o seu conte\u00fado. Como resultado, a OXY&#8217;PHARM n\u00e3o pode ser responsabilizada pelo conte\u00fado dos s\u00edtios acess\u00edveis desta forma, ou pela poss\u00edvel recolha e transmiss\u00e3o de dados pessoais, instala\u00e7\u00e3o de cookies ou qualquer outro processo para o mesmo fim, levado a cabo por estes sites.<\/p>\n<p>Este site est\u00e1 otimizado para uma resolu\u00e7\u00e3o de ecr\u00e3 de 1024 x 768 e para os navegadores Internet Explorer vers\u00e3o 7 e superior \/ Firefox e Chrome.<\/p>\n<p>Cr\u00e9ditos fotos: OXY&#8217;PHARM<br \/>\nTodos os direitos reservados &#8211; Fotos n\u00e3o contratuais<br \/>\nConce\u00e7\u00e3o e realiza\u00e7\u00e3o do site: OXY&#8217;PHARM<\/p>\n<p><strong><u>CONDI\u00c7\u00d5ES GERAIS DE VENDA<\/u><\/strong><\/p>\n<p>Estas condi\u00e7\u00f5es gerais de venda aplicam-se, n\u00e3o obstante eventuais cl\u00e1usulas em contr\u00e1rio, \u00e0 venda pela OXY&#8217;PHARM dos seus materiais, novos ou usados, e produtos, a assinatura da nota de encomenda pelo cliente implicando a aceita\u00e7\u00e3o sem reservas destas \u00faltimas, de que o cliente declara ter conhecimento.<\/p>\n<p><strong>       <\/strong><\/p>\n<p><strong> 1. <\/strong><strong> FORMA\u00c7\u00c3O DO CONTRATO<\/strong><\/p>\n<p>Apenas as encomendas devidamente aceites pela nossa dire\u00e7\u00e3o vincular\u00e3o a sociedade OXY&#8217;PHARM, estando os compromissos assumidos pelos nossos representantes e vendedores sujeitos a ratifica\u00e7\u00e3o por parte da nossa dire\u00e7\u00e3o. Se a encomenda estiver sujeita ao pagamento de um adiantamento, a data da encomenda ser\u00e1 considerada como a data de rece\u00e7\u00e3o do dito adiantamento.<\/p>\n<p><strong>     <\/strong><\/p>\n<p><strong> 2. CARACTER\u00cdSTICAS DOS APARELHOS E PRODUTOS OXY&#8217;PHARM<\/strong><\/p>\n<p>A OXY&#8217;PHARM reserva-se o direito de modificar os seus aparelhos e de aplicar, por sua \u00fanica op\u00e7\u00e3o, estas modifica\u00e7\u00f5es aos materiais encomendados e ainda n\u00e3o entregues.<\/p>\n<p>O comprador n\u00e3o pode, por\u00e9m, obter da OXY&#8217;PHARM a obriga\u00e7\u00e3o de aplicar quaisquer modifica\u00e7\u00f5es aos aparelhos e produtos encomendados e ainda n\u00e3o entregues.<\/p>\n<p>Todas as indica\u00e7\u00f5es ou outros dados relativos \u00e0 natureza t\u00e9cnica e ao pre\u00e7o das mercadorias da sociedade OXY&#8217;PHARM, tais como os que figuram nas instru\u00e7\u00f5es, cat\u00e1logos e documentos publicit\u00e1rios de qualquer tipo, n\u00e3o ser\u00e3o de forma alguma contratuais, uma vez que s\u00e3o simplesmente dados a t\u00edtulo indicativo, reservando-se a OXY&#8217;PHARM o direito de as modificar a qualquer momento.<\/p>\n<p><strong>       <\/strong><\/p>\n<p><strong> 3. GARANTIA<\/strong><\/p>\n<p>Cabe ao cliente verificar as mercadorias no momento da entrega; este controlo dever\u00e1 incluir as refer\u00eancias, as quantidades e qualidade das mercadorias, bem como a sua conformidade com a encomenda. N\u00e3o ser\u00e1 considerada qualquer reclama\u00e7\u00e3o ap\u00f3s um per\u00edodo de quinze dias a partir da data de entrega.<\/p>\n<p>As mercadorias que comportam uma n\u00e3o conformidade n\u00e3o contestada e assinalada dentro deste per\u00edodo ser\u00e3o objeto de uma substitui\u00e7\u00e3o ou de uma repara\u00e7\u00e3o, com exclus\u00e3o de qualquer indeminiza\u00e7\u00e3o, independentemente do tipo. Da mesma forma, se as mercadorias forem afetadas por um defeito, a garantia \u00e9 estritamente limitada \u00e0 repara\u00e7\u00e3o ou substitui\u00e7\u00e3o, com exclus\u00e3o de qualquer indemniza\u00e7\u00e3o.<\/p>\n<p><strong>       <\/strong><\/p>\n<p><strong> 4. RESPONSABILIDADE<\/strong><\/p>\n<p>Em caso algum a responsabilidade da OXY&#8217;PHARM deve exceder o pre\u00e7o do material em quest\u00e3o e\/ou que causou o dano.<\/p>\n<p><strong>      <\/strong><\/p>\n<p><strong> 5. RESCIS\u00c3O<\/strong><\/p>\n<p>N\u00e3o poder\u00e1 ser anulada qualquer encomenda pelo cliente, exceto no caso de um atraso na entrega superior a 3 meses, e isto ap\u00f3s uma notifica\u00e7\u00e3o formal por carta registada com aviso de rece\u00e7\u00e3o, incluindo um per\u00edodo de 15 dias para permitir execu\u00e7\u00e3o da entrega.<\/p>\n<p><strong>       <\/strong><\/p>\n<p><strong> 6. PRAZO E CONDI\u00c7\u00d5ES DE ENTREGA<\/strong><\/p>\n<p>Os prazos de entrega s\u00e3o dados apenas a t\u00edtulo indicativo e sem qualquer garantia. Os atrasos na entrega n\u00e3o concedem ao comprador o direito de cancelar a venda ou de recusar a mercadoria. Tamb\u00e9m n\u00e3o podem dar lugar a dedu\u00e7\u00f5es, penaliza\u00e7\u00f5es ou indemniza\u00e7\u00f5es.<\/p>\n<p>As mercadorias viajam por conta e risco do cliente, sendo da responsabilidade do cliente verificar o respetivo bom estado no momento da entrega. Se o cliente constatar danos ou faltas, dever\u00e1 introduzir as suas reservas precisas e completas no documento de transporte e reiterar a sua reclama\u00e7\u00e3o fundamentada nos formul\u00e1rios e prazos previstos no artigo L. 133-3 do c\u00f3digo do com\u00e9rcio.<\/p>\n<p>Os custos de transporte e entrega do material, salvo indica\u00e7\u00e3o em contr\u00e1rio na rece\u00e7\u00e3o da encomenda, ser\u00e3o suportados pelo cliente.<\/p>\n<p><strong>       <\/strong><\/p>\n<p><strong> 7. FOR\u00c7A MAIOR<\/strong><\/p>\n<p>A ocorr\u00eancia de um caso de for\u00e7a maior tem o efeito de suspender o cumprimento das obriga\u00e7\u00f5es contratuais da sociedade OXY&#8217;PHARM.<\/p>\n<p>Qualquer acontecimento fora do controlo da OXY&#8217;PHARM que a impe\u00e7a de funcionar normalmente na fase de fabrico ou de expedi\u00e7\u00e3o dos produtos constituir\u00e1 um caso de for\u00e7a maior. Os casos de for\u00e7a maior incluem greves totais ou parciais que impedem o bom funcionamento da OXY&#8217;PHARM ou de um dos seus fornecedores, subcontratantes ou transportadoras, bem como interrup\u00e7\u00f5es no transporte, fornecimento de energia, de mat\u00e9rias-primas ou pe\u00e7as sobressalentes.<\/p>\n<p><strong>      <\/strong><\/p>\n<p><strong> 8. PRE\u00c7O &#8211; PAGAMENTO<\/strong><\/p>\n<p>Os pre\u00e7os s\u00e3o estabelecidos de acordo com os pre\u00e7os p\u00fablicos \u00e0 data do aviso de rece\u00e7\u00e3o da encomenda ou de qualquer outra proposta feita pelo agente comercial e validada pela dire\u00e7\u00e3o da OXY&#8217;PHARM.<\/p>\n<p>No caso de uma varia\u00e7\u00e3o imprevista destas \u00faltimas antes da fatura\u00e7\u00e3o nos exigir uma altera\u00e7\u00e3o do pre\u00e7o, esta ser\u00e1 proposta ao cliente; e se este recusar o aumento, a OXY&#8217;PHARM reserva-se o direito de cancelar a encomenda.<\/p>\n<p>Em caso de altera\u00e7\u00e3o de taxas, impostos e direitos de todos os tipos, aferentes aos nossos materiais e presta\u00e7\u00f5es, estes \u00faltimos s\u00e3o impostos \u00e0s partes, se necess\u00e1rio, sendo o pre\u00e7o contratual reputado sem impostos.<\/p>\n<p>As nossas faturas s\u00e3o pagas na nossa sede.<\/p>\n<p>A cria\u00e7\u00e3o de letras de c\u00e2mbio ou a aceita\u00e7\u00e3o de todas as letras comerciais n\u00e3o implica nem nova\u00e7\u00e3o nem derroga\u00e7\u00e3o \u00e0 cl\u00e1usula de jurisdi\u00e7\u00e3o. Se o pagamento estiver previsto por presta\u00e7\u00f5es, a n\u00e3o devolu\u00e7\u00e3o dos efeitos enviados \u00e0 aceita\u00e7\u00e3o num prazo de 15 dias a contar a data de envio torna da d\u00edvida imediatamente exig\u00edvel (Art.12 do C\u00f3digo do Com\u00e9rcio). Em caso de n\u00e3o pagamento de uma das presta\u00e7\u00f5es previstas, o saldo da d\u00edvida tornar-se-\u00e1 imediatamente exig\u00edvel e a falta de pagamento de uma fatura na sua data de vencimento tornar\u00e1 o pagamento de qualquer outra fatura imediatamente exig\u00edvel, independentemente dos termos do contrato a que se refere.<\/p>\n<p>Reservamo-nos o direito de suspender a execu\u00e7\u00e3o de uma encomenda &#8211; em caso de n\u00e3o pagamento de uma fatura anterior na sua data de vencimento ou de um pedido de adiamento da data de vencimento e s\u00f3 a retomar ap\u00f3s uma constitui\u00e7\u00e3o de garantia devidamente aceite por n\u00f3s. Qualquer atraso no pagamento dar\u00e1 origem a juros calculados \u00e0 taxa legal aplic\u00e1vel em mat\u00e9ria comercial.<\/p>\n<p><strong> 9. CL\u00c1USULA DE RESERVA DE PROPRIEDADE<\/strong><\/p>\n<p>A sociedade reserva a propriedade das mercadorias vendidas at\u00e9 ao pagamento integral do pre\u00e7o em capital e juros. Se o pre\u00e7o n\u00e3o for pago na data de vencimento acordada, poder\u00e1 retomar a mercadoria e a venda ser\u00e1 cancelada de pleno direito e se assim o desejar; os pagamentos antecipados j\u00e1 efetuados ser\u00e3o retidos a t\u00edtulo de compensa\u00e7\u00e3o. Al\u00e9m disso, o comprador \u00e9 respons\u00e1vel pelas mercadorias vendidas assim que estes forem fisicamente entregues, implicando a transfer\u00eancia da posse a transfer\u00eancia do risco. O comprador compromete-se, por conseguinte, a subscrever uma ap\u00f3lice de seguro para cobrir os riscos de perda, roubo ou destrui\u00e7\u00e3o das mercadorias designadas.<\/p>\n<p>Al\u00e9m disso, o cliente n\u00e3o deve penhorar ou transferir o t\u00edtulo de propriedade das mercadorias como garantia.<\/p>\n<p><strong> 10. CL\u00c1USULA RESOLUTIVA<\/strong><\/p>\n<p>Fica estritamente estipulado que em caso de n\u00e3o pagamento total ou parcial do pre\u00e7o na data exata do vencimento, o pre\u00e7o total ser\u00e1 imediatamente exig\u00edvel e autorizar\u00e1 a OXY&#8217;PHARM a reclamar a mercadoria, sendo a venda tamb\u00e9m automaticamente cancelada ap\u00f3s um simples pedido de pagamento ter permanecido infrut\u00edfero.<\/p>\n<p>Al\u00e9m disso, como cl\u00e1usula penal, o comprador pagar\u00e1, neste caso, uma indemniza\u00e7\u00e3o fixa de 10 % do montante do montante em d\u00edvida, sem preju\u00edzo de quaisquer outros montantes que possam ser contratualmente devidos.<\/p>\n<p><strong> 11. LIT\u00cdGIOS<\/strong><\/p>\n<p>A coloca\u00e7\u00e3o de uma encomenda implica a aceita\u00e7\u00e3o total e incondicional por parte do comprador das condi\u00e7\u00f5es gerais de venda da OXY&#8217;PHARM. Em caso de lit\u00edgio, fica estipulada a compet\u00eancia dos tribunais da sede da OXY&#8217;PHARM, que estatuem ao abrigo da lei francesa.[\/vc_column_text][\/vc_column][\/vc_row]<\/p>\n<\/div>","protected":false},"excerpt":{"rendered":"<p>[vc_row full_width=&#8221;stretch_row&#8221; el_class=&#8221;hero&#8221; css=&#8221;.vc_custom_1633983640714{margin-bottom: 85px !important;padding-top: 50px !important;padding-bottom: 0px !important;}&#8221;][vc_column][vc_custom_heading text=&#8221;Avisos legais&#8221; font_container=&#8221;tag:h1|font_size:70|text_align:left|line_height:55px&#8221; google_fonts=&#8221;font_family:Raleway%3A100%2C200%2C300%2Cregular%2C500%2C600%2C700%2C800%2C900|font_style:800%20bold%20regular%3A800%3Anormal&#8221; css=&#8221;.vc_custom_1662731615551{margin-bottom: 10px !important;}&#8221;][vc_column_text]P\u00e1gina Inicial &gt; Avisos<\/p>\n","protected":false},"author":1,"featured_media":0,"parent":0,"menu_order":0,"comment_status":"closed","ping_status":"closed","template":"","meta":{"_acf_changed":false,"footnotes":""},"class_list":["post-11213","page","type-page","status-publish","hentry"],"acf":[],"yoast_head":"<!-- This site is optimized with the Yoast SEO plugin v26.1.1 - https:\/\/yoast.com\/wordpress\/plugins\/seo\/ -->\n<title>Avisos legais - Oxy&#039;Pharm<\/title>\n<meta name=\"robots\" content=\"index, follow, max-snippet:-1, max-image-preview:large, max-video-preview:-1\" \/>\n<link rel=\"canonical\" href=\"https:\/\/www.oxypharm.net\/pt-pt\/avisos-legais\/\" \/>\n<meta property=\"og:locale\" content=\"pt_PT\" \/>\n<meta property=\"og:type\" content=\"article\" \/>\n<meta property=\"og:title\" content=\"Avisos legais - Oxy&#039;Pharm\" \/>\n<meta property=\"og:description\" content=\"[vc_row full_width=&#8221;stretch_row&#8221; el_class=&#8221;hero&#8221; css=&#8221;.vc_custom_1633983640714{margin-bottom: 85px !important;padding-top: 50px !important;padding-bottom: 0px !important;}&#8221;][vc_column][vc_custom_heading text=&#8221;Avisos legais&#8221; font_container=&#8221;tag:h1|font_size:70|text_align:left|line_height:55px&#8221; google_fonts=&#8221;font_family:Raleway%3A100%2C200%2C300%2Cregular%2C500%2C600%2C700%2C800%2C900|font_style:800%20bold%20regular%3A800%3Anormal&#8221; css=&#8221;.vc_custom_1662731615551{margin-bottom: 10px !important;}&#8221;][vc_column_text]P\u00e1gina Inicial &gt; Avisos\" \/>\n<meta property=\"og:url\" content=\"https:\/\/www.oxypharm.net\/pt-pt\/avisos-legais\/\" \/>\n<meta property=\"og:site_name\" content=\"Oxy&#039;Pharm\" \/>\n<meta property=\"article:publisher\" content=\"https:\/\/www.facebook.com\/profile.php?id=100065087790394\" \/>\n<meta name=\"twitter:card\" content=\"summary_large_image\" \/>\n<meta name=\"twitter:site\" content=\"@OxyPharm\" \/>\n<meta name=\"twitter:label1\" content=\"Est. reading time\" \/>\n\t<meta name=\"twitter:data1\" content=\"10 minutes\" \/>\n<script type=\"application\/ld+json\" class=\"yoast-schema-graph\">{\"@context\":\"https:\/\/schema.org\",\"@graph\":[{\"@type\":\"WebPage\",\"@id\":\"https:\/\/www.oxypharm.net\/pt-pt\/avisos-legais\/\",\"url\":\"https:\/\/www.oxypharm.net\/pt-pt\/avisos-legais\/\",\"name\":\"Avisos legais - Oxy&#039;Pharm\",\"isPartOf\":{\"@id\":\"https:\/\/www.oxypharm.net\/#website\"},\"datePublished\":\"2023-01-09T16:06:30+00:00\",\"breadcrumb\":{\"@id\":\"https:\/\/www.oxypharm.net\/pt-pt\/avisos-legais\/#breadcrumb\"},\"inLanguage\":\"pt-PT\",\"potentialAction\":[{\"@type\":\"ReadAction\",\"target\":[\"https:\/\/www.oxypharm.net\/pt-pt\/avisos-legais\/\"]}]},{\"@type\":\"BreadcrumbList\",\"@id\":\"https:\/\/www.oxypharm.net\/pt-pt\/avisos-legais\/#breadcrumb\",\"itemListElement\":[{\"@type\":\"ListItem\",\"position\":1,\"name\":\"Accueil\",\"item\":\"https:\/\/www.oxypharm.net\/pt-pt\/\"},{\"@type\":\"ListItem\",\"position\":2,\"name\":\"Avisos legais\"}]},{\"@type\":\"WebSite\",\"@id\":\"https:\/\/www.oxypharm.net\/#website\",\"url\":\"https:\/\/www.oxypharm.net\/\",\"name\":\"Oxy&#039;Pharm\",\"description\":\"\",\"publisher\":{\"@id\":\"https:\/\/www.oxypharm.net\/#organization\"},\"potentialAction\":[{\"@type\":\"SearchAction\",\"target\":{\"@type\":\"EntryPoint\",\"urlTemplate\":\"https:\/\/www.oxypharm.net\/?s={search_term_string}\"},\"query-input\":{\"@type\":\"PropertyValueSpecification\",\"valueRequired\":true,\"valueName\":\"search_term_string\"}}],\"inLanguage\":\"pt-PT\"},{\"@type\":\"Organization\",\"@id\":\"https:\/\/www.oxypharm.net\/#organization\",\"name\":\"Oxy'pharm\",\"alternateName\":\"Oxypharm\",\"url\":\"https:\/\/www.oxypharm.net\/\",\"logo\":{\"@type\":\"ImageObject\",\"inLanguage\":\"pt-PT\",\"@id\":\"https:\/\/www.oxypharm.net\/#\/schema\/logo\/image\/\",\"url\":\"https:\/\/www.oxypharm.net\/wp-content\/uploads\/2023\/06\/Logo-Medtradex-Oxypharm.jpg\",\"contentUrl\":\"https:\/\/www.oxypharm.net\/wp-content\/uploads\/2023\/06\/Logo-Medtradex-Oxypharm.jpg\",\"width\":500,\"height\":500,\"caption\":\"Oxy'pharm\"},\"image\":{\"@id\":\"https:\/\/www.oxypharm.net\/#\/schema\/logo\/image\/\"},\"sameAs\":[\"https:\/\/www.facebook.com\/profile.php?id=100065087790394\",\"https:\/\/x.com\/OxyPharm\",\"https:\/\/www.instagram.com\/oxy_pharm\/\",\"https:\/\/www.linkedin.com\/company\/oxy-pharm\/\",\"https:\/\/www.youtube.com\/channel\/UCwTjwWFZWcMdPPlvkTuiurw\"]}]}<\/script>\n<!-- \/ Yoast SEO plugin. -->","yoast_head_json":{"title":"Avisos legais - Oxy&#039;Pharm","robots":{"index":"index","follow":"follow","max-snippet":"max-snippet:-1","max-image-preview":"max-image-preview:large","max-video-preview":"max-video-preview:-1"},"canonical":"https:\/\/www.oxypharm.net\/pt-pt\/avisos-legais\/","og_locale":"pt_PT","og_type":"article","og_title":"Avisos legais - Oxy&#039;Pharm","og_description":"[vc_row full_width=&#8221;stretch_row&#8221; el_class=&#8221;hero&#8221; css=&#8221;.vc_custom_1633983640714{margin-bottom: 85px !important;padding-top: 50px !important;padding-bottom: 0px !important;}&#8221;][vc_column][vc_custom_heading text=&#8221;Avisos legais&#8221; font_container=&#8221;tag:h1|font_size:70|text_align:left|line_height:55px&#8221; google_fonts=&#8221;font_family:Raleway%3A100%2C200%2C300%2Cregular%2C500%2C600%2C700%2C800%2C900|font_style:800%20bold%20regular%3A800%3Anormal&#8221; css=&#8221;.vc_custom_1662731615551{margin-bottom: 10px !important;}&#8221;][vc_column_text]P\u00e1gina Inicial &gt; Avisos","og_url":"https:\/\/www.oxypharm.net\/pt-pt\/avisos-legais\/","og_site_name":"Oxy&#039;Pharm","article_publisher":"https:\/\/www.facebook.com\/profile.php?id=100065087790394","twitter_card":"summary_large_image","twitter_site":"@OxyPharm","twitter_misc":{"Est. reading time":"10 minutes"},"schema":{"@context":"https:\/\/schema.org","@graph":[{"@type":"WebPage","@id":"https:\/\/www.oxypharm.net\/pt-pt\/avisos-legais\/","url":"https:\/\/www.oxypharm.net\/pt-pt\/avisos-legais\/","name":"Avisos legais - Oxy&#039;Pharm","isPartOf":{"@id":"https:\/\/www.oxypharm.net\/#website"},"datePublished":"2023-01-09T16:06:30+00:00","breadcrumb":{"@id":"https:\/\/www.oxypharm.net\/pt-pt\/avisos-legais\/#breadcrumb"},"inLanguage":"pt-PT","potentialAction":[{"@type":"ReadAction","target":["https:\/\/www.oxypharm.net\/pt-pt\/avisos-legais\/"]}]},{"@type":"BreadcrumbList","@id":"https:\/\/www.oxypharm.net\/pt-pt\/avisos-legais\/#breadcrumb","itemListElement":[{"@type":"ListItem","position":1,"name":"Accueil","item":"https:\/\/www.oxypharm.net\/pt-pt\/"},{"@type":"ListItem","position":2,"name":"Avisos legais"}]},{"@type":"WebSite","@id":"https:\/\/www.oxypharm.net\/#website","url":"https:\/\/www.oxypharm.net\/","name":"Oxy&#039;Pharm","description":"","publisher":{"@id":"https:\/\/www.oxypharm.net\/#organization"},"potentialAction":[{"@type":"SearchAction","target":{"@type":"EntryPoint","urlTemplate":"https:\/\/www.oxypharm.net\/?s={search_term_string}"},"query-input":{"@type":"PropertyValueSpecification","valueRequired":true,"valueName":"search_term_string"}}],"inLanguage":"pt-PT"},{"@type":"Organization","@id":"https:\/\/www.oxypharm.net\/#organization","name":"Oxy'pharm","alternateName":"Oxypharm","url":"https:\/\/www.oxypharm.net\/","logo":{"@type":"ImageObject","inLanguage":"pt-PT","@id":"https:\/\/www.oxypharm.net\/#\/schema\/logo\/image\/","url":"https:\/\/www.oxypharm.net\/wp-content\/uploads\/2023\/06\/Logo-Medtradex-Oxypharm.jpg","contentUrl":"https:\/\/www.oxypharm.net\/wp-content\/uploads\/2023\/06\/Logo-Medtradex-Oxypharm.jpg","width":500,"height":500,"caption":"Oxy'pharm"},"image":{"@id":"https:\/\/www.oxypharm.net\/#\/schema\/logo\/image\/"},"sameAs":["https:\/\/www.facebook.com\/profile.php?id=100065087790394","https:\/\/x.com\/OxyPharm","https:\/\/www.instagram.com\/oxy_pharm\/","https:\/\/www.linkedin.com\/company\/oxy-pharm\/","https:\/\/www.youtube.com\/channel\/UCwTjwWFZWcMdPPlvkTuiurw"]}]}},"_links":{"self":[{"href":"https:\/\/www.oxypharm.net\/pt-pt\/wp-json\/wp\/v2\/pages\/11213","targetHints":{"allow":["GET"]}}],"collection":[{"href":"https:\/\/www.oxypharm.net\/pt-pt\/wp-json\/wp\/v2\/pages"}],"about":[{"href":"https:\/\/www.oxypharm.net\/pt-pt\/wp-json\/wp\/v2\/types\/page"}],"author":[{"embeddable":true,"href":"https:\/\/www.oxypharm.net\/pt-pt\/wp-json\/wp\/v2\/users\/1"}],"replies":[{"embeddable":true,"href":"https:\/\/www.oxypharm.net\/pt-pt\/wp-json\/wp\/v2\/comments?post=11213"}],"version-history":[{"count":0,"href":"https:\/\/www.oxypharm.net\/pt-pt\/wp-json\/wp\/v2\/pages\/11213\/revisions"}],"wp:attachment":[{"href":"https:\/\/www.oxypharm.net\/pt-pt\/wp-json\/wp\/v2\/media?parent=11213"}],"curies":[{"name":"wp","href":"https:\/\/api.w.org\/{rel}","templated":true}]}}