{"id":9756,"date":"2022-09-26T11:51:49","date_gmt":"2022-09-26T11:51:49","guid":{"rendered":"https:\/\/preprod.oxypharm.net\/faq\/"},"modified":"2023-05-26T12:43:10","modified_gmt":"2023-05-26T12:43:10","slug":"faq","status":"publish","type":"page","link":"https:\/\/www.oxypharm.net\/it\/faq\/","title":{"rendered":"FAQ"},"content":{"rendered":"<div class=\"wpb-content-wrapper\"><p>[vc_row full_width=&#8221;stretch_row&#8221; disable_element=&#8221;yes&#8221; el_class=&#8221;hero&#8221; css=&#8221;.vc_custom_1685104970918{margin-bottom: 85px !important;padding-top: 50px !important;padding-bottom: 0px !important;}&#8221;][vc_column][vc_custom_heading text=&#8221;Domande frequenti&#8221; font_container=&#8221;tag:h1|text_align:left&#8221; google_fonts=&#8221;font_family:Raleway%3A100%2C200%2C300%2Cregular%2C500%2C600%2C700%2C800%2C900|font_style:800%20bold%20regular%3A800%3Anormal&#8221; css=&#8221;.vc_custom_1643202561095{margin-bottom: 10px !important;}&#8221;][vc_column_text]<a href=\"\/\">Schermata iniziale<\/a> &gt; FAQ[\/vc_column_text][\/vc_column][\/vc_row][vc_row disable_element=&#8221;yes&#8221;][vc_column]<div id=\"mpc_tabs-969f83b77dde99\" class=\"mpc-tabs mpc-init mpc-transition mpc-tabs--top mpc-tabs--decor-line faq-tab\"  data-active=\"1\"><div class=\"mpc-tabs__nav mpc-align--left\"><ul><li class=\"mpc-tabs__nav-item mpc-parent-hover mpc-active\" data-tab_id=\"1648647257-1-67\"><div data-id=\"mpc_button-7869f83b77ddfca\" class=\"mpc-button mpc-init mpc-transition \" ><div class=\"mpc-button__content mpc-effect-type--none mpc-effect-side--none\"><span class=\"mpc-button__title mpc-transition\">Mode d'emploi<\/span><\/div><div class=\"mpc-button__background mpc-transition mpc-effect-type--fade mpc-effect-side--in\"><\/div><\/div><\/li><li class=\"mpc-tabs__nav-item mpc-parent-hover\" data-tab_id=\"1648647257-2-38\"><div data-id=\"mpc_button-4769f83b77de064\" class=\"mpc-button mpc-init mpc-transition \" ><div class=\"mpc-button__content mpc-effect-type--none mpc-effect-side--none\"><span class=\"mpc-button__title mpc-transition\">Fiche technique<\/span><\/div><div class=\"mpc-button__background mpc-transition mpc-effect-type--fade mpc-effect-side--in\"><\/div><\/div><\/li><li class=\"mpc-tabs__nav-item mpc-parent-hover\" data-tab_id=\"1648647348595-2-6\"><div data-id=\"mpc_button-6469f83b77de0f0\" class=\"mpc-button mpc-init mpc-transition \" ><div class=\"mpc-button__content mpc-effect-type--none mpc-effect-side--none\"><span class=\"mpc-button__title mpc-transition\">Brochure<\/span><\/div><div class=\"mpc-button__background mpc-transition mpc-effect-type--fade mpc-effect-side--in\"><\/div><\/div><\/li><\/ul><\/div><div class=\"mpc-tabs__content mpc-transition\"><div class=\"mpc-tab mpc-container mpc-transition \" id=\"1648647257-1-67\" data-active=\"true\"><div class=\"mpc-tab__content\">[vc_row_inner][vc_column_inner][vc_toggle title=&#8221;QUANTO SONO PERSISTENTI I VOSTRI PRODOTTI INSETTICIDI?&#8221; style=&#8221;arrow&#8221; color=&#8221;orange&#8221;]I nostri prodotti insetticidi sono efficaci per 4 settimane. I trattamenti devono quindi essere eseguiti periodicamente.[\/vc_toggle][vc_toggle title=&#8221;COS&#8217;\u00c8 LA DISINFEZIONE DELLE SUPERFICI PER VIA AEREA?&#8221; style=&#8221;arrow&#8221; color=&#8221;orange&#8221;]La disinfezione delle superfici per via aerea consente di trattare in modo automatizzato luoghi spesso inaccessibili o complessi da raggiungere per gli operatori, grazie a un apparecchio diffusore. L\u2019obiettivo \u00e8 una distribuzione omogenea del prodotto disinfettante sulle superfici da trattare.[\/vc_toggle][vc_toggle title=&#8221;COSA CONTENGONO I VOSTRI PRODOTTI INSETTICIDI?&#8221; style=&#8221;arrow&#8221; color=&#8221;orange&#8221;]La formula dei nostri prodotti insetticidi \u00e8 a base di piretrine naturali e permetrina.[\/vc_toggle][vc_toggle title=&#8221;LA DISINFEZIONE DELLE SUPERFICI PER VIA AEREA PU\u00d2 CREARE RESISTENZA AI BATTERI?&#8221; style=&#8221;arrow&#8221; color=&#8221;orange&#8221;]Il nostro sistema di disinfezione per via aerea \u00e8 completamente biodegradabile e non lascia residui sulle superfici: grazie al nostro metodo, si eviter\u00e0 qualsiasi tipo di resistenza ai batteri.<br \/>\nAl contrario, i sistemi di disinfezione per via aerea mediante prodotti non biodegradabili e che quindi lasciano residui sulle superfici, possono favorire la resistenza ai batteri.[\/vc_toggle][vc_toggle title=&#8221;LA DISINFEZIONE DELLE SUPERFICI PER VIA AEREA SOSTITUISCE LA PULIZIA?&#8221; style=&#8221;arrow&#8221; color=&#8221;orange&#8221;]No, si disinfetta soltanto ci\u00f2 che \u00e8 pulito. La pulizia consente di rimuovere le impurit\u00e0 e i microrganismi (biofilm) grazie a un prodotto detergente. Elimina gran parte dei microrganismi presenti sulla superficie.[\/vc_toggle][vc_toggle title=&#8221;SONO NECESSARI ULTERIORI INTERVENTI AL TERMINE DEL TEMPO DI CONTATTO, DOPO AVER UTILIZZATO IL VOSTRO SISTEMA DI DISINFEZIONE DELLE SUPERFICI PER VIA AEREA?&#8221; style=&#8221;arrow&#8221; color=&#8221;orange&#8221;]No, il nostro sistema non lascia residui sulla superficie in quanto \u00e8 completamente biodegradabile. Il nostro prodotto si scompone naturalmente in acqua e ossigeno dopo il tempo di contatto. Di conseguenza, non \u00e8 necessario risciacquare, ripulire le superfici o ventilare l\u2019ambiente trattato, dopo una procedura di disinfezione con il nostro sistema.[\/vc_toggle][vc_toggle title=&#8221;ANCHE I VOSTRI PRODOTTI PER LA DISINFESTAZIONE POSSONO ESSERE UTILIZZATI CON I VOSTRI DIFFUSORI?&#8221; style=&#8221;arrow&#8221; color=&#8221;orange&#8221;]I nostri prodotti insetticidi possono essere utilizzati anche in combinazione con i nostri diffusori, per garantire la dispersione omogenea del prodotto nell&#8217;ambiente trattato. Inoltre i nostri prodotti insetticidi possono essere utilizzati in combinazione con un atomizzatore per raggiungere determinate aree, per applicazioni locali.[\/vc_toggle][\/vc_column_inner][\/vc_row_inner]<\/div><\/div><div class=\"mpc-tab mpc-container mpc-transition \" id=\"1648647257-2-38\" data-active=\"false\"><div class=\"mpc-tab__content\">[vc_row_inner][vc_column_inner][vc_toggle title=&#8221;LA DISINFEZIONE DELLE SUPERFICI PER VIA AEREA \u00c8 NOCIVA PER L&#8217;UTENTE?&#8221; style=&#8221;arrow&#8221; color=&#8221;orange&#8221;]Poich\u00e9 la disinfezione delle superfici per via aerea pu\u00f2 avvenire senza la presenza dell&#8217;uomo (e non genera alcun residuo sulle superfici dopo il trattamento), \u00e8 un\u2019operazione priva di rischi per l&#8217;utente, a condizione che vengano rispettate le condizioni raccomandate per il trattamento.[\/vc_toggle][vc_toggle title=&#8221;ESISTE UNO STANDARD DI EFFICACIA PER LA DISINFEZIONE DELLE SUPERFICI PER VIA AEREA?&#8221; style=&#8221;arrow&#8221; color=&#8221;orange&#8221;]Tutti i processi di disinfezione delle superfici per via aerea sono conformi alla norma AFNOR NF T 72 281 (versione novembre 2014), volta a determinare l&#8217;efficacia battericida, fungicida, lieviticida, micobattericida, tubercolicida, sporicida e virucida (batteriofagi inclusi).<\/p>\n<p>Nell&#8217;ambito di questo standard di efficacia, i processi di disinfezione delle superfici per via aerea devono raggiungere i risultati elencati di seguito per poter essere commercializzati:<\/p>\n<ul>\n<li>Attivit\u00e0 battericida &#8211; Riduzione log \u2265 5<\/li>\n<li>Attivit\u00e0 lieviticida\/fungicida &#8211; Riduzione log \u2265 4<\/li>\n<li>Attivit\u00e0 sporicida &#8211; Riduzione log \u2265 3<\/li>\n<li>Attivit\u00e0 micobattericida &#8211; Riduzione log \u2265 4<\/li>\n<li>Attivit\u00e0 virucida &#8211; Riduzione log \u2265 4<\/li>\n<li>Attivit\u00e0 fungicida &#8211; Riduzione log \u2265 4<\/li>\n<li>Attivit\u00e0 batteriofaga &#8211; Riduzione log \u2265 4<\/li>\n<\/ul>\n<p>Questo standard definisce in modo molto preciso le condizioni di diffusione e la disposizione dei campioni contaminati, il loro orientamento, la sostanza interferente utilizzata, \u2026[\/vc_toggle][vc_toggle title=&#8221;TUTTI I PRODOTTI UTILIZZATI PER LA DISINFEZIONE DELLE SUPERFICI PER VIA AEREA SONO BIODEGRADABILI E PRIVI DI RESIDUI?&#8221; style=&#8221;arrow&#8221; color=&#8221;orange&#8221;]I prodotti unicamente a base di perossido di idrogeno sono perfettamente biodegradabili e non lasciano residui sulle superfici disinfettate.<\/p>\n<p>Al contrario, i prodotti contenenti acido peracetico sono aggressivi, corrosivi e lasciano residui sulle superfici.[\/vc_toggle][vc_toggle title=&#8221;IL VOSTRO SISTEMA PER LA DISINFEZIONE DELLE SUPERFICI PER VIA AEREA \u00c8 BIODEGRADABILE E PRIVO DI RESIDUI?&#8221; style=&#8221;arrow&#8221; color=&#8221;orange&#8221;]Il nostro sistema di disinfezione delle superfici per via aerea impiega un prodotto a base di perossido di idrogeno (privo di acido peracetico). \u00c8 quindi completamente biodegradabile e non lascia residui sulle superfici trattate.[\/vc_toggle][vc_toggle title=&#8221;ESISTE UNO STANDARD DI EFFICACIA PER LA DISINFEZIONE DELLE SUPERFICI PER VIA AEREA?&#8221; style=&#8221;arrow&#8221; color=&#8221;orange&#8221;]Tutti i processi di disinfezione delle superfici per via aerea sono conformi alla norma AFNOR NF T 72 281 (versione novembre 2014), volta a determinare l&#8217;efficacia battericida, fungicida, lieviticida, micobattericida, tubercolicida, sporicida e virucida (batteriofagi inclusi).<\/p>\n<p>Nell&#8217;ambito di questo standard di efficacia, i processi di disinfezione delle superfici per via aerea devono raggiungere i risultati elencati di seguito per poter essere commercializzati:<\/p>\n<ul>\n<li>Attivit\u00e0 battericida &#8211; Riduzione log \u2265 5<\/li>\n<li>Attivit\u00e0 lieviticida\/fungicida &#8211; Riduzione log \u2265 4<\/li>\n<li>Attivit\u00e0 sporicida &#8211; Riduzione log \u2265 3<\/li>\n<li>Attivit\u00e0 micobattericida &#8211; Riduzione log \u2265 4<\/li>\n<li>Attivit\u00e0 virucida &#8211; Riduzione log \u2265 4<\/li>\n<li>Attivit\u00e0 fungicida &#8211; Riduzione log \u2265 4<\/li>\n<li>Attivit\u00e0 batteriofaga &#8211; Riduzione log \u2265 4<\/li>\n<\/ul>\n<p>Questo standard definisce in modo molto preciso le condizioni di diffusione e la disposizione dei campioni contaminati, il loro orientamento, la sostanza interferente utilizzata, \u2026[\/vc_toggle][vc_toggle title=&#8221;IL VOSTRO SISTEMA PER LA DISINFEZIONE DELLE SUPERFICI PER VIA AEREA \u00c8 BIODEGRADABILE E PRIVO DI RESIDUI?&#8221; style=&#8221;arrow&#8221; color=&#8221;orange&#8221;]Il nostro sistema di disinfezione delle superfici per via aerea impiega un prodotto a base di perossido di idrogeno (privo di acido peracetico). \u00c8 quindi completamente biodegradabile e non lascia residui sulle superfici trattate.[\/vc_toggle][vc_toggle title=&#8221;TUTTI I PRODOTTI UTILIZZATI PER LA DISINFEZIONE DELLE SUPERFICI PER VIA AEREA SONO BIODEGRADABILI E PRIVI DI RESIDUI?&#8221; style=&#8221;arrow&#8221; color=&#8221;orange&#8221;]I prodotti unicamente a base di perossido di idrogeno sono perfettamente biodegradabili e non lasciano residui sulle superfici disinfettate.<\/p>\n<p>Al contrario, i prodotti contenenti acido peracetico sono aggressivi, corrosivi e lasciano residui sulle superfici.[\/vc_toggle][vc_toggle title=&#8221;I PRODOTTI IMPIEGATI NEL VOSTRO SISTEMA DI DISINFEZIONE DELLE SUPERFICI PER VIA AEREA SONO CORROSIVI?&#8221; style=&#8221;arrow&#8221; color=&#8221;orange&#8221;]I nostri prodotti sono unicamente a base di perossido di idrogeno (privi di acido peracetico, che ha propriet\u00e0 corrosive). Vengono erogati sotto forma di nebbia secca (trasformazione del prodotto liquido in gas) e non sono per nulla corrosivi per le superfici con cui vengono a contatto.[\/vc_toggle][vc_toggle title=&#8221;I PRODOTTI UTILIZZATI PER LA DISINFEZIONE DELLE SUPERFICI PER VIA AEREA SONO CORROSIVI?&#8221; style=&#8221;arrow&#8221; color=&#8221;orange&#8221;]I prodotti a base di perossido di idrogeno possono essere corrosivi se si diffondono in forma liquida e bagnano le superfici.<\/p>\n<p>Grazie alla diffusione sotto forma di nebbia secca, i prodotti a base di perossido di idrogeno non sono corrosivi per le superfici con cui vengono a contatto. I prodotti contenenti acido peracetico sono corrosivi per i materiali con cui vengono a contatto, indipendentemente dalla modalit\u00e0 di diffusione.I prodotti a base di formaldeide sono corrosivi e classificati come cancerogeni.[\/vc_toggle][\/vc_column_inner][\/vc_row_inner]<\/div><\/div><div class=\"mpc-tab mpc-container mpc-transition \" id=\"1648647348595-2-6\" data-active=\"false\"><div class=\"mpc-tab__content\">[vc_row_inner][vc_column_inner][vc_toggle title=&#8221;COS&#8217;\u00c8 LA DISINFEZIONE DELLE SUPERFICI PER VIA AEREA?&#8221; style=&#8221;arrow&#8221; color=&#8221;orange&#8221;]La disinfezione delle superfici per via aerea consente di trattare in modo automatizzato luoghi spesso inaccessibili o complessi da raggiungere per gli operatori, grazie a un apparecchio diffusore. L\u2019obiettivo \u00e8 una distribuzione omogenea del prodotto disinfettante sulle superfici da trattare.[\/vc_toggle][vc_toggle title=&#8221;I PRODOTTI IMPIEGATI NEL VOSTRO SISTEMA DI DISINFEZIONE DELLE SUPERFICI PER VIA AEREA SONO CORROSIVI?&#8221; style=&#8221;arrow&#8221; color=&#8221;orange&#8221;]I nostri prodotti sono unicamente a base di perossido di idrogeno (privi di acido peracetico, che ha propriet\u00e0 corrosive). Vengono erogati sotto forma di nebbia secca (trasformazione del prodotto liquido in gas) e non sono per nulla corrosivi per le superfici con cui vengono a contatto.[\/vc_toggle][vc_toggle title=&#8221;I PRODOTTI UTILIZZATI PER LA DISINFEZIONE DELLE SUPERFICI PER VIA AEREA SONO CORROSIVI?&#8221; style=&#8221;arrow&#8221; color=&#8221;orange&#8221;]I prodotti a base di perossido di idrogeno possono essere corrosivi se si diffondono in forma liquida e bagnano le superfici.Grazie alla diffusione sotto forma di nebbia secca, i prodotti a base di perossido di idrogeno non sono corrosivi per le superfici con cui vengono a contatto.I prodotti contenenti acido peracetico sono corrosivi per i materiali con cui vengono a contatto, indipendentemente dalla modalit\u00e0 di diffusione.I prodotti a base di formaldeide sono corrosivi e classificati come cancerogeni.[\/vc_toggle][vc_toggle title=&#8221;LA DISINFEZIONE DELLE SUPERFICI PER VIA AEREA \u00c8 NOCIVA PER L&#8217;UTENTE?&#8221; style=&#8221;arrow&#8221; color=&#8221;orange&#8221;]Poich\u00e9 la disinfezione delle superfici per via aerea pu\u00f2 avvenire senza la presenza dell&#8217;uomo (e non genera alcun residuo sulle superfici dopo il trattamento), \u00e8 un\u2019operazione priva di rischi per l&#8217;utente, a condizione che vengano rispettate le condizioni raccomandate per il trattamento.[\/vc_toggle][vc_toggle title=&#8221;LA DISINFEZIONE DELLE SUPERFICI PER VIA AEREA PU\u00d2 CREARE DELLE RESISTENZE AI BATTERI?&#8221; style=&#8221;arrow&#8221; color=&#8221;orange&#8221;]Il nostro sistema di disinfezione per via aerea \u00e8 completamente biodegradabile e non lascia residui sulle superfici: grazie al nostro metodo, si eviter\u00e0 qualsiasi tipo di resistenza ai batteri.<\/p>\n<p>Al contrario, i sistemi di disinfezione per via aerea mediante prodotti non biodegradabili e che quindi lasciano residui sulle superfici, possono favorire la resistenza ai batteri.[\/vc_toggle][vc_toggle title=&#8221;SONO NECESSARI ULTERIORI INTERVENTI AL TERMINE DEL TEMPO DI CONTATTO, DOPO AVER UTILIZZATO IL VOSTRO SISTEMA DI DISINFEZIONE DELLE SUPERFICI PER VIA AEREA?&#8221; style=&#8221;arrow&#8221; color=&#8221;orange&#8221;]No, il nostro sistema non lascia residui sulla superficie in quanto \u00e8 completamente biodegradabile. Il nostro prodotto si scompone naturalmente in acqua e ossigeno dopo il tempo di contatto. Di conseguenza, non \u00e8 necessario risciacquare, ripulire le superfici o ventilare l\u2019ambiente trattato, dopo una procedura di disinfezione con il nostro sistema.[\/vc_toggle][vc_toggle title=&#8221;LA DISINFEZIONE DELLE SUPERFICI PER VIA AEREA SOSTITUISCE LA PULIZIA?&#8221; style=&#8221;arrow&#8221; color=&#8221;orange&#8221;]No, si disinfetta soltanto ci\u00f2 che \u00e8 pulito. La pulizia consente di rimuovere le impurit\u00e0 e i microrganismi (biofilm) grazie a un prodotto detergente. Elimina gran parte dei microrganismi presenti sulla superficie.[\/vc_toggle][vc_toggle title=&#8221;ANCHE I VOSTRI PRODOTTI PER LA DISINFESTAZIONE POSSONO ESSERE UTILIZZATI CON I VOSTRI DIFFUSORI?&#8221; style=&#8221;arrow&#8221; color=&#8221;orange&#8221;]I nostri prodotti insetticidi possono essere utilizzati anche in combinazione con i nostri diffusori, per garantire la dispersione omogenea del prodotto nell&#8217;ambiente trattato. Inoltre i nostri prodotti insetticidi possono essere utilizzati in combinazione con un atomizzatore per raggiungere determinate aree, per applicazioni locali.[\/vc_toggle][vc_toggle title=&#8221;COSA CONTENGONO I VOSTRI PRODOTTI INSETTICIDI?&#8221; style=&#8221;arrow&#8221; color=&#8221;orange&#8221;]La formula dei nostri prodotti insetticidi \u00e8 a base di piretrine naturali e permetrina.[\/vc_toggle][vc_toggle title=&#8221;QUANTO SONO PERSISTENTI I VOSTRI PRODOTTI INSETTICIDI?&#8221; style=&#8221;arrow&#8221; color=&#8221;orange&#8221;]I nostri prodotti insetticidi sono efficaci per 4 settimane. I trattamenti devono quindi essere eseguiti periodicamente.[\/vc_toggle][\/vc_column_inner][\/vc_row_inner]<\/div><\/div><\/div><\/div>[\/vc_column][\/vc_row]<\/p>\n<\/div>","protected":false},"excerpt":{"rendered":"<p>[vc_row full_width=&#8221;stretch_row&#8221; disable_element=&#8221;yes&#8221; el_class=&#8221;hero&#8221; css=&#8221;.vc_custom_1685104970918{margin-bottom: 85px !important;padding-top: 50px !important;padding-bottom: 0px !important;}&#8221;][vc_column][vc_custom_heading text=&#8221;Domande frequenti&#8221; font_container=&#8221;tag:h1|text_align:left&#8221; google_fonts=&#8221;font_family:Raleway%3A100%2C200%2C300%2Cregular%2C500%2C600%2C700%2C800%2C900|font_style:800%20bold%20regular%3A800%3Anormal&#8221; css=&#8221;.vc_custom_1643202561095{margin-bottom: 10px !important;}&#8221;][vc_column_text]Schermata iniziale &gt;<\/p>\n","protected":false},"author":1,"featured_media":0,"parent":0,"menu_order":0,"comment_status":"closed","ping_status":"closed","template":"","meta":{"_acf_changed":false,"footnotes":""},"class_list":["post-9756","page","type-page","status-publish","hentry"],"acf":[],"yoast_head":"<!-- This site is optimized with the Yoast SEO plugin v26.1.1 - https:\/\/yoast.com\/wordpress\/plugins\/seo\/ -->\n<title>FAQ - Oxy&#039;Pharm<\/title>\n<meta name=\"robots\" content=\"index, follow, max-snippet:-1, max-image-preview:large, max-video-preview:-1\" \/>\n<link rel=\"canonical\" href=\"https:\/\/www.oxypharm.net\/it\/faq\/\" \/>\n<meta property=\"og:locale\" content=\"it_IT\" \/>\n<meta property=\"og:type\" content=\"article\" \/>\n<meta property=\"og:title\" content=\"FAQ - Oxy&#039;Pharm\" \/>\n<meta property=\"og:description\" content=\"[vc_row full_width=&#8221;stretch_row&#8221; disable_element=&#8221;yes&#8221; el_class=&#8221;hero&#8221; css=&#8221;.vc_custom_1685104970918{margin-bottom: 85px !important;padding-top: 50px !important;padding-bottom: 0px !important;}&#8221;][vc_column][vc_custom_heading text=&#8221;Domande frequenti&#8221; font_container=&#8221;tag:h1|text_align:left&#8221; google_fonts=&#8221;font_family:Raleway%3A100%2C200%2C300%2Cregular%2C500%2C600%2C700%2C800%2C900|font_style:800%20bold%20regular%3A800%3Anormal&#8221; css=&#8221;.vc_custom_1643202561095{margin-bottom: 10px !important;}&#8221;][vc_column_text]Schermata iniziale &gt;\" \/>\n<meta property=\"og:url\" content=\"https:\/\/www.oxypharm.net\/it\/faq\/\" \/>\n<meta property=\"og:site_name\" content=\"Oxy&#039;Pharm\" \/>\n<meta property=\"article:publisher\" content=\"https:\/\/www.facebook.com\/profile.php?id=100065087790394\" \/>\n<meta property=\"article:modified_time\" content=\"2023-05-26T12:43:10+00:00\" \/>\n<meta name=\"twitter:card\" content=\"summary_large_image\" \/>\n<meta name=\"twitter:site\" content=\"@OxyPharm\" \/>\n<meta name=\"twitter:label1\" content=\"Est. reading time\" \/>\n\t<meta name=\"twitter:data1\" content=\"10 minutes\" \/>\n<script type=\"application\/ld+json\" class=\"yoast-schema-graph\">{\"@context\":\"https:\/\/schema.org\",\"@graph\":[{\"@type\":\"WebPage\",\"@id\":\"https:\/\/www.oxypharm.net\/it\/faq\/\",\"url\":\"https:\/\/www.oxypharm.net\/it\/faq\/\",\"name\":\"FAQ - Oxy&#039;Pharm\",\"isPartOf\":{\"@id\":\"https:\/\/www.oxypharm.net\/#website\"},\"datePublished\":\"2022-09-26T11:51:49+00:00\",\"dateModified\":\"2023-05-26T12:43:10+00:00\",\"breadcrumb\":{\"@id\":\"https:\/\/www.oxypharm.net\/it\/faq\/#breadcrumb\"},\"inLanguage\":\"it-IT\",\"potentialAction\":[{\"@type\":\"ReadAction\",\"target\":[\"https:\/\/www.oxypharm.net\/it\/faq\/\"]}]},{\"@type\":\"BreadcrumbList\",\"@id\":\"https:\/\/www.oxypharm.net\/it\/faq\/#breadcrumb\",\"itemListElement\":[{\"@type\":\"ListItem\",\"position\":1,\"name\":\"Accueil\",\"item\":\"https:\/\/www.oxypharm.net\/it\/\"},{\"@type\":\"ListItem\",\"position\":2,\"name\":\"FAQ\"}]},{\"@type\":\"WebSite\",\"@id\":\"https:\/\/www.oxypharm.net\/#website\",\"url\":\"https:\/\/www.oxypharm.net\/\",\"name\":\"Oxy&#039;Pharm\",\"description\":\"\",\"publisher\":{\"@id\":\"https:\/\/www.oxypharm.net\/#organization\"},\"potentialAction\":[{\"@type\":\"SearchAction\",\"target\":{\"@type\":\"EntryPoint\",\"urlTemplate\":\"https:\/\/www.oxypharm.net\/?s={search_term_string}\"},\"query-input\":{\"@type\":\"PropertyValueSpecification\",\"valueRequired\":true,\"valueName\":\"search_term_string\"}}],\"inLanguage\":\"it-IT\"},{\"@type\":\"Organization\",\"@id\":\"https:\/\/www.oxypharm.net\/#organization\",\"name\":\"Oxy'pharm\",\"alternateName\":\"Oxypharm\",\"url\":\"https:\/\/www.oxypharm.net\/\",\"logo\":{\"@type\":\"ImageObject\",\"inLanguage\":\"it-IT\",\"@id\":\"https:\/\/www.oxypharm.net\/#\/schema\/logo\/image\/\",\"url\":\"https:\/\/www.oxypharm.net\/wp-content\/uploads\/2023\/06\/Logo-Medtradex-Oxypharm.jpg\",\"contentUrl\":\"https:\/\/www.oxypharm.net\/wp-content\/uploads\/2023\/06\/Logo-Medtradex-Oxypharm.jpg\",\"width\":500,\"height\":500,\"caption\":\"Oxy'pharm\"},\"image\":{\"@id\":\"https:\/\/www.oxypharm.net\/#\/schema\/logo\/image\/\"},\"sameAs\":[\"https:\/\/www.facebook.com\/profile.php?id=100065087790394\",\"https:\/\/x.com\/OxyPharm\",\"https:\/\/www.instagram.com\/oxy_pharm\/\",\"https:\/\/www.linkedin.com\/company\/oxy-pharm\/\",\"https:\/\/www.youtube.com\/channel\/UCwTjwWFZWcMdPPlvkTuiurw\"]}]}<\/script>\n<!-- \/ Yoast SEO plugin. -->","yoast_head_json":{"title":"FAQ - Oxy&#039;Pharm","robots":{"index":"index","follow":"follow","max-snippet":"max-snippet:-1","max-image-preview":"max-image-preview:large","max-video-preview":"max-video-preview:-1"},"canonical":"https:\/\/www.oxypharm.net\/it\/faq\/","og_locale":"it_IT","og_type":"article","og_title":"FAQ - Oxy&#039;Pharm","og_description":"[vc_row full_width=&#8221;stretch_row&#8221; disable_element=&#8221;yes&#8221; el_class=&#8221;hero&#8221; css=&#8221;.vc_custom_1685104970918{margin-bottom: 85px !important;padding-top: 50px !important;padding-bottom: 0px !important;}&#8221;][vc_column][vc_custom_heading text=&#8221;Domande frequenti&#8221; font_container=&#8221;tag:h1|text_align:left&#8221; google_fonts=&#8221;font_family:Raleway%3A100%2C200%2C300%2Cregular%2C500%2C600%2C700%2C800%2C900|font_style:800%20bold%20regular%3A800%3Anormal&#8221; css=&#8221;.vc_custom_1643202561095{margin-bottom: 10px !important;}&#8221;][vc_column_text]Schermata iniziale &gt;","og_url":"https:\/\/www.oxypharm.net\/it\/faq\/","og_site_name":"Oxy&#039;Pharm","article_publisher":"https:\/\/www.facebook.com\/profile.php?id=100065087790394","article_modified_time":"2023-05-26T12:43:10+00:00","twitter_card":"summary_large_image","twitter_site":"@OxyPharm","twitter_misc":{"Est. reading time":"10 minutes"},"schema":{"@context":"https:\/\/schema.org","@graph":[{"@type":"WebPage","@id":"https:\/\/www.oxypharm.net\/it\/faq\/","url":"https:\/\/www.oxypharm.net\/it\/faq\/","name":"FAQ - Oxy&#039;Pharm","isPartOf":{"@id":"https:\/\/www.oxypharm.net\/#website"},"datePublished":"2022-09-26T11:51:49+00:00","dateModified":"2023-05-26T12:43:10+00:00","breadcrumb":{"@id":"https:\/\/www.oxypharm.net\/it\/faq\/#breadcrumb"},"inLanguage":"it-IT","potentialAction":[{"@type":"ReadAction","target":["https:\/\/www.oxypharm.net\/it\/faq\/"]}]},{"@type":"BreadcrumbList","@id":"https:\/\/www.oxypharm.net\/it\/faq\/#breadcrumb","itemListElement":[{"@type":"ListItem","position":1,"name":"Accueil","item":"https:\/\/www.oxypharm.net\/it\/"},{"@type":"ListItem","position":2,"name":"FAQ"}]},{"@type":"WebSite","@id":"https:\/\/www.oxypharm.net\/#website","url":"https:\/\/www.oxypharm.net\/","name":"Oxy&#039;Pharm","description":"","publisher":{"@id":"https:\/\/www.oxypharm.net\/#organization"},"potentialAction":[{"@type":"SearchAction","target":{"@type":"EntryPoint","urlTemplate":"https:\/\/www.oxypharm.net\/?s={search_term_string}"},"query-input":{"@type":"PropertyValueSpecification","valueRequired":true,"valueName":"search_term_string"}}],"inLanguage":"it-IT"},{"@type":"Organization","@id":"https:\/\/www.oxypharm.net\/#organization","name":"Oxy'pharm","alternateName":"Oxypharm","url":"https:\/\/www.oxypharm.net\/","logo":{"@type":"ImageObject","inLanguage":"it-IT","@id":"https:\/\/www.oxypharm.net\/#\/schema\/logo\/image\/","url":"https:\/\/www.oxypharm.net\/wp-content\/uploads\/2023\/06\/Logo-Medtradex-Oxypharm.jpg","contentUrl":"https:\/\/www.oxypharm.net\/wp-content\/uploads\/2023\/06\/Logo-Medtradex-Oxypharm.jpg","width":500,"height":500,"caption":"Oxy'pharm"},"image":{"@id":"https:\/\/www.oxypharm.net\/#\/schema\/logo\/image\/"},"sameAs":["https:\/\/www.facebook.com\/profile.php?id=100065087790394","https:\/\/x.com\/OxyPharm","https:\/\/www.instagram.com\/oxy_pharm\/","https:\/\/www.linkedin.com\/company\/oxy-pharm\/","https:\/\/www.youtube.com\/channel\/UCwTjwWFZWcMdPPlvkTuiurw"]}]}},"_links":{"self":[{"href":"https:\/\/www.oxypharm.net\/it\/wp-json\/wp\/v2\/pages\/9756","targetHints":{"allow":["GET"]}}],"collection":[{"href":"https:\/\/www.oxypharm.net\/it\/wp-json\/wp\/v2\/pages"}],"about":[{"href":"https:\/\/www.oxypharm.net\/it\/wp-json\/wp\/v2\/types\/page"}],"author":[{"embeddable":true,"href":"https:\/\/www.oxypharm.net\/it\/wp-json\/wp\/v2\/users\/1"}],"replies":[{"embeddable":true,"href":"https:\/\/www.oxypharm.net\/it\/wp-json\/wp\/v2\/comments?post=9756"}],"version-history":[{"count":5,"href":"https:\/\/www.oxypharm.net\/it\/wp-json\/wp\/v2\/pages\/9756\/revisions"}],"predecessor-version":[{"id":15461,"href":"https:\/\/www.oxypharm.net\/it\/wp-json\/wp\/v2\/pages\/9756\/revisions\/15461"}],"wp:attachment":[{"href":"https:\/\/www.oxypharm.net\/it\/wp-json\/wp\/v2\/media?parent=9756"}],"curies":[{"name":"wp","href":"https:\/\/api.w.org\/{rel}","templated":true}]}}