{"id":9528,"date":"2022-09-26T11:51:12","date_gmt":"2022-09-26T11:51:12","guid":{"rendered":"https:\/\/preprod.oxypharm.net\/il-gruppo\/il-nostro-know-how\/"},"modified":"2023-04-14T14:30:04","modified_gmt":"2023-04-14T14:30:04","slug":"il-nostro-know-how","status":"publish","type":"page","link":"https:\/\/www.oxypharm.net\/it\/il-gruppo\/il-nostro-know-how\/","title":{"rendered":"Il nostro know-how"},"content":{"rendered":"<div class=\"wpb-content-wrapper\"><p>[vc_row full_width=&#8221;stretch_row&#8221; el_class=&#8221;hero&#8221; css=&#8221;.vc_custom_1634551092541{margin-bottom: 65px !important;padding-top: 50px !important;padding-bottom: 0px !important;}&#8221;][vc_column][vc_custom_heading text=&#8221;Il nostro know-how&#8221; font_container=&#8221;tag:h1|text_align:left&#8221; google_fonts=&#8221;font_family:Raleway%3A100%2C200%2C300%2Cregular%2C500%2C600%2C700%2C800%2C900|font_style:900%20bold%20regular%3A900%3Anormal&#8221;][vc_column_text]<a href=\"\/\">Schermata iniziale<\/a> &gt; Il nostro know-how[\/vc_column_text][\/vc_column][\/vc_row][vc_row css=&#8221;.vc_custom_1646992576238{margin-bottom: 50px !important;}&#8221;][vc_column][vc_custom_heading text=&#8221;L&#8217;igiene e la sicurezza<br \/>\nsono la nostra priorit\u00e0.&#8221; use_theme_fonts=&#8221;yes&#8221;][\/vc_column][\/vc_row][vc_row][vc_column][vc_column_text el_class=&#8221;intro&#8221;]Oxy&#8217;Pharm offre affiancamento durante tutto il processo di igienizzazione, dalla pulizia alla disinfezione. I nostri team sono presenti in tutta la Francia e a livello internazionale per rispondere alle diverse esigenze del cliente.Oxy&#8217;Pharm fornisce inoltre formazione per il personale sull&#8217;utilizzo dei suoi sistemi di pulizia. <strong>Poich\u00e9 disinfettiamo solo ci\u00f2 che \u00e8 pulito, la fase di sgrossatura e di sanificazione sono alla base del processo di bio-pulizia<\/strong>. La sgrossatura e la sanificazione sono due operazioni impiegate nel processo di pulizia della camera bianca. Si tratta di due fasi distinte e susseguenti. Tali operazioni vengono effettuate prima dei test di conformit\u00e0, necessari alla qualificazione secondo un protocollo ben definito e garantiscono cos\u00ec l&#8217;efficacia del risultato e la sua ripetibilit\u00e0.[\/vc_column_text][\/vc_column][\/vc_row][vc_row full_width=&#8221;stretch_row&#8221; enable_parallax=&#8221;true&#8221; parallax_background=&#8221;2973&#8243; css=&#8221;.vc_custom_1646992599559{margin-top: 20px !important;margin-bottom: 20px !important;padding-top: 240px !important;padding-bottom: 240px !important;background-image: url(https:\/\/www.oxypharm.net\/wp-content\/uploads\/2022\/03\/batiment_oxypharm_paris.jpg?id=2956) !important;background-position: center !important;background-repeat: no-repeat !important;background-size: cover !important;}&#8221;][vc_column][\/vc_column][\/vc_row][vc_row css=&#8221;.vc_custom_1634551265374{margin-bottom: 60px !important;}&#8221;][vc_column][vc_custom_heading text=&#8221;Normativa e certificazioni&#8221; use_theme_fonts=&#8221;yes&#8221;][\/vc_column][\/vc_row][vc_row css=&#8221;.vc_custom_1646992639668{margin-bottom: 50px !important;}&#8221;][vc_column][vc_custom_heading text=&#8221;Qualit\u00e0 e sicurezza&#8221; font_container=&#8221;tag:h4|text_align:left&#8221; use_theme_fonts=&#8221;yes&#8221;][\/vc_column][\/vc_row][vc_row css=&#8221;.vc_custom_1646992783093{margin-bottom: 30px !important;}&#8221;][vc_column][vc_column_text el_class=&#8221;intro&#8221;]Puntare all&#8217;eccellenza in termini di certificazioni \u00e8 l\u2019obiettivo del gruppo Oxy&#8217;Pharm!<\/p>\n<p>L&#8217;efficacia dei nostri prodotti \u00e8 stata dimostrata da numerose ricerche e studi condotti da professionisti riconosciuti nel campo della disinfezione presso laboratori indipendenti e accreditati da Cofrac. Pertanto, tutte le nostre soluzioni sono conformi alle norme vigenti.[\/vc_column_text][\/vc_column][\/vc_row][vc_row css=&#8221;.vc_custom_1646992788199{margin-bottom: 50px !important;}&#8221;][vc_column][vc_custom_heading text=&#8221;Quali norme per quali soluzioni?&#8221; font_container=&#8221;tag:h4|text_align:left&#8221; use_theme_fonts=&#8221;yes&#8221;][\/vc_column][\/vc_row][vc_row css=&#8221;.vc_custom_1646992705447{margin-top: 50px !important;margin-bottom: 65px !important;}&#8221;][vc_column width=&#8221;1\/4&#8243;][vc_single_image image=&#8221;3022&#8243; img_size=&#8221;large&#8221; alignment=&#8221;center&#8221; effects_enabled_delay=&#8221;&#8221; el_class=&#8221;expertise_thumb&#8221;][vc_column_text effects_enabled_delay=&#8221;&#8221;]<\/p>\n<p class=\"p1\" style=\"text-align: center;\"><strong>NF 72-110<\/strong><\/p>\n<p class=\"p1\" style=\"text-align: center;\">spettro d\u2019azione: battericida, lieviticida, fungicida e virucida<\/p>\n<p class=\"p1\" style=\"text-align: center;\"><strong>Dispositivi medici<\/strong> <strong>di Classe IIa<\/strong> &#8211; Organismo notificato: GMED 0459<\/p>\n<p>[\/vc_column_text][\/vc_column][vc_column width=&#8221;1\/4&#8243;][vc_single_image image=&#8221;3043&#8243; alignment=&#8221;center&#8221; effects_enabled_delay=&#8221;&#8221; el_class=&#8221;expertise_thumb&#8221;][vc_column_text effects_enabled_delay=&#8221;&#8221;]<\/p>\n<p style=\"text-align: center;\"><strong>EN 17272<\/strong><\/p>\n<p style=\"text-align: center;\">spettro d\u2019azione: battericida, fungicida, virucida, sporicida e lieviticida<\/p>\n<p>[\/vc_column_text][\/vc_column][vc_column width=&#8221;1\/4&#8243;][vc_single_image image=&#8221;3029&#8243; alignment=&#8221;center&#8221; effects_enabled_delay=&#8221;&#8221; el_class=&#8221;expertise_thumb&#8221;][vc_column_text effects_enabled_delay=&#8221;&#8221;]<\/p>\n<p style=\"text-align: center;\"><strong>EN 17272 <\/strong><\/p>\n<p style=\"text-align: center;\">spettro d\u2019azione: battericida, fungicida, virucida, sporicida e lieviticida<\/p>\n<p>[\/vc_column_text][\/vc_column][vc_column width=&#8221;1\/4&#8243;][vc_single_image image=&#8221;3036&#8243; img_size=&#8221;medium&#8221; alignment=&#8221;center&#8221; effects_enabled_delay=&#8221;&#8221; el_class=&#8221;expertise_thumb&#8221;][vc_column_text effects_enabled_delay=&#8221;&#8221;]<\/p>\n<p style=\"text-align: center;\"><strong>Membro della CS3D<\/strong>, Chambre Syndicale des entreprises dites 3D (Unione sindacale delle aziende di derattizzazione, disinfezione e disinfestazione da insetti)<br \/>\n<strong>Titolare del certificato Certibiocide<\/strong>, rilasciato dal Ministero della Transizione ecologica e solidale<\/p>\n<p>[\/vc_column_text][\/vc_column][\/vc_row][vc_row css=&#8221;.vc_custom_1634551265374{margin-bottom: 60px !important;}&#8221;][vc_column][vc_custom_heading text=&#8221;Dicono di noi&#8230;&#8221; use_theme_fonts=&#8221;yes&#8221;][\/vc_column][\/vc_row][vc_row][vc_column]<div class=\"mpc-carousel__wrapper mpc-waypoint\"><div id=\"mpc_carousel_posts-369f2a2cee09b9\" class=\"mpc-carousel-posts mpc-init mpc-init mpc-transition mpc-overlay--fade mpc-item--fade mpc-layout--style_2  \"   data-mpcslick='{\"infinite\":false,\"autoplay\":true,\"slidesToShow\":2,\"slidesToScroll\":1,\"centerMode\":false,\"initialSlide\":0,\"autoplaySpeed\":1000}' data-slick-cols=\"2\"><div onclick=\"\" class=\"mpc-post\"><div class=\"mpc-post__wrapper\"><div class=\"mpc-post__thumbnail\" data-mpc_src=\"https:\/\/www.oxypharm.net\/wp-content\/uploads\/2022\/09\/image-8.jpg\" data-mpc_link=\"https:\/\/www.oxypharm.net\/it\/vaiolo-delle-scimmie-combattere-la-trasmissione-del-vaiolo-delle-scimmie-con-una-soluzione-di-disinfezione-ecologica\/\"><div class=\"mpc-post__overlay mpc-transition\"><div class=\"mpc-post--vertical-wrap\"><div class=\"mpc-post--vertical\" data-mpc_link=\"https:\/\/www.oxypharm.net\/it\/vaiolo-delle-scimmie-combattere-la-trasmissione-del-vaiolo-delle-scimmie-con-una-soluzione-di-disinfezione-ecologica\/\"><a href=\"https:\/\/www.oxypharm.net\/wp-content\/uploads\/2022\/09\/image-8.jpg\" title=\"Mpox : Combatti il \u200b\u200bvirus con una soluzione di disinfezione eco-responsabile\" class=\"mpc-lightbox mpc-icon-anchor mpc-magnific-popup\"><\/a><a href=\"https:\/\/www.oxypharm.net\/it\/vaiolo-delle-scimmie-combattere-la-trasmissione-del-vaiolo-delle-scimmie-con-una-soluzione-di-disinfezione-ecologica\/\" title=\"Read more about Mpox : Combatti il \u200b\u200bvirus con una soluzione di disinfezione eco-responsabile\" class=\"mpc-icon-anchor\"><\/a><\/div><\/div><\/div><\/div><div class=\"mpc-post__content mpc-transition\"><h3 class=\"mpc-post__heading mpc-transition mpc-text-overflow\"><a href=\"https:\/\/www.oxypharm.net\/it\/vaiolo-delle-scimmie-combattere-la-trasmissione-del-vaiolo-delle-scimmie-con-una-soluzione-di-disinfezione-ecologica\/\" title=\"Mpox : Combatti il \u200b\u200bvirus con una soluzione di disinfezione eco-responsabile\">Mpox : Combatti il \u200b\u200bvirus con una soluzione di disinfezione eco-responsabile<\/a><\/h3><div class=\"mpc-post__description\">[vc_row][vc_column][vc_column_text css=&#8221;&#8221;] Il 14 agosto, l\u2019OMS ha dichiarato un livello massimo di allerta sanitaria internazionale in risposta all\u2019aumento dei casi<\/div><a href=\"https:\/\/www.oxypharm.net\/it\/vaiolo-delle-scimmie-combattere-la-trasmissione-del-vaiolo-delle-scimmie-con-una-soluzione-di-disinfezione-ecologica\/\" title=\"Mpox : Combatti il \u200b\u200bvirus con una soluzione di disinfezione eco-responsabile\"  class=\"mpc-button mpc-init mpc-transition mpc-typography--mpc_preset_17 \" ><div class=\"mpc-button__content mpc-effect-type--none mpc-effect-side--none\"><span class=\"mpc-button__title mpc-transition\">Per saperne di pi\u00f9<\/span><\/div><div class=\"mpc-button__background mpc-transition mpc-effect-type--fade mpc-effect-side--in\"><\/div><\/a><\/div><\/div><\/div><div onclick=\"\" class=\"mpc-post\"><div class=\"mpc-post__wrapper\"><div class=\"mpc-post__thumbnail\" data-mpc_src=\"https:\/\/www.oxypharm.net\/wp-content\/uploads\/2021\/12\/professeur_alain_sarasin.jpg\" data-mpc_link=\"https:\/\/www.oxypharm.net\/it\/prof-alain-sarasin-direttore-ricerche-del-cnrs-centre-national-de-la-recherche-scientifique\/\"><div class=\"mpc-post__overlay mpc-transition\"><div class=\"mpc-post--vertical-wrap\"><div class=\"mpc-post--vertical\" data-mpc_link=\"https:\/\/www.oxypharm.net\/it\/prof-alain-sarasin-direttore-ricerche-del-cnrs-centre-national-de-la-recherche-scientifique\/\"><a href=\"https:\/\/www.oxypharm.net\/wp-content\/uploads\/2021\/12\/professeur_alain_sarasin.jpg\" title=\"Prof. Alain Sarasin, direttore ricerche del CNRS (Centre national de la recherche scientifique)\" class=\"mpc-lightbox mpc-icon-anchor mpc-magnific-popup\"><\/a><a href=\"https:\/\/www.oxypharm.net\/it\/prof-alain-sarasin-direttore-ricerche-del-cnrs-centre-national-de-la-recherche-scientifique\/\" title=\"Read more about Prof. Alain Sarasin, direttore ricerche del CNRS (Centre national de la recherche scientifique)\" class=\"mpc-icon-anchor\"><\/a><\/div><\/div><\/div><\/div><div class=\"mpc-post__content mpc-transition\"><h3 class=\"mpc-post__heading mpc-transition mpc-text-overflow\"><a href=\"https:\/\/www.oxypharm.net\/it\/prof-alain-sarasin-direttore-ricerche-del-cnrs-centre-national-de-la-recherche-scientifique\/\" title=\"Prof. Alain Sarasin, direttore ricerche del CNRS (Centre national de la recherche scientifique)\">Prof. Alain Sarasin, direttore ricerche del CNRS (Centre national de la recherche scientifique)<\/a><\/h3><div class=\"mpc-post__description\">[vc_row][vc_column][vc_column_text] In un laboratorio che analizzava i rischi di cancro, l&#8217;impiego di materiale cancerogeno in quanto tale non era una<\/div><a href=\"https:\/\/www.oxypharm.net\/it\/prof-alain-sarasin-direttore-ricerche-del-cnrs-centre-national-de-la-recherche-scientifique\/\" title=\"Prof. Alain Sarasin, direttore ricerche del CNRS (Centre national de la recherche scientifique)\"  class=\"mpc-button mpc-init mpc-transition mpc-typography--mpc_preset_17 \" ><div class=\"mpc-button__content mpc-effect-type--none mpc-effect-side--none\"><span class=\"mpc-button__title mpc-transition\">Per saperne di pi\u00f9<\/span><\/div><div class=\"mpc-button__background mpc-transition mpc-effect-type--fade mpc-effect-side--in\"><\/div><\/a><\/div><\/div><\/div><div onclick=\"\" class=\"mpc-post\"><div class=\"mpc-post__wrapper\"><div class=\"mpc-post__thumbnail\" data-mpc_src=\"https:\/\/www.oxypharm.net\/wp-content\/uploads\/2021\/10\/docteur_didier_lecointe.jpg\" data-mpc_link=\"https:\/\/www.oxypharm.net\/it\/dr-didier-lecointe-presidente-del-clin-comitato-per-la-lotta-alle-infezioni-nosocomiali\/\"><div class=\"mpc-post__overlay mpc-transition\"><div class=\"mpc-post--vertical-wrap\"><div class=\"mpc-post--vertical\" data-mpc_link=\"https:\/\/www.oxypharm.net\/it\/dr-didier-lecointe-presidente-del-clin-comitato-per-la-lotta-alle-infezioni-nosocomiali\/\"><a href=\"https:\/\/www.oxypharm.net\/wp-content\/uploads\/2021\/10\/docteur_didier_lecointe.jpg\" title=\"Dr. Didier Lecointe, Presidente del CLIN (Comitato per la lotta alle infezioni nosocomiali)\" class=\"mpc-lightbox mpc-icon-anchor mpc-magnific-popup\"><\/a><a href=\"https:\/\/www.oxypharm.net\/it\/dr-didier-lecointe-presidente-del-clin-comitato-per-la-lotta-alle-infezioni-nosocomiali\/\" title=\"Read more about Dr. Didier Lecointe, Presidente del CLIN (Comitato per la lotta alle infezioni nosocomiali)\" class=\"mpc-icon-anchor\"><\/a><\/div><\/div><\/div><\/div><div class=\"mpc-post__content mpc-transition\"><h3 class=\"mpc-post__heading mpc-transition mpc-text-overflow\"><a href=\"https:\/\/www.oxypharm.net\/it\/dr-didier-lecointe-presidente-del-clin-comitato-per-la-lotta-alle-infezioni-nosocomiali\/\" title=\"Dr. Didier Lecointe, Presidente del CLIN (Comitato per la lotta alle infezioni nosocomiali)\">Dr. Didier Lecointe, Presidente del CLIN (Comitato per la lotta alle infezioni nosocomiali)<\/a><\/h3><div class=\"mpc-post__description\">[vc_row][vc_column][vc_column_text] Con il concetto Nocotech, il nostro personale risparmia del tempo prezioso. Attualmente la disinfezione di un&#8217;unit\u00e0 di emergenza o<\/div><a href=\"https:\/\/www.oxypharm.net\/it\/dr-didier-lecointe-presidente-del-clin-comitato-per-la-lotta-alle-infezioni-nosocomiali\/\" title=\"Dr. Didier Lecointe, Presidente del CLIN (Comitato per la lotta alle infezioni nosocomiali)\"  class=\"mpc-button mpc-init mpc-transition mpc-typography--mpc_preset_17 \" ><div class=\"mpc-button__content mpc-effect-type--none mpc-effect-side--none\"><span class=\"mpc-button__title mpc-transition\">Per saperne di pi\u00f9<\/span><\/div><div class=\"mpc-button__background mpc-transition mpc-effect-type--fade mpc-effect-side--in\"><\/div><\/a><\/div><\/div><\/div><\/div><div class=\"mpc-navigation mpc-init mpc-align--center mpc-navigation--style_1  mpc-nav-preset--preset_0\" data-mpcslider=\"mpc_carousel_posts-369f2a2cee09b9\"><div class=\"mpc-nav__arrow mpcslick-prev\"><div class=\"mpc-nav__icon mpc-transition\"><i class=\" fa fa-chevron-circle-left\"><div class=\"mpc-nav__background mpc-transition mpc-effect-type--fade mpc-effect-side--in\"><\/div><\/i><\/div><\/div><div class=\"mpc-nav__arrow mpcslick-next\"><div class=\"mpc-nav__icon mpc-transition\"><i class=\" fa fa-chevron-circle-right\"><div class=\"mpc-nav__background mpc-transition mpc-effect-type--fade mpc-effect-side--in\"><\/div><\/i><\/div><\/div><\/div><\/div>[\/vc_column][\/vc_row]<\/p>\n<\/div>","protected":false},"excerpt":{"rendered":"<p>[vc_row full_width=&#8221;stretch_row&#8221; el_class=&#8221;hero&#8221; css=&#8221;.vc_custom_1634551092541{margin-bottom: 65px !important;padding-top: 50px !important;padding-bottom: 0px !important;}&#8221;][vc_column][vc_custom_heading text=&#8221;Il nostro know-how&#8221; font_container=&#8221;tag:h1|text_align:left&#8221; google_fonts=&#8221;font_family:Raleway%3A100%2C200%2C300%2Cregular%2C500%2C600%2C700%2C800%2C900|font_style:900%20bold%20regular%3A900%3Anormal&#8221;][vc_column_text]Schermata iniziale &gt; Il nostro know-how[\/vc_column_text][\/vc_column][\/vc_row][vc_row<\/p>\n","protected":false},"author":1,"featured_media":0,"parent":9396,"menu_order":0,"comment_status":"closed","ping_status":"closed","template":"","meta":{"_acf_changed":false,"footnotes":""},"class_list":["post-9528","page","type-page","status-publish","hentry"],"acf":[],"yoast_head":"<!-- This site is optimized with the Yoast SEO plugin v26.1.1 - https:\/\/yoast.com\/wordpress\/plugins\/seo\/ -->\n<title>Il nostro know-how - Oxy&#039;Pharm<\/title>\n<meta name=\"robots\" content=\"index, follow, max-snippet:-1, max-image-preview:large, max-video-preview:-1\" \/>\n<link rel=\"canonical\" href=\"https:\/\/www.oxypharm.net\/it\/il-gruppo\/il-nostro-know-how\/\" \/>\n<meta property=\"og:locale\" content=\"it_IT\" \/>\n<meta property=\"og:type\" content=\"article\" \/>\n<meta property=\"og:title\" content=\"Il nostro know-how - Oxy&#039;Pharm\" \/>\n<meta property=\"og:description\" content=\"[vc_row full_width=&#8221;stretch_row&#8221; el_class=&#8221;hero&#8221; css=&#8221;.vc_custom_1634551092541{margin-bottom: 65px !important;padding-top: 50px !important;padding-bottom: 0px !important;}&#8221;][vc_column][vc_custom_heading text=&#8221;Il nostro know-how&#8221; font_container=&#8221;tag:h1|text_align:left&#8221; google_fonts=&#8221;font_family:Raleway%3A100%2C200%2C300%2Cregular%2C500%2C600%2C700%2C800%2C900|font_style:900%20bold%20regular%3A900%3Anormal&#8221;][vc_column_text]Schermata iniziale &gt; Il nostro know-how[\/vc_column_text][\/vc_column][\/vc_row][vc_row\" \/>\n<meta property=\"og:url\" content=\"https:\/\/www.oxypharm.net\/it\/il-gruppo\/il-nostro-know-how\/\" \/>\n<meta property=\"og:site_name\" content=\"Oxy&#039;Pharm\" \/>\n<meta property=\"article:publisher\" content=\"https:\/\/www.facebook.com\/profile.php?id=100065087790394\" \/>\n<meta property=\"article:modified_time\" content=\"2023-04-14T14:30:04+00:00\" \/>\n<meta name=\"twitter:card\" content=\"summary_large_image\" \/>\n<meta name=\"twitter:site\" content=\"@OxyPharm\" \/>\n<meta name=\"twitter:label1\" content=\"Est. reading time\" \/>\n\t<meta name=\"twitter:data1\" content=\"4 minutes\" \/>\n<script type=\"application\/ld+json\" class=\"yoast-schema-graph\">{\"@context\":\"https:\/\/schema.org\",\"@graph\":[{\"@type\":\"WebPage\",\"@id\":\"https:\/\/www.oxypharm.net\/it\/il-gruppo\/il-nostro-know-how\/\",\"url\":\"https:\/\/www.oxypharm.net\/it\/il-gruppo\/il-nostro-know-how\/\",\"name\":\"Il nostro know-how - Oxy&#039;Pharm\",\"isPartOf\":{\"@id\":\"https:\/\/www.oxypharm.net\/#website\"},\"datePublished\":\"2022-09-26T11:51:12+00:00\",\"dateModified\":\"2023-04-14T14:30:04+00:00\",\"breadcrumb\":{\"@id\":\"https:\/\/www.oxypharm.net\/it\/il-gruppo\/il-nostro-know-how\/#breadcrumb\"},\"inLanguage\":\"it-IT\",\"potentialAction\":[{\"@type\":\"ReadAction\",\"target\":[\"https:\/\/www.oxypharm.net\/it\/il-gruppo\/il-nostro-know-how\/\"]}]},{\"@type\":\"BreadcrumbList\",\"@id\":\"https:\/\/www.oxypharm.net\/it\/il-gruppo\/il-nostro-know-how\/#breadcrumb\",\"itemListElement\":[{\"@type\":\"ListItem\",\"position\":1,\"name\":\"Accueil\",\"item\":\"https:\/\/www.oxypharm.net\/it\/\"},{\"@type\":\"ListItem\",\"position\":2,\"name\":\"Il Gruppo\",\"item\":\"https:\/\/www.oxypharm.net\/it\/il-gruppo\/\"},{\"@type\":\"ListItem\",\"position\":3,\"name\":\"Il nostro know-how\"}]},{\"@type\":\"WebSite\",\"@id\":\"https:\/\/www.oxypharm.net\/#website\",\"url\":\"https:\/\/www.oxypharm.net\/\",\"name\":\"Oxy&#039;Pharm\",\"description\":\"\",\"publisher\":{\"@id\":\"https:\/\/www.oxypharm.net\/#organization\"},\"potentialAction\":[{\"@type\":\"SearchAction\",\"target\":{\"@type\":\"EntryPoint\",\"urlTemplate\":\"https:\/\/www.oxypharm.net\/?s={search_term_string}\"},\"query-input\":{\"@type\":\"PropertyValueSpecification\",\"valueRequired\":true,\"valueName\":\"search_term_string\"}}],\"inLanguage\":\"it-IT\"},{\"@type\":\"Organization\",\"@id\":\"https:\/\/www.oxypharm.net\/#organization\",\"name\":\"Oxy'pharm\",\"alternateName\":\"Oxypharm\",\"url\":\"https:\/\/www.oxypharm.net\/\",\"logo\":{\"@type\":\"ImageObject\",\"inLanguage\":\"it-IT\",\"@id\":\"https:\/\/www.oxypharm.net\/#\/schema\/logo\/image\/\",\"url\":\"https:\/\/www.oxypharm.net\/wp-content\/uploads\/2023\/06\/Logo-Medtradex-Oxypharm.jpg\",\"contentUrl\":\"https:\/\/www.oxypharm.net\/wp-content\/uploads\/2023\/06\/Logo-Medtradex-Oxypharm.jpg\",\"width\":500,\"height\":500,\"caption\":\"Oxy'pharm\"},\"image\":{\"@id\":\"https:\/\/www.oxypharm.net\/#\/schema\/logo\/image\/\"},\"sameAs\":[\"https:\/\/www.facebook.com\/profile.php?id=100065087790394\",\"https:\/\/x.com\/OxyPharm\",\"https:\/\/www.instagram.com\/oxy_pharm\/\",\"https:\/\/www.linkedin.com\/company\/oxy-pharm\/\",\"https:\/\/www.youtube.com\/channel\/UCwTjwWFZWcMdPPlvkTuiurw\"]}]}<\/script>\n<!-- \/ Yoast SEO plugin. -->","yoast_head_json":{"title":"Il nostro know-how - Oxy&#039;Pharm","robots":{"index":"index","follow":"follow","max-snippet":"max-snippet:-1","max-image-preview":"max-image-preview:large","max-video-preview":"max-video-preview:-1"},"canonical":"https:\/\/www.oxypharm.net\/it\/il-gruppo\/il-nostro-know-how\/","og_locale":"it_IT","og_type":"article","og_title":"Il nostro know-how - Oxy&#039;Pharm","og_description":"[vc_row full_width=&#8221;stretch_row&#8221; el_class=&#8221;hero&#8221; css=&#8221;.vc_custom_1634551092541{margin-bottom: 65px !important;padding-top: 50px !important;padding-bottom: 0px !important;}&#8221;][vc_column][vc_custom_heading text=&#8221;Il nostro know-how&#8221; font_container=&#8221;tag:h1|text_align:left&#8221; google_fonts=&#8221;font_family:Raleway%3A100%2C200%2C300%2Cregular%2C500%2C600%2C700%2C800%2C900|font_style:900%20bold%20regular%3A900%3Anormal&#8221;][vc_column_text]Schermata iniziale &gt; Il nostro know-how[\/vc_column_text][\/vc_column][\/vc_row][vc_row","og_url":"https:\/\/www.oxypharm.net\/it\/il-gruppo\/il-nostro-know-how\/","og_site_name":"Oxy&#039;Pharm","article_publisher":"https:\/\/www.facebook.com\/profile.php?id=100065087790394","article_modified_time":"2023-04-14T14:30:04+00:00","twitter_card":"summary_large_image","twitter_site":"@OxyPharm","twitter_misc":{"Est. reading time":"4 minutes"},"schema":{"@context":"https:\/\/schema.org","@graph":[{"@type":"WebPage","@id":"https:\/\/www.oxypharm.net\/it\/il-gruppo\/il-nostro-know-how\/","url":"https:\/\/www.oxypharm.net\/it\/il-gruppo\/il-nostro-know-how\/","name":"Il nostro know-how - Oxy&#039;Pharm","isPartOf":{"@id":"https:\/\/www.oxypharm.net\/#website"},"datePublished":"2022-09-26T11:51:12+00:00","dateModified":"2023-04-14T14:30:04+00:00","breadcrumb":{"@id":"https:\/\/www.oxypharm.net\/it\/il-gruppo\/il-nostro-know-how\/#breadcrumb"},"inLanguage":"it-IT","potentialAction":[{"@type":"ReadAction","target":["https:\/\/www.oxypharm.net\/it\/il-gruppo\/il-nostro-know-how\/"]}]},{"@type":"BreadcrumbList","@id":"https:\/\/www.oxypharm.net\/it\/il-gruppo\/il-nostro-know-how\/#breadcrumb","itemListElement":[{"@type":"ListItem","position":1,"name":"Accueil","item":"https:\/\/www.oxypharm.net\/it\/"},{"@type":"ListItem","position":2,"name":"Il Gruppo","item":"https:\/\/www.oxypharm.net\/it\/il-gruppo\/"},{"@type":"ListItem","position":3,"name":"Il nostro know-how"}]},{"@type":"WebSite","@id":"https:\/\/www.oxypharm.net\/#website","url":"https:\/\/www.oxypharm.net\/","name":"Oxy&#039;Pharm","description":"","publisher":{"@id":"https:\/\/www.oxypharm.net\/#organization"},"potentialAction":[{"@type":"SearchAction","target":{"@type":"EntryPoint","urlTemplate":"https:\/\/www.oxypharm.net\/?s={search_term_string}"},"query-input":{"@type":"PropertyValueSpecification","valueRequired":true,"valueName":"search_term_string"}}],"inLanguage":"it-IT"},{"@type":"Organization","@id":"https:\/\/www.oxypharm.net\/#organization","name":"Oxy'pharm","alternateName":"Oxypharm","url":"https:\/\/www.oxypharm.net\/","logo":{"@type":"ImageObject","inLanguage":"it-IT","@id":"https:\/\/www.oxypharm.net\/#\/schema\/logo\/image\/","url":"https:\/\/www.oxypharm.net\/wp-content\/uploads\/2023\/06\/Logo-Medtradex-Oxypharm.jpg","contentUrl":"https:\/\/www.oxypharm.net\/wp-content\/uploads\/2023\/06\/Logo-Medtradex-Oxypharm.jpg","width":500,"height":500,"caption":"Oxy'pharm"},"image":{"@id":"https:\/\/www.oxypharm.net\/#\/schema\/logo\/image\/"},"sameAs":["https:\/\/www.facebook.com\/profile.php?id=100065087790394","https:\/\/x.com\/OxyPharm","https:\/\/www.instagram.com\/oxy_pharm\/","https:\/\/www.linkedin.com\/company\/oxy-pharm\/","https:\/\/www.youtube.com\/channel\/UCwTjwWFZWcMdPPlvkTuiurw"]}]}},"_links":{"self":[{"href":"https:\/\/www.oxypharm.net\/it\/wp-json\/wp\/v2\/pages\/9528","targetHints":{"allow":["GET"]}}],"collection":[{"href":"https:\/\/www.oxypharm.net\/it\/wp-json\/wp\/v2\/pages"}],"about":[{"href":"https:\/\/www.oxypharm.net\/it\/wp-json\/wp\/v2\/types\/page"}],"author":[{"embeddable":true,"href":"https:\/\/www.oxypharm.net\/it\/wp-json\/wp\/v2\/users\/1"}],"replies":[{"embeddable":true,"href":"https:\/\/www.oxypharm.net\/it\/wp-json\/wp\/v2\/comments?post=9528"}],"version-history":[{"count":2,"href":"https:\/\/www.oxypharm.net\/it\/wp-json\/wp\/v2\/pages\/9528\/revisions"}],"predecessor-version":[{"id":12579,"href":"https:\/\/www.oxypharm.net\/it\/wp-json\/wp\/v2\/pages\/9528\/revisions\/12579"}],"up":[{"embeddable":true,"href":"https:\/\/www.oxypharm.net\/it\/wp-json\/wp\/v2\/pages\/9396"}],"wp:attachment":[{"href":"https:\/\/www.oxypharm.net\/it\/wp-json\/wp\/v2\/media?parent=9528"}],"curies":[{"name":"wp","href":"https:\/\/api.w.org\/{rel}","templated":true}]}}