{"id":22592,"date":"2025-07-30T14:44:39","date_gmt":"2025-07-30T14:44:39","guid":{"rendered":"https:\/\/www.oxypharm.net\/livre-blanc\/"},"modified":"2025-09-29T13:07:54","modified_gmt":"2025-09-29T13:07:54","slug":"livre-blanc","status":"publish","type":"page","link":"https:\/\/www.oxypharm.net\/it\/livre-blanc\/","title":{"rendered":"Livre blanc"},"content":{"rendered":"<div class=\"wpb-content-wrapper\"><p>[vc_row full_width=&#8221;stretch_row&#8221; el_class=&#8221;hero&#8221; css=&#8221;.vc_custom_1633983640714{margin-bottom: 85px !important;padding-top: 50px !important;padding-bottom: 0px !important;}&#8221;][vc_column width=&#8221;1\/2&#8243;][vc_custom_heading text=&#8221;Livre blanc&#8221; font_container=&#8221;tag:h1|text_align:left&#8221; google_fonts=&#8221;font_family:Raleway%3A100%2C200%2C300%2Cregular%2C500%2C600%2C700%2C800%2C900|font_style:800%20bold%20regular%3A800%3Anormal&#8221; css=&#8221;.vc_custom_1745827675522{margin-bottom: 10px !important;}&#8221;][vc_column_text css=&#8221;&#8221;]\u00a0[\/vc_column_text][\/vc_column][vc_column width=&#8221;1\/2&#8243;][vc_single_image image=&#8221;23128&#8243; css=&#8221;&#8221; el_class=&#8221;livre-blanc-img-header&#8221;][\/vc_column][\/vc_row][vc_row el_class=&#8221;row-sticky&#8221;][vc_column width=&#8221;1\/2&#8243;][vc_column_text css=&#8221;&#8221;]<\/p>\n<p data-start=\"41\" data-end=\"149\">Le norme costituiscono uno strumento di dialogo tra le esigenze degli utenti e l\u2019esperienza dei fornitori.<\/p>\n<p>&nbsp;<\/p>\n<p data-start=\"151\" data-end=\"493\">Sono una leva essenziale della qualit\u00e0, che a sua volta \u00e8 regolata da una norma di riferimento: la ISO 9000:2015. Definita come \u201cl\u2019insieme delle propriet\u00e0 e delle caratteristiche di un prodotto o servizio che gli conferiscono l\u2019attitudine a soddisfare esigenze espresse o implicite\u201d, la qualit\u00e0 si basa su criteri misurabili e verificabili.<\/p>\n<p>&nbsp;<\/p>\n<p data-start=\"495\" data-end=\"658\"><strong>Cruciale nei settori sensibili come la disinfezione, la normazione garantisce affidabilit\u00e0, efficacia, confrontabilit\u00e0 e tracciabilit\u00e0 dei prodotti e dei metodi.<\/strong><\/p>\n<p>&nbsp;<\/p>\n<p data-start=\"660\" data-end=\"1048\">Attraverso questo libro bianco, desideriamo offrire una visione chiara ed esperta dell\u2019elaborazione delle norme, dei loro parametri e delle loro specificit\u00e0 nel campo della disinfezione. L\u2019obiettivo \u00e8 comprendere meglio le sfide e le opportunit\u00e0 che esse rappresentano per tutti gli attori della disinfezione, indipendentemente dal settore di attivit\u00e0, dal produttore al cliente finale.<\/p>\n<p>[\/vc_column_text][\/vc_column][vc_column width=&#8221;1\/2&#8243; el_class=&#8221;sticky&#8221;][vc_column_text css=&#8221;&#8221; el_class=&#8221;contact-form&#8221;]\n<div class=\"wpcf7 no-js\" id=\"wpcf7-f22586-o1\" lang=\"it-IT\" dir=\"ltr\" data-wpcf7-id=\"22586\">\n<div class=\"screen-reader-response\"><p role=\"status\" aria-live=\"polite\" aria-atomic=\"true\"><\/p> <ul><\/ul><\/div>\n<form action=\"\/it\/wp-json\/wp\/v2\/pages\/22592#wpcf7-f22586-o1\" method=\"post\" class=\"wpcf7-form init\" aria-label=\"Modulo di contatto\" novalidate=\"novalidate\" data-status=\"init\">\n<fieldset class=\"hidden-fields-container\"><input type=\"hidden\" name=\"_wpcf7\" value=\"22586\" \/><input type=\"hidden\" name=\"_wpcf7_version\" value=\"6.1.5\" \/><input type=\"hidden\" name=\"_wpcf7_locale\" value=\"it_IT\" \/><input type=\"hidden\" name=\"_wpcf7_unit_tag\" value=\"wpcf7-f22586-o1\" \/><input type=\"hidden\" name=\"_wpcf7_container_post\" value=\"0\" \/><input type=\"hidden\" name=\"_wpcf7_posted_data_hash\" value=\"\" \/><input type=\"hidden\" name=\"_wpcf7_recaptcha_response\" value=\"\" \/>\n<\/fieldset>\n<div class=\"vc_col-sm-6\" >\n\t<p><label>Cognome*<br \/>\n<span class=\"wpcf7-form-control-wrap\" data-name=\"your-lastname\"><input size=\"40\" maxlength=\"400\" class=\"wpcf7-form-control wpcf7-text wpcf7-validates-as-required\" aria-required=\"true\" aria-invalid=\"false\" placeholder=\"Cognome\" value=\"\" type=\"text\" name=\"your-lastname\" \/><\/span> <\/label>\n\t<\/p>\n<\/div>\n<div class=\"vc_col-sm-6\" >\n\t<p><label>Nome*<br \/>\n<span class=\"wpcf7-form-control-wrap\" data-name=\"your-firstname\"><input size=\"40\" maxlength=\"400\" class=\"wpcf7-form-control wpcf7-text wpcf7-validates-as-required\" aria-required=\"true\" aria-invalid=\"false\" placeholder=\"Nome\" value=\"\" type=\"text\" name=\"your-firstname\" \/><\/span> <\/label>\n\t<\/p>\n<\/div>\n<div class=\"vc_col-sm-12\" >\n\t<p><label>E-mail*<br \/>\n<span class=\"wpcf7-form-control-wrap\" data-name=\"your-email\"><input size=\"40\" maxlength=\"400\" class=\"wpcf7-form-control wpcf7-email wpcf7-validates-as-required wpcf7-text wpcf7-validates-as-email\" aria-required=\"true\" aria-invalid=\"false\" placeholder=\"E-mail\" value=\"\" type=\"email\" name=\"your-email\" \/><\/span> <\/label>\n\t<\/p>\n<\/div>\n<div class=\"vc_col-sm-12\" >\n\t<p><label>Azienda*<br \/>\n<span class=\"wpcf7-form-control-wrap\" data-name=\"your-company\"><input size=\"40\" maxlength=\"400\" class=\"wpcf7-form-control wpcf7-text wpcf7-validates-as-required\" aria-required=\"true\" aria-invalid=\"false\" placeholder=\"Azienda\" value=\"\" type=\"text\" name=\"your-company\" \/><\/span> <\/label>\n\t<\/p>\n<\/div>\n<div class=\"vc_col-sm-6\" >\n\t<p><label>Citt\u00e0*<br \/>\n<span class=\"wpcf7-form-control-wrap\" data-name=\"your-city\"><input size=\"40\" maxlength=\"400\" class=\"wpcf7-form-control wpcf7-text wpcf7-validates-as-required\" aria-required=\"true\" aria-invalid=\"false\" placeholder=\"Citt\u00e0\" value=\"\" type=\"text\" name=\"your-city\" \/><\/span> <\/label>\n\t<\/p>\n<\/div>\n<div class=\"vc_col-sm-6\" >\n\t<p><label>Paese*<br \/>\n<span class=\"wpcf7-form-control-wrap\" data-name=\"your-country\"><input size=\"40\" maxlength=\"400\" class=\"wpcf7-form-control wpcf7-text wpcf7-validates-as-required\" aria-required=\"true\" aria-invalid=\"false\" placeholder=\"Paese\" value=\"\" type=\"text\" name=\"your-country\" \/><\/span> <\/label>\n\t<\/p>\n<\/div>\n<div class=\"vc_col-sm-12 consent\">\n\t<p><span class=\"wpcf7-form-control-wrap\" data-name=\"consent\"><span class=\"wpcf7-form-control wpcf7-checkbox wpcf7-validates-as-required\"><span class=\"wpcf7-list-item first last\"><label><input type=\"checkbox\" name=\"consent[]\" value=\"Accetto di ricevere comunicazioni da Oxy&#039;Pharm\" \/><span class=\"wpcf7-list-item-label\">Accetto di ricevere comunicazioni da Oxy&#039;Pharm<\/span><\/label><\/span><\/span><\/span>\n\t<\/p>\n<\/div>\n<div class=\"vc_col-sm-12\" >\n\t<div class=\"recaptcha-caption\">\n\t\t<p>This site is protected by reCAPTCHA and the Google <a href=\"https:\/\/policies.google.com\/privacy\">Privacy Policy<\/a> and <a href=\"https:\/\/policies.google.com\/terms\">Terms of Service<\/a> apply.\n\t\t<\/p>\n\t<\/div>\n<\/div>\n<div class=\"vc_col-sm-12\" >\n\t<div class=\"btn-submit\">\n\t\t<p><input class=\"wpcf7-form-control wpcf7-submit has-spinner\" type=\"submit\" value=\"Ricevere per email\" \/>\n\t\t<\/p>\n\t<\/div>\n<\/div><div class=\"wpcf7-response-output\" aria-hidden=\"true\"><\/div>\n<\/form>\n<\/div>\n[\/vc_column_text][\/vc_column][\/vc_row]<\/p>\n<\/div>","protected":false},"excerpt":{"rendered":"<p>[vc_row full_width=&#8221;stretch_row&#8221; el_class=&#8221;hero&#8221; css=&#8221;.vc_custom_1633983640714{margin-bottom: 85px !important;padding-top: 50px !important;padding-bottom: 0px !important;}&#8221;][vc_column width=&#8221;1\/2&#8243;][vc_custom_heading text=&#8221;Livre blanc&#8221; font_container=&#8221;tag:h1|text_align:left&#8221; google_fonts=&#8221;font_family:Raleway%3A100%2C200%2C300%2Cregular%2C500%2C600%2C700%2C800%2C900|font_style:800%20bold%20regular%3A800%3Anormal&#8221; css=&#8221;.vc_custom_1745827675522{margin-bottom: 10px !important;}&#8221;][vc_column_text css=&#8221;&#8221;]\u00a0[\/vc_column_text][\/vc_column][vc_column width=&#8221;1\/2&#8243;][vc_single_image<\/p>\n","protected":false},"author":1,"featured_media":0,"parent":0,"menu_order":0,"comment_status":"closed","ping_status":"closed","template":"","meta":{"_acf_changed":false,"footnotes":""},"class_list":["post-22592","page","type-page","status-publish","hentry"],"acf":[],"yoast_head":"<!-- This site is optimized with the Yoast SEO plugin v26.1.1 - https:\/\/yoast.com\/wordpress\/plugins\/seo\/ -->\n<title>Livre blanc - Oxy&#039;Pharm<\/title>\n<meta name=\"robots\" content=\"index, follow, max-snippet:-1, max-image-preview:large, max-video-preview:-1\" \/>\n<link rel=\"canonical\" href=\"https:\/\/www.oxypharm.net\/it\/livre-blanc\/\" \/>\n<meta property=\"og:locale\" content=\"it_IT\" \/>\n<meta property=\"og:type\" content=\"article\" \/>\n<meta property=\"og:title\" content=\"Livre blanc - Oxy&#039;Pharm\" \/>\n<meta property=\"og:description\" content=\"[vc_row full_width=&#8221;stretch_row&#8221; el_class=&#8221;hero&#8221; css=&#8221;.vc_custom_1633983640714{margin-bottom: 85px !important;padding-top: 50px !important;padding-bottom: 0px !important;}&#8221;][vc_column width=&#8221;1\/2&#8243;][vc_custom_heading text=&#8221;Livre blanc&#8221; font_container=&#8221;tag:h1|text_align:left&#8221; google_fonts=&#8221;font_family:Raleway%3A100%2C200%2C300%2Cregular%2C500%2C600%2C700%2C800%2C900|font_style:800%20bold%20regular%3A800%3Anormal&#8221; css=&#8221;.vc_custom_1745827675522{margin-bottom: 10px !important;}&#8221;][vc_column_text css=&#8221;&#8221;]\u00a0[\/vc_column_text][\/vc_column][vc_column width=&#8221;1\/2&#8243;][vc_single_image\" \/>\n<meta property=\"og:url\" content=\"https:\/\/www.oxypharm.net\/it\/livre-blanc\/\" \/>\n<meta property=\"og:site_name\" content=\"Oxy&#039;Pharm\" \/>\n<meta property=\"article:publisher\" content=\"https:\/\/www.facebook.com\/profile.php?id=100065087790394\" \/>\n<meta property=\"article:modified_time\" content=\"2025-09-29T13:07:54+00:00\" \/>\n<meta name=\"twitter:card\" content=\"summary_large_image\" \/>\n<meta name=\"twitter:site\" content=\"@OxyPharm\" \/>\n<meta name=\"twitter:label1\" content=\"Est. reading time\" \/>\n\t<meta name=\"twitter:data1\" content=\"2 minutes\" \/>\n<script type=\"application\/ld+json\" class=\"yoast-schema-graph\">{\"@context\":\"https:\/\/schema.org\",\"@graph\":[{\"@type\":\"WebPage\",\"@id\":\"https:\/\/www.oxypharm.net\/it\/livre-blanc\/\",\"url\":\"https:\/\/www.oxypharm.net\/it\/livre-blanc\/\",\"name\":\"Livre blanc - Oxy&#039;Pharm\",\"isPartOf\":{\"@id\":\"https:\/\/www.oxypharm.net\/#website\"},\"datePublished\":\"2025-07-30T14:44:39+00:00\",\"dateModified\":\"2025-09-29T13:07:54+00:00\",\"breadcrumb\":{\"@id\":\"https:\/\/www.oxypharm.net\/it\/livre-blanc\/#breadcrumb\"},\"inLanguage\":\"it-IT\",\"potentialAction\":[{\"@type\":\"ReadAction\",\"target\":[\"https:\/\/www.oxypharm.net\/it\/livre-blanc\/\"]}]},{\"@type\":\"BreadcrumbList\",\"@id\":\"https:\/\/www.oxypharm.net\/it\/livre-blanc\/#breadcrumb\",\"itemListElement\":[{\"@type\":\"ListItem\",\"position\":1,\"name\":\"Accueil\",\"item\":\"https:\/\/www.oxypharm.net\/it\/\"},{\"@type\":\"ListItem\",\"position\":2,\"name\":\"Livre blanc\"}]},{\"@type\":\"WebSite\",\"@id\":\"https:\/\/www.oxypharm.net\/#website\",\"url\":\"https:\/\/www.oxypharm.net\/\",\"name\":\"Oxy&#039;Pharm\",\"description\":\"\",\"publisher\":{\"@id\":\"https:\/\/www.oxypharm.net\/#organization\"},\"potentialAction\":[{\"@type\":\"SearchAction\",\"target\":{\"@type\":\"EntryPoint\",\"urlTemplate\":\"https:\/\/www.oxypharm.net\/?s={search_term_string}\"},\"query-input\":{\"@type\":\"PropertyValueSpecification\",\"valueRequired\":true,\"valueName\":\"search_term_string\"}}],\"inLanguage\":\"it-IT\"},{\"@type\":\"Organization\",\"@id\":\"https:\/\/www.oxypharm.net\/#organization\",\"name\":\"Oxy'pharm\",\"alternateName\":\"Oxypharm\",\"url\":\"https:\/\/www.oxypharm.net\/\",\"logo\":{\"@type\":\"ImageObject\",\"inLanguage\":\"it-IT\",\"@id\":\"https:\/\/www.oxypharm.net\/#\/schema\/logo\/image\/\",\"url\":\"https:\/\/www.oxypharm.net\/wp-content\/uploads\/2023\/06\/Logo-Medtradex-Oxypharm.jpg\",\"contentUrl\":\"https:\/\/www.oxypharm.net\/wp-content\/uploads\/2023\/06\/Logo-Medtradex-Oxypharm.jpg\",\"width\":500,\"height\":500,\"caption\":\"Oxy'pharm\"},\"image\":{\"@id\":\"https:\/\/www.oxypharm.net\/#\/schema\/logo\/image\/\"},\"sameAs\":[\"https:\/\/www.facebook.com\/profile.php?id=100065087790394\",\"https:\/\/x.com\/OxyPharm\",\"https:\/\/www.instagram.com\/oxy_pharm\/\",\"https:\/\/www.linkedin.com\/company\/oxy-pharm\/\",\"https:\/\/www.youtube.com\/channel\/UCwTjwWFZWcMdPPlvkTuiurw\"]}]}<\/script>\n<!-- \/ Yoast SEO plugin. -->","yoast_head_json":{"title":"Livre blanc - Oxy&#039;Pharm","robots":{"index":"index","follow":"follow","max-snippet":"max-snippet:-1","max-image-preview":"max-image-preview:large","max-video-preview":"max-video-preview:-1"},"canonical":"https:\/\/www.oxypharm.net\/it\/livre-blanc\/","og_locale":"it_IT","og_type":"article","og_title":"Livre blanc - Oxy&#039;Pharm","og_description":"[vc_row full_width=&#8221;stretch_row&#8221; el_class=&#8221;hero&#8221; css=&#8221;.vc_custom_1633983640714{margin-bottom: 85px !important;padding-top: 50px !important;padding-bottom: 0px !important;}&#8221;][vc_column width=&#8221;1\/2&#8243;][vc_custom_heading text=&#8221;Livre blanc&#8221; font_container=&#8221;tag:h1|text_align:left&#8221; google_fonts=&#8221;font_family:Raleway%3A100%2C200%2C300%2Cregular%2C500%2C600%2C700%2C800%2C900|font_style:800%20bold%20regular%3A800%3Anormal&#8221; css=&#8221;.vc_custom_1745827675522{margin-bottom: 10px !important;}&#8221;][vc_column_text css=&#8221;&#8221;]\u00a0[\/vc_column_text][\/vc_column][vc_column width=&#8221;1\/2&#8243;][vc_single_image","og_url":"https:\/\/www.oxypharm.net\/it\/livre-blanc\/","og_site_name":"Oxy&#039;Pharm","article_publisher":"https:\/\/www.facebook.com\/profile.php?id=100065087790394","article_modified_time":"2025-09-29T13:07:54+00:00","twitter_card":"summary_large_image","twitter_site":"@OxyPharm","twitter_misc":{"Est. reading time":"2 minutes"},"schema":{"@context":"https:\/\/schema.org","@graph":[{"@type":"WebPage","@id":"https:\/\/www.oxypharm.net\/it\/livre-blanc\/","url":"https:\/\/www.oxypharm.net\/it\/livre-blanc\/","name":"Livre blanc - Oxy&#039;Pharm","isPartOf":{"@id":"https:\/\/www.oxypharm.net\/#website"},"datePublished":"2025-07-30T14:44:39+00:00","dateModified":"2025-09-29T13:07:54+00:00","breadcrumb":{"@id":"https:\/\/www.oxypharm.net\/it\/livre-blanc\/#breadcrumb"},"inLanguage":"it-IT","potentialAction":[{"@type":"ReadAction","target":["https:\/\/www.oxypharm.net\/it\/livre-blanc\/"]}]},{"@type":"BreadcrumbList","@id":"https:\/\/www.oxypharm.net\/it\/livre-blanc\/#breadcrumb","itemListElement":[{"@type":"ListItem","position":1,"name":"Accueil","item":"https:\/\/www.oxypharm.net\/it\/"},{"@type":"ListItem","position":2,"name":"Livre blanc"}]},{"@type":"WebSite","@id":"https:\/\/www.oxypharm.net\/#website","url":"https:\/\/www.oxypharm.net\/","name":"Oxy&#039;Pharm","description":"","publisher":{"@id":"https:\/\/www.oxypharm.net\/#organization"},"potentialAction":[{"@type":"SearchAction","target":{"@type":"EntryPoint","urlTemplate":"https:\/\/www.oxypharm.net\/?s={search_term_string}"},"query-input":{"@type":"PropertyValueSpecification","valueRequired":true,"valueName":"search_term_string"}}],"inLanguage":"it-IT"},{"@type":"Organization","@id":"https:\/\/www.oxypharm.net\/#organization","name":"Oxy'pharm","alternateName":"Oxypharm","url":"https:\/\/www.oxypharm.net\/","logo":{"@type":"ImageObject","inLanguage":"it-IT","@id":"https:\/\/www.oxypharm.net\/#\/schema\/logo\/image\/","url":"https:\/\/www.oxypharm.net\/wp-content\/uploads\/2023\/06\/Logo-Medtradex-Oxypharm.jpg","contentUrl":"https:\/\/www.oxypharm.net\/wp-content\/uploads\/2023\/06\/Logo-Medtradex-Oxypharm.jpg","width":500,"height":500,"caption":"Oxy'pharm"},"image":{"@id":"https:\/\/www.oxypharm.net\/#\/schema\/logo\/image\/"},"sameAs":["https:\/\/www.facebook.com\/profile.php?id=100065087790394","https:\/\/x.com\/OxyPharm","https:\/\/www.instagram.com\/oxy_pharm\/","https:\/\/www.linkedin.com\/company\/oxy-pharm\/","https:\/\/www.youtube.com\/channel\/UCwTjwWFZWcMdPPlvkTuiurw"]}]}},"_links":{"self":[{"href":"https:\/\/www.oxypharm.net\/it\/wp-json\/wp\/v2\/pages\/22592","targetHints":{"allow":["GET"]}}],"collection":[{"href":"https:\/\/www.oxypharm.net\/it\/wp-json\/wp\/v2\/pages"}],"about":[{"href":"https:\/\/www.oxypharm.net\/it\/wp-json\/wp\/v2\/types\/page"}],"author":[{"embeddable":true,"href":"https:\/\/www.oxypharm.net\/it\/wp-json\/wp\/v2\/users\/1"}],"replies":[{"embeddable":true,"href":"https:\/\/www.oxypharm.net\/it\/wp-json\/wp\/v2\/comments?post=22592"}],"version-history":[{"count":8,"href":"https:\/\/www.oxypharm.net\/it\/wp-json\/wp\/v2\/pages\/22592\/revisions"}],"predecessor-version":[{"id":23137,"href":"https:\/\/www.oxypharm.net\/it\/wp-json\/wp\/v2\/pages\/22592\/revisions\/23137"}],"wp:attachment":[{"href":"https:\/\/www.oxypharm.net\/it\/wp-json\/wp\/v2\/media?parent=22592"}],"curies":[{"name":"wp","href":"https:\/\/api.w.org\/{rel}","templated":true}]}}