{"id":15340,"date":"2023-04-20T09:02:27","date_gmt":"2023-04-20T09:02:27","guid":{"rendered":"https:\/\/preprod.oxypharm.net\/nocotech\/nocospray-kube\/"},"modified":"2023-07-19T14:31:10","modified_gmt":"2023-07-19T14:31:10","slug":"nocospray-kube","status":"publish","type":"page","link":"https:\/\/www.oxypharm.net\/it\/nocotech\/nocospray-kube\/","title":{"rendered":"Nocospray Kube"},"content":{"rendered":"<div class=\"wpb-content-wrapper\"><p>[vc_row full_width=&#8221;stretch_row&#8221; el_class=&#8221;hero&#8221; css=&#8221;.vc_custom_1655716364016{margin-bottom: 0px !important;padding-top: 50px !important;padding-bottom: 0px !important;background-color: #AAC340 !important;}&#8221;][vc_column][vc_custom_heading text=&#8221;Nocospray Kube&#8221; font_container=&#8221;tag:h1|text_align:left|color:%23ffffff&#8221; google_fonts=&#8221;font_family:Raleway%3A100%2C200%2C300%2Cregular%2C500%2C600%2C700%2C800%2C900|font_style:900%20bold%20regular%3A900%3Anormal&#8221; css=&#8221;.vc_custom_1683616221958{margin-bottom: 10px !important;}&#8221;][vc_column_text el_class=&#8221;ariane-white&#8221;]<\/p>\n<p><span style=\"color: white;\"><a class=\"white\" href=\"\/\">Schermata iniziale<\/a> &gt;\u00a0<a class=\"white\" href=\"\/it\/soluzioni\/\">Soluzioni<\/a> &gt; Nocospray Kube<\/span><\/p>\n<p>[\/vc_column_text][\/vc_column][\/vc_row][vc_row full_width=&#8221;stretch_row&#8221; gap=&#8221;35&#8243; equal_height=&#8221;yes&#8221; css=&#8221;.vc_custom_1655716372502{margin-bottom: 60px !important;background-color: #aac340 !important;background-position: center !important;background-repeat: no-repeat !important;background-size: cover !important;}&#8221; el_class=&#8221;row-product&#8221;][vc_column width=&#8221;1\/2&#8243;][vc_column_text el_class=&#8221;intro&#8221;]<span style=\"color: #ffffff;\"><strong>Nocospray Kube<\/strong> \u00e8 un apparecchio compatto, leggero e portatile per la bio-disinfezione delle superfici, dotato di tecnologia avanzata. Combinato al nostro prodotto <strong>Nocolyse<\/strong>, garantisce la disinfezione di un\u2019area da 1 a 10m3.<\/span><\/p>\n<p><span style=\"color: #ffffff;\">\u00a0<\/span>[\/vc_column_text][vc_column_text]<\/p>\n<div class=\"btn-more btn-commercial-rounded\" style=\"text-align: left;\"><button name=\"Hover\" type=\"button\"><a href=\"https:\/\/www.oxypharm.net\/wp-content\/uploads\/2023\/05\/FLY_kube_LQP.pdf\" target=\"_blank\" rel=\"noopener\"><i class=\"mpc-icon-part mpc-regular mpc-transition fa fa-file-pdf-o\"><\/i>Scarica la brochure<\/a><\/button><\/div>\n<p>[\/vc_column_text][\/vc_column][vc_column width=&#8221;1\/2&#8243; css=&#8221;.vc_custom_1635215436755{margin-bottom: 0px !important;padding-bottom: 0px !important;}&#8221;][vc_single_image image=&#8221;15216&#8243; img_size=&#8221;full&#8221; alignment=&#8221;right&#8221; el_class=&#8221;product-img&#8221; css=&#8221;.vc_custom_1684316006095{margin-bottom: 60px !important;}&#8221;][\/vc_column][\/vc_row][vc_row gap=&#8221;35&#8243; content_placement=&#8221;middle&#8221; css=&#8221;.vc_custom_1655476113017{margin-bottom: 60px !important;}&#8221;][vc_column width=&#8221;1\/2&#8243;][vc_single_image image=&#8221;15165&#8243; img_size=&#8221;full&#8221; alignment=&#8221;center&#8221;][\/vc_column][vc_column width=&#8221;1\/2&#8243;][vc_custom_heading text=&#8221;Compatto e autonomo, \u00e8 ideale per piccoli spazi&#8221; use_theme_fonts=&#8221;yes&#8221; css=&#8221;.vc_custom_1684883756068{margin-bottom: 30px !important;}&#8221;][vc_column_text]<\/p>\n<p class=\"p1\">Per i professionisti che desiderano trattare spazi ridotti: laboratori di sicurezza microbiologica (MSS), passbox, passa-materiali, isolatori, frigoriferi, ecc. Garantisce il trattamento di volumi fino a 10m3. L\u2019apparecchio \u00e8 leggero (3,1 kg) e funziona con una batteria ricaricabile.<\/p>\n<p>[\/vc_column_text][\/vc_column][\/vc_row][vc_row gap=&#8221;35&#8243; content_placement=&#8221;middle&#8221; css=&#8221;.vc_custom_1655476145533{margin-bottom: 60px !important;}&#8221;][vc_column width=&#8221;1\/2&#8243;][vc_custom_heading text=&#8221;Diffusione ottimizzata&#8221; use_theme_fonts=&#8221;yes&#8221; css=&#8221;.vc_custom_1684883775827{margin-bottom: 30px !important;}&#8221;][vc_column_text]<\/p>\n<p class=\"p1\">Le vibrazioni ultraveloci prodotte dalla membrana assicurano una perfetta diffusione del prodotto. La nebbia secca generata consente un trattamento uniforme su ogni cm\u00b2 di volume, senza generare umidit\u00e0 sulle superfici. Grazie alla rapida degradazione naturale della soluzione Nocolyse, non vi \u00e8 alcun rischio di corrosione delle superfici, comprese quelle dei dispositivi elettronici.<\/p>\n<p>[\/vc_column_text][\/vc_column][vc_column width=&#8221;1\/2&#8243;][vc_single_image image=&#8221;15172&#8243; img_size=&#8221;full&#8221; alignment=&#8221;center&#8221;][\/vc_column][\/vc_row][vc_row gap=&#8221;35&#8243; content_placement=&#8221;middle&#8221; css=&#8221;.vc_custom_1655476113017{margin-bottom: 60px !important;}&#8221;][vc_column width=&#8221;1\/2&#8243;][vc_single_image image=&#8221;15179&#8243; img_size=&#8221;full&#8221; alignment=&#8221;center&#8221;][\/vc_column][vc_column width=&#8221;1\/2&#8243;][vc_custom_heading text=&#8221;Una tecnologia a portata di mano&#8221; use_theme_fonts=&#8221;yes&#8221; css=&#8221;.vc_custom_1684883796548{margin-bottom: 30px !important;}&#8221;][vc_column_text]<\/p>\n<p class=\"p1\">La soluzione Nocospray Kube garantisce ottimizzazione, sicurezza e tracciabilit\u00e0. \u00c8 possibile impostare aree specifiche tramite il touch screen. La preconfigurazione del volume da trattare, della dose, del tempo di contatto e del numero di ripetizioni pu\u00f2 essere specificata per ogni spazio. Il dispositivo \u00e8 dotato di funzioni per un trattamento sicuro. I rapporti di tracciabilit\u00e0 generati dal dispositivo vengono raccolti mediante porta USB.<\/p>\n<p>[\/vc_column_text][\/vc_column][\/vc_row][vc_row full_width=&#8221;stretch_row&#8221; gap=&#8221;35&#8243; content_placement=&#8221;middle&#8221; css=&#8221;.vc_custom_1658848676447{margin-bottom: 60px !important;padding-top: 60px !important;padding-bottom: 60px !important;background-color: #aac340 !important;background-position: center !important;background-repeat: no-repeat !important;background-size: cover !important;}&#8221;][vc_column][vc_column_text]<\/p>\n<h3 style=\"text-align: center;\"><span style=\"color: #ffffff;\">La combinazione Nocospray Kube \/ Nocolyse \u00e8 conforme alla norma<\/span><\/h3>\n<h3 style=\"text-align: center;\"><span style=\"color: #ffffff;\">EN 17272 (battericida, fungicida, sporicida e virucida).<\/span><\/h3>\n<p>[\/vc_column_text][vc_column_text]<\/p>\n<p style=\"text-align: center;\"><span style=\"color: #ffffff;\"><em>Prodotto in Francia da Oxy\u2019Pharm secondo la norma ISO 13485.<\/em><\/span><\/p>\n<p>[\/vc_column_text][\/vc_column][\/vc_row][vc_row gap=&#8221;15&#8243; content_placement=&#8221;top&#8221; css=&#8221;.vc_custom_1658837484174{margin-bottom: 60px !important;}&#8221; el_class=&#8221;row-icons&#8221;][vc_column width=&#8221;1\/5&#8243; el_class=&#8221;icon-text&#8221;][\/vc_column][vc_column width=&#8221;1\/5&#8243; el_class=&#8221;icon-text&#8221;][vc_icon icon_fontawesome=&#8221;fas fa-hands&#8221; color=&#8221;white&#8221; background_style=&#8221;rounded&#8221; background_color=&#8221;custom&#8221; size=&#8221;lg&#8221; align=&#8221;center&#8221; css_animation=&#8221;fadeInUp&#8221; custom_background_color=&#8221;#aac340&#8243;][vc_column_text effects_enabled_delay=&#8221;&#8221; css=&#8221;.vc_custom_1684883877228{margin-top: 0px !important;}&#8221;]<\/p>\n<h5 class=\"p1\" style=\"text-align: center;\"><span style=\"color: #aac340;\">SICURO DA USARE<\/span><\/h5>\n<p>[\/vc_column_text][vc_column_text effects_enabled_delay=&#8221;&#8221; css=&#8221;.vc_custom_1684883894053{margin-top: 0px !important;}&#8221;]<\/p>\n<p style=\"text-align: center;\">Senza residui, non corrosivo.<\/p>\n<p>[\/vc_column_text][\/vc_column][vc_column width=&#8221;1\/5&#8243; el_class=&#8221;icon-text&#8221;][vc_icon icon_fontawesome=&#8221;fas fa-shield-alt&#8221; color=&#8221;white&#8221; background_style=&#8221;rounded&#8221; background_color=&#8221;custom&#8221; size=&#8221;lg&#8221; align=&#8221;center&#8221; css_animation=&#8221;fadeInUp&#8221; custom_background_color=&#8221;#aac340&#8243;][vc_column_text effects_enabled_delay=&#8221;&#8221; css=&#8221;.vc_custom_1684883905188{margin-top: 0px !important;}&#8221;]<\/p>\n<h5 class=\"p1\" style=\"text-align: center;\"><span style=\"color: #aac340;\">EFFICACE<\/span><\/h5>\n<p>[\/vc_column_text][vc_column_text effects_enabled_delay=&#8221;&#8221; css=&#8221;.vc_custom_1684883922506{margin-top: 0px !important;}&#8221;]<\/p>\n<p style=\"text-align: center;\">Eliminazione totale dei microrganismi resistenti.<\/p>\n<p>[\/vc_column_text][\/vc_column][vc_column width=&#8221;1\/5&#8243;][vc_icon icon_fontawesome=&#8221;fab fa-pagelines&#8221; color=&#8221;white&#8221; background_style=&#8221;rounded&#8221; background_color=&#8221;custom&#8221; size=&#8221;lg&#8221; align=&#8221;center&#8221; css_animation=&#8221;fadeInUp&#8221; custom_background_color=&#8221;#aac340&#8243;][vc_column_text effects_enabled_delay=&#8221;&#8221; css=&#8221;.vc_custom_1684883935070{margin-top: 0px !important;}&#8221;]<\/p>\n<h5 class=\"p1\" style=\"text-align: center;\"><span style=\"color: #aac340;\">ECOLOGICO<\/span><\/h5>\n<p>[\/vc_column_text][vc_column_text effects_enabled_delay=&#8221;&#8221; css=&#8221;.vc_custom_1684883952128{margin-top: 0px !important;}&#8221;]<\/p>\n<p style=\"text-align: center;\">Prodotto biodegradabile al 99,9%.<\/p>\n<p>[\/vc_column_text][\/vc_column][vc_column width=&#8221;1\/5&#8243; el_class=&#8221;icon-text&#8221;][\/vc_column][\/vc_row][vc_row full_width=&#8221;stretch_row&#8221; gap=&#8221;35&#8243; content_placement=&#8221;middle&#8221; css=&#8221;.vc_custom_1658848682752{margin-bottom: 60px !important;padding-top: 60px !important;padding-bottom: 60px !important;background-color: #eaeaea !important;background-position: center !important;background-repeat: no-repeat !important;background-size: cover !important;}&#8221;][vc_column][vc_custom_heading text=&#8221;Caratteristiche tecniche&#8221; use_theme_fonts=&#8221;yes&#8221; css=&#8221;.vc_custom_1684883962276{margin-bottom: 30px !important;}&#8221;][vc_row_inner][vc_column_inner width=&#8221;1\/2&#8243;][vc_column_text]<\/p>\n<p class=\"p1\">Dimensioni (L x P x A cm): 21 x 20,5 x 21,7 cm<\/p>\n<p class=\"p1\">Peso a vuoto: 3,3 kg<\/p>\n<p class=\"p1\">Volume massimo da trattare: 10 m\u00b3<\/p>\n<div id=\"tw-target-text-container\" class=\"tw-ta-container F0azHf tw-nfl\" tabindex=\"0\">\n<p id=\"tw-target-text\" class=\"tw-data-text tw-text-large tw-ta\" dir=\"ltr\" data-placeholder=\"Traduction\"><span class=\"Y2IQFc\" lang=\"it\">Volume minimo da trattare: 0,1 m\u00b3<\/span><\/p>\n<\/div>\n<p class=\"p1\">Portata media del liquido: 5 ml\/mn<\/p>\n<p class=\"p1\">Volume sonoro: 55 db<\/p>\n<p>[\/vc_column_text][\/vc_column_inner][vc_column_inner width=&#8221;1\/2&#8243;][vc_column_text]<strong>Condizioni per la conservazione <\/strong><\/p>\n<p>Temperatura : da 0 \u00b0C a 70 \u00b0C<\/p>\n<p>Igrometria: da 10% a 95% di umidit\u00e0 relativa senza condensa<\/p>\n<p>Potenza elettrica: 60 W<\/p>\n<p>Pressione atmosferica: da 700 a 1060 hPa[\/vc_column_text][\/vc_column_inner][\/vc_row_inner][\/vc_column][\/vc_row][vc_row css=&#8221;.vc_custom_1655728435997{margin-bottom: 60px !important;}&#8221;][vc_column][vc_custom_heading text=&#8221;Compatibilit\u00e0 di<br \/>\nNocospray Kube&#8221; use_theme_fonts=&#8221;yes&#8221;][\/vc_column][\/vc_row][vc_row css=&#8221;.vc_custom_1635217084022{margin-bottom: 30px !important;}&#8221;][vc_column][vc_custom_heading text=&#8221;I DISINFETTANTI&#8221; font_container=&#8221;tag:h4|text_align:left|color:%23222f3a&#8221; google_fonts=&#8221;font_family:Raleway%3A100%2C200%2C300%2Cregular%2C500%2C600%2C700%2C800%2C900|font_style:600%20bold%20regular%3A600%3Anormal&#8221;][\/vc_column][\/vc_row][vc_row el_class=&#8221;products-list&#8221; css=&#8221;.vc_custom_1634604899105{margin-bottom: 60px !important;}&#8221;][vc_column width=&#8221;1\/4&#8243;]<div class=\"templatera_shortcode\"><div class=\"vc_row wpb_row vc_row-fluid mpc-row\"><div class=\"wpb_column vc_column_container vc_col-sm-12 mpc-column\" data-column-id=\"mpc_column-6069f17918e68f4\"><div class=\"vc_column-inner\"><div class=\"wpb_wrapper\">\n\t<div class=\"wpb_single_image wpb_content_element vc_align_center wpb_content_element\">\n\t\t\n\t\t<figure class=\"wpb_wrapper vc_figure\">\n\t\t\t<a href=\"\/it\/nocotech\/nocolyse\/\" target=\"_self\" class=\"vc_single_image-wrapper   vc_box_border_grey\"><img loading=\"lazy\" decoding=\"async\" width=\"214\" height=\"300\" src=\"https:\/\/www.oxypharm.net\/wp-content\/uploads\/2023\/04\/nocolyse_250.png\" class=\"vc_single_image-img attachment-thumbnail\" alt=\"\" title=\"nocolyse_250\"><\/a>\n\t\t<\/figure>\n\t<\/div>\n\n\t<div class=\"wpb_text_column wpb_content_element\">\n\t\t<div class=\"wpb_wrapper\">\n\t\t\t<p class=\"p1\" style=\"text-align: center;\"><a class=\"btn\" href=\"\/it\/nocotech\/nocolyse\/\">Nocolyse<\/a><\/p>\n\n\t\t<\/div>\n\t<\/div>\n<\/div><\/div><\/div><\/div><\/div>[\/vc_column][vc_column width=&#8221;1\/4&#8243;][\/vc_column][vc_column width=&#8221;1\/4&#8243;][\/vc_column][vc_column width=&#8221;1\/4&#8243;][\/vc_column][\/vc_row][vc_row css=&#8221;.vc_custom_1635217189812{margin-bottom: 30px !important;}&#8221;][vc_column][vc_custom_heading text=&#8221;CONTROLLO QUALIT\u00c0&#8221; font_container=&#8221;tag:h4|text_align:left|color:%23222f3a&#8221; google_fonts=&#8221;font_family:Raleway%3A100%2C200%2C300%2Cregular%2C500%2C600%2C700%2C800%2C900|font_style:600%20bold%20regular%3A600%3Anormal&#8221;][\/vc_column][\/vc_row][vc_row el_class=&#8221;products-list&#8221; css=&#8221;.vc_custom_1635217199864{margin-bottom: 60px !important;}&#8221;][vc_column width=&#8221;1\/4&#8243;]<div class=\"templatera_shortcode\"><div class=\"vc_row wpb_row vc_row-fluid mpc-row\"><div class=\"wpb_column vc_column_container vc_col-sm-12 mpc-column\" data-column-id=\"mpc_column-7069f17918e77c2\"><div class=\"vc_column-inner\"><div class=\"wpb_wrapper\">\n\t<div class=\"wpb_single_image wpb_content_element vc_align_center wpb_content_element\">\n\t\t\n\t\t<figure class=\"wpb_wrapper vc_figure\">\n\t\t\t<a href=\"\/it\/soluzioni\/controllo-qualita-e-accessori\/nocobox\/\" target=\"_self\" class=\"vc_single_image-wrapper   vc_box_border_grey\"><img loading=\"lazy\" decoding=\"async\" width=\"300\" height=\"285\" src=\"https:\/\/www.oxypharm.net\/wp-content\/uploads\/2021\/11\/nocobox_1-300x285.png\" class=\"vc_single_image-img attachment-thumbnail\" alt=\"\" title=\"Nocobox\" srcset=\"https:\/\/www.oxypharm.net\/wp-content\/uploads\/2021\/11\/nocobox_1-300x285.png 300w, https:\/\/www.oxypharm.net\/wp-content\/uploads\/2021\/11\/nocobox_1-1200x1138.png 1200w, https:\/\/www.oxypharm.net\/wp-content\/uploads\/2021\/11\/nocobox_1.png 1920w\" sizes=\"auto, (max-width: 300px) 100vw, 300px\"><\/a>\n\t\t<\/figure>\n\t<\/div>\n\n\t<div class=\"wpb_text_column wpb_content_element\">\n\t\t<div class=\"wpb_wrapper\">\n\t\t\t<p class=\"p1\" style=\"text-align: center;\"><a class=\"btn\" href=\"\/it\/soluzioni\/controllo-qualita-e-accessori\/nocobox\/\">Nocobox<\/a><\/p>\n\n\t\t<\/div>\n\t<\/div>\n<\/div><\/div><\/div><\/div><\/div>[\/vc_column][vc_column width=&#8221;1\/4&#8243;]<div class=\"templatera_shortcode\"><div class=\"vc_row wpb_row vc_row-fluid mpc-row\"><div class=\"wpb_column vc_column_container vc_col-sm-12 mpc-column\" data-column-id=\"mpc_column-9869f17918e84bb\"><div class=\"vc_column-inner\"><div class=\"wpb_wrapper\">\n\t<div class=\"wpb_single_image wpb_content_element vc_align_center wpb_content_element\">\n\t\t\n\t\t<figure class=\"wpb_wrapper vc_figure\">\n\t\t\t<a href=\"\/it\/soluzioni\/controllo-qualita-e-accessori\/nocotest\/\" target=\"_self\" class=\"vc_single_image-wrapper   vc_box_border_grey\"><img loading=\"lazy\" decoding=\"async\" width=\"241\" height=\"300\" src=\"https:\/\/www.oxypharm.net\/wp-content\/uploads\/2021\/11\/nocotest_2-241x300.png\" class=\"vc_single_image-img attachment-thumbnail\" alt=\"\" title=\"Nocotest\" srcset=\"https:\/\/www.oxypharm.net\/wp-content\/uploads\/2021\/11\/nocotest_2-241x300.png 241w, https:\/\/www.oxypharm.net\/wp-content\/uploads\/2021\/11\/nocotest_2-965x1200.png 965w, https:\/\/www.oxypharm.net\/wp-content\/uploads\/2021\/11\/nocotest_2-1544x1920.png 1544w\" sizes=\"auto, (max-width: 241px) 100vw, 241px\"><\/a>\n\t\t<\/figure>\n\t<\/div>\n\n\t<div class=\"wpb_text_column wpb_content_element\">\n\t\t<div class=\"wpb_wrapper\">\n\t\t\t<p class=\"p1\" style=\"text-align: center;\"><a class=\"btn\" href=\"\/it\/soluzioni\/controllo-qualita-e-accessori\/nocotest\/\">Nocotest<\/a><\/p>\n\n\t\t<\/div>\n\t<\/div>\n<\/div><\/div><\/div><\/div><\/div>[\/vc_column][vc_column width=&#8221;1\/4&#8243;][\/vc_column][vc_column width=&#8221;1\/4&#8243;][\/vc_column][\/vc_row][vc_row css=&#8221;.vc_custom_1650402885496{margin-top: 90px !important;}&#8221;][vc_column][\/vc_column][\/vc_row]<\/p>\n<\/div>","protected":false},"excerpt":{"rendered":"","protected":false},"author":1,"featured_media":0,"parent":9564,"menu_order":0,"comment_status":"closed","ping_status":"closed","template":"","meta":{"_acf_changed":false,"footnotes":""},"class_list":["post-15340","page","type-page","status-publish","hentry"],"acf":[],"yoast_head":"<!-- This site is optimized with the Yoast SEO plugin v26.1.1 - https:\/\/yoast.com\/wordpress\/plugins\/seo\/ -->\n<title>Nocospray Kube - Oxy&#039;Pharm<\/title>\n<meta name=\"robots\" content=\"index, follow, max-snippet:-1, max-image-preview:large, max-video-preview:-1\" \/>\n<link rel=\"canonical\" href=\"https:\/\/www.oxypharm.net\/it\/nocotech\/nocospray-kube\/\" \/>\n<meta property=\"og:locale\" content=\"it_IT\" \/>\n<meta property=\"og:type\" content=\"article\" \/>\n<meta property=\"og:title\" content=\"Nocospray Kube - Oxy&#039;Pharm\" \/>\n<meta property=\"og:url\" content=\"https:\/\/www.oxypharm.net\/it\/nocotech\/nocospray-kube\/\" \/>\n<meta property=\"og:site_name\" content=\"Oxy&#039;Pharm\" \/>\n<meta property=\"article:publisher\" content=\"https:\/\/www.facebook.com\/profile.php?id=100065087790394\" \/>\n<meta property=\"article:modified_time\" content=\"2023-07-19T14:31:10+00:00\" \/>\n<meta name=\"twitter:card\" content=\"summary_large_image\" \/>\n<meta name=\"twitter:site\" content=\"@OxyPharm\" \/>\n<meta name=\"twitter:label1\" content=\"Est. reading time\" \/>\n\t<meta name=\"twitter:data1\" content=\"3 minutes\" \/>\n<script type=\"application\/ld+json\" class=\"yoast-schema-graph\">{\"@context\":\"https:\/\/schema.org\",\"@graph\":[{\"@type\":\"WebPage\",\"@id\":\"https:\/\/www.oxypharm.net\/it\/nocotech\/nocospray-kube\/\",\"url\":\"https:\/\/www.oxypharm.net\/it\/nocotech\/nocospray-kube\/\",\"name\":\"Nocospray Kube - Oxy&#039;Pharm\",\"isPartOf\":{\"@id\":\"https:\/\/www.oxypharm.net\/#website\"},\"datePublished\":\"2023-04-20T09:02:27+00:00\",\"dateModified\":\"2023-07-19T14:31:10+00:00\",\"breadcrumb\":{\"@id\":\"https:\/\/www.oxypharm.net\/it\/nocotech\/nocospray-kube\/#breadcrumb\"},\"inLanguage\":\"it-IT\",\"potentialAction\":[{\"@type\":\"ReadAction\",\"target\":[\"https:\/\/www.oxypharm.net\/it\/nocotech\/nocospray-kube\/\"]}]},{\"@type\":\"BreadcrumbList\",\"@id\":\"https:\/\/www.oxypharm.net\/it\/nocotech\/nocospray-kube\/#breadcrumb\",\"itemListElement\":[{\"@type\":\"ListItem\",\"position\":1,\"name\":\"Accueil\",\"item\":\"https:\/\/www.oxypharm.net\/it\/\"},{\"@type\":\"ListItem\",\"position\":2,\"name\":\"Nocotech\",\"item\":\"https:\/\/www.oxypharm.net\/it\/nocotech\/\"},{\"@type\":\"ListItem\",\"position\":3,\"name\":\"Nocospray Kube\"}]},{\"@type\":\"WebSite\",\"@id\":\"https:\/\/www.oxypharm.net\/#website\",\"url\":\"https:\/\/www.oxypharm.net\/\",\"name\":\"Oxy&#039;Pharm\",\"description\":\"\",\"publisher\":{\"@id\":\"https:\/\/www.oxypharm.net\/#organization\"},\"potentialAction\":[{\"@type\":\"SearchAction\",\"target\":{\"@type\":\"EntryPoint\",\"urlTemplate\":\"https:\/\/www.oxypharm.net\/?s={search_term_string}\"},\"query-input\":{\"@type\":\"PropertyValueSpecification\",\"valueRequired\":true,\"valueName\":\"search_term_string\"}}],\"inLanguage\":\"it-IT\"},{\"@type\":\"Organization\",\"@id\":\"https:\/\/www.oxypharm.net\/#organization\",\"name\":\"Oxy'pharm\",\"alternateName\":\"Oxypharm\",\"url\":\"https:\/\/www.oxypharm.net\/\",\"logo\":{\"@type\":\"ImageObject\",\"inLanguage\":\"it-IT\",\"@id\":\"https:\/\/www.oxypharm.net\/#\/schema\/logo\/image\/\",\"url\":\"https:\/\/www.oxypharm.net\/wp-content\/uploads\/2023\/06\/Logo-Medtradex-Oxypharm.jpg\",\"contentUrl\":\"https:\/\/www.oxypharm.net\/wp-content\/uploads\/2023\/06\/Logo-Medtradex-Oxypharm.jpg\",\"width\":500,\"height\":500,\"caption\":\"Oxy'pharm\"},\"image\":{\"@id\":\"https:\/\/www.oxypharm.net\/#\/schema\/logo\/image\/\"},\"sameAs\":[\"https:\/\/www.facebook.com\/profile.php?id=100065087790394\",\"https:\/\/x.com\/OxyPharm\",\"https:\/\/www.instagram.com\/oxy_pharm\/\",\"https:\/\/www.linkedin.com\/company\/oxy-pharm\/\",\"https:\/\/www.youtube.com\/channel\/UCwTjwWFZWcMdPPlvkTuiurw\"]}]}<\/script>\n<!-- \/ Yoast SEO plugin. -->","yoast_head_json":{"title":"Nocospray Kube - Oxy&#039;Pharm","robots":{"index":"index","follow":"follow","max-snippet":"max-snippet:-1","max-image-preview":"max-image-preview:large","max-video-preview":"max-video-preview:-1"},"canonical":"https:\/\/www.oxypharm.net\/it\/nocotech\/nocospray-kube\/","og_locale":"it_IT","og_type":"article","og_title":"Nocospray Kube - Oxy&#039;Pharm","og_url":"https:\/\/www.oxypharm.net\/it\/nocotech\/nocospray-kube\/","og_site_name":"Oxy&#039;Pharm","article_publisher":"https:\/\/www.facebook.com\/profile.php?id=100065087790394","article_modified_time":"2023-07-19T14:31:10+00:00","twitter_card":"summary_large_image","twitter_site":"@OxyPharm","twitter_misc":{"Est. reading time":"3 minutes"},"schema":{"@context":"https:\/\/schema.org","@graph":[{"@type":"WebPage","@id":"https:\/\/www.oxypharm.net\/it\/nocotech\/nocospray-kube\/","url":"https:\/\/www.oxypharm.net\/it\/nocotech\/nocospray-kube\/","name":"Nocospray Kube - Oxy&#039;Pharm","isPartOf":{"@id":"https:\/\/www.oxypharm.net\/#website"},"datePublished":"2023-04-20T09:02:27+00:00","dateModified":"2023-07-19T14:31:10+00:00","breadcrumb":{"@id":"https:\/\/www.oxypharm.net\/it\/nocotech\/nocospray-kube\/#breadcrumb"},"inLanguage":"it-IT","potentialAction":[{"@type":"ReadAction","target":["https:\/\/www.oxypharm.net\/it\/nocotech\/nocospray-kube\/"]}]},{"@type":"BreadcrumbList","@id":"https:\/\/www.oxypharm.net\/it\/nocotech\/nocospray-kube\/#breadcrumb","itemListElement":[{"@type":"ListItem","position":1,"name":"Accueil","item":"https:\/\/www.oxypharm.net\/it\/"},{"@type":"ListItem","position":2,"name":"Nocotech","item":"https:\/\/www.oxypharm.net\/it\/nocotech\/"},{"@type":"ListItem","position":3,"name":"Nocospray Kube"}]},{"@type":"WebSite","@id":"https:\/\/www.oxypharm.net\/#website","url":"https:\/\/www.oxypharm.net\/","name":"Oxy&#039;Pharm","description":"","publisher":{"@id":"https:\/\/www.oxypharm.net\/#organization"},"potentialAction":[{"@type":"SearchAction","target":{"@type":"EntryPoint","urlTemplate":"https:\/\/www.oxypharm.net\/?s={search_term_string}"},"query-input":{"@type":"PropertyValueSpecification","valueRequired":true,"valueName":"search_term_string"}}],"inLanguage":"it-IT"},{"@type":"Organization","@id":"https:\/\/www.oxypharm.net\/#organization","name":"Oxy'pharm","alternateName":"Oxypharm","url":"https:\/\/www.oxypharm.net\/","logo":{"@type":"ImageObject","inLanguage":"it-IT","@id":"https:\/\/www.oxypharm.net\/#\/schema\/logo\/image\/","url":"https:\/\/www.oxypharm.net\/wp-content\/uploads\/2023\/06\/Logo-Medtradex-Oxypharm.jpg","contentUrl":"https:\/\/www.oxypharm.net\/wp-content\/uploads\/2023\/06\/Logo-Medtradex-Oxypharm.jpg","width":500,"height":500,"caption":"Oxy'pharm"},"image":{"@id":"https:\/\/www.oxypharm.net\/#\/schema\/logo\/image\/"},"sameAs":["https:\/\/www.facebook.com\/profile.php?id=100065087790394","https:\/\/x.com\/OxyPharm","https:\/\/www.instagram.com\/oxy_pharm\/","https:\/\/www.linkedin.com\/company\/oxy-pharm\/","https:\/\/www.youtube.com\/channel\/UCwTjwWFZWcMdPPlvkTuiurw"]}]}},"_links":{"self":[{"href":"https:\/\/www.oxypharm.net\/it\/wp-json\/wp\/v2\/pages\/15340","targetHints":{"allow":["GET"]}}],"collection":[{"href":"https:\/\/www.oxypharm.net\/it\/wp-json\/wp\/v2\/pages"}],"about":[{"href":"https:\/\/www.oxypharm.net\/it\/wp-json\/wp\/v2\/types\/page"}],"author":[{"embeddable":true,"href":"https:\/\/www.oxypharm.net\/it\/wp-json\/wp\/v2\/users\/1"}],"replies":[{"embeddable":true,"href":"https:\/\/www.oxypharm.net\/it\/wp-json\/wp\/v2\/comments?post=15340"}],"version-history":[{"count":5,"href":"https:\/\/www.oxypharm.net\/it\/wp-json\/wp\/v2\/pages\/15340\/revisions"}],"predecessor-version":[{"id":16292,"href":"https:\/\/www.oxypharm.net\/it\/wp-json\/wp\/v2\/pages\/15340\/revisions\/16292"}],"up":[{"embeddable":true,"href":"https:\/\/www.oxypharm.net\/it\/wp-json\/wp\/v2\/pages\/9564"}],"wp:attachment":[{"href":"https:\/\/www.oxypharm.net\/it\/wp-json\/wp\/v2\/media?parent=15340"}],"curies":[{"name":"wp","href":"https:\/\/api.w.org\/{rel}","templated":true}]}}