{"id":11209,"date":"2023-01-09T16:06:29","date_gmt":"2023-01-09T16:06:29","guid":{"rendered":"https:\/\/preprod.oxypharm.net\/note-legali\/"},"modified":"2023-01-09T16:06:29","modified_gmt":"2023-01-09T16:06:29","slug":"note-legali","status":"publish","type":"page","link":"https:\/\/www.oxypharm.net\/it\/note-legali\/","title":{"rendered":"Note legali"},"content":{"rendered":"<div class=\"wpb-content-wrapper\"><p>[vc_row full_width=&#8221;stretch_row&#8221; el_class=&#8221;hero&#8221; css=&#8221;.vc_custom_1633983640714{margin-bottom: 85px !important;padding-top: 50px !important;padding-bottom: 0px !important;}&#8221;][vc_column][vc_custom_heading text=&#8221;Note legali&#8221; font_container=&#8221;tag:h1|font_size:70|text_align:left|line_height:55px&#8221; google_fonts=&#8221;font_family:Raleway%3A100%2C200%2C300%2Cregular%2C500%2C600%2C700%2C800%2C900|font_style:800%20bold%20regular%3A800%3Anormal&#8221; css=&#8221;.vc_custom_1662731615551{margin-bottom: 10px !important;}&#8221;][vc_column_text]Schermata iniziale &gt; Note legali[\/vc_column_text][\/vc_column][\/vc_row][vc_row css=&#8221;.vc_custom_1645439143705{margin-bottom: 60px !important;}&#8221;][vc_column][vc_custom_heading text=&#8221;NOTE LEGALI OXY\u2019PHARM&#8221; font_container=&#8221;tag:h3|text_align:left&#8221; use_theme_fonts=&#8221;yes&#8221;][\/vc_column][\/vc_row][vc_row][vc_column][vc_column_text]<strong>Note legali<\/strong><\/p>\n<p>I prodotti OXY&#8217;PHARM sono riservati ai professionisti<br \/>\nProduttore: OXY\u2019PHARM<br \/>\nInvitiamo tutti gli utenti dei nostri prodotti a leggere attentamente le istruzioni contenute nei manuali e nelle istruzioni per l\u2019uso.<\/p>\n<p><strong>Editore del sito web<\/strong><\/p>\n<p>Il sito <a href=\"http:\/\/www.oxypharm.net\/\">www.oxypharm.net<\/a> \u00e8 di propriet\u00e0 di OXY&#8217;PHARM.<\/p>\n<p>Sede legale: OXY\u2019PHARM \u2013 829, rue Marcel Paul 94500 CHAMPIGNY-SUR-MARNE<br \/>\nCapitale sociale: 300.000 euro<br \/>\nIVA intracomunitaria: FR74448974253<br \/>\nRCS: Cr\u00e9teil 448 974 253<br \/>\nNumero individuale d&#8217;identificazione (SIRET): 44897425300024<br \/>\nTelefono: +33 1 45 18 78 70<br \/>\nE-mail: <a href=\"mailto:commercial@oxypharm.net\">info@oxypharm.net<\/a><\/p>\n<p><strong>Host del sito<\/strong><\/p>\n<p>Azienda: FCMICRO<br \/>\nTelefono: 01 69 94 10 96<br \/>\nE-mail: <a href=\"mailto:contact@fcmicro.net\">contact@fcmicro.net<\/a><br \/>\nSito web: <a href=\"http:\/\/www.fcmicro.net\/\">www.fcmicro.net<\/a><\/p>\n<p><strong>Informativa sulla privacy<\/strong><\/p>\n<p>Responsabile del trattamento dei dati personali \u00e8 Lucie ROULEAU.<br \/>\nAi sensi dell&#8217;articolo 3 della legge &#8220;Informatica e libert\u00e0&#8221; del 6 gennaio 1978, l\u2019utente ha il diritto di accedere, modificare, rettificare e cancellare i dati personali che lo riguardano. \u00c8 possibile esercitare tale diritto con una semplice richiesta via e-mail o per posta.<\/p>\n<p><strong>Contenuti del sito e propriet\u00e0 intellettuale<\/strong><\/p>\n<p>Le informazioni fornite su <a href=\"http:\/\/www.oxypharm.net\/\">http:\/\/www.oxypharm.net<\/a> sono esclusivamente a scopo informativo.<br \/>\nOXY\u2019PHARM non si assume la responsabilit\u00e0 per l&#8217;accuratezza, la completezza o la tempestivit\u00e0 delle informazioni fornite sul sito. Le informazioni ivi contenute possono contenere imprecisioni tecniche o errori tipografici. Tali informazioni possono essere modificate periodicamente e le modifiche saranno integrate nelle nuove edizioni.<\/p>\n<p>OXY&#8217;PHARM pu\u00f2, in qualsiasi momento e senza preavviso, apportare miglioramenti o modifiche a prodotti, programmi o servizi descritti sul proprio sito. \u00c8 vietata la riproduzione, la rappresentazione, la modifica, la pubblicazione, la trasmissione, l\u2019alterazione totale o parziale, del sito o dei suoi contenuti, con qualsiasi procedimento e su qualsiasi supporto.<\/p>\n<p>Qualsiasi utilizzo non autorizzato del sito o del suo contenuto o delle informazioni da esso divulgate, ricade sotto la responsabilit\u00e0 dell&#8217;utente e costituir\u00e0 una violazione sanzionata dagli articoli L 335-2 e seguenti del Codice della Propriet\u00e0 Intellettuale.<br \/>\nLo stesso vale per tutte le banche dati riportate sul sito. <a href=\"http:\/\/www.oxypharm.net\/\">http:\/\/www.oxypharm.net<\/a> che sono protette dalle disposizioni della legge del 1\u00b0 luglio 1998 che recepisce nel Codice della propriet\u00e0 intellettuale, la Direttiva europea dell&#8217;11 marzo 1996 sulla tutela giuridica delle banche dati. Pertanto, qualsiasi riproduzione o estrazione \u00e8 sotto la responsabilit\u00e0 dell&#8217;utente.<\/p>\n<p>Il sito <a href=\"http:\/\/www.oxypharm.net\/\">http:\/\/www.oxypharm.net<\/a> consente di accedere ad altri siti tramite collegamenti ipertestuali. Poich\u00e9 OXY\u2019PHARM non gestisce tali siti, non pu\u00f2 controllarne il contenuto. Di conseguenza, OXY&#8217;PHARM non pu\u00f2 essere ritenuta responsabile del contenuto di tali siti, n\u00e9 della raccolta e della trasmissione di dati personali, dell&#8217;installazione di cookie o di qualsiasi altro processo utilizzato allo stesso scopo da detti siti.<\/p>\n<p>Questo sito \u00e8 ottimizzato per una risoluzione dello schermo di 1024 x 768 e per Internet Explorer versione 7 o superiore \/ Firefox versione e Chrome.<\/p>\n<p>Crediti fotografici: OXY\u2019PHARM<br \/>\nTutti i diritti riservati &#8211; Foto non contrattuali<br \/>\nProgettazione e realizzazione del sito: OXY\u2019PHARM<\/p>\n<p><strong><u>CONDIZIONI GENERALI DI VENDITA<\/u><\/strong><\/p>\n<p>Le presenti condizioni generali di vendita si applicano, nonostante eventuali clausole contrarie, alla vendita da parte di OXY&#8217;PHARM delle sue attrezzature, nuove o usate, e dei suoi prodotti. La firma del modulo d&#8217;ordine da parte del cliente implica l&#8217;accettazione senza riserve delle presenti condizioni, di cui il cliente dichiara di aver preso visione.<\/p>\n<p><strong>       <\/strong><\/p>\n<p><strong> 1. <\/strong><strong> CREAZIONE DEL CONTRATTO<br \/>\n\u2028<\/strong><\/p>\n<p>Soltanto gli ordini debitamente accettati dalla nostra direzione vincoleranno la societ\u00e0 OXY&#8217;PHARM, in quanto gli impegni assunti dai nostri rappresentanti e venditori sono soggetti a ratifica da parte della nostra direzione. Nel caso in cui l&#8217;ordine sia subordinato al versamento di un acconto, la data dell&#8217;ordine sar\u00e0 considerata la data di ricezione di tale acconto.<\/p>\n<p><strong>     <\/strong><\/p>\n<p><strong> 2. CARATTERISTICHE DEI DISPOSITIVI E DEI PRODOTTI OXY\u2019PHARM<\/strong><\/p>\n<p>OXY\u2019PHARM si riserva il diritto di modificare le proprie attrezzature e di applicare, a sua esclusiva discrezione, tali modifiche alle attrezzature ordinate e non ancora consegnate.<\/p>\n<p>Tuttavia, l&#8217;acquirente non potr\u00e0 ottenere da OXY&#8217;PHARM l&#8217;obbligo di applicare eventuali modifiche alle apparecchiature e ai prodotti ordinati e non ancora consegnati.<\/p>\n<p>Le indicazioni o altri dati relativi alla natura tecnica e al prezzo dei prodotti OXY&#8217;PHARM, riportati in avvisi, cataloghi e documenti pubblicitari di qualsiasi tipo, non hanno in alcun modo carattere contrattuale, essendo semplicemente indicativi e OXY&#8217;PHARM si riserva il diritto di modificarli in qualsiasi momento.<\/p>\n<p><strong>       <\/strong><\/p>\n<p><strong> 3. GARANZIA<\/strong><\/p>\n<p>\u00c8 responsabilit\u00e0 del cliente controllare la merce alla consegna; tale verifica deve comprendere i riferimenti, le quantit\u00e0 e la qualit\u00e0 della merce, nonch\u00e9 la sua conformit\u00e0 all&#8217;ordine. Nessun reclamo sar\u00e0 preso in considerazione dopo un periodo di quindici giorni dalla data di consegna.<\/p>\n<p>I beni che presentano un difetto di conformit\u00e0 non contestato e segnalato entro tale termine saranno sostituiti o riparati, escludendo tipo di qualsiasi risarcimento. Allo stesso modo, se la merce presenta un difetto, la garanzia \u00e8 strettamente limitata alla riparazione o alla sostituzione, ad esclusione di qualsiasi risarcimento.<\/p>\n<p><strong>       <\/strong><\/p>\n<p><strong> 4. RESPONSABILIT\u00c0<\/strong><\/p>\n<p>In nessun caso la responsabilit\u00e0 di OXY&#8217;PHARM potr\u00e0 superare il prezzo dell&#8217;apparecchio in questione e\/o avente causato il danno.<\/p>\n<p><strong>      <\/strong><\/p>\n<p><strong> 5. ANNULLAMENTO<\/strong><\/p>\n<p>Nessun ordine pu\u00f2 essere annullato dal cliente, tranne in caso di ritardo di oltre 3 mesi nella consegna, previa comunicazione ufficiale a mezzo raccomandata con ricevuta di ritorno, che preveda un termine di 15 giorni per consentire l&#8217;esecuzione della consegna.<\/p>\n<p><strong>       <\/strong><\/p>\n<p><strong> 6. TEMPI E CONDIZIONI DI CONSEGNA<\/strong><\/p>\n<p>I tempi di consegna sono forniti a titolo puramente indicativo e senza alcuna garanzia. I ritardi nella consegna non danno diritto all&#8217;acquirente di annullare la vendita o di rifiutare la merce, n\u00e9 possono dar luogo a trattenute, penali o danni.<\/p>\n<p>La merce viaggia a rischio e pericolo del cliente, che \u00e8 tenuto a verificarne il buono stato al momento della consegna. Se il cliente nota danni o mancanze, dovr\u00e0 scrivere le sue segnalazioni precise e complete sul documento di trasporto e reiterare il suo reclamo, motivandolo nella forma e nei termini previsti dall&#8217;articolo L. 133-3 del Codice del Commercio.<\/p>\n<p>Le spese di trasporto e di consegna delle apparecchiature, se non diversamente specificato nella conferma d&#8217;ordine, sono a carico del cliente.<\/p>\n<p><strong>       <\/strong><\/p>\n<p><strong> 7. FORZA MAGGIORE<\/strong><\/p>\n<p>Il verificarsi di un caso di forza maggiore ha come effetto di sospendere l&#8217;esecuzione degli obblighi contrattuali di OXY&#8217;PHARM.<\/p>\n<p>Qualsiasi evento al di fuori del controllo di OXY&#8217;PHARM che le impedisca di operare normalmente nella fase di produzione o di spedizione dei prodotti \u00e8 da considerarsi caso di forza maggiore. In particolare, rientrano tra i casi di forza maggiore gli scioperi totali o parziali che possono impedire il corretto funzionamento dell\u2019azienda OXY&#8217;PHARM o di uno dei suoi fornitori, subappaltatori o trasportatori, nonch\u00e9 le interruzioni dei trasporti, dell&#8217;approvvigionamento energetico, delle materie prime o dei pezzi di ricambio.<\/p>\n<p><strong>      <\/strong><\/p>\n<p><strong> 8. TARIFFE \u2013 PAGAMENTO<\/strong><\/p>\n<p>Le tariffe sono stabilite in base ai prezzi pubblici del giorno di conferma dell&#8217;ordine o di qualsiasi altra proposta fatta dall&#8217;agente commerciale e convalidata dalla direzione dell\u2019azienda OXY\u2019PHARM.<\/p>\n<p>Nel caso in cui una variazione non concordata di questi ultimi prima della fatturazione richieda una modifica del prezzo, tale modifica verr\u00e0 proposta al cliente; se il cliente rifiuta di accettare l&#8217;aumento, OXY&#8217;PHARM si riserva il diritto di annullare l&#8217;ordine.<\/p>\n<p>In caso di variazione di qualsiasi tassa e imposta relativa alle nostre attrezzature e servizi, queste ultime saranno vincolanti per le parti, se necessario e il prezzo contrattuale sar\u00e0 considerato quello al netto dell&#8217;IVA.<\/p>\n<p>Le nostre fatture sono pagabili presso la nostra sede legale.<\/p>\n<p>La creazione di effetti cambiari o l&#8217;accettazione di tutti gli effetti commerciali non implica n\u00e9 novazione n\u00e9 deroga alla clausola di competenza. Se il pagamento \u00e8 previsto tramite cambiali accettate, la mancata restituzione delle cambiali inviate per l&#8217;accettazione entro 15 giorni dalla data di spedizione render\u00e0 il debito immediatamente esigibile (art. 12 del Codice del Commercio). In caso di mancato pagamento di una delle scadenze previste, il saldo del debito diventer\u00e0 immediatamente esigibile e il mancato pagamento di una fattura alla sua scadenza render\u00e0 immediatamente esigibile il pagamento di qualsiasi altra fattura, indipendentemente dalle condizioni del contratto a cui si riferisce.<\/p>\n<p>Ci riserviamo la facolt\u00e0 di sospendere l&#8217;esecuzione di un ordine in caso di mancato pagamento di una fattura precedente alla data di scadenza o di richiesta di rinvio della data di scadenza e di eseguirlo soltanto dietro presentazione di una garanzia da noi debitamente accettata. Qualsiasi ritardo nel pagamento comporter\u00e0 interessi calcolati al tasso legale applicabile in materia commerciale.<\/p>\n<p><strong> 9. CLAUSOLA DI RISERVA DI PROPRIET\u00c0<\/strong><\/p>\n<p>L&#8217;azienda si riserva la propriet\u00e0 dei beni venduti fino al completo pagamento della loro tariffa in capitale e interessi. In caso di mancato pagamento della tariffa alla scadenza concordata, l&#8217;azienda potr\u00e0 riprendere la merce e la vendita sar\u00e0 annullata di diritto se lo riterr\u00e0 opportuno; Gli anticipi gi\u00e0 versati saranno trattenuti a titolo di compensazione. Inoltre, l&#8217;acquirente \u00e8 responsabile dei beni venduti dal momento della loro consegna fisica, in quanto il trasferimento del possesso comporta il trasferimento dei rischi. L&#8217;acquirente si impegna pertanto a stipulare una polizza assicurativa a copertura dei rischi di perdita, furto o danneggiamento della merce designata.<\/p>\n<p>Il cliente dovr\u00e0 inoltre astenersi dal costituire in pegno o trasferire la propriet\u00e0 della merce a titolo di garanzia.<\/p>\n<p><strong> 10. CLAUSOLA RISOLUTIVA<\/strong><\/p>\n<p>Si conviene che in caso di mancato pagamento di tutta o parte della tariffa stabilita, alla data esatta di scadenza, la tariffa totale sar\u00e0 immediatamente esigibile e autorizzer\u00e0 OXY&#8217;PHARM a reclamare la restituzione della merce, essendo la vendita automaticamente annullata, dopo che un singolo ordine di pagamento \u00e8 rimasto infruttuoso.<\/p>\n<p>Inoltre, come clausola penale, l&#8217;acquirente deve in questo caso pagare un&#8217;indennit\u00e0 forfettaria pari al 10% dell&#8217;importo ancora dovuto, fatte salve le altre somme eventualmente dovute per contratto.<\/p>\n<p><strong> 11. CONTROVERSIE<\/strong><\/p>\n<p>L&#8217;ordine implica l&#8217;accettazione integrale e senza riserve delle condizioni generali di vendita di OXY&#8217;PHARM. In caso di controversia, il foro competente \u00e8 quello della sede dell\u2019azienda OXY&#8217;PHARM, che si pronuncer\u00e0 secondo il diritto francese.[\/vc_column_text][\/vc_column][\/vc_row]<\/p>\n<\/div>","protected":false},"excerpt":{"rendered":"<p>[vc_row full_width=&#8221;stretch_row&#8221; el_class=&#8221;hero&#8221; css=&#8221;.vc_custom_1633983640714{margin-bottom: 85px !important;padding-top: 50px !important;padding-bottom: 0px !important;}&#8221;][vc_column][vc_custom_heading text=&#8221;Note legali&#8221; font_container=&#8221;tag:h1|font_size:70|text_align:left|line_height:55px&#8221; google_fonts=&#8221;font_family:Raleway%3A100%2C200%2C300%2Cregular%2C500%2C600%2C700%2C800%2C900|font_style:800%20bold%20regular%3A800%3Anormal&#8221; css=&#8221;.vc_custom_1662731615551{margin-bottom: 10px !important;}&#8221;][vc_column_text]Schermata iniziale &gt; Note<\/p>\n","protected":false},"author":1,"featured_media":0,"parent":0,"menu_order":0,"comment_status":"closed","ping_status":"closed","template":"","meta":{"_acf_changed":false,"footnotes":""},"class_list":["post-11209","page","type-page","status-publish","hentry"],"acf":[],"yoast_head":"<!-- This site is optimized with the Yoast SEO plugin v26.1.1 - https:\/\/yoast.com\/wordpress\/plugins\/seo\/ -->\n<title>Note legali - Oxy&#039;Pharm<\/title>\n<meta name=\"robots\" content=\"index, follow, max-snippet:-1, max-image-preview:large, max-video-preview:-1\" \/>\n<link rel=\"canonical\" href=\"https:\/\/www.oxypharm.net\/it\/note-legali\/\" \/>\n<meta property=\"og:locale\" content=\"it_IT\" \/>\n<meta property=\"og:type\" content=\"article\" \/>\n<meta property=\"og:title\" content=\"Note legali - Oxy&#039;Pharm\" \/>\n<meta property=\"og:description\" content=\"[vc_row full_width=&#8221;stretch_row&#8221; el_class=&#8221;hero&#8221; css=&#8221;.vc_custom_1633983640714{margin-bottom: 85px !important;padding-top: 50px !important;padding-bottom: 0px !important;}&#8221;][vc_column][vc_custom_heading text=&#8221;Note legali&#8221; font_container=&#8221;tag:h1|font_size:70|text_align:left|line_height:55px&#8221; google_fonts=&#8221;font_family:Raleway%3A100%2C200%2C300%2Cregular%2C500%2C600%2C700%2C800%2C900|font_style:800%20bold%20regular%3A800%3Anormal&#8221; css=&#8221;.vc_custom_1662731615551{margin-bottom: 10px !important;}&#8221;][vc_column_text]Schermata iniziale &gt; Note\" \/>\n<meta property=\"og:url\" content=\"https:\/\/www.oxypharm.net\/it\/note-legali\/\" \/>\n<meta property=\"og:site_name\" content=\"Oxy&#039;Pharm\" \/>\n<meta property=\"article:publisher\" content=\"https:\/\/www.facebook.com\/profile.php?id=100065087790394\" \/>\n<meta name=\"twitter:card\" content=\"summary_large_image\" \/>\n<meta name=\"twitter:site\" content=\"@OxyPharm\" \/>\n<meta name=\"twitter:label1\" content=\"Est. reading time\" \/>\n\t<meta name=\"twitter:data1\" content=\"8 minutes\" \/>\n<script type=\"application\/ld+json\" class=\"yoast-schema-graph\">{\"@context\":\"https:\/\/schema.org\",\"@graph\":[{\"@type\":\"WebPage\",\"@id\":\"https:\/\/www.oxypharm.net\/it\/note-legali\/\",\"url\":\"https:\/\/www.oxypharm.net\/it\/note-legali\/\",\"name\":\"Note legali - Oxy&#039;Pharm\",\"isPartOf\":{\"@id\":\"https:\/\/www.oxypharm.net\/#website\"},\"datePublished\":\"2023-01-09T16:06:29+00:00\",\"breadcrumb\":{\"@id\":\"https:\/\/www.oxypharm.net\/it\/note-legali\/#breadcrumb\"},\"inLanguage\":\"it-IT\",\"potentialAction\":[{\"@type\":\"ReadAction\",\"target\":[\"https:\/\/www.oxypharm.net\/it\/note-legali\/\"]}]},{\"@type\":\"BreadcrumbList\",\"@id\":\"https:\/\/www.oxypharm.net\/it\/note-legali\/#breadcrumb\",\"itemListElement\":[{\"@type\":\"ListItem\",\"position\":1,\"name\":\"Accueil\",\"item\":\"https:\/\/www.oxypharm.net\/it\/\"},{\"@type\":\"ListItem\",\"position\":2,\"name\":\"Note legali\"}]},{\"@type\":\"WebSite\",\"@id\":\"https:\/\/www.oxypharm.net\/#website\",\"url\":\"https:\/\/www.oxypharm.net\/\",\"name\":\"Oxy&#039;Pharm\",\"description\":\"\",\"publisher\":{\"@id\":\"https:\/\/www.oxypharm.net\/#organization\"},\"potentialAction\":[{\"@type\":\"SearchAction\",\"target\":{\"@type\":\"EntryPoint\",\"urlTemplate\":\"https:\/\/www.oxypharm.net\/?s={search_term_string}\"},\"query-input\":{\"@type\":\"PropertyValueSpecification\",\"valueRequired\":true,\"valueName\":\"search_term_string\"}}],\"inLanguage\":\"it-IT\"},{\"@type\":\"Organization\",\"@id\":\"https:\/\/www.oxypharm.net\/#organization\",\"name\":\"Oxy'pharm\",\"alternateName\":\"Oxypharm\",\"url\":\"https:\/\/www.oxypharm.net\/\",\"logo\":{\"@type\":\"ImageObject\",\"inLanguage\":\"it-IT\",\"@id\":\"https:\/\/www.oxypharm.net\/#\/schema\/logo\/image\/\",\"url\":\"https:\/\/www.oxypharm.net\/wp-content\/uploads\/2023\/06\/Logo-Medtradex-Oxypharm.jpg\",\"contentUrl\":\"https:\/\/www.oxypharm.net\/wp-content\/uploads\/2023\/06\/Logo-Medtradex-Oxypharm.jpg\",\"width\":500,\"height\":500,\"caption\":\"Oxy'pharm\"},\"image\":{\"@id\":\"https:\/\/www.oxypharm.net\/#\/schema\/logo\/image\/\"},\"sameAs\":[\"https:\/\/www.facebook.com\/profile.php?id=100065087790394\",\"https:\/\/x.com\/OxyPharm\",\"https:\/\/www.instagram.com\/oxy_pharm\/\",\"https:\/\/www.linkedin.com\/company\/oxy-pharm\/\",\"https:\/\/www.youtube.com\/channel\/UCwTjwWFZWcMdPPlvkTuiurw\"]}]}<\/script>\n<!-- \/ Yoast SEO plugin. -->","yoast_head_json":{"title":"Note legali - Oxy&#039;Pharm","robots":{"index":"index","follow":"follow","max-snippet":"max-snippet:-1","max-image-preview":"max-image-preview:large","max-video-preview":"max-video-preview:-1"},"canonical":"https:\/\/www.oxypharm.net\/it\/note-legali\/","og_locale":"it_IT","og_type":"article","og_title":"Note legali - Oxy&#039;Pharm","og_description":"[vc_row full_width=&#8221;stretch_row&#8221; el_class=&#8221;hero&#8221; css=&#8221;.vc_custom_1633983640714{margin-bottom: 85px !important;padding-top: 50px !important;padding-bottom: 0px !important;}&#8221;][vc_column][vc_custom_heading text=&#8221;Note legali&#8221; font_container=&#8221;tag:h1|font_size:70|text_align:left|line_height:55px&#8221; google_fonts=&#8221;font_family:Raleway%3A100%2C200%2C300%2Cregular%2C500%2C600%2C700%2C800%2C900|font_style:800%20bold%20regular%3A800%3Anormal&#8221; css=&#8221;.vc_custom_1662731615551{margin-bottom: 10px !important;}&#8221;][vc_column_text]Schermata iniziale &gt; Note","og_url":"https:\/\/www.oxypharm.net\/it\/note-legali\/","og_site_name":"Oxy&#039;Pharm","article_publisher":"https:\/\/www.facebook.com\/profile.php?id=100065087790394","twitter_card":"summary_large_image","twitter_site":"@OxyPharm","twitter_misc":{"Est. reading time":"8 minutes"},"schema":{"@context":"https:\/\/schema.org","@graph":[{"@type":"WebPage","@id":"https:\/\/www.oxypharm.net\/it\/note-legali\/","url":"https:\/\/www.oxypharm.net\/it\/note-legali\/","name":"Note legali - Oxy&#039;Pharm","isPartOf":{"@id":"https:\/\/www.oxypharm.net\/#website"},"datePublished":"2023-01-09T16:06:29+00:00","breadcrumb":{"@id":"https:\/\/www.oxypharm.net\/it\/note-legali\/#breadcrumb"},"inLanguage":"it-IT","potentialAction":[{"@type":"ReadAction","target":["https:\/\/www.oxypharm.net\/it\/note-legali\/"]}]},{"@type":"BreadcrumbList","@id":"https:\/\/www.oxypharm.net\/it\/note-legali\/#breadcrumb","itemListElement":[{"@type":"ListItem","position":1,"name":"Accueil","item":"https:\/\/www.oxypharm.net\/it\/"},{"@type":"ListItem","position":2,"name":"Note legali"}]},{"@type":"WebSite","@id":"https:\/\/www.oxypharm.net\/#website","url":"https:\/\/www.oxypharm.net\/","name":"Oxy&#039;Pharm","description":"","publisher":{"@id":"https:\/\/www.oxypharm.net\/#organization"},"potentialAction":[{"@type":"SearchAction","target":{"@type":"EntryPoint","urlTemplate":"https:\/\/www.oxypharm.net\/?s={search_term_string}"},"query-input":{"@type":"PropertyValueSpecification","valueRequired":true,"valueName":"search_term_string"}}],"inLanguage":"it-IT"},{"@type":"Organization","@id":"https:\/\/www.oxypharm.net\/#organization","name":"Oxy'pharm","alternateName":"Oxypharm","url":"https:\/\/www.oxypharm.net\/","logo":{"@type":"ImageObject","inLanguage":"it-IT","@id":"https:\/\/www.oxypharm.net\/#\/schema\/logo\/image\/","url":"https:\/\/www.oxypharm.net\/wp-content\/uploads\/2023\/06\/Logo-Medtradex-Oxypharm.jpg","contentUrl":"https:\/\/www.oxypharm.net\/wp-content\/uploads\/2023\/06\/Logo-Medtradex-Oxypharm.jpg","width":500,"height":500,"caption":"Oxy'pharm"},"image":{"@id":"https:\/\/www.oxypharm.net\/#\/schema\/logo\/image\/"},"sameAs":["https:\/\/www.facebook.com\/profile.php?id=100065087790394","https:\/\/x.com\/OxyPharm","https:\/\/www.instagram.com\/oxy_pharm\/","https:\/\/www.linkedin.com\/company\/oxy-pharm\/","https:\/\/www.youtube.com\/channel\/UCwTjwWFZWcMdPPlvkTuiurw"]}]}},"_links":{"self":[{"href":"https:\/\/www.oxypharm.net\/it\/wp-json\/wp\/v2\/pages\/11209","targetHints":{"allow":["GET"]}}],"collection":[{"href":"https:\/\/www.oxypharm.net\/it\/wp-json\/wp\/v2\/pages"}],"about":[{"href":"https:\/\/www.oxypharm.net\/it\/wp-json\/wp\/v2\/types\/page"}],"author":[{"embeddable":true,"href":"https:\/\/www.oxypharm.net\/it\/wp-json\/wp\/v2\/users\/1"}],"replies":[{"embeddable":true,"href":"https:\/\/www.oxypharm.net\/it\/wp-json\/wp\/v2\/comments?post=11209"}],"version-history":[{"count":0,"href":"https:\/\/www.oxypharm.net\/it\/wp-json\/wp\/v2\/pages\/11209\/revisions"}],"wp:attachment":[{"href":"https:\/\/www.oxypharm.net\/it\/wp-json\/wp\/v2\/media?parent=11209"}],"curies":[{"name":"wp","href":"https:\/\/api.w.org\/{rel}","templated":true}]}}