{"id":9878,"date":"2022-09-26T11:52:21","date_gmt":"2022-09-26T11:52:21","guid":{"rendered":"https:\/\/preprod.oxypharm.net\/sanivap\/accesorios-de-carro\/"},"modified":"2023-04-30T21:38:31","modified_gmt":"2023-04-30T21:38:31","slug":"accesorios-de-carro","status":"publish","type":"page","link":"https:\/\/www.oxypharm.net\/es\/sanivap\/accesorios-de-carro\/","title":{"rendered":"Accesorios de carro"},"content":{"rendered":"<div class=\"wpb-content-wrapper\"><p>[vc_row full_width=&#8221;stretch_row&#8221; el_class=&#8221;hero&#8221; css=&#8221;.vc_custom_1652776767888{margin-bottom: 0px !important;padding-top: 50px !important;padding-bottom: 0px !important;background-color: #335ca8 !important;}&#8221;][vc_column][vc_custom_heading text=&#8221;Accesorios para el carro&#8221; font_container=&#8221;tag:h1|text_align:left|color:%23ffffff&#8221; google_fonts=&#8221;font_family:Raleway%3A100%2C200%2C300%2Cregular%2C500%2C600%2C700%2C800%2C900|font_style:900%20bold%20regular%3A900%3Anormal&#8221; css=&#8221;.vc_custom_1654093373731{margin-bottom: 10px !important;}&#8221;][vc_column_text]<span style=\"color: white;\"><a class=\"white\" href=\"\/\">Inicio<\/a> >\u00a0<a class=\"white\" href=\"https:\/\/www.oxypharm.net\/es\/soluciones\/\">Nuestras soluciones<\/a> > Accesorios para el carro<\/span>[\/vc_column_text][\/vc_column][\/vc_row][vc_row full_width=&#8221;stretch_row&#8221; gap=&#8221;35&#8243; equal_height=&#8221;yes&#8221; content_placement=&#8221;middle&#8221; css=&#8221;.vc_custom_1655476615610{margin-top: 50px !important;margin-bottom: 60px !important;padding-top: 30px !important;background-color: #ffffff !important;}&#8221; el_class=&#8221;row-product&#8221;][vc_column width=&#8221;1\/2&#8243; css=&#8221;.vc_custom_1654092106443{margin-bottom: 0px !important;padding-top: 0px !important;padding-bottom: 0px !important;background-position: center !important;background-repeat: no-repeat !important;background-size: cover !important;}&#8221;][vc_single_image image=&#8221;5425&#8243; img_size=&#8221;full&#8221;][\/vc_column][vc_column width=&#8221;1\/2&#8243;][vc_custom_heading text=&#8221;Personalizar el carro seg\u00fan las necesidades&#8221; use_theme_fonts=&#8221;yes&#8221; css=&#8221;.vc_custom_1655476621649{padding-bottom: 30px !important;}&#8221;][vc_column_text]Para garantizar una limpieza biol\u00f3gica con total tranquilidad, el carro es el elemento indispensable para facilitar el trabajo del personal responsable de la limpieza de las instalaciones y para garantizar una higiene \u00f3ptima. Sanivap pone a su disposici\u00f3n diversas herramientas funcionales y ergon\u00f3micas que permiten personalizar la limpieza cotidiana y garantizar el bienestar laboral.[\/vc_column_text][\/vc_column][\/vc_row][vc_row full_width=&#8221;stretch_row&#8221; gap=&#8221;35&#8243; equal_height=&#8221;yes&#8221; content_placement=&#8221;middle&#8221; disable_element=&#8221;yes&#8221; css=&#8221;.vc_custom_1659606526509{margin-top: 50px !important;margin-bottom: 60px !important;padding-top: 30px !important;background-color: #ffffff !important;}&#8221; el_class=&#8221;row-product&#8221;][vc_column css=&#8221;.vc_custom_1654092106443{margin-bottom: 0px !important;padding-top: 0px !important;padding-bottom: 0px !important;background-position: center !important;background-repeat: no-repeat !important;background-size: cover !important;}&#8221;][vc_column_text css=&#8221;.vc_custom_1652713175836{margin-bottom: 0px !important;}&#8221;]<\/p>\n<div class=\"btn-more btn-commercial-rounded\" style=\"text-align: left;\"><button name=\"Hover\" type=\"button\">Descargar el folleto<\/button><\/div>\n<p>[\/vc_column_text][\/vc_column][\/vc_row][vc_row equal_height=&#8221;yes&#8221; content_placement=&#8221;bottom&#8221;][vc_column width=&#8221;1\/6&#8243;]<div class=\"templatera_shortcode\"><div class=\"vc_row wpb_row vc_row-fluid mpc-row\"><div class=\"wpb_column vc_column_container vc_col-sm-12 mpc-column\" data-column-id=\"mpc_column-1469f337df53748\"><div class=\"vc_column-inner\"><div class=\"wpb_wrapper\">\n\t<div class=\"wpb_single_image wpb_content_element vc_align_center wpb_content_element\">\n\t\t\n\t\t<figure class=\"wpb_wrapper vc_figure\">\n\t\t\t<div class=\"vc_single_image-wrapper   vc_box_border_grey\"><img loading=\"lazy\" decoding=\"async\" width=\"225\" height=\"300\" src=\"https:\/\/www.oxypharm.net\/wp-content\/uploads\/2022\/05\/chariot_SP150-1-225x300.png\" class=\"vc_single_image-img attachment-thumbnail\" alt=\"\" title=\"chariot_SP150\" srcset=\"https:\/\/www.oxypharm.net\/wp-content\/uploads\/2022\/05\/chariot_SP150-1-225x300.png 225w, https:\/\/www.oxypharm.net\/wp-content\/uploads\/2022\/05\/chariot_SP150-1-900x1200.png 900w\" sizes=\"auto, (max-width: 225px) 100vw, 225px\"><\/div>\n\t\t<\/figure>\n\t<\/div>\n\n\t<div class=\"wpb_text_column wpb_content_element\">\n\t\t<div class=\"wpb_wrapper\">\n\t\t\t<p class=\"p1\" style=\"text-align: center;\">Carro<\/p>\n\n\t\t<\/div>\n\t<\/div>\n<\/div><\/div><\/div><\/div><\/div>[\/vc_column][vc_column width=&#8221;1\/6&#8243;]<div class=\"templatera_shortcode\"><div class=\"vc_row wpb_row vc_row-fluid mpc-row\"><div class=\"wpb_column vc_column_container vc_col-sm-12 mpc-column\" data-column-id=\"mpc_column-9069f337df54aa2\"><div class=\"vc_column-inner\"><div class=\"wpb_wrapper\">\n\t<div class=\"wpb_single_image wpb_content_element vc_align_center wpb_content_element\">\n\t\t\n\t\t<figure class=\"wpb_wrapper vc_figure\">\n\t\t\t<div class=\"vc_single_image-wrapper   vc_box_border_grey\"><img loading=\"lazy\" decoding=\"async\" width=\"225\" height=\"300\" src=\"https:\/\/www.oxypharm.net\/wp-content\/uploads\/2022\/05\/chariot_SP180_exterieur-1-225x300.png\" class=\"vc_single_image-img attachment-thumbnail\" alt=\"\" title=\"chariot_SP180_exterieur\" srcset=\"https:\/\/www.oxypharm.net\/wp-content\/uploads\/2022\/05\/chariot_SP180_exterieur-1-225x300.png 225w, https:\/\/www.oxypharm.net\/wp-content\/uploads\/2022\/05\/chariot_SP180_exterieur-1-899x1200.png 899w, https:\/\/www.oxypharm.net\/wp-content\/uploads\/2022\/05\/chariot_SP180_exterieur-1-1439x1920.png 1439w\" sizes=\"auto, (max-width: 225px) 100vw, 225px\"><\/div>\n\t\t<\/figure>\n\t<\/div>\n\n\t<div class=\"wpb_text_column wpb_content_element\">\n\t\t<div class=\"wpb_wrapper\">\n\t\t\t<p class=\"p1\" style=\"text-align: center;\">Carro exterior<\/p>\n\n\t\t<\/div>\n\t<\/div>\n<\/div><\/div><\/div><\/div><\/div>[\/vc_column][vc_column width=&#8221;1\/6&#8243;][\/vc_column][vc_column width=&#8221;1\/6&#8243;]<div class=\"templatera_shortcode\"><div class=\"vc_row wpb_row vc_row-fluid mpc-row\"><div class=\"wpb_column vc_column_container vc_col-sm-12 mpc-column\" data-column-id=\"mpc_column-8369f337df56180\"><div class=\"vc_column-inner\"><div class=\"wpb_wrapper\">\n\t<div class=\"wpb_single_image wpb_content_element vc_align_center wpb_content_element\">\n\t\t\n\t\t<figure class=\"wpb_wrapper vc_figure\">\n\t\t\t<div class=\"vc_single_image-wrapper   vc_box_border_grey\"><img loading=\"lazy\" decoding=\"async\" width=\"225\" height=\"300\" src=\"https:\/\/www.oxypharm.net\/wp-content\/uploads\/2022\/05\/chariot_SP160_poubelle_1-225x300.png\" class=\"vc_single_image-img attachment-thumbnail\" alt=\"\" title=\"chariot_SP160_poubelle_1\" srcset=\"https:\/\/www.oxypharm.net\/wp-content\/uploads\/2022\/05\/chariot_SP160_poubelle_1-225x300.png 225w, https:\/\/www.oxypharm.net\/wp-content\/uploads\/2022\/05\/chariot_SP160_poubelle_1-900x1200.png 900w\" sizes=\"auto, (max-width: 225px) 100vw, 225px\"><\/div>\n\t\t<\/figure>\n\t<\/div>\n\n\t<div class=\"wpb_text_column wpb_content_element\">\n\t\t<div class=\"wpb_wrapper\">\n\t\t\t<p class=\"p1\" style=\"text-align: center;\">Carro con cubo de basura<\/p>\n\n\t\t<\/div>\n\t<\/div>\n<\/div><\/div><\/div><\/div><\/div>[\/vc_column][vc_column width=&#8221;1\/6&#8243;]<div class=\"templatera_shortcode\"><div class=\"vc_row wpb_row vc_row-fluid mpc-row\"><div class=\"wpb_column vc_column_container vc_col-sm-12 mpc-column\" data-column-id=\"mpc_column-8169f337df57442\"><div class=\"vc_column-inner\"><div class=\"wpb_wrapper\">\n\t<div class=\"wpb_single_image wpb_content_element vc_align_center wpb_content_element\">\n\t\t\n\t\t<figure class=\"wpb_wrapper vc_figure\">\n\t\t\t<div class=\"vc_single_image-wrapper   vc_box_border_grey\"><img loading=\"lazy\" decoding=\"async\" width=\"225\" height=\"300\" src=\"https:\/\/www.oxypharm.net\/wp-content\/uploads\/2022\/05\/chariot_SP150_filet_1-225x300.png\" class=\"vc_single_image-img attachment-thumbnail\" alt=\"\" title=\"chariot_SP150_filet_1\" srcset=\"https:\/\/www.oxypharm.net\/wp-content\/uploads\/2022\/05\/chariot_SP150_filet_1-225x300.png 225w, https:\/\/www.oxypharm.net\/wp-content\/uploads\/2022\/05\/chariot_SP150_filet_1-900x1200.png 900w\" sizes=\"auto, (max-width: 225px) 100vw, 225px\"><\/div>\n\t\t<\/figure>\n\t<\/div>\n\n\t<div class=\"wpb_text_column wpb_content_element\">\n\t\t<div class=\"wpb_wrapper\">\n\t\t\t<p class=\"p1\" style=\"text-align: center;\">Opci&oacute;n red de lavado<\/p>\n\n\t\t<\/div>\n\t<\/div>\n<\/div><\/div><\/div><\/div><\/div>[\/vc_column][vc_column width=&#8221;1\/6&#8243;]<div class=\"templatera_shortcode\"><div class=\"vc_row wpb_row vc_row-fluid mpc-row\"><div class=\"wpb_column vc_column_container vc_col-sm-12 mpc-column\" data-column-id=\"mpc_column-2669f337df5835c\"><div class=\"vc_column-inner\"><div class=\"wpb_wrapper\">\n\t<div class=\"wpb_single_image wpb_content_element vc_align_center wpb_content_element\">\n\t\t\n\t\t<figure class=\"wpb_wrapper vc_figure\">\n\t\t\t<div class=\"vc_single_image-wrapper   vc_box_border_grey\"><img loading=\"lazy\" decoding=\"async\" width=\"225\" height=\"300\" src=\"https:\/\/www.oxypharm.net\/wp-content\/uploads\/2022\/05\/guide_gaine_1_FOCUSED-225x300.png\" class=\"vc_single_image-img attachment-thumbnail\" alt=\"\" title=\"guide_gaine_1_FOCUSED\" srcset=\"https:\/\/www.oxypharm.net\/wp-content\/uploads\/2022\/05\/guide_gaine_1_FOCUSED-225x300.png 225w, https:\/\/www.oxypharm.net\/wp-content\/uploads\/2022\/05\/guide_gaine_1_FOCUSED-900x1200.png 900w\" sizes=\"auto, (max-width: 225px) 100vw, 225px\"><\/div>\n\t\t<\/figure>\n\t<\/div>\n\n\t<div class=\"wpb_text_column wpb_content_element\">\n\t\t<div class=\"wpb_wrapper\">\n\t\t\t<p class=\"p1\" style=\"text-align: center;\">Gu&iacute;a de tubo<\/p>\n\n\t\t<\/div>\n\t<\/div>\n<\/div><\/div><\/div><\/div><\/div>[\/vc_column][\/vc_row][vc_row equal_height=&#8221;yes&#8221; content_placement=&#8221;bottom&#8221;][vc_column width=&#8221;1\/6&#8243;]<div class=\"templatera_shortcode\"><div class=\"vc_row wpb_row vc_row-fluid mpc-row\"><div class=\"wpb_column vc_column_container vc_col-sm-12 mpc-column\" data-column-id=\"mpc_column-8969f337df59078\"><div class=\"vc_column-inner\"><div class=\"wpb_wrapper\">\n\t<div class=\"wpb_single_image wpb_content_element vc_align_center wpb_content_element\">\n\t\t\n\t\t<figure class=\"wpb_wrapper vc_figure\">\n\t\t\t<div class=\"vc_single_image-wrapper   vc_box_border_grey\"><img loading=\"lazy\" decoding=\"async\" width=\"300\" height=\"287\" src=\"https:\/\/www.oxypharm.net\/wp-content\/uploads\/2022\/05\/seau_rouge-300x287.png\" class=\"vc_single_image-img attachment-thumbnail\" alt=\"\" title=\"seau_rouge\" srcset=\"https:\/\/www.oxypharm.net\/wp-content\/uploads\/2022\/05\/seau_rouge-300x287.png 300w, https:\/\/www.oxypharm.net\/wp-content\/uploads\/2022\/05\/seau_rouge-1200x1150.png 1200w, https:\/\/www.oxypharm.net\/wp-content\/uploads\/2022\/05\/seau_rouge-1920x1840.png 1920w\" sizes=\"auto, (max-width: 300px) 100vw, 300px\"><\/div>\n\t\t<\/figure>\n\t<\/div>\n\n\t<div class=\"wpb_text_column wpb_content_element\">\n\t\t<div class=\"wpb_wrapper\">\n\t\t\t<p class=\"p1\" style=\"text-align: center;\">Cubo rojo<\/p>\n\n\t\t<\/div>\n\t<\/div>\n<\/div><\/div><\/div><\/div><\/div>[\/vc_column][vc_column width=&#8221;1\/6&#8243;]<div class=\"templatera_shortcode\"><div class=\"vc_row wpb_row vc_row-fluid mpc-row\"><div class=\"wpb_column vc_column_container vc_col-sm-12 mpc-column\" data-column-id=\"mpc_column-2169f337df59ecd\"><div class=\"vc_column-inner\"><div class=\"wpb_wrapper\">\n\t<div class=\"wpb_single_image wpb_content_element vc_align_center wpb_content_element\">\n\t\t\n\t\t<figure class=\"wpb_wrapper vc_figure\">\n\t\t\t<div class=\"vc_single_image-wrapper   vc_box_border_grey\"><img loading=\"lazy\" decoding=\"async\" width=\"300\" height=\"287\" src=\"https:\/\/www.oxypharm.net\/wp-content\/uploads\/2022\/05\/seau_bleu-300x287.png\" class=\"vc_single_image-img attachment-thumbnail\" alt=\"\" title=\"seau_bleu\" srcset=\"https:\/\/www.oxypharm.net\/wp-content\/uploads\/2022\/05\/seau_bleu-300x287.png 300w, https:\/\/www.oxypharm.net\/wp-content\/uploads\/2022\/05\/seau_bleu-1200x1150.png 1200w, https:\/\/www.oxypharm.net\/wp-content\/uploads\/2022\/05\/seau_bleu-1920x1840.png 1920w\" sizes=\"auto, (max-width: 300px) 100vw, 300px\"><\/div>\n\t\t<\/figure>\n\t<\/div>\n\n\t<div class=\"wpb_text_column wpb_content_element\">\n\t\t<div class=\"wpb_wrapper\">\n\t\t\t<p class=\"p1\" style=\"text-align: center;\">Cubo azul<\/p>\n\n\t\t<\/div>\n\t<\/div>\n<\/div><\/div><\/div><\/div><\/div>[\/vc_column][vc_column width=&#8221;1\/6&#8243;]<div class=\"templatera_shortcode\"><div class=\"vc_row wpb_row vc_row-fluid mpc-row\"><div class=\"wpb_column vc_column_container vc_col-sm-12 mpc-column\" data-column-id=\"mpc_column-9169f337df5b080\"><div class=\"vc_column-inner\"><div class=\"wpb_wrapper\">\n\t<div class=\"wpb_single_image wpb_content_element vc_align_center wpb_content_element\">\n\t\t\n\t\t<figure class=\"wpb_wrapper vc_figure\">\n\t\t\t<div class=\"vc_single_image-wrapper   vc_box_border_grey\"><img loading=\"lazy\" decoding=\"async\" width=\"169\" height=\"300\" src=\"https:\/\/www.oxypharm.net\/wp-content\/uploads\/2022\/05\/bidon_remplissage_SN1319-169x300.png\" class=\"vc_single_image-img attachment-thumbnail\" alt=\"\" title=\"bidon_remplissage_SN1319\" srcset=\"https:\/\/www.oxypharm.net\/wp-content\/uploads\/2022\/05\/bidon_remplissage_SN1319-169x300.png 169w, https:\/\/www.oxypharm.net\/wp-content\/uploads\/2022\/05\/bidon_remplissage_SN1319.png 375w\" sizes=\"auto, (max-width: 169px) 100vw, 169px\"><\/div>\n\t\t<\/figure>\n\t<\/div>\n\n\t<div class=\"wpb_text_column wpb_content_element\">\n\t\t<div class=\"wpb_wrapper\">\n\t\t\t<p class=\"p1\" style=\"text-align: center;\">Garrafa de llenado<\/p>\n\n\t\t<\/div>\n\t<\/div>\n<\/div><\/div><\/div><\/div><\/div>[\/vc_column][vc_column width=&#8221;1\/6&#8243;]<div class=\"templatera_shortcode\"><div class=\"vc_row wpb_row vc_row-fluid mpc-row\"><div class=\"wpb_column vc_column_container vc_col-sm-12 mpc-column\" data-column-id=\"mpc_column-3769f337df5c093\"><div class=\"vc_column-inner\"><div class=\"wpb_wrapper\">\n\t<div class=\"wpb_single_image wpb_content_element vc_align_center wpb_content_element\">\n\t\t\n\t\t<figure class=\"wpb_wrapper vc_figure\">\n\t\t\t<div class=\"vc_single_image-wrapper   vc_box_border_grey\"><img loading=\"lazy\" decoding=\"async\" width=\"149\" height=\"300\" src=\"https:\/\/www.oxypharm.net\/wp-content\/uploads\/2022\/05\/cle_serrage-149x300.png\" class=\"vc_single_image-img attachment-thumbnail\" alt=\"\" title=\"cle_serrage\" srcset=\"https:\/\/www.oxypharm.net\/wp-content\/uploads\/2022\/05\/cle_serrage-149x300.png 149w, https:\/\/www.oxypharm.net\/wp-content\/uploads\/2022\/05\/cle_serrage-597x1200.png 597w, https:\/\/www.oxypharm.net\/wp-content\/uploads\/2022\/05\/cle_serrage-955x1920.png 955w\" sizes=\"auto, (max-width: 149px) 100vw, 149px\"><\/div>\n\t\t<\/figure>\n\t<\/div>\n\n\t<div class=\"wpb_text_column wpb_content_element\">\n\t\t<div class=\"wpb_wrapper\">\n\t\t\t<p class=\"p1\" style=\"text-align: center;\">Llave de apriete<\/p>\n\n\t\t<\/div>\n\t<\/div>\n<\/div><\/div><\/div><\/div><\/div>[\/vc_column][vc_column width=&#8221;1\/6&#8243;][\/vc_column][vc_column width=&#8221;1\/6&#8243;][\/vc_column][\/vc_row]<\/p>\n<\/div>","protected":false},"excerpt":{"rendered":"","protected":false},"author":3,"featured_media":0,"parent":9590,"menu_order":0,"comment_status":"closed","ping_status":"closed","template":"","meta":{"_acf_changed":false,"footnotes":""},"class_list":["post-9878","page","type-page","status-publish","hentry"],"acf":[],"yoast_head":"<!-- This site is optimized with the Yoast SEO plugin v26.1.1 - https:\/\/yoast.com\/wordpress\/plugins\/seo\/ -->\n<title>Accesorios de carro - Oxy&#039;Pharm<\/title>\n<meta name=\"robots\" content=\"index, follow, max-snippet:-1, max-image-preview:large, max-video-preview:-1\" \/>\n<link rel=\"canonical\" href=\"https:\/\/www.oxypharm.net\/es\/sanivap\/accesorios-de-carro\/\" \/>\n<meta property=\"og:locale\" content=\"es_ES\" \/>\n<meta property=\"og:type\" content=\"article\" \/>\n<meta property=\"og:title\" content=\"Accesorios de carro - Oxy&#039;Pharm\" \/>\n<meta property=\"og:url\" content=\"https:\/\/www.oxypharm.net\/es\/sanivap\/accesorios-de-carro\/\" \/>\n<meta property=\"og:site_name\" content=\"Oxy&#039;Pharm\" \/>\n<meta property=\"article:publisher\" content=\"https:\/\/www.facebook.com\/profile.php?id=100065087790394\" \/>\n<meta property=\"article:modified_time\" content=\"2023-04-30T21:38:31+00:00\" \/>\n<meta name=\"twitter:card\" content=\"summary_large_image\" \/>\n<meta name=\"twitter:site\" content=\"@OxyPharm\" \/>\n<meta name=\"twitter:label1\" content=\"Est. reading time\" \/>\n\t<meta name=\"twitter:data1\" content=\"2 minutes\" \/>\n<script type=\"application\/ld+json\" class=\"yoast-schema-graph\">{\"@context\":\"https:\/\/schema.org\",\"@graph\":[{\"@type\":\"WebPage\",\"@id\":\"https:\/\/www.oxypharm.net\/es\/sanivap\/accesorios-de-carro\/\",\"url\":\"https:\/\/www.oxypharm.net\/es\/sanivap\/accesorios-de-carro\/\",\"name\":\"Accesorios de carro - Oxy&#039;Pharm\",\"isPartOf\":{\"@id\":\"https:\/\/www.oxypharm.net\/#website\"},\"datePublished\":\"2022-09-26T11:52:21+00:00\",\"dateModified\":\"2023-04-30T21:38:31+00:00\",\"breadcrumb\":{\"@id\":\"https:\/\/www.oxypharm.net\/es\/sanivap\/accesorios-de-carro\/#breadcrumb\"},\"inLanguage\":\"es-ES\",\"potentialAction\":[{\"@type\":\"ReadAction\",\"target\":[\"https:\/\/www.oxypharm.net\/es\/sanivap\/accesorios-de-carro\/\"]}]},{\"@type\":\"BreadcrumbList\",\"@id\":\"https:\/\/www.oxypharm.net\/es\/sanivap\/accesorios-de-carro\/#breadcrumb\",\"itemListElement\":[{\"@type\":\"ListItem\",\"position\":1,\"name\":\"Accueil\",\"item\":\"https:\/\/www.oxypharm.net\/es\/\"},{\"@type\":\"ListItem\",\"position\":2,\"name\":\"Sanivap\",\"item\":\"https:\/\/www.oxypharm.net\/es\/sanivap\/\"},{\"@type\":\"ListItem\",\"position\":3,\"name\":\"Accesorios de carro\"}]},{\"@type\":\"WebSite\",\"@id\":\"https:\/\/www.oxypharm.net\/#website\",\"url\":\"https:\/\/www.oxypharm.net\/\",\"name\":\"Oxy&#039;Pharm\",\"description\":\"\",\"publisher\":{\"@id\":\"https:\/\/www.oxypharm.net\/#organization\"},\"potentialAction\":[{\"@type\":\"SearchAction\",\"target\":{\"@type\":\"EntryPoint\",\"urlTemplate\":\"https:\/\/www.oxypharm.net\/?s={search_term_string}\"},\"query-input\":{\"@type\":\"PropertyValueSpecification\",\"valueRequired\":true,\"valueName\":\"search_term_string\"}}],\"inLanguage\":\"es-ES\"},{\"@type\":\"Organization\",\"@id\":\"https:\/\/www.oxypharm.net\/#organization\",\"name\":\"Oxy'pharm\",\"alternateName\":\"Oxypharm\",\"url\":\"https:\/\/www.oxypharm.net\/\",\"logo\":{\"@type\":\"ImageObject\",\"inLanguage\":\"es-ES\",\"@id\":\"https:\/\/www.oxypharm.net\/#\/schema\/logo\/image\/\",\"url\":\"https:\/\/www.oxypharm.net\/wp-content\/uploads\/2023\/06\/Logo-Medtradex-Oxypharm.jpg\",\"contentUrl\":\"https:\/\/www.oxypharm.net\/wp-content\/uploads\/2023\/06\/Logo-Medtradex-Oxypharm.jpg\",\"width\":500,\"height\":500,\"caption\":\"Oxy'pharm\"},\"image\":{\"@id\":\"https:\/\/www.oxypharm.net\/#\/schema\/logo\/image\/\"},\"sameAs\":[\"https:\/\/www.facebook.com\/profile.php?id=100065087790394\",\"https:\/\/x.com\/OxyPharm\",\"https:\/\/www.instagram.com\/oxy_pharm\/\",\"https:\/\/www.linkedin.com\/company\/oxy-pharm\/\",\"https:\/\/www.youtube.com\/channel\/UCwTjwWFZWcMdPPlvkTuiurw\"]}]}<\/script>\n<!-- \/ Yoast SEO plugin. -->","yoast_head_json":{"title":"Accesorios de carro - Oxy&#039;Pharm","robots":{"index":"index","follow":"follow","max-snippet":"max-snippet:-1","max-image-preview":"max-image-preview:large","max-video-preview":"max-video-preview:-1"},"canonical":"https:\/\/www.oxypharm.net\/es\/sanivap\/accesorios-de-carro\/","og_locale":"es_ES","og_type":"article","og_title":"Accesorios de carro - Oxy&#039;Pharm","og_url":"https:\/\/www.oxypharm.net\/es\/sanivap\/accesorios-de-carro\/","og_site_name":"Oxy&#039;Pharm","article_publisher":"https:\/\/www.facebook.com\/profile.php?id=100065087790394","article_modified_time":"2023-04-30T21:38:31+00:00","twitter_card":"summary_large_image","twitter_site":"@OxyPharm","twitter_misc":{"Est. reading time":"2 minutes"},"schema":{"@context":"https:\/\/schema.org","@graph":[{"@type":"WebPage","@id":"https:\/\/www.oxypharm.net\/es\/sanivap\/accesorios-de-carro\/","url":"https:\/\/www.oxypharm.net\/es\/sanivap\/accesorios-de-carro\/","name":"Accesorios de carro - Oxy&#039;Pharm","isPartOf":{"@id":"https:\/\/www.oxypharm.net\/#website"},"datePublished":"2022-09-26T11:52:21+00:00","dateModified":"2023-04-30T21:38:31+00:00","breadcrumb":{"@id":"https:\/\/www.oxypharm.net\/es\/sanivap\/accesorios-de-carro\/#breadcrumb"},"inLanguage":"es-ES","potentialAction":[{"@type":"ReadAction","target":["https:\/\/www.oxypharm.net\/es\/sanivap\/accesorios-de-carro\/"]}]},{"@type":"BreadcrumbList","@id":"https:\/\/www.oxypharm.net\/es\/sanivap\/accesorios-de-carro\/#breadcrumb","itemListElement":[{"@type":"ListItem","position":1,"name":"Accueil","item":"https:\/\/www.oxypharm.net\/es\/"},{"@type":"ListItem","position":2,"name":"Sanivap","item":"https:\/\/www.oxypharm.net\/es\/sanivap\/"},{"@type":"ListItem","position":3,"name":"Accesorios de carro"}]},{"@type":"WebSite","@id":"https:\/\/www.oxypharm.net\/#website","url":"https:\/\/www.oxypharm.net\/","name":"Oxy&#039;Pharm","description":"","publisher":{"@id":"https:\/\/www.oxypharm.net\/#organization"},"potentialAction":[{"@type":"SearchAction","target":{"@type":"EntryPoint","urlTemplate":"https:\/\/www.oxypharm.net\/?s={search_term_string}"},"query-input":{"@type":"PropertyValueSpecification","valueRequired":true,"valueName":"search_term_string"}}],"inLanguage":"es-ES"},{"@type":"Organization","@id":"https:\/\/www.oxypharm.net\/#organization","name":"Oxy'pharm","alternateName":"Oxypharm","url":"https:\/\/www.oxypharm.net\/","logo":{"@type":"ImageObject","inLanguage":"es-ES","@id":"https:\/\/www.oxypharm.net\/#\/schema\/logo\/image\/","url":"https:\/\/www.oxypharm.net\/wp-content\/uploads\/2023\/06\/Logo-Medtradex-Oxypharm.jpg","contentUrl":"https:\/\/www.oxypharm.net\/wp-content\/uploads\/2023\/06\/Logo-Medtradex-Oxypharm.jpg","width":500,"height":500,"caption":"Oxy'pharm"},"image":{"@id":"https:\/\/www.oxypharm.net\/#\/schema\/logo\/image\/"},"sameAs":["https:\/\/www.facebook.com\/profile.php?id=100065087790394","https:\/\/x.com\/OxyPharm","https:\/\/www.instagram.com\/oxy_pharm\/","https:\/\/www.linkedin.com\/company\/oxy-pharm\/","https:\/\/www.youtube.com\/channel\/UCwTjwWFZWcMdPPlvkTuiurw"]}]}},"_links":{"self":[{"href":"https:\/\/www.oxypharm.net\/es\/wp-json\/wp\/v2\/pages\/9878","targetHints":{"allow":["GET"]}}],"collection":[{"href":"https:\/\/www.oxypharm.net\/es\/wp-json\/wp\/v2\/pages"}],"about":[{"href":"https:\/\/www.oxypharm.net\/es\/wp-json\/wp\/v2\/types\/page"}],"author":[{"embeddable":true,"href":"https:\/\/www.oxypharm.net\/es\/wp-json\/wp\/v2\/users\/3"}],"replies":[{"embeddable":true,"href":"https:\/\/www.oxypharm.net\/es\/wp-json\/wp\/v2\/comments?post=9878"}],"version-history":[{"count":3,"href":"https:\/\/www.oxypharm.net\/es\/wp-json\/wp\/v2\/pages\/9878\/revisions"}],"predecessor-version":[{"id":14146,"href":"https:\/\/www.oxypharm.net\/es\/wp-json\/wp\/v2\/pages\/9878\/revisions\/14146"}],"up":[{"embeddable":true,"href":"https:\/\/www.oxypharm.net\/es\/wp-json\/wp\/v2\/pages\/9590"}],"wp:attachment":[{"href":"https:\/\/www.oxypharm.net\/es\/wp-json\/wp\/v2\/media?parent=9878"}],"curies":[{"name":"wp","href":"https:\/\/api.w.org\/{rel}","templated":true}]}}