{"id":9854,"date":"2022-09-26T11:52:17","date_gmt":"2022-09-26T11:52:17","guid":{"rendered":"https:\/\/preprod.oxypharm.net\/soluciones\/control-de-calidad-y-accesorios\/telemetro\/"},"modified":"2023-04-21T17:05:42","modified_gmt":"2023-04-21T17:05:42","slug":"telemetro","status":"publish","type":"page","link":"https:\/\/www.oxypharm.net\/es\/soluciones\/control-de-calidad-y-accesorios\/telemetro\/","title":{"rendered":"Tel\u00e9metro"},"content":{"rendered":"<div class=\"wpb-content-wrapper\"><p>[vc_row full_width=&#8221;stretch_row&#8221; el_class=&#8221;hero&#8221; css=&#8221;.vc_custom_1659902587374{margin-bottom: 30px !important;padding-top: 50px !important;padding-bottom: 0px !important;background-color: #aac340 !important;}&#8221;][vc_column][vc_custom_heading text=&#8221;Tel\u00e9metro&#8221; font_container=&#8221;tag:h1|text_align:left|color:%23ffffff&#8221; google_fonts=&#8221;font_family:Raleway%3A100%2C200%2C300%2Cregular%2C500%2C600%2C700%2C800%2C900|font_style:900%20bold%20regular%3A900%3Anormal&#8221; css=&#8221;.vc_custom_1659902942971{margin-bottom: 10px !important;}&#8221;][vc_column_text el_class=&#8221;ariane-white&#8221;]<span style=\"color: white;\"><a class=\"white\" href=\"\/\">Inicio<\/a> &gt;\u00a0<a class=\"white\" href=\"https:\/\/www.oxypharm.net\/es\/soluciones\/\">Nuestras soluciones<\/a> &gt; <a class=\"white\" href=\"https:\/\/www.oxypharm.net\/es\/soluciones\/desinfeccion-previa\/\">Accesorios<\/a> &gt; Tel\u00e9metro<\/span>[\/vc_column_text][\/vc_column][\/vc_row][vc_row gap=&#8221;35&#8243; content_placement=&#8221;middle&#8221; css=&#8221;.vc_custom_1659902616933{margin-top: 0px !important;padding-top: 0px !important;}&#8221;][vc_column width=&#8221;1\/2&#8243;][vc_custom_heading text=&#8221;Un sistema de gran precisi\u00f3n&#8221; use_theme_fonts=&#8221;yes&#8221; css=&#8221;.vc_custom_1659710941937{margin-bottom: 30px !important;}&#8221;][vc_column_text]El <strong>Tel\u00e9metro<\/strong> permite medir el volumen de la habitaci\u00f3n que se vaya a desinfectar o desinsectizar, una fase obligatoria de cualquier tratamiento con la gama Nocotech.<\/p>\n<p>El tel\u00e9metro es un aparato indispensable para calcular el volumen o la superficie que se vaya a tratar. Permite efectuar mediciones precisas con rayos l\u00e1ser para evaluar la longitud y la profundidad de manera exacta.<\/p>\n<p>Gracias a los resultados r\u00e1pidos y una gran precisi\u00f3n de medici\u00f3n, garantiza un ahorro de tiempo para los profesionales.[\/vc_column_text][vc_column_text]<\/p>\n<div class=\"btn-more btn-commercial-rounded\" style=\"text-align: left;\"><button name=\"Hover\" type=\"button\"><a href=\"https:\/\/www.oxypharm.net\/wp-content\/uploads\/2023\/04\/2022_fiche_technique_en_telemeter.pdf\" target=\"_blank\" rel=\"noopener\"><i class=\"mpc-icon-part mpc-regular mpc-transition fa fa-file-pdf-o\"><\/i>Descargar el folleto<\/a><\/button><\/div>\n<p>[\/vc_column_text][\/vc_column][vc_column width=&#8221;1\/2&#8243;][vc_single_image image=&#8221;3886&#8243; img_size=&#8221;&#8221;][\/vc_column][\/vc_row]<\/p>\n<\/div>","protected":false},"excerpt":{"rendered":"<p>[vc_row full_width=&#8221;stretch_row&#8221; el_class=&#8221;hero&#8221; css=&#8221;.vc_custom_1659902587374{margin-bottom: 30px !important;padding-top: 50px !important;padding-bottom: 0px !important;background-color: #aac340 !important;}&#8221;][vc_column][vc_custom_heading text=&#8221;Tel\u00e9metro&#8221; font_container=&#8221;tag:h1|text_align:left|color:%23ffffff&#8221; google_fonts=&#8221;font_family:Raleway%3A100%2C200%2C300%2Cregular%2C500%2C600%2C700%2C800%2C900|font_style:900%20bold%20regular%3A900%3Anormal&#8221; css=&#8221;.vc_custom_1659902942971{margin-bottom: 10px !important;}&#8221;][vc_column_text el_class=&#8221;ariane-white&#8221;]Inicio &gt;\u00a0Nuestras<\/p>\n","protected":false},"author":1,"featured_media":0,"parent":9548,"menu_order":0,"comment_status":"closed","ping_status":"closed","template":"","meta":{"_acf_changed":false,"footnotes":""},"class_list":["post-9854","page","type-page","status-publish","hentry"],"acf":[],"yoast_head":"<!-- This site is optimized with the Yoast SEO plugin v26.1.1 - https:\/\/yoast.com\/wordpress\/plugins\/seo\/ -->\n<title>Tel\u00e9metro - Oxy&#039;Pharm<\/title>\n<meta name=\"robots\" content=\"index, follow, max-snippet:-1, max-image-preview:large, max-video-preview:-1\" \/>\n<link rel=\"canonical\" href=\"https:\/\/www.oxypharm.net\/es\/soluciones\/control-de-calidad-y-accesorios\/telemetro\/\" \/>\n<meta property=\"og:locale\" content=\"es_ES\" \/>\n<meta property=\"og:type\" content=\"article\" \/>\n<meta property=\"og:title\" content=\"Tel\u00e9metro - Oxy&#039;Pharm\" \/>\n<meta property=\"og:description\" content=\"[vc_row full_width=&#8221;stretch_row&#8221; el_class=&#8221;hero&#8221; css=&#8221;.vc_custom_1659902587374{margin-bottom: 30px !important;padding-top: 50px !important;padding-bottom: 0px !important;background-color: #aac340 !important;}&#8221;][vc_column][vc_custom_heading text=&#8221;Tel\u00e9metro&#8221; font_container=&#8221;tag:h1|text_align:left|color:%23ffffff&#8221; google_fonts=&#8221;font_family:Raleway%3A100%2C200%2C300%2Cregular%2C500%2C600%2C700%2C800%2C900|font_style:900%20bold%20regular%3A900%3Anormal&#8221; css=&#8221;.vc_custom_1659902942971{margin-bottom: 10px !important;}&#8221;][vc_column_text el_class=&#8221;ariane-white&#8221;]Inicio &gt;\u00a0Nuestras\" \/>\n<meta property=\"og:url\" content=\"https:\/\/www.oxypharm.net\/es\/soluciones\/control-de-calidad-y-accesorios\/telemetro\/\" \/>\n<meta property=\"og:site_name\" content=\"Oxy&#039;Pharm\" \/>\n<meta property=\"article:publisher\" content=\"https:\/\/www.facebook.com\/profile.php?id=100065087790394\" \/>\n<meta property=\"article:modified_time\" content=\"2023-04-21T17:05:42+00:00\" \/>\n<meta name=\"twitter:card\" content=\"summary_large_image\" \/>\n<meta name=\"twitter:site\" content=\"@OxyPharm\" \/>\n<meta name=\"twitter:label1\" content=\"Est. reading time\" \/>\n\t<meta name=\"twitter:data1\" content=\"1 minute\" \/>\n<script type=\"application\/ld+json\" class=\"yoast-schema-graph\">{\"@context\":\"https:\/\/schema.org\",\"@graph\":[{\"@type\":\"WebPage\",\"@id\":\"https:\/\/www.oxypharm.net\/es\/soluciones\/control-de-calidad-y-accesorios\/telemetro\/\",\"url\":\"https:\/\/www.oxypharm.net\/es\/soluciones\/control-de-calidad-y-accesorios\/telemetro\/\",\"name\":\"Tel\u00e9metro - Oxy&#039;Pharm\",\"isPartOf\":{\"@id\":\"https:\/\/www.oxypharm.net\/#website\"},\"datePublished\":\"2022-09-26T11:52:17+00:00\",\"dateModified\":\"2023-04-21T17:05:42+00:00\",\"breadcrumb\":{\"@id\":\"https:\/\/www.oxypharm.net\/es\/soluciones\/control-de-calidad-y-accesorios\/telemetro\/#breadcrumb\"},\"inLanguage\":\"es-ES\",\"potentialAction\":[{\"@type\":\"ReadAction\",\"target\":[\"https:\/\/www.oxypharm.net\/es\/soluciones\/control-de-calidad-y-accesorios\/telemetro\/\"]}]},{\"@type\":\"BreadcrumbList\",\"@id\":\"https:\/\/www.oxypharm.net\/es\/soluciones\/control-de-calidad-y-accesorios\/telemetro\/#breadcrumb\",\"itemListElement\":[{\"@type\":\"ListItem\",\"position\":1,\"name\":\"Accueil\",\"item\":\"https:\/\/www.oxypharm.net\/es\/\"},{\"@type\":\"ListItem\",\"position\":2,\"name\":\"Soluciones\",\"item\":\"https:\/\/www.oxypharm.net\/es\/soluciones\/\"},{\"@type\":\"ListItem\",\"position\":3,\"name\":\"Control de calidad y accesorios\",\"item\":\"https:\/\/www.oxypharm.net\/es\/soluciones\/control-de-calidad-y-accesorios\/\"},{\"@type\":\"ListItem\",\"position\":4,\"name\":\"Tel\u00e9metro\"}]},{\"@type\":\"WebSite\",\"@id\":\"https:\/\/www.oxypharm.net\/#website\",\"url\":\"https:\/\/www.oxypharm.net\/\",\"name\":\"Oxy&#039;Pharm\",\"description\":\"\",\"publisher\":{\"@id\":\"https:\/\/www.oxypharm.net\/#organization\"},\"potentialAction\":[{\"@type\":\"SearchAction\",\"target\":{\"@type\":\"EntryPoint\",\"urlTemplate\":\"https:\/\/www.oxypharm.net\/?s={search_term_string}\"},\"query-input\":{\"@type\":\"PropertyValueSpecification\",\"valueRequired\":true,\"valueName\":\"search_term_string\"}}],\"inLanguage\":\"es-ES\"},{\"@type\":\"Organization\",\"@id\":\"https:\/\/www.oxypharm.net\/#organization\",\"name\":\"Oxy'pharm\",\"alternateName\":\"Oxypharm\",\"url\":\"https:\/\/www.oxypharm.net\/\",\"logo\":{\"@type\":\"ImageObject\",\"inLanguage\":\"es-ES\",\"@id\":\"https:\/\/www.oxypharm.net\/#\/schema\/logo\/image\/\",\"url\":\"https:\/\/www.oxypharm.net\/wp-content\/uploads\/2023\/06\/Logo-Medtradex-Oxypharm.jpg\",\"contentUrl\":\"https:\/\/www.oxypharm.net\/wp-content\/uploads\/2023\/06\/Logo-Medtradex-Oxypharm.jpg\",\"width\":500,\"height\":500,\"caption\":\"Oxy'pharm\"},\"image\":{\"@id\":\"https:\/\/www.oxypharm.net\/#\/schema\/logo\/image\/\"},\"sameAs\":[\"https:\/\/www.facebook.com\/profile.php?id=100065087790394\",\"https:\/\/x.com\/OxyPharm\",\"https:\/\/www.instagram.com\/oxy_pharm\/\",\"https:\/\/www.linkedin.com\/company\/oxy-pharm\/\",\"https:\/\/www.youtube.com\/channel\/UCwTjwWFZWcMdPPlvkTuiurw\"]}]}<\/script>\n<!-- \/ Yoast SEO plugin. -->","yoast_head_json":{"title":"Tel\u00e9metro - Oxy&#039;Pharm","robots":{"index":"index","follow":"follow","max-snippet":"max-snippet:-1","max-image-preview":"max-image-preview:large","max-video-preview":"max-video-preview:-1"},"canonical":"https:\/\/www.oxypharm.net\/es\/soluciones\/control-de-calidad-y-accesorios\/telemetro\/","og_locale":"es_ES","og_type":"article","og_title":"Tel\u00e9metro - Oxy&#039;Pharm","og_description":"[vc_row full_width=&#8221;stretch_row&#8221; el_class=&#8221;hero&#8221; css=&#8221;.vc_custom_1659902587374{margin-bottom: 30px !important;padding-top: 50px !important;padding-bottom: 0px !important;background-color: #aac340 !important;}&#8221;][vc_column][vc_custom_heading text=&#8221;Tel\u00e9metro&#8221; font_container=&#8221;tag:h1|text_align:left|color:%23ffffff&#8221; google_fonts=&#8221;font_family:Raleway%3A100%2C200%2C300%2Cregular%2C500%2C600%2C700%2C800%2C900|font_style:900%20bold%20regular%3A900%3Anormal&#8221; css=&#8221;.vc_custom_1659902942971{margin-bottom: 10px !important;}&#8221;][vc_column_text el_class=&#8221;ariane-white&#8221;]Inicio &gt;\u00a0Nuestras","og_url":"https:\/\/www.oxypharm.net\/es\/soluciones\/control-de-calidad-y-accesorios\/telemetro\/","og_site_name":"Oxy&#039;Pharm","article_publisher":"https:\/\/www.facebook.com\/profile.php?id=100065087790394","article_modified_time":"2023-04-21T17:05:42+00:00","twitter_card":"summary_large_image","twitter_site":"@OxyPharm","twitter_misc":{"Est. reading time":"1 minute"},"schema":{"@context":"https:\/\/schema.org","@graph":[{"@type":"WebPage","@id":"https:\/\/www.oxypharm.net\/es\/soluciones\/control-de-calidad-y-accesorios\/telemetro\/","url":"https:\/\/www.oxypharm.net\/es\/soluciones\/control-de-calidad-y-accesorios\/telemetro\/","name":"Tel\u00e9metro - Oxy&#039;Pharm","isPartOf":{"@id":"https:\/\/www.oxypharm.net\/#website"},"datePublished":"2022-09-26T11:52:17+00:00","dateModified":"2023-04-21T17:05:42+00:00","breadcrumb":{"@id":"https:\/\/www.oxypharm.net\/es\/soluciones\/control-de-calidad-y-accesorios\/telemetro\/#breadcrumb"},"inLanguage":"es-ES","potentialAction":[{"@type":"ReadAction","target":["https:\/\/www.oxypharm.net\/es\/soluciones\/control-de-calidad-y-accesorios\/telemetro\/"]}]},{"@type":"BreadcrumbList","@id":"https:\/\/www.oxypharm.net\/es\/soluciones\/control-de-calidad-y-accesorios\/telemetro\/#breadcrumb","itemListElement":[{"@type":"ListItem","position":1,"name":"Accueil","item":"https:\/\/www.oxypharm.net\/es\/"},{"@type":"ListItem","position":2,"name":"Soluciones","item":"https:\/\/www.oxypharm.net\/es\/soluciones\/"},{"@type":"ListItem","position":3,"name":"Control de calidad y accesorios","item":"https:\/\/www.oxypharm.net\/es\/soluciones\/control-de-calidad-y-accesorios\/"},{"@type":"ListItem","position":4,"name":"Tel\u00e9metro"}]},{"@type":"WebSite","@id":"https:\/\/www.oxypharm.net\/#website","url":"https:\/\/www.oxypharm.net\/","name":"Oxy&#039;Pharm","description":"","publisher":{"@id":"https:\/\/www.oxypharm.net\/#organization"},"potentialAction":[{"@type":"SearchAction","target":{"@type":"EntryPoint","urlTemplate":"https:\/\/www.oxypharm.net\/?s={search_term_string}"},"query-input":{"@type":"PropertyValueSpecification","valueRequired":true,"valueName":"search_term_string"}}],"inLanguage":"es-ES"},{"@type":"Organization","@id":"https:\/\/www.oxypharm.net\/#organization","name":"Oxy'pharm","alternateName":"Oxypharm","url":"https:\/\/www.oxypharm.net\/","logo":{"@type":"ImageObject","inLanguage":"es-ES","@id":"https:\/\/www.oxypharm.net\/#\/schema\/logo\/image\/","url":"https:\/\/www.oxypharm.net\/wp-content\/uploads\/2023\/06\/Logo-Medtradex-Oxypharm.jpg","contentUrl":"https:\/\/www.oxypharm.net\/wp-content\/uploads\/2023\/06\/Logo-Medtradex-Oxypharm.jpg","width":500,"height":500,"caption":"Oxy'pharm"},"image":{"@id":"https:\/\/www.oxypharm.net\/#\/schema\/logo\/image\/"},"sameAs":["https:\/\/www.facebook.com\/profile.php?id=100065087790394","https:\/\/x.com\/OxyPharm","https:\/\/www.instagram.com\/oxy_pharm\/","https:\/\/www.linkedin.com\/company\/oxy-pharm\/","https:\/\/www.youtube.com\/channel\/UCwTjwWFZWcMdPPlvkTuiurw"]}]}},"_links":{"self":[{"href":"https:\/\/www.oxypharm.net\/es\/wp-json\/wp\/v2\/pages\/9854","targetHints":{"allow":["GET"]}}],"collection":[{"href":"https:\/\/www.oxypharm.net\/es\/wp-json\/wp\/v2\/pages"}],"about":[{"href":"https:\/\/www.oxypharm.net\/es\/wp-json\/wp\/v2\/types\/page"}],"author":[{"embeddable":true,"href":"https:\/\/www.oxypharm.net\/es\/wp-json\/wp\/v2\/users\/1"}],"replies":[{"embeddable":true,"href":"https:\/\/www.oxypharm.net\/es\/wp-json\/wp\/v2\/comments?post=9854"}],"version-history":[{"count":2,"href":"https:\/\/www.oxypharm.net\/es\/wp-json\/wp\/v2\/pages\/9854\/revisions"}],"predecessor-version":[{"id":13782,"href":"https:\/\/www.oxypharm.net\/es\/wp-json\/wp\/v2\/pages\/9854\/revisions\/13782"}],"up":[{"embeddable":true,"href":"https:\/\/www.oxypharm.net\/es\/wp-json\/wp\/v2\/pages\/9548"}],"wp:attachment":[{"href":"https:\/\/www.oxypharm.net\/es\/wp-json\/wp\/v2\/media?parent=9854"}],"curies":[{"name":"wp","href":"https:\/\/api.w.org\/{rel}","templated":true}]}}