{"id":9650,"date":"2022-09-26T11:51:31","date_gmt":"2022-09-26T11:51:31","guid":{"rendered":"https:\/\/preprod.oxypharm.net\/soluciones\/control-de-calidad-y-accesorios\/nocobox\/"},"modified":"2023-05-01T22:48:23","modified_gmt":"2023-05-01T22:48:23","slug":"nocobox","status":"publish","type":"page","link":"https:\/\/www.oxypharm.net\/es\/soluciones\/control-de-calidad-y-accesorios\/nocobox\/","title":{"rendered":"Nocobox"},"content":{"rendered":"<div class=\"wpb-content-wrapper\"><p>[vc_row full_width=&#8221;stretch_row&#8221; el_class=&#8221;hero&#8221; css=&#8221;.vc_custom_1659710794317{margin-bottom: 60px !important;padding-top: 50px !important;padding-bottom: 0px !important;background-color: #aac340 !important;}&#8221;][vc_column][vc_custom_heading text=&#8221;Nocobox&#8221; font_container=&#8221;tag:h1|text_align:left|color:%23ffffff&#8221; google_fonts=&#8221;font_family:Raleway%3A100%2C200%2C300%2Cregular%2C500%2C600%2C700%2C800%2C900|font_style:900%20bold%20regular%3A900%3Anormal&#8221; css=&#8221;.vc_custom_1659903309290{margin-bottom: 10px !important;}&#8221;][vc_column_text el_class=&#8221;ariane-white&#8221;]<span style=\"color: white;\"><a class=\"white\" href=\"\/\">Inicio<\/a> &gt;\u00a0<a class=\"white\" href=\"https:\/\/www.oxypharm.net\/es\/soluciones\/\">Nuestras soluciones<\/a> &gt; <a class=\"white\" href=\"https:\/\/www.oxypharm.net\/es\/soluciones\/desinfeccion-previa\/\">Accesorios<\/a> &gt; Nocobox<\/span>[\/vc_column_text][\/vc_column][\/vc_row][vc_row gap=&#8221;35&#8243; content_placement=&#8221;middle&#8221; css=&#8221;.vc_custom_1659901869550{margin-bottom: 60px !important;}&#8221;][vc_column width=&#8221;1\/2&#8243;][vc_custom_heading text=&#8221;Controlar el resultado&#8221; use_theme_fonts=&#8221;yes&#8221; css=&#8221;.vc_custom_1659903521692{margin-bottom: 30px !important;}&#8221;][vc_column_text]<strong>Nocobox<\/strong> contiene cajas de cultivos con nutrientes destinados a revelar la presencia de g\u00e9rmenes en las superficies despu\u00e9s de un tratamiento de desinfecci\u00f3n.<\/p>\n<p>Las cajas de cultivos presentes en Nocobox contienen una sustancia nutritiva que favorece el desarrollo de bacterias y, por lo tanto, revela su presencia. Esas cajas permiten comprobar, en particular, el resultado logrado por los sistemas de biodesinfecci\u00f3n de la gama Nocotech.<\/p>\n<p>Nocobox, una garant\u00eda de calidad que permite demostrar la eficacia del tratamiento gracias a los resultados conseguidos.[\/vc_column_text][vc_column_text]<\/p>\n<div class=\"btn-more btn-commercial-rounded\" style=\"text-align: left;\"><button name=\"Hover\" type=\"button\"><a href=\"https:\/\/www.oxypharm.net\/wp-content\/uploads\/2023\/04\/2022_fiche_technique_en_nocobox.pdf\" target=\"_blank\" rel=\"noopener\"><i class=\"mpc-icon-part mpc-regular mpc-transition fa fa-file-pdf-o\"><\/i>Descargar el folleto<\/a><\/button><\/div>\n<p>[\/vc_column_text][\/vc_column][vc_column width=&#8221;1\/2&#8243;][vc_single_image image=&#8221;715&#8243; img_size=&#8221;&#8221;][\/vc_column][\/vc_row][vc_row css=&#8221;.vc_custom_1659710829895{margin-bottom: 30px !important;}&#8221;][vc_column][vc_custom_heading text=&#8221;Cifras&#8221; use_theme_fonts=&#8221;yes&#8221;][\/vc_column][\/vc_row][vc_row content_placement=&#8221;bottom&#8221; css=&#8221;.vc_custom_1659626748263{margin-bottom: 30px !important;}&#8221;][vc_column width=&#8221;1\/4&#8243;]<div class=\"templatera_shortcode\"><div class=\"vc_row wpb_row vc_row-fluid mpc-row\"><div class=\"wpb_column vc_column_container vc_col-sm-12 mpc-column\" data-column-id=\"mpc_column-9469f20effee59d\"><div class=\"vc_column-inner\"><div class=\"wpb_wrapper\">\n\t<div class=\"wpb_single_image wpb_content_element vc_align_center wpb_content_element\">\n\t\t\n\t\t<figure class=\"wpb_wrapper vc_figure\">\n\t\t\t<a href=\"\/es\/nocotech\/nocolyse\/\" target=\"_self\" class=\"vc_single_image-wrapper   vc_box_border_grey\"><img loading=\"lazy\" decoding=\"async\" width=\"214\" height=\"300\" src=\"https:\/\/www.oxypharm.net\/wp-content\/uploads\/2021\/11\/nocolyse_1L-1-214x300.png\" class=\"vc_single_image-img attachment-thumbnail\" alt=\"\" title=\"nocolyse_1L\" srcset=\"https:\/\/www.oxypharm.net\/wp-content\/uploads\/2021\/11\/nocolyse_1L-1-214x300.png 214w, https:\/\/www.oxypharm.net\/wp-content\/uploads\/2021\/11\/nocolyse_1L-1-857x1200.png 857w, https:\/\/www.oxypharm.net\/wp-content\/uploads\/2021\/11\/nocolyse_1L-1-1372x1920.png 1372w\" sizes=\"auto, (max-width: 214px) 100vw, 214px\"><\/a>\n\t\t<\/figure>\n\t<\/div>\n\n\t<div class=\"wpb_text_column wpb_content_element\">\n\t\t<div class=\"wpb_wrapper\">\n\t\t\t<p class=\"p1\" style=\"text-align: center;\"><a class=\"btn\" href=\"\/es\/nocotech\/nocolyse\/\">Nocolyse<\/a><\/p>\n\n\t\t<\/div>\n\t<\/div>\n<\/div><\/div><\/div><\/div><\/div>[\/vc_column][vc_column width=&#8221;1\/4&#8243;]<div class=\"templatera_shortcode\"><div class=\"vc_row wpb_row vc_row-fluid mpc-row\"><div class=\"wpb_column vc_column_container vc_col-sm-12 mpc-column\" data-column-id=\"mpc_column-2069f20efff002b\"><div class=\"vc_column-inner\"><div class=\"wpb_wrapper\">\n\t<div class=\"wpb_single_image wpb_content_element vc_align_center wpb_content_element\">\n\t\t\n\t\t<figure class=\"wpb_wrapper vc_figure\">\n\t\t\t<a href=\"\/es\/nocotech\/nocolyse-plus\/\" target=\"_self\" class=\"vc_single_image-wrapper   vc_box_border_grey\"><img loading=\"lazy\" decoding=\"async\" width=\"201\" height=\"300\" src=\"https:\/\/www.oxypharm.net\/wp-content\/uploads\/2021\/11\/nocolyse_1L-2-201x300.png\" class=\"vc_single_image-img attachment-thumbnail\" alt=\"\" title=\"nocolyse+\" srcset=\"https:\/\/www.oxypharm.net\/wp-content\/uploads\/2021\/11\/nocolyse_1L-2-201x300.png 201w, https:\/\/www.oxypharm.net\/wp-content\/uploads\/2021\/11\/nocolyse_1L-2-803x1200.png 803w, https:\/\/www.oxypharm.net\/wp-content\/uploads\/2021\/11\/nocolyse_1L-2-1284x1920.png 1284w\" sizes=\"auto, (max-width: 201px) 100vw, 201px\"><\/a>\n\t\t<\/figure>\n\t<\/div>\n\n\t<div class=\"wpb_text_column wpb_content_element\">\n\t\t<div class=\"wpb_wrapper\">\n\t\t\t<p class=\"p1\" style=\"text-align: center;\"><a class=\"btn\" href=\"\/es\/nocotech\/nocolyse-plus\/\">Nocolyse+<\/a><\/p>\n\n\t\t<\/div>\n\t<\/div>\n<\/div><\/div><\/div><\/div><\/div>[\/vc_column][vc_column width=&#8221;1\/4&#8243;]<div class=\"templatera_shortcode\"><div class=\"vc_row wpb_row vc_row-fluid mpc-row\"><div class=\"wpb_column vc_column_container vc_col-sm-12 mpc-column\" data-column-id=\"mpc_column-1669f20efff1d4a\"><div class=\"vc_column-inner\"><div class=\"wpb_wrapper\">\n\t<div class=\"wpb_single_image wpb_content_element vc_align_center wpb_content_element\">\n\t\t\n\t\t<figure class=\"wpb_wrapper vc_figure\">\n\t\t\t<a href=\"\/es\/nocotech\/nocolyse-one-shot\/\" target=\"_self\" class=\"vc_single_image-wrapper   vc_box_border_grey\"><img loading=\"lazy\" decoding=\"async\" width=\"237\" height=\"300\" src=\"https:\/\/www.oxypharm.net\/wp-content\/uploads\/2021\/11\/nocolyse_oneshot_1L-237x300.png\" class=\"vc_single_image-img attachment-thumbnail\" alt=\"\" title=\"Nocolyse one shot\" srcset=\"https:\/\/www.oxypharm.net\/wp-content\/uploads\/2021\/11\/nocolyse_oneshot_1L-237x300.png 237w, https:\/\/www.oxypharm.net\/wp-content\/uploads\/2021\/11\/nocolyse_oneshot_1L-949x1200.png 949w, https:\/\/www.oxypharm.net\/wp-content\/uploads\/2021\/11\/nocolyse_oneshot_1L-1518x1920.png 1518w\" sizes=\"auto, (max-width: 237px) 100vw, 237px\"><\/a>\n\t\t<\/figure>\n\t<\/div>\n\n\t<div class=\"wpb_text_column wpb_content_element\">\n\t\t<div class=\"wpb_wrapper\">\n\t\t\t<p class=\"p1\" style=\"text-align: center;\"><a class=\"btn\" href=\"\/es\/nocotech\/nocolyse-one-shot\/\">Nocolyse One Shot<\/a><\/p>\n\n\t\t<\/div>\n\t<\/div>\n<\/div><\/div><\/div><\/div><\/div>[\/vc_column][vc_column width=&#8221;1\/4&#8243;]<div class=\"templatera_shortcode\"><div class=\"vc_row wpb_row vc_row-fluid mpc-row\"><div class=\"wpb_column vc_column_container vc_col-sm-12 mpc-column\" data-column-id=\"mpc_column-5169f20efff3904\"><div class=\"vc_column-inner\"><div class=\"wpb_wrapper\">\n\t<div class=\"wpb_single_image wpb_content_element vc_align_center wpb_content_element\">\n\t\t\n\t\t<figure class=\"wpb_wrapper vc_figure\">\n\t\t\t<a href=\"\/es\/nocotech\/nocolyse-food\/\" target=\"_self\" class=\"vc_single_image-wrapper   vc_box_border_grey\"><img loading=\"lazy\" decoding=\"async\" width=\"220\" height=\"300\" src=\"https:\/\/www.oxypharm.net\/wp-content\/uploads\/2021\/11\/nocolyse_food_1L-220x300.png\" class=\"vc_single_image-img attachment-thumbnail\" alt=\"\" title=\"Nocolyse food\" srcset=\"https:\/\/www.oxypharm.net\/wp-content\/uploads\/2021\/11\/nocolyse_food_1L-220x300.png 220w, https:\/\/www.oxypharm.net\/wp-content\/uploads\/2021\/11\/nocolyse_food_1L-880x1200.png 880w, https:\/\/www.oxypharm.net\/wp-content\/uploads\/2021\/11\/nocolyse_food_1L-1409x1920.png 1409w\" sizes=\"auto, (max-width: 220px) 100vw, 220px\"><\/a>\n\t\t<\/figure>\n\t<\/div>\n\n\t<div class=\"wpb_text_column wpb_content_element\">\n\t\t<div class=\"wpb_wrapper\">\n\t\t\t<p class=\"p1\" style=\"text-align: center;\"><a class=\"btn\" href=\"\/es\/nocotech\/nocolyse-food\/\">Nocolyse Food<\/a><\/p>\n\n\t\t<\/div>\n\t<\/div>\n<\/div><\/div><\/div><\/div><\/div>[\/vc_column][\/vc_row]<\/p>\n<\/div>","protected":false},"excerpt":{"rendered":"","protected":false},"author":1,"featured_media":0,"parent":9548,"menu_order":0,"comment_status":"closed","ping_status":"closed","template":"","meta":{"_acf_changed":false,"footnotes":""},"class_list":["post-9650","page","type-page","status-publish","hentry"],"acf":[],"yoast_head":"<!-- This site is optimized with the Yoast SEO plugin v26.1.1 - https:\/\/yoast.com\/wordpress\/plugins\/seo\/ -->\n<title>Nocobox - Oxy&#039;Pharm<\/title>\n<meta name=\"robots\" content=\"index, follow, max-snippet:-1, max-image-preview:large, max-video-preview:-1\" \/>\n<link rel=\"canonical\" href=\"https:\/\/www.oxypharm.net\/es\/soluciones\/control-de-calidad-y-accesorios\/nocobox\/\" \/>\n<meta property=\"og:locale\" content=\"es_ES\" \/>\n<meta property=\"og:type\" content=\"article\" \/>\n<meta property=\"og:title\" content=\"Nocobox - Oxy&#039;Pharm\" \/>\n<meta property=\"og:url\" content=\"https:\/\/www.oxypharm.net\/es\/soluciones\/control-de-calidad-y-accesorios\/nocobox\/\" \/>\n<meta property=\"og:site_name\" content=\"Oxy&#039;Pharm\" \/>\n<meta property=\"article:publisher\" content=\"https:\/\/www.facebook.com\/profile.php?id=100065087790394\" \/>\n<meta property=\"article:modified_time\" content=\"2023-05-01T22:48:23+00:00\" \/>\n<meta name=\"twitter:card\" content=\"summary_large_image\" \/>\n<meta name=\"twitter:site\" content=\"@OxyPharm\" \/>\n<meta name=\"twitter:label1\" content=\"Est. reading time\" \/>\n\t<meta name=\"twitter:data1\" content=\"2 minutes\" \/>\n<script type=\"application\/ld+json\" class=\"yoast-schema-graph\">{\"@context\":\"https:\/\/schema.org\",\"@graph\":[{\"@type\":\"WebPage\",\"@id\":\"https:\/\/www.oxypharm.net\/es\/soluciones\/control-de-calidad-y-accesorios\/nocobox\/\",\"url\":\"https:\/\/www.oxypharm.net\/es\/soluciones\/control-de-calidad-y-accesorios\/nocobox\/\",\"name\":\"Nocobox - Oxy&#039;Pharm\",\"isPartOf\":{\"@id\":\"https:\/\/www.oxypharm.net\/#website\"},\"datePublished\":\"2022-09-26T11:51:31+00:00\",\"dateModified\":\"2023-05-01T22:48:23+00:00\",\"breadcrumb\":{\"@id\":\"https:\/\/www.oxypharm.net\/es\/soluciones\/control-de-calidad-y-accesorios\/nocobox\/#breadcrumb\"},\"inLanguage\":\"es-ES\",\"potentialAction\":[{\"@type\":\"ReadAction\",\"target\":[\"https:\/\/www.oxypharm.net\/es\/soluciones\/control-de-calidad-y-accesorios\/nocobox\/\"]}]},{\"@type\":\"BreadcrumbList\",\"@id\":\"https:\/\/www.oxypharm.net\/es\/soluciones\/control-de-calidad-y-accesorios\/nocobox\/#breadcrumb\",\"itemListElement\":[{\"@type\":\"ListItem\",\"position\":1,\"name\":\"Accueil\",\"item\":\"https:\/\/www.oxypharm.net\/es\/\"},{\"@type\":\"ListItem\",\"position\":2,\"name\":\"Soluciones\",\"item\":\"https:\/\/www.oxypharm.net\/es\/soluciones\/\"},{\"@type\":\"ListItem\",\"position\":3,\"name\":\"Control de calidad y accesorios\",\"item\":\"https:\/\/www.oxypharm.net\/es\/soluciones\/control-de-calidad-y-accesorios\/\"},{\"@type\":\"ListItem\",\"position\":4,\"name\":\"Nocobox\"}]},{\"@type\":\"WebSite\",\"@id\":\"https:\/\/www.oxypharm.net\/#website\",\"url\":\"https:\/\/www.oxypharm.net\/\",\"name\":\"Oxy&#039;Pharm\",\"description\":\"\",\"publisher\":{\"@id\":\"https:\/\/www.oxypharm.net\/#organization\"},\"potentialAction\":[{\"@type\":\"SearchAction\",\"target\":{\"@type\":\"EntryPoint\",\"urlTemplate\":\"https:\/\/www.oxypharm.net\/?s={search_term_string}\"},\"query-input\":{\"@type\":\"PropertyValueSpecification\",\"valueRequired\":true,\"valueName\":\"search_term_string\"}}],\"inLanguage\":\"es-ES\"},{\"@type\":\"Organization\",\"@id\":\"https:\/\/www.oxypharm.net\/#organization\",\"name\":\"Oxy'pharm\",\"alternateName\":\"Oxypharm\",\"url\":\"https:\/\/www.oxypharm.net\/\",\"logo\":{\"@type\":\"ImageObject\",\"inLanguage\":\"es-ES\",\"@id\":\"https:\/\/www.oxypharm.net\/#\/schema\/logo\/image\/\",\"url\":\"https:\/\/www.oxypharm.net\/wp-content\/uploads\/2023\/06\/Logo-Medtradex-Oxypharm.jpg\",\"contentUrl\":\"https:\/\/www.oxypharm.net\/wp-content\/uploads\/2023\/06\/Logo-Medtradex-Oxypharm.jpg\",\"width\":500,\"height\":500,\"caption\":\"Oxy'pharm\"},\"image\":{\"@id\":\"https:\/\/www.oxypharm.net\/#\/schema\/logo\/image\/\"},\"sameAs\":[\"https:\/\/www.facebook.com\/profile.php?id=100065087790394\",\"https:\/\/x.com\/OxyPharm\",\"https:\/\/www.instagram.com\/oxy_pharm\/\",\"https:\/\/www.linkedin.com\/company\/oxy-pharm\/\",\"https:\/\/www.youtube.com\/channel\/UCwTjwWFZWcMdPPlvkTuiurw\"]}]}<\/script>\n<!-- \/ Yoast SEO plugin. -->","yoast_head_json":{"title":"Nocobox - Oxy&#039;Pharm","robots":{"index":"index","follow":"follow","max-snippet":"max-snippet:-1","max-image-preview":"max-image-preview:large","max-video-preview":"max-video-preview:-1"},"canonical":"https:\/\/www.oxypharm.net\/es\/soluciones\/control-de-calidad-y-accesorios\/nocobox\/","og_locale":"es_ES","og_type":"article","og_title":"Nocobox - Oxy&#039;Pharm","og_url":"https:\/\/www.oxypharm.net\/es\/soluciones\/control-de-calidad-y-accesorios\/nocobox\/","og_site_name":"Oxy&#039;Pharm","article_publisher":"https:\/\/www.facebook.com\/profile.php?id=100065087790394","article_modified_time":"2023-05-01T22:48:23+00:00","twitter_card":"summary_large_image","twitter_site":"@OxyPharm","twitter_misc":{"Est. reading time":"2 minutes"},"schema":{"@context":"https:\/\/schema.org","@graph":[{"@type":"WebPage","@id":"https:\/\/www.oxypharm.net\/es\/soluciones\/control-de-calidad-y-accesorios\/nocobox\/","url":"https:\/\/www.oxypharm.net\/es\/soluciones\/control-de-calidad-y-accesorios\/nocobox\/","name":"Nocobox - Oxy&#039;Pharm","isPartOf":{"@id":"https:\/\/www.oxypharm.net\/#website"},"datePublished":"2022-09-26T11:51:31+00:00","dateModified":"2023-05-01T22:48:23+00:00","breadcrumb":{"@id":"https:\/\/www.oxypharm.net\/es\/soluciones\/control-de-calidad-y-accesorios\/nocobox\/#breadcrumb"},"inLanguage":"es-ES","potentialAction":[{"@type":"ReadAction","target":["https:\/\/www.oxypharm.net\/es\/soluciones\/control-de-calidad-y-accesorios\/nocobox\/"]}]},{"@type":"BreadcrumbList","@id":"https:\/\/www.oxypharm.net\/es\/soluciones\/control-de-calidad-y-accesorios\/nocobox\/#breadcrumb","itemListElement":[{"@type":"ListItem","position":1,"name":"Accueil","item":"https:\/\/www.oxypharm.net\/es\/"},{"@type":"ListItem","position":2,"name":"Soluciones","item":"https:\/\/www.oxypharm.net\/es\/soluciones\/"},{"@type":"ListItem","position":3,"name":"Control de calidad y accesorios","item":"https:\/\/www.oxypharm.net\/es\/soluciones\/control-de-calidad-y-accesorios\/"},{"@type":"ListItem","position":4,"name":"Nocobox"}]},{"@type":"WebSite","@id":"https:\/\/www.oxypharm.net\/#website","url":"https:\/\/www.oxypharm.net\/","name":"Oxy&#039;Pharm","description":"","publisher":{"@id":"https:\/\/www.oxypharm.net\/#organization"},"potentialAction":[{"@type":"SearchAction","target":{"@type":"EntryPoint","urlTemplate":"https:\/\/www.oxypharm.net\/?s={search_term_string}"},"query-input":{"@type":"PropertyValueSpecification","valueRequired":true,"valueName":"search_term_string"}}],"inLanguage":"es-ES"},{"@type":"Organization","@id":"https:\/\/www.oxypharm.net\/#organization","name":"Oxy'pharm","alternateName":"Oxypharm","url":"https:\/\/www.oxypharm.net\/","logo":{"@type":"ImageObject","inLanguage":"es-ES","@id":"https:\/\/www.oxypharm.net\/#\/schema\/logo\/image\/","url":"https:\/\/www.oxypharm.net\/wp-content\/uploads\/2023\/06\/Logo-Medtradex-Oxypharm.jpg","contentUrl":"https:\/\/www.oxypharm.net\/wp-content\/uploads\/2023\/06\/Logo-Medtradex-Oxypharm.jpg","width":500,"height":500,"caption":"Oxy'pharm"},"image":{"@id":"https:\/\/www.oxypharm.net\/#\/schema\/logo\/image\/"},"sameAs":["https:\/\/www.facebook.com\/profile.php?id=100065087790394","https:\/\/x.com\/OxyPharm","https:\/\/www.instagram.com\/oxy_pharm\/","https:\/\/www.linkedin.com\/company\/oxy-pharm\/","https:\/\/www.youtube.com\/channel\/UCwTjwWFZWcMdPPlvkTuiurw"]}]}},"_links":{"self":[{"href":"https:\/\/www.oxypharm.net\/es\/wp-json\/wp\/v2\/pages\/9650","targetHints":{"allow":["GET"]}}],"collection":[{"href":"https:\/\/www.oxypharm.net\/es\/wp-json\/wp\/v2\/pages"}],"about":[{"href":"https:\/\/www.oxypharm.net\/es\/wp-json\/wp\/v2\/types\/page"}],"author":[{"embeddable":true,"href":"https:\/\/www.oxypharm.net\/es\/wp-json\/wp\/v2\/users\/1"}],"replies":[{"embeddable":true,"href":"https:\/\/www.oxypharm.net\/es\/wp-json\/wp\/v2\/comments?post=9650"}],"version-history":[{"count":3,"href":"https:\/\/www.oxypharm.net\/es\/wp-json\/wp\/v2\/pages\/9650\/revisions"}],"predecessor-version":[{"id":14298,"href":"https:\/\/www.oxypharm.net\/es\/wp-json\/wp\/v2\/pages\/9650\/revisions\/14298"}],"up":[{"embeddable":true,"href":"https:\/\/www.oxypharm.net\/es\/wp-json\/wp\/v2\/pages\/9548"}],"wp:attachment":[{"href":"https:\/\/www.oxypharm.net\/es\/wp-json\/wp\/v2\/media?parent=9650"}],"curies":[{"name":"wp","href":"https:\/\/api.w.org\/{rel}","templated":true}]}}