{"id":9530,"date":"2022-09-26T11:51:12","date_gmt":"2022-09-26T11:51:12","guid":{"rendered":"https:\/\/preprod.oxypharm.net\/el-grupo\/nuestros-conocimientos-especializados\/"},"modified":"2023-04-14T14:30:39","modified_gmt":"2023-04-14T14:30:39","slug":"nuestros-conocimientos-especializados","status":"publish","type":"page","link":"https:\/\/www.oxypharm.net\/es\/el-grupo\/nuestros-conocimientos-especializados\/","title":{"rendered":"Nuestros conocimientos especializados"},"content":{"rendered":"<div class=\"wpb-content-wrapper\"><p>[vc_row full_width=&#8221;stretch_row&#8221; el_class=&#8221;hero&#8221; css=&#8221;.vc_custom_1634551092541{margin-bottom: 65px !important;padding-top: 50px !important;padding-bottom: 0px !important;}&#8221;][vc_column][vc_custom_heading text=&#8221;Nuestros conocimientos especializados&#8221; font_container=&#8221;tag:h1|text_align:left&#8221; google_fonts=&#8221;font_family:Raleway%3A100%2C200%2C300%2Cregular%2C500%2C600%2C700%2C800%2C900|font_style:900%20bold%20regular%3A900%3Anormal&#8221;][vc_column_text]<a href=\"\/\">Inicio<\/a> &gt; Nuestros conocimientos especializados[\/vc_column_text][\/vc_column][\/vc_row][vc_row css=&#8221;.vc_custom_1646992576238{margin-bottom: 50px !important;}&#8221;][vc_column][vc_custom_heading text=&#8221;La higiene y la seguridad son nuestra prioridad.&#8221; use_theme_fonts=&#8221;yes&#8221;][\/vc_column][\/vc_row][vc_row][vc_column][vc_column_text el_class=&#8221;intro&#8221;]Oxy\u2019Pharm le brindar\u00e1 apoyo a lo largo del proceso de higiene, desde la limpieza hasta la desinfecci\u00f3n. Todos los equipos est\u00e1n disponibles en toda Francia e internacionalmente para responder a sus necesidades.<\/p>\n<p>Oxy\u2019Pharm tambi\u00e9n lleva a cabo sesiones de formaci\u00f3n del personal sobre c\u00f3mo utilizar sus soluciones. <strong>Como solo se puede desinfectar lo que est\u00e1 limpio, la limpieza b\u00e1sica y el blanqueamiento definen el proceso de limpieza biol\u00f3gica<\/strong>. La limpieza b\u00e1sica y el blanqueamiento son dos operaciones que se realizan durante el proceso de limpieza de una sala blanca (sala limpia). Se trata de dos fases distintas que se suceden. Estas operaciones se llevan a cabo antes de las pruebas de conformidad que se deben realizar para la cualificaci\u00f3n seg\u00fan un protocolo definido, que garantiza as\u00ed la eficacia del resultado y su repetibilidad.[\/vc_column_text][\/vc_column][\/vc_row][vc_row full_width=&#8221;stretch_row&#8221; enable_parallax=&#8221;true&#8221; parallax_background=&#8221;2973&#8243; css=&#8221;.vc_custom_1646992599559{margin-top: 20px !important;margin-bottom: 20px !important;padding-top: 240px !important;padding-bottom: 240px !important;background-image: url(https:\/\/www.oxypharm.net\/wp-content\/uploads\/2022\/03\/batiment_oxypharm_paris.jpg?id=2956) !important;background-position: center !important;background-repeat: no-repeat !important;background-size: cover !important;}&#8221;][vc_column][\/vc_column][\/vc_row][vc_row css=&#8221;.vc_custom_1634551265374{margin-bottom: 60px !important;}&#8221;][vc_column][vc_custom_heading text=&#8221;Normas y certificaciones&#8221; use_theme_fonts=&#8221;yes&#8221;][\/vc_column][\/vc_row][vc_row css=&#8221;.vc_custom_1646992639668{margin-bottom: 50px !important;}&#8221;][vc_column][vc_custom_heading text=&#8221;La calidad y la seguridad&#8221; font_container=&#8221;tag:h4|text_align:left&#8221; use_theme_fonts=&#8221;yes&#8221;][\/vc_column][\/vc_row][vc_row css=&#8221;.vc_custom_1646992783093{margin-bottom: 30px !important;}&#8221;][vc_column][vc_column_text el_class=&#8221;intro&#8221;]Lograr la excelencia en materia de certificaciones: \u00a1este es el lema de Oxy\u2019Pharm!<\/p>\n<p>La eficacia de los productos ha quedado demostrada por muchos estudios e investigaciones realizadas por profesionales reconocidos en el \u00e1mbito de la desinfecci\u00f3n en laboratorios independientes que cuentan con la acreditaci\u00f3n Cofrac. De esta manera, todas las soluciones son conformes con la normativa vigente.[\/vc_column_text][\/vc_column][\/vc_row][vc_row css=&#8221;.vc_custom_1646992788199{margin-bottom: 50px !important;}&#8221;][vc_column][vc_custom_heading text=&#8221;\u00bfQu\u00e9 normas se corresponden con cada soluci\u00f3n?&#8221; font_container=&#8221;tag:h4|text_align:left&#8221; use_theme_fonts=&#8221;yes&#8221;][\/vc_column][\/vc_row][vc_row css=&#8221;.vc_custom_1646992705447{margin-top: 50px !important;margin-bottom: 65px !important;}&#8221;][vc_column width=&#8221;1\/4&#8243;][vc_single_image image=&#8221;3022&#8243; img_size=&#8221;large&#8221; alignment=&#8221;center&#8221; effects_enabled_delay=&#8221;&#8221; el_class=&#8221;expertise_thumb&#8221;][vc_column_text effects_enabled_delay=&#8221;&#8221;]<\/p>\n<p class=\"p1\" style=\"text-align: center;\"><strong>NF\u00a072-110<\/strong><\/p>\n<p class=\"p1\" style=\"text-align: center;\">Espectro de eficacia: bactericida, levuricida, fungicida y viricida<\/p>\n<p class=\"p1\" style=\"text-align: center;\"><strong>Productos sanitarios<\/strong> <strong>de clase\u00a0IIa<\/strong> \u2013 Organismo notificado: GMED 0459<\/p>\n<p>[\/vc_column_text][\/vc_column][vc_column width=&#8221;1\/4&#8243;][vc_single_image image=&#8221;3043&#8243; alignment=&#8221;center&#8221; effects_enabled_delay=&#8221;&#8221; el_class=&#8221;expertise_thumb&#8221;][vc_column_text effects_enabled_delay=&#8221;&#8221;]<\/p>\n<p style=\"text-align: center;\"><strong>EN\u00a017272<\/strong><\/p>\n<p style=\"text-align: center;\">Espectro de eficacia: bactericida, fungicida, viricida, esporicida y levuricida<\/p>\n<p>[\/vc_column_text][\/vc_column][vc_column width=&#8221;1\/4&#8243;][vc_single_image image=&#8221;3029&#8243; alignment=&#8221;center&#8221; effects_enabled_delay=&#8221;&#8221; el_class=&#8221;expertise_thumb&#8221;][vc_column_text effects_enabled_delay=&#8221;&#8221;]<\/p>\n<p style=\"text-align: center;\"><strong>EN\u00a017272 <\/strong><\/p>\n<p style=\"text-align: center;\">Espectro de eficacia: bactericida, fungicida, viricida, esporicida y levuricida<\/p>\n<p>[\/vc_column_text][\/vc_column][vc_column width=&#8221;1\/4&#8243;][vc_single_image image=&#8221;3036&#8243; img_size=&#8221;medium&#8221; alignment=&#8221;center&#8221; effects_enabled_delay=&#8221;&#8221; el_class=&#8221;expertise_thumb&#8221;][vc_column_text effects_enabled_delay=&#8221;&#8221;]<\/p>\n<p style=\"text-align: center;\"><strong>Miembro de la CS3D<\/strong>, C\u00e1mara Sindical de las empresas denominadas 3D (desratizaci\u00f3n, desinfecci\u00f3n y desinsectaci\u00f3n)<br \/>\n<strong>Titular del certificado certibiocida<\/strong> otorgado por el Ministerio de Transici\u00f3n Ecol\u00f3gica y Solidaria<\/p>\n<p>[\/vc_column_text][\/vc_column][\/vc_row][vc_row css=&#8221;.vc_custom_1634551265374{margin-bottom: 60px !important;}&#8221;][vc_column][vc_custom_heading text=&#8221;Testimonios\u2026&#8221; use_theme_fonts=&#8221;yes&#8221;][\/vc_column][\/vc_row][vc_row][vc_column]<div class=\"mpc-carousel__wrapper mpc-waypoint\"><div id=\"mpc_carousel_posts-2169f2cc38c5573\" class=\"mpc-carousel-posts mpc-init mpc-init mpc-transition mpc-overlay--fade mpc-item--fade mpc-layout--style_2  \"   data-mpcslick='{\"infinite\":false,\"autoplay\":true,\"slidesToShow\":2,\"slidesToScroll\":1,\"centerMode\":false,\"initialSlide\":0,\"autoplaySpeed\":1000}' data-slick-cols=\"2\"><div onclick=\"\" class=\"mpc-post\"><div class=\"mpc-post__wrapper\"><div class=\"mpc-post__thumbnail\" data-mpc_src=\"https:\/\/www.oxypharm.net\/wp-content\/uploads\/2022\/09\/image-8.jpg\" data-mpc_link=\"https:\/\/www.oxypharm.net\/es\/viruela-del-mono-combatir-la-transmision-de-la-viruela-del-mono-gracias-a-una-solucion-de-desinfeccion-ecorresponsable\/\"><div class=\"mpc-post__overlay mpc-transition\"><div class=\"mpc-post--vertical-wrap\"><div class=\"mpc-post--vertical\" data-mpc_link=\"https:\/\/www.oxypharm.net\/es\/viruela-del-mono-combatir-la-transmision-de-la-viruela-del-mono-gracias-a-una-solucion-de-desinfeccion-ecorresponsable\/\"><a href=\"https:\/\/www.oxypharm.net\/wp-content\/uploads\/2022\/09\/image-8.jpg\" title=\"Mpox : Lucha contra el virus con una soluci\u00f3n desinfectante eco-responsable\" class=\"mpc-lightbox mpc-icon-anchor mpc-magnific-popup\"><\/a><a href=\"https:\/\/www.oxypharm.net\/es\/viruela-del-mono-combatir-la-transmision-de-la-viruela-del-mono-gracias-a-una-solucion-de-desinfeccion-ecorresponsable\/\" title=\"Read more about Mpox : Lucha contra el virus con una soluci\u00f3n desinfectante eco-responsable\" class=\"mpc-icon-anchor\"><\/a><\/div><\/div><\/div><\/div><div class=\"mpc-post__content mpc-transition\"><h3 class=\"mpc-post__heading mpc-transition mpc-text-overflow\"><a href=\"https:\/\/www.oxypharm.net\/es\/viruela-del-mono-combatir-la-transmision-de-la-viruela-del-mono-gracias-a-una-solucion-de-desinfeccion-ecorresponsable\/\" title=\"Mpox : Lucha contra el virus con una soluci\u00f3n desinfectante eco-responsable\">Mpox : Lucha contra el virus con una soluci\u00f3n desinfectante eco-responsable<\/a><\/h3><div class=\"mpc-post__description\">[vc_row][vc_column][vc_column_text css=&#8221;&#8221;] El 14 de agosto, la OMS declar\u00f3 un nivel m\u00e1ximo de alerta sanitaria internacional en respuesta al aumento<\/div><a href=\"https:\/\/www.oxypharm.net\/es\/viruela-del-mono-combatir-la-transmision-de-la-viruela-del-mono-gracias-a-una-solucion-de-desinfeccion-ecorresponsable\/\" title=\"Mpox : Lucha contra el virus con una soluci\u00f3n desinfectante eco-responsable\"  class=\"mpc-button mpc-init mpc-transition mpc-typography--mpc_preset_17 \" ><div class=\"mpc-button__content mpc-effect-type--none mpc-effect-side--none\"><span class=\"mpc-button__title mpc-transition\">Leer m\u00e1s<\/span><\/div><div class=\"mpc-button__background mpc-transition mpc-effect-type--fade mpc-effect-side--in\"><\/div><\/a><\/div><\/div><\/div><div onclick=\"\" class=\"mpc-post\"><div class=\"mpc-post__wrapper\"><div class=\"mpc-post__thumbnail\" data-mpc_src=\"https:\/\/www.oxypharm.net\/wp-content\/uploads\/2021\/12\/professeur_alain_sarasin.jpg\" data-mpc_link=\"https:\/\/www.oxypharm.net\/es\/pr-alain-sarasin-director-de-investigacion-del-centro-nacional-de-investigacion-cientifica-de-francia\/\"><div class=\"mpc-post__overlay mpc-transition\"><div class=\"mpc-post--vertical-wrap\"><div class=\"mpc-post--vertical\" data-mpc_link=\"https:\/\/www.oxypharm.net\/es\/pr-alain-sarasin-director-de-investigacion-del-centro-nacional-de-investigacion-cientifica-de-francia\/\"><a href=\"https:\/\/www.oxypharm.net\/wp-content\/uploads\/2021\/12\/professeur_alain_sarasin.jpg\" title=\"Pr. Alain Sarasin, director de Investigaci\u00f3n del Centro Nacional de Investigaci\u00f3n Cient\u00edfica de Francia\" class=\"mpc-lightbox mpc-icon-anchor mpc-magnific-popup\"><\/a><a href=\"https:\/\/www.oxypharm.net\/es\/pr-alain-sarasin-director-de-investigacion-del-centro-nacional-de-investigacion-cientifica-de-francia\/\" title=\"Read more about Pr. Alain Sarasin, director de Investigaci\u00f3n del Centro Nacional de Investigaci\u00f3n Cient\u00edfica de Francia\" class=\"mpc-icon-anchor\"><\/a><\/div><\/div><\/div><\/div><div class=\"mpc-post__content mpc-transition\"><h3 class=\"mpc-post__heading mpc-transition mpc-text-overflow\"><a href=\"https:\/\/www.oxypharm.net\/es\/pr-alain-sarasin-director-de-investigacion-del-centro-nacional-de-investigacion-cientifica-de-francia\/\" title=\"Pr. Alain Sarasin, director de Investigaci\u00f3n del Centro Nacional de Investigaci\u00f3n Cient\u00edfica de Francia\">Pr. Alain Sarasin, director de Investigaci\u00f3n del Centro Nacional de Investigaci\u00f3n Cient\u00edfica de Francia<\/a><\/h3><div class=\"mpc-post__description\">[vc_row][vc_column][vc_column_text] En un laboratorio que analizaba los riesgos de c\u00e1ncer, no parec\u00eda una buena idea utilizar material cancer\u00edgeno. Este es<\/div><a href=\"https:\/\/www.oxypharm.net\/es\/pr-alain-sarasin-director-de-investigacion-del-centro-nacional-de-investigacion-cientifica-de-francia\/\" title=\"Pr. Alain Sarasin, director de Investigaci\u00f3n del Centro Nacional de Investigaci\u00f3n Cient\u00edfica de Francia\"  class=\"mpc-button mpc-init mpc-transition mpc-typography--mpc_preset_17 \" ><div class=\"mpc-button__content mpc-effect-type--none mpc-effect-side--none\"><span class=\"mpc-button__title mpc-transition\">Leer m\u00e1s<\/span><\/div><div class=\"mpc-button__background mpc-transition mpc-effect-type--fade mpc-effect-side--in\"><\/div><\/a><\/div><\/div><\/div><div onclick=\"\" class=\"mpc-post\"><div class=\"mpc-post__wrapper\"><div class=\"mpc-post__thumbnail\" data-mpc_src=\"https:\/\/www.oxypharm.net\/wp-content\/uploads\/2021\/10\/docteur_didier_lecointe.jpg\" data-mpc_link=\"https:\/\/www.oxypharm.net\/es\/dr-didier-lecointe-presidente-del-comite-de-lucha-contra-las-infecciones-nosocomiales-de-francia\/\"><div class=\"mpc-post__overlay mpc-transition\"><div class=\"mpc-post--vertical-wrap\"><div class=\"mpc-post--vertical\" data-mpc_link=\"https:\/\/www.oxypharm.net\/es\/dr-didier-lecointe-presidente-del-comite-de-lucha-contra-las-infecciones-nosocomiales-de-francia\/\"><a href=\"https:\/\/www.oxypharm.net\/wp-content\/uploads\/2021\/10\/docteur_didier_lecointe.jpg\" title=\"Dr. Didier Lecointe, presidente del Comit\u00e9 de Lucha contra las Infecciones Nosocomiales de Francia\" class=\"mpc-lightbox mpc-icon-anchor mpc-magnific-popup\"><\/a><a href=\"https:\/\/www.oxypharm.net\/es\/dr-didier-lecointe-presidente-del-comite-de-lucha-contra-las-infecciones-nosocomiales-de-francia\/\" title=\"Read more about Dr. Didier Lecointe, presidente del Comit\u00e9 de Lucha contra las Infecciones Nosocomiales de Francia\" class=\"mpc-icon-anchor\"><\/a><\/div><\/div><\/div><\/div><div class=\"mpc-post__content mpc-transition\"><h3 class=\"mpc-post__heading mpc-transition mpc-text-overflow\"><a href=\"https:\/\/www.oxypharm.net\/es\/dr-didier-lecointe-presidente-del-comite-de-lucha-contra-las-infecciones-nosocomiales-de-francia\/\" title=\"Dr. Didier Lecointe, presidente del Comit\u00e9 de Lucha contra las Infecciones Nosocomiales de Francia\">Dr. Didier Lecointe, presidente del Comit\u00e9 de Lucha contra las Infecciones Nosocomiales de Francia<\/a><\/h3><div class=\"mpc-post__description\">[vc_row][vc_column][vc_column_text] Con el concepto Nocotech, nuestro personal ahorra un tiempo muy valioso. La desinfecci\u00f3n de un m\u00f3dulo de urgencias o<\/div><a href=\"https:\/\/www.oxypharm.net\/es\/dr-didier-lecointe-presidente-del-comite-de-lucha-contra-las-infecciones-nosocomiales-de-francia\/\" title=\"Dr. Didier Lecointe, presidente del Comit\u00e9 de Lucha contra las Infecciones Nosocomiales de Francia\"  class=\"mpc-button mpc-init mpc-transition mpc-typography--mpc_preset_17 \" ><div class=\"mpc-button__content mpc-effect-type--none mpc-effect-side--none\"><span class=\"mpc-button__title mpc-transition\">Leer m\u00e1s<\/span><\/div><div class=\"mpc-button__background mpc-transition mpc-effect-type--fade mpc-effect-side--in\"><\/div><\/a><\/div><\/div><\/div><\/div><div class=\"mpc-navigation mpc-init mpc-align--center mpc-navigation--style_1  mpc-nav-preset--preset_0\" data-mpcslider=\"mpc_carousel_posts-2169f2cc38c5573\"><div class=\"mpc-nav__arrow mpcslick-prev\"><div class=\"mpc-nav__icon mpc-transition\"><i class=\" fa fa-chevron-circle-left\"><div class=\"mpc-nav__background mpc-transition mpc-effect-type--fade mpc-effect-side--in\"><\/div><\/i><\/div><\/div><div class=\"mpc-nav__arrow mpcslick-next\"><div class=\"mpc-nav__icon mpc-transition\"><i class=\" fa fa-chevron-circle-right\"><div class=\"mpc-nav__background mpc-transition mpc-effect-type--fade mpc-effect-side--in\"><\/div><\/i><\/div><\/div><\/div><\/div>[\/vc_column][\/vc_row]<\/p>\n<\/div>","protected":false},"excerpt":{"rendered":"<p>[vc_row full_width=&#8221;stretch_row&#8221; el_class=&#8221;hero&#8221; css=&#8221;.vc_custom_1634551092541{margin-bottom: 65px !important;padding-top: 50px !important;padding-bottom: 0px !important;}&#8221;][vc_column][vc_custom_heading text=&#8221;Nuestros conocimientos especializados&#8221; font_container=&#8221;tag:h1|text_align:left&#8221; google_fonts=&#8221;font_family:Raleway%3A100%2C200%2C300%2Cregular%2C500%2C600%2C700%2C800%2C900|font_style:900%20bold%20regular%3A900%3Anormal&#8221;][vc_column_text]Inicio &gt; Nuestros conocimientos especializados[\/vc_column_text][\/vc_column][\/vc_row][vc_row css=&#8221;.vc_custom_1646992576238{margin-bottom:<\/p>\n","protected":false},"author":1,"featured_media":0,"parent":9398,"menu_order":0,"comment_status":"closed","ping_status":"closed","template":"","meta":{"_acf_changed":false,"footnotes":""},"class_list":["post-9530","page","type-page","status-publish","hentry"],"acf":[],"yoast_head":"<!-- This site is optimized with the Yoast SEO plugin v26.1.1 - https:\/\/yoast.com\/wordpress\/plugins\/seo\/ -->\n<title>Nuestros conocimientos especializados - Oxy&#039;Pharm<\/title>\n<meta name=\"robots\" content=\"index, follow, max-snippet:-1, max-image-preview:large, max-video-preview:-1\" \/>\n<link rel=\"canonical\" href=\"https:\/\/www.oxypharm.net\/es\/el-grupo\/nuestros-conocimientos-especializados\/\" \/>\n<meta property=\"og:locale\" content=\"es_ES\" \/>\n<meta property=\"og:type\" content=\"article\" \/>\n<meta property=\"og:title\" content=\"Nuestros conocimientos especializados - Oxy&#039;Pharm\" \/>\n<meta property=\"og:description\" content=\"[vc_row full_width=&#8221;stretch_row&#8221; el_class=&#8221;hero&#8221; css=&#8221;.vc_custom_1634551092541{margin-bottom: 65px !important;padding-top: 50px !important;padding-bottom: 0px !important;}&#8221;][vc_column][vc_custom_heading text=&#8221;Nuestros conocimientos especializados&#8221; font_container=&#8221;tag:h1|text_align:left&#8221; google_fonts=&#8221;font_family:Raleway%3A100%2C200%2C300%2Cregular%2C500%2C600%2C700%2C800%2C900|font_style:900%20bold%20regular%3A900%3Anormal&#8221;][vc_column_text]Inicio &gt; Nuestros conocimientos especializados[\/vc_column_text][\/vc_column][\/vc_row][vc_row css=&#8221;.vc_custom_1646992576238{margin-bottom:\" \/>\n<meta property=\"og:url\" content=\"https:\/\/www.oxypharm.net\/es\/el-grupo\/nuestros-conocimientos-especializados\/\" \/>\n<meta property=\"og:site_name\" content=\"Oxy&#039;Pharm\" \/>\n<meta property=\"article:publisher\" content=\"https:\/\/www.facebook.com\/profile.php?id=100065087790394\" \/>\n<meta property=\"article:modified_time\" content=\"2023-04-14T14:30:39+00:00\" \/>\n<meta name=\"twitter:card\" content=\"summary_large_image\" \/>\n<meta name=\"twitter:site\" content=\"@OxyPharm\" \/>\n<meta name=\"twitter:label1\" content=\"Est. reading time\" \/>\n\t<meta name=\"twitter:data1\" content=\"4 minutes\" \/>\n<script type=\"application\/ld+json\" class=\"yoast-schema-graph\">{\"@context\":\"https:\/\/schema.org\",\"@graph\":[{\"@type\":\"WebPage\",\"@id\":\"https:\/\/www.oxypharm.net\/es\/el-grupo\/nuestros-conocimientos-especializados\/\",\"url\":\"https:\/\/www.oxypharm.net\/es\/el-grupo\/nuestros-conocimientos-especializados\/\",\"name\":\"Nuestros conocimientos especializados - Oxy&#039;Pharm\",\"isPartOf\":{\"@id\":\"https:\/\/www.oxypharm.net\/#website\"},\"datePublished\":\"2022-09-26T11:51:12+00:00\",\"dateModified\":\"2023-04-14T14:30:39+00:00\",\"breadcrumb\":{\"@id\":\"https:\/\/www.oxypharm.net\/es\/el-grupo\/nuestros-conocimientos-especializados\/#breadcrumb\"},\"inLanguage\":\"es-ES\",\"potentialAction\":[{\"@type\":\"ReadAction\",\"target\":[\"https:\/\/www.oxypharm.net\/es\/el-grupo\/nuestros-conocimientos-especializados\/\"]}]},{\"@type\":\"BreadcrumbList\",\"@id\":\"https:\/\/www.oxypharm.net\/es\/el-grupo\/nuestros-conocimientos-especializados\/#breadcrumb\",\"itemListElement\":[{\"@type\":\"ListItem\",\"position\":1,\"name\":\"Accueil\",\"item\":\"https:\/\/www.oxypharm.net\/es\/\"},{\"@type\":\"ListItem\",\"position\":2,\"name\":\"El Grupo\",\"item\":\"https:\/\/www.oxypharm.net\/es\/el-grupo\/\"},{\"@type\":\"ListItem\",\"position\":3,\"name\":\"Nuestros conocimientos especializados\"}]},{\"@type\":\"WebSite\",\"@id\":\"https:\/\/www.oxypharm.net\/#website\",\"url\":\"https:\/\/www.oxypharm.net\/\",\"name\":\"Oxy&#039;Pharm\",\"description\":\"\",\"publisher\":{\"@id\":\"https:\/\/www.oxypharm.net\/#organization\"},\"potentialAction\":[{\"@type\":\"SearchAction\",\"target\":{\"@type\":\"EntryPoint\",\"urlTemplate\":\"https:\/\/www.oxypharm.net\/?s={search_term_string}\"},\"query-input\":{\"@type\":\"PropertyValueSpecification\",\"valueRequired\":true,\"valueName\":\"search_term_string\"}}],\"inLanguage\":\"es-ES\"},{\"@type\":\"Organization\",\"@id\":\"https:\/\/www.oxypharm.net\/#organization\",\"name\":\"Oxy'pharm\",\"alternateName\":\"Oxypharm\",\"url\":\"https:\/\/www.oxypharm.net\/\",\"logo\":{\"@type\":\"ImageObject\",\"inLanguage\":\"es-ES\",\"@id\":\"https:\/\/www.oxypharm.net\/#\/schema\/logo\/image\/\",\"url\":\"https:\/\/www.oxypharm.net\/wp-content\/uploads\/2023\/06\/Logo-Medtradex-Oxypharm.jpg\",\"contentUrl\":\"https:\/\/www.oxypharm.net\/wp-content\/uploads\/2023\/06\/Logo-Medtradex-Oxypharm.jpg\",\"width\":500,\"height\":500,\"caption\":\"Oxy'pharm\"},\"image\":{\"@id\":\"https:\/\/www.oxypharm.net\/#\/schema\/logo\/image\/\"},\"sameAs\":[\"https:\/\/www.facebook.com\/profile.php?id=100065087790394\",\"https:\/\/x.com\/OxyPharm\",\"https:\/\/www.instagram.com\/oxy_pharm\/\",\"https:\/\/www.linkedin.com\/company\/oxy-pharm\/\",\"https:\/\/www.youtube.com\/channel\/UCwTjwWFZWcMdPPlvkTuiurw\"]}]}<\/script>\n<!-- \/ Yoast SEO plugin. -->","yoast_head_json":{"title":"Nuestros conocimientos especializados - Oxy&#039;Pharm","robots":{"index":"index","follow":"follow","max-snippet":"max-snippet:-1","max-image-preview":"max-image-preview:large","max-video-preview":"max-video-preview:-1"},"canonical":"https:\/\/www.oxypharm.net\/es\/el-grupo\/nuestros-conocimientos-especializados\/","og_locale":"es_ES","og_type":"article","og_title":"Nuestros conocimientos especializados - Oxy&#039;Pharm","og_description":"[vc_row full_width=&#8221;stretch_row&#8221; el_class=&#8221;hero&#8221; css=&#8221;.vc_custom_1634551092541{margin-bottom: 65px !important;padding-top: 50px !important;padding-bottom: 0px !important;}&#8221;][vc_column][vc_custom_heading text=&#8221;Nuestros conocimientos especializados&#8221; font_container=&#8221;tag:h1|text_align:left&#8221; google_fonts=&#8221;font_family:Raleway%3A100%2C200%2C300%2Cregular%2C500%2C600%2C700%2C800%2C900|font_style:900%20bold%20regular%3A900%3Anormal&#8221;][vc_column_text]Inicio &gt; Nuestros conocimientos especializados[\/vc_column_text][\/vc_column][\/vc_row][vc_row css=&#8221;.vc_custom_1646992576238{margin-bottom:","og_url":"https:\/\/www.oxypharm.net\/es\/el-grupo\/nuestros-conocimientos-especializados\/","og_site_name":"Oxy&#039;Pharm","article_publisher":"https:\/\/www.facebook.com\/profile.php?id=100065087790394","article_modified_time":"2023-04-14T14:30:39+00:00","twitter_card":"summary_large_image","twitter_site":"@OxyPharm","twitter_misc":{"Est. reading time":"4 minutes"},"schema":{"@context":"https:\/\/schema.org","@graph":[{"@type":"WebPage","@id":"https:\/\/www.oxypharm.net\/es\/el-grupo\/nuestros-conocimientos-especializados\/","url":"https:\/\/www.oxypharm.net\/es\/el-grupo\/nuestros-conocimientos-especializados\/","name":"Nuestros conocimientos especializados - Oxy&#039;Pharm","isPartOf":{"@id":"https:\/\/www.oxypharm.net\/#website"},"datePublished":"2022-09-26T11:51:12+00:00","dateModified":"2023-04-14T14:30:39+00:00","breadcrumb":{"@id":"https:\/\/www.oxypharm.net\/es\/el-grupo\/nuestros-conocimientos-especializados\/#breadcrumb"},"inLanguage":"es-ES","potentialAction":[{"@type":"ReadAction","target":["https:\/\/www.oxypharm.net\/es\/el-grupo\/nuestros-conocimientos-especializados\/"]}]},{"@type":"BreadcrumbList","@id":"https:\/\/www.oxypharm.net\/es\/el-grupo\/nuestros-conocimientos-especializados\/#breadcrumb","itemListElement":[{"@type":"ListItem","position":1,"name":"Accueil","item":"https:\/\/www.oxypharm.net\/es\/"},{"@type":"ListItem","position":2,"name":"El Grupo","item":"https:\/\/www.oxypharm.net\/es\/el-grupo\/"},{"@type":"ListItem","position":3,"name":"Nuestros conocimientos especializados"}]},{"@type":"WebSite","@id":"https:\/\/www.oxypharm.net\/#website","url":"https:\/\/www.oxypharm.net\/","name":"Oxy&#039;Pharm","description":"","publisher":{"@id":"https:\/\/www.oxypharm.net\/#organization"},"potentialAction":[{"@type":"SearchAction","target":{"@type":"EntryPoint","urlTemplate":"https:\/\/www.oxypharm.net\/?s={search_term_string}"},"query-input":{"@type":"PropertyValueSpecification","valueRequired":true,"valueName":"search_term_string"}}],"inLanguage":"es-ES"},{"@type":"Organization","@id":"https:\/\/www.oxypharm.net\/#organization","name":"Oxy'pharm","alternateName":"Oxypharm","url":"https:\/\/www.oxypharm.net\/","logo":{"@type":"ImageObject","inLanguage":"es-ES","@id":"https:\/\/www.oxypharm.net\/#\/schema\/logo\/image\/","url":"https:\/\/www.oxypharm.net\/wp-content\/uploads\/2023\/06\/Logo-Medtradex-Oxypharm.jpg","contentUrl":"https:\/\/www.oxypharm.net\/wp-content\/uploads\/2023\/06\/Logo-Medtradex-Oxypharm.jpg","width":500,"height":500,"caption":"Oxy'pharm"},"image":{"@id":"https:\/\/www.oxypharm.net\/#\/schema\/logo\/image\/"},"sameAs":["https:\/\/www.facebook.com\/profile.php?id=100065087790394","https:\/\/x.com\/OxyPharm","https:\/\/www.instagram.com\/oxy_pharm\/","https:\/\/www.linkedin.com\/company\/oxy-pharm\/","https:\/\/www.youtube.com\/channel\/UCwTjwWFZWcMdPPlvkTuiurw"]}]}},"_links":{"self":[{"href":"https:\/\/www.oxypharm.net\/es\/wp-json\/wp\/v2\/pages\/9530","targetHints":{"allow":["GET"]}}],"collection":[{"href":"https:\/\/www.oxypharm.net\/es\/wp-json\/wp\/v2\/pages"}],"about":[{"href":"https:\/\/www.oxypharm.net\/es\/wp-json\/wp\/v2\/types\/page"}],"author":[{"embeddable":true,"href":"https:\/\/www.oxypharm.net\/es\/wp-json\/wp\/v2\/users\/1"}],"replies":[{"embeddable":true,"href":"https:\/\/www.oxypharm.net\/es\/wp-json\/wp\/v2\/comments?post=9530"}],"version-history":[{"count":2,"href":"https:\/\/www.oxypharm.net\/es\/wp-json\/wp\/v2\/pages\/9530\/revisions"}],"predecessor-version":[{"id":12580,"href":"https:\/\/www.oxypharm.net\/es\/wp-json\/wp\/v2\/pages\/9530\/revisions\/12580"}],"up":[{"embeddable":true,"href":"https:\/\/www.oxypharm.net\/es\/wp-json\/wp\/v2\/pages\/9398"}],"wp:attachment":[{"href":"https:\/\/www.oxypharm.net\/es\/wp-json\/wp\/v2\/media?parent=9530"}],"curies":[{"name":"wp","href":"https:\/\/api.w.org\/{rel}","templated":true}]}}