{"id":9440,"date":"2022-09-26T11:50:59","date_gmt":"2022-09-26T11:50:59","guid":{"rendered":"https:\/\/preprod.oxypharm.net\/el-grupo\/conozcanos\/"},"modified":"2023-04-14T14:06:49","modified_gmt":"2023-04-14T14:06:49","slug":"conozcanos","status":"publish","type":"page","link":"https:\/\/www.oxypharm.net\/es\/el-grupo\/conozcanos\/","title":{"rendered":"Con\u00f3zcanos"},"content":{"rendered":"<div class=\"wpb-content-wrapper\"><p>[vc_row full_width=&#8221;stretch_row&#8221; el_class=&#8221;hero&#8221; css=&#8221;.vc_custom_1634551092541{margin-bottom: 65px !important;padding-top: 50px !important;padding-bottom: 0px !important;}&#8221;][vc_column][vc_custom_heading text=&#8221;Con\u00f3zcanos&#8221; font_container=&#8221;tag:h1|text_align:left&#8221; google_fonts=&#8221;font_family:Raleway%3A100%2C200%2C300%2Cregular%2C500%2C600%2C700%2C800%2C900|font_style:900%20bold%20regular%3A900%3Anormal&#8221;][vc_column_text]<a href=\"\/\">Inicio<\/a> &gt; Con\u00f3zcanos[\/vc_column_text][\/vc_column][\/vc_row][vc_row css=&#8221;.vc_custom_1634550143177{margin-top: 30px !important;}&#8221;][vc_column width=&#8221;1\/4&#8243; el_class=&#8221;icon-text&#8221;][vc_icon icon_fontawesome=&#8221;fas fa-globe-americas&#8221; color=&#8221;sandy_brown&#8221; size=&#8221;lg&#8221; align=&#8221;center&#8221;][vc_column_text effects_enabled_delay=&#8221;&#8221; css=&#8221;.vc_custom_1650383017535{margin-top: 0px !important;}&#8221;]<\/p>\n<h4 class=\"p1\" style=\"text-align: center;\">Cercan\u00eda<\/h4>\n<p style=\"text-align: center;\">Nuestros equipos est\u00e1n presentes tanto en Francia como internacionalmente para ofrecerle un servicio de calidad.<\/p>\n<p>[\/vc_column_text][\/vc_column][vc_column width=&#8221;1\/4&#8243; el_class=&#8221;icon-text&#8221;][vc_icon icon_fontawesome=&#8221;fab fa-gratipay&#8221; color=&#8221;sandy_brown&#8221; size=&#8221;lg&#8221; align=&#8221;center&#8221;][vc_column_text effects_enabled_delay=&#8221;&#8221; css=&#8221;.vc_custom_1650383008054{margin-top: 0px !important;}&#8221;]<\/p>\n<h4 style=\"text-align: center;\">Adaptabilidad<\/h4>\n<p style=\"text-align: center;\">Como cada solicitud es \u00fanica, hemos desarrollado soluciones adaptadas a su actividad.<\/p>\n<p>[\/vc_column_text][\/vc_column][vc_column width=&#8221;1\/4&#8243; el_class=&#8221;icon-text&#8221;][vc_icon icon_fontawesome=&#8221;fas fa-shield-alt&#8221; color=&#8221;sandy_brown&#8221; size=&#8221;lg&#8221; align=&#8221;center&#8221;][vc_column_text effects_enabled_delay=&#8221;&#8221; css=&#8221;.vc_custom_1650382994943{margin-top: 0px !important;}&#8221;]<\/p>\n<h4 class=\"p1\" style=\"text-align: center;\">Seguridad<\/h4>\n<p style=\"text-align: center;\">Nuestras soluciones responden a las normas vigentes para garantizarle una fiabilidad y una eficacia impecables.<\/p>\n<p>[\/vc_column_text][\/vc_column][vc_column width=&#8221;1\/4&#8243; el_class=&#8221;icon-text&#8221;][vc_icon icon_fontawesome=&#8221;fas fa-tree&#8221; color=&#8221;sandy_brown&#8221; size=&#8221;lg&#8221; align=&#8221;center&#8221;][vc_column_text effects_enabled_delay=&#8221;&#8221; css=&#8221;.vc_custom_1650011719920{margin-top: 0px !important;}&#8221;]<\/p>\n<h4 class=\"p1\" style=\"text-align: center;\">Compromiso<\/h4>\n<p style=\"text-align: center;\">Nuestras soluciones se han dise\u00f1ado con una gesti\u00f3n ecorresponsable con el fin de mantener el rumbo hacia un futuro respetuoso con el medio ambiente.<\/p>\n<p>[\/vc_column_text][\/vc_column][vc_column css=&#8221;.vc_custom_1649406379813{padding-top: 40px !important;}&#8221;][\/vc_column][\/vc_row][vc_row full_width=&#8221;stretch_row&#8221; enable_parallax=&#8221;true&#8221; parallax=&#8221;content-moving&#8221; css=&#8221;.vc_custom_1646825602658{margin-bottom: 50px !important;padding-top: 240px !important;padding-bottom: 240px !important;background-image: url(https:\/\/www.oxypharm.net\/wp-content\/uploads\/2022\/03\/batiment_oxypharm.jpg?id=2949) !important;background-position: center !important;background-repeat: no-repeat !important;background-size: cover !important;}&#8221;][vc_column][\/vc_column][\/vc_row][vc_row css=&#8221;.vc_custom_1634551265374{margin-bottom: 60px !important;}&#8221;][vc_column][vc_custom_heading text=&#8221;El grupo Oxy\u2019Pharm en pocas palabras\u2026&#8221; use_theme_fonts=&#8221;yes&#8221;][\/vc_column][\/vc_row][vc_row css=&#8221;.vc_custom_1634551587272{margin-bottom: 20px !important;}&#8221;][vc_column][vc_column_text el_class=&#8221;intro&#8221;]<\/p>\n<h4 class=\"p1\">En la actualidad<\/h4>\n<p>[\/vc_column_text][vc_column_text el_class=&#8221;intro&#8221;]<\/p>\n<p class=\"p1\">Reconocido originalmente en todo el mundo por su concepto de desinfecci\u00f3n de superficies por v\u00eda a\u00e9rea (DSVA), el grupo actualmente puede garantizar toda la cadena de biolimpieza gracias a una amplia gama de soluciones que van desde la limpieza hasta la desinfecci\u00f3n, pasando por la desinfecci\u00f3n previa. <strong>\u00a1Oxy\u2019Pharm es capaz de transformar una cocina en un quir\u00f3fano!<\/strong> Su experiencia le permite responder a las necesidades espec\u00edficas de los clientes, sea cual sea el sector de actividad (sanitario, agroalimentario, farmac\u00e9utico, colectivos, etc.).<\/p>\n<p class=\"p1\"><span data-sheets-value=\"{\" data-sheets-userformat=\"{\">Precursor en la higiene \u00abecol\u00f3gica\u00bb, todas las soluciones que se ofrecen son ecorresponsables, biodegradables y sin peligro para los seres humanos. La calidad del conjunto de estas soluciones se ha demostrado cient\u00edficamente con ensayos en laboratorio in vivo, lo que ha llevado al grupo a responder a todas las normas y certificaciones que hay en el mercado. <\/span><\/p>\n<p>[\/vc_column_text][vc_column_text el_class=&#8221;intro&#8221;]<\/p>\n<h4 class=\"p1\">Una combinaci\u00f3n ganadora<\/h4>\n<p>[\/vc_column_text][vc_column_text el_class=&#8221;intro&#8221;]<\/p>\n<p class=\"p1\"><span data-sheets-value=\"{\" data-sheets-userformat=\"{\">A finales de 2019, Oxy\u2019Pharm se fusion\u00f3 con Sanivap, la empresa francesa especialista en la limpieza biol\u00f3gica con vapor, con soluciones certificadas de conformidad con la norma NF\u00a0T72-110. Esta adquisici\u00f3n ha permitido ofrecer una gama global para la limpieza y la desinfecci\u00f3n ecol\u00f3gicas de las superficies, muy eficaz contra el conjunto de los pat\u00f3genos, incluidos los coronavirus humanos. <strong>Una combinaci\u00f3n ganadora para el grupo, ya que la combinaci\u00f3n de dos tecnolog\u00edas complementarias ha encontrado de inmediato aplicaciones concretas sobre el terreno. <\/strong><\/span><\/p>\n<p>[\/vc_column_text][\/vc_column][\/vc_row][vc_row][vc_column width=&#8221;1\/4&#8243;]<div data-id=\"mpc_counter-7169f2bfbda32a2\" class=\"mpc-counter mpc-init mpc-transition mpc-waypoint mpc-counter--style_1 mpc-align--center \" ><div class=\"mpc-counter__counter mpc-typography--preset_1\"><div class=\"mpc-counter--target\" data-options=\"{&quot;useEasing&quot;:true,&quot;value&quot;:2003,&quot;initial&quot;:1846,&quot;duration&quot;:2,&quot;delay&quot;:0,&quot;decimals&quot;:0,&quot;separator&quot;:&quot;&quot;,&quot;decimal&quot;:&quot;&quot;}\" data-to=\"2003\">1846<\/div><div class=\"mpc-counter--sizer\">2003<\/div><\/div><div data-id=\"mpc_divider-2469f2bfbda330f\" class=\"mpc-divider-wrap\"><div class=\"mpc-divider mpc-init mpc-align--center mpc-disable--left \" ><div class=\"mpc-divider__line mpc-side--left\"><span><\/span><\/div><div class=\"mpc-divider__line mpc-side--right\"><span><\/span><\/div><\/div><\/div><h3 class=\"mpc-counter__heading mpc-typography--preset_0\">Creaci\u00f3n de la sociedad<\/h3><\/div>[\/vc_column][vc_column width=&#8221;1\/4&#8243; el_class=&#8221;connaitre-percent&#8221;]<div data-id=\"mpc_counter-1069f2bfbda33ac\" class=\"mpc-counter mpc-init mpc-transition mpc-waypoint mpc-counter--style_1 mpc-align--center \" ><div class=\"mpc-counter__counter mpc-typography--preset_1\"><div class=\"mpc-counter--target\" data-options=\"{&quot;useEasing&quot;:true,&quot;value&quot;:100,&quot;initial&quot;:18,&quot;duration&quot;:2,&quot;delay&quot;:0,&quot;decimals&quot;:0,&quot;separator&quot;:&quot;&quot;,&quot;decimal&quot;:&quot;&quot;}\" data-to=\"100\">18<\/div><div class=\"mpc-counter--sizer\">100<\/div><\/div><div data-id=\"mpc_divider-6269f2bfbda33e4\" class=\"mpc-divider-wrap\"><div class=\"mpc-divider mpc-init mpc-align--center mpc-disable--left \" ><div class=\"mpc-divider__line mpc-side--left\"><span><\/span><\/div><div class=\"mpc-divider__line mpc-side--right\"><span><\/span><\/div><\/div><\/div><h3 class=\"mpc-counter__heading mpc-typography--preset_0\">fabricante franc\u00e9s<\/h3><\/div>[\/vc_column][vc_column width=&#8221;1\/4&#8243; el_class=&#8221;connaitre-percent&#8221;]<div data-id=\"mpc_counter-6069f2bfbda3468\" class=\"mpc-counter mpc-init mpc-transition mpc-waypoint mpc-counter--style_1 mpc-align--center \" ><div class=\"mpc-counter__counter mpc-typography--preset_1\"><div class=\"mpc-counter--target\" data-options=\"{&quot;useEasing&quot;:true,&quot;value&quot;:80,&quot;initial&quot;:32,&quot;duration&quot;:2,&quot;delay&quot;:0,&quot;decimals&quot;:0,&quot;separator&quot;:&quot;&quot;,&quot;decimal&quot;:&quot;&quot;}\" data-to=\"80\">32<\/div><div class=\"mpc-counter--sizer\">80<\/div><\/div><div data-id=\"mpc_divider-569f2bfbda34a5\" class=\"mpc-divider-wrap\"><div class=\"mpc-divider mpc-init mpc-align--center mpc-disable--left \" ><div class=\"mpc-divider__line mpc-side--left\"><span><\/span><\/div><div class=\"mpc-divider__line mpc-side--right\"><span><\/span><\/div><\/div><\/div><h3 class=\"mpc-counter__heading mpc-typography--preset_0\">de volumen de ventas en el extranjero<\/h3><\/div>[\/vc_column][vc_column width=&#8221;1\/4&#8243;]<div data-id=\"mpc_counter-4469f2bfbda3529\" class=\"mpc-counter mpc-init mpc-transition mpc-waypoint mpc-counter--style_1 mpc-align--center \" ><div class=\"mpc-counter__counter mpc-typography--preset_1\"><div class=\"mpc-counter--target\" data-options=\"{&quot;useEasing&quot;:true,&quot;value&quot;:120,&quot;initial&quot;:7,&quot;duration&quot;:2,&quot;delay&quot;:0,&quot;decimals&quot;:0,&quot;separator&quot;:&quot;&quot;,&quot;decimal&quot;:&quot;&quot;}\" data-to=\"120\">7<\/div><div class=\"mpc-counter--sizer\">120<\/div><\/div><div data-id=\"mpc_divider-6869f2bfbda355d\" class=\"mpc-divider-wrap\"><div class=\"mpc-divider mpc-init mpc-align--center mpc-disable--left \" ><div class=\"mpc-divider__line mpc-side--left\"><span><\/span><\/div><div class=\"mpc-divider__line mpc-side--right\"><span><\/span><\/div><\/div><\/div><h3 class=\"mpc-counter__heading mpc-typography--preset_0\">pa\u00eds<\/h3><\/div>[\/vc_column][\/vc_row]<\/p>\n<\/div>","protected":false},"excerpt":{"rendered":"<p>[vc_row full_width=&#8221;stretch_row&#8221; el_class=&#8221;hero&#8221; css=&#8221;.vc_custom_1634551092541{margin-bottom: 65px !important;padding-top: 50px !important;padding-bottom: 0px !important;}&#8221;][vc_column][vc_custom_heading text=&#8221;Con\u00f3zcanos&#8221; font_container=&#8221;tag:h1|text_align:left&#8221; google_fonts=&#8221;font_family:Raleway%3A100%2C200%2C300%2Cregular%2C500%2C600%2C700%2C800%2C900|font_style:900%20bold%20regular%3A900%3Anormal&#8221;][vc_column_text]Inicio &gt; Con\u00f3zcanos[\/vc_column_text][\/vc_column][\/vc_row][vc_row css=&#8221;.vc_custom_1634550143177{margin-top: 30px !important;}&#8221;][vc_column width=&#8221;1\/4&#8243; el_class=&#8221;icon-text&#8221;][vc_icon<\/p>\n","protected":false},"author":1,"featured_media":0,"parent":9398,"menu_order":0,"comment_status":"closed","ping_status":"closed","template":"","meta":{"_acf_changed":false,"footnotes":""},"class_list":["post-9440","page","type-page","status-publish","hentry"],"acf":[],"yoast_head":"<!-- This site is optimized with the Yoast SEO plugin v26.1.1 - https:\/\/yoast.com\/wordpress\/plugins\/seo\/ -->\n<title>Con\u00f3zcanos - Oxy&#039;Pharm<\/title>\n<meta name=\"robots\" content=\"index, follow, max-snippet:-1, max-image-preview:large, max-video-preview:-1\" \/>\n<link rel=\"canonical\" href=\"https:\/\/www.oxypharm.net\/es\/el-grupo\/conozcanos\/\" \/>\n<meta property=\"og:locale\" content=\"es_ES\" \/>\n<meta property=\"og:type\" content=\"article\" \/>\n<meta property=\"og:title\" content=\"Con\u00f3zcanos - Oxy&#039;Pharm\" \/>\n<meta property=\"og:description\" content=\"[vc_row full_width=&#8221;stretch_row&#8221; el_class=&#8221;hero&#8221; css=&#8221;.vc_custom_1634551092541{margin-bottom: 65px !important;padding-top: 50px !important;padding-bottom: 0px !important;}&#8221;][vc_column][vc_custom_heading text=&#8221;Con\u00f3zcanos&#8221; font_container=&#8221;tag:h1|text_align:left&#8221; google_fonts=&#8221;font_family:Raleway%3A100%2C200%2C300%2Cregular%2C500%2C600%2C700%2C800%2C900|font_style:900%20bold%20regular%3A900%3Anormal&#8221;][vc_column_text]Inicio &gt; Con\u00f3zcanos[\/vc_column_text][\/vc_column][\/vc_row][vc_row css=&#8221;.vc_custom_1634550143177{margin-top: 30px !important;}&#8221;][vc_column width=&#8221;1\/4&#8243; el_class=&#8221;icon-text&#8221;][vc_icon\" \/>\n<meta property=\"og:url\" content=\"https:\/\/www.oxypharm.net\/es\/el-grupo\/conozcanos\/\" \/>\n<meta property=\"og:site_name\" content=\"Oxy&#039;Pharm\" \/>\n<meta property=\"article:publisher\" content=\"https:\/\/www.facebook.com\/profile.php?id=100065087790394\" \/>\n<meta property=\"article:modified_time\" content=\"2023-04-14T14:06:49+00:00\" \/>\n<meta name=\"twitter:card\" content=\"summary_large_image\" \/>\n<meta name=\"twitter:site\" content=\"@OxyPharm\" \/>\n<meta name=\"twitter:label1\" content=\"Est. reading time\" \/>\n\t<meta name=\"twitter:data1\" content=\"5 minutes\" \/>\n<script type=\"application\/ld+json\" class=\"yoast-schema-graph\">{\"@context\":\"https:\/\/schema.org\",\"@graph\":[{\"@type\":\"WebPage\",\"@id\":\"https:\/\/www.oxypharm.net\/es\/el-grupo\/conozcanos\/\",\"url\":\"https:\/\/www.oxypharm.net\/es\/el-grupo\/conozcanos\/\",\"name\":\"Con\u00f3zcanos - Oxy&#039;Pharm\",\"isPartOf\":{\"@id\":\"https:\/\/www.oxypharm.net\/#website\"},\"datePublished\":\"2022-09-26T11:50:59+00:00\",\"dateModified\":\"2023-04-14T14:06:49+00:00\",\"breadcrumb\":{\"@id\":\"https:\/\/www.oxypharm.net\/es\/el-grupo\/conozcanos\/#breadcrumb\"},\"inLanguage\":\"es-ES\",\"potentialAction\":[{\"@type\":\"ReadAction\",\"target\":[\"https:\/\/www.oxypharm.net\/es\/el-grupo\/conozcanos\/\"]}]},{\"@type\":\"BreadcrumbList\",\"@id\":\"https:\/\/www.oxypharm.net\/es\/el-grupo\/conozcanos\/#breadcrumb\",\"itemListElement\":[{\"@type\":\"ListItem\",\"position\":1,\"name\":\"Accueil\",\"item\":\"https:\/\/www.oxypharm.net\/es\/\"},{\"@type\":\"ListItem\",\"position\":2,\"name\":\"El Grupo\",\"item\":\"https:\/\/www.oxypharm.net\/es\/el-grupo\/\"},{\"@type\":\"ListItem\",\"position\":3,\"name\":\"Con\u00f3zcanos\"}]},{\"@type\":\"WebSite\",\"@id\":\"https:\/\/www.oxypharm.net\/#website\",\"url\":\"https:\/\/www.oxypharm.net\/\",\"name\":\"Oxy&#039;Pharm\",\"description\":\"\",\"publisher\":{\"@id\":\"https:\/\/www.oxypharm.net\/#organization\"},\"potentialAction\":[{\"@type\":\"SearchAction\",\"target\":{\"@type\":\"EntryPoint\",\"urlTemplate\":\"https:\/\/www.oxypharm.net\/?s={search_term_string}\"},\"query-input\":{\"@type\":\"PropertyValueSpecification\",\"valueRequired\":true,\"valueName\":\"search_term_string\"}}],\"inLanguage\":\"es-ES\"},{\"@type\":\"Organization\",\"@id\":\"https:\/\/www.oxypharm.net\/#organization\",\"name\":\"Oxy'pharm\",\"alternateName\":\"Oxypharm\",\"url\":\"https:\/\/www.oxypharm.net\/\",\"logo\":{\"@type\":\"ImageObject\",\"inLanguage\":\"es-ES\",\"@id\":\"https:\/\/www.oxypharm.net\/#\/schema\/logo\/image\/\",\"url\":\"https:\/\/www.oxypharm.net\/wp-content\/uploads\/2023\/06\/Logo-Medtradex-Oxypharm.jpg\",\"contentUrl\":\"https:\/\/www.oxypharm.net\/wp-content\/uploads\/2023\/06\/Logo-Medtradex-Oxypharm.jpg\",\"width\":500,\"height\":500,\"caption\":\"Oxy'pharm\"},\"image\":{\"@id\":\"https:\/\/www.oxypharm.net\/#\/schema\/logo\/image\/\"},\"sameAs\":[\"https:\/\/www.facebook.com\/profile.php?id=100065087790394\",\"https:\/\/x.com\/OxyPharm\",\"https:\/\/www.instagram.com\/oxy_pharm\/\",\"https:\/\/www.linkedin.com\/company\/oxy-pharm\/\",\"https:\/\/www.youtube.com\/channel\/UCwTjwWFZWcMdPPlvkTuiurw\"]}]}<\/script>\n<!-- \/ Yoast SEO plugin. -->","yoast_head_json":{"title":"Con\u00f3zcanos - Oxy&#039;Pharm","robots":{"index":"index","follow":"follow","max-snippet":"max-snippet:-1","max-image-preview":"max-image-preview:large","max-video-preview":"max-video-preview:-1"},"canonical":"https:\/\/www.oxypharm.net\/es\/el-grupo\/conozcanos\/","og_locale":"es_ES","og_type":"article","og_title":"Con\u00f3zcanos - Oxy&#039;Pharm","og_description":"[vc_row full_width=&#8221;stretch_row&#8221; el_class=&#8221;hero&#8221; css=&#8221;.vc_custom_1634551092541{margin-bottom: 65px !important;padding-top: 50px !important;padding-bottom: 0px !important;}&#8221;][vc_column][vc_custom_heading text=&#8221;Con\u00f3zcanos&#8221; font_container=&#8221;tag:h1|text_align:left&#8221; google_fonts=&#8221;font_family:Raleway%3A100%2C200%2C300%2Cregular%2C500%2C600%2C700%2C800%2C900|font_style:900%20bold%20regular%3A900%3Anormal&#8221;][vc_column_text]Inicio &gt; Con\u00f3zcanos[\/vc_column_text][\/vc_column][\/vc_row][vc_row css=&#8221;.vc_custom_1634550143177{margin-top: 30px !important;}&#8221;][vc_column width=&#8221;1\/4&#8243; el_class=&#8221;icon-text&#8221;][vc_icon","og_url":"https:\/\/www.oxypharm.net\/es\/el-grupo\/conozcanos\/","og_site_name":"Oxy&#039;Pharm","article_publisher":"https:\/\/www.facebook.com\/profile.php?id=100065087790394","article_modified_time":"2023-04-14T14:06:49+00:00","twitter_card":"summary_large_image","twitter_site":"@OxyPharm","twitter_misc":{"Est. reading time":"5 minutes"},"schema":{"@context":"https:\/\/schema.org","@graph":[{"@type":"WebPage","@id":"https:\/\/www.oxypharm.net\/es\/el-grupo\/conozcanos\/","url":"https:\/\/www.oxypharm.net\/es\/el-grupo\/conozcanos\/","name":"Con\u00f3zcanos - Oxy&#039;Pharm","isPartOf":{"@id":"https:\/\/www.oxypharm.net\/#website"},"datePublished":"2022-09-26T11:50:59+00:00","dateModified":"2023-04-14T14:06:49+00:00","breadcrumb":{"@id":"https:\/\/www.oxypharm.net\/es\/el-grupo\/conozcanos\/#breadcrumb"},"inLanguage":"es-ES","potentialAction":[{"@type":"ReadAction","target":["https:\/\/www.oxypharm.net\/es\/el-grupo\/conozcanos\/"]}]},{"@type":"BreadcrumbList","@id":"https:\/\/www.oxypharm.net\/es\/el-grupo\/conozcanos\/#breadcrumb","itemListElement":[{"@type":"ListItem","position":1,"name":"Accueil","item":"https:\/\/www.oxypharm.net\/es\/"},{"@type":"ListItem","position":2,"name":"El Grupo","item":"https:\/\/www.oxypharm.net\/es\/el-grupo\/"},{"@type":"ListItem","position":3,"name":"Con\u00f3zcanos"}]},{"@type":"WebSite","@id":"https:\/\/www.oxypharm.net\/#website","url":"https:\/\/www.oxypharm.net\/","name":"Oxy&#039;Pharm","description":"","publisher":{"@id":"https:\/\/www.oxypharm.net\/#organization"},"potentialAction":[{"@type":"SearchAction","target":{"@type":"EntryPoint","urlTemplate":"https:\/\/www.oxypharm.net\/?s={search_term_string}"},"query-input":{"@type":"PropertyValueSpecification","valueRequired":true,"valueName":"search_term_string"}}],"inLanguage":"es-ES"},{"@type":"Organization","@id":"https:\/\/www.oxypharm.net\/#organization","name":"Oxy'pharm","alternateName":"Oxypharm","url":"https:\/\/www.oxypharm.net\/","logo":{"@type":"ImageObject","inLanguage":"es-ES","@id":"https:\/\/www.oxypharm.net\/#\/schema\/logo\/image\/","url":"https:\/\/www.oxypharm.net\/wp-content\/uploads\/2023\/06\/Logo-Medtradex-Oxypharm.jpg","contentUrl":"https:\/\/www.oxypharm.net\/wp-content\/uploads\/2023\/06\/Logo-Medtradex-Oxypharm.jpg","width":500,"height":500,"caption":"Oxy'pharm"},"image":{"@id":"https:\/\/www.oxypharm.net\/#\/schema\/logo\/image\/"},"sameAs":["https:\/\/www.facebook.com\/profile.php?id=100065087790394","https:\/\/x.com\/OxyPharm","https:\/\/www.instagram.com\/oxy_pharm\/","https:\/\/www.linkedin.com\/company\/oxy-pharm\/","https:\/\/www.youtube.com\/channel\/UCwTjwWFZWcMdPPlvkTuiurw"]}]}},"_links":{"self":[{"href":"https:\/\/www.oxypharm.net\/es\/wp-json\/wp\/v2\/pages\/9440","targetHints":{"allow":["GET"]}}],"collection":[{"href":"https:\/\/www.oxypharm.net\/es\/wp-json\/wp\/v2\/pages"}],"about":[{"href":"https:\/\/www.oxypharm.net\/es\/wp-json\/wp\/v2\/types\/page"}],"author":[{"embeddable":true,"href":"https:\/\/www.oxypharm.net\/es\/wp-json\/wp\/v2\/users\/1"}],"replies":[{"embeddable":true,"href":"https:\/\/www.oxypharm.net\/es\/wp-json\/wp\/v2\/comments?post=9440"}],"version-history":[{"count":3,"href":"https:\/\/www.oxypharm.net\/es\/wp-json\/wp\/v2\/pages\/9440\/revisions"}],"predecessor-version":[{"id":12572,"href":"https:\/\/www.oxypharm.net\/es\/wp-json\/wp\/v2\/pages\/9440\/revisions\/12572"}],"up":[{"embeddable":true,"href":"https:\/\/www.oxypharm.net\/es\/wp-json\/wp\/v2\/pages\/9398"}],"wp:attachment":[{"href":"https:\/\/www.oxypharm.net\/es\/wp-json\/wp\/v2\/media?parent=9440"}],"curies":[{"name":"wp","href":"https:\/\/api.w.org\/{rel}","templated":true}]}}