{"id":9386,"date":"2022-09-26T11:50:52","date_gmt":"2022-09-26T11:50:52","guid":{"rendered":"https:\/\/preprod.oxypharm.net\/soluciones\/"},"modified":"2023-04-24T14:05:07","modified_gmt":"2023-04-24T14:05:07","slug":"soluciones","status":"publish","type":"page","link":"https:\/\/www.oxypharm.net\/es\/soluciones\/","title":{"rendered":"Soluciones"},"content":{"rendered":"<div class=\"wpb-content-wrapper\"><p>[vc_row full_width=&#8221;stretch_row&#8221; el_class=&#8221;hero&#8221; css=&#8221;.vc_custom_1633650128982{margin-bottom: 85px !important;padding-top: 50px !important;padding-bottom: 0px !important;}&#8221;][vc_column][vc_custom_heading text=&#8221;Soluciones&#8221; font_container=&#8221;tag:h1|text_align:left&#8221; google_fonts=&#8221;font_family:Raleway%3A100%2C200%2C300%2Cregular%2C500%2C600%2C700%2C800%2C900|font_style:800%20bold%20regular%3A800%3Anormal&#8221;][vc_column_text]<a href=\"\/\">Inicio<\/a> >\u00a0Soluciones[\/vc_column_text][\/vc_column][\/vc_row][vc_row css=&#8221;.vc_custom_1633691414582{margin-bottom: 35px !important;}&#8221;][vc_column][vc_column_text]<\/p>\n<h3>Soluciones adaptadas a sus necesidades<\/h3>\n<p>[\/vc_column_text][vc_column_text el_class=&#8221;intro&#8221;]La Covid-19 ha permitido que no nos olvidemos de la importancia de las cuestiones sanitarias y de la necesidad de luchar cada d\u00eda contra los muchos tipos de contaminaci\u00f3n existentes, as\u00ed como de luchar contra la contaminaci\u00f3n que pudiera surgir en el futuro. El grupo Oxy\u2019Pharm, experto desde 2003 en la higiene denominada \u00abecol\u00f3gica\u00bb, se compromete a apoyar al conjunto de los profesionales, independientemente de cu\u00e1l sea su sector de actividad, ayud\u00e1ndolos a poner en marcha soluciones de higiene sostenible.<br \/>\n\u2028<br \/>\n\u2028[\/vc_column_text][\/vc_column][\/vc_row][vc_row][vc_column]<div class=\"templatera_shortcode\"><div class=\"vc_row wpb_row vc_row-fluid vc_custom_1644231641810 vc_row-has-fill vc_column-gap-15 vc_row-o-equal-height vc_row-flex mpc-row\"><div class=\"oxypharm-grid-col-4 wpb_animate_when_almost_visible wpb_fadeIn fadeIn wpb_column vc_column_container vc_col-sm-4 vc_col-has-fill mpc-column\" data-column-id=\"mpc_column-1469dc3a5144de4\"><div class=\"vc_column-inner vc_custom_1644234431773\"><div class=\"wpb_wrapper\">\n\t<div class=\"wpb_single_image wpb_content_element vc_align_left wpb_content_element vc_custom_1644460760062\">\n\t\t\n\t\t<figure class=\"wpb_wrapper vc_figure\">\n\t\t\t<div class=\"vc_single_image-wrapper   vc_box_border_grey\"><img loading=\"lazy\" decoding=\"async\" width=\"1000\" height=\"410\" src=\"https:\/\/www.oxypharm.net\/wp-content\/uploads\/2022\/01\/gradient_xl.png\" class=\"vc_single_image-img attachment-full\" alt=\"\" title=\"gradient_xl\" srcset=\"https:\/\/www.oxypharm.net\/wp-content\/uploads\/2022\/01\/gradient_xl.png 1000w, https:\/\/www.oxypharm.net\/wp-content\/uploads\/2022\/01\/gradient_xl-300x123.png 300w\" sizes=\"auto, (max-width: 1000px) 100vw, 1000px\"><\/div>\n\t\t<\/figure>\n\t<\/div>\n\n\t<div class=\"wpb_single_image wpb_content_element vc_align_left wpb_content_element vc_custom_1644454446539  oxypharm-grid-hover\">\n\t\t\n\t\t<figure class=\"wpb_wrapper vc_figure\">\n\t\t\t<a href=\"\/nos-solutions\/desinfection\/\" target=\"_self\" class=\"vc_single_image-wrapper   vc_box_border_grey\"><img decoding=\"async\" class=\"vc_img-placeholder vc_single_image-img\" src=\"https:\/\/www.oxypharm.net\/wp-content\/plugins\/js_composer\/assets\/vc\/no_image.png\"><\/a>\n\t\t<\/figure>\n\t<\/div>\n\n\t<div class=\"wpb_text_column wpb_content_element oxypharm-grid-inner-row\">\n\t\t<div class=\"wpb_wrapper\">\n\t\t\t<h3>Desinfecci&oacute;n<\/h3>\n<div class=\"btn-more\"><button name=\"Hover\" type=\"button\">M&aacute;s informaci&oacute;n<\/button><\/div>\n\n\t\t<\/div>\n\t<\/div>\n\n\t<div class=\"wpb_text_column wpb_content_element oxypharm-grid-inner-row-hover\">\n\t\t<div class=\"wpb_wrapper\">\n\t\t\t<h3>Desinfecci&oacute;n<\/h3>\n<p class=\"oxypharma-grid-cell-content\" style=\"color: #ffffff;\">Descubra los aparatos de biodesinfecci&oacute;n. Utilizados con una gama de productos desinfectantes, garantizan la desinfecci&oacute;n automatizada de las superficies.<\/p>\n<div class=\"btn-more\"><button name=\"Hover\" type=\"button\">M&aacute;s informaci&oacute;n<\/button><\/div>\n\n\t\t<\/div>\n\t<\/div>\n<\/div><\/div><\/div><div class=\"oxypharm-grid-col-4 wpb_animate_when_almost_visible wpb_fadeIn fadeIn wpb_column vc_column_container vc_col-sm-4 vc_col-has-fill mpc-column\" data-column-id=\"mpc_column-8669dc3a51455af\"><div class=\"vc_column-inner vc_custom_1644234449967\"><div class=\"wpb_wrapper\">\n\t<div class=\"wpb_single_image wpb_content_element vc_align_left wpb_content_element vc_custom_1644460760062\">\n\t\t\n\t\t<figure class=\"wpb_wrapper vc_figure\">\n\t\t\t<div class=\"vc_single_image-wrapper   vc_box_border_grey\"><img loading=\"lazy\" decoding=\"async\" width=\"1000\" height=\"410\" src=\"https:\/\/www.oxypharm.net\/wp-content\/uploads\/2022\/01\/gradient_xl.png\" class=\"vc_single_image-img attachment-full\" alt=\"\" title=\"gradient_xl\" srcset=\"https:\/\/www.oxypharm.net\/wp-content\/uploads\/2022\/01\/gradient_xl.png 1000w, https:\/\/www.oxypharm.net\/wp-content\/uploads\/2022\/01\/gradient_xl-300x123.png 300w\" sizes=\"auto, (max-width: 1000px) 100vw, 1000px\"><\/div>\n\t\t<\/figure>\n\t<\/div>\n\n\t<div class=\"wpb_single_image wpb_content_element vc_align_left wpb_content_element vc_custom_1662731824215  oxypharm-grid-hover\">\n\t\t\n\t\t<figure class=\"wpb_wrapper vc_figure\">\n\t\t\t<a href=\"\/nos-solutions\/desinsectisation-desodorisation\/\" target=\"_self\" class=\"vc_single_image-wrapper   vc_box_border_grey\"><img decoding=\"async\" class=\"vc_img-placeholder vc_single_image-img\" src=\"https:\/\/www.oxypharm.net\/wp-content\/plugins\/js_composer\/assets\/vc\/no_image.png\"><\/a>\n\t\t<\/figure>\n\t<\/div>\n\n\t<div class=\"wpb_text_column wpb_content_element vc_custom_1649943811578 oxypharm-grid-inner-row\">\n\t\t<div class=\"wpb_wrapper\">\n\t\t\t<h3>Desinsectaci&oacute;n<br>\ny desodorante<\/h3>\n<div class=\"btn-more\"><button name=\"Hover\" type=\"button\">M&aacute;s informaci&oacute;n<\/button><\/div>\n\n\t\t<\/div>\n\t<\/div>\n\n\t<div class=\"wpb_text_column wpb_content_element vc_custom_1662731864094 oxypharm-grid-inner-row-hover\">\n\t\t<div class=\"wpb_wrapper\">\n\t\t\t<h3>Desinsectaci&oacute;n<br>\ny desodorante<\/h3>\n<p class=\"oxypharma-grid-cell-content\" style=\"color: #ffffff;\">&iquest;C&oacute;mo nos podemos deshacer de los malos olores nocivos? Descubra los aparatos automatizados de difusi&oacute;n con una gama de productos desodorantes o insecticidas.<\/p>\n<div class=\"btn-more\"><button name=\"Hover\" type=\"button\">M&aacute;s informaci&oacute;n<\/button><\/div>\n\n\t\t<\/div>\n\t<\/div>\n<\/div><\/div><\/div><div class=\"oxypharm-grid-col-4 wpb_animate_when_almost_visible wpb_fadeIn fadeIn wpb_column vc_column_container vc_col-sm-4 vc_col-has-fill mpc-column\" data-column-id=\"mpc_column-669dc3a5145d07\"><div class=\"vc_column-inner vc_custom_1644234483302\"><div class=\"wpb_wrapper\">\n\t<div class=\"wpb_single_image wpb_content_element vc_align_left wpb_content_element vc_custom_1644460760062\">\n\t\t\n\t\t<figure class=\"wpb_wrapper vc_figure\">\n\t\t\t<div class=\"vc_single_image-wrapper   vc_box_border_grey\"><img loading=\"lazy\" decoding=\"async\" width=\"1000\" height=\"410\" src=\"https:\/\/www.oxypharm.net\/wp-content\/uploads\/2022\/01\/gradient_xl.png\" class=\"vc_single_image-img attachment-full\" alt=\"\" title=\"gradient_xl\" srcset=\"https:\/\/www.oxypharm.net\/wp-content\/uploads\/2022\/01\/gradient_xl.png 1000w, https:\/\/www.oxypharm.net\/wp-content\/uploads\/2022\/01\/gradient_xl-300x123.png 300w\" sizes=\"auto, (max-width: 1000px) 100vw, 1000px\"><\/div>\n\t\t<\/figure>\n\t<\/div>\n\n\t<div class=\"wpb_single_image wpb_content_element vc_align_left wpb_content_element vc_custom_1662997816587  oxypharm-grid-hover\">\n\t\t\n\t\t<figure class=\"wpb_wrapper vc_figure\">\n\t\t\t<a href=\"https:\/\/www.oxypharm.net\/nos-solutions\/nettoyage-manuel-et-desinfection\/\" target=\"_self\" class=\"vc_single_image-wrapper   vc_box_border_grey\"><img decoding=\"async\" class=\"vc_img-placeholder vc_single_image-img\" src=\"https:\/\/www.oxypharm.net\/wp-content\/plugins\/js_composer\/assets\/vc\/no_image.png\"><\/a>\n\t\t<\/figure>\n\t<\/div>\n\n\t<div class=\"wpb_text_column wpb_content_element vc_custom_1662997759370 oxypharm-grid-inner-row\">\n\t\t<div class=\"wpb_wrapper\">\n\t\t\t<h3>Limpieza manual y<br>\ndesinfecci&oacute;n<\/h3>\n<div class=\"btn-more\"><a href=\"https:\/\/www.oxypharm.net\/nos-solutions\/nettoyage-manuel-et-desinfection\/\"><button name=\"Hover\" type=\"button\">M&aacute;s informaci&oacute;n<\/button><\/a><\/div>\n\n\t\t<\/div>\n\t<\/div>\n\n\t<div class=\"wpb_text_column wpb_content_element vc_custom_1682345057798 oxypharm-grid-inner-row-hover\">\n\t\t<div class=\"wpb_wrapper\">\n\t\t\t<h3>Limpieza manual y<br>\ndesinfecci&oacute;n<\/h3>\n<p class=\"oxypharma-grid-cell-content\" style=\"color: #ffffff;\">La limpieza preliminar es imprescindible para garantizar una higiene &oacute;ptima. Descubra la gama completa de soluciones y accesorios para los tratamientos.<\/p>\n<div class=\"btn-more\"><button name=\"Hover\" type=\"button\">M&aacute;s informaci&oacute;n<\/button><\/div>\n\n\t\t<\/div>\n\t<\/div>\n<\/div><\/div><\/div><div class=\"oxypharm-grid-col-4 wpb_animate_when_almost_visible wpb_fadeIn fadeIn wpb_column vc_column_container vc_col-sm-4 vc_col-has-fill mpc-column\" data-column-id=\"mpc_column-1069dc3a51463fa\"><div class=\"vc_column-inner vc_custom_1644234504136\"><div class=\"wpb_wrapper\">\n\t<div class=\"wpb_single_image wpb_content_element vc_align_left wpb_content_element vc_custom_1644460760062\">\n\t\t\n\t\t<figure class=\"wpb_wrapper vc_figure\">\n\t\t\t<div class=\"vc_single_image-wrapper   vc_box_border_grey\"><img loading=\"lazy\" decoding=\"async\" width=\"1000\" height=\"410\" src=\"https:\/\/www.oxypharm.net\/wp-content\/uploads\/2022\/01\/gradient_xl.png\" class=\"vc_single_image-img attachment-full\" alt=\"\" title=\"gradient_xl\" srcset=\"https:\/\/www.oxypharm.net\/wp-content\/uploads\/2022\/01\/gradient_xl.png 1000w, https:\/\/www.oxypharm.net\/wp-content\/uploads\/2022\/01\/gradient_xl-300x123.png 300w\" sizes=\"auto, (max-width: 1000px) 100vw, 1000px\"><\/div>\n\t\t<\/figure>\n\t<\/div>\n\n\t<div class=\"wpb_single_image wpb_content_element vc_align_left wpb_content_element vc_custom_1644454554164  oxypharm-grid-hover\">\n\t\t\n\t\t<figure class=\"wpb_wrapper vc_figure\">\n\t\t\t<a href=\"\/nos-solutions\/controle-qualite\/\" target=\"_self\" class=\"vc_single_image-wrapper   vc_box_border_grey\"><img decoding=\"async\" class=\"vc_img-placeholder vc_single_image-img\" src=\"https:\/\/www.oxypharm.net\/wp-content\/plugins\/js_composer\/assets\/vc\/no_image.png\"><\/a>\n\t\t<\/figure>\n\t<\/div>\n\n\t<div class=\"wpb_text_column wpb_content_element oxypharm-grid-inner-row\">\n\t\t<div class=\"wpb_wrapper\">\n\t\t\t<h3>Control de calidad y accesorios<\/h3>\n<div class=\"btn-more\"><button name=\"Hover\" type=\"button\">M&aacute;s informaci&oacute;n<\/button><\/div>\n\n\t\t<\/div>\n\t<\/div>\n\n\t<div class=\"wpb_text_column wpb_content_element oxypharm-grid-inner-row-hover\">\n\t\t<div class=\"wpb_wrapper\">\n\t\t\t<h3>Control de calidad y accesorios<\/h3>\n<p class=\"oxypharma-grid-cell-content\"><span style=\"color: #ffffff;\">Descubra las herramientas de control de calidad, para poner a prueba la eficacia de las soluciones propuestas, y la gama diversificada de accesorios para personalizar los tratamientos.<\/span><\/p>\n<div class=\"btn-more\"><button name=\"Hover\" type=\"button\">M&aacute;s informaci&oacute;n<\/button><\/div>\n\n\t\t<\/div>\n\t<\/div>\n<\/div><\/div><\/div><div class=\"oxypharm-grid-col-4 wpb_animate_when_almost_visible wpb_fadeIn fadeIn wpb_column vc_column_container vc_col-sm-4 vc_col-has-fill mpc-column\" data-column-id=\"mpc_column-6369dc3a5146be6\"><div class=\"vc_column-inner vc_custom_1644234514858\"><div class=\"wpb_wrapper\">\n\t<div class=\"wpb_single_image wpb_content_element vc_align_left wpb_content_element vc_custom_1644460760062\">\n\t\t\n\t\t<figure class=\"wpb_wrapper vc_figure\">\n\t\t\t<div class=\"vc_single_image-wrapper   vc_box_border_grey\"><img loading=\"lazy\" decoding=\"async\" width=\"1000\" height=\"410\" src=\"https:\/\/www.oxypharm.net\/wp-content\/uploads\/2022\/01\/gradient_xl.png\" class=\"vc_single_image-img attachment-full\" alt=\"\" title=\"gradient_xl\" srcset=\"https:\/\/www.oxypharm.net\/wp-content\/uploads\/2022\/01\/gradient_xl.png 1000w, https:\/\/www.oxypharm.net\/wp-content\/uploads\/2022\/01\/gradient_xl-300x123.png 300w\" sizes=\"auto, (max-width: 1000px) 100vw, 1000px\"><\/div>\n\t\t<\/figure>\n\t<\/div>\n\n\t<div class=\"wpb_single_image wpb_content_element vc_align_left wpb_content_element vc_custom_1644454578448  oxypharm-grid-hover\">\n\t\t\n\t\t<figure class=\"wpb_wrapper vc_figure\">\n\t\t\t<a href=\"\/nos-solutions\/accessoires\/\" target=\"_self\" class=\"vc_single_image-wrapper   vc_box_border_grey\"><img decoding=\"async\" class=\"vc_img-placeholder vc_single_image-img\" src=\"https:\/\/www.oxypharm.net\/wp-content\/plugins\/js_composer\/assets\/vc\/no_image.png\"><\/a>\n\t\t<\/figure>\n\t<\/div>\n\n\t<div class=\"wpb_text_column wpb_content_element vc_custom_1660294186406 oxypharm-grid-inner-row\">\n\t\t<div class=\"wpb_wrapper\">\n\t\t\t<h3>Limpieza ultras&oacute;nica<\/h3>\n<div class=\"btn-more\"><button name=\"Hover\" type=\"button\">M&aacute;s informaci&oacute;n<\/button><\/div>\n\n\t\t<\/div>\n\t<\/div>\n\n\t<div class=\"wpb_text_column wpb_content_element vc_custom_1660294191717 oxypharm-grid-inner-row-hover\">\n\t\t<div class=\"wpb_wrapper\">\n\t\t\t<h3>Limpieza ultras&oacute;nica<\/h3>\n<p class=\"oxypharma-grid-cell-content\" style=\"color: #ffffff;\">Descubra la gama ampliada de accesorios, completamente adaptada al conjunto de soluciones de higiene propuestas.<\/p>\n<div class=\"btn-more\"><button name=\"Hover\" type=\"button\">M&aacute;s informaci&oacute;n<\/button><\/div>\n\n\t\t<\/div>\n\t<\/div>\n<\/div><\/div><\/div><div class=\"oxypharm-grid-col-4 wpb_animate_when_almost_visible wpb_fadeIn fadeIn wpb_column vc_column_container vc_col-sm-4 vc_col-has-fill mpc-column\" data-column-id=\"mpc_column-5369dc3a514720e\"><div class=\"vc_column-inner vc_custom_1644234523772\"><div class=\"wpb_wrapper\">\n\t<div class=\"wpb_single_image wpb_content_element vc_align_left wpb_content_element vc_custom_1644460760062\">\n\t\t\n\t\t<figure class=\"wpb_wrapper vc_figure\">\n\t\t\t<div class=\"vc_single_image-wrapper   vc_box_border_grey\"><img loading=\"lazy\" decoding=\"async\" width=\"1000\" height=\"410\" src=\"https:\/\/www.oxypharm.net\/wp-content\/uploads\/2022\/01\/gradient_xl.png\" class=\"vc_single_image-img attachment-full\" alt=\"\" title=\"gradient_xl\" srcset=\"https:\/\/www.oxypharm.net\/wp-content\/uploads\/2022\/01\/gradient_xl.png 1000w, https:\/\/www.oxypharm.net\/wp-content\/uploads\/2022\/01\/gradient_xl-300x123.png 300w\" sizes=\"auto, (max-width: 1000px) 100vw, 1000px\"><\/div>\n\t\t<\/figure>\n\t<\/div>\n\n\t<div class=\"wpb_single_image wpb_content_element vc_align_left wpb_content_element vc_custom_1662731983146  oxypharm-grid-hover\">\n\t\t\n\t\t<figure class=\"wpb_wrapper vc_figure\">\n\t\t\t<a href=\"\/es\/oxyserv\/\" target=\"_self\" class=\"vc_single_image-wrapper   vc_box_border_grey\"><img decoding=\"async\" class=\"vc_img-placeholder vc_single_image-img\" src=\"https:\/\/www.oxypharm.net\/wp-content\/plugins\/js_composer\/assets\/vc\/no_image.png\"><\/a>\n\t\t<\/figure>\n\t<\/div>\n<\/div><\/div><\/div><\/div><\/div>[\/vc_column][\/vc_row]<\/p>\n<\/div>","protected":false},"excerpt":{"rendered":"","protected":false},"author":1,"featured_media":0,"parent":0,"menu_order":0,"comment_status":"closed","ping_status":"closed","template":"","meta":{"_acf_changed":false,"footnotes":""},"class_list":["post-9386","page","type-page","status-publish","hentry"],"acf":[],"yoast_head":"<!-- This site is optimized with the Yoast SEO plugin v26.1.1 - https:\/\/yoast.com\/wordpress\/plugins\/seo\/ -->\n<title>Soluciones - Oxy&#039;Pharm<\/title>\n<meta name=\"robots\" content=\"index, follow, max-snippet:-1, max-image-preview:large, max-video-preview:-1\" \/>\n<link rel=\"canonical\" href=\"https:\/\/www.oxypharm.net\/es\/soluciones\/\" \/>\n<meta property=\"og:locale\" content=\"es_ES\" \/>\n<meta property=\"og:type\" content=\"article\" \/>\n<meta property=\"og:title\" content=\"Soluciones - Oxy&#039;Pharm\" \/>\n<meta property=\"og:url\" content=\"https:\/\/www.oxypharm.net\/es\/soluciones\/\" \/>\n<meta property=\"og:site_name\" content=\"Oxy&#039;Pharm\" \/>\n<meta property=\"article:publisher\" content=\"https:\/\/www.facebook.com\/profile.php?id=100065087790394\" \/>\n<meta property=\"article:modified_time\" content=\"2023-04-24T14:05:07+00:00\" \/>\n<meta name=\"twitter:card\" content=\"summary_large_image\" \/>\n<meta name=\"twitter:site\" content=\"@OxyPharm\" \/>\n<meta name=\"twitter:label1\" content=\"Est. reading time\" \/>\n\t<meta name=\"twitter:data1\" content=\"1 minute\" \/>\n<script type=\"application\/ld+json\" class=\"yoast-schema-graph\">{\"@context\":\"https:\/\/schema.org\",\"@graph\":[{\"@type\":\"WebPage\",\"@id\":\"https:\/\/www.oxypharm.net\/es\/soluciones\/\",\"url\":\"https:\/\/www.oxypharm.net\/es\/soluciones\/\",\"name\":\"Soluciones - Oxy&#039;Pharm\",\"isPartOf\":{\"@id\":\"https:\/\/www.oxypharm.net\/#website\"},\"datePublished\":\"2022-09-26T11:50:52+00:00\",\"dateModified\":\"2023-04-24T14:05:07+00:00\",\"breadcrumb\":{\"@id\":\"https:\/\/www.oxypharm.net\/es\/soluciones\/#breadcrumb\"},\"inLanguage\":\"es-ES\",\"potentialAction\":[{\"@type\":\"ReadAction\",\"target\":[\"https:\/\/www.oxypharm.net\/es\/soluciones\/\"]}]},{\"@type\":\"BreadcrumbList\",\"@id\":\"https:\/\/www.oxypharm.net\/es\/soluciones\/#breadcrumb\",\"itemListElement\":[{\"@type\":\"ListItem\",\"position\":1,\"name\":\"Accueil\",\"item\":\"https:\/\/www.oxypharm.net\/es\/\"},{\"@type\":\"ListItem\",\"position\":2,\"name\":\"Soluciones\"}]},{\"@type\":\"WebSite\",\"@id\":\"https:\/\/www.oxypharm.net\/#website\",\"url\":\"https:\/\/www.oxypharm.net\/\",\"name\":\"Oxy&#039;Pharm\",\"description\":\"\",\"publisher\":{\"@id\":\"https:\/\/www.oxypharm.net\/#organization\"},\"potentialAction\":[{\"@type\":\"SearchAction\",\"target\":{\"@type\":\"EntryPoint\",\"urlTemplate\":\"https:\/\/www.oxypharm.net\/?s={search_term_string}\"},\"query-input\":{\"@type\":\"PropertyValueSpecification\",\"valueRequired\":true,\"valueName\":\"search_term_string\"}}],\"inLanguage\":\"es-ES\"},{\"@type\":\"Organization\",\"@id\":\"https:\/\/www.oxypharm.net\/#organization\",\"name\":\"Oxy'pharm\",\"alternateName\":\"Oxypharm\",\"url\":\"https:\/\/www.oxypharm.net\/\",\"logo\":{\"@type\":\"ImageObject\",\"inLanguage\":\"es-ES\",\"@id\":\"https:\/\/www.oxypharm.net\/#\/schema\/logo\/image\/\",\"url\":\"https:\/\/www.oxypharm.net\/wp-content\/uploads\/2023\/06\/Logo-Medtradex-Oxypharm.jpg\",\"contentUrl\":\"https:\/\/www.oxypharm.net\/wp-content\/uploads\/2023\/06\/Logo-Medtradex-Oxypharm.jpg\",\"width\":500,\"height\":500,\"caption\":\"Oxy'pharm\"},\"image\":{\"@id\":\"https:\/\/www.oxypharm.net\/#\/schema\/logo\/image\/\"},\"sameAs\":[\"https:\/\/www.facebook.com\/profile.php?id=100065087790394\",\"https:\/\/x.com\/OxyPharm\",\"https:\/\/www.instagram.com\/oxy_pharm\/\",\"https:\/\/www.linkedin.com\/company\/oxy-pharm\/\",\"https:\/\/www.youtube.com\/channel\/UCwTjwWFZWcMdPPlvkTuiurw\"]}]}<\/script>\n<!-- \/ Yoast SEO plugin. -->","yoast_head_json":{"title":"Soluciones - Oxy&#039;Pharm","robots":{"index":"index","follow":"follow","max-snippet":"max-snippet:-1","max-image-preview":"max-image-preview:large","max-video-preview":"max-video-preview:-1"},"canonical":"https:\/\/www.oxypharm.net\/es\/soluciones\/","og_locale":"es_ES","og_type":"article","og_title":"Soluciones - Oxy&#039;Pharm","og_url":"https:\/\/www.oxypharm.net\/es\/soluciones\/","og_site_name":"Oxy&#039;Pharm","article_publisher":"https:\/\/www.facebook.com\/profile.php?id=100065087790394","article_modified_time":"2023-04-24T14:05:07+00:00","twitter_card":"summary_large_image","twitter_site":"@OxyPharm","twitter_misc":{"Est. reading time":"1 minute"},"schema":{"@context":"https:\/\/schema.org","@graph":[{"@type":"WebPage","@id":"https:\/\/www.oxypharm.net\/es\/soluciones\/","url":"https:\/\/www.oxypharm.net\/es\/soluciones\/","name":"Soluciones - Oxy&#039;Pharm","isPartOf":{"@id":"https:\/\/www.oxypharm.net\/#website"},"datePublished":"2022-09-26T11:50:52+00:00","dateModified":"2023-04-24T14:05:07+00:00","breadcrumb":{"@id":"https:\/\/www.oxypharm.net\/es\/soluciones\/#breadcrumb"},"inLanguage":"es-ES","potentialAction":[{"@type":"ReadAction","target":["https:\/\/www.oxypharm.net\/es\/soluciones\/"]}]},{"@type":"BreadcrumbList","@id":"https:\/\/www.oxypharm.net\/es\/soluciones\/#breadcrumb","itemListElement":[{"@type":"ListItem","position":1,"name":"Accueil","item":"https:\/\/www.oxypharm.net\/es\/"},{"@type":"ListItem","position":2,"name":"Soluciones"}]},{"@type":"WebSite","@id":"https:\/\/www.oxypharm.net\/#website","url":"https:\/\/www.oxypharm.net\/","name":"Oxy&#039;Pharm","description":"","publisher":{"@id":"https:\/\/www.oxypharm.net\/#organization"},"potentialAction":[{"@type":"SearchAction","target":{"@type":"EntryPoint","urlTemplate":"https:\/\/www.oxypharm.net\/?s={search_term_string}"},"query-input":{"@type":"PropertyValueSpecification","valueRequired":true,"valueName":"search_term_string"}}],"inLanguage":"es-ES"},{"@type":"Organization","@id":"https:\/\/www.oxypharm.net\/#organization","name":"Oxy'pharm","alternateName":"Oxypharm","url":"https:\/\/www.oxypharm.net\/","logo":{"@type":"ImageObject","inLanguage":"es-ES","@id":"https:\/\/www.oxypharm.net\/#\/schema\/logo\/image\/","url":"https:\/\/www.oxypharm.net\/wp-content\/uploads\/2023\/06\/Logo-Medtradex-Oxypharm.jpg","contentUrl":"https:\/\/www.oxypharm.net\/wp-content\/uploads\/2023\/06\/Logo-Medtradex-Oxypharm.jpg","width":500,"height":500,"caption":"Oxy'pharm"},"image":{"@id":"https:\/\/www.oxypharm.net\/#\/schema\/logo\/image\/"},"sameAs":["https:\/\/www.facebook.com\/profile.php?id=100065087790394","https:\/\/x.com\/OxyPharm","https:\/\/www.instagram.com\/oxy_pharm\/","https:\/\/www.linkedin.com\/company\/oxy-pharm\/","https:\/\/www.youtube.com\/channel\/UCwTjwWFZWcMdPPlvkTuiurw"]}]}},"_links":{"self":[{"href":"https:\/\/www.oxypharm.net\/es\/wp-json\/wp\/v2\/pages\/9386","targetHints":{"allow":["GET"]}}],"collection":[{"href":"https:\/\/www.oxypharm.net\/es\/wp-json\/wp\/v2\/pages"}],"about":[{"href":"https:\/\/www.oxypharm.net\/es\/wp-json\/wp\/v2\/types\/page"}],"author":[{"embeddable":true,"href":"https:\/\/www.oxypharm.net\/es\/wp-json\/wp\/v2\/users\/1"}],"replies":[{"embeddable":true,"href":"https:\/\/www.oxypharm.net\/es\/wp-json\/wp\/v2\/comments?post=9386"}],"version-history":[{"count":2,"href":"https:\/\/www.oxypharm.net\/es\/wp-json\/wp\/v2\/pages\/9386\/revisions"}],"predecessor-version":[{"id":13840,"href":"https:\/\/www.oxypharm.net\/es\/wp-json\/wp\/v2\/pages\/9386\/revisions\/13840"}],"wp:attachment":[{"href":"https:\/\/www.oxypharm.net\/es\/wp-json\/wp\/v2\/media?parent=9386"}],"curies":[{"name":"wp","href":"https:\/\/api.w.org\/{rel}","templated":true}]}}