{"id":9380,"date":"2022-09-26T11:50:51","date_gmt":"2022-09-26T11:50:51","guid":{"rendered":"https:\/\/preprod.oxypharm.net\/prestacion-de-desinfeccion\/"},"modified":"2022-09-26T14:20:31","modified_gmt":"2022-09-26T14:20:31","slug":"prestacion-de-desinfeccion","status":"publish","type":"page","link":"https:\/\/www.oxypharm.net\/es\/soluciones\/prestacion-de-desinfeccion\/","title":{"rendered":"Prestaci\u00f3n de desinfecci\u00f3n"},"content":{"rendered":"<div class=\"wpb-content-wrapper\"><p>[vc_row full_width=&#8221;stretch_row&#8221; el_class=&#8221;hero&#8221; css=&#8221;.vc_custom_1633983592847{margin-bottom: 85px !important;padding-top: 50px !important;padding-bottom: 0px !important;}&#8221;][vc_column][vc_custom_heading text=&#8221;Prestaci\u00f3n de desinfecci\u00f3n&#8221; font_container=&#8221;tag:h1|text_align:left&#8221; google_fonts=&#8221;font_family:Raleway%3A100%2C200%2C300%2Cregular%2C500%2C600%2C700%2C800%2C900|font_style:900%20bold%20regular%3A900%3Anormal&#8221; css=&#8221;.vc_custom_1643212039694{margin-bottom: 10px !important;}&#8221;][vc_column_text]<a href=\"\/\">Inicio<\/a> >\u00a0<a href=\"https:\/\/www.oxypharm.net\/es\/soluciones\/\">Nuestras soluciones<\/a> > Prestaci\u00f3n de desinfecci\u00f3n[\/vc_column_text][\/vc_column][\/vc_row][vc_row css=&#8221;.vc_custom_1635199345228{margin-bottom: 60px !important;}&#8221;][vc_column][vc_custom_heading text=&#8221;Servicio de intervenci\u00f3n en desinfecci\u00f3n y desinsectaci\u00f3n &#8221; font_container=&#8221;tag:h2|text_align:left|color:%232a3d50&#8243; google_fonts=&#8221;font_family:Raleway%3A100%2C200%2C300%2Cregular%2C500%2C600%2C700%2C800%2C900|font_style:900%20bold%20regular%3A900%3Anormal&#8221;][\/vc_column][\/vc_row][vc_row][vc_column][vc_column_text]<\/p>\n<p class=\"p1\">Debido a la demanda de prestaci\u00f3n de los servicios correspondientes por parte de los clientes de Oxy\u2019Pharm, Oxy\u2019Serv ofrece intervenir en cualquier solicitud relacionada con un problema de desinfecci\u00f3n y desinsectaci\u00f3n (cucarachas, chinches, etc.), tanto para profesionales como para particulares.<\/p>\n<p class=\"p1\">Adem\u00e1s de ofrecer un servicio de intervenci\u00f3n, Oxy\u2019Serv se ha comprometido a despertar la conciencia colectiva en cuanto al respeto del desarrollo sostenible.<\/p>\n<p>[\/vc_column_text][\/vc_column][\/vc_row][vc_row][vc_column][\/vc_column][\/vc_row][vc_row css=&#8221;.vc_custom_1635200233111{margin-bottom: 30px !important;}&#8221;][vc_column][vc_custom_heading text=&#8221;Sectores de actividad&#8221; font_container=&#8221;tag:h2|text_align:left|color:%232a3d50&#8243; google_fonts=&#8221;font_family:Raleway%3A100%2C200%2C300%2Cregular%2C500%2C600%2C700%2C800%2C900|font_style:900%20bold%20regular%3A900%3Anormal&#8221;][\/vc_column][\/vc_row][vc_row full_width=&#8221;stretch_row&#8221; css=&#8221;.vc_custom_1635200385994{background-color: #e8e8e8 !important;}&#8221;][vc_column][\/vc_column][\/vc_row][vc_row full_width=&#8221;stretch_row&#8221; css=&#8221;.vc_custom_1635200458316{background-color: #e8e8e8 !important;}&#8221;][vc_column css=&#8221;.vc_custom_1635200432893{padding-top: 0px !important;}&#8221;][\/vc_column][\/vc_row][vc_row full_width=&#8221;stretch_row&#8221; css=&#8221;.vc_custom_1635200553758{padding-bottom: 35px !important;background-color: #e8e8e8 !important;}&#8221;][vc_column css=&#8221;.vc_custom_1635200480969{padding-top: 0px !important;}&#8221;][\/vc_column][\/vc_row]<\/p>\n<\/div>","protected":false},"excerpt":{"rendered":"","protected":false},"author":1,"featured_media":0,"parent":9386,"menu_order":0,"comment_status":"closed","ping_status":"closed","template":"","meta":{"_acf_changed":false,"footnotes":""},"class_list":["post-9380","page","type-page","status-publish","hentry"],"acf":[],"yoast_head":"<!-- This site is optimized with the Yoast SEO plugin v26.1.1 - https:\/\/yoast.com\/wordpress\/plugins\/seo\/ -->\n<title>Prestaci\u00f3n de desinfecci\u00f3n - Oxy&#039;Pharm<\/title>\n<meta name=\"robots\" content=\"index, follow, max-snippet:-1, max-image-preview:large, max-video-preview:-1\" \/>\n<link rel=\"canonical\" href=\"https:\/\/www.oxypharm.net\/es\/soluciones\/prestacion-de-desinfeccion\/\" \/>\n<meta property=\"og:locale\" content=\"es_ES\" \/>\n<meta property=\"og:type\" content=\"article\" \/>\n<meta property=\"og:title\" content=\"Prestaci\u00f3n de desinfecci\u00f3n - Oxy&#039;Pharm\" \/>\n<meta property=\"og:url\" content=\"https:\/\/www.oxypharm.net\/es\/soluciones\/prestacion-de-desinfeccion\/\" \/>\n<meta property=\"og:site_name\" content=\"Oxy&#039;Pharm\" \/>\n<meta property=\"article:publisher\" content=\"https:\/\/www.facebook.com\/profile.php?id=100065087790394\" \/>\n<meta property=\"article:modified_time\" content=\"2022-09-26T14:20:31+00:00\" \/>\n<meta name=\"twitter:card\" content=\"summary_large_image\" \/>\n<meta name=\"twitter:site\" content=\"@OxyPharm\" \/>\n<meta name=\"twitter:label1\" content=\"Est. reading time\" \/>\n\t<meta name=\"twitter:data1\" content=\"2 minutes\" \/>\n<script type=\"application\/ld+json\" class=\"yoast-schema-graph\">{\"@context\":\"https:\/\/schema.org\",\"@graph\":[{\"@type\":\"WebPage\",\"@id\":\"https:\/\/www.oxypharm.net\/es\/soluciones\/prestacion-de-desinfeccion\/\",\"url\":\"https:\/\/www.oxypharm.net\/es\/soluciones\/prestacion-de-desinfeccion\/\",\"name\":\"Prestaci\u00f3n de desinfecci\u00f3n - Oxy&#039;Pharm\",\"isPartOf\":{\"@id\":\"https:\/\/www.oxypharm.net\/#website\"},\"datePublished\":\"2022-09-26T11:50:51+00:00\",\"dateModified\":\"2022-09-26T14:20:31+00:00\",\"breadcrumb\":{\"@id\":\"https:\/\/www.oxypharm.net\/es\/soluciones\/prestacion-de-desinfeccion\/#breadcrumb\"},\"inLanguage\":\"es-ES\",\"potentialAction\":[{\"@type\":\"ReadAction\",\"target\":[\"https:\/\/www.oxypharm.net\/es\/soluciones\/prestacion-de-desinfeccion\/\"]}]},{\"@type\":\"BreadcrumbList\",\"@id\":\"https:\/\/www.oxypharm.net\/es\/soluciones\/prestacion-de-desinfeccion\/#breadcrumb\",\"itemListElement\":[{\"@type\":\"ListItem\",\"position\":1,\"name\":\"Accueil\",\"item\":\"https:\/\/www.oxypharm.net\/es\/\"},{\"@type\":\"ListItem\",\"position\":2,\"name\":\"Soluciones\",\"item\":\"https:\/\/www.oxypharm.net\/es\/soluciones\/\"},{\"@type\":\"ListItem\",\"position\":3,\"name\":\"Prestaci\u00f3n de desinfecci\u00f3n\"}]},{\"@type\":\"WebSite\",\"@id\":\"https:\/\/www.oxypharm.net\/#website\",\"url\":\"https:\/\/www.oxypharm.net\/\",\"name\":\"Oxy&#039;Pharm\",\"description\":\"\",\"publisher\":{\"@id\":\"https:\/\/www.oxypharm.net\/#organization\"},\"potentialAction\":[{\"@type\":\"SearchAction\",\"target\":{\"@type\":\"EntryPoint\",\"urlTemplate\":\"https:\/\/www.oxypharm.net\/?s={search_term_string}\"},\"query-input\":{\"@type\":\"PropertyValueSpecification\",\"valueRequired\":true,\"valueName\":\"search_term_string\"}}],\"inLanguage\":\"es-ES\"},{\"@type\":\"Organization\",\"@id\":\"https:\/\/www.oxypharm.net\/#organization\",\"name\":\"Oxy'pharm\",\"alternateName\":\"Oxypharm\",\"url\":\"https:\/\/www.oxypharm.net\/\",\"logo\":{\"@type\":\"ImageObject\",\"inLanguage\":\"es-ES\",\"@id\":\"https:\/\/www.oxypharm.net\/#\/schema\/logo\/image\/\",\"url\":\"https:\/\/www.oxypharm.net\/wp-content\/uploads\/2023\/06\/Logo-Medtradex-Oxypharm.jpg\",\"contentUrl\":\"https:\/\/www.oxypharm.net\/wp-content\/uploads\/2023\/06\/Logo-Medtradex-Oxypharm.jpg\",\"width\":500,\"height\":500,\"caption\":\"Oxy'pharm\"},\"image\":{\"@id\":\"https:\/\/www.oxypharm.net\/#\/schema\/logo\/image\/\"},\"sameAs\":[\"https:\/\/www.facebook.com\/profile.php?id=100065087790394\",\"https:\/\/x.com\/OxyPharm\",\"https:\/\/www.instagram.com\/oxy_pharm\/\",\"https:\/\/www.linkedin.com\/company\/oxy-pharm\/\",\"https:\/\/www.youtube.com\/channel\/UCwTjwWFZWcMdPPlvkTuiurw\"]}]}<\/script>\n<!-- \/ Yoast SEO plugin. -->","yoast_head_json":{"title":"Prestaci\u00f3n de desinfecci\u00f3n - Oxy&#039;Pharm","robots":{"index":"index","follow":"follow","max-snippet":"max-snippet:-1","max-image-preview":"max-image-preview:large","max-video-preview":"max-video-preview:-1"},"canonical":"https:\/\/www.oxypharm.net\/es\/soluciones\/prestacion-de-desinfeccion\/","og_locale":"es_ES","og_type":"article","og_title":"Prestaci\u00f3n de desinfecci\u00f3n - Oxy&#039;Pharm","og_url":"https:\/\/www.oxypharm.net\/es\/soluciones\/prestacion-de-desinfeccion\/","og_site_name":"Oxy&#039;Pharm","article_publisher":"https:\/\/www.facebook.com\/profile.php?id=100065087790394","article_modified_time":"2022-09-26T14:20:31+00:00","twitter_card":"summary_large_image","twitter_site":"@OxyPharm","twitter_misc":{"Est. reading time":"2 minutes"},"schema":{"@context":"https:\/\/schema.org","@graph":[{"@type":"WebPage","@id":"https:\/\/www.oxypharm.net\/es\/soluciones\/prestacion-de-desinfeccion\/","url":"https:\/\/www.oxypharm.net\/es\/soluciones\/prestacion-de-desinfeccion\/","name":"Prestaci\u00f3n de desinfecci\u00f3n - Oxy&#039;Pharm","isPartOf":{"@id":"https:\/\/www.oxypharm.net\/#website"},"datePublished":"2022-09-26T11:50:51+00:00","dateModified":"2022-09-26T14:20:31+00:00","breadcrumb":{"@id":"https:\/\/www.oxypharm.net\/es\/soluciones\/prestacion-de-desinfeccion\/#breadcrumb"},"inLanguage":"es-ES","potentialAction":[{"@type":"ReadAction","target":["https:\/\/www.oxypharm.net\/es\/soluciones\/prestacion-de-desinfeccion\/"]}]},{"@type":"BreadcrumbList","@id":"https:\/\/www.oxypharm.net\/es\/soluciones\/prestacion-de-desinfeccion\/#breadcrumb","itemListElement":[{"@type":"ListItem","position":1,"name":"Accueil","item":"https:\/\/www.oxypharm.net\/es\/"},{"@type":"ListItem","position":2,"name":"Soluciones","item":"https:\/\/www.oxypharm.net\/es\/soluciones\/"},{"@type":"ListItem","position":3,"name":"Prestaci\u00f3n de desinfecci\u00f3n"}]},{"@type":"WebSite","@id":"https:\/\/www.oxypharm.net\/#website","url":"https:\/\/www.oxypharm.net\/","name":"Oxy&#039;Pharm","description":"","publisher":{"@id":"https:\/\/www.oxypharm.net\/#organization"},"potentialAction":[{"@type":"SearchAction","target":{"@type":"EntryPoint","urlTemplate":"https:\/\/www.oxypharm.net\/?s={search_term_string}"},"query-input":{"@type":"PropertyValueSpecification","valueRequired":true,"valueName":"search_term_string"}}],"inLanguage":"es-ES"},{"@type":"Organization","@id":"https:\/\/www.oxypharm.net\/#organization","name":"Oxy'pharm","alternateName":"Oxypharm","url":"https:\/\/www.oxypharm.net\/","logo":{"@type":"ImageObject","inLanguage":"es-ES","@id":"https:\/\/www.oxypharm.net\/#\/schema\/logo\/image\/","url":"https:\/\/www.oxypharm.net\/wp-content\/uploads\/2023\/06\/Logo-Medtradex-Oxypharm.jpg","contentUrl":"https:\/\/www.oxypharm.net\/wp-content\/uploads\/2023\/06\/Logo-Medtradex-Oxypharm.jpg","width":500,"height":500,"caption":"Oxy'pharm"},"image":{"@id":"https:\/\/www.oxypharm.net\/#\/schema\/logo\/image\/"},"sameAs":["https:\/\/www.facebook.com\/profile.php?id=100065087790394","https:\/\/x.com\/OxyPharm","https:\/\/www.instagram.com\/oxy_pharm\/","https:\/\/www.linkedin.com\/company\/oxy-pharm\/","https:\/\/www.youtube.com\/channel\/UCwTjwWFZWcMdPPlvkTuiurw"]}]}},"_links":{"self":[{"href":"https:\/\/www.oxypharm.net\/es\/wp-json\/wp\/v2\/pages\/9380","targetHints":{"allow":["GET"]}}],"collection":[{"href":"https:\/\/www.oxypharm.net\/es\/wp-json\/wp\/v2\/pages"}],"about":[{"href":"https:\/\/www.oxypharm.net\/es\/wp-json\/wp\/v2\/types\/page"}],"author":[{"embeddable":true,"href":"https:\/\/www.oxypharm.net\/es\/wp-json\/wp\/v2\/users\/1"}],"replies":[{"embeddable":true,"href":"https:\/\/www.oxypharm.net\/es\/wp-json\/wp\/v2\/comments?post=9380"}],"version-history":[{"count":1,"href":"https:\/\/www.oxypharm.net\/es\/wp-json\/wp\/v2\/pages\/9380\/revisions"}],"predecessor-version":[{"id":10035,"href":"https:\/\/www.oxypharm.net\/es\/wp-json\/wp\/v2\/pages\/9380\/revisions\/10035"}],"up":[{"embeddable":true,"href":"https:\/\/www.oxypharm.net\/es\/wp-json\/wp\/v2\/pages\/9386"}],"wp:attachment":[{"href":"https:\/\/www.oxypharm.net\/es\/wp-json\/wp\/v2\/media?parent=9380"}],"curies":[{"name":"wp","href":"https:\/\/api.w.org\/{rel}","templated":true}]}}