{"id":11218,"date":"2023-01-09T16:06:31","date_gmt":"2023-01-09T16:06:31","guid":{"rendered":"https:\/\/preprod.oxypharm.net\/menciones-legales\/"},"modified":"2023-01-09T16:06:31","modified_gmt":"2023-01-09T16:06:31","slug":"menciones-legales","status":"publish","type":"page","link":"https:\/\/www.oxypharm.net\/es\/menciones-legales\/","title":{"rendered":"Menciones legales"},"content":{"rendered":"<div class=\"wpb-content-wrapper\"><p>[vc_row full_width=&#8221;stretch_row&#8221; el_class=&#8221;hero&#8221; css=&#8221;.vc_custom_1633983640714{margin-bottom: 85px !important;padding-top: 50px !important;padding-bottom: 0px !important;}&#8221;][vc_column][vc_custom_heading text=&#8221;Menciones legales&#8221; font_container=&#8221;tag:h1|font_size:70|text_align:left|line_height:55px&#8221; google_fonts=&#8221;font_family:Raleway%3A100%2C200%2C300%2Cregular%2C500%2C600%2C700%2C800%2C900|font_style:800%20bold%20regular%3A800%3Anormal&#8221; css=&#8221;.vc_custom_1662731615551{margin-bottom: 10px !important;}&#8221;][vc_column_text]Inicio &gt; Menciones legales[\/vc_column_text][\/vc_column][\/vc_row][vc_row css=&#8221;.vc_custom_1645439143705{margin-bottom: 60px !important;}&#8221;][vc_column][vc_custom_heading text=&#8221;MENCIONES LEGALES OXY\u2019PHARM&#8221; font_container=&#8221;tag:h3|text_align:left&#8221; use_theme_fonts=&#8221;yes&#8221;][\/vc_column][\/vc_row][vc_row][vc_column][vc_column_text]<strong>Menciones legales<\/strong><\/p>\n<p>Los productos de la sociedad OXY\u2019PHARM est\u00e1n destinados a profesionales.<br \/>\nFabricante: OXY\u2019PHARM<br \/>\nInvitamos a todos los usuarios de nuestros productos a leer atentamente las indicaciones que se encuentran en las instrucciones y los manuales de uso.<\/p>\n<p><strong>Editor del sitio<\/strong><\/p>\n<p>El sitio <a href=\"http:\/\/www.oxypharm.net\/\">www.oxypharm.net<\/a> es propiedad de la sociedad OXY\u2019PHARM.<\/p>\n<p>Domicilio social: OXY\u2019PHARM \u2013 829, rue Marcel Paul 94500 CHAMPIGNY-SUR-MARNE<br \/>\nCapital social: 300&nbsp;000&nbsp;euros<br \/>\nIVA intracomunitario: FR74448974253<br \/>\nRegistro Mercantil y de Sociedades: Cr\u00e9teil 448&nbsp;974&nbsp;253<br \/>\nN.\u00ba de identificaci\u00f3n individual (SIRET): 44897425300024<br \/>\nTel\u00e9fono: +33&nbsp;1&nbsp;45&nbsp;18&nbsp;78&nbsp;70<br \/>\nCorreo electr\u00f3nico: <a href=\"mailto:commercial@oxypharm.net\">info@oxypharm.net<\/a><\/p>\n<p><strong>Alojamiento del sitio<\/strong><\/p>\n<p>Sociedad: FCMICRO<br \/>\nTel\u00e9fono: 01&nbsp;69&nbsp;94&nbsp;10&nbsp;96<br \/>\nCorreo electr\u00f3nico: <a href=\"mailto:contact@fcmicro.net\">contact@fcmicro.net<\/a><br \/>\nSitio web: <a href=\"http:\/\/www.fcmicro.net\/\">www.fcmicro.net<\/a><\/p>\n<p><strong>Pol\u00edtica de protecci\u00f3n de datos personales<\/strong><\/p>\n<p>La responsable del tratamiento de los datos personales es Lucie ROULEAU.<br \/>\nDe conformidad con el art\u00edculo&nbsp;3 de la ley \u00abInform\u00e1tica y libertades\u00bb de 6&nbsp;de enero de 1978, dispone de un derecho de acceso, modificaci\u00f3n, rectificaci\u00f3n y supresi\u00f3n de los datos personales que le conciernen. Podr\u00e1 ejercer este derecho mediante una simple solicitud por correo electr\u00f3nico o correo postal.<\/p>\n<p><strong>Contenido del sitio y propiedad intelectual<\/strong><\/p>\n<p>La informaci\u00f3n que se encuentra en <a href=\"http:\/\/www.oxypharm.net\/\">http:\/\/www.oxypharm.net<\/a> se facilita a t\u00edtulo informativo.<br \/>\nOXY\u2019PHARM no podr\u00e1 garantizar la exactitud, la integridad ni la actualidad de la informaci\u00f3n difundida en el sitio. La informaci\u00f3n de este sitio podr\u00e1 contener inexactitudes t\u00e9cnicas o errores tipogr\u00e1ficos. Esta informaci\u00f3n se podr\u00e1 modificar peri\u00f3dicamente y las modificaciones se incorporar\u00e1n a las nuevas ediciones.<\/p>\n<p>OXY\u2019PHARM podr\u00e1, en todo momento y sin previo aviso, aportar mejoras o cambios a los productos, los programas o los servicios descritos en este sitio. Se proh\u00edbe toda reproducci\u00f3n, representaci\u00f3n, modificaci\u00f3n, publicaci\u00f3n, transmisi\u00f3n o desnaturalizaci\u00f3n, total o parcial, del sitio o de su contenido, por cualquier procedimiento y en cualquier formato.<\/p>\n<p>Toda explotaci\u00f3n no autorizada del sitio o de su contenido, o de la informaci\u00f3n que se divulga en \u00e9l, conllevar\u00e1 la responsabilidad del usuario y constituir\u00e1 una falsificaci\u00f3n sancionada por los art\u00edculos L&nbsp;335-2 y siguientes del C\u00f3digo de Propiedad Intelectual.<br \/>\nSuceder\u00e1 lo mismo con las bases de datos que figuran, si procede, en el sitio, <a href=\"http:\/\/www.oxypharm.net\/\">http:\/\/www.oxypharm.net<\/a> que est\u00e1n protegidas por las disposiciones de la ley de 1&nbsp;de julio de 1998, relativa a la transposici\u00f3n al C\u00f3digo de Propiedad Intelectual de la Directiva del Parlamento Europeo y del Consejo, de 11&nbsp;de marzo de 1996, sobre la protecci\u00f3n jur\u00eddica de las bases de datos. En este sentido, toda reproducci\u00f3n o extracci\u00f3n conllevar\u00e1 la responsabilidad del usuario.<\/p>\n<p>El sitio <a href=\"http:\/\/www.oxypharm.net\/\">http:\/\/www.oxypharm.net<\/a> da acceso a otros sitios mediante hiperv\u00ednculos. Dado que OXY\u2019PHARM no es el administrador de dichos sitios, no puede controlar su contenido. Por consiguiente, OXY\u2019PHARM no podr\u00e1, en ning\u00fan caso, ser considerada responsable del contenido de los sitios a los que se pudiera acceder de esa manera, ni de las eventuales recopilaciones y transmisiones de datos personales, instalaci\u00f3n de cookies o cualquier otro procedimiento que tenga los mismos fines, efectuadas por dichos sitios.<\/p>\n<p>Este sitio est\u00e1 optimizado para una pantalla de resoluci\u00f3n 1024&nbsp;x&nbsp;768 y para los navegadores Internet Explorer versi\u00f3n&nbsp;7 y superiores \/ versi\u00f3n Firefox y Chrome.<\/p>\n<p>Cr\u00e9ditos de las fotograf\u00edas: OXY\u2019PHARM<br \/>\nTodos los derechos reservados \u2013 Im\u00e1genes no contractuales<br \/>\nDise\u00f1o y realizaci\u00f3n del sitio: OXY\u2019PHARM<\/p>\n<p><strong><u>CONDICIONES GENERALES DE VENTA<\/u><\/strong><\/p>\n<p>Las presentes condiciones generales de venta se aplicar\u00e1n, sin perjuicio de cualesquiera cl\u00e1usulas contrarias a las ventas por parte de la sociedad OXY\u2019PHARM de sus materiales, nuevos o de ocasi\u00f3n, y sus productos, y la firma del formulario de pedido por el cliente conllevar\u00e1 su aceptaci\u00f3n sin reservas de dichas condiciones, que declara conocer.<\/p>\n<p><strong>       <\/strong><\/p>\n<p><strong> 1. <\/strong><strong> FORMALIZACI\u00d3N DEL CONTRATO<\/strong><\/p>\n<p>La sociedad OXY\u2019PHARM estar\u00e1 obligada \u00fanicamente por los pedidos debidamente aceptados por nuestra direcci\u00f3n y las obligaciones asumidas por nuestros representantes y vendedores quedar\u00e1n sujetas a la ratificaci\u00f3n de nuestra Direcci\u00f3n. En caso de que un pedido estuviera supeditado al pago de un anticipo, se considerar\u00e1 que la fecha del pedido es la del cobro correcto de dicho anticipo.<\/p>\n<p><strong>     <\/strong><\/p>\n<p><strong> 2. CARACTER\u00cdSTICAS DE LOS APARATOS Y PRODUCTOS DE OXY\u2019PHARM<\/strong><\/p>\n<p>OXY\u2019PHARM se reserva el derecho a modificar sus aparatos y aplicar, a su entera discreci\u00f3n, dichas modificaciones a los materiales pedidos y que todav\u00eda no se hayan entregado.<\/p>\n<p>Sin embargo, el comprador no podr\u00e1 obtener de OXY\u2019PHARM la obligaci\u00f3n de aplicar las eventuales modificaciones a los aparatos y productos pedidos y que todav\u00eda no se hayan entregado.<\/p>\n<p>Todas las indicaciones u otros datos relativos al car\u00e1cter t\u00e9cnico y el precio de la mercanc\u00eda de la sociedad OXY\u2019PHARM, tal como figuren en las instrucciones de uso, los cat\u00e1logos y los documentos publicitarios de cualquier tipo, no tendr\u00e1n, en ning\u00fan caso, car\u00e1cter contractual, pues son simplemente datos indicativos, y OXY\u2019PHARM se reserva el derecho de modificarlos en cualquier momento.<\/p>\n<p><strong>       <\/strong><\/p>\n<p><strong> 3. GARANT\u00cdA<\/strong><\/p>\n<p>El cliente es responsable de verificar la mercanc\u00eda cuando se entrega. En particular, se deber\u00e1n verificar las referencias, las cantidades y la calidad de la mercanc\u00eda, as\u00ed como su conformidad con respecto al pedido. No se tendr\u00e1 en cuenta ninguna reclamaci\u00f3n cuando haya transcurrido un plazo de quince d\u00edas a partir de la fecha de entrega.<\/p>\n<p>La mercanc\u00eda que presenten una falta de conformidad no impugnada y notificada en ese plazo de tiempo ser\u00e1 objeto de sustituci\u00f3n o reparaci\u00f3n, excluyendo cualquier compensaci\u00f3n de cualquier tipo. Asimismo, si pareciera que la mercanc\u00eda tiene alg\u00fan vicio, la garant\u00eda se limitar\u00e1 rigurosamente a la reparaci\u00f3n o la sustituci\u00f3n, excluyendo cualquier compensaci\u00f3n.<\/p>\n<p><strong>       <\/strong><\/p>\n<p><strong> 4. RESPONSABILIDAD<\/strong><\/p>\n<p>La responsabilidad de OXY\u2019PHARM no podr\u00e1 ser superior, en ning\u00fan caso, al precio del material impugnado o que hubiera causado el da\u00f1o.<\/p>\n<p><strong>      <\/strong><\/p>\n<p><strong> 5. CANCELACI\u00d3N<\/strong><\/p>\n<p>El cliente no podr\u00e1 anular ning\u00fan pedido, salvo en caso de que se constate un retraso superior a 3&nbsp;meses en la entrega, y siempre que se haya enviado un requerimiento por carta certificada con acuse de recibo, lo cual conllevar\u00e1 un plazo de 15&nbsp;d\u00edas para permitir que se realice la entrega.<\/p>\n<p><strong>       <\/strong><\/p>\n<p><strong> 6. PLAZO Y CONDICIONES DE ENTREGA<\/strong><\/p>\n<p>Los plazos de entrega se incluyen a t\u00edtulo puramente indicativo y sin ninguna garant\u00eda. Los retrasos en la entrega no permitir\u00e1n que el comprador anule la venta ni rechace la mercanc\u00eda. Tampoco podr\u00e1n dar lugar a retenciones, penalizaciones o da\u00f1os y perjuicios.<\/p>\n<p>La mercanc\u00eda se transportar\u00e1 por cuenta y riesgo del cliente, a quien corresponder\u00e1 verificar su buen estado en el momento de la entrega. Si el cliente constatara da\u00f1os o carencias, deber\u00e1 comunicar sus reservas, de manera precisa y completa, en el documento de transporte y reiterar su protesta justificada en las formas y los plazos contemplados en el art\u00edculo L.&nbsp;133-3 del C\u00f3digo Mercantil.<\/p>\n<p>Los gastos de transporte y entrega del material, salvo menci\u00f3n contraria en el acuse de recibo del pedido, correr\u00e1n por cuenta del cliente.<\/p>\n<p><strong>       <\/strong><\/p>\n<p><strong> 7. FUERZA MAYOR<\/strong><\/p>\n<p>Un caso de fuerza mayor conllevar\u00e1 la suspensi\u00f3n de la ejecuci\u00f3n de las obligaciones contractuales de la sociedad OXY\u2019PHARM.<\/p>\n<p>Constituir\u00e1 un caso de fuerza mayor todo suceso independiente de la voluntad de la sociedad OXY\u2019PHARM y que suponga un obst\u00e1culo para su funcionamiento normal en la fase de fabricaci\u00f3n o de expedici\u00f3n de los productos. En particular, se considerar\u00e1n casos de fuerza mayor las huelgas totales o parciales que obstaculicen el buen funcionamiento de la sociedad OXY\u2019PHARM o de uno de sus proveedores, subcontratistas o transportistas, as\u00ed como la interrupci\u00f3n del transporte y el suministro de energ\u00eda, materias primas o piezas de repuesto.<\/p>\n<p><strong>      <\/strong><\/p>\n<p><strong> 8. PRECIOS \u2013 PAGO<\/strong><\/p>\n<p>Los precios se fijar\u00e1n de acuerdo con los precios p\u00fablicos en la fecha de acuse de recibo del pedido o de cualquier otra propuesta realizada por el agente comercial y confirmada por la direcci\u00f3n de la sociedad OXY\u2019PHARM.<\/p>\n<p>En caso de que una variaci\u00f3n imprevista de dichos documentos antes de la facturaci\u00f3n nos obligara a modificar los precios, se presentar\u00e1 la variaci\u00f3n al cliente y, en caso de que este \u00faltimo se negara a aceptar el aumento, OXY\u2019PHARM se reserva el derecho a cancelar el pedido.<\/p>\n<p>En caso de modificaci\u00f3n de tasas, impuestos y grav\u00e1menes de cualquier tipo, asociados a nuestros materiales y prestaciones, estos se impondr\u00e1n a las partes, si fuera necesario, y el precio contractual ser\u00e1 el precio sin impuestos incluidos.<\/p>\n<p>Nuestras facturas ser\u00e1n pagaderas en nuestro domicilio social.<\/p>\n<p>La creaci\u00f3n de letras de cambio o la aceptaci\u00f3n de cualquier efecto comercial no conllevar\u00e1n novaci\u00f3n ni derogaci\u00f3n de la cl\u00e1usula atributiva de competencia. Si el pago se hubiera previsto mediante orden de pago aceptada, la no devoluci\u00f3n de los efectos enviados en la aceptaci\u00f3n en un plazo de 15&nbsp;d\u00edas a partir de la fecha de env\u00edo conllevar\u00e1 la exigibilidad inmediata de la deuda (art.&nbsp;12 del C\u00f3digo Mercantil). En caso de impago de uno de los plazos previstos, el saldo de la deuda ser\u00e1 exigible de inmediato y el impago de una factura en su fecha de vencimiento conllevar\u00e1 la exigibilidad inmediata del pago de cualquier otra factura, independientemente de las condiciones del mercado correspondiente.<\/p>\n<p>Nos reservamos la facultad de suspender la ejecuci\u00f3n de un pedido \u2014en caso de impago de una factura anterior en su fecha de vencimiento o solicitud de fecha aplazada\u2014 y de no reanudarlo hasta que se constituya una garant\u00eda debidamente aceptada por nosotros. Todo retraso en el pago conllevar\u00e1 intereses calculados al tipo legal vigente en materia mercantil.<\/p>\n<p><strong> 9. CL\u00c1USULA DE RESERVA DE PROPIEDAD<\/strong><\/p>\n<p>La sociedad se reserva la propiedad de la mercanc\u00eda vendida hasta que tenga lugar el pago \u00edntegro de su precio, tanto el importe principal como los intereses. En caso de impago del precio en la fecha de vencimiento acordada, la sociedad podr\u00e1 recuperar la mercanc\u00eda y la venta quedar\u00e1 rescindida de pleno derecho, a su discreci\u00f3n; los anticipos ya cobrados se conservar\u00e1n a t\u00edtulo de compensaci\u00f3n. Por otra parte, el comprador ser\u00e1 responsable de la mercanc\u00eda vendida a partir de su entrega material y el traspaso de titularidad conllevar\u00e1 riesgos para \u00e9l. Por consiguiente, el comprador se compromete a suscribir, en este momento, un contrato de seguro que garantice los riesgos de p\u00e9rdida, robo o destrucci\u00f3n de la mercanc\u00eda indicada.<\/p>\n<p>Asimismo, se proh\u00edbe que el cliente entregue en prenda o ceda a t\u00edtulo de garant\u00eda la propiedad de la mercanc\u00eda.<\/p>\n<p><strong> 10. CL\u00c1USULA RESOLUTORIA<\/strong><\/p>\n<p>Se acuerda rigurosamente que, en caso de impago de la totalidad o parte del precio, en su fecha de vencimiento exacta, se exigir\u00e1 de inmediato la totalidad del precio y OXY\u2019PHARM quedar\u00e1 autorizada a reclamar la mercanc\u00eda y la venta quedar\u00e1 rescindida de pleno derecho despu\u00e9s de que una simple orden de pago sea infructuosa.<\/p>\n<p>Adem\u00e1s, a t\u00edtulo de cl\u00e1usula penal, el comprador deber\u00e1, en ese caso, pagar una indemnizaci\u00f3n a tanto alzado del 10&nbsp;% del importe debido restante, sin perjuicio de cualesquiera otras sumas que se pudieran deber en virtud de un contrato.<\/p>\n<p><strong> 11. DISPUTAS<\/strong><\/p>\n<p>El hecho de realizar un pedido conllevar\u00e1 el cumplimiento \u00edntegro y sin reservas de las condiciones generales de venta de OXY\u2019PHARM por parte del comprador. En caso de disputa, se acuerda someterse a los tribunales del foro de la sociedad OXY\u2019PHARM, que se pronunciar\u00e1n en virtud del derecho franc\u00e9s.[\/vc_column_text][\/vc_column][\/vc_row]<\/p>\n<\/div>","protected":false},"excerpt":{"rendered":"<p>[vc_row full_width=&#8221;stretch_row&#8221; el_class=&#8221;hero&#8221; css=&#8221;.vc_custom_1633983640714{margin-bottom: 85px !important;padding-top: 50px !important;padding-bottom: 0px !important;}&#8221;][vc_column][vc_custom_heading text=&#8221;Menciones legales&#8221; font_container=&#8221;tag:h1|font_size:70|text_align:left|line_height:55px&#8221; google_fonts=&#8221;font_family:Raleway%3A100%2C200%2C300%2Cregular%2C500%2C600%2C700%2C800%2C900|font_style:800%20bold%20regular%3A800%3Anormal&#8221; css=&#8221;.vc_custom_1662731615551{margin-bottom: 10px !important;}&#8221;][vc_column_text]Inicio &gt; Menciones legales[\/vc_column_text][\/vc_column][\/vc_row][vc_row<\/p>\n","protected":false},"author":1,"featured_media":0,"parent":0,"menu_order":0,"comment_status":"closed","ping_status":"closed","template":"","meta":{"_acf_changed":false,"footnotes":""},"class_list":["post-11218","page","type-page","status-publish","hentry"],"acf":[],"yoast_head":"<!-- This site is optimized with the Yoast SEO plugin v26.1.1 - https:\/\/yoast.com\/wordpress\/plugins\/seo\/ -->\n<title>Menciones legales - Oxy&#039;Pharm<\/title>\n<meta name=\"robots\" content=\"index, follow, max-snippet:-1, max-image-preview:large, max-video-preview:-1\" \/>\n<link rel=\"canonical\" href=\"https:\/\/www.oxypharm.net\/es\/menciones-legales\/\" \/>\n<meta property=\"og:locale\" content=\"es_ES\" \/>\n<meta property=\"og:type\" content=\"article\" \/>\n<meta property=\"og:title\" content=\"Menciones legales - Oxy&#039;Pharm\" \/>\n<meta property=\"og:description\" content=\"[vc_row full_width=&#8221;stretch_row&#8221; el_class=&#8221;hero&#8221; css=&#8221;.vc_custom_1633983640714{margin-bottom: 85px !important;padding-top: 50px !important;padding-bottom: 0px !important;}&#8221;][vc_column][vc_custom_heading text=&#8221;Menciones legales&#8221; font_container=&#8221;tag:h1|font_size:70|text_align:left|line_height:55px&#8221; google_fonts=&#8221;font_family:Raleway%3A100%2C200%2C300%2Cregular%2C500%2C600%2C700%2C800%2C900|font_style:800%20bold%20regular%3A800%3Anormal&#8221; css=&#8221;.vc_custom_1662731615551{margin-bottom: 10px !important;}&#8221;][vc_column_text]Inicio &gt; Menciones legales[\/vc_column_text][\/vc_column][\/vc_row][vc_row\" \/>\n<meta property=\"og:url\" content=\"https:\/\/www.oxypharm.net\/es\/menciones-legales\/\" \/>\n<meta property=\"og:site_name\" content=\"Oxy&#039;Pharm\" \/>\n<meta property=\"article:publisher\" content=\"https:\/\/www.facebook.com\/profile.php?id=100065087790394\" \/>\n<meta name=\"twitter:card\" content=\"summary_large_image\" \/>\n<meta name=\"twitter:site\" content=\"@OxyPharm\" \/>\n<meta name=\"twitter:label1\" content=\"Est. reading time\" \/>\n\t<meta name=\"twitter:data1\" content=\"11 minutes\" \/>\n<script type=\"application\/ld+json\" class=\"yoast-schema-graph\">{\"@context\":\"https:\/\/schema.org\",\"@graph\":[{\"@type\":\"WebPage\",\"@id\":\"https:\/\/www.oxypharm.net\/es\/menciones-legales\/\",\"url\":\"https:\/\/www.oxypharm.net\/es\/menciones-legales\/\",\"name\":\"Menciones legales - Oxy&#039;Pharm\",\"isPartOf\":{\"@id\":\"https:\/\/www.oxypharm.net\/#website\"},\"datePublished\":\"2023-01-09T16:06:31+00:00\",\"breadcrumb\":{\"@id\":\"https:\/\/www.oxypharm.net\/es\/menciones-legales\/#breadcrumb\"},\"inLanguage\":\"es-ES\",\"potentialAction\":[{\"@type\":\"ReadAction\",\"target\":[\"https:\/\/www.oxypharm.net\/es\/menciones-legales\/\"]}]},{\"@type\":\"BreadcrumbList\",\"@id\":\"https:\/\/www.oxypharm.net\/es\/menciones-legales\/#breadcrumb\",\"itemListElement\":[{\"@type\":\"ListItem\",\"position\":1,\"name\":\"Accueil\",\"item\":\"https:\/\/www.oxypharm.net\/es\/\"},{\"@type\":\"ListItem\",\"position\":2,\"name\":\"Menciones legales\"}]},{\"@type\":\"WebSite\",\"@id\":\"https:\/\/www.oxypharm.net\/#website\",\"url\":\"https:\/\/www.oxypharm.net\/\",\"name\":\"Oxy&#039;Pharm\",\"description\":\"\",\"publisher\":{\"@id\":\"https:\/\/www.oxypharm.net\/#organization\"},\"potentialAction\":[{\"@type\":\"SearchAction\",\"target\":{\"@type\":\"EntryPoint\",\"urlTemplate\":\"https:\/\/www.oxypharm.net\/?s={search_term_string}\"},\"query-input\":{\"@type\":\"PropertyValueSpecification\",\"valueRequired\":true,\"valueName\":\"search_term_string\"}}],\"inLanguage\":\"es-ES\"},{\"@type\":\"Organization\",\"@id\":\"https:\/\/www.oxypharm.net\/#organization\",\"name\":\"Oxy'pharm\",\"alternateName\":\"Oxypharm\",\"url\":\"https:\/\/www.oxypharm.net\/\",\"logo\":{\"@type\":\"ImageObject\",\"inLanguage\":\"es-ES\",\"@id\":\"https:\/\/www.oxypharm.net\/#\/schema\/logo\/image\/\",\"url\":\"https:\/\/www.oxypharm.net\/wp-content\/uploads\/2023\/06\/Logo-Medtradex-Oxypharm.jpg\",\"contentUrl\":\"https:\/\/www.oxypharm.net\/wp-content\/uploads\/2023\/06\/Logo-Medtradex-Oxypharm.jpg\",\"width\":500,\"height\":500,\"caption\":\"Oxy'pharm\"},\"image\":{\"@id\":\"https:\/\/www.oxypharm.net\/#\/schema\/logo\/image\/\"},\"sameAs\":[\"https:\/\/www.facebook.com\/profile.php?id=100065087790394\",\"https:\/\/x.com\/OxyPharm\",\"https:\/\/www.instagram.com\/oxy_pharm\/\",\"https:\/\/www.linkedin.com\/company\/oxy-pharm\/\",\"https:\/\/www.youtube.com\/channel\/UCwTjwWFZWcMdPPlvkTuiurw\"]}]}<\/script>\n<!-- \/ Yoast SEO plugin. -->","yoast_head_json":{"title":"Menciones legales - Oxy&#039;Pharm","robots":{"index":"index","follow":"follow","max-snippet":"max-snippet:-1","max-image-preview":"max-image-preview:large","max-video-preview":"max-video-preview:-1"},"canonical":"https:\/\/www.oxypharm.net\/es\/menciones-legales\/","og_locale":"es_ES","og_type":"article","og_title":"Menciones legales - Oxy&#039;Pharm","og_description":"[vc_row full_width=&#8221;stretch_row&#8221; el_class=&#8221;hero&#8221; css=&#8221;.vc_custom_1633983640714{margin-bottom: 85px !important;padding-top: 50px !important;padding-bottom: 0px !important;}&#8221;][vc_column][vc_custom_heading text=&#8221;Menciones legales&#8221; font_container=&#8221;tag:h1|font_size:70|text_align:left|line_height:55px&#8221; google_fonts=&#8221;font_family:Raleway%3A100%2C200%2C300%2Cregular%2C500%2C600%2C700%2C800%2C900|font_style:800%20bold%20regular%3A800%3Anormal&#8221; css=&#8221;.vc_custom_1662731615551{margin-bottom: 10px !important;}&#8221;][vc_column_text]Inicio &gt; Menciones legales[\/vc_column_text][\/vc_column][\/vc_row][vc_row","og_url":"https:\/\/www.oxypharm.net\/es\/menciones-legales\/","og_site_name":"Oxy&#039;Pharm","article_publisher":"https:\/\/www.facebook.com\/profile.php?id=100065087790394","twitter_card":"summary_large_image","twitter_site":"@OxyPharm","twitter_misc":{"Est. reading time":"11 minutes"},"schema":{"@context":"https:\/\/schema.org","@graph":[{"@type":"WebPage","@id":"https:\/\/www.oxypharm.net\/es\/menciones-legales\/","url":"https:\/\/www.oxypharm.net\/es\/menciones-legales\/","name":"Menciones legales - Oxy&#039;Pharm","isPartOf":{"@id":"https:\/\/www.oxypharm.net\/#website"},"datePublished":"2023-01-09T16:06:31+00:00","breadcrumb":{"@id":"https:\/\/www.oxypharm.net\/es\/menciones-legales\/#breadcrumb"},"inLanguage":"es-ES","potentialAction":[{"@type":"ReadAction","target":["https:\/\/www.oxypharm.net\/es\/menciones-legales\/"]}]},{"@type":"BreadcrumbList","@id":"https:\/\/www.oxypharm.net\/es\/menciones-legales\/#breadcrumb","itemListElement":[{"@type":"ListItem","position":1,"name":"Accueil","item":"https:\/\/www.oxypharm.net\/es\/"},{"@type":"ListItem","position":2,"name":"Menciones legales"}]},{"@type":"WebSite","@id":"https:\/\/www.oxypharm.net\/#website","url":"https:\/\/www.oxypharm.net\/","name":"Oxy&#039;Pharm","description":"","publisher":{"@id":"https:\/\/www.oxypharm.net\/#organization"},"potentialAction":[{"@type":"SearchAction","target":{"@type":"EntryPoint","urlTemplate":"https:\/\/www.oxypharm.net\/?s={search_term_string}"},"query-input":{"@type":"PropertyValueSpecification","valueRequired":true,"valueName":"search_term_string"}}],"inLanguage":"es-ES"},{"@type":"Organization","@id":"https:\/\/www.oxypharm.net\/#organization","name":"Oxy'pharm","alternateName":"Oxypharm","url":"https:\/\/www.oxypharm.net\/","logo":{"@type":"ImageObject","inLanguage":"es-ES","@id":"https:\/\/www.oxypharm.net\/#\/schema\/logo\/image\/","url":"https:\/\/www.oxypharm.net\/wp-content\/uploads\/2023\/06\/Logo-Medtradex-Oxypharm.jpg","contentUrl":"https:\/\/www.oxypharm.net\/wp-content\/uploads\/2023\/06\/Logo-Medtradex-Oxypharm.jpg","width":500,"height":500,"caption":"Oxy'pharm"},"image":{"@id":"https:\/\/www.oxypharm.net\/#\/schema\/logo\/image\/"},"sameAs":["https:\/\/www.facebook.com\/profile.php?id=100065087790394","https:\/\/x.com\/OxyPharm","https:\/\/www.instagram.com\/oxy_pharm\/","https:\/\/www.linkedin.com\/company\/oxy-pharm\/","https:\/\/www.youtube.com\/channel\/UCwTjwWFZWcMdPPlvkTuiurw"]}]}},"_links":{"self":[{"href":"https:\/\/www.oxypharm.net\/es\/wp-json\/wp\/v2\/pages\/11218","targetHints":{"allow":["GET"]}}],"collection":[{"href":"https:\/\/www.oxypharm.net\/es\/wp-json\/wp\/v2\/pages"}],"about":[{"href":"https:\/\/www.oxypharm.net\/es\/wp-json\/wp\/v2\/types\/page"}],"author":[{"embeddable":true,"href":"https:\/\/www.oxypharm.net\/es\/wp-json\/wp\/v2\/users\/1"}],"replies":[{"embeddable":true,"href":"https:\/\/www.oxypharm.net\/es\/wp-json\/wp\/v2\/comments?post=11218"}],"version-history":[{"count":0,"href":"https:\/\/www.oxypharm.net\/es\/wp-json\/wp\/v2\/pages\/11218\/revisions"}],"wp:attachment":[{"href":"https:\/\/www.oxypharm.net\/es\/wp-json\/wp\/v2\/media?parent=11218"}],"curies":[{"name":"wp","href":"https:\/\/api.w.org\/{rel}","templated":true}]}}