{"id":9436,"date":"2022-09-26T11:50:58","date_gmt":"2022-09-26T11:50:58","guid":{"rendered":"https:\/\/preprod.oxypharm.net\/the-group\/about-us\/"},"modified":"2023-04-14T13:35:58","modified_gmt":"2023-04-14T13:35:58","slug":"about-us","status":"publish","type":"page","link":"https:\/\/www.oxypharm.net\/en\/the-group\/about-us\/","title":{"rendered":"About us"},"content":{"rendered":"<div class=\"wpb-content-wrapper\"><p>[vc_row full_width=&#8221;stretch_row&#8221; el_class=&#8221;hero&#8221; css=&#8221;.vc_custom_1634551092541{margin-bottom: 65px !important;padding-top: 50px !important;padding-bottom: 0px !important;}&#8221;][vc_column][vc_custom_heading text=&#8221;About us&#8221; font_container=&#8221;tag:h1|text_align:left&#8221; google_fonts=&#8221;font_family:Raleway%3A100%2C200%2C300%2Cregular%2C500%2C600%2C700%2C800%2C900|font_style:900%20bold%20regular%3A900%3Anormal&#8221;][vc_column_text]<a href=\"\/\">Home<\/a> > About us[\/vc_column_text][\/vc_column][\/vc_row][vc_row css=&#8221;.vc_custom_1634550143177{margin-top: 30px !important;}&#8221;][vc_column width=&#8221;1\/4&#8243; el_class=&#8221;icon-text&#8221;][vc_icon icon_fontawesome=&#8221;fas fa-globe-americas&#8221; color=&#8221;sandy_brown&#8221; size=&#8221;lg&#8221; align=&#8221;center&#8221;][vc_column_text effects_enabled_delay=&#8221;&#8221; css=&#8221;.vc_custom_1650383017535{margin-top: 0px !important;}&#8221;]<\/p>\n<h4 class=\"p1\" style=\"text-align: center;\">Proximity<\/h4>\n<p style=\"text-align: center;\">Our teams are located in France and abroad to offer you a quality service.<\/p>\n<p>[\/vc_column_text][\/vc_column][vc_column width=&#8221;1\/4&#8243; el_class=&#8221;icon-text&#8221;][vc_icon icon_fontawesome=&#8221;fab fa-gratipay&#8221; color=&#8221;sandy_brown&#8221; size=&#8221;lg&#8221; align=&#8221;center&#8221;][vc_column_text effects_enabled_delay=&#8221;&#8221; css=&#8221;.vc_custom_1650383008054{margin-top: 0px !important;}&#8221;]<\/p>\n<h4 style=\"text-align: center;\">Adaptability<\/h4>\n<p style=\"text-align: center;\">Because each request is unique, we have come up with solutions that are suited to your activity.<\/p>\n<p>[\/vc_column_text][\/vc_column][vc_column width=&#8221;1\/4&#8243; el_class=&#8221;icon-text&#8221;][vc_icon icon_fontawesome=&#8221;fas fa-shield-alt&#8221; color=&#8221;sandy_brown&#8221; size=&#8221;lg&#8221; align=&#8221;center&#8221;][vc_column_text effects_enabled_delay=&#8221;&#8221; css=&#8221;.vc_custom_1650382994943{margin-top: 0px !important;}&#8221;]<\/p>\n<h4 class=\"p1\" style=\"text-align: center;\">Safety<\/h4>\n<p style=\"text-align: center;\">Our solutions comply with current standards to ensure that they are reliable and efficient.<\/p>\n<p>[\/vc_column_text][\/vc_column][vc_column width=&#8221;1\/4&#8243; el_class=&#8221;icon-text&#8221;][vc_icon icon_fontawesome=&#8221;fas fa-tree&#8221; color=&#8221;sandy_brown&#8221; size=&#8221;lg&#8221; align=&#8221;center&#8221;][vc_column_text effects_enabled_delay=&#8221;&#8221; css=&#8221;.vc_custom_1650011719920{margin-top: 0px !important;}&#8221;]<\/p>\n<h4 class=\"p1\" style=\"text-align: center;\">Committed<\/h4>\n<p style=\"text-align: center;\">Our solutions have been designed with eco-responsibility in mind to keep us on track for a green future!<\/p>\n<p>[\/vc_column_text][\/vc_column][vc_column css=&#8221;.vc_custom_1649406379813{padding-top: 40px !important;}&#8221;][\/vc_column][\/vc_row][vc_row full_width=&#8221;stretch_row&#8221; enable_parallax=&#8221;true&#8221; parallax=&#8221;content-moving&#8221; css=&#8221;.vc_custom_1646825602658{margin-bottom: 50px !important;padding-top: 240px !important;padding-bottom: 240px !important;background-image: url(https:\/\/www.oxypharm.net\/wp-content\/uploads\/2022\/03\/batiment_oxypharm.jpg?id=2949) !important;background-position: center !important;background-repeat: no-repeat !important;background-size: cover !important;}&#8221;][vc_column][\/vc_column][\/vc_row][vc_row css=&#8221;.vc_custom_1634551265374{margin-bottom: 60px !important;}&#8221;][vc_column][vc_custom_heading text=&#8221;The Oxy&#8217;Pharm Group<br \/>\nin a few words&#8230;&#8221; use_theme_fonts=&#8221;yes&#8221;][\/vc_column][\/vc_row][vc_row css=&#8221;.vc_custom_1634551587272{margin-bottom: 20px !important;}&#8221;][vc_column][vc_column_text el_class=&#8221;intro&#8221;]<\/p>\n<h4 class=\"p1\">Nowadays<\/h4>\n<p>[\/vc_column_text][vc_column_text el_class=&#8221;intro&#8221;]<\/p>\n<p class=\"p1\"> Originally known across the world for its aerial surface disinfection (ASD) concept, the group is now able to provide the entire biocleaning chain with a wide range of solutions from cleaning to disinfection and pre-disinfection. <strong>Oxy\u2019Pharm is able to transform a kitchen into an operating theatre!<\/strong> Its expertise means that it can meet the specific needs of clients in all sectors of activity (health, agri-food, pharmaceutical, local authorities, etc.).<\/p>\n<p class=\"p1\">A forerunner in &#8220;green&#8221; hygiene, all the solutions offered are eco-responsible, biodegradable and safe for human use. The quality of all these solutions is scientifically proven through in vivo and in vitro laboratory tests, which means that the group meets all standards and certifications on the market.<\/p>\n<p>[\/vc_column_text][vc_column_text el_class=&#8221;intro&#8221;]<\/p>\n<h4 class=\"p1\">A winning combination<\/h4>\n<p>[\/vc_column_text][vc_column_text el_class=&#8221;intro&#8221;]<\/p>\n<p class=\"p1\"><span data-sheets-value=\"{\"1\":2,\"2\":\"Fin 2019, OXY'PHARM fusionne avec Sanivap, le sp\u00e9cialiste fran\u00e7ais du bio-nettoyage vapeur, dont les solutions sont certifi\u00e9es selon la norme NFT72-110. Cette aquisition a permis de proposer une offre globale pour l\u2019\u00e9co-nettoyage et l\u2019\u00e9co-d\u00e9sinfection des surfaces, hautement efficace sur l\u2019ensemble des pathog\u00e8nes, y compris les coronavirus humains. Une combinaison gagante pour le groupe puisque l'association de deux technologies compl\u00e9mentaires a aussit\u00f4t trouv\u00e9 des applications concr\u00e8tes sur le terrain. \"}\" data-sheets-userformat=\"{\"2\":14781,\"3\":{\"1\":0,\"3\":1},\"5\":{\"1\":[{\"1\":2,\"2\":0,\"5\":{\"1\":2,\"2\":0}},{\"1\":0,\"2\":0,\"3\":3},{\"1\":1,\"2\":0,\"4\":1}]},\"6\":{\"1\":[{\"1\":2,\"2\":0,\"5\":{\"1\":2,\"2\":0}},{\"1\":0,\"2\":0,\"3\":3},{\"1\":1,\"2\":0,\"4\":1}]},\"7\":{\"1\":[{\"1\":2,\"2\":0,\"5\":{\"1\":2,\"2\":0}},{\"1\":0,\"2\":0,\"3\":3},{\"1\":1,\"2\":0,\"4\":1}]},\"8\":{\"1\":[{\"1\":2,\"2\":0,\"5\":{\"1\":2,\"2\":0}},{\"1\":0,\"2\":0,\"3\":3},{\"1\":1,\"2\":0,\"4\":1}]},\"10\":0,\"11\":4,\"14\":{\"1\":3,\"3\":8},\"15\":\"Calibri\",\"16\":11}\">At the end of 2019, Oxy&#8217;Pharm will merge with Sanivap, the French specialist in steam bio-cleaning, whose solutions are certified according to the NF T72-110 standard. This merger means that a global range of products for eco-cleaning and eco-disinfection of surfaces are offered, and they are highly effective against all pathogens, including human coronaviruses. <strong>This was a winning combination for the group, since combining two complementary technologies immediately led to concrete applications in the field. <\/strong><\/span><\/p>\n<p>[\/vc_column_text][\/vc_column][\/vc_row][vc_row][vc_column width=&#8221;1\/4&#8243;]<div data-id=\"mpc_counter-2569f292480952b\" class=\"mpc-counter mpc-init mpc-transition mpc-waypoint mpc-counter--style_1 mpc-align--center \" ><div class=\"mpc-counter__counter mpc-typography--preset_1\"><div class=\"mpc-counter--target\" data-options=\"{&quot;useEasing&quot;:true,&quot;value&quot;:2003,&quot;initial&quot;:1840,&quot;duration&quot;:2,&quot;delay&quot;:0,&quot;decimals&quot;:0,&quot;separator&quot;:&quot;&quot;,&quot;decimal&quot;:&quot;&quot;}\" data-to=\"2003\">1840<\/div><div class=\"mpc-counter--sizer\">2003<\/div><\/div><div data-id=\"mpc_divider-2969f2924809585\" class=\"mpc-divider-wrap\"><div class=\"mpc-divider mpc-init mpc-align--center mpc-disable--left \" ><div class=\"mpc-divider__line mpc-side--left\"><span><\/span><\/div><div class=\"mpc-divider__line mpc-side--right\"><span><\/span><\/div><\/div><\/div><h3 class=\"mpc-counter__heading mpc-typography--preset_0\">Creation of the company<\/h3><\/div>[\/vc_column][vc_column width=&#8221;1\/4&#8243; el_class=&#8221;connaitre-percent&#8221;]<div data-id=\"mpc_counter-5669f2924809625\" class=\"mpc-counter mpc-init mpc-transition mpc-waypoint mpc-counter--style_1 mpc-align--center \" ><div class=\"mpc-counter__counter mpc-typography--preset_1\"><div class=\"mpc-counter--target\" data-options=\"{&quot;useEasing&quot;:true,&quot;value&quot;:100,&quot;initial&quot;:14,&quot;duration&quot;:2,&quot;delay&quot;:0,&quot;decimals&quot;:0,&quot;separator&quot;:&quot;&quot;,&quot;decimal&quot;:&quot;&quot;}\" data-to=\"100\">14<\/div><div class=\"mpc-counter--sizer\">100<\/div><\/div><div data-id=\"mpc_divider-8569f292480965d\" class=\"mpc-divider-wrap\"><div class=\"mpc-divider mpc-init mpc-align--center mpc-disable--left \" ><div class=\"mpc-divider__line mpc-side--left\"><span><\/span><\/div><div class=\"mpc-divider__line mpc-side--right\"><span><\/span><\/div><\/div><\/div><h3 class=\"mpc-counter__heading mpc-typography--preset_0\">made in France<\/h3><\/div>[\/vc_column][vc_column width=&#8221;1\/4&#8243; el_class=&#8221;connaitre-percent&#8221;]<div data-id=\"mpc_counter-9569f2924809719\" class=\"mpc-counter mpc-init mpc-transition mpc-waypoint mpc-counter--style_1 mpc-align--center \" ><div class=\"mpc-counter__counter mpc-typography--preset_1\"><div class=\"mpc-counter--target\" data-options=\"{&quot;useEasing&quot;:true,&quot;value&quot;:80,&quot;initial&quot;:62,&quot;duration&quot;:2,&quot;delay&quot;:0,&quot;decimals&quot;:0,&quot;separator&quot;:&quot;&quot;,&quot;decimal&quot;:&quot;&quot;}\" data-to=\"80\">62<\/div><div class=\"mpc-counter--sizer\">80<\/div><\/div><div data-id=\"mpc_divider-1069f2924809752\" class=\"mpc-divider-wrap\"><div class=\"mpc-divider mpc-init mpc-align--center mpc-disable--left \" ><div class=\"mpc-divider__line mpc-side--left\"><span><\/span><\/div><div class=\"mpc-divider__line mpc-side--right\"><span><\/span><\/div><\/div><\/div><h3 class=\"mpc-counter__heading mpc-typography--preset_0\">from turnover to export<\/h3><\/div>[\/vc_column][vc_column width=&#8221;1\/4&#8243;]<div data-id=\"mpc_counter-6069f29248097db\" class=\"mpc-counter mpc-init mpc-transition mpc-waypoint mpc-counter--style_1 mpc-align--center \" ><div class=\"mpc-counter__counter mpc-typography--preset_1\"><div class=\"mpc-counter--target\" data-options=\"{&quot;useEasing&quot;:true,&quot;value&quot;:120,&quot;initial&quot;:101,&quot;duration&quot;:2,&quot;delay&quot;:0,&quot;decimals&quot;:0,&quot;separator&quot;:&quot;&quot;,&quot;decimal&quot;:&quot;&quot;}\" data-to=\"120\">101<\/div><div class=\"mpc-counter--sizer\">120<\/div><\/div><div data-id=\"mpc_divider-7969f292480980f\" class=\"mpc-divider-wrap\"><div class=\"mpc-divider mpc-init mpc-align--center mpc-disable--left \" ><div class=\"mpc-divider__line mpc-side--left\"><span><\/span><\/div><div class=\"mpc-divider__line mpc-side--right\"><span><\/span><\/div><\/div><\/div><h3 class=\"mpc-counter__heading mpc-typography--preset_0\">countries<\/h3><\/div>[\/vc_column][\/vc_row]<\/p>\n<\/div>","protected":false},"excerpt":{"rendered":"<p>[vc_row full_width=&#8221;stretch_row&#8221; el_class=&#8221;hero&#8221; css=&#8221;.vc_custom_1634551092541{margin-bottom: 65px !important;padding-top: 50px !important;padding-bottom: 0px !important;}&#8221;][vc_column][vc_custom_heading text=&#8221;About us&#8221; font_container=&#8221;tag:h1|text_align:left&#8221; google_fonts=&#8221;font_family:Raleway%3A100%2C200%2C300%2Cregular%2C500%2C600%2C700%2C800%2C900|font_style:900%20bold%20regular%3A900%3Anormal&#8221;][vc_column_text]Home > About us[\/vc_column_text][\/vc_column][\/vc_row][vc_row css=&#8221;.vc_custom_1634550143177{margin-top: 30px !important;}&#8221;][vc_column<\/p>\n","protected":false},"author":1,"featured_media":0,"parent":9394,"menu_order":0,"comment_status":"closed","ping_status":"closed","template":"","meta":{"_acf_changed":false,"footnotes":""},"class_list":["post-9436","page","type-page","status-publish","hentry"],"acf":[],"yoast_head":"<!-- This site is optimized with the Yoast SEO plugin v26.1.1 - https:\/\/yoast.com\/wordpress\/plugins\/seo\/ -->\n<title>About us - Oxy&#039;Pharm<\/title>\n<meta name=\"robots\" content=\"index, follow, max-snippet:-1, max-image-preview:large, max-video-preview:-1\" \/>\n<link rel=\"canonical\" href=\"https:\/\/www.oxypharm.net\/en\/the-group\/about-us\/\" \/>\n<meta property=\"og:locale\" content=\"en_US\" \/>\n<meta property=\"og:type\" content=\"article\" \/>\n<meta property=\"og:title\" content=\"About us - Oxy&#039;Pharm\" \/>\n<meta property=\"og:description\" content=\"[vc_row full_width=&#8221;stretch_row&#8221; el_class=&#8221;hero&#8221; css=&#8221;.vc_custom_1634551092541{margin-bottom: 65px !important;padding-top: 50px !important;padding-bottom: 0px !important;}&#8221;][vc_column][vc_custom_heading text=&#8221;About us&#8221; font_container=&#8221;tag:h1|text_align:left&#8221; google_fonts=&#8221;font_family:Raleway%3A100%2C200%2C300%2Cregular%2C500%2C600%2C700%2C800%2C900|font_style:900%20bold%20regular%3A900%3Anormal&#8221;][vc_column_text]Home &gt; About us[\/vc_column_text][\/vc_column][\/vc_row][vc_row css=&#8221;.vc_custom_1634550143177{margin-top: 30px !important;}&#8221;][vc_column\" \/>\n<meta property=\"og:url\" content=\"https:\/\/www.oxypharm.net\/en\/the-group\/about-us\/\" \/>\n<meta property=\"og:site_name\" content=\"Oxy&#039;Pharm\" \/>\n<meta property=\"article:publisher\" content=\"https:\/\/www.facebook.com\/profile.php?id=100065087790394\" \/>\n<meta property=\"article:modified_time\" content=\"2023-04-14T13:35:58+00:00\" \/>\n<meta name=\"twitter:card\" content=\"summary_large_image\" \/>\n<meta name=\"twitter:site\" content=\"@OxyPharm\" \/>\n<meta name=\"twitter:label1\" content=\"Est. reading time\" \/>\n\t<meta name=\"twitter:data1\" content=\"5 minutes\" \/>\n<script type=\"application\/ld+json\" class=\"yoast-schema-graph\">{\"@context\":\"https:\/\/schema.org\",\"@graph\":[{\"@type\":\"WebPage\",\"@id\":\"https:\/\/www.oxypharm.net\/en\/the-group\/about-us\/\",\"url\":\"https:\/\/www.oxypharm.net\/en\/the-group\/about-us\/\",\"name\":\"About us - Oxy&#039;Pharm\",\"isPartOf\":{\"@id\":\"https:\/\/www.oxypharm.net\/#website\"},\"datePublished\":\"2022-09-26T11:50:58+00:00\",\"dateModified\":\"2023-04-14T13:35:58+00:00\",\"breadcrumb\":{\"@id\":\"https:\/\/www.oxypharm.net\/en\/the-group\/about-us\/#breadcrumb\"},\"inLanguage\":\"en-US\",\"potentialAction\":[{\"@type\":\"ReadAction\",\"target\":[\"https:\/\/www.oxypharm.net\/en\/the-group\/about-us\/\"]}]},{\"@type\":\"BreadcrumbList\",\"@id\":\"https:\/\/www.oxypharm.net\/en\/the-group\/about-us\/#breadcrumb\",\"itemListElement\":[{\"@type\":\"ListItem\",\"position\":1,\"name\":\"Accueil\",\"item\":\"https:\/\/www.oxypharm.net\/en\/\"},{\"@type\":\"ListItem\",\"position\":2,\"name\":\"The Group\",\"item\":\"https:\/\/www.oxypharm.net\/en\/the-group\/\"},{\"@type\":\"ListItem\",\"position\":3,\"name\":\"About us\"}]},{\"@type\":\"WebSite\",\"@id\":\"https:\/\/www.oxypharm.net\/#website\",\"url\":\"https:\/\/www.oxypharm.net\/\",\"name\":\"Oxy&#039;Pharm\",\"description\":\"\",\"publisher\":{\"@id\":\"https:\/\/www.oxypharm.net\/#organization\"},\"potentialAction\":[{\"@type\":\"SearchAction\",\"target\":{\"@type\":\"EntryPoint\",\"urlTemplate\":\"https:\/\/www.oxypharm.net\/?s={search_term_string}\"},\"query-input\":{\"@type\":\"PropertyValueSpecification\",\"valueRequired\":true,\"valueName\":\"search_term_string\"}}],\"inLanguage\":\"en-US\"},{\"@type\":\"Organization\",\"@id\":\"https:\/\/www.oxypharm.net\/#organization\",\"name\":\"Oxy'pharm\",\"alternateName\":\"Oxypharm\",\"url\":\"https:\/\/www.oxypharm.net\/\",\"logo\":{\"@type\":\"ImageObject\",\"inLanguage\":\"en-US\",\"@id\":\"https:\/\/www.oxypharm.net\/#\/schema\/logo\/image\/\",\"url\":\"https:\/\/www.oxypharm.net\/wp-content\/uploads\/2023\/06\/Logo-Medtradex-Oxypharm.jpg\",\"contentUrl\":\"https:\/\/www.oxypharm.net\/wp-content\/uploads\/2023\/06\/Logo-Medtradex-Oxypharm.jpg\",\"width\":500,\"height\":500,\"caption\":\"Oxy'pharm\"},\"image\":{\"@id\":\"https:\/\/www.oxypharm.net\/#\/schema\/logo\/image\/\"},\"sameAs\":[\"https:\/\/www.facebook.com\/profile.php?id=100065087790394\",\"https:\/\/x.com\/OxyPharm\",\"https:\/\/www.instagram.com\/oxy_pharm\/\",\"https:\/\/www.linkedin.com\/company\/oxy-pharm\/\",\"https:\/\/www.youtube.com\/channel\/UCwTjwWFZWcMdPPlvkTuiurw\"]}]}<\/script>\n<!-- \/ Yoast SEO plugin. -->","yoast_head_json":{"title":"About us - Oxy&#039;Pharm","robots":{"index":"index","follow":"follow","max-snippet":"max-snippet:-1","max-image-preview":"max-image-preview:large","max-video-preview":"max-video-preview:-1"},"canonical":"https:\/\/www.oxypharm.net\/en\/the-group\/about-us\/","og_locale":"en_US","og_type":"article","og_title":"About us - Oxy&#039;Pharm","og_description":"[vc_row full_width=&#8221;stretch_row&#8221; el_class=&#8221;hero&#8221; css=&#8221;.vc_custom_1634551092541{margin-bottom: 65px !important;padding-top: 50px !important;padding-bottom: 0px !important;}&#8221;][vc_column][vc_custom_heading text=&#8221;About us&#8221; font_container=&#8221;tag:h1|text_align:left&#8221; google_fonts=&#8221;font_family:Raleway%3A100%2C200%2C300%2Cregular%2C500%2C600%2C700%2C800%2C900|font_style:900%20bold%20regular%3A900%3Anormal&#8221;][vc_column_text]Home > About us[\/vc_column_text][\/vc_column][\/vc_row][vc_row css=&#8221;.vc_custom_1634550143177{margin-top: 30px !important;}&#8221;][vc_column","og_url":"https:\/\/www.oxypharm.net\/en\/the-group\/about-us\/","og_site_name":"Oxy&#039;Pharm","article_publisher":"https:\/\/www.facebook.com\/profile.php?id=100065087790394","article_modified_time":"2023-04-14T13:35:58+00:00","twitter_card":"summary_large_image","twitter_site":"@OxyPharm","twitter_misc":{"Est. reading time":"5 minutes"},"schema":{"@context":"https:\/\/schema.org","@graph":[{"@type":"WebPage","@id":"https:\/\/www.oxypharm.net\/en\/the-group\/about-us\/","url":"https:\/\/www.oxypharm.net\/en\/the-group\/about-us\/","name":"About us - Oxy&#039;Pharm","isPartOf":{"@id":"https:\/\/www.oxypharm.net\/#website"},"datePublished":"2022-09-26T11:50:58+00:00","dateModified":"2023-04-14T13:35:58+00:00","breadcrumb":{"@id":"https:\/\/www.oxypharm.net\/en\/the-group\/about-us\/#breadcrumb"},"inLanguage":"en-US","potentialAction":[{"@type":"ReadAction","target":["https:\/\/www.oxypharm.net\/en\/the-group\/about-us\/"]}]},{"@type":"BreadcrumbList","@id":"https:\/\/www.oxypharm.net\/en\/the-group\/about-us\/#breadcrumb","itemListElement":[{"@type":"ListItem","position":1,"name":"Accueil","item":"https:\/\/www.oxypharm.net\/en\/"},{"@type":"ListItem","position":2,"name":"The Group","item":"https:\/\/www.oxypharm.net\/en\/the-group\/"},{"@type":"ListItem","position":3,"name":"About us"}]},{"@type":"WebSite","@id":"https:\/\/www.oxypharm.net\/#website","url":"https:\/\/www.oxypharm.net\/","name":"Oxy&#039;Pharm","description":"","publisher":{"@id":"https:\/\/www.oxypharm.net\/#organization"},"potentialAction":[{"@type":"SearchAction","target":{"@type":"EntryPoint","urlTemplate":"https:\/\/www.oxypharm.net\/?s={search_term_string}"},"query-input":{"@type":"PropertyValueSpecification","valueRequired":true,"valueName":"search_term_string"}}],"inLanguage":"en-US"},{"@type":"Organization","@id":"https:\/\/www.oxypharm.net\/#organization","name":"Oxy'pharm","alternateName":"Oxypharm","url":"https:\/\/www.oxypharm.net\/","logo":{"@type":"ImageObject","inLanguage":"en-US","@id":"https:\/\/www.oxypharm.net\/#\/schema\/logo\/image\/","url":"https:\/\/www.oxypharm.net\/wp-content\/uploads\/2023\/06\/Logo-Medtradex-Oxypharm.jpg","contentUrl":"https:\/\/www.oxypharm.net\/wp-content\/uploads\/2023\/06\/Logo-Medtradex-Oxypharm.jpg","width":500,"height":500,"caption":"Oxy'pharm"},"image":{"@id":"https:\/\/www.oxypharm.net\/#\/schema\/logo\/image\/"},"sameAs":["https:\/\/www.facebook.com\/profile.php?id=100065087790394","https:\/\/x.com\/OxyPharm","https:\/\/www.instagram.com\/oxy_pharm\/","https:\/\/www.linkedin.com\/company\/oxy-pharm\/","https:\/\/www.youtube.com\/channel\/UCwTjwWFZWcMdPPlvkTuiurw"]}]}},"_links":{"self":[{"href":"https:\/\/www.oxypharm.net\/en\/wp-json\/wp\/v2\/pages\/9436","targetHints":{"allow":["GET"]}}],"collection":[{"href":"https:\/\/www.oxypharm.net\/en\/wp-json\/wp\/v2\/pages"}],"about":[{"href":"https:\/\/www.oxypharm.net\/en\/wp-json\/wp\/v2\/types\/page"}],"author":[{"embeddable":true,"href":"https:\/\/www.oxypharm.net\/en\/wp-json\/wp\/v2\/users\/1"}],"replies":[{"embeddable":true,"href":"https:\/\/www.oxypharm.net\/en\/wp-json\/wp\/v2\/comments?post=9436"}],"version-history":[{"count":4,"href":"https:\/\/www.oxypharm.net\/en\/wp-json\/wp\/v2\/pages\/9436\/revisions"}],"predecessor-version":[{"id":12563,"href":"https:\/\/www.oxypharm.net\/en\/wp-json\/wp\/v2\/pages\/9436\/revisions\/12563"}],"up":[{"embeddable":true,"href":"https:\/\/www.oxypharm.net\/en\/wp-json\/wp\/v2\/pages\/9394"}],"wp:attachment":[{"href":"https:\/\/www.oxypharm.net\/en\/wp-json\/wp\/v2\/media?parent=9436"}],"curies":[{"name":"wp","href":"https:\/\/api.w.org\/{rel}","templated":true}]}}