{"id":9881,"date":"2022-09-26T11:52:21","date_gmt":"2022-09-26T11:52:21","guid":{"rendered":"https:\/\/preprod.oxypharm.net\/sanivap\/wartungszubehor\/"},"modified":"2023-04-30T21:46:20","modified_gmt":"2023-04-30T21:46:20","slug":"wartungszubehor","status":"publish","type":"page","link":"https:\/\/www.oxypharm.net\/de\/sanivap\/wartungszubehor\/","title":{"rendered":"Wartungszubeh\u00f6r"},"content":{"rendered":"<div class=\"wpb-content-wrapper\"><p>[vc_row full_width=&#8221;stretch_row&#8221; el_class=&#8221;hero&#8221; css=&#8221;.vc_custom_1655476733394{margin-bottom: 60px !important;padding-top: 50px !important;background-color: #335ca8 !important;}&#8221;][vc_column][vc_custom_heading text=&#8221;Wartungszubeh\u00f6r&#8221; font_container=&#8221;tag:h1|text_align:left|color:%23ffffff&#8221; google_fonts=&#8221;font_family:Raleway%3A100%2C200%2C300%2Cregular%2C500%2C600%2C700%2C800%2C900|font_style:900%20bold%20regular%3A900%3Anormal&#8221; css=&#8221;.vc_custom_1660296251455{margin-bottom: 10px !important;}&#8221;][vc_column_text]<span style=\"color: white;\"><a class=\"white\" href=\"\/\">Startseite<\/a> > <a class=\"white\" href=\"https:\/\/www.oxypharm.net\/de\/losungen\/\">Unsere L\u00f6sungen<\/a> > Wartungszubeh\u00f6r <\/span>[\/vc_column_text][\/vc_column][\/vc_row][vc_row full_width=&#8221;stretch_row&#8221; gap=&#8221;35&#8243; equal_height=&#8221;yes&#8221; content_placement=&#8221;middle&#8221; css=&#8221;.vc_custom_1659606689646{margin-bottom: 60px !important;background-color: #ffffff !important;}&#8221; el_class=&#8221;row-product&#8221;][vc_column width=&#8221;1\/2&#8243; css=&#8221;.vc_custom_1653989089286{margin-bottom: 0px !important;padding-top: 120px !important;padding-bottom: 120px !important;background-image: url(https:\/\/www.oxypharm.net\/wp-content\/uploads\/2022\/05\/sanivap_generateur_3-5-e1653988999684.png?id=5407) !important;background-position: center !important;background-repeat: no-repeat !important;background-size: cover !important;}&#8221;][\/vc_column][vc_column width=&#8221;1\/2&#8243;][vc_custom_heading text=&#8221;Wartung und Vorbeugung&#8221; use_theme_fonts=&#8221;yes&#8221; css=&#8221;.vc_custom_1655476658414{padding-bottom: 30px !important;}&#8221;][vc_column_text]Die Dampferzeuger der Produktreihe Sanivap sind f\u00fcr ihre solide und robuste Bauweise bekannt. Wenn die Maschine jedoch nicht gewissenhaft gewartet wird, treten mit zunehmendem Nutzungsalter Sch\u00e4den am Dampferzeuger auf, die dann h\u00f6here Reparaturkosten verursachen. Um diese Probleme zu vermeiden, bietet Sanivap den Nutzern eine Vielzahl von Wartungszubeh\u00f6r, um eine l\u00e4ngere Lebensdauer des Dampferzeugers zu gew\u00e4hrleisten.[\/vc_column_text][\/vc_column][\/vc_row][vc_row full_width=&#8221;stretch_row&#8221; gap=&#8221;35&#8243; equal_height=&#8221;yes&#8221; content_placement=&#8221;middle&#8221; disable_element=&#8221;yes&#8221; css=&#8221;.vc_custom_1659606663195{margin-bottom: 60px !important;background-color: #ffffff !important;}&#8221; el_class=&#8221;row-product&#8221;][vc_column css=&#8221;.vc_custom_1653989089286{margin-bottom: 0px !important;padding-top: 120px !important;padding-bottom: 120px !important;background-image: url(https:\/\/www.oxypharm.net\/wp-content\/uploads\/2022\/05\/sanivap_generateur_3-5-e1653988999684.png?id=5407) !important;background-position: center !important;background-repeat: no-repeat !important;background-size: cover !important;}&#8221;][vc_column_text css=&#8221;.vc_custom_1652713175836{margin-bottom: 0px !important;}&#8221;]<\/p>\n<div class=\"btn-more btn-commercial-rounded\" style=\"text-align: left;\"><button name=\"Hover\" type=\"button\">Brosch\u00fcre herunterladen<\/button><\/div>\n<p>[\/vc_column_text][\/vc_column][\/vc_row][vc_row equal_height=&#8221;yes&#8221; content_placement=&#8221;bottom&#8221; css=&#8221;.vc_custom_1653987956068{margin-top: 0px !important;}&#8221;][vc_column width=&#8221;1\/6&#8243;]<div class=\"templatera_shortcode\"><div class=\"vc_row wpb_row vc_row-fluid mpc-row\"><div class=\"wpb_column vc_column_container vc_col-sm-12 mpc-column\" data-column-id=\"mpc_column-1969f385cd9f527\"><div class=\"vc_column-inner\"><div class=\"wpb_wrapper\">\n\t<div class=\"wpb_single_image wpb_content_element vc_align_center wpb_content_element\">\n\t\t\n\t\t<figure class=\"wpb_wrapper vc_figure\">\n\t\t\t<div class=\"vc_single_image-wrapper   vc_box_border_grey\"><img loading=\"lazy\" decoding=\"async\" width=\"225\" height=\"300\" src=\"https:\/\/www.oxypharm.net\/wp-content\/uploads\/2022\/05\/cle_vidange_SN1320-225x300.png\" class=\"vc_single_image-img attachment-thumbnail\" alt=\"\" title=\"cle_vidange_SN1320\" srcset=\"https:\/\/www.oxypharm.net\/wp-content\/uploads\/2022\/05\/cle_vidange_SN1320-225x300.png 225w, https:\/\/www.oxypharm.net\/wp-content\/uploads\/2022\/05\/cle_vidange_SN1320.png 433w\" sizes=\"auto, (max-width: 225px) 100vw, 225px\"><\/div>\n\t\t<\/figure>\n\t<\/div>\n\n\t<div class=\"wpb_text_column wpb_content_element\">\n\t\t<div class=\"wpb_wrapper\">\n\t\t\t<p class=\"p1\" style=\"text-align: center;\">Ablassschl&uuml;ssel<\/p>\n\n\t\t<\/div>\n\t<\/div>\n<\/div><\/div><\/div><\/div><\/div>[\/vc_column][vc_column width=&#8221;1\/6&#8243;]<div class=\"templatera_shortcode\"><div class=\"vc_row wpb_row vc_row-fluid mpc-row\"><div class=\"wpb_column vc_column_container vc_col-sm-12 mpc-column\" data-column-id=\"mpc_column-6069f385cda10d7\"><div class=\"vc_column-inner\"><div class=\"wpb_wrapper\">\n\t<div class=\"wpb_single_image wpb_content_element vc_align_center wpb_content_element\">\n\t\t\n\t\t<figure class=\"wpb_wrapper vc_figure\">\n\t\t\t<div class=\"vc_single_image-wrapper   vc_box_border_grey\"><img loading=\"lazy\" decoding=\"async\" width=\"169\" height=\"300\" src=\"https:\/\/www.oxypharm.net\/wp-content\/uploads\/2022\/05\/kit_joints_SP34-169x300.png\" class=\"vc_single_image-img attachment-thumbnail\" alt=\"\" title=\"kit_joints_SP34\" srcset=\"https:\/\/www.oxypharm.net\/wp-content\/uploads\/2022\/05\/kit_joints_SP34-169x300.png 169w, https:\/\/www.oxypharm.net\/wp-content\/uploads\/2022\/05\/kit_joints_SP34-675x1200.png 675w, https:\/\/www.oxypharm.net\/wp-content\/uploads\/2022\/05\/kit_joints_SP34-1080x1920.png 1080w, https:\/\/www.oxypharm.net\/wp-content\/uploads\/2022\/05\/kit_joints_SP34.png 1152w\" sizes=\"auto, (max-width: 169px) 100vw, 169px\"><\/div>\n\t\t<\/figure>\n\t<\/div>\n\n\t<div class=\"wpb_text_column wpb_content_element\">\n\t\t<div class=\"wpb_wrapper\">\n\t\t\t<p class=\"p1\" style=\"text-align: center;\">Dichtungskit<\/p>\n\n\t\t<\/div>\n\t<\/div>\n<\/div><\/div><\/div><\/div><\/div>[\/vc_column][vc_column width=&#8221;1\/6&#8243;]<div class=\"templatera_shortcode\"><div class=\"vc_row wpb_row vc_row-fluid mpc-row\"><div class=\"wpb_column vc_column_container vc_col-sm-12 mpc-column\" data-column-id=\"mpc_column-6769f385cda272d\"><div class=\"vc_column-inner\"><div class=\"wpb_wrapper\">\n\t<div class=\"wpb_single_image wpb_content_element vc_align_center wpb_content_element\">\n\t\t\n\t\t<figure class=\"wpb_wrapper vc_figure\">\n\t\t\t<div class=\"vc_single_image-wrapper   vc_box_border_grey\"><img loading=\"lazy\" decoding=\"async\" width=\"221\" height=\"300\" src=\"https:\/\/www.oxypharm.net\/wp-content\/uploads\/2022\/05\/SV20_sequestrant_calcaire-221x300.png\" class=\"vc_single_image-img attachment-thumbnail\" alt=\"\" title=\"SV20_sequestrant_calcaire\" srcset=\"https:\/\/www.oxypharm.net\/wp-content\/uploads\/2022\/05\/SV20_sequestrant_calcaire-221x300.png 221w, https:\/\/www.oxypharm.net\/wp-content\/uploads\/2022\/05\/SV20_sequestrant_calcaire-884x1200.png 884w, https:\/\/www.oxypharm.net\/wp-content\/uploads\/2022\/05\/SV20_sequestrant_calcaire-1415x1920.png 1415w\" sizes=\"auto, (max-width: 221px) 100vw, 221px\"><\/div>\n\t\t<\/figure>\n\t<\/div>\n\n\t<div class=\"wpb_text_column wpb_content_element\">\n\t\t<div class=\"wpb_wrapper\">\n\t\t\t<p class=\"p1\" style=\"text-align: center;\">Kalk-Sequestriermittel<\/p>\n\n\t\t<\/div>\n\t<\/div>\n<\/div><\/div><\/div><\/div><\/div>[\/vc_column][vc_column width=&#8221;1\/6&#8243;]<div class=\"templatera_shortcode\"><div class=\"vc_row wpb_row vc_row-fluid mpc-row\"><div class=\"wpb_column vc_column_container vc_col-sm-12 mpc-column\" data-column-id=\"mpc_column-1769f385cda3dbb\"><div class=\"vc_column-inner\"><div class=\"wpb_wrapper\">\n\t<div class=\"wpb_single_image wpb_content_element vc_align_center wpb_content_element\">\n\t\t\n\t\t<figure class=\"wpb_wrapper vc_figure\">\n\t\t\t<div class=\"vc_single_image-wrapper   vc_box_border_grey\"><img loading=\"lazy\" decoding=\"async\" width=\"292\" height=\"300\" src=\"https:\/\/www.oxypharm.net\/wp-content\/uploads\/2022\/05\/MV100_nettoyant_actif-1-292x300.png\" class=\"vc_single_image-img attachment-thumbnail\" alt=\"\" title=\"MV100_nettoyant_actif\" srcset=\"https:\/\/www.oxypharm.net\/wp-content\/uploads\/2022\/05\/MV100_nettoyant_actif-1-292x300.png 292w, https:\/\/www.oxypharm.net\/wp-content\/uploads\/2022\/05\/MV100_nettoyant_actif-1-1169x1200.png 1169w, https:\/\/www.oxypharm.net\/wp-content\/uploads\/2022\/05\/MV100_nettoyant_actif-1-1871x1920.png 1871w\" sizes=\"auto, (max-width: 292px) 100vw, 292px\"><\/div>\n\t\t<\/figure>\n\t<\/div>\n\n\t<div class=\"wpb_text_column wpb_content_element\">\n\t\t<div class=\"wpb_wrapper\">\n\t\t\t<p class=\"p1\" style=\"text-align: center;\">Aktivreiniger<\/p>\n\n\t\t<\/div>\n\t<\/div>\n<\/div><\/div><\/div><\/div><\/div>[\/vc_column][vc_column width=&#8221;1\/6&#8243;]<div class=\"templatera_shortcode\"><div class=\"vc_row wpb_row vc_row-fluid mpc-row\"><div class=\"wpb_column vc_column_container vc_col-sm-12 mpc-column\" data-column-id=\"mpc_column-1169f385cda5100\"><div class=\"vc_column-inner\"><div class=\"wpb_wrapper\">\n\t<div class=\"wpb_single_image wpb_content_element vc_align_center wpb_content_element\">\n\t\t\n\t\t<figure class=\"wpb_wrapper vc_figure\">\n\t\t\t<div class=\"vc_single_image-wrapper   vc_box_border_grey\"><img loading=\"lazy\" decoding=\"async\" width=\"300\" height=\"287\" src=\"https:\/\/www.oxypharm.net\/wp-content\/uploads\/2022\/05\/SV10_lubrifiant-300x287.png\" class=\"vc_single_image-img attachment-thumbnail\" alt=\"\" title=\"SV10_lubrifiant\" srcset=\"https:\/\/www.oxypharm.net\/wp-content\/uploads\/2022\/05\/SV10_lubrifiant-300x287.png 300w, https:\/\/www.oxypharm.net\/wp-content\/uploads\/2022\/05\/SV10_lubrifiant-1200x1150.png 1200w, https:\/\/www.oxypharm.net\/wp-content\/uploads\/2022\/05\/SV10_lubrifiant-1920x1840.png 1920w\" sizes=\"auto, (max-width: 300px) 100vw, 300px\"><\/div>\n\t\t<\/figure>\n\t<\/div>\n\n\t<div class=\"wpb_text_column wpb_content_element\">\n\t\t<div class=\"wpb_wrapper\">\n\t\t\t<p class=\"p1\" style=\"text-align: center;\">Schmiermittel<\/p>\n\n\t\t<\/div>\n\t<\/div>\n<\/div><\/div><\/div><\/div><\/div>[\/vc_column][vc_column width=&#8221;1\/6&#8243;]<div class=\"templatera_shortcode\"><div class=\"vc_row wpb_row vc_row-fluid mpc-row\"><div class=\"wpb_column vc_column_container vc_col-sm-12 mpc-column\" data-column-id=\"mpc_column-2669f385cda6659\"><div class=\"vc_column-inner\"><div class=\"wpb_wrapper\">\n\t<div class=\"wpb_single_image wpb_content_element vc_align_center wpb_content_element\">\n\t\t\n\t\t<figure class=\"wpb_wrapper vc_figure\">\n\t\t\t<div class=\"vc_single_image-wrapper   vc_box_border_grey\"><img loading=\"lazy\" decoding=\"async\" width=\"145\" height=\"300\" src=\"https:\/\/www.oxypharm.net\/wp-content\/uploads\/2022\/05\/SV310_filtre_brita-145x300.png\" class=\"vc_single_image-img attachment-thumbnail\" alt=\"\" title=\"SV310_filtre_brita\" srcset=\"https:\/\/www.oxypharm.net\/wp-content\/uploads\/2022\/05\/SV310_filtre_brita-145x300.png 145w, https:\/\/www.oxypharm.net\/wp-content\/uploads\/2022\/05\/SV310_filtre_brita-581x1200.png 581w, https:\/\/www.oxypharm.net\/wp-content\/uploads\/2022\/05\/SV310_filtre_brita-929x1920.png 929w\" sizes=\"auto, (max-width: 145px) 100vw, 145px\"><\/div>\n\t\t<\/figure>\n\t<\/div>\n\n\t<div class=\"wpb_text_column wpb_content_element\">\n\t\t<div class=\"wpb_wrapper\">\n\t\t\t<p class=\"p1\" style=\"text-align: center;\">Filtervorrichtung<\/p>\n\n\t\t<\/div>\n\t<\/div>\n<\/div><\/div><\/div><\/div><\/div>[\/vc_column][\/vc_row]<\/p>\n<\/div>","protected":false},"excerpt":{"rendered":"","protected":false},"author":3,"featured_media":0,"parent":9587,"menu_order":0,"comment_status":"closed","ping_status":"closed","template":"","meta":{"_acf_changed":false,"footnotes":""},"class_list":["post-9881","page","type-page","status-publish","hentry"],"acf":[],"yoast_head":"<!-- This site is optimized with the Yoast SEO plugin v26.1.1 - https:\/\/yoast.com\/wordpress\/plugins\/seo\/ -->\n<title>Wartungszubeh\u00f6r - Oxy&#039;Pharm<\/title>\n<meta name=\"robots\" content=\"index, follow, max-snippet:-1, max-image-preview:large, max-video-preview:-1\" \/>\n<link rel=\"canonical\" href=\"https:\/\/www.oxypharm.net\/de\/sanivap\/wartungszubehor\/\" \/>\n<meta property=\"og:locale\" content=\"de_DE\" \/>\n<meta property=\"og:type\" content=\"article\" \/>\n<meta property=\"og:title\" content=\"Wartungszubeh\u00f6r - Oxy&#039;Pharm\" \/>\n<meta property=\"og:url\" content=\"https:\/\/www.oxypharm.net\/de\/sanivap\/wartungszubehor\/\" \/>\n<meta property=\"og:site_name\" content=\"Oxy&#039;Pharm\" \/>\n<meta property=\"article:publisher\" content=\"https:\/\/www.facebook.com\/profile.php?id=100065087790394\" \/>\n<meta property=\"article:modified_time\" content=\"2023-04-30T21:46:20+00:00\" \/>\n<meta name=\"twitter:card\" content=\"summary_large_image\" \/>\n<meta name=\"twitter:site\" content=\"@OxyPharm\" \/>\n<meta name=\"twitter:label1\" content=\"Est. reading time\" \/>\n\t<meta name=\"twitter:data1\" content=\"2 minutes\" \/>\n<script type=\"application\/ld+json\" class=\"yoast-schema-graph\">{\"@context\":\"https:\/\/schema.org\",\"@graph\":[{\"@type\":\"WebPage\",\"@id\":\"https:\/\/www.oxypharm.net\/de\/sanivap\/wartungszubehor\/\",\"url\":\"https:\/\/www.oxypharm.net\/de\/sanivap\/wartungszubehor\/\",\"name\":\"Wartungszubeh\u00f6r - Oxy&#039;Pharm\",\"isPartOf\":{\"@id\":\"https:\/\/www.oxypharm.net\/#website\"},\"datePublished\":\"2022-09-26T11:52:21+00:00\",\"dateModified\":\"2023-04-30T21:46:20+00:00\",\"breadcrumb\":{\"@id\":\"https:\/\/www.oxypharm.net\/de\/sanivap\/wartungszubehor\/#breadcrumb\"},\"inLanguage\":\"de-DE\",\"potentialAction\":[{\"@type\":\"ReadAction\",\"target\":[\"https:\/\/www.oxypharm.net\/de\/sanivap\/wartungszubehor\/\"]}]},{\"@type\":\"BreadcrumbList\",\"@id\":\"https:\/\/www.oxypharm.net\/de\/sanivap\/wartungszubehor\/#breadcrumb\",\"itemListElement\":[{\"@type\":\"ListItem\",\"position\":1,\"name\":\"Accueil\",\"item\":\"https:\/\/www.oxypharm.net\/de\/\"},{\"@type\":\"ListItem\",\"position\":2,\"name\":\"Sanivap\",\"item\":\"https:\/\/www.oxypharm.net\/de\/sanivap\/\"},{\"@type\":\"ListItem\",\"position\":3,\"name\":\"Wartungszubeh\u00f6r\"}]},{\"@type\":\"WebSite\",\"@id\":\"https:\/\/www.oxypharm.net\/#website\",\"url\":\"https:\/\/www.oxypharm.net\/\",\"name\":\"Oxy&#039;Pharm\",\"description\":\"\",\"publisher\":{\"@id\":\"https:\/\/www.oxypharm.net\/#organization\"},\"potentialAction\":[{\"@type\":\"SearchAction\",\"target\":{\"@type\":\"EntryPoint\",\"urlTemplate\":\"https:\/\/www.oxypharm.net\/?s={search_term_string}\"},\"query-input\":{\"@type\":\"PropertyValueSpecification\",\"valueRequired\":true,\"valueName\":\"search_term_string\"}}],\"inLanguage\":\"de-DE\"},{\"@type\":\"Organization\",\"@id\":\"https:\/\/www.oxypharm.net\/#organization\",\"name\":\"Oxy'pharm\",\"alternateName\":\"Oxypharm\",\"url\":\"https:\/\/www.oxypharm.net\/\",\"logo\":{\"@type\":\"ImageObject\",\"inLanguage\":\"de-DE\",\"@id\":\"https:\/\/www.oxypharm.net\/#\/schema\/logo\/image\/\",\"url\":\"https:\/\/www.oxypharm.net\/wp-content\/uploads\/2023\/06\/Logo-Medtradex-Oxypharm.jpg\",\"contentUrl\":\"https:\/\/www.oxypharm.net\/wp-content\/uploads\/2023\/06\/Logo-Medtradex-Oxypharm.jpg\",\"width\":500,\"height\":500,\"caption\":\"Oxy'pharm\"},\"image\":{\"@id\":\"https:\/\/www.oxypharm.net\/#\/schema\/logo\/image\/\"},\"sameAs\":[\"https:\/\/www.facebook.com\/profile.php?id=100065087790394\",\"https:\/\/x.com\/OxyPharm\",\"https:\/\/www.instagram.com\/oxy_pharm\/\",\"https:\/\/www.linkedin.com\/company\/oxy-pharm\/\",\"https:\/\/www.youtube.com\/channel\/UCwTjwWFZWcMdPPlvkTuiurw\"]}]}<\/script>\n<!-- \/ Yoast SEO plugin. -->","yoast_head_json":{"title":"Wartungszubeh\u00f6r - Oxy&#039;Pharm","robots":{"index":"index","follow":"follow","max-snippet":"max-snippet:-1","max-image-preview":"max-image-preview:large","max-video-preview":"max-video-preview:-1"},"canonical":"https:\/\/www.oxypharm.net\/de\/sanivap\/wartungszubehor\/","og_locale":"de_DE","og_type":"article","og_title":"Wartungszubeh\u00f6r - Oxy&#039;Pharm","og_url":"https:\/\/www.oxypharm.net\/de\/sanivap\/wartungszubehor\/","og_site_name":"Oxy&#039;Pharm","article_publisher":"https:\/\/www.facebook.com\/profile.php?id=100065087790394","article_modified_time":"2023-04-30T21:46:20+00:00","twitter_card":"summary_large_image","twitter_site":"@OxyPharm","twitter_misc":{"Est. reading time":"2 minutes"},"schema":{"@context":"https:\/\/schema.org","@graph":[{"@type":"WebPage","@id":"https:\/\/www.oxypharm.net\/de\/sanivap\/wartungszubehor\/","url":"https:\/\/www.oxypharm.net\/de\/sanivap\/wartungszubehor\/","name":"Wartungszubeh\u00f6r - Oxy&#039;Pharm","isPartOf":{"@id":"https:\/\/www.oxypharm.net\/#website"},"datePublished":"2022-09-26T11:52:21+00:00","dateModified":"2023-04-30T21:46:20+00:00","breadcrumb":{"@id":"https:\/\/www.oxypharm.net\/de\/sanivap\/wartungszubehor\/#breadcrumb"},"inLanguage":"de-DE","potentialAction":[{"@type":"ReadAction","target":["https:\/\/www.oxypharm.net\/de\/sanivap\/wartungszubehor\/"]}]},{"@type":"BreadcrumbList","@id":"https:\/\/www.oxypharm.net\/de\/sanivap\/wartungszubehor\/#breadcrumb","itemListElement":[{"@type":"ListItem","position":1,"name":"Accueil","item":"https:\/\/www.oxypharm.net\/de\/"},{"@type":"ListItem","position":2,"name":"Sanivap","item":"https:\/\/www.oxypharm.net\/de\/sanivap\/"},{"@type":"ListItem","position":3,"name":"Wartungszubeh\u00f6r"}]},{"@type":"WebSite","@id":"https:\/\/www.oxypharm.net\/#website","url":"https:\/\/www.oxypharm.net\/","name":"Oxy&#039;Pharm","description":"","publisher":{"@id":"https:\/\/www.oxypharm.net\/#organization"},"potentialAction":[{"@type":"SearchAction","target":{"@type":"EntryPoint","urlTemplate":"https:\/\/www.oxypharm.net\/?s={search_term_string}"},"query-input":{"@type":"PropertyValueSpecification","valueRequired":true,"valueName":"search_term_string"}}],"inLanguage":"de-DE"},{"@type":"Organization","@id":"https:\/\/www.oxypharm.net\/#organization","name":"Oxy'pharm","alternateName":"Oxypharm","url":"https:\/\/www.oxypharm.net\/","logo":{"@type":"ImageObject","inLanguage":"de-DE","@id":"https:\/\/www.oxypharm.net\/#\/schema\/logo\/image\/","url":"https:\/\/www.oxypharm.net\/wp-content\/uploads\/2023\/06\/Logo-Medtradex-Oxypharm.jpg","contentUrl":"https:\/\/www.oxypharm.net\/wp-content\/uploads\/2023\/06\/Logo-Medtradex-Oxypharm.jpg","width":500,"height":500,"caption":"Oxy'pharm"},"image":{"@id":"https:\/\/www.oxypharm.net\/#\/schema\/logo\/image\/"},"sameAs":["https:\/\/www.facebook.com\/profile.php?id=100065087790394","https:\/\/x.com\/OxyPharm","https:\/\/www.instagram.com\/oxy_pharm\/","https:\/\/www.linkedin.com\/company\/oxy-pharm\/","https:\/\/www.youtube.com\/channel\/UCwTjwWFZWcMdPPlvkTuiurw"]}]}},"_links":{"self":[{"href":"https:\/\/www.oxypharm.net\/de\/wp-json\/wp\/v2\/pages\/9881","targetHints":{"allow":["GET"]}}],"collection":[{"href":"https:\/\/www.oxypharm.net\/de\/wp-json\/wp\/v2\/pages"}],"about":[{"href":"https:\/\/www.oxypharm.net\/de\/wp-json\/wp\/v2\/types\/page"}],"author":[{"embeddable":true,"href":"https:\/\/www.oxypharm.net\/de\/wp-json\/wp\/v2\/users\/3"}],"replies":[{"embeddable":true,"href":"https:\/\/www.oxypharm.net\/de\/wp-json\/wp\/v2\/comments?post=9881"}],"version-history":[{"count":2,"href":"https:\/\/www.oxypharm.net\/de\/wp-json\/wp\/v2\/pages\/9881\/revisions"}],"predecessor-version":[{"id":14159,"href":"https:\/\/www.oxypharm.net\/de\/wp-json\/wp\/v2\/pages\/9881\/revisions\/14159"}],"up":[{"embeddable":true,"href":"https:\/\/www.oxypharm.net\/de\/wp-json\/wp\/v2\/pages\/9587"}],"wp:attachment":[{"href":"https:\/\/www.oxypharm.net\/de\/wp-json\/wp\/v2\/media?parent=9881"}],"curies":[{"name":"wp","href":"https:\/\/api.w.org\/{rel}","templated":true}]}}