{"id":9815,"date":"2022-09-26T11:52:08","date_gmt":"2022-09-26T11:52:08","guid":{"rendered":"https:\/\/preprod.oxypharm.net\/alphaclean\/alpha-clean\/"},"modified":"2025-10-01T13:41:57","modified_gmt":"2025-10-01T13:41:57","slug":"alpha-clean","status":"publish","type":"page","link":"https:\/\/www.oxypharm.net\/de\/alphaclean\/alpha-clean\/","title":{"rendered":"Alpha Clean"},"content":{"rendered":"<div class=\"wpb-content-wrapper\"><p>[vc_row full_width=&#8221;stretch_row&#8221; el_class=&#8221;hero&#8221; css=&#8221;.vc_custom_1659452869631{margin-bottom: 0px !important;padding-top: 50px !important;padding-bottom: 0px !important;background-color: #f68d2e !important;}&#8221;][vc_column][vc_custom_heading text=&#8221;Alpha Clean&#8221; font_container=&#8221;tag:h1|text_align:left|color:%23ffffff&#8221; google_fonts=&#8221;font_family:Raleway%3A100%2C200%2C300%2Cregular%2C500%2C600%2C700%2C800%2C900|font_style:900%20bold%20regular%3A900%3Anormal&#8221; css=&#8221;.vc_custom_1659451610703{margin-bottom: 10px !important;}&#8221;][vc_column_text el_class=&#8221;ariane-white&#8221;]<span style=\"color: white;\"><a class=\"white\" href=\"\/\">Startseite<\/a> &gt; <a class=\"white\" href=\"https:\/\/www.oxypharm.net\/de\/losungen\/\">Unsere L\u00f6sungen<\/a> &gt; <a class=\"white\" href=\"\/nettoyage-pre-desinfection\/\">Reinigung &amp; Vordesinfektion<\/a> &gt;Alpha Clean<\/span>[\/vc_column_text][\/vc_column][\/vc_row][vc_row full_width=&#8221;stretch_row&#8221; gap=&#8221;35&#8243; equal_height=&#8221;yes&#8221; css=&#8221;.vc_custom_1659452888164{margin-bottom: 60px !important;background-color: #f68d2e !important;background-position: center !important;background-repeat: no-repeat !important;background-size: cover !important;}&#8221; el_class=&#8221;row-product&#8221;][vc_column width=&#8221;2\/3&#8243;][vc_column_text el_class=&#8221;intro&#8221;]<span style=\"color: #ffffff;\"><strong>Alpha Clean<\/strong> ist ein Reinigungsautomat f\u00fcr die Vordesinfektion der Instrumente vor dem Sterilisationsprozess. <\/span><br \/>\n<span style=\"color: #ffffff;\">Angepasst an unterschiedliche Bed\u00fcrfnisse ist der Alpha Clean ist f\u00fcr unterschiedliche Bedarfe geeignet und in Beh\u00e4ltern von 16L und 27L erh\u00e4ltlich.<br \/>\n<\/span>[\/vc_column_text][\/vc_column][vc_column width=&#8221;1\/3&#8243; css=&#8221;.vc_custom_1635215436755{margin-bottom: 0px !important;padding-bottom: 0px !important;}&#8221;][vc_single_image image=&#8221;2808&#8243; img_size=&#8221;full&#8221; alignment=&#8221;right&#8221; css=&#8221;.vc_custom_1659451442406{margin-bottom: 60px !important;}&#8221; el_class=&#8221;product-img&#8221;][\/vc_column][\/vc_row][vc_row gap=&#8221;35&#8243; content_placement=&#8221;middle&#8221; css=&#8221;.vc_custom_1655476113017{margin-bottom: 60px !important;}&#8221;][vc_column width=&#8221;1\/2&#8243;][vc_single_image image=&#8221;7196&#8243; img_size=&#8221;full&#8221; alignment=&#8221;center&#8221;][\/vc_column][vc_column width=&#8221;1\/2&#8243;][vc_custom_heading text=&#8221;Effektive Reinigung&#8221; use_theme_fonts=&#8221;yes&#8221; css=&#8221;.vc_custom_1759324483800{margin-bottom: 30px !important;}&#8221;][vc_column_text css=&#8221;&#8221;]Die Alpha Clean-Produktreihe umfasst einen Autoklav und ein neutrales Produkt (Solution Clean One+), mit denen alle Instrumente nach dem Gebrauch automatisch und vollst\u00e4ndig behandelt werden k\u00f6nnen.[\/vc_column_text][\/vc_column][\/vc_row][vc_row gap=&#8221;35&#8243; content_placement=&#8221;middle&#8221; css=&#8221;.vc_custom_1655476145533{margin-bottom: 60px !important;}&#8221;][vc_column width=&#8221;1\/2&#8243;][vc_custom_heading text=&#8221;Ultraschall&#8221; use_theme_fonts=&#8221;yes&#8221; css=&#8221;.vc_custom_1659453001336{margin-bottom: 30px !important;}&#8221;][vc_column_text css=&#8221;&#8221;]Ultraschallwellen sind akustische Wellen mit einer Frequenz zwischen 16 kHz und 10 MHz.Ihre Wirksamkeit bei der Vorreinigung ist erwiesen und sie k\u00f6nnen f\u00fcr die Wiederaufbereitung von Medizinprodukten in der Sterilisation als Erg\u00e4nzung zur manuellen Reinigung oder zur Reinigung in einem Reinigungs- und Desinfektionsger\u00e4t verwendet werden. Es ist zu beachten, dass diese Vorwaschbehandlung nicht ausreicht, um eine ordnungsgem\u00e4\u00dfe Reinigung der Instrumente vor der Sterilisation zu gew\u00e4hrleisten..[\/vc_column_text][\/vc_column][vc_column width=&#8221;1\/2&#8243;][vc_single_image image=&#8221;7203&#8243; img_size=&#8221;full&#8221; alignment=&#8221;center&#8221;][\/vc_column][\/vc_row][vc_row gap=&#8221;35&#8243; content_placement=&#8221;middle&#8221; css=&#8221;.vc_custom_1655476113017{margin-bottom: 60px !important;}&#8221;][vc_column width=&#8221;1\/2&#8243;][vc_single_image image=&#8221;7210&#8243; img_size=&#8221;full&#8221; alignment=&#8221;center&#8221;][\/vc_column][vc_column width=&#8221;1\/2&#8243;][vc_custom_heading text=&#8221;Einfache Methode&#8221; use_theme_fonts=&#8221;yes&#8221; css=&#8221;.vc_custom_1659453041881{margin-bottom: 30px !important;}&#8221;][vc_column_text]Das Ger\u00e4t verf\u00fcgt \u00fcber einen einzigen Ultraschall-Reinigungsbeh\u00e4lter, der sich wie eine Schublade \u00f6ffnen l\u00e4sst. Verschmutzte Instrumente aus dem Pflege- und Behandlungsbereich werden direkt dort abgelegt.Die Zyklusdauer betr\u00e4gt 45 min.[\/vc_column_text][\/vc_column][\/vc_row][vc_row full_width=&#8221;stretch_row&#8221; gap=&#8221;35&#8243; content_placement=&#8221;middle&#8221; css=&#8221;.vc_custom_1659452939036{margin-bottom: 60px !important;padding-top: 60px !important;padding-bottom: 60px !important;background-color: #f68d2e !important;background-position: center !important;background-repeat: no-repeat !important;background-size: cover !important;}&#8221;][vc_column][vc_column_text]<\/p>\n<h3 style=\"text-align: center;\"><span style=\"color: #ffffff;\">Dieses Produkt wurde gem\u00e4\u00df den Anforderungen einer Qualit\u00e4tsorganisation hergestellt<\/span><\/h3>\n<h3 style=\"text-align: center;\"><span style=\"color: #ffffff;\">zertifiziert gem\u00e4\u00df ISO 9001 \u2013 ISO 13485 (Version 2008) <\/span><\/h3>\n<p>[\/vc_column_text][vc_column_text]<\/p>\n<p style=\"text-align: center;\"><span style=\"color: #ffffff;\"><em>Hergestellt in Frankreich von Oxy&#8217;Pharm gem\u00e4\u00df Norm ISO 13485.<\/em><\/span><\/p>\n<p>[\/vc_column_text][\/vc_column][\/vc_row][vc_row gap=&#8221;15&#8243; content_placement=&#8221;top&#8221; css=&#8221;.vc_custom_1658837484174{margin-bottom: 60px !important;}&#8221; el_class=&#8221;row-icons&#8221;][vc_column width=&#8221;1\/5&#8243; el_class=&#8221;icon-text&#8221;][vc_icon icon_fontawesome=&#8221;fas fa-ban&#8221; color=&#8221;custom&#8221; background_style=&#8221;rounded&#8221; background_color=&#8221;custom&#8221; size=&#8221;lg&#8221; align=&#8221;center&#8221; css_animation=&#8221;fadeInUp&#8221; custom_color=&#8221;#ffffff&#8221; custom_background_color=&#8221;#f68d2e&#8221;][vc_column_text css=&#8221;.vc_custom_1659452901626{margin-top: 0px !important;}&#8221;]<\/p>\n<h5 class=\"p1\" style=\"text-align: center;\"><span style=\"color: #f68d2e;\">Sicher<\/span><\/h5>\n<p>[\/vc_column_text][vc_column_text css=&#8221;.vc_custom_1659455224581{margin-top: 0px !important;}&#8221;]<\/p>\n<p class=\"p1\" style=\"text-align: center;\">Da keinerlei Handhabung der verschmutzten Instrumente erforderlich ist,besteht keinerlei Infektionsrisiko f\u00fcr den Nutzer.<\/p>\n<p>[\/vc_column_text][\/vc_column][vc_column width=&#8221;1\/5&#8243;][vc_icon icon_fontawesome=&#8221;fas fa-sliders-h&#8221; color=&#8221;white&#8221; background_style=&#8221;rounded&#8221; background_color=&#8221;custom&#8221; size=&#8221;lg&#8221; align=&#8221;center&#8221; css_animation=&#8221;fadeInUp&#8221; custom_background_color=&#8221;#f68d2e&#8221;][vc_column_text css=&#8221;.vc_custom_1659455282486{margin-top: 0px !important;}&#8221;]<\/p>\n<h5 class=\"p1\" style=\"text-align: center;\"><span style=\"color: #f68d2e;\">Automatische Dosierung<\/span><\/h5>\n<p>[\/vc_column_text][vc_column_text css=&#8221;.vc_custom_1659455232727{margin-top: 0px !important;}&#8221;]<\/p>\n<p style=\"text-align: center;\">Das Desinfektions-\/Reinigungsmittel wird bei jedem Zyklus automatisch von einer Peristaltikpumpe dosiert.<\/p>\n<p>[\/vc_column_text][\/vc_column][vc_column width=&#8221;1\/5&#8243; el_class=&#8221;icon-text&#8221;][vc_icon icon_fontawesome=&#8221;fas fa-shield-alt&#8221; color=&#8221;white&#8221; background_style=&#8221;rounded&#8221; background_color=&#8221;custom&#8221; size=&#8221;lg&#8221; align=&#8221;center&#8221; css_animation=&#8221;fadeInUp&#8221; custom_background_color=&#8221;#f68d2e&#8221;][vc_column_text css=&#8221;.vc_custom_1659455286506{margin-top: 0px !important;}&#8221;]<\/p>\n<h5 class=\"p1\" style=\"text-align: center;\"><span style=\"color: #f68d2e;\">Effizient<\/span><\/h5>\n<p>[\/vc_column_text][vc_column_text css=&#8221;.vc_custom_1659455240578{margin-top: 0px !important;}&#8221;]<\/p>\n<p style=\"text-align: center;\">Das Ultraschallsystem desinfiziert selbst die schwer zug\u00e4nglichen Winkel der komplexesten Instrumente.<\/p>\n<p>[\/vc_column_text][\/vc_column][vc_column width=&#8221;1\/5&#8243; el_class=&#8221;icon-text&#8221;][vc_icon icon_fontawesome=&#8221;fas fa-piggy-bank&#8221; color=&#8221;white&#8221; background_style=&#8221;rounded&#8221; background_color=&#8221;custom&#8221; size=&#8221;lg&#8221; align=&#8221;center&#8221; css_animation=&#8221;fadeInUp&#8221; custom_background_color=&#8221;#f68d2e&#8221;][vc_column_text css=&#8221;.vc_custom_1659452922082{margin-top: 0px !important;}&#8221;]<\/p>\n<h5 class=\"p1\" style=\"text-align: center;\"><span style=\"color: #f68d2e;\">Sparsam<\/span><\/h5>\n<p>[\/vc_column_text][vc_column_text css=&#8221;.vc_custom_1659455248554{margin-top: 0px !important;}&#8221;]<\/p>\n<p style=\"text-align: center;\">\u00c4u\u00dferst sparsam im Produktverbrauch.<\/p>\n<p>[\/vc_column_text][\/vc_column][vc_column width=&#8221;1\/5&#8243; el_class=&#8221;icon-text&#8221;][vc_icon icon_fontawesome=&#8221;fas fa-sync-alt&#8221; color=&#8221;white&#8221; background_style=&#8221;rounded&#8221; background_color=&#8221;custom&#8221; size=&#8221;lg&#8221; align=&#8221;center&#8221; css_animation=&#8221;fadeInUp&#8221; custom_background_color=&#8221;#f68d2e&#8221;][vc_column_text css=&#8221;.vc_custom_1659455275049{margin-top: 0px !important;}&#8221;]<\/p>\n<h5 class=\"p1\" style=\"text-align: center;\"><span style=\"color: #f68d2e;\">Betriebsdauer<\/span><\/h5>\n<p>[\/vc_column_text][vc_column_text css=&#8221;.vc_custom_1659455257347{margin-top: 0px !important;}&#8221;]<\/p>\n<p style=\"text-align: center;\">30 Zyklen Betriebsdauer.<\/p>\n<p>[\/vc_column_text][\/vc_column][\/vc_row][vc_row full_width=&#8221;stretch_row&#8221; gap=&#8221;35&#8243; content_placement=&#8221;middle&#8221; css=&#8221;.vc_custom_1658848682752{margin-bottom: 60px !important;padding-top: 60px !important;padding-bottom: 60px !important;background-color: #eaeaea !important;background-position: center !important;background-repeat: no-repeat !important;background-size: cover !important;}&#8221;][vc_column][vc_custom_heading text=&#8221;Technische Daten&#8221; use_theme_fonts=&#8221;yes&#8221; css=&#8221;.vc_custom_1659454529769{margin-bottom: 30px !important;}&#8221;][vc_row_inner][vc_column_inner width=&#8221;1\/2&#8243;][vc_column_text]Ma\u00dfe (L x B x H cm) : 60 x 55,5 x 48 cm<\/p>\n<p>Leergewicht:<\/p>\n<p>&#8211; 18 L: 40 kg<\/p>\n<p>&#8211; 27 L: 46 kg<\/p>\n<p>Temperatur: 0 \u00b0C bis 70 \u00b0C<\/p>\n<p>Luftfeuchte: 25% bis 75% RH ohne Kondensatbildung<\/p>\n<p>Atmosph\u00e4rischer Druck: 700 bis 1060 hPa[\/vc_column_text][\/vc_column_inner][vc_column_inner width=&#8221;1\/2&#8243;][vc_column_text]Temperatur: 15\u00b0C bis 40\u00b0C<\/p>\n<p>Durchschnittlicher Fl\u00fcssigkeitsdurchsatz: 1 000 ml\/h<\/p>\n<p>Lagerbedingungen:<\/p>\n<p>Temperatur: 0 \u00b0C bis 70 \u00b0C Luftfeuchte: 10 % bis 95 %<\/p>\n<p>Leistung: 1 000 W<\/p>\n<p>Durchschnittliche Partikelgr\u00f6\u00dfe: &lt;5 \u03bc[\/vc_column_text][\/vc_column_inner][\/vc_row_inner][\/vc_column][\/vc_row][vc_row css=&#8221;.vc_custom_1655728435997{margin-bottom: 60px !important;}&#8221;][vc_column][vc_custom_heading text=&#8221;Kompatibilit\u00e4t<br \/>\ndes Alpha Clean&#8221; use_theme_fonts=&#8221;yes&#8221;][\/vc_column][\/vc_row][vc_row css=&#8221;.vc_custom_1635217084022{margin-bottom: 30px !important;}&#8221;][vc_column][vc_custom_heading text=&#8221;Vordesinfizierendes Reinigungsmittel:&#8221; font_container=&#8221;tag:h4|text_align:left|color:%23222f3a&#8221; google_fonts=&#8221;font_family:Raleway%3A100%2C200%2C300%2Cregular%2C500%2C600%2C700%2C800%2C900|font_style:600%20bold%20regular%3A600%3Anormal&#8221;][\/vc_column][\/vc_row][vc_row el_class=&#8221;products-list&#8221; css=&#8221;.vc_custom_1634604899105{margin-bottom: 60px !important;}&#8221;][vc_column width=&#8221;1\/4&#8243;]<div class=\"templatera_shortcode\"><a href=\"https:\/\/www.oxypharm.net\/alphaclean\/clean-one\/\">\r\n<img loading=\"lazy\" decoding=\"async\" class=\"wp-image-21226 alignleft\" src=\"https:\/\/www.oxypharm.net\/wp-content\/uploads\/2025\/03\/cleanOne-208x300.png\" alt=\"\" width=\"233\" height=\"336\" srcset=\"https:\/\/www.oxypharm.net\/wp-content\/uploads\/2025\/03\/cleanOne-208x300.png 208w, https:\/\/www.oxypharm.net\/wp-content\/uploads\/2025\/03\/cleanOne.png 499w\" sizes=\"auto, (max-width: 233px) 100vw, 233px\" \/><\/a>\r\n\r\n&nbsp;\r\n\r\n&nbsp;\r\n\r\n&nbsp;\r\n\r\n&nbsp;\r\n\r\n&nbsp;\r\n\r\n&nbsp;\r\n\r\n&nbsp;\r\n<p style=\"text-align: center;\"><a class=\"btn\" href=\"https:\/\/www.oxypharm.net\/alphaclean\/clean-one\/\">Clean One+<\/a><\/p><\/div>[\/vc_column][vc_column width=&#8221;1\/4&#8243;][\/vc_column][vc_column width=&#8221;1\/4&#8243;][\/vc_column][vc_column width=&#8221;1\/4&#8243;][\/vc_column][\/vc_row][vc_row disable_element=&#8221;yes&#8221; css=&#8221;.vc_custom_1659513394520{margin-bottom: 30px !important;}&#8221;][vc_column][vc_custom_heading text=&#8221;Zubeh\u00f6r&#8221; font_container=&#8221;tag:h4|text_align:left|color:%23222f3a&#8221; google_fonts=&#8221;font_family:Raleway%3A100%2C200%2C300%2Cregular%2C500%2C600%2C700%2C800%2C900|font_style:600%20bold%20regular%3A600%3Anormal&#8221;][\/vc_column][\/vc_row][vc_row disable_element=&#8221;yes&#8221; el_class=&#8221;products-list&#8221;][vc_column width=&#8221;1\/4&#8243;][\/vc_column][vc_column width=&#8221;1\/4&#8243;][\/vc_column][vc_column width=&#8221;1\/4&#8243;][\/vc_column][vc_column width=&#8221;1\/4&#8243;][\/vc_column][\/vc_row][vc_row css=&#8221;.vc_custom_1650402885496{margin-top: 90px !important;}&#8221;][vc_column][\/vc_column][\/vc_row]<\/p>\n<\/div>","protected":false},"excerpt":{"rendered":"","protected":false},"author":3,"featured_media":0,"parent":9569,"menu_order":0,"comment_status":"closed","ping_status":"closed","template":"","meta":{"_acf_changed":false,"footnotes":""},"class_list":["post-9815","page","type-page","status-publish","hentry"],"acf":[],"yoast_head":"<!-- This site is optimized with the Yoast SEO plugin v26.1.1 - https:\/\/yoast.com\/wordpress\/plugins\/seo\/ -->\n<title>Alpha Clean - Oxy&#039;Pharm<\/title>\n<meta name=\"robots\" content=\"index, follow, max-snippet:-1, max-image-preview:large, max-video-preview:-1\" \/>\n<link rel=\"canonical\" href=\"https:\/\/www.oxypharm.net\/de\/alphaclean\/alpha-clean\/\" \/>\n<meta property=\"og:locale\" content=\"de_DE\" \/>\n<meta property=\"og:type\" content=\"article\" \/>\n<meta property=\"og:title\" content=\"Alpha Clean - Oxy&#039;Pharm\" \/>\n<meta property=\"og:url\" content=\"https:\/\/www.oxypharm.net\/de\/alphaclean\/alpha-clean\/\" \/>\n<meta property=\"og:site_name\" content=\"Oxy&#039;Pharm\" \/>\n<meta property=\"article:publisher\" content=\"https:\/\/www.facebook.com\/profile.php?id=100065087790394\" \/>\n<meta property=\"article:modified_time\" content=\"2025-10-01T13:41:57+00:00\" \/>\n<meta name=\"twitter:card\" content=\"summary_large_image\" \/>\n<meta name=\"twitter:site\" content=\"@OxyPharm\" \/>\n<meta name=\"twitter:label1\" content=\"Est. reading time\" \/>\n\t<meta name=\"twitter:data1\" content=\"4 minutes\" \/>\n<script type=\"application\/ld+json\" class=\"yoast-schema-graph\">{\"@context\":\"https:\/\/schema.org\",\"@graph\":[{\"@type\":\"WebPage\",\"@id\":\"https:\/\/www.oxypharm.net\/de\/alphaclean\/alpha-clean\/\",\"url\":\"https:\/\/www.oxypharm.net\/de\/alphaclean\/alpha-clean\/\",\"name\":\"Alpha Clean - Oxy&#039;Pharm\",\"isPartOf\":{\"@id\":\"https:\/\/www.oxypharm.net\/#website\"},\"datePublished\":\"2022-09-26T11:52:08+00:00\",\"dateModified\":\"2025-10-01T13:41:57+00:00\",\"breadcrumb\":{\"@id\":\"https:\/\/www.oxypharm.net\/de\/alphaclean\/alpha-clean\/#breadcrumb\"},\"inLanguage\":\"de-DE\",\"potentialAction\":[{\"@type\":\"ReadAction\",\"target\":[\"https:\/\/www.oxypharm.net\/de\/alphaclean\/alpha-clean\/\"]}]},{\"@type\":\"BreadcrumbList\",\"@id\":\"https:\/\/www.oxypharm.net\/de\/alphaclean\/alpha-clean\/#breadcrumb\",\"itemListElement\":[{\"@type\":\"ListItem\",\"position\":1,\"name\":\"Accueil\",\"item\":\"https:\/\/www.oxypharm.net\/de\/\"},{\"@type\":\"ListItem\",\"position\":2,\"name\":\"Alphaclean\",\"item\":\"https:\/\/www.oxypharm.net\/de\/alphaclean\/\"},{\"@type\":\"ListItem\",\"position\":3,\"name\":\"Alpha Clean\"}]},{\"@type\":\"WebSite\",\"@id\":\"https:\/\/www.oxypharm.net\/#website\",\"url\":\"https:\/\/www.oxypharm.net\/\",\"name\":\"Oxy&#039;Pharm\",\"description\":\"\",\"publisher\":{\"@id\":\"https:\/\/www.oxypharm.net\/#organization\"},\"potentialAction\":[{\"@type\":\"SearchAction\",\"target\":{\"@type\":\"EntryPoint\",\"urlTemplate\":\"https:\/\/www.oxypharm.net\/?s={search_term_string}\"},\"query-input\":{\"@type\":\"PropertyValueSpecification\",\"valueRequired\":true,\"valueName\":\"search_term_string\"}}],\"inLanguage\":\"de-DE\"},{\"@type\":\"Organization\",\"@id\":\"https:\/\/www.oxypharm.net\/#organization\",\"name\":\"Oxy'pharm\",\"alternateName\":\"Oxypharm\",\"url\":\"https:\/\/www.oxypharm.net\/\",\"logo\":{\"@type\":\"ImageObject\",\"inLanguage\":\"de-DE\",\"@id\":\"https:\/\/www.oxypharm.net\/#\/schema\/logo\/image\/\",\"url\":\"https:\/\/www.oxypharm.net\/wp-content\/uploads\/2023\/06\/Logo-Medtradex-Oxypharm.jpg\",\"contentUrl\":\"https:\/\/www.oxypharm.net\/wp-content\/uploads\/2023\/06\/Logo-Medtradex-Oxypharm.jpg\",\"width\":500,\"height\":500,\"caption\":\"Oxy'pharm\"},\"image\":{\"@id\":\"https:\/\/www.oxypharm.net\/#\/schema\/logo\/image\/\"},\"sameAs\":[\"https:\/\/www.facebook.com\/profile.php?id=100065087790394\",\"https:\/\/x.com\/OxyPharm\",\"https:\/\/www.instagram.com\/oxy_pharm\/\",\"https:\/\/www.linkedin.com\/company\/oxy-pharm\/\",\"https:\/\/www.youtube.com\/channel\/UCwTjwWFZWcMdPPlvkTuiurw\"]}]}<\/script>\n<!-- \/ Yoast SEO plugin. -->","yoast_head_json":{"title":"Alpha Clean - Oxy&#039;Pharm","robots":{"index":"index","follow":"follow","max-snippet":"max-snippet:-1","max-image-preview":"max-image-preview:large","max-video-preview":"max-video-preview:-1"},"canonical":"https:\/\/www.oxypharm.net\/de\/alphaclean\/alpha-clean\/","og_locale":"de_DE","og_type":"article","og_title":"Alpha Clean - Oxy&#039;Pharm","og_url":"https:\/\/www.oxypharm.net\/de\/alphaclean\/alpha-clean\/","og_site_name":"Oxy&#039;Pharm","article_publisher":"https:\/\/www.facebook.com\/profile.php?id=100065087790394","article_modified_time":"2025-10-01T13:41:57+00:00","twitter_card":"summary_large_image","twitter_site":"@OxyPharm","twitter_misc":{"Est. reading time":"4 minutes"},"schema":{"@context":"https:\/\/schema.org","@graph":[{"@type":"WebPage","@id":"https:\/\/www.oxypharm.net\/de\/alphaclean\/alpha-clean\/","url":"https:\/\/www.oxypharm.net\/de\/alphaclean\/alpha-clean\/","name":"Alpha Clean - Oxy&#039;Pharm","isPartOf":{"@id":"https:\/\/www.oxypharm.net\/#website"},"datePublished":"2022-09-26T11:52:08+00:00","dateModified":"2025-10-01T13:41:57+00:00","breadcrumb":{"@id":"https:\/\/www.oxypharm.net\/de\/alphaclean\/alpha-clean\/#breadcrumb"},"inLanguage":"de-DE","potentialAction":[{"@type":"ReadAction","target":["https:\/\/www.oxypharm.net\/de\/alphaclean\/alpha-clean\/"]}]},{"@type":"BreadcrumbList","@id":"https:\/\/www.oxypharm.net\/de\/alphaclean\/alpha-clean\/#breadcrumb","itemListElement":[{"@type":"ListItem","position":1,"name":"Accueil","item":"https:\/\/www.oxypharm.net\/de\/"},{"@type":"ListItem","position":2,"name":"Alphaclean","item":"https:\/\/www.oxypharm.net\/de\/alphaclean\/"},{"@type":"ListItem","position":3,"name":"Alpha Clean"}]},{"@type":"WebSite","@id":"https:\/\/www.oxypharm.net\/#website","url":"https:\/\/www.oxypharm.net\/","name":"Oxy&#039;Pharm","description":"","publisher":{"@id":"https:\/\/www.oxypharm.net\/#organization"},"potentialAction":[{"@type":"SearchAction","target":{"@type":"EntryPoint","urlTemplate":"https:\/\/www.oxypharm.net\/?s={search_term_string}"},"query-input":{"@type":"PropertyValueSpecification","valueRequired":true,"valueName":"search_term_string"}}],"inLanguage":"de-DE"},{"@type":"Organization","@id":"https:\/\/www.oxypharm.net\/#organization","name":"Oxy'pharm","alternateName":"Oxypharm","url":"https:\/\/www.oxypharm.net\/","logo":{"@type":"ImageObject","inLanguage":"de-DE","@id":"https:\/\/www.oxypharm.net\/#\/schema\/logo\/image\/","url":"https:\/\/www.oxypharm.net\/wp-content\/uploads\/2023\/06\/Logo-Medtradex-Oxypharm.jpg","contentUrl":"https:\/\/www.oxypharm.net\/wp-content\/uploads\/2023\/06\/Logo-Medtradex-Oxypharm.jpg","width":500,"height":500,"caption":"Oxy'pharm"},"image":{"@id":"https:\/\/www.oxypharm.net\/#\/schema\/logo\/image\/"},"sameAs":["https:\/\/www.facebook.com\/profile.php?id=100065087790394","https:\/\/x.com\/OxyPharm","https:\/\/www.instagram.com\/oxy_pharm\/","https:\/\/www.linkedin.com\/company\/oxy-pharm\/","https:\/\/www.youtube.com\/channel\/UCwTjwWFZWcMdPPlvkTuiurw"]}]}},"_links":{"self":[{"href":"https:\/\/www.oxypharm.net\/de\/wp-json\/wp\/v2\/pages\/9815","targetHints":{"allow":["GET"]}}],"collection":[{"href":"https:\/\/www.oxypharm.net\/de\/wp-json\/wp\/v2\/pages"}],"about":[{"href":"https:\/\/www.oxypharm.net\/de\/wp-json\/wp\/v2\/types\/page"}],"author":[{"embeddable":true,"href":"https:\/\/www.oxypharm.net\/de\/wp-json\/wp\/v2\/users\/3"}],"replies":[{"embeddable":true,"href":"https:\/\/www.oxypharm.net\/de\/wp-json\/wp\/v2\/comments?post=9815"}],"version-history":[{"count":4,"href":"https:\/\/www.oxypharm.net\/de\/wp-json\/wp\/v2\/pages\/9815\/revisions"}],"predecessor-version":[{"id":23256,"href":"https:\/\/www.oxypharm.net\/de\/wp-json\/wp\/v2\/pages\/9815\/revisions\/23256"}],"up":[{"embeddable":true,"href":"https:\/\/www.oxypharm.net\/de\/wp-json\/wp\/v2\/pages\/9569"}],"wp:attachment":[{"href":"https:\/\/www.oxypharm.net\/de\/wp-json\/wp\/v2\/media?parent=9815"}],"curies":[{"name":"wp","href":"https:\/\/api.w.org\/{rel}","templated":true}]}}