{"id":9809,"date":"2022-09-26T11:52:07","date_gmt":"2022-09-26T11:52:07","guid":{"rendered":"https:\/\/preprod.oxypharm.net\/alphaclean\/clean-one\/"},"modified":"2023-04-20T09:36:03","modified_gmt":"2023-04-20T09:36:03","slug":"clean-one","status":"publish","type":"page","link":"https:\/\/www.oxypharm.net\/de\/alphaclean\/clean-one\/","title":{"rendered":"Clean One"},"content":{"rendered":"<div class=\"wpb-content-wrapper\"><p>[vc_row full_width=&#8221;stretch_row&#8221; el_class=&#8221;hero&#8221; css=&#8221;.vc_custom_1659452869631{margin-bottom: 0px !important;padding-top: 50px !important;padding-bottom: 0px !important;background-color: #f68d2e !important;}&#8221;][vc_column][vc_custom_heading text=&#8221;Clean One&#8221; font_container=&#8221;tag:h1|text_align:left|color:%23ffffff&#8221; google_fonts=&#8221;font_family:Raleway%3A100%2C200%2C300%2Cregular%2C500%2C600%2C700%2C800%2C900|font_style:900%20bold%20regular%3A900%3Anormal&#8221; css=&#8221;.vc_custom_1659514390444{margin-bottom: 10px !important;}&#8221;][vc_column_text el_class=&#8221;ariane-white&#8221;]<span style=\"color: white;\"><a class=\"white\" href=\"\/\">Startseite<\/a> > <a class=\"white\" href=\"https:\/\/www.oxypharm.net\/de\/losungen\/\">Unsere L\u00f6sungen<\/a> > <a class=\"white\" href=\"\/nettoyage-pre-desinfection\/\">Reinigung &#038; Vordesinfektion<\/a> >Clean One<\/span>[\/vc_column_text][\/vc_column][\/vc_row][vc_row full_width=&#8221;stretch_row&#8221; gap=&#8221;35&#8243; equal_height=&#8221;yes&#8221; css=&#8221;.vc_custom_1659452888164{margin-bottom: 60px !important;background-color: #f68d2e !important;background-position: center !important;background-repeat: no-repeat !important;background-size: cover !important;}&#8221; el_class=&#8221;row-product&#8221;][vc_column width=&#8221;2\/3&#8243;][vc_column_text el_class=&#8221;intro&#8221;]<span style=\"color: #ffffff;\">Die L\u00f6sung <strong>Clean One<\/strong> ist ein fl\u00fcssiges Desinfektionsmittel f\u00fcr die Vordesinfektion von thermostabilen und thermosensiblen Instrumente, das nur mit den Ger\u00e4ten der Alpha Clean-Reihe kompatibel ist.Erh\u00e4ltlich im 5L Kanister.<\/span>[\/vc_column_text][vc_column_text el_class=&#8221;intro&#8221;]<span style=\"color: #ffffff;\">Bakterizide Wirkung gem\u00e4\u00df EN 13727 und EN 14561 -. Dosierung: 5 ml\/l (0,5%), 15 min, 20\u00b0C.Levurozide Wirkung gem\u00e4\u00df EN 13624 und EN 14562 \u2013 Dosierung: 5 ml\/l (0,5%), 15 min, 20\u00b0C.<\/span>[\/vc_column_text][\/vc_column][vc_column width=&#8221;1\/3&#8243; css=&#8221;.vc_custom_1635215436755{margin-bottom: 0px !important;padding-bottom: 0px !important;}&#8221;][vc_single_image image=&#8221;2901&#8243; img_size=&#8221;full&#8221; alignment=&#8221;right&#8221; el_class=&#8221;product-img&#8221; css=&#8221;.vc_custom_1659514452123{margin-bottom: 60px !important;}&#8221;][\/vc_column][\/vc_row][vc_row gap=&#8221;35&#8243; content_placement=&#8221;top&#8221; css=&#8221;.vc_custom_1659514746540{margin-bottom: 60px !important;}&#8221;][vc_column width=&#8221;1\/2&#8243;][vc_custom_heading text=&#8221;Eine L\u00f6sung One&#8221; use_theme_fonts=&#8221;yes&#8221; css=&#8221;.vc_custom_1659514531973{margin-bottom: 30px !important;}&#8221;][vc_column_text]Die Clean-One-L\u00f6sung ist ein konzentriertes Produkt, das sich in den Desinfektionsger\u00e4ten der Alpha-Clean-Reihe automatisch verd\u00fcnnt.Das Wirkspektrum von Clean One: bakterizid, levurozid und viruzid.[\/vc_column_text][\/vc_column][vc_column width=&#8221;1\/2&#8243;][vc_custom_heading text=&#8221;Vollst\u00e4ndig biologisch abbaubar&#8221; use_theme_fonts=&#8221;yes&#8221; css=&#8221;.vc_custom_1659514553599{margin-bottom: 30px !important;}&#8221;][vc_column_text]Die L\u00f6sung Clean One ist vollst\u00e4ndig biologisch abbaubar und hinterl\u00e4sst keinerlei R\u00fcckst\u00e4nde auf den Instrumenten nach der Behandlung.[\/vc_column_text][\/vc_column][\/vc_row][vc_row gap=&#8221;35&#8243; el_class=&#8221;products-list&#8221; css=&#8221;.vc_custom_1659592160113{margin-bottom: 60px !important;}&#8221;][vc_column width=&#8221;1\/2&#8243;][vc_custom_heading text=&#8221;Zusammensetzung&#8221; use_theme_fonts=&#8221;yes&#8221; css=&#8221;.vc_custom_1659514733996{margin-bottom: 30px !important;}&#8221;][vc_column_text]N-Dodecylpropan 1,3-diamin, amphotere Tenside, Milchs\u00e4uren, alkoxylierte Fettalkohole[\/vc_column_text][\/vc_column][vc_column width=&#8221;1\/2&#8243;][vc_row_inner][vc_column_inner width=&#8221;1\/2&#8243;][vc_custom_heading text=&#8221;Kompatibilit\u00e4t&#8221; use_theme_fonts=&#8221;yes&#8221; css=&#8221;.vc_custom_1659592232826{margin-bottom: 30px !important;}&#8221;]<div class=\"templatera_shortcode\"><div class=\"vc_row wpb_row vc_row-fluid mpc-row\"><div class=\"wpb_column vc_column_container vc_col-sm-12 mpc-column\" data-column-id=\"mpc_column-2069f095297172e\"><div class=\"vc_column-inner\"><div class=\"wpb_wrapper\">\n\t<div class=\"wpb_single_image wpb_content_element vc_align_center wpb_content_element\">\n\t\t\n\t\t<figure class=\"wpb_wrapper vc_figure\">\n\t\t\t<a href=\"\/de\/alphaclean\/alpha-clean\/\" target=\"_self\" class=\"vc_single_image-wrapper   vc_box_border_grey\"><img loading=\"lazy\" decoding=\"async\" width=\"300\" height=\"300\" src=\"https:\/\/www.oxypharm.net\/wp-content\/uploads\/2022\/02\/alphaclean_principale-300x300.png\" class=\"vc_single_image-img attachment-thumbnail\" alt=\"\" title=\"alphaclean_principale\" srcset=\"https:\/\/www.oxypharm.net\/wp-content\/uploads\/2022\/02\/alphaclean_principale-300x300.png 300w, https:\/\/www.oxypharm.net\/wp-content\/uploads\/2022\/02\/alphaclean_principale-1200x1200.png 1200w, https:\/\/www.oxypharm.net\/wp-content\/uploads\/2022\/02\/alphaclean_principale-1920x1920.png 1920w\" sizes=\"auto, (max-width: 300px) 100vw, 300px\"><\/a>\n\t\t<\/figure>\n\t<\/div>\n\n\t<div class=\"wpb_text_column wpb_content_element\">\n\t\t<div class=\"wpb_wrapper\">\n\t\t\t<p class=\"p1\" style=\"text-align: center;\"><a class=\"btn\" href=\"\/de\/alphaclean\/alpha-clean\/\">Alpha Clean<\/a><\/p>\n\n\t\t<\/div>\n\t<\/div>\n<\/div><\/div><\/div><\/div>\r\n<\/div>[\/vc_column_inner][vc_column_inner width=&#8221;1\/2&#8243;][\/vc_column_inner][\/vc_row_inner][\/vc_column][\/vc_row][vc_row gap=&#8221;15&#8243; content_placement=&#8221;top&#8221; disable_element=&#8221;yes&#8221; css=&#8221;.vc_custom_1659592530152{margin-bottom: 60px !important;}&#8221; el_class=&#8221;row-icons&#8221;][vc_column width=&#8221;1\/5&#8243; el_class=&#8221;icon-text&#8221;][\/vc_column][vc_column width=&#8221;1\/5&#8243; el_class=&#8221;icon-text&#8221;][vc_icon icon_fontawesome=&#8221;fas fa-shield-alt&#8221; color=&#8221;white&#8221; background_style=&#8221;rounded&#8221; background_color=&#8221;custom&#8221; size=&#8221;lg&#8221; align=&#8221;center&#8221; css_animation=&#8221;fadeInUp&#8221; custom_background_color=&#8221;#f68d2e&#8221;][vc_column_text effects_enabled_delay=&#8221;&#8221; css=&#8221;.vc_custom_1659455286506{margin-top: 0px !important;}&#8221;]<\/p>\n<h5 class=\"p1\" style=\"text-align: center;\"><span style=\"color: #f68d2e;\">Effizient<\/span><\/h5>\n<p>[\/vc_column_text][vc_column_text effects_enabled_delay=&#8221;&#8221; css=&#8221;.vc_custom_1659455240578{margin-top: 0px !important;}&#8221;]<\/p>\n<p style=\"text-align: center;\">Das Ultraschallsystem desinfiziert selbst die schwer zug\u00e4nglichen Winkel der komplexesten Instrumente.<\/p>\n<p>[\/vc_column_text][\/vc_column][vc_column width=&#8221;1\/5&#8243;][vc_icon icon_fontawesome=&#8221;fas fa-sliders-h&#8221; color=&#8221;white&#8221; background_style=&#8221;rounded&#8221; background_color=&#8221;custom&#8221; size=&#8221;lg&#8221; align=&#8221;center&#8221; css_animation=&#8221;fadeInUp&#8221; custom_background_color=&#8221;#f68d2e&#8221;][vc_column_text effects_enabled_delay=&#8221;&#8221; css=&#8221;.vc_custom_1659455282486{margin-top: 0px !important;}&#8221;]<\/p>\n<h5 class=\"p1\" style=\"text-align: center;\"><span style=\"color: #f68d2e;\">Automatische Dosierung<\/span><\/h5>\n<p>[\/vc_column_text][vc_column_text effects_enabled_delay=&#8221;&#8221; css=&#8221;.vc_custom_1659455232727{margin-top: 0px !important;}&#8221;]<\/p>\n<p style=\"text-align: center;\">Das Desinfektions-\/Reinigungsmittel wird bei jedem Zyklus automatisch von einer Peristaltikpumpe dosiert.<\/p>\n<p>[\/vc_column_text][\/vc_column][vc_column width=&#8221;1\/5&#8243; el_class=&#8221;icon-text&#8221;][vc_icon icon_fontawesome=&#8221;fas fa-piggy-bank&#8221; color=&#8221;white&#8221; background_style=&#8221;rounded&#8221; background_color=&#8221;custom&#8221; size=&#8221;lg&#8221; align=&#8221;center&#8221; css_animation=&#8221;fadeInUp&#8221; custom_background_color=&#8221;#f68d2e&#8221;][vc_column_text effects_enabled_delay=&#8221;&#8221; css=&#8221;.vc_custom_1659452922082{margin-top: 0px !important;}&#8221;]<\/p>\n<h5 class=\"p1\" style=\"text-align: center;\"><span style=\"color: #f68d2e;\">Sparsam<\/span><\/h5>\n<p>[\/vc_column_text][vc_column_text effects_enabled_delay=&#8221;&#8221; css=&#8221;.vc_custom_1659455248554{margin-top: 0px !important;}&#8221;]<\/p>\n<p style=\"text-align: center;\">\u00c4u\u00dferst sparsam im Produktverbrauch.<\/p>\n<p>[\/vc_column_text][\/vc_column][vc_column width=&#8221;1\/5&#8243; el_class=&#8221;icon-text&#8221;][\/vc_column][\/vc_row][vc_row css=&#8221;.vc_custom_1650402885496{margin-top: 90px !important;}&#8221;][vc_column][\/vc_column][\/vc_row]<\/p>\n<\/div>","protected":false},"excerpt":{"rendered":"","protected":false},"author":3,"featured_media":0,"parent":9569,"menu_order":0,"comment_status":"closed","ping_status":"closed","template":"","meta":{"_acf_changed":false,"footnotes":""},"class_list":["post-9809","page","type-page","status-publish","hentry"],"acf":[],"yoast_head":"<!-- This site is optimized with the Yoast SEO plugin v26.1.1 - https:\/\/yoast.com\/wordpress\/plugins\/seo\/ -->\n<title>Clean One - Oxy&#039;Pharm<\/title>\n<meta name=\"robots\" content=\"index, follow, max-snippet:-1, max-image-preview:large, max-video-preview:-1\" \/>\n<link rel=\"canonical\" href=\"https:\/\/www.oxypharm.net\/de\/alphaclean\/clean-one\/\" \/>\n<meta property=\"og:locale\" content=\"de_DE\" \/>\n<meta property=\"og:type\" content=\"article\" \/>\n<meta property=\"og:title\" content=\"Clean One - Oxy&#039;Pharm\" \/>\n<meta property=\"og:url\" content=\"https:\/\/www.oxypharm.net\/de\/alphaclean\/clean-one\/\" \/>\n<meta property=\"og:site_name\" content=\"Oxy&#039;Pharm\" \/>\n<meta property=\"article:publisher\" content=\"https:\/\/www.facebook.com\/profile.php?id=100065087790394\" \/>\n<meta property=\"article:modified_time\" content=\"2023-04-20T09:36:03+00:00\" \/>\n<meta name=\"twitter:card\" content=\"summary_large_image\" \/>\n<meta name=\"twitter:site\" content=\"@OxyPharm\" \/>\n<meta name=\"twitter:label1\" content=\"Est. reading time\" \/>\n\t<meta name=\"twitter:data1\" content=\"4 minutes\" \/>\n<script type=\"application\/ld+json\" class=\"yoast-schema-graph\">{\"@context\":\"https:\/\/schema.org\",\"@graph\":[{\"@type\":\"WebPage\",\"@id\":\"https:\/\/www.oxypharm.net\/de\/alphaclean\/clean-one\/\",\"url\":\"https:\/\/www.oxypharm.net\/de\/alphaclean\/clean-one\/\",\"name\":\"Clean One - Oxy&#039;Pharm\",\"isPartOf\":{\"@id\":\"https:\/\/www.oxypharm.net\/#website\"},\"datePublished\":\"2022-09-26T11:52:07+00:00\",\"dateModified\":\"2023-04-20T09:36:03+00:00\",\"breadcrumb\":{\"@id\":\"https:\/\/www.oxypharm.net\/de\/alphaclean\/clean-one\/#breadcrumb\"},\"inLanguage\":\"de-DE\",\"potentialAction\":[{\"@type\":\"ReadAction\",\"target\":[\"https:\/\/www.oxypharm.net\/de\/alphaclean\/clean-one\/\"]}]},{\"@type\":\"BreadcrumbList\",\"@id\":\"https:\/\/www.oxypharm.net\/de\/alphaclean\/clean-one\/#breadcrumb\",\"itemListElement\":[{\"@type\":\"ListItem\",\"position\":1,\"name\":\"Accueil\",\"item\":\"https:\/\/www.oxypharm.net\/de\/\"},{\"@type\":\"ListItem\",\"position\":2,\"name\":\"Alphaclean\",\"item\":\"https:\/\/www.oxypharm.net\/de\/alphaclean\/\"},{\"@type\":\"ListItem\",\"position\":3,\"name\":\"Clean One\"}]},{\"@type\":\"WebSite\",\"@id\":\"https:\/\/www.oxypharm.net\/#website\",\"url\":\"https:\/\/www.oxypharm.net\/\",\"name\":\"Oxy&#039;Pharm\",\"description\":\"\",\"publisher\":{\"@id\":\"https:\/\/www.oxypharm.net\/#organization\"},\"potentialAction\":[{\"@type\":\"SearchAction\",\"target\":{\"@type\":\"EntryPoint\",\"urlTemplate\":\"https:\/\/www.oxypharm.net\/?s={search_term_string}\"},\"query-input\":{\"@type\":\"PropertyValueSpecification\",\"valueRequired\":true,\"valueName\":\"search_term_string\"}}],\"inLanguage\":\"de-DE\"},{\"@type\":\"Organization\",\"@id\":\"https:\/\/www.oxypharm.net\/#organization\",\"name\":\"Oxy'pharm\",\"alternateName\":\"Oxypharm\",\"url\":\"https:\/\/www.oxypharm.net\/\",\"logo\":{\"@type\":\"ImageObject\",\"inLanguage\":\"de-DE\",\"@id\":\"https:\/\/www.oxypharm.net\/#\/schema\/logo\/image\/\",\"url\":\"https:\/\/www.oxypharm.net\/wp-content\/uploads\/2023\/06\/Logo-Medtradex-Oxypharm.jpg\",\"contentUrl\":\"https:\/\/www.oxypharm.net\/wp-content\/uploads\/2023\/06\/Logo-Medtradex-Oxypharm.jpg\",\"width\":500,\"height\":500,\"caption\":\"Oxy'pharm\"},\"image\":{\"@id\":\"https:\/\/www.oxypharm.net\/#\/schema\/logo\/image\/\"},\"sameAs\":[\"https:\/\/www.facebook.com\/profile.php?id=100065087790394\",\"https:\/\/x.com\/OxyPharm\",\"https:\/\/www.instagram.com\/oxy_pharm\/\",\"https:\/\/www.linkedin.com\/company\/oxy-pharm\/\",\"https:\/\/www.youtube.com\/channel\/UCwTjwWFZWcMdPPlvkTuiurw\"]}]}<\/script>\n<!-- \/ Yoast SEO plugin. -->","yoast_head_json":{"title":"Clean One - Oxy&#039;Pharm","robots":{"index":"index","follow":"follow","max-snippet":"max-snippet:-1","max-image-preview":"max-image-preview:large","max-video-preview":"max-video-preview:-1"},"canonical":"https:\/\/www.oxypharm.net\/de\/alphaclean\/clean-one\/","og_locale":"de_DE","og_type":"article","og_title":"Clean One - Oxy&#039;Pharm","og_url":"https:\/\/www.oxypharm.net\/de\/alphaclean\/clean-one\/","og_site_name":"Oxy&#039;Pharm","article_publisher":"https:\/\/www.facebook.com\/profile.php?id=100065087790394","article_modified_time":"2023-04-20T09:36:03+00:00","twitter_card":"summary_large_image","twitter_site":"@OxyPharm","twitter_misc":{"Est. reading time":"4 minutes"},"schema":{"@context":"https:\/\/schema.org","@graph":[{"@type":"WebPage","@id":"https:\/\/www.oxypharm.net\/de\/alphaclean\/clean-one\/","url":"https:\/\/www.oxypharm.net\/de\/alphaclean\/clean-one\/","name":"Clean One - Oxy&#039;Pharm","isPartOf":{"@id":"https:\/\/www.oxypharm.net\/#website"},"datePublished":"2022-09-26T11:52:07+00:00","dateModified":"2023-04-20T09:36:03+00:00","breadcrumb":{"@id":"https:\/\/www.oxypharm.net\/de\/alphaclean\/clean-one\/#breadcrumb"},"inLanguage":"de-DE","potentialAction":[{"@type":"ReadAction","target":["https:\/\/www.oxypharm.net\/de\/alphaclean\/clean-one\/"]}]},{"@type":"BreadcrumbList","@id":"https:\/\/www.oxypharm.net\/de\/alphaclean\/clean-one\/#breadcrumb","itemListElement":[{"@type":"ListItem","position":1,"name":"Accueil","item":"https:\/\/www.oxypharm.net\/de\/"},{"@type":"ListItem","position":2,"name":"Alphaclean","item":"https:\/\/www.oxypharm.net\/de\/alphaclean\/"},{"@type":"ListItem","position":3,"name":"Clean One"}]},{"@type":"WebSite","@id":"https:\/\/www.oxypharm.net\/#website","url":"https:\/\/www.oxypharm.net\/","name":"Oxy&#039;Pharm","description":"","publisher":{"@id":"https:\/\/www.oxypharm.net\/#organization"},"potentialAction":[{"@type":"SearchAction","target":{"@type":"EntryPoint","urlTemplate":"https:\/\/www.oxypharm.net\/?s={search_term_string}"},"query-input":{"@type":"PropertyValueSpecification","valueRequired":true,"valueName":"search_term_string"}}],"inLanguage":"de-DE"},{"@type":"Organization","@id":"https:\/\/www.oxypharm.net\/#organization","name":"Oxy'pharm","alternateName":"Oxypharm","url":"https:\/\/www.oxypharm.net\/","logo":{"@type":"ImageObject","inLanguage":"de-DE","@id":"https:\/\/www.oxypharm.net\/#\/schema\/logo\/image\/","url":"https:\/\/www.oxypharm.net\/wp-content\/uploads\/2023\/06\/Logo-Medtradex-Oxypharm.jpg","contentUrl":"https:\/\/www.oxypharm.net\/wp-content\/uploads\/2023\/06\/Logo-Medtradex-Oxypharm.jpg","width":500,"height":500,"caption":"Oxy'pharm"},"image":{"@id":"https:\/\/www.oxypharm.net\/#\/schema\/logo\/image\/"},"sameAs":["https:\/\/www.facebook.com\/profile.php?id=100065087790394","https:\/\/x.com\/OxyPharm","https:\/\/www.instagram.com\/oxy_pharm\/","https:\/\/www.linkedin.com\/company\/oxy-pharm\/","https:\/\/www.youtube.com\/channel\/UCwTjwWFZWcMdPPlvkTuiurw"]}]}},"_links":{"self":[{"href":"https:\/\/www.oxypharm.net\/de\/wp-json\/wp\/v2\/pages\/9809","targetHints":{"allow":["GET"]}}],"collection":[{"href":"https:\/\/www.oxypharm.net\/de\/wp-json\/wp\/v2\/pages"}],"about":[{"href":"https:\/\/www.oxypharm.net\/de\/wp-json\/wp\/v2\/types\/page"}],"author":[{"embeddable":true,"href":"https:\/\/www.oxypharm.net\/de\/wp-json\/wp\/v2\/users\/3"}],"replies":[{"embeddable":true,"href":"https:\/\/www.oxypharm.net\/de\/wp-json\/wp\/v2\/comments?post=9809"}],"version-history":[{"count":1,"href":"https:\/\/www.oxypharm.net\/de\/wp-json\/wp\/v2\/pages\/9809\/revisions"}],"predecessor-version":[{"id":13321,"href":"https:\/\/www.oxypharm.net\/de\/wp-json\/wp\/v2\/pages\/9809\/revisions\/13321"}],"up":[{"embeddable":true,"href":"https:\/\/www.oxypharm.net\/de\/wp-json\/wp\/v2\/pages\/9569"}],"wp:attachment":[{"href":"https:\/\/www.oxypharm.net\/de\/wp-json\/wp\/v2\/media?parent=9809"}],"curies":[{"name":"wp","href":"https:\/\/api.w.org\/{rel}","templated":true}]}}