{"id":9653,"date":"2022-09-26T11:51:32","date_gmt":"2022-09-26T11:51:32","guid":{"rendered":"https:\/\/preprod.oxypharm.net\/losungen\/qualitatskontrolle-und-zubehor\/fernbedienung\/"},"modified":"2023-05-01T23:07:23","modified_gmt":"2023-05-01T23:07:23","slug":"fernbedienung","status":"publish","type":"page","link":"https:\/\/www.oxypharm.net\/de\/losungen\/qualitatskontrolle-und-zubehor\/fernbedienung\/","title":{"rendered":"Fernbedienung"},"content":{"rendered":"<div class=\"wpb-content-wrapper\"><p>[vc_row full_width=&#8221;stretch_row&#8221; el_class=&#8221;hero&#8221; css=&#8221;.vc_custom_1659902587374{margin-bottom: 30px !important;padding-top: 50px !important;padding-bottom: 0px !important;background-color: #aac340 !important;}&#8221;][vc_column][vc_custom_heading text=&#8221;Fernbedienung&#8221; font_container=&#8221;tag:h1|text_align:left|color:%23ffffff&#8221; google_fonts=&#8221;font_family:Raleway%3A100%2C200%2C300%2Cregular%2C500%2C600%2C700%2C800%2C900|font_style:900%20bold%20regular%3A900%3Anormal&#8221; css=&#8221;.vc_custom_1659902321517{margin-bottom: 10px !important;}&#8221;][vc_column_text el_class=&#8221;ariane-white&#8221;]<span style=\"color: white;\"><a class=\"white\" href=\"\/\">Startseite<\/a> > <a class=\"white\" href=\"https:\/\/www.oxypharm.net\/de\/losungen\/\">Unsere L\u00f6sungen<\/a> > <a class=\"white\" href=\"https:\/\/www.oxypharm.net\/de\/losungen\/vordesinfektion\/\">Zubeh\u00f6r<\/a> > Fernbedienung<\/span>[\/vc_column_text][\/vc_column][\/vc_row][vc_row gap=&#8221;35&#8243; content_placement=&#8221;middle&#8221; css=&#8221;.vc_custom_1659902616933{margin-top: 0px !important;padding-top: 0px !important;}&#8221;][vc_column width=&#8221;1\/2&#8243;][vc_custom_heading text=&#8221;Klick, klick&#8221; use_theme_fonts=&#8221;yes&#8221; css=&#8221;.vc_custom_1660133336534{margin-bottom: 30px !important;}&#8221;][vc_column_text]Mit der <strong>Fernbedienung <\/strong> k\u00f6nnen Sie die Zerst\u00e4ubung durch die Ger\u00e4te der Nocospray-Reihe ohne Anwesenheit von Personen von au\u00dferhalb des Raumes gestartet der gestoppt werden. Sie ersetzt die Starttaste des Ger\u00e4ts.Die moderne, formsch\u00f6ne und zugleich funktional Fernbedienung verf\u00fcgt \u00fcber eine drahtlose Technologie und bietet eine Reichweite von 20 Metern.[\/vc_column_text][\/vc_column][vc_column width=&#8221;1\/2&#8243;][vc_single_image image=&#8221;3894&#8243; img_size=&#8221;&#8221;][\/vc_column][\/vc_row][vc_row css=&#8221;.vc_custom_1659710829895{margin-bottom: 30px !important;}&#8221;][vc_column][vc_custom_heading text=&#8221;Kompatibilit\u00e4t&#8221; use_theme_fonts=&#8221;yes&#8221;][\/vc_column][\/vc_row][vc_row content_placement=&#8221;bottom&#8221;][vc_column width=&#8221;1\/4&#8243;]<div class=\"templatera_shortcode\"><div class=\"vc_row wpb_row vc_row-fluid mpc-row\"><div class=\"wpb_column vc_column_container vc_col-sm-12 mpc-column\" data-column-id=\"mpc_column-4769fe94d4563ab\"><div class=\"vc_column-inner\"><div class=\"wpb_wrapper\">\n\t<div class=\"wpb_single_image wpb_content_element vc_align_center wpb_content_element\">\n\t\t\n\t\t<figure class=\"wpb_wrapper vc_figure\">\n\t\t\t<a href=\"\/de\/nocotech\/nocospray\/\" target=\"_self\" class=\"vc_single_image-wrapper   vc_box_border_grey\"><img loading=\"lazy\" decoding=\"async\" width=\"300\" height=\"194\" src=\"https:\/\/www.oxypharm.net\/wp-content\/uploads\/2021\/11\/nocospray_2-300x194.png\" class=\"vc_single_image-img attachment-thumbnail\" alt=\"\" title=\"Nocaspray\" srcset=\"https:\/\/www.oxypharm.net\/wp-content\/uploads\/2021\/11\/nocospray_2-300x194.png 300w, https:\/\/www.oxypharm.net\/wp-content\/uploads\/2021\/11\/nocospray_2-1200x776.png 1200w, https:\/\/www.oxypharm.net\/wp-content\/uploads\/2021\/11\/nocospray_2.png 1920w\" sizes=\"auto, (max-width: 300px) 100vw, 300px\"><\/a>\n\t\t<\/figure>\n\t<\/div>\n\n\t<div class=\"wpb_text_column wpb_content_element\">\n\t\t<div class=\"wpb_wrapper\">\n\t\t\t<p class=\"p1\" style=\"text-align: center;\"><a class=\"btn\" href=\"\/de\/nocotech\/nocospray\/\">Nocospray<\/a><\/p>\n\n\t\t<\/div>\n\t<\/div>\n<\/div><\/div><\/div><\/div><\/div>[\/vc_column][vc_column width=&#8221;1\/4&#8243;]<div class=\"templatera_shortcode\"><div class=\"vc_row wpb_row vc_row-fluid mpc-row\"><div class=\"wpb_column vc_column_container vc_col-sm-12 mpc-column\" data-column-id=\"mpc_column-4069fe94d4572f0\"><div class=\"vc_column-inner\"><div class=\"wpb_wrapper\">\n\t<div class=\"wpb_single_image wpb_content_element vc_align_center wpb_content_element\">\n\t\t\n\t\t<figure class=\"wpb_wrapper vc_figure\">\n\t\t\t<a href=\"\/de\/nocotech\/nococcinelle\/\" target=\"_self\" class=\"vc_single_image-wrapper   vc_box_border_grey\"><img loading=\"lazy\" decoding=\"async\" width=\"300\" height=\"252\" src=\"https:\/\/www.oxypharm.net\/wp-content\/uploads\/2022\/05\/nococcinelle_4-300x252.png\" class=\"vc_single_image-img attachment-thumbnail\" alt=\"\" title=\"nococcinelle_4\" srcset=\"https:\/\/www.oxypharm.net\/wp-content\/uploads\/2022\/05\/nococcinelle_4-300x252.png 300w, https:\/\/www.oxypharm.net\/wp-content\/uploads\/2022\/05\/nococcinelle_4-1200x1009.png 1200w, https:\/\/www.oxypharm.net\/wp-content\/uploads\/2022\/05\/nococcinelle_4-1920x1614.png 1920w\" sizes=\"auto, (max-width: 300px) 100vw, 300px\"><\/a>\n\t\t<\/figure>\n\t<\/div>\n\n\t<div class=\"wpb_text_column wpb_content_element\">\n\t\t<div class=\"wpb_wrapper\">\n\t\t\t<p class=\"p1\" style=\"text-align: center;\"><a class=\"btn\" href=\"\/de\/nocotech\/nococcinelle\/\">Nococcinelle<\/a><\/p>\n\n\t\t<\/div>\n\t<\/div>\n<\/div><\/div><\/div><\/div><\/div>[\/vc_column][vc_column width=&#8221;1\/4&#8243;]<div class=\"templatera_shortcode\"><div class=\"vc_row wpb_row vc_row-fluid mpc-row\"><div class=\"wpb_column vc_column_container vc_col-sm-12 mpc-column\" data-column-id=\"mpc_column-1369fe94d457ff5\"><div class=\"vc_column-inner\"><div class=\"wpb_wrapper\">\n\t<div class=\"wpb_single_image wpb_content_element vc_align_center wpb_content_element\">\n\t\t\n\t\t<figure class=\"wpb_wrapper vc_figure\">\n\t\t\t<a href=\"\/de\/nocotech\/nocospray-inox\/\" target=\"_self\" class=\"vc_single_image-wrapper   vc_box_border_grey\"><img loading=\"lazy\" decoding=\"async\" width=\"300\" height=\"250\" src=\"https:\/\/www.oxypharm.net\/wp-content\/uploads\/2022\/04\/Nocosray-Inox-300x250.png\" class=\"vc_single_image-img attachment-thumbnail\" alt=\"\" title=\"Nocosray Inox\" srcset=\"https:\/\/www.oxypharm.net\/wp-content\/uploads\/2022\/04\/Nocosray-Inox-300x250.png 300w, https:\/\/www.oxypharm.net\/wp-content\/uploads\/2022\/04\/Nocosray-Inox-1200x1000.png 1200w, https:\/\/www.oxypharm.net\/wp-content\/uploads\/2022\/04\/Nocosray-Inox-1920x1600.png 1920w\" sizes=\"auto, (max-width: 300px) 100vw, 300px\"><\/a>\n\t\t<\/figure>\n\t<\/div>\n\n\t<div class=\"wpb_text_column wpb_content_element\">\n\t\t<div class=\"wpb_wrapper\">\n\t\t\t<p class=\"p1\" style=\"text-align: center;\"><a class=\"btn\" href=\"\/de\/nocotech\/nocospray-inox\/\">Nocospray Stainless Steel<\/a><\/p>\n\n\t\t<\/div>\n\t<\/div>\n<\/div><\/div><\/div><\/div><\/div>[\/vc_column][vc_column width=&#8221;1\/4&#8243;]<div class=\"templatera_shortcode\"><div class=\"vc_row wpb_row vc_row-fluid mpc-row\"><div class=\"wpb_column vc_column_container vc_col-sm-12 mpc-column\" data-column-id=\"mpc_column-2069fe94d458d12\"><div class=\"vc_column-inner\"><div class=\"wpb_wrapper\">\n\t<div class=\"wpb_single_image wpb_content_element vc_align_center wpb_content_element\">\n\t\t\n\t\t<figure class=\"wpb_wrapper vc_figure\">\n\t\t\t<a href=\"\/de\/nocotech\/nocospray-zur-wandmontage\/\" target=\"_self\" class=\"vc_single_image-wrapper   vc_box_border_grey\"><img loading=\"lazy\" decoding=\"async\" width=\"300\" height=\"219\" src=\"https:\/\/www.oxypharm.net\/wp-content\/uploads\/2021\/11\/nocospray_mural-300x219.png\" class=\"vc_single_image-img attachment-thumbnail\" alt=\"\" title=\"Nocaspray mural\" srcset=\"https:\/\/www.oxypharm.net\/wp-content\/uploads\/2021\/11\/nocospray_mural-300x219.png 300w, https:\/\/www.oxypharm.net\/wp-content\/uploads\/2021\/11\/nocospray_mural-1200x876.png 1200w, https:\/\/www.oxypharm.net\/wp-content\/uploads\/2021\/11\/nocospray_mural-1920x1401.png 1920w\" sizes=\"auto, (max-width: 300px) 100vw, 300px\"><\/a>\n\t\t<\/figure>\n\t<\/div>\n\n\t<div class=\"wpb_text_column wpb_content_element\">\n\t\t<div class=\"wpb_wrapper\">\n\t\t\t<p class=\"p1\" style=\"text-align: center;\"><a class=\"btn\" href=\"\/de\/nocotech\/nocospray-zur-wandmontage\/\">Nocospray Wandger&auml;t<\/a><\/p>\n\n\t\t<\/div>\n\t<\/div>\n<\/div><\/div><\/div><\/div><\/div>[\/vc_column][\/vc_row][vc_row content_placement=&#8221;bottom&#8221; css=&#8221;.vc_custom_1659630342528{margin-bottom: 30px !important;}&#8221;][vc_column width=&#8221;1\/4&#8243;]<div class=\"templatera_shortcode\"><div class=\"vc_row wpb_row vc_row-fluid mpc-row\"><div class=\"wpb_column vc_column_container vc_col-sm-12 mpc-column\" data-column-id=\"mpc_column-6869fe94d459a56\"><div class=\"vc_column-inner\"><div class=\"wpb_wrapper\">\n\t<div class=\"wpb_single_image wpb_content_element vc_align_center wpb_content_element\">\n\t\t\n\t\t<figure class=\"wpb_wrapper vc_figure\">\n\t\t\t<a href=\"\/de\/nocotech\/nocospray-wanddurchfuhrung\/\" target=\"_self\" class=\"vc_single_image-wrapper   vc_box_border_grey\"><img loading=\"lazy\" decoding=\"async\" width=\"300\" height=\"185\" src=\"https:\/\/www.oxypharm.net\/wp-content\/uploads\/2021\/11\/nocospray_mural_TC_1-300x185.jpg\" class=\"vc_single_image-img attachment-thumbnail\" alt=\"\" title=\"nocospray_mural_TC_1\" srcset=\"https:\/\/www.oxypharm.net\/wp-content\/uploads\/2021\/11\/nocospray_mural_TC_1-300x185.jpg 300w, https:\/\/www.oxypharm.net\/wp-content\/uploads\/2021\/11\/nocospray_mural_TC_1.jpg 376w\" sizes=\"auto, (max-width: 300px) 100vw, 300px\"><\/a>\n\t\t<\/figure>\n\t<\/div>\n\n\t<div class=\"wpb_text_column wpb_content_element\">\n\t\t<div class=\"wpb_wrapper\">\n\t\t\t<p class=\"p1\" style=\"text-align: center;\"><a class=\"btn\" href=\"\/de\/nocotech\/nocospray-wanddurchfuhrung\/\">Nocospray Wanddurchf&uuml;hrung<\/a><\/p>\n\n\t\t<\/div>\n\t<\/div>\n<\/div><\/div><\/div><\/div><\/div>[\/vc_column][vc_column width=&#8221;1\/4&#8243;][\/vc_column][vc_column width=&#8221;1\/4&#8243;][\/vc_column][vc_column width=&#8221;1\/4&#8243;][\/vc_column][\/vc_row]<\/p>\n<\/div>","protected":false},"excerpt":{"rendered":"","protected":false},"author":1,"featured_media":0,"parent":9545,"menu_order":0,"comment_status":"closed","ping_status":"closed","template":"","meta":{"_acf_changed":false,"footnotes":""},"class_list":["post-9653","page","type-page","status-publish","hentry"],"acf":[],"yoast_head":"<!-- This site is optimized with the Yoast SEO plugin v26.1.1 - https:\/\/yoast.com\/wordpress\/plugins\/seo\/ -->\n<title>Fernbedienung - Oxy&#039;Pharm<\/title>\n<meta name=\"robots\" content=\"index, follow, max-snippet:-1, max-image-preview:large, max-video-preview:-1\" \/>\n<link rel=\"canonical\" href=\"https:\/\/www.oxypharm.net\/de\/losungen\/qualitatskontrolle-und-zubehor\/fernbedienung\/\" \/>\n<meta property=\"og:locale\" content=\"de_DE\" \/>\n<meta property=\"og:type\" content=\"article\" \/>\n<meta property=\"og:title\" content=\"Fernbedienung - Oxy&#039;Pharm\" \/>\n<meta property=\"og:url\" content=\"https:\/\/www.oxypharm.net\/de\/losungen\/qualitatskontrolle-und-zubehor\/fernbedienung\/\" \/>\n<meta property=\"og:site_name\" content=\"Oxy&#039;Pharm\" \/>\n<meta property=\"article:publisher\" content=\"https:\/\/www.facebook.com\/profile.php?id=100065087790394\" \/>\n<meta property=\"article:modified_time\" content=\"2023-05-01T23:07:23+00:00\" \/>\n<meta name=\"twitter:card\" content=\"summary_large_image\" \/>\n<meta name=\"twitter:site\" content=\"@OxyPharm\" \/>\n<meta name=\"twitter:label1\" content=\"Est. reading time\" \/>\n\t<meta name=\"twitter:data1\" content=\"1 minute\" \/>\n<script type=\"application\/ld+json\" class=\"yoast-schema-graph\">{\"@context\":\"https:\/\/schema.org\",\"@graph\":[{\"@type\":\"WebPage\",\"@id\":\"https:\/\/www.oxypharm.net\/de\/losungen\/qualitatskontrolle-und-zubehor\/fernbedienung\/\",\"url\":\"https:\/\/www.oxypharm.net\/de\/losungen\/qualitatskontrolle-und-zubehor\/fernbedienung\/\",\"name\":\"Fernbedienung - Oxy&#039;Pharm\",\"isPartOf\":{\"@id\":\"https:\/\/www.oxypharm.net\/#website\"},\"datePublished\":\"2022-09-26T11:51:32+00:00\",\"dateModified\":\"2023-05-01T23:07:23+00:00\",\"breadcrumb\":{\"@id\":\"https:\/\/www.oxypharm.net\/de\/losungen\/qualitatskontrolle-und-zubehor\/fernbedienung\/#breadcrumb\"},\"inLanguage\":\"de-DE\",\"potentialAction\":[{\"@type\":\"ReadAction\",\"target\":[\"https:\/\/www.oxypharm.net\/de\/losungen\/qualitatskontrolle-und-zubehor\/fernbedienung\/\"]}]},{\"@type\":\"BreadcrumbList\",\"@id\":\"https:\/\/www.oxypharm.net\/de\/losungen\/qualitatskontrolle-und-zubehor\/fernbedienung\/#breadcrumb\",\"itemListElement\":[{\"@type\":\"ListItem\",\"position\":1,\"name\":\"Accueil\",\"item\":\"https:\/\/www.oxypharm.net\/de\/\"},{\"@type\":\"ListItem\",\"position\":2,\"name\":\"L\u00f6sungen\",\"item\":\"https:\/\/www.oxypharm.net\/de\/losungen\/\"},{\"@type\":\"ListItem\",\"position\":3,\"name\":\"Qualit\u00e4tskontrolle und Zubeh\u00f6r\",\"item\":\"https:\/\/www.oxypharm.net\/de\/losungen\/qualitatskontrolle-und-zubehor\/\"},{\"@type\":\"ListItem\",\"position\":4,\"name\":\"Fernbedienung\"}]},{\"@type\":\"WebSite\",\"@id\":\"https:\/\/www.oxypharm.net\/#website\",\"url\":\"https:\/\/www.oxypharm.net\/\",\"name\":\"Oxy&#039;Pharm\",\"description\":\"\",\"publisher\":{\"@id\":\"https:\/\/www.oxypharm.net\/#organization\"},\"potentialAction\":[{\"@type\":\"SearchAction\",\"target\":{\"@type\":\"EntryPoint\",\"urlTemplate\":\"https:\/\/www.oxypharm.net\/?s={search_term_string}\"},\"query-input\":{\"@type\":\"PropertyValueSpecification\",\"valueRequired\":true,\"valueName\":\"search_term_string\"}}],\"inLanguage\":\"de-DE\"},{\"@type\":\"Organization\",\"@id\":\"https:\/\/www.oxypharm.net\/#organization\",\"name\":\"Oxy'pharm\",\"alternateName\":\"Oxypharm\",\"url\":\"https:\/\/www.oxypharm.net\/\",\"logo\":{\"@type\":\"ImageObject\",\"inLanguage\":\"de-DE\",\"@id\":\"https:\/\/www.oxypharm.net\/#\/schema\/logo\/image\/\",\"url\":\"https:\/\/www.oxypharm.net\/wp-content\/uploads\/2023\/06\/Logo-Medtradex-Oxypharm.jpg\",\"contentUrl\":\"https:\/\/www.oxypharm.net\/wp-content\/uploads\/2023\/06\/Logo-Medtradex-Oxypharm.jpg\",\"width\":500,\"height\":500,\"caption\":\"Oxy'pharm\"},\"image\":{\"@id\":\"https:\/\/www.oxypharm.net\/#\/schema\/logo\/image\/\"},\"sameAs\":[\"https:\/\/www.facebook.com\/profile.php?id=100065087790394\",\"https:\/\/x.com\/OxyPharm\",\"https:\/\/www.instagram.com\/oxy_pharm\/\",\"https:\/\/www.linkedin.com\/company\/oxy-pharm\/\",\"https:\/\/www.youtube.com\/channel\/UCwTjwWFZWcMdPPlvkTuiurw\"]}]}<\/script>\n<!-- \/ Yoast SEO plugin. -->","yoast_head_json":{"title":"Fernbedienung - Oxy&#039;Pharm","robots":{"index":"index","follow":"follow","max-snippet":"max-snippet:-1","max-image-preview":"max-image-preview:large","max-video-preview":"max-video-preview:-1"},"canonical":"https:\/\/www.oxypharm.net\/de\/losungen\/qualitatskontrolle-und-zubehor\/fernbedienung\/","og_locale":"de_DE","og_type":"article","og_title":"Fernbedienung - Oxy&#039;Pharm","og_url":"https:\/\/www.oxypharm.net\/de\/losungen\/qualitatskontrolle-und-zubehor\/fernbedienung\/","og_site_name":"Oxy&#039;Pharm","article_publisher":"https:\/\/www.facebook.com\/profile.php?id=100065087790394","article_modified_time":"2023-05-01T23:07:23+00:00","twitter_card":"summary_large_image","twitter_site":"@OxyPharm","twitter_misc":{"Est. reading time":"1 minute"},"schema":{"@context":"https:\/\/schema.org","@graph":[{"@type":"WebPage","@id":"https:\/\/www.oxypharm.net\/de\/losungen\/qualitatskontrolle-und-zubehor\/fernbedienung\/","url":"https:\/\/www.oxypharm.net\/de\/losungen\/qualitatskontrolle-und-zubehor\/fernbedienung\/","name":"Fernbedienung - Oxy&#039;Pharm","isPartOf":{"@id":"https:\/\/www.oxypharm.net\/#website"},"datePublished":"2022-09-26T11:51:32+00:00","dateModified":"2023-05-01T23:07:23+00:00","breadcrumb":{"@id":"https:\/\/www.oxypharm.net\/de\/losungen\/qualitatskontrolle-und-zubehor\/fernbedienung\/#breadcrumb"},"inLanguage":"de-DE","potentialAction":[{"@type":"ReadAction","target":["https:\/\/www.oxypharm.net\/de\/losungen\/qualitatskontrolle-und-zubehor\/fernbedienung\/"]}]},{"@type":"BreadcrumbList","@id":"https:\/\/www.oxypharm.net\/de\/losungen\/qualitatskontrolle-und-zubehor\/fernbedienung\/#breadcrumb","itemListElement":[{"@type":"ListItem","position":1,"name":"Accueil","item":"https:\/\/www.oxypharm.net\/de\/"},{"@type":"ListItem","position":2,"name":"L\u00f6sungen","item":"https:\/\/www.oxypharm.net\/de\/losungen\/"},{"@type":"ListItem","position":3,"name":"Qualit\u00e4tskontrolle und Zubeh\u00f6r","item":"https:\/\/www.oxypharm.net\/de\/losungen\/qualitatskontrolle-und-zubehor\/"},{"@type":"ListItem","position":4,"name":"Fernbedienung"}]},{"@type":"WebSite","@id":"https:\/\/www.oxypharm.net\/#website","url":"https:\/\/www.oxypharm.net\/","name":"Oxy&#039;Pharm","description":"","publisher":{"@id":"https:\/\/www.oxypharm.net\/#organization"},"potentialAction":[{"@type":"SearchAction","target":{"@type":"EntryPoint","urlTemplate":"https:\/\/www.oxypharm.net\/?s={search_term_string}"},"query-input":{"@type":"PropertyValueSpecification","valueRequired":true,"valueName":"search_term_string"}}],"inLanguage":"de-DE"},{"@type":"Organization","@id":"https:\/\/www.oxypharm.net\/#organization","name":"Oxy'pharm","alternateName":"Oxypharm","url":"https:\/\/www.oxypharm.net\/","logo":{"@type":"ImageObject","inLanguage":"de-DE","@id":"https:\/\/www.oxypharm.net\/#\/schema\/logo\/image\/","url":"https:\/\/www.oxypharm.net\/wp-content\/uploads\/2023\/06\/Logo-Medtradex-Oxypharm.jpg","contentUrl":"https:\/\/www.oxypharm.net\/wp-content\/uploads\/2023\/06\/Logo-Medtradex-Oxypharm.jpg","width":500,"height":500,"caption":"Oxy'pharm"},"image":{"@id":"https:\/\/www.oxypharm.net\/#\/schema\/logo\/image\/"},"sameAs":["https:\/\/www.facebook.com\/profile.php?id=100065087790394","https:\/\/x.com\/OxyPharm","https:\/\/www.instagram.com\/oxy_pharm\/","https:\/\/www.linkedin.com\/company\/oxy-pharm\/","https:\/\/www.youtube.com\/channel\/UCwTjwWFZWcMdPPlvkTuiurw"]}]}},"_links":{"self":[{"href":"https:\/\/www.oxypharm.net\/de\/wp-json\/wp\/v2\/pages\/9653","targetHints":{"allow":["GET"]}}],"collection":[{"href":"https:\/\/www.oxypharm.net\/de\/wp-json\/wp\/v2\/pages"}],"about":[{"href":"https:\/\/www.oxypharm.net\/de\/wp-json\/wp\/v2\/types\/page"}],"author":[{"embeddable":true,"href":"https:\/\/www.oxypharm.net\/de\/wp-json\/wp\/v2\/users\/1"}],"replies":[{"embeddable":true,"href":"https:\/\/www.oxypharm.net\/de\/wp-json\/wp\/v2\/comments?post=9653"}],"version-history":[{"count":3,"href":"https:\/\/www.oxypharm.net\/de\/wp-json\/wp\/v2\/pages\/9653\/revisions"}],"predecessor-version":[{"id":14345,"href":"https:\/\/www.oxypharm.net\/de\/wp-json\/wp\/v2\/pages\/9653\/revisions\/14345"}],"up":[{"embeddable":true,"href":"https:\/\/www.oxypharm.net\/de\/wp-json\/wp\/v2\/pages\/9545"}],"wp:attachment":[{"href":"https:\/\/www.oxypharm.net\/de\/wp-json\/wp\/v2\/media?parent=9653"}],"curies":[{"name":"wp","href":"https:\/\/api.w.org\/{rel}","templated":true}]}}