{"id":9635,"date":"2022-09-26T11:51:29","date_gmt":"2022-09-26T11:51:29","guid":{"rendered":"https:\/\/preprod.oxypharm.net\/glosair-400\/"},"modified":"2023-04-20T09:54:13","modified_gmt":"2023-04-20T09:54:13","slug":"glosair-400","status":"publish","type":"page","link":"https:\/\/www.oxypharm.net\/de\/glosair\/glosair-400\/","title":{"rendered":"Glosair 400"},"content":{"rendered":"<div class=\"wpb-content-wrapper\"><p>[vc_row full_width=&#8221;stretch_row&#8221; el_class=&#8221;hero&#8221; css=&#8221;.vc_custom_1655716364016{margin-bottom: 0px !important;padding-top: 50px !important;padding-bottom: 0px !important;background-color: #41b6e6 !important;}&#8221;][vc_column][vc_custom_heading text=&#8221;Glosair 400&#8243; font_container=&#8221;tag:h1|text_align:left|color:%23ffffff&#8221; google_fonts=&#8221;font_family:Raleway%3A100%2C200%2C300%2Cregular%2C500%2C600%2C700%2C800%2C900|font_style:900%20bold%20regular%3A900%3Anormal&#8221; css=&#8221;.vc_custom_1659609070218{margin-bottom: 10px !important;}&#8221;][vc_column_text el_class=&#8221;ariane-white&#8221;]<span style=\"color: white;\"><a class=\"white\" href=\"\/\">Startseite<\/a> > <a class=\"white\" href=\"https:\/\/www.oxypharm.net\/de\/losungen\/\">Unsere L\u00f6sungen<\/a> > Glosair 400<\/span>[\/vc_column_text][\/vc_column][\/vc_row][vc_row full_width=&#8221;stretch_row&#8221; gap=&#8221;35&#8243; equal_height=&#8221;yes&#8221; css=&#8221;.vc_custom_1655716372502{margin-bottom: 60px !important;background-color: #41b6e6 !important;background-position: center !important;background-repeat: no-repeat !important;background-size: cover !important;}&#8221; el_class=&#8221;row-product&#8221;][vc_column width=&#8221;1\/2&#8243;][vc_column_text el_class=&#8221;intro&#8221;]<span style=\"color: #ffffff;\"><strong>Glosair 400<\/strong> ist ein Produkt zur Biodesinfektion von Oberfl\u00e4chen auf der Basis von 6 %-igem Wasserstoffperoxid, das zwingend mit den Zerst\u00e4ubungsger\u00e4ten der Glosair-Reihe verwendet werden muss.Glosair 400 ist in einer 2L-Kartusche erh\u00e4ltlich, die nur mit dem Glosair-Ger\u00e4t kompatibel ist.<br \/>\n<\/span>[\/vc_column_text][vc_column_text]<\/p>\n<div class=\"btn-more btn-commercial-rounded\" style=\"text-align: left;\"><button name=\"Hover\" type=\"button\"><a href=\"https:\/\/www.oxypharm.net\/wp-content\/uploads\/2022\/08\/FLY_fiche_technique_fr_glosair400.pdf\" target=\"_blank\" rel=\"noopener\"><i class=\"mpc-icon-part mpc-regular mpc-transition fa fa-file-pdf-o\"><\/i>Brosch\u00fcre herunterladen<\/a><\/button><\/div>\n<p>[\/vc_column_text][\/vc_column][vc_column width=&#8221;1\/2&#8243; css=&#8221;.vc_custom_1635215436755{margin-bottom: 0px !important;padding-bottom: 0px !important;}&#8221;][vc_single_image image=&#8221;7539&#8243; img_size=&#8221;full&#8221; alignment=&#8221;right&#8221; el_class=&#8221;product-img&#8221; css=&#8221;.vc_custom_1659609550548{margin-bottom: 60px !important;}&#8221;][\/vc_column][\/vc_row][vc_row gap=&#8221;35&#8243; content_placement=&#8221;middle&#8221; css=&#8221;.vc_custom_1655476113017{margin-bottom: 60px !important;}&#8221;][vc_column width=&#8221;1\/2&#8243;][vc_single_image image=&#8221;7511&#8243; img_size=&#8221;full&#8221; alignment=&#8221;center&#8221;][\/vc_column][vc_column width=&#8221;1\/2&#8243;][vc_custom_heading text=&#8221;Die vernichtende Kraft von Peroxid&#8221; use_theme_fonts=&#8221;yes&#8221; css=&#8221;.vc_custom_1659609254687{margin-bottom: 30px !important;}&#8221;][vc_column_text]Wasserstoffperoxid mit der Formel H2O2 ist hochwirksam gilt heute als das beste Desinfektionsmittel.Dank der vernichtenden mikrobiziden Wirkung und Oxidationskraft werden die aktiven Systeme der Zellen von Mikroorganismen irreversibel zerst\u00f6rt.[\/vc_column_text][\/vc_column][\/vc_row][vc_row gap=&#8221;35&#8243; content_placement=&#8221;middle&#8221; css=&#8221;.vc_custom_1655476145533{margin-bottom: 60px !important;}&#8221;][vc_column width=&#8221;1\/2&#8243;][vc_custom_heading text=&#8221; 6%-ige Behandlung&#8221; use_theme_fonts=&#8221;yes&#8221; css=&#8221;.vc_custom_1660647343646{margin-bottom: 30px !important;}&#8221;][vc_column_text]Le Glosair 400 ist sowohl f\u00fcr die pr\u00e4ventive (t\u00e4gliche Behandlung) als auch f\u00fcr die kurative Behandlungen geeignet.<br \/>\nEs besteht aus 6 %-igem stabilisiertem Wasserstoffperoxid und 17 ppm Silber[\/vc_column_text][\/vc_column][vc_column width=&#8221;1\/2&#8243;][vc_single_image image=&#8221;7490&#8243; img_size=&#8221;full&#8221; alignment=&#8221;center&#8221;][\/vc_column][\/vc_row][vc_row full_width=&#8221;stretch_row&#8221; gap=&#8221;35&#8243; content_placement=&#8221;middle&#8221; css=&#8221;.vc_custom_1658848676447{margin-bottom: 60px !important;padding-top: 60px !important;padding-bottom: 60px !important;background-color: #41b6e6 !important;background-position: center !important;background-repeat: no-repeat !important;background-size: cover !important;}&#8221;][vc_column][vc_column_text]<\/p>\n<h3 style=\"text-align: center;\"><span style=\"color: #ffffff;\">Das Duo Glosair \/ Glosair 400 entspricht der Norm<br \/>\nEN 17 272 (bakterizid, fungizid, viruzid und sporizid).<br \/>\n<\/span><\/h3>\n<p>[\/vc_column_text][vc_column_text]<\/p>\n<p style=\"text-align: center;\"><span style=\"color: #ffffff;\"><em>Hergestellt in Frankreich von Oxy&#8217;Pharm gem\u00e4\u00df Norm ISO 13485.<\/em><\/span><\/p>\n<p>[\/vc_column_text][\/vc_column][\/vc_row][vc_row gap=&#8221;15&#8243; content_placement=&#8221;top&#8221; css=&#8221;.vc_custom_1658837484174{margin-bottom: 60px !important;}&#8221; el_class=&#8221;row-icons&#8221;][vc_column width=&#8221;1\/5&#8243; el_class=&#8221;icon-text&#8221;][vc_icon icon_fontawesome=&#8221;fas fa-shield-alt&#8221; color=&#8221;custom&#8221; background_style=&#8221;rounded&#8221; background_color=&#8221;custom&#8221; size=&#8221;lg&#8221; align=&#8221;center&#8221; css_animation=&#8221;fadeInUp&#8221; custom_color=&#8221;#ffffff&#8221; custom_background_color=&#8221;#41b6e6&#8243;][vc_column_text effects_enabled_delay=&#8221;&#8221; css=&#8221;.vc_custom_1659609348092{margin-top: 0px !important;}&#8221;]<\/p>\n<h5 class=\"p1\" style=\"text-align: center;\"><span style=\"color: #41b6e6;\">Wirkung<\/span><\/h5>\n<p>[\/vc_column_text][vc_column_text effects_enabled_delay=&#8221;&#8221; css=&#8221;.vc_custom_1659609341208{margin-top: 0px !important;}&#8221;]<\/p>\n<p class=\"p1\" style=\"text-align: center;\">Bakterizid, levurozid, sporizid , mykobakterizid, viruzid und fungizid.<\/p>\n<p>[\/vc_column_text][\/vc_column][vc_column width=&#8221;1\/5&#8243;][vc_icon icon_fontawesome=&#8221;fas fa-hands&#8221; color=&#8221;white&#8221; background_style=&#8221;rounded&#8221; background_color=&#8221;custom&#8221; size=&#8221;lg&#8221; align=&#8221;center&#8221; css_animation=&#8221;fadeInUp&#8221; custom_background_color=&#8221;#41b6e6&#8243;][vc_column_text effects_enabled_delay=&#8221;&#8221; css=&#8221;.vc_custom_1659609369778{margin-top: 0px !important;}&#8221;]<\/p>\n<h5 class=\"p1\" style=\"text-align: center;\"><span style=\"color: #41b6e6;\">Eigenschaften<\/span><\/h5>\n<p>[\/vc_column_text][vc_column_text effects_enabled_delay=&#8221;&#8221; css=&#8221;.vc_custom_1659609373116{margin-top: 0px !important;}&#8221;]<\/p>\n<p style=\"text-align: center;\">Biologisch abbaubar, nicht toxisch, nicht allergen, wirkt nicht korrodierend.<\/p>\n<p>[\/vc_column_text][\/vc_column][vc_column width=&#8221;1\/5&#8243; el_class=&#8221;icon-text&#8221;][vc_icon icon_fontawesome=&#8221;fas fa-shield-alt&#8221; color=&#8221;white&#8221; background_style=&#8221;rounded&#8221; background_color=&#8221;custom&#8221; size=&#8221;lg&#8221; align=&#8221;center&#8221; css_animation=&#8221;fadeInUp&#8221; custom_background_color=&#8221;#41b6e6&#8243;][vc_column_text effects_enabled_delay=&#8221;&#8221; css=&#8221;.vc_custom_1659609401563{margin-top: 0px !important;}&#8221;]<\/p>\n<h5 class=\"p1\" style=\"text-align: center;\"><span style=\"color: #41b6e6;\">Vernichtend<\/span><\/h5>\n<p>[\/vc_column_text][vc_column_text effects_enabled_delay=&#8221;&#8221; css=&#8221;.vc_custom_1659609395996{margin-top: 0px !important;}&#8221;]<\/p>\n<p style=\"text-align: center;\">Keine Keimresistenzbildung.<\/p>\n<p>[\/vc_column_text][\/vc_column][vc_column width=&#8221;1\/5&#8243; el_class=&#8221;icon-text&#8221;][vc_icon icon_fontawesome=&#8221;fas fa-flask&#8221; color=&#8221;white&#8221; background_style=&#8221;rounded&#8221; background_color=&#8221;custom&#8221; size=&#8221;lg&#8221; align=&#8221;center&#8221; css_animation=&#8221;fadeInUp&#8221; custom_background_color=&#8221;#41b6e6&#8243;][vc_column_text effects_enabled_delay=&#8221;&#8221; css=&#8221;.vc_custom_1659609415033{margin-top: 0px !important;}&#8221;]<\/p>\n<h5 class=\"p1\" style=\"text-align: center;\"><span style=\"color: #41b6e6;\">Branche<\/span><\/h5>\n<p>[\/vc_column_text][vc_column_text effects_enabled_delay=&#8221;&#8221; css=&#8221;.vc_custom_1659609423710{margin-top: 0px !important;}&#8221;]<\/p>\n<p style=\"text-align: center;\">F\u00fcr alle Branchen geeignet.<\/p>\n<p>[\/vc_column_text][\/vc_column][vc_column width=&#8221;1\/5&#8243; el_class=&#8221;icon-text&#8221;][vc_icon icon_fontawesome=&#8221;fas fa-piggy-bank&#8221; color=&#8221;white&#8221; background_style=&#8221;rounded&#8221; background_color=&#8221;custom&#8221; size=&#8221;lg&#8221; align=&#8221;center&#8221; css_animation=&#8221;fadeInUp&#8221; custom_background_color=&#8221;#41b6e6&#8243;][vc_column_text effects_enabled_delay=&#8221;&#8221; css=&#8221;.vc_custom_1655716433757{margin-top: 0px !important;}&#8221;]<\/p>\n<h5 class=\"p1\" style=\"text-align: center;\"><span style=\"color: #41b6e6;\">Sparsam<\/span><\/h5>\n<p>[\/vc_column_text][vc_column_text effects_enabled_delay=&#8221;&#8221; css=&#8221;.vc_custom_1645719187203{margin-top: 0px !important;}&#8221;]<\/p>\n<p style=\"text-align: center;\">\u00c4u\u00dferst sparsam im Produktverbrauch.<\/p>\n<p>[\/vc_column_text][\/vc_column][\/vc_row][vc_row gap=&#8221;35&#8243; content_placement=&#8221;middle&#8221; css=&#8221;.vc_custom_1655476145533{margin-bottom: 60px !important;}&#8221;][vc_column][vc_custom_heading text=&#8221;Zusammensetzung &#8221; use_theme_fonts=&#8221;yes&#8221; css=&#8221;.vc_custom_1659609813204{margin-bottom: 30px !important;}&#8221;][vc_column_text]6 %-ige (60 ml\/l) stabilisierte Wasserstoffperoxidl\u00f6sung \u2022 EC=231-765-0 \/ CAS=7722-84-1.<br \/>\nSilber 17 ppm \u2022 EC=231-131-3 \/ CAS=7440-22-4[\/vc_column_text][\/vc_column][\/vc_row][vc_row css=&#8221;.vc_custom_1655728435997{margin-bottom: 60px !important;}&#8221;][vc_column][vc_custom_heading text=&#8221;Kompatibilit\u00e4t<br \/>\ndes Glosair 400&#8243; use_theme_fonts=&#8221;yes&#8221;][\/vc_column][\/vc_row][vc_row el_class=&#8221;products-list&#8221; css=&#8221;.vc_custom_1634604899105{margin-bottom: 60px !important;}&#8221;][vc_column width=&#8221;1\/4&#8243;]<div class=\"templatera_shortcode\"><div class=\"vc_row wpb_row vc_row-fluid mpc-row\"><div class=\"wpb_column vc_column_container vc_col-sm-12 mpc-column\" data-column-id=\"mpc_column-5669f18bbea2126\"><div class=\"vc_column-inner\"><div class=\"wpb_wrapper\">\n\t<div class=\"wpb_single_image wpb_content_element vc_align_center wpb_content_element\">\n\t\t\n\t\t<figure class=\"wpb_wrapper vc_figure\">\n\t\t\t<a href=\"\/de\/glosair\/glosair\/\" target=\"_self\" class=\"vc_single_image-wrapper   vc_box_border_grey\"><img loading=\"lazy\" decoding=\"async\" width=\"218\" height=\"300\" src=\"https:\/\/www.oxypharm.net\/wp-content\/uploads\/2022\/04\/glosair_1-218x300.png\" class=\"vc_single_image-img attachment-thumbnail\" alt=\"Glosair\" title=\"glosair_1\" srcset=\"https:\/\/www.oxypharm.net\/wp-content\/uploads\/2022\/04\/glosair_1-218x300.png 218w, https:\/\/www.oxypharm.net\/wp-content\/uploads\/2022\/04\/glosair_1-871x1200.png 871w, https:\/\/www.oxypharm.net\/wp-content\/uploads\/2022\/04\/glosair_1-1394x1920.png 1394w\" sizes=\"auto, (max-width: 218px) 100vw, 218px\"><\/a>\n\t\t<\/figure>\n\t<\/div>\n\n\t<div class=\"wpb_text_column wpb_content_element\">\n\t\t<div class=\"wpb_wrapper\">\n\t\t\t<p class=\"p1\" style=\"text-align: center;\"><a class=\"btn\" href=\"\/de\/glosair\/glosair\/\">Glosair<\/a><\/p>\n\n\t\t<\/div>\n\t<\/div>\n<\/div><\/div><\/div><\/div><\/div>[\/vc_column][vc_column width=&#8221;1\/4&#8243;][\/vc_column][vc_column width=&#8221;1\/4&#8243;][\/vc_column][vc_column width=&#8221;1\/4&#8243;][\/vc_column][\/vc_row][vc_row css=&#8221;.vc_custom_1650402885496{margin-top: 90px !important;}&#8221;][vc_column][\/vc_column][\/vc_row]<\/p>\n<\/div>","protected":false},"excerpt":{"rendered":"","protected":false},"author":1,"featured_media":0,"parent":9845,"menu_order":0,"comment_status":"closed","ping_status":"closed","template":"","meta":{"_acf_changed":false,"footnotes":""},"class_list":["post-9635","page","type-page","status-publish","hentry"],"acf":[],"yoast_head":"<!-- This site is optimized with the Yoast SEO plugin v26.1.1 - https:\/\/yoast.com\/wordpress\/plugins\/seo\/ -->\n<title>Glosair 400 - Oxy&#039;Pharm<\/title>\n<meta name=\"robots\" content=\"index, follow, max-snippet:-1, max-image-preview:large, max-video-preview:-1\" \/>\n<link rel=\"canonical\" href=\"https:\/\/www.oxypharm.net\/de\/glosair\/glosair-400\/\" \/>\n<meta property=\"og:locale\" content=\"de_DE\" \/>\n<meta property=\"og:type\" content=\"article\" \/>\n<meta property=\"og:title\" content=\"Glosair 400 - Oxy&#039;Pharm\" \/>\n<meta property=\"og:url\" content=\"https:\/\/www.oxypharm.net\/de\/glosair\/glosair-400\/\" \/>\n<meta property=\"og:site_name\" content=\"Oxy&#039;Pharm\" \/>\n<meta property=\"article:publisher\" content=\"https:\/\/www.facebook.com\/profile.php?id=100065087790394\" \/>\n<meta property=\"article:modified_time\" content=\"2023-04-20T09:54:13+00:00\" \/>\n<meta name=\"twitter:card\" content=\"summary_large_image\" \/>\n<meta name=\"twitter:site\" content=\"@OxyPharm\" \/>\n<meta name=\"twitter:label1\" content=\"Est. reading time\" \/>\n\t<meta name=\"twitter:data1\" content=\"5 minutes\" \/>\n<script type=\"application\/ld+json\" class=\"yoast-schema-graph\">{\"@context\":\"https:\/\/schema.org\",\"@graph\":[{\"@type\":\"WebPage\",\"@id\":\"https:\/\/www.oxypharm.net\/de\/glosair\/glosair-400\/\",\"url\":\"https:\/\/www.oxypharm.net\/de\/glosair\/glosair-400\/\",\"name\":\"Glosair 400 - Oxy&#039;Pharm\",\"isPartOf\":{\"@id\":\"https:\/\/www.oxypharm.net\/#website\"},\"datePublished\":\"2022-09-26T11:51:29+00:00\",\"dateModified\":\"2023-04-20T09:54:13+00:00\",\"breadcrumb\":{\"@id\":\"https:\/\/www.oxypharm.net\/de\/glosair\/glosair-400\/#breadcrumb\"},\"inLanguage\":\"de-DE\",\"potentialAction\":[{\"@type\":\"ReadAction\",\"target\":[\"https:\/\/www.oxypharm.net\/de\/glosair\/glosair-400\/\"]}]},{\"@type\":\"BreadcrumbList\",\"@id\":\"https:\/\/www.oxypharm.net\/de\/glosair\/glosair-400\/#breadcrumb\",\"itemListElement\":[{\"@type\":\"ListItem\",\"position\":1,\"name\":\"Accueil\",\"item\":\"https:\/\/www.oxypharm.net\/de\/\"},{\"@type\":\"ListItem\",\"position\":2,\"name\":\"Glosair\",\"item\":\"https:\/\/www.oxypharm.net\/de\/glosair\/\"},{\"@type\":\"ListItem\",\"position\":3,\"name\":\"Glosair 400\"}]},{\"@type\":\"WebSite\",\"@id\":\"https:\/\/www.oxypharm.net\/#website\",\"url\":\"https:\/\/www.oxypharm.net\/\",\"name\":\"Oxy&#039;Pharm\",\"description\":\"\",\"publisher\":{\"@id\":\"https:\/\/www.oxypharm.net\/#organization\"},\"potentialAction\":[{\"@type\":\"SearchAction\",\"target\":{\"@type\":\"EntryPoint\",\"urlTemplate\":\"https:\/\/www.oxypharm.net\/?s={search_term_string}\"},\"query-input\":{\"@type\":\"PropertyValueSpecification\",\"valueRequired\":true,\"valueName\":\"search_term_string\"}}],\"inLanguage\":\"de-DE\"},{\"@type\":\"Organization\",\"@id\":\"https:\/\/www.oxypharm.net\/#organization\",\"name\":\"Oxy'pharm\",\"alternateName\":\"Oxypharm\",\"url\":\"https:\/\/www.oxypharm.net\/\",\"logo\":{\"@type\":\"ImageObject\",\"inLanguage\":\"de-DE\",\"@id\":\"https:\/\/www.oxypharm.net\/#\/schema\/logo\/image\/\",\"url\":\"https:\/\/www.oxypharm.net\/wp-content\/uploads\/2023\/06\/Logo-Medtradex-Oxypharm.jpg\",\"contentUrl\":\"https:\/\/www.oxypharm.net\/wp-content\/uploads\/2023\/06\/Logo-Medtradex-Oxypharm.jpg\",\"width\":500,\"height\":500,\"caption\":\"Oxy'pharm\"},\"image\":{\"@id\":\"https:\/\/www.oxypharm.net\/#\/schema\/logo\/image\/\"},\"sameAs\":[\"https:\/\/www.facebook.com\/profile.php?id=100065087790394\",\"https:\/\/x.com\/OxyPharm\",\"https:\/\/www.instagram.com\/oxy_pharm\/\",\"https:\/\/www.linkedin.com\/company\/oxy-pharm\/\",\"https:\/\/www.youtube.com\/channel\/UCwTjwWFZWcMdPPlvkTuiurw\"]}]}<\/script>\n<!-- \/ Yoast SEO plugin. -->","yoast_head_json":{"title":"Glosair 400 - Oxy&#039;Pharm","robots":{"index":"index","follow":"follow","max-snippet":"max-snippet:-1","max-image-preview":"max-image-preview:large","max-video-preview":"max-video-preview:-1"},"canonical":"https:\/\/www.oxypharm.net\/de\/glosair\/glosair-400\/","og_locale":"de_DE","og_type":"article","og_title":"Glosair 400 - Oxy&#039;Pharm","og_url":"https:\/\/www.oxypharm.net\/de\/glosair\/glosair-400\/","og_site_name":"Oxy&#039;Pharm","article_publisher":"https:\/\/www.facebook.com\/profile.php?id=100065087790394","article_modified_time":"2023-04-20T09:54:13+00:00","twitter_card":"summary_large_image","twitter_site":"@OxyPharm","twitter_misc":{"Est. reading time":"5 minutes"},"schema":{"@context":"https:\/\/schema.org","@graph":[{"@type":"WebPage","@id":"https:\/\/www.oxypharm.net\/de\/glosair\/glosair-400\/","url":"https:\/\/www.oxypharm.net\/de\/glosair\/glosair-400\/","name":"Glosair 400 - Oxy&#039;Pharm","isPartOf":{"@id":"https:\/\/www.oxypharm.net\/#website"},"datePublished":"2022-09-26T11:51:29+00:00","dateModified":"2023-04-20T09:54:13+00:00","breadcrumb":{"@id":"https:\/\/www.oxypharm.net\/de\/glosair\/glosair-400\/#breadcrumb"},"inLanguage":"de-DE","potentialAction":[{"@type":"ReadAction","target":["https:\/\/www.oxypharm.net\/de\/glosair\/glosair-400\/"]}]},{"@type":"BreadcrumbList","@id":"https:\/\/www.oxypharm.net\/de\/glosair\/glosair-400\/#breadcrumb","itemListElement":[{"@type":"ListItem","position":1,"name":"Accueil","item":"https:\/\/www.oxypharm.net\/de\/"},{"@type":"ListItem","position":2,"name":"Glosair","item":"https:\/\/www.oxypharm.net\/de\/glosair\/"},{"@type":"ListItem","position":3,"name":"Glosair 400"}]},{"@type":"WebSite","@id":"https:\/\/www.oxypharm.net\/#website","url":"https:\/\/www.oxypharm.net\/","name":"Oxy&#039;Pharm","description":"","publisher":{"@id":"https:\/\/www.oxypharm.net\/#organization"},"potentialAction":[{"@type":"SearchAction","target":{"@type":"EntryPoint","urlTemplate":"https:\/\/www.oxypharm.net\/?s={search_term_string}"},"query-input":{"@type":"PropertyValueSpecification","valueRequired":true,"valueName":"search_term_string"}}],"inLanguage":"de-DE"},{"@type":"Organization","@id":"https:\/\/www.oxypharm.net\/#organization","name":"Oxy'pharm","alternateName":"Oxypharm","url":"https:\/\/www.oxypharm.net\/","logo":{"@type":"ImageObject","inLanguage":"de-DE","@id":"https:\/\/www.oxypharm.net\/#\/schema\/logo\/image\/","url":"https:\/\/www.oxypharm.net\/wp-content\/uploads\/2023\/06\/Logo-Medtradex-Oxypharm.jpg","contentUrl":"https:\/\/www.oxypharm.net\/wp-content\/uploads\/2023\/06\/Logo-Medtradex-Oxypharm.jpg","width":500,"height":500,"caption":"Oxy'pharm"},"image":{"@id":"https:\/\/www.oxypharm.net\/#\/schema\/logo\/image\/"},"sameAs":["https:\/\/www.facebook.com\/profile.php?id=100065087790394","https:\/\/x.com\/OxyPharm","https:\/\/www.instagram.com\/oxy_pharm\/","https:\/\/www.linkedin.com\/company\/oxy-pharm\/","https:\/\/www.youtube.com\/channel\/UCwTjwWFZWcMdPPlvkTuiurw"]}]}},"_links":{"self":[{"href":"https:\/\/www.oxypharm.net\/de\/wp-json\/wp\/v2\/pages\/9635","targetHints":{"allow":["GET"]}}],"collection":[{"href":"https:\/\/www.oxypharm.net\/de\/wp-json\/wp\/v2\/pages"}],"about":[{"href":"https:\/\/www.oxypharm.net\/de\/wp-json\/wp\/v2\/types\/page"}],"author":[{"embeddable":true,"href":"https:\/\/www.oxypharm.net\/de\/wp-json\/wp\/v2\/users\/1"}],"replies":[{"embeddable":true,"href":"https:\/\/www.oxypharm.net\/de\/wp-json\/wp\/v2\/comments?post=9635"}],"version-history":[{"count":1,"href":"https:\/\/www.oxypharm.net\/de\/wp-json\/wp\/v2\/pages\/9635\/revisions"}],"predecessor-version":[{"id":13342,"href":"https:\/\/www.oxypharm.net\/de\/wp-json\/wp\/v2\/pages\/9635\/revisions\/13342"}],"up":[{"embeddable":true,"href":"https:\/\/www.oxypharm.net\/de\/wp-json\/wp\/v2\/pages\/9845"}],"wp:attachment":[{"href":"https:\/\/www.oxypharm.net\/de\/wp-json\/wp\/v2\/media?parent=9635"}],"curies":[{"name":"wp","href":"https:\/\/api.w.org\/{rel}","templated":true}]}}