{"id":9527,"date":"2022-09-26T11:51:12","date_gmt":"2022-09-26T11:51:12","guid":{"rendered":"https:\/\/preprod.oxypharm.net\/das-unternehmen\/unsere-expertise\/"},"modified":"2023-04-14T14:29:25","modified_gmt":"2023-04-14T14:29:25","slug":"unsere-expertise","status":"publish","type":"page","link":"https:\/\/www.oxypharm.net\/de\/das-unternehmen\/unsere-expertise\/","title":{"rendered":"Unsere Expertise"},"content":{"rendered":"<div class=\"wpb-content-wrapper\"><p>[vc_row full_width=&#8221;stretch_row&#8221; el_class=&#8221;hero&#8221; css=&#8221;.vc_custom_1634551092541{margin-bottom: 65px !important;padding-top: 50px !important;padding-bottom: 0px !important;}&#8221;][vc_column][vc_custom_heading text=&#8221;Unsere Expertise&#8221; font_container=&#8221;tag:h1|text_align:left&#8221; google_fonts=&#8221;font_family:Raleway%3A100%2C200%2C300%2Cregular%2C500%2C600%2C700%2C800%2C900|font_style:900%20bold%20regular%3A900%3Anormal&#8221;][vc_column_text]<a href=\"\/\">Startseite<\/a> &gt; Unsere Expertise[\/vc_column_text][\/vc_column][\/vc_row][vc_row css=&#8221;.vc_custom_1646992576238{margin-bottom: 50px !important;}&#8221;][vc_column][vc_custom_heading text=&#8221;Hygiene und sicherheit sind unsere Priorit\u00e4t.&#8221; use_theme_fonts=&#8221;yes&#8221;][\/vc_column][\/vc_row][vc_row][vc_column][vc_column_text el_class=&#8221;intro&#8221;]Oxy&#8217;Pharm begleitet Sie durch den gesamten Hygieneprozess, von der Reinigung bis zur Desinfektion. Alle Teams sind \u00fcberall in Frankreich und auf internationaler Ebene im Einsatz, um Ihren Anforderungen gerecht zu werden.Oxy&#8217;Pharm f\u00fchrt zudem Schulungen f\u00fcr das Personal zur Nutzung seiner L\u00f6sungen durch. <strong>Da vor der Desinfektion ein sauberer Zustand gew\u00e4hrleistet sein muss, ist der Prozess der Bioreinigung zweistufig und besteht aus der Grundreinigung und der Dekontamination<\/strong>. Die Grundreinigung und die Dekontamination sind zwei Vorg\u00e4nge, die beim Reinigungsprozess von Reinr\u00e4umen (oder Reinstr\u00e4umen) durchzuf\u00fchren sind. Es handelt sich um zwei aufeinander folgende Schritte. Diese Vorg\u00e4nge werden vor den Konformit\u00e4tstests durchgef\u00fchrt, die f\u00fcr die Einstufung nach einem genau festgelegten Protokoll erfolgen m\u00fcssen, das die Wirksamkeit des Ergebnisses und seine Wiederholbarkeit sicherstellt.[\/vc_column_text][\/vc_column][\/vc_row][vc_row full_width=&#8221;stretch_row&#8221; enable_parallax=&#8221;true&#8221; parallax_background=&#8221;2973&#8243; css=&#8221;.vc_custom_1646992599559{margin-top: 20px !important;margin-bottom: 20px !important;padding-top: 240px !important;padding-bottom: 240px !important;background-image: url(https:\/\/www.oxypharm.net\/wp-content\/uploads\/2022\/03\/batiment_oxypharm_paris.jpg?id=2956) !important;background-position: center !important;background-repeat: no-repeat !important;background-size: cover !important;}&#8221;][vc_column][\/vc_column][\/vc_row][vc_row css=&#8221;.vc_custom_1634551265374{margin-bottom: 60px !important;}&#8221;][vc_column][vc_custom_heading text=&#8221;Normen und Zertifikationen&#8221; use_theme_fonts=&#8221;yes&#8221;][\/vc_column][\/vc_row][vc_row css=&#8221;.vc_custom_1646992639668{margin-bottom: 50px !important;}&#8221;][vc_column][vc_custom_heading text=&#8221;Qualit\u00e4t und Sicherheit&#8221; font_container=&#8221;tag:h4|text_align:left&#8221; use_theme_fonts=&#8221;yes&#8221;][\/vc_column][\/vc_row][vc_row css=&#8221;.vc_custom_1646992783093{margin-bottom: 30px !important;}&#8221;][vc_column][vc_column_text el_class=&#8221;intro&#8221;]Exzellenz durch Zertifizierungen ist das Ziel des Unternehmens Oxy&#8217;Pharm!Die Wirksamkeit der Produkte wurde durch zahlreiche Forschungen und Studien nachgewiesen, die von anerkannten Fachleuten auf dem Gebiet der Desinfektion in unabh\u00e4ngigen, von der franz\u00f6sischen Akkreditierungsbeh\u00f6rde Cofrac zugelassenen Labors durchgef\u00fchrt wurden. So entsprechen alle L\u00f6sungen den geltenden Normen.[\/vc_column_text][\/vc_column][\/vc_row][vc_row css=&#8221;.vc_custom_1646992788199{margin-bottom: 50px !important;}&#8221;][vc_column][vc_custom_heading text=&#8221;Welche Normen gelten f\u00fcr welche L\u00f6sungen?&#8221; font_container=&#8221;tag:h4|text_align:left&#8221; use_theme_fonts=&#8221;yes&#8221;][\/vc_column][\/vc_row][vc_row css=&#8221;.vc_custom_1646992705447{margin-top: 50px !important;margin-bottom: 65px !important;}&#8221;][vc_column width=&#8221;1\/4&#8243;][vc_single_image image=&#8221;3022&#8243; img_size=&#8221;large&#8221; alignment=&#8221;center&#8221; effects_enabled_delay=&#8221;&#8221; el_class=&#8221;expertise_thumb&#8221;][vc_column_text effects_enabled_delay=&#8221;&#8221;]<\/p>\n<p class=\"p1\" style=\"text-align: center;\"><strong>NF 72-110<\/strong><\/p>\n<p class=\"p1\" style=\"text-align: center;\">Wirkspektrum: bakterizid, levurozid, levurozid und viruzid<\/p>\n<p class=\"p1\" style=\"text-align: center;\"><strong>Medizinprodukte<\/strong> <strong>der Klasse IIa<\/strong> &#8211; Benannte Stelle: GMED 0459<\/p>\n<p>[\/vc_column_text][\/vc_column][vc_column width=&#8221;1\/4&#8243;][vc_single_image image=&#8221;3043&#8243; alignment=&#8221;center&#8221; effects_enabled_delay=&#8221;&#8221; el_class=&#8221;expertise_thumb&#8221;][vc_column_text effects_enabled_delay=&#8221;&#8221;]<\/p>\n<p style=\"text-align: center;\"><strong>EN 17272<\/strong><\/p>\n<p style=\"text-align: center;\">Wirkspektrum: bakterizid, fungizid, viruzid, sporizid und levurozid<\/p>\n<p>[\/vc_column_text][\/vc_column][vc_column width=&#8221;1\/4&#8243;][vc_single_image image=&#8221;3029&#8243; alignment=&#8221;center&#8221; effects_enabled_delay=&#8221;&#8221; el_class=&#8221;expertise_thumb&#8221;][vc_column_text effects_enabled_delay=&#8221;&#8221;]<\/p>\n<p style=\"text-align: center;\"><strong>EN 17272 <\/strong><\/p>\n<p style=\"text-align: center;\">Wirkspektrum: bakterizid, fungizid, viruzid, sporizid und levurozid<\/p>\n<p>[\/vc_column_text][\/vc_column][vc_column width=&#8221;1\/4&#8243;][vc_single_image image=&#8221;3036&#8243; img_size=&#8221;medium&#8221; alignment=&#8221;center&#8221; effects_enabled_delay=&#8221;&#8221; el_class=&#8221;expertise_thumb&#8221;][vc_column_text effects_enabled_delay=&#8221;&#8221;]<\/p>\n<p style=\"text-align: center;\">Mitglied im franz\u00f6sischen Verband der Sch\u00e4dlingsbek\u00e4mpfer <strong>CS3D<\/strong> (Chambre Syndicale 3D &#8211; Rattenbek\u00e4mpfung, Desinfektion, Ungezieferbek\u00e4mpfung)<br \/>\n<strong>Inhaber des Zertifikats Certibiocide<\/strong>, das vom Ministerium f\u00fcr \u00f6kologischen und solidarischen Wandel ausgestellt wurde.<\/p>\n<p>[\/vc_column_text][\/vc_column][\/vc_row][vc_row css=&#8221;.vc_custom_1634551265374{margin-bottom: 60px !important;}&#8221;][vc_column][vc_custom_heading text=&#8221;Sie berichten&#8230;&#8221; use_theme_fonts=&#8221;yes&#8221;][\/vc_column][\/vc_row][vc_row][vc_column]<div class=\"mpc-carousel__wrapper mpc-waypoint\"><div id=\"mpc_carousel_posts-8169f2c8e0daad7\" class=\"mpc-carousel-posts mpc-init mpc-init mpc-transition mpc-overlay--fade mpc-item--fade mpc-layout--style_2  \"   data-mpcslick='{\"infinite\":false,\"autoplay\":true,\"slidesToShow\":2,\"slidesToScroll\":1,\"centerMode\":false,\"initialSlide\":0,\"autoplaySpeed\":1000}' data-slick-cols=\"2\"><div onclick=\"\" class=\"mpc-post\"><div class=\"mpc-post__wrapper\"><div class=\"mpc-post__thumbnail\" data-mpc_src=\"https:\/\/www.oxypharm.net\/wp-content\/uploads\/2022\/09\/image-8.jpg\" data-mpc_link=\"https:\/\/www.oxypharm.net\/de\/monkeypox-bekampfung-der-ubertragung-von-affenpocken-durch-eine-umweltvertragliche-desinfektionslosung\/\"><div class=\"mpc-post__overlay mpc-transition\"><div class=\"mpc-post--vertical-wrap\"><div class=\"mpc-post--vertical\" data-mpc_link=\"https:\/\/www.oxypharm.net\/de\/monkeypox-bekampfung-der-ubertragung-von-affenpocken-durch-eine-umweltvertragliche-desinfektionslosung\/\"><a href=\"https:\/\/www.oxypharm.net\/wp-content\/uploads\/2022\/09\/image-8.jpg\" title=\"Mpox: Bek\u00e4mpfung der \u00dcbertragung von Affenpocken durch eine umweltvertr\u00e4gliche Desinfektionsl\u00f6sung\" class=\"mpc-lightbox mpc-icon-anchor mpc-magnific-popup\"><\/a><a href=\"https:\/\/www.oxypharm.net\/de\/monkeypox-bekampfung-der-ubertragung-von-affenpocken-durch-eine-umweltvertragliche-desinfektionslosung\/\" title=\"Read more about Mpox: Bek\u00e4mpfung der \u00dcbertragung von Affenpocken durch eine umweltvertr\u00e4gliche Desinfektionsl\u00f6sung\" class=\"mpc-icon-anchor\"><\/a><\/div><\/div><\/div><\/div><div class=\"mpc-post__content mpc-transition\"><h3 class=\"mpc-post__heading mpc-transition mpc-text-overflow\"><a href=\"https:\/\/www.oxypharm.net\/de\/monkeypox-bekampfung-der-ubertragung-von-affenpocken-durch-eine-umweltvertragliche-desinfektionslosung\/\" title=\"Mpox: Bek\u00e4mpfung der \u00dcbertragung von Affenpocken durch eine umweltvertr\u00e4gliche Desinfektionsl\u00f6sung\">Mpox: Bek\u00e4mpfung der \u00dcbertragung von Affenpocken durch eine umweltvertr\u00e4gliche Desinfektionsl\u00f6sung<\/a><\/h3><div class=\"mpc-post__description\">[vc_row][vc_column][vc_column_text] Am 23. Juli hat die WHO den Ausbruch der Affenpocken zur Notlage von internationaler Tragweite erkl\u00e4rt. Um die \u00dcbertragung<\/div><a href=\"https:\/\/www.oxypharm.net\/de\/monkeypox-bekampfung-der-ubertragung-von-affenpocken-durch-eine-umweltvertragliche-desinfektionslosung\/\" title=\"Mpox: Bek\u00e4mpfung der \u00dcbertragung von Affenpocken durch eine umweltvertr\u00e4gliche Desinfektionsl\u00f6sung\"  class=\"mpc-button mpc-init mpc-transition mpc-typography--mpc_preset_17 \" ><div class=\"mpc-button__content mpc-effect-type--none mpc-effect-side--none\"><span class=\"mpc-button__title mpc-transition\">Weiterlesen<\/span><\/div><div class=\"mpc-button__background mpc-transition mpc-effect-type--fade mpc-effect-side--in\"><\/div><\/a><\/div><\/div><\/div><div onclick=\"\" class=\"mpc-post\"><div class=\"mpc-post__wrapper\"><div class=\"mpc-post__thumbnail\" data-mpc_src=\"https:\/\/www.oxypharm.net\/wp-content\/uploads\/2021\/12\/professeur_alain_sarasin.jpg\" data-mpc_link=\"https:\/\/www.oxypharm.net\/de\/pr-alain-sarasin-forschungsdirektor-am-cnrs\/\"><div class=\"mpc-post__overlay mpc-transition\"><div class=\"mpc-post--vertical-wrap\"><div class=\"mpc-post--vertical\" data-mpc_link=\"https:\/\/www.oxypharm.net\/de\/pr-alain-sarasin-forschungsdirektor-am-cnrs\/\"><a href=\"https:\/\/www.oxypharm.net\/wp-content\/uploads\/2021\/12\/professeur_alain_sarasin.jpg\" title=\"Pr. Alain Sarasin, Forschungsdirektor am CNRS\" class=\"mpc-lightbox mpc-icon-anchor mpc-magnific-popup\"><\/a><a href=\"https:\/\/www.oxypharm.net\/de\/pr-alain-sarasin-forschungsdirektor-am-cnrs\/\" title=\"Read more about Pr. Alain Sarasin, Forschungsdirektor am CNRS\" class=\"mpc-icon-anchor\"><\/a><\/div><\/div><\/div><\/div><div class=\"mpc-post__content mpc-transition\"><h3 class=\"mpc-post__heading mpc-transition mpc-text-overflow\"><a href=\"https:\/\/www.oxypharm.net\/de\/pr-alain-sarasin-forschungsdirektor-am-cnrs\/\" title=\"Pr. Alain Sarasin, Forschungsdirektor am CNRS\">Pr. Alain Sarasin, Forschungsdirektor am CNRS<\/a><\/h3><div class=\"mpc-post__description\">[vc_row][vc_column][vc_column_text] In einem Labor, dessen Aufgabe es ist, Krebsrisiken zu analysieren, war es keine gute Idee, Material zu verwenden, das<\/div><a href=\"https:\/\/www.oxypharm.net\/de\/pr-alain-sarasin-forschungsdirektor-am-cnrs\/\" title=\"Pr. Alain Sarasin, Forschungsdirektor am CNRS\"  class=\"mpc-button mpc-init mpc-transition mpc-typography--mpc_preset_17 \" ><div class=\"mpc-button__content mpc-effect-type--none mpc-effect-side--none\"><span class=\"mpc-button__title mpc-transition\">Weiterlesen<\/span><\/div><div class=\"mpc-button__background mpc-transition mpc-effect-type--fade mpc-effect-side--in\"><\/div><\/a><\/div><\/div><\/div><div onclick=\"\" class=\"mpc-post\"><div class=\"mpc-post__wrapper\"><div class=\"mpc-post__thumbnail\" data-mpc_src=\"https:\/\/www.oxypharm.net\/wp-content\/uploads\/2021\/10\/docteur_didier_lecointe.jpg\" data-mpc_link=\"https:\/\/www.oxypharm.net\/de\/dr-didier-lecointe-prasident-des-ausschusses-zur-bekampfung-nosokomialer-infektionen-clin\/\"><div class=\"mpc-post__overlay mpc-transition\"><div class=\"mpc-post--vertical-wrap\"><div class=\"mpc-post--vertical\" data-mpc_link=\"https:\/\/www.oxypharm.net\/de\/dr-didier-lecointe-prasident-des-ausschusses-zur-bekampfung-nosokomialer-infektionen-clin\/\"><a href=\"https:\/\/www.oxypharm.net\/wp-content\/uploads\/2021\/10\/docteur_didier_lecointe.jpg\" title=\"Dr. Didier Lecointe, Pr\u00e4sident des Ausschusses zur Bek\u00e4mpfung nosokomialer Infektionen CLIN\" class=\"mpc-lightbox mpc-icon-anchor mpc-magnific-popup\"><\/a><a href=\"https:\/\/www.oxypharm.net\/de\/dr-didier-lecointe-prasident-des-ausschusses-zur-bekampfung-nosokomialer-infektionen-clin\/\" title=\"Read more about Dr. Didier Lecointe, Pr\u00e4sident des Ausschusses zur Bek\u00e4mpfung nosokomialer Infektionen CLIN\" class=\"mpc-icon-anchor\"><\/a><\/div><\/div><\/div><\/div><div class=\"mpc-post__content mpc-transition\"><h3 class=\"mpc-post__heading mpc-transition mpc-text-overflow\"><a href=\"https:\/\/www.oxypharm.net\/de\/dr-didier-lecointe-prasident-des-ausschusses-zur-bekampfung-nosokomialer-infektionen-clin\/\" title=\"Dr. Didier Lecointe, Pr\u00e4sident des Ausschusses zur Bek\u00e4mpfung nosokomialer Infektionen CLIN\">Dr. Didier Lecointe, Pr\u00e4sident des Ausschusses zur Bek\u00e4mpfung nosokomialer Infektionen CLIN<\/a><\/h3><div class=\"mpc-post__description\">[vc_row][vc_column][vc_column_text] Dank des Nocotech-Konzepts spart unser Personal wertvolle Zeit. Die Desinfektion eines Notaufnahme- oder Reanimationsmoduls dauert jetzt zwei Stunden, vorher<\/div><a href=\"https:\/\/www.oxypharm.net\/de\/dr-didier-lecointe-prasident-des-ausschusses-zur-bekampfung-nosokomialer-infektionen-clin\/\" title=\"Dr. Didier Lecointe, Pr\u00e4sident des Ausschusses zur Bek\u00e4mpfung nosokomialer Infektionen CLIN\"  class=\"mpc-button mpc-init mpc-transition mpc-typography--mpc_preset_17 \" ><div class=\"mpc-button__content mpc-effect-type--none mpc-effect-side--none\"><span class=\"mpc-button__title mpc-transition\">Weiterlesen<\/span><\/div><div class=\"mpc-button__background mpc-transition mpc-effect-type--fade mpc-effect-side--in\"><\/div><\/a><\/div><\/div><\/div><\/div><div class=\"mpc-navigation mpc-init mpc-align--center mpc-navigation--style_1  mpc-nav-preset--preset_0\" data-mpcslider=\"mpc_carousel_posts-8169f2c8e0daad7\"><div class=\"mpc-nav__arrow mpcslick-prev\"><div class=\"mpc-nav__icon mpc-transition\"><i class=\" fa fa-chevron-circle-left\"><div class=\"mpc-nav__background mpc-transition mpc-effect-type--fade mpc-effect-side--in\"><\/div><\/i><\/div><\/div><div class=\"mpc-nav__arrow mpcslick-next\"><div class=\"mpc-nav__icon mpc-transition\"><i class=\" fa fa-chevron-circle-right\"><div class=\"mpc-nav__background mpc-transition mpc-effect-type--fade mpc-effect-side--in\"><\/div><\/i><\/div><\/div><\/div><\/div>[\/vc_column][\/vc_row]<\/p>\n<\/div>","protected":false},"excerpt":{"rendered":"<p>[vc_row full_width=&#8221;stretch_row&#8221; el_class=&#8221;hero&#8221; css=&#8221;.vc_custom_1634551092541{margin-bottom: 65px !important;padding-top: 50px !important;padding-bottom: 0px !important;}&#8221;][vc_column][vc_custom_heading text=&#8221;Unsere Expertise&#8221; font_container=&#8221;tag:h1|text_align:left&#8221; google_fonts=&#8221;font_family:Raleway%3A100%2C200%2C300%2Cregular%2C500%2C600%2C700%2C800%2C900|font_style:900%20bold%20regular%3A900%3Anormal&#8221;][vc_column_text]Startseite &gt; Unsere Expertise[\/vc_column_text][\/vc_column][\/vc_row][vc_row css=&#8221;.vc_custom_1646992576238{margin-bottom: 50px !important;}&#8221;][vc_column][vc_custom_heading<\/p>\n","protected":false},"author":1,"featured_media":0,"parent":9395,"menu_order":0,"comment_status":"closed","ping_status":"closed","template":"","meta":{"_acf_changed":false,"footnotes":""},"class_list":["post-9527","page","type-page","status-publish","hentry"],"acf":[],"yoast_head":"<!-- This site is optimized with the Yoast SEO plugin v26.1.1 - https:\/\/yoast.com\/wordpress\/plugins\/seo\/ -->\n<title>Unsere Expertise - Oxy&#039;Pharm<\/title>\n<meta name=\"robots\" content=\"index, follow, max-snippet:-1, max-image-preview:large, max-video-preview:-1\" \/>\n<link rel=\"canonical\" href=\"https:\/\/www.oxypharm.net\/de\/das-unternehmen\/unsere-expertise\/\" \/>\n<meta property=\"og:locale\" content=\"de_DE\" \/>\n<meta property=\"og:type\" content=\"article\" \/>\n<meta property=\"og:title\" content=\"Unsere Expertise - Oxy&#039;Pharm\" \/>\n<meta property=\"og:description\" content=\"[vc_row full_width=&#8221;stretch_row&#8221; el_class=&#8221;hero&#8221; css=&#8221;.vc_custom_1634551092541{margin-bottom: 65px !important;padding-top: 50px !important;padding-bottom: 0px !important;}&#8221;][vc_column][vc_custom_heading text=&#8221;Unsere Expertise&#8221; font_container=&#8221;tag:h1|text_align:left&#8221; google_fonts=&#8221;font_family:Raleway%3A100%2C200%2C300%2Cregular%2C500%2C600%2C700%2C800%2C900|font_style:900%20bold%20regular%3A900%3Anormal&#8221;][vc_column_text]Startseite &gt; Unsere Expertise[\/vc_column_text][\/vc_column][\/vc_row][vc_row css=&#8221;.vc_custom_1646992576238{margin-bottom: 50px !important;}&#8221;][vc_column][vc_custom_heading\" \/>\n<meta property=\"og:url\" content=\"https:\/\/www.oxypharm.net\/de\/das-unternehmen\/unsere-expertise\/\" \/>\n<meta property=\"og:site_name\" content=\"Oxy&#039;Pharm\" \/>\n<meta property=\"article:publisher\" content=\"https:\/\/www.facebook.com\/profile.php?id=100065087790394\" \/>\n<meta property=\"article:modified_time\" content=\"2023-04-14T14:29:25+00:00\" \/>\n<meta name=\"twitter:card\" content=\"summary_large_image\" \/>\n<meta name=\"twitter:site\" content=\"@OxyPharm\" \/>\n<meta name=\"twitter:label1\" content=\"Est. reading time\" \/>\n\t<meta name=\"twitter:data1\" content=\"4 minutes\" \/>\n<script type=\"application\/ld+json\" class=\"yoast-schema-graph\">{\"@context\":\"https:\/\/schema.org\",\"@graph\":[{\"@type\":\"WebPage\",\"@id\":\"https:\/\/www.oxypharm.net\/de\/das-unternehmen\/unsere-expertise\/\",\"url\":\"https:\/\/www.oxypharm.net\/de\/das-unternehmen\/unsere-expertise\/\",\"name\":\"Unsere Expertise - Oxy&#039;Pharm\",\"isPartOf\":{\"@id\":\"https:\/\/www.oxypharm.net\/#website\"},\"datePublished\":\"2022-09-26T11:51:12+00:00\",\"dateModified\":\"2023-04-14T14:29:25+00:00\",\"breadcrumb\":{\"@id\":\"https:\/\/www.oxypharm.net\/de\/das-unternehmen\/unsere-expertise\/#breadcrumb\"},\"inLanguage\":\"de-DE\",\"potentialAction\":[{\"@type\":\"ReadAction\",\"target\":[\"https:\/\/www.oxypharm.net\/de\/das-unternehmen\/unsere-expertise\/\"]}]},{\"@type\":\"BreadcrumbList\",\"@id\":\"https:\/\/www.oxypharm.net\/de\/das-unternehmen\/unsere-expertise\/#breadcrumb\",\"itemListElement\":[{\"@type\":\"ListItem\",\"position\":1,\"name\":\"Accueil\",\"item\":\"https:\/\/www.oxypharm.net\/de\/\"},{\"@type\":\"ListItem\",\"position\":2,\"name\":\"Die Gruppe\",\"item\":\"https:\/\/www.oxypharm.net\/de\/das-unternehmen\/\"},{\"@type\":\"ListItem\",\"position\":3,\"name\":\"Unsere Expertise\"}]},{\"@type\":\"WebSite\",\"@id\":\"https:\/\/www.oxypharm.net\/#website\",\"url\":\"https:\/\/www.oxypharm.net\/\",\"name\":\"Oxy&#039;Pharm\",\"description\":\"\",\"publisher\":{\"@id\":\"https:\/\/www.oxypharm.net\/#organization\"},\"potentialAction\":[{\"@type\":\"SearchAction\",\"target\":{\"@type\":\"EntryPoint\",\"urlTemplate\":\"https:\/\/www.oxypharm.net\/?s={search_term_string}\"},\"query-input\":{\"@type\":\"PropertyValueSpecification\",\"valueRequired\":true,\"valueName\":\"search_term_string\"}}],\"inLanguage\":\"de-DE\"},{\"@type\":\"Organization\",\"@id\":\"https:\/\/www.oxypharm.net\/#organization\",\"name\":\"Oxy'pharm\",\"alternateName\":\"Oxypharm\",\"url\":\"https:\/\/www.oxypharm.net\/\",\"logo\":{\"@type\":\"ImageObject\",\"inLanguage\":\"de-DE\",\"@id\":\"https:\/\/www.oxypharm.net\/#\/schema\/logo\/image\/\",\"url\":\"https:\/\/www.oxypharm.net\/wp-content\/uploads\/2023\/06\/Logo-Medtradex-Oxypharm.jpg\",\"contentUrl\":\"https:\/\/www.oxypharm.net\/wp-content\/uploads\/2023\/06\/Logo-Medtradex-Oxypharm.jpg\",\"width\":500,\"height\":500,\"caption\":\"Oxy'pharm\"},\"image\":{\"@id\":\"https:\/\/www.oxypharm.net\/#\/schema\/logo\/image\/\"},\"sameAs\":[\"https:\/\/www.facebook.com\/profile.php?id=100065087790394\",\"https:\/\/x.com\/OxyPharm\",\"https:\/\/www.instagram.com\/oxy_pharm\/\",\"https:\/\/www.linkedin.com\/company\/oxy-pharm\/\",\"https:\/\/www.youtube.com\/channel\/UCwTjwWFZWcMdPPlvkTuiurw\"]}]}<\/script>\n<!-- \/ Yoast SEO plugin. -->","yoast_head_json":{"title":"Unsere Expertise - Oxy&#039;Pharm","robots":{"index":"index","follow":"follow","max-snippet":"max-snippet:-1","max-image-preview":"max-image-preview:large","max-video-preview":"max-video-preview:-1"},"canonical":"https:\/\/www.oxypharm.net\/de\/das-unternehmen\/unsere-expertise\/","og_locale":"de_DE","og_type":"article","og_title":"Unsere Expertise - Oxy&#039;Pharm","og_description":"[vc_row full_width=&#8221;stretch_row&#8221; el_class=&#8221;hero&#8221; css=&#8221;.vc_custom_1634551092541{margin-bottom: 65px !important;padding-top: 50px !important;padding-bottom: 0px !important;}&#8221;][vc_column][vc_custom_heading text=&#8221;Unsere Expertise&#8221; font_container=&#8221;tag:h1|text_align:left&#8221; google_fonts=&#8221;font_family:Raleway%3A100%2C200%2C300%2Cregular%2C500%2C600%2C700%2C800%2C900|font_style:900%20bold%20regular%3A900%3Anormal&#8221;][vc_column_text]Startseite &gt; Unsere Expertise[\/vc_column_text][\/vc_column][\/vc_row][vc_row css=&#8221;.vc_custom_1646992576238{margin-bottom: 50px !important;}&#8221;][vc_column][vc_custom_heading","og_url":"https:\/\/www.oxypharm.net\/de\/das-unternehmen\/unsere-expertise\/","og_site_name":"Oxy&#039;Pharm","article_publisher":"https:\/\/www.facebook.com\/profile.php?id=100065087790394","article_modified_time":"2023-04-14T14:29:25+00:00","twitter_card":"summary_large_image","twitter_site":"@OxyPharm","twitter_misc":{"Est. reading time":"4 minutes"},"schema":{"@context":"https:\/\/schema.org","@graph":[{"@type":"WebPage","@id":"https:\/\/www.oxypharm.net\/de\/das-unternehmen\/unsere-expertise\/","url":"https:\/\/www.oxypharm.net\/de\/das-unternehmen\/unsere-expertise\/","name":"Unsere Expertise - Oxy&#039;Pharm","isPartOf":{"@id":"https:\/\/www.oxypharm.net\/#website"},"datePublished":"2022-09-26T11:51:12+00:00","dateModified":"2023-04-14T14:29:25+00:00","breadcrumb":{"@id":"https:\/\/www.oxypharm.net\/de\/das-unternehmen\/unsere-expertise\/#breadcrumb"},"inLanguage":"de-DE","potentialAction":[{"@type":"ReadAction","target":["https:\/\/www.oxypharm.net\/de\/das-unternehmen\/unsere-expertise\/"]}]},{"@type":"BreadcrumbList","@id":"https:\/\/www.oxypharm.net\/de\/das-unternehmen\/unsere-expertise\/#breadcrumb","itemListElement":[{"@type":"ListItem","position":1,"name":"Accueil","item":"https:\/\/www.oxypharm.net\/de\/"},{"@type":"ListItem","position":2,"name":"Die Gruppe","item":"https:\/\/www.oxypharm.net\/de\/das-unternehmen\/"},{"@type":"ListItem","position":3,"name":"Unsere Expertise"}]},{"@type":"WebSite","@id":"https:\/\/www.oxypharm.net\/#website","url":"https:\/\/www.oxypharm.net\/","name":"Oxy&#039;Pharm","description":"","publisher":{"@id":"https:\/\/www.oxypharm.net\/#organization"},"potentialAction":[{"@type":"SearchAction","target":{"@type":"EntryPoint","urlTemplate":"https:\/\/www.oxypharm.net\/?s={search_term_string}"},"query-input":{"@type":"PropertyValueSpecification","valueRequired":true,"valueName":"search_term_string"}}],"inLanguage":"de-DE"},{"@type":"Organization","@id":"https:\/\/www.oxypharm.net\/#organization","name":"Oxy'pharm","alternateName":"Oxypharm","url":"https:\/\/www.oxypharm.net\/","logo":{"@type":"ImageObject","inLanguage":"de-DE","@id":"https:\/\/www.oxypharm.net\/#\/schema\/logo\/image\/","url":"https:\/\/www.oxypharm.net\/wp-content\/uploads\/2023\/06\/Logo-Medtradex-Oxypharm.jpg","contentUrl":"https:\/\/www.oxypharm.net\/wp-content\/uploads\/2023\/06\/Logo-Medtradex-Oxypharm.jpg","width":500,"height":500,"caption":"Oxy'pharm"},"image":{"@id":"https:\/\/www.oxypharm.net\/#\/schema\/logo\/image\/"},"sameAs":["https:\/\/www.facebook.com\/profile.php?id=100065087790394","https:\/\/x.com\/OxyPharm","https:\/\/www.instagram.com\/oxy_pharm\/","https:\/\/www.linkedin.com\/company\/oxy-pharm\/","https:\/\/www.youtube.com\/channel\/UCwTjwWFZWcMdPPlvkTuiurw"]}]}},"_links":{"self":[{"href":"https:\/\/www.oxypharm.net\/de\/wp-json\/wp\/v2\/pages\/9527","targetHints":{"allow":["GET"]}}],"collection":[{"href":"https:\/\/www.oxypharm.net\/de\/wp-json\/wp\/v2\/pages"}],"about":[{"href":"https:\/\/www.oxypharm.net\/de\/wp-json\/wp\/v2\/types\/page"}],"author":[{"embeddable":true,"href":"https:\/\/www.oxypharm.net\/de\/wp-json\/wp\/v2\/users\/1"}],"replies":[{"embeddable":true,"href":"https:\/\/www.oxypharm.net\/de\/wp-json\/wp\/v2\/comments?post=9527"}],"version-history":[{"count":1,"href":"https:\/\/www.oxypharm.net\/de\/wp-json\/wp\/v2\/pages\/9527\/revisions"}],"predecessor-version":[{"id":12578,"href":"https:\/\/www.oxypharm.net\/de\/wp-json\/wp\/v2\/pages\/9527\/revisions\/12578"}],"up":[{"embeddable":true,"href":"https:\/\/www.oxypharm.net\/de\/wp-json\/wp\/v2\/pages\/9395"}],"wp:attachment":[{"href":"https:\/\/www.oxypharm.net\/de\/wp-json\/wp\/v2\/media?parent=9527"}],"curies":[{"name":"wp","href":"https:\/\/api.w.org\/{rel}","templated":true}]}}