{"id":9437,"date":"2022-09-26T11:50:59","date_gmt":"2022-09-26T11:50:59","guid":{"rendered":"https:\/\/preprod.oxypharm.net\/das-unternehmen\/uber-uns\/"},"modified":"2023-04-14T14:01:07","modified_gmt":"2023-04-14T14:01:07","slug":"uber-uns","status":"publish","type":"page","link":"https:\/\/www.oxypharm.net\/de\/das-unternehmen\/uber-uns\/","title":{"rendered":"\u00dcber uns"},"content":{"rendered":"<div class=\"wpb-content-wrapper\"><p>[vc_row full_width=&#8221;stretch_row&#8221; el_class=&#8221;hero&#8221; css=&#8221;.vc_custom_1634551092541{margin-bottom: 65px !important;padding-top: 50px !important;padding-bottom: 0px !important;}&#8221;][vc_column][vc_custom_heading text=&#8221;\u00dcber uns&#8221; font_container=&#8221;tag:h1|text_align:left&#8221; google_fonts=&#8221;font_family:Raleway%3A100%2C200%2C300%2Cregular%2C500%2C600%2C700%2C800%2C900|font_style:900%20bold%20regular%3A900%3Anormal&#8221;][vc_column_text]<a href=\"\/\">Startseite<\/a> &gt; \u00dcber uns[\/vc_column_text][\/vc_column][\/vc_row][vc_row css=&#8221;.vc_custom_1634550143177{margin-top: 30px !important;}&#8221;][vc_column width=&#8221;1\/4&#8243; el_class=&#8221;icon-text&#8221;][vc_icon icon_fontawesome=&#8221;fas fa-globe-americas&#8221; color=&#8221;sandy_brown&#8221; size=&#8221;lg&#8221; align=&#8221;center&#8221;][vc_column_text effects_enabled_delay=&#8221;&#8221; css=&#8221;.vc_custom_1650383017535{margin-top: 0px !important;}&#8221;]<\/p>\n<h4 class=\"p1\" style=\"text-align: center;\">Kundenn\u00e4he<\/h4>\n<p style=\"text-align: center;\">Unsere Teams sind sowohl in Frankreich als auch international vertreten, um Ihnen einen qualitativ hochwertigen Service zu bieten.<\/p>\n<p>[\/vc_column_text][\/vc_column][vc_column width=&#8221;1\/4&#8243; el_class=&#8221;icon-text&#8221;][vc_icon icon_fontawesome=&#8221;fab fa-gratipay&#8221; color=&#8221;sandy_brown&#8221; size=&#8221;lg&#8221; align=&#8221;center&#8221;][vc_column_text effects_enabled_delay=&#8221;&#8221; css=&#8221;.vc_custom_1650383008054{margin-top: 0px !important;}&#8221;]<\/p>\n<h4 style=\"text-align: center;\">Anpassbarkeit<\/h4>\n<p style=\"text-align: center;\">Da jede Nachfrage einzigartig ist, haben wir L\u00f6sungen entwickelt, die auf Ihr T\u00e4tigkeitsgebiet zugeschnitten sind.<\/p>\n<p>[\/vc_column_text][\/vc_column][vc_column width=&#8221;1\/4&#8243; el_class=&#8221;icon-text&#8221;][vc_icon icon_fontawesome=&#8221;fas fa-shield-alt&#8221; color=&#8221;sandy_brown&#8221; size=&#8221;lg&#8221; align=&#8221;center&#8221;][vc_column_text effects_enabled_delay=&#8221;&#8221; css=&#8221;.vc_custom_1650382994943{margin-top: 0px !important;}&#8221;]<\/p>\n<h4 class=\"p1\" style=\"text-align: center;\">Sicherheit<\/h4>\n<p style=\"text-align: center;\">Unsere L\u00f6sungen entsprechen den geltenden Normen und garantieren Ihnen einwandfreie Zuverl\u00e4ssigkeit und Effizienz.<\/p>\n<p>[\/vc_column_text][\/vc_column][vc_column width=&#8221;1\/4&#8243; el_class=&#8221;icon-text&#8221;][vc_icon icon_fontawesome=&#8221;fas fa-tree&#8221; color=&#8221;sandy_brown&#8221; size=&#8221;lg&#8221; align=&#8221;center&#8221;][vc_column_text effects_enabled_delay=&#8221;&#8221; css=&#8221;.vc_custom_1650011719920{margin-top: 0px !important;}&#8221;]<\/p>\n<h4 class=\"p1\" style=\"text-align: center;\">Engagement<\/h4>\n<p style=\"text-align: center;\">Unsere L\u00f6sungen wurden unter dem Aspekt der Umweltverantwortung entwickelt, um den Weg in eine gr\u00fcne Zukunft fortzusetzen!<\/p>\n<p>[\/vc_column_text][\/vc_column][vc_column css=&#8221;.vc_custom_1649406379813{padding-top: 40px !important;}&#8221;][\/vc_column][\/vc_row][vc_row full_width=&#8221;stretch_row&#8221; enable_parallax=&#8221;true&#8221; parallax=&#8221;content-moving&#8221; css=&#8221;.vc_custom_1646825602658{margin-bottom: 50px !important;padding-top: 240px !important;padding-bottom: 240px !important;background-image: url(https:\/\/www.oxypharm.net\/wp-content\/uploads\/2022\/03\/batiment_oxypharm.jpg?id=2949) !important;background-position: center !important;background-repeat: no-repeat !important;background-size: cover !important;}&#8221;][vc_column][\/vc_column][\/vc_row][vc_row css=&#8221;.vc_custom_1634551265374{margin-bottom: 60px !important;}&#8221;][vc_column][vc_custom_heading text=&#8221;Das Unternehmen Oxy&#8217;Pharm<br \/>\nin K\u00fcrze\u2026&#8221; use_theme_fonts=&#8221;yes&#8221;][\/vc_column][\/vc_row][vc_row css=&#8221;.vc_custom_1634551587272{margin-bottom: 20px !important;}&#8221;][vc_column][vc_column_text el_class=&#8221;intro&#8221;]<\/p>\n<h4 class=\"p1\">Heute<\/h4>\n<p>[\/vc_column_text][vc_column_text el_class=&#8221;intro&#8221;]<\/p>\n<p class=\"p1\">Die urspr\u00fcnglich f\u00fcr ihr Konzept zur luft\u00fcbertragenen Fl\u00e4chendesinfektion weltweit bekannte Unternehmensgruppe ist heute in der Lage, die gesamte Kette der Bioreinigung mit einer breiten Palette von L\u00f6sungen von der Reinigung \u00fcber die Vordesinfektion bis hin zur Desinfektion abzudecken. <strong>Mit Oxy&#8217;Pharm l\u00e4sst sich eine K\u00fcche in einen Operationssaal verwandeln!<\/strong> Dank seiner umfassenden Expertise kann das Unternehmen auf die spezifischen Bed\u00fcrfnisse seiner Kunden in allen Branchen (Gesundheitswesen, Lebensmittelindustrie, Pharmaindustrie, \u00f6ffentliche Einrichtungen usw.) eingehen.<\/p>\n<p class=\"p1\"><span data-sheets-value=\"{\" data-sheets-userformat=\"{\">Als Vorreiter im Bereich der &#8220;gr\u00fcnen&#8221; Hygiene bieten wir ausschlie\u00dflich L\u00f6sungen, die umweltvertr\u00e4glich, biologisch abbaubar und f\u00fcr den Menschen unbedenklich sind. Die Qualit\u00e4t aller dieser L\u00f6sungen wurde durch in vivo- und in vitro-Labortests wissenschaftlich nachgewiesen, womit gew\u00e4hrleistet ist, dass das Unternehmen alle Anforderungen der auf dem Markt geltenden Standards und Zertifizierungen erf\u00fcllt. <\/span><\/p>\n<p>[\/vc_column_text][vc_column_text el_class=&#8221;intro&#8221;]<\/p>\n<h4 class=\"p1\">Eine Erfolgskombination<\/h4>\n<p>[\/vc_column_text][vc_column_text el_class=&#8221;intro&#8221;]<\/p>\n<p class=\"p1\"><span data-sheets-value=\"{\" data-sheets-userformat=\"{\">Ende 2019 fusioniert Oxy&#8217;Pharm mit Sanivap, dem franz\u00f6sischen Spezialisten f\u00fcr Dampf-Bioreinigung, dessen L\u00f6sungen gem\u00e4\u00df Norm NF T72-110 zertifiziert sind. Diese \u00dcbernahme hat es erm\u00f6glicht, ein umfassendes Sortiment f\u00fcr die umweltfreundliche Reinigung und Desinfektion von Oberfl\u00e4chen anzubieten, mit L\u00f6sungen, die gegen alle Krankheitserreger einschlie\u00dflich humaner Coronaviren, hochwirksam sind. <strong>Die erfolgreiche Kombination von zwei sich erg\u00e4nzenden Technologien fand sofort konkrete Anwendungen auf dem Feld. <\/strong><\/span><\/p>\n<p>[\/vc_column_text][\/vc_column][\/vc_row][vc_row][vc_column width=&#8221;1\/4&#8243;]<div data-id=\"mpc_counter-8169f2c81aefc5b\" class=\"mpc-counter mpc-init mpc-transition mpc-waypoint mpc-counter--style_1 mpc-align--center \" ><div class=\"mpc-counter__counter mpc-typography--preset_1\"><div class=\"mpc-counter--target\" data-options=\"{&quot;useEasing&quot;:true,&quot;value&quot;:2003,&quot;initial&quot;:1572,&quot;duration&quot;:2,&quot;delay&quot;:0,&quot;decimals&quot;:0,&quot;separator&quot;:&quot;&quot;,&quot;decimal&quot;:&quot;&quot;}\" data-to=\"2003\">1572<\/div><div class=\"mpc-counter--sizer\">2003<\/div><\/div><div data-id=\"mpc_divider-7469f2c81aefcd8\" class=\"mpc-divider-wrap\"><div class=\"mpc-divider mpc-init mpc-align--center mpc-disable--left \" ><div class=\"mpc-divider__line mpc-side--left\"><span><\/span><\/div><div class=\"mpc-divider__line mpc-side--right\"><span><\/span><\/div><\/div><\/div><h3 class=\"mpc-counter__heading mpc-typography--preset_0\">Gr\u00fcndung des Unternehmens<\/h3><\/div>[\/vc_column][vc_column width=&#8221;1\/4&#8243; el_class=&#8221;connaitre-percent&#8221;]<div data-id=\"mpc_counter-5769f2c81aefdb0\" class=\"mpc-counter mpc-init mpc-transition mpc-waypoint mpc-counter--style_1 mpc-align--center \" ><div class=\"mpc-counter__counter mpc-typography--preset_1\"><div class=\"mpc-counter--target\" data-options=\"{&quot;useEasing&quot;:true,&quot;value&quot;:100,&quot;initial&quot;:0,&quot;duration&quot;:2,&quot;delay&quot;:0,&quot;decimals&quot;:0,&quot;separator&quot;:&quot;&quot;,&quot;decimal&quot;:&quot;&quot;}\" data-to=\"100\">0<\/div><div class=\"mpc-counter--sizer\">100<\/div><\/div><div data-id=\"mpc_divider-9169f2c81aefdf8\" class=\"mpc-divider-wrap\"><div class=\"mpc-divider mpc-init mpc-align--center mpc-disable--left \" ><div class=\"mpc-divider__line mpc-side--left\"><span><\/span><\/div><div class=\"mpc-divider__line mpc-side--right\"><span><\/span><\/div><\/div><\/div><h3 class=\"mpc-counter__heading mpc-typography--preset_0\">franz\u00f6sischer Hersteller<\/h3><\/div>[\/vc_column][vc_column width=&#8221;1\/4&#8243; el_class=&#8221;connaitre-percent&#8221;]<div data-id=\"mpc_counter-9069f2c81aefead\" class=\"mpc-counter mpc-init mpc-transition mpc-waypoint mpc-counter--style_1 mpc-align--center \" ><div class=\"mpc-counter__counter mpc-typography--preset_1\"><div class=\"mpc-counter--target\" data-options=\"{&quot;useEasing&quot;:true,&quot;value&quot;:80,&quot;initial&quot;:1,&quot;duration&quot;:2,&quot;delay&quot;:0,&quot;decimals&quot;:0,&quot;separator&quot;:&quot;&quot;,&quot;decimal&quot;:&quot;&quot;}\" data-to=\"80\">1<\/div><div class=\"mpc-counter--sizer\">80<\/div><\/div><div data-id=\"mpc_divider-3469f2c81aefee7\" class=\"mpc-divider-wrap\"><div class=\"mpc-divider mpc-init mpc-align--center mpc-disable--left \" ><div class=\"mpc-divider__line mpc-side--left\"><span><\/span><\/div><div class=\"mpc-divider__line mpc-side--right\"><span><\/span><\/div><\/div><\/div><h3 class=\"mpc-counter__heading mpc-typography--preset_0\">Umsatz aus dem Export<\/h3><\/div>[\/vc_column][vc_column width=&#8221;1\/4&#8243;]<div data-id=\"mpc_counter-6669f2c81af002d\" class=\"mpc-counter mpc-init mpc-transition mpc-waypoint mpc-counter--style_1 mpc-align--center \" ><div class=\"mpc-counter__counter mpc-typography--preset_1\"><div class=\"mpc-counter--target\" data-options=\"{&quot;useEasing&quot;:true,&quot;value&quot;:120,&quot;initial&quot;:87,&quot;duration&quot;:2,&quot;delay&quot;:0,&quot;decimals&quot;:0,&quot;separator&quot;:&quot;&quot;,&quot;decimal&quot;:&quot;&quot;}\" data-to=\"120\">87<\/div><div class=\"mpc-counter--sizer\">120<\/div><\/div><div data-id=\"mpc_divider-3369f2c81af0073\" class=\"mpc-divider-wrap\"><div class=\"mpc-divider mpc-init mpc-align--center mpc-disable--left \" ><div class=\"mpc-divider__line mpc-side--left\"><span><\/span><\/div><div class=\"mpc-divider__line mpc-side--right\"><span><\/span><\/div><\/div><\/div><h3 class=\"mpc-counter__heading mpc-typography--preset_0\">land<\/h3><\/div>[\/vc_column][\/vc_row]<\/p>\n<\/div>","protected":false},"excerpt":{"rendered":"<p>[vc_row full_width=&#8221;stretch_row&#8221; el_class=&#8221;hero&#8221; css=&#8221;.vc_custom_1634551092541{margin-bottom: 65px !important;padding-top: 50px !important;padding-bottom: 0px !important;}&#8221;][vc_column][vc_custom_heading text=&#8221;\u00dcber uns&#8221; font_container=&#8221;tag:h1|text_align:left&#8221; google_fonts=&#8221;font_family:Raleway%3A100%2C200%2C300%2Cregular%2C500%2C600%2C700%2C800%2C900|font_style:900%20bold%20regular%3A900%3Anormal&#8221;][vc_column_text]Startseite &gt; \u00dcber uns[\/vc_column_text][\/vc_column][\/vc_row][vc_row css=&#8221;.vc_custom_1634550143177{margin-top: 30px !important;}&#8221;][vc_column<\/p>\n","protected":false},"author":1,"featured_media":0,"parent":9395,"menu_order":0,"comment_status":"closed","ping_status":"closed","template":"","meta":{"_acf_changed":false,"footnotes":""},"class_list":["post-9437","page","type-page","status-publish","hentry"],"acf":[],"yoast_head":"<!-- This site is optimized with the Yoast SEO plugin v26.1.1 - https:\/\/yoast.com\/wordpress\/plugins\/seo\/ -->\n<title>\u00dcber uns - Oxy&#039;Pharm<\/title>\n<meta name=\"robots\" content=\"index, follow, max-snippet:-1, max-image-preview:large, max-video-preview:-1\" \/>\n<link rel=\"canonical\" href=\"https:\/\/www.oxypharm.net\/de\/das-unternehmen\/uber-uns\/\" \/>\n<meta property=\"og:locale\" content=\"de_DE\" \/>\n<meta property=\"og:type\" content=\"article\" \/>\n<meta property=\"og:title\" content=\"\u00dcber uns - Oxy&#039;Pharm\" \/>\n<meta property=\"og:description\" content=\"[vc_row full_width=&#8221;stretch_row&#8221; el_class=&#8221;hero&#8221; css=&#8221;.vc_custom_1634551092541{margin-bottom: 65px !important;padding-top: 50px !important;padding-bottom: 0px !important;}&#8221;][vc_column][vc_custom_heading text=&#8221;\u00dcber uns&#8221; font_container=&#8221;tag:h1|text_align:left&#8221; google_fonts=&#8221;font_family:Raleway%3A100%2C200%2C300%2Cregular%2C500%2C600%2C700%2C800%2C900|font_style:900%20bold%20regular%3A900%3Anormal&#8221;][vc_column_text]Startseite &gt; \u00dcber uns[\/vc_column_text][\/vc_column][\/vc_row][vc_row css=&#8221;.vc_custom_1634550143177{margin-top: 30px !important;}&#8221;][vc_column\" \/>\n<meta property=\"og:url\" content=\"https:\/\/www.oxypharm.net\/de\/das-unternehmen\/uber-uns\/\" \/>\n<meta property=\"og:site_name\" content=\"Oxy&#039;Pharm\" \/>\n<meta property=\"article:publisher\" content=\"https:\/\/www.facebook.com\/profile.php?id=100065087790394\" \/>\n<meta property=\"article:modified_time\" content=\"2023-04-14T14:01:07+00:00\" \/>\n<meta name=\"twitter:card\" content=\"summary_large_image\" \/>\n<meta name=\"twitter:site\" content=\"@OxyPharm\" \/>\n<meta name=\"twitter:label1\" content=\"Est. reading time\" \/>\n\t<meta name=\"twitter:data1\" content=\"5 minutes\" \/>\n<script type=\"application\/ld+json\" class=\"yoast-schema-graph\">{\"@context\":\"https:\/\/schema.org\",\"@graph\":[{\"@type\":\"WebPage\",\"@id\":\"https:\/\/www.oxypharm.net\/de\/das-unternehmen\/uber-uns\/\",\"url\":\"https:\/\/www.oxypharm.net\/de\/das-unternehmen\/uber-uns\/\",\"name\":\"\u00dcber uns - Oxy&#039;Pharm\",\"isPartOf\":{\"@id\":\"https:\/\/www.oxypharm.net\/#website\"},\"datePublished\":\"2022-09-26T11:50:59+00:00\",\"dateModified\":\"2023-04-14T14:01:07+00:00\",\"breadcrumb\":{\"@id\":\"https:\/\/www.oxypharm.net\/de\/das-unternehmen\/uber-uns\/#breadcrumb\"},\"inLanguage\":\"de-DE\",\"potentialAction\":[{\"@type\":\"ReadAction\",\"target\":[\"https:\/\/www.oxypharm.net\/de\/das-unternehmen\/uber-uns\/\"]}]},{\"@type\":\"BreadcrumbList\",\"@id\":\"https:\/\/www.oxypharm.net\/de\/das-unternehmen\/uber-uns\/#breadcrumb\",\"itemListElement\":[{\"@type\":\"ListItem\",\"position\":1,\"name\":\"Accueil\",\"item\":\"https:\/\/www.oxypharm.net\/de\/\"},{\"@type\":\"ListItem\",\"position\":2,\"name\":\"Die Gruppe\",\"item\":\"https:\/\/www.oxypharm.net\/de\/das-unternehmen\/\"},{\"@type\":\"ListItem\",\"position\":3,\"name\":\"\u00dcber uns\"}]},{\"@type\":\"WebSite\",\"@id\":\"https:\/\/www.oxypharm.net\/#website\",\"url\":\"https:\/\/www.oxypharm.net\/\",\"name\":\"Oxy&#039;Pharm\",\"description\":\"\",\"publisher\":{\"@id\":\"https:\/\/www.oxypharm.net\/#organization\"},\"potentialAction\":[{\"@type\":\"SearchAction\",\"target\":{\"@type\":\"EntryPoint\",\"urlTemplate\":\"https:\/\/www.oxypharm.net\/?s={search_term_string}\"},\"query-input\":{\"@type\":\"PropertyValueSpecification\",\"valueRequired\":true,\"valueName\":\"search_term_string\"}}],\"inLanguage\":\"de-DE\"},{\"@type\":\"Organization\",\"@id\":\"https:\/\/www.oxypharm.net\/#organization\",\"name\":\"Oxy'pharm\",\"alternateName\":\"Oxypharm\",\"url\":\"https:\/\/www.oxypharm.net\/\",\"logo\":{\"@type\":\"ImageObject\",\"inLanguage\":\"de-DE\",\"@id\":\"https:\/\/www.oxypharm.net\/#\/schema\/logo\/image\/\",\"url\":\"https:\/\/www.oxypharm.net\/wp-content\/uploads\/2023\/06\/Logo-Medtradex-Oxypharm.jpg\",\"contentUrl\":\"https:\/\/www.oxypharm.net\/wp-content\/uploads\/2023\/06\/Logo-Medtradex-Oxypharm.jpg\",\"width\":500,\"height\":500,\"caption\":\"Oxy'pharm\"},\"image\":{\"@id\":\"https:\/\/www.oxypharm.net\/#\/schema\/logo\/image\/\"},\"sameAs\":[\"https:\/\/www.facebook.com\/profile.php?id=100065087790394\",\"https:\/\/x.com\/OxyPharm\",\"https:\/\/www.instagram.com\/oxy_pharm\/\",\"https:\/\/www.linkedin.com\/company\/oxy-pharm\/\",\"https:\/\/www.youtube.com\/channel\/UCwTjwWFZWcMdPPlvkTuiurw\"]}]}<\/script>\n<!-- \/ Yoast SEO plugin. -->","yoast_head_json":{"title":"\u00dcber uns - Oxy&#039;Pharm","robots":{"index":"index","follow":"follow","max-snippet":"max-snippet:-1","max-image-preview":"max-image-preview:large","max-video-preview":"max-video-preview:-1"},"canonical":"https:\/\/www.oxypharm.net\/de\/das-unternehmen\/uber-uns\/","og_locale":"de_DE","og_type":"article","og_title":"\u00dcber uns - Oxy&#039;Pharm","og_description":"[vc_row full_width=&#8221;stretch_row&#8221; el_class=&#8221;hero&#8221; css=&#8221;.vc_custom_1634551092541{margin-bottom: 65px !important;padding-top: 50px !important;padding-bottom: 0px !important;}&#8221;][vc_column][vc_custom_heading text=&#8221;\u00dcber uns&#8221; font_container=&#8221;tag:h1|text_align:left&#8221; google_fonts=&#8221;font_family:Raleway%3A100%2C200%2C300%2Cregular%2C500%2C600%2C700%2C800%2C900|font_style:900%20bold%20regular%3A900%3Anormal&#8221;][vc_column_text]Startseite &gt; \u00dcber uns[\/vc_column_text][\/vc_column][\/vc_row][vc_row css=&#8221;.vc_custom_1634550143177{margin-top: 30px !important;}&#8221;][vc_column","og_url":"https:\/\/www.oxypharm.net\/de\/das-unternehmen\/uber-uns\/","og_site_name":"Oxy&#039;Pharm","article_publisher":"https:\/\/www.facebook.com\/profile.php?id=100065087790394","article_modified_time":"2023-04-14T14:01:07+00:00","twitter_card":"summary_large_image","twitter_site":"@OxyPharm","twitter_misc":{"Est. reading time":"5 minutes"},"schema":{"@context":"https:\/\/schema.org","@graph":[{"@type":"WebPage","@id":"https:\/\/www.oxypharm.net\/de\/das-unternehmen\/uber-uns\/","url":"https:\/\/www.oxypharm.net\/de\/das-unternehmen\/uber-uns\/","name":"\u00dcber uns - Oxy&#039;Pharm","isPartOf":{"@id":"https:\/\/www.oxypharm.net\/#website"},"datePublished":"2022-09-26T11:50:59+00:00","dateModified":"2023-04-14T14:01:07+00:00","breadcrumb":{"@id":"https:\/\/www.oxypharm.net\/de\/das-unternehmen\/uber-uns\/#breadcrumb"},"inLanguage":"de-DE","potentialAction":[{"@type":"ReadAction","target":["https:\/\/www.oxypharm.net\/de\/das-unternehmen\/uber-uns\/"]}]},{"@type":"BreadcrumbList","@id":"https:\/\/www.oxypharm.net\/de\/das-unternehmen\/uber-uns\/#breadcrumb","itemListElement":[{"@type":"ListItem","position":1,"name":"Accueil","item":"https:\/\/www.oxypharm.net\/de\/"},{"@type":"ListItem","position":2,"name":"Die Gruppe","item":"https:\/\/www.oxypharm.net\/de\/das-unternehmen\/"},{"@type":"ListItem","position":3,"name":"\u00dcber uns"}]},{"@type":"WebSite","@id":"https:\/\/www.oxypharm.net\/#website","url":"https:\/\/www.oxypharm.net\/","name":"Oxy&#039;Pharm","description":"","publisher":{"@id":"https:\/\/www.oxypharm.net\/#organization"},"potentialAction":[{"@type":"SearchAction","target":{"@type":"EntryPoint","urlTemplate":"https:\/\/www.oxypharm.net\/?s={search_term_string}"},"query-input":{"@type":"PropertyValueSpecification","valueRequired":true,"valueName":"search_term_string"}}],"inLanguage":"de-DE"},{"@type":"Organization","@id":"https:\/\/www.oxypharm.net\/#organization","name":"Oxy'pharm","alternateName":"Oxypharm","url":"https:\/\/www.oxypharm.net\/","logo":{"@type":"ImageObject","inLanguage":"de-DE","@id":"https:\/\/www.oxypharm.net\/#\/schema\/logo\/image\/","url":"https:\/\/www.oxypharm.net\/wp-content\/uploads\/2023\/06\/Logo-Medtradex-Oxypharm.jpg","contentUrl":"https:\/\/www.oxypharm.net\/wp-content\/uploads\/2023\/06\/Logo-Medtradex-Oxypharm.jpg","width":500,"height":500,"caption":"Oxy'pharm"},"image":{"@id":"https:\/\/www.oxypharm.net\/#\/schema\/logo\/image\/"},"sameAs":["https:\/\/www.facebook.com\/profile.php?id=100065087790394","https:\/\/x.com\/OxyPharm","https:\/\/www.instagram.com\/oxy_pharm\/","https:\/\/www.linkedin.com\/company\/oxy-pharm\/","https:\/\/www.youtube.com\/channel\/UCwTjwWFZWcMdPPlvkTuiurw"]}]}},"_links":{"self":[{"href":"https:\/\/www.oxypharm.net\/de\/wp-json\/wp\/v2\/pages\/9437","targetHints":{"allow":["GET"]}}],"collection":[{"href":"https:\/\/www.oxypharm.net\/de\/wp-json\/wp\/v2\/pages"}],"about":[{"href":"https:\/\/www.oxypharm.net\/de\/wp-json\/wp\/v2\/types\/page"}],"author":[{"embeddable":true,"href":"https:\/\/www.oxypharm.net\/de\/wp-json\/wp\/v2\/users\/1"}],"replies":[{"embeddable":true,"href":"https:\/\/www.oxypharm.net\/de\/wp-json\/wp\/v2\/comments?post=9437"}],"version-history":[{"count":3,"href":"https:\/\/www.oxypharm.net\/de\/wp-json\/wp\/v2\/pages\/9437\/revisions"}],"predecessor-version":[{"id":12566,"href":"https:\/\/www.oxypharm.net\/de\/wp-json\/wp\/v2\/pages\/9437\/revisions\/12566"}],"up":[{"embeddable":true,"href":"https:\/\/www.oxypharm.net\/de\/wp-json\/wp\/v2\/pages\/9395"}],"wp:attachment":[{"href":"https:\/\/www.oxypharm.net\/de\/wp-json\/wp\/v2\/media?parent=9437"}],"curies":[{"name":"wp","href":"https:\/\/api.w.org\/{rel}","templated":true}]}}