{"id":9383,"date":"2022-09-26T11:50:51","date_gmt":"2022-09-26T11:50:51","guid":{"rendered":"https:\/\/preprod.oxypharm.net\/losungen\/"},"modified":"2022-11-22T22:15:02","modified_gmt":"2022-11-22T22:15:02","slug":"losungen","status":"publish","type":"page","link":"https:\/\/www.oxypharm.net\/de\/losungen\/","title":{"rendered":"L\u00f6sungen"},"content":{"rendered":"<div class=\"wpb-content-wrapper\"><p>[vc_row full_width=&#8221;stretch_row&#8221; el_class=&#8221;hero&#8221; css=&#8221;.vc_custom_1633650128982{margin-bottom: 85px !important;padding-top: 50px !important;padding-bottom: 0px !important;}&#8221;][vc_column][vc_custom_heading text=&#8221;L\u00f6sungen&#8221; font_container=&#8221;tag:h1|text_align:left&#8221; google_fonts=&#8221;font_family:Raleway%3A100%2C200%2C300%2Cregular%2C500%2C600%2C700%2C800%2C900|font_style:800%20bold%20regular%3A800%3Anormal&#8221;][vc_column_text]<a href=\"\/\">Startseite<\/a> >\u00a0L\u00f6sungen[\/vc_column_text][\/vc_column][\/vc_row][vc_row css=&#8221;.vc_custom_1633691414582{margin-bottom: 35px !important;}&#8221;][vc_column][vc_column_text]<\/p>\n<h3>Ma\u00dfgeschneiderte L\u00f6sungen f\u00fcr Ihren speziellen Bedarf<\/h3>\n<p>[\/vc_column_text][vc_column_text el_class=&#8221;intro&#8221;]Covid-19 hat uns die Bedeutung der gesundheitlichen Herausforderungen bewusst gemacht und uns an die Notwendigkeit erinnert, t\u00e4glich gegen die zahlreichen bereits existierenden und ebenso gegen die potenziell in Zukunft auftretenden Infektionskrankheiten zu k\u00e4mpfen. Die Gruppe Oxy&#8217;Pharm, seit 2003 Experte f\u00fcr die sogenannte &#8220;gr\u00fcne&#8221; Hygiene, setzt sich daf\u00fcr ein, alle Berufsgruppen, unabh\u00e4ngig von ihrer Branche, zu begleiten und sie bei der Einf\u00fchrung nachhaltiger Hygienel\u00f6sungen zu unterst\u00fctzen.[\/vc_column_text][\/vc_column][\/vc_row][vc_row][vc_column]<div class=\"templatera_shortcode\"><div class=\"vc_row wpb_row vc_row-fluid vc_custom_1644231641810 vc_row-has-fill vc_column-gap-15 vc_row-o-equal-height vc_row-flex mpc-row\"><div class=\"oxypharm-grid-col-4 wpb_animate_when_almost_visible wpb_fadeIn fadeIn wpb_column vc_column_container vc_col-sm-4 vc_col-has-fill mpc-column\" data-column-id=\"mpc_column-9969fec0d6d5b10\"><div class=\"vc_column-inner vc_custom_1644234431773\"><div class=\"wpb_wrapper\">\n\t<div class=\"wpb_single_image wpb_content_element vc_align_left wpb_content_element vc_custom_1644460760062\">\n\t\t\n\t\t<figure class=\"wpb_wrapper vc_figure\">\n\t\t\t<div class=\"vc_single_image-wrapper   vc_box_border_grey\"><img loading=\"lazy\" decoding=\"async\" width=\"1000\" height=\"410\" src=\"https:\/\/www.oxypharm.net\/wp-content\/uploads\/2022\/01\/gradient_xl.png\" class=\"vc_single_image-img attachment-full\" alt=\"\" title=\"gradient_xl\" srcset=\"https:\/\/www.oxypharm.net\/wp-content\/uploads\/2022\/01\/gradient_xl.png 1000w, https:\/\/www.oxypharm.net\/wp-content\/uploads\/2022\/01\/gradient_xl-300x123.png 300w\" sizes=\"auto, (max-width: 1000px) 100vw, 1000px\"><\/div>\n\t\t<\/figure>\n\t<\/div>\n\n\t<div class=\"wpb_single_image wpb_content_element vc_align_left wpb_content_element vc_custom_1644454446539  oxypharm-grid-hover\">\n\t\t\n\t\t<figure class=\"wpb_wrapper vc_figure\">\n\t\t\t<a href=\"\/de\/losungen\/desinfektion\/\" target=\"_self\" class=\"vc_single_image-wrapper   vc_box_border_grey\"><img decoding=\"async\" class=\"vc_img-placeholder vc_single_image-img\" src=\"https:\/\/www.oxypharm.net\/wp-content\/plugins\/js_composer\/assets\/vc\/no_image.png\"><\/a>\n\t\t<\/figure>\n\t<\/div>\n\n\t<div class=\"wpb_text_column wpb_content_element oxypharm-grid-inner-row\">\n\t\t<div class=\"wpb_wrapper\">\n\t\t\t<h3>Desinfektion<\/h3>\n<div class=\"btn-more\"><button name=\"Hover\" type=\"button\">Weitere Informationen<\/button><\/div>\n\n\t\t<\/div>\n\t<\/div>\n\n\t<div class=\"wpb_text_column wpb_content_element oxypharm-grid-inner-row-hover\">\n\t\t<div class=\"wpb_wrapper\">\n\t\t\t<h3>Desinfektion<\/h3>\n<p class=\"oxypharma-grid-cell-content\" style=\"color: #ffffff;\">Entdecken Sie unsere Bio-Desinfektionsger&auml;te. Mit unseren Desinfektionsmitteln zusammen sorgen sie f&uuml;r die Desinfektion von Oberfl&auml;chen auf dem Luftweg.<\/p>\n<div class=\"btn-more\"><button name=\"Hover\" type=\"button\">Weitere Informationen<\/button><\/div>\n\n\t\t<\/div>\n\t<\/div>\n<\/div><\/div><\/div><div class=\"oxypharm-grid-col-4 wpb_animate_when_almost_visible wpb_fadeIn fadeIn wpb_column vc_column_container vc_col-sm-4 vc_col-has-fill mpc-column\" data-column-id=\"mpc_column-8869fec0d6d6179\"><div class=\"vc_column-inner vc_custom_1644234449967\"><div class=\"wpb_wrapper\">\n\t<div class=\"wpb_single_image wpb_content_element vc_align_left wpb_content_element vc_custom_1644460760062\">\n\t\t\n\t\t<figure class=\"wpb_wrapper vc_figure\">\n\t\t\t<div class=\"vc_single_image-wrapper   vc_box_border_grey\"><img loading=\"lazy\" decoding=\"async\" width=\"1000\" height=\"410\" src=\"https:\/\/www.oxypharm.net\/wp-content\/uploads\/2022\/01\/gradient_xl.png\" class=\"vc_single_image-img attachment-full\" alt=\"\" title=\"gradient_xl\" srcset=\"https:\/\/www.oxypharm.net\/wp-content\/uploads\/2022\/01\/gradient_xl.png 1000w, https:\/\/www.oxypharm.net\/wp-content\/uploads\/2022\/01\/gradient_xl-300x123.png 300w\" sizes=\"auto, (max-width: 1000px) 100vw, 1000px\"><\/div>\n\t\t<\/figure>\n\t<\/div>\n\n\t<div class=\"wpb_single_image wpb_content_element vc_align_left wpb_content_element vc_custom_1662731824215  oxypharm-grid-hover\">\n\t\t\n\t\t<figure class=\"wpb_wrapper vc_figure\">\n\t\t\t<a href=\"\/de\/losungen\/schadlingsbekampfung-desodorierung\/\" target=\"_self\" class=\"vc_single_image-wrapper   vc_box_border_grey\"><img decoding=\"async\" class=\"vc_img-placeholder vc_single_image-img\" src=\"https:\/\/www.oxypharm.net\/wp-content\/plugins\/js_composer\/assets\/vc\/no_image.png\"><\/a>\n\t\t<\/figure>\n\t<\/div>\n\n\t<div class=\"wpb_text_column wpb_content_element vc_custom_1649943811578 oxypharm-grid-inner-row\">\n\t\t<div class=\"wpb_wrapper\">\n\t\t\t<h3>Sch&auml;dlingsbek&auml;mpfung &amp;<br>\nGeruchsneutralisierung<\/h3>\n<div class=\"btn-more\"><button name=\"Hover\" type=\"button\">Weitere Informationen<\/button><\/div>\n\n\t\t<\/div>\n\t<\/div>\n\n\t<div class=\"wpb_text_column wpb_content_element vc_custom_1662731864094 oxypharm-grid-inner-row-hover\">\n\t\t<div class=\"wpb_wrapper\">\n\t\t\t<h3>Sch&auml;dlingsbek&auml;mpfung &amp;<br>\nGeruchsneutralisierung<\/h3>\n<p class=\"oxypharma-grid-cell-content\" style=\"color: #ffffff;\">Entdecken Sie unsere Bio-Desinfektionsger&auml;te. Mit unseren Insektenbek&auml;mpfungsmitteln zusammen sorgen sie f&uuml;r die Sch&auml;dlingsbek&auml;mpfung von Oberfl&auml;chen auf dem Luftweg.<\/p>\n<div class=\"btn-more\"><button name=\"Hover\" type=\"button\">Weitere Informationen<\/button><\/div>\n\n\t\t<\/div>\n\t<\/div>\n<\/div><\/div><\/div><div class=\"oxypharm-grid-col-4 wpb_animate_when_almost_visible wpb_fadeIn fadeIn wpb_column vc_column_container vc_col-sm-4 vc_col-has-fill mpc-column\" data-column-id=\"mpc_column-3169fec0d6d6822\"><div class=\"vc_column-inner vc_custom_1644234483302\"><div class=\"wpb_wrapper\">\n\t<div class=\"wpb_single_image wpb_content_element vc_align_left wpb_content_element vc_custom_1644460760062\">\n\t\t\n\t\t<figure class=\"wpb_wrapper vc_figure\">\n\t\t\t<div class=\"vc_single_image-wrapper   vc_box_border_grey\"><img loading=\"lazy\" decoding=\"async\" width=\"1000\" height=\"410\" src=\"https:\/\/www.oxypharm.net\/wp-content\/uploads\/2022\/01\/gradient_xl.png\" class=\"vc_single_image-img attachment-full\" alt=\"\" title=\"gradient_xl\" srcset=\"https:\/\/www.oxypharm.net\/wp-content\/uploads\/2022\/01\/gradient_xl.png 1000w, https:\/\/www.oxypharm.net\/wp-content\/uploads\/2022\/01\/gradient_xl-300x123.png 300w\" sizes=\"auto, (max-width: 1000px) 100vw, 1000px\"><\/div>\n\t\t<\/figure>\n\t<\/div>\n\n\t<div class=\"wpb_single_image wpb_content_element vc_align_left wpb_content_element vc_custom_1662997816587  oxypharm-grid-hover\">\n\t\t\n\t\t<figure class=\"wpb_wrapper vc_figure\">\n\t\t\t<a href=\"\/de\/losungen\/manuelle-reinigung\/\" target=\"_self\" class=\"vc_single_image-wrapper   vc_box_border_grey\"><img decoding=\"async\" class=\"vc_img-placeholder vc_single_image-img\" src=\"https:\/\/www.oxypharm.net\/wp-content\/plugins\/js_composer\/assets\/vc\/no_image.png\"><\/a>\n\t\t<\/figure>\n\t<\/div>\n\n\t<div class=\"wpb_text_column wpb_content_element vc_custom_1662997759370 oxypharm-grid-inner-row\">\n\t\t<div class=\"wpb_wrapper\">\n\t\t\t<h3>Manuelle Reinigung &amp;<br>\nDesinfektion<\/h3>\n<div class=\"btn-more\"><a href=\"https:\/\/www.oxypharm.net\/de\/losungen\/manuelle-reinigung\/\"><button name=\"Hover\" type=\"button\">Weitere Informationen<\/button><\/a><\/div>\n\n\t\t<\/div>\n\t<\/div>\n\n\t<div class=\"wpb_text_column wpb_content_element vc_custom_1682345000228 oxypharm-grid-inner-row-hover\">\n\t\t<div class=\"wpb_wrapper\">\n\t\t\t<h3>Manuelle Reinigung &amp;<br>\nDesinfektion<\/h3>\n<p class=\"oxypharma-grid-cell-content\" style=\"color: #ffffff;\">Entdecken Sie unsere Maschinen zur Bio-Oberfl&auml;chenreinigung, die dank der gleichbleibenden Dampf-Qualit&auml;t ein optimales Sauberkeits- und Desinfektionsergebnis erm&ouml;glichen.<\/p>\n<div class=\"btn-more\"><button name=\"Hover\" type=\"button\">Weitere Informationen<\/button><\/div>\n\n\t\t<\/div>\n\t<\/div>\n<\/div><\/div><\/div><div class=\"oxypharm-grid-col-4 wpb_animate_when_almost_visible wpb_fadeIn fadeIn wpb_column vc_column_container vc_col-sm-4 vc_col-has-fill mpc-column\" data-column-id=\"mpc_column-3169fec0d6d6eb0\"><div class=\"vc_column-inner vc_custom_1644234504136\"><div class=\"wpb_wrapper\">\n\t<div class=\"wpb_single_image wpb_content_element vc_align_left wpb_content_element vc_custom_1644460760062\">\n\t\t\n\t\t<figure class=\"wpb_wrapper vc_figure\">\n\t\t\t<div class=\"vc_single_image-wrapper   vc_box_border_grey\"><img loading=\"lazy\" decoding=\"async\" width=\"1000\" height=\"410\" src=\"https:\/\/www.oxypharm.net\/wp-content\/uploads\/2022\/01\/gradient_xl.png\" class=\"vc_single_image-img attachment-full\" alt=\"\" title=\"gradient_xl\" srcset=\"https:\/\/www.oxypharm.net\/wp-content\/uploads\/2022\/01\/gradient_xl.png 1000w, https:\/\/www.oxypharm.net\/wp-content\/uploads\/2022\/01\/gradient_xl-300x123.png 300w\" sizes=\"auto, (max-width: 1000px) 100vw, 1000px\"><\/div>\n\t\t<\/figure>\n\t<\/div>\n\n\t<div class=\"wpb_single_image wpb_content_element vc_align_left wpb_content_element vc_custom_1644454554164  oxypharm-grid-hover\">\n\t\t\n\t\t<figure class=\"wpb_wrapper vc_figure\">\n\t\t\t<a href=\"\/de\/losungen\/qualitatskontrolle-und-zubehor\/\" target=\"_self\" class=\"vc_single_image-wrapper   vc_box_border_grey\"><img decoding=\"async\" class=\"vc_img-placeholder vc_single_image-img\" src=\"https:\/\/www.oxypharm.net\/wp-content\/plugins\/js_composer\/assets\/vc\/no_image.png\"><\/a>\n\t\t<\/figure>\n\t<\/div>\n\n\t<div class=\"wpb_text_column wpb_content_element oxypharm-grid-inner-row\">\n\t\t<div class=\"wpb_wrapper\">\n\t\t\t<h3>Qualit&auml;tskontrolle<\/h3>\n<div class=\"btn-more\"><button name=\"Hover\" type=\"button\">Weitere Informationen<\/button><\/div>\n\n\t\t<\/div>\n\t<\/div>\n\n\t<div class=\"wpb_text_column wpb_content_element oxypharm-grid-inner-row-hover\">\n\t\t<div class=\"wpb_wrapper\">\n\t\t\t<h3>Qualit&auml;tskontrolle<\/h3>\n<p class=\"oxypharma-grid-cell-content\"><span style=\"color: #ffffff;\">Es ist eine Reihe Kontroll-Tools verf&uuml;gbar, um die Wirksamkeit unseres Konzepts unter allen Bedingungen zu pr&uuml;fen.<\/span><\/p>\n<div class=\"btn-more\"><button name=\"Hover\" type=\"button\">Weitere Informationen<\/button><\/div>\n\n\t\t<\/div>\n\t<\/div>\n<\/div><\/div><\/div><div class=\"oxypharm-grid-col-4 wpb_animate_when_almost_visible wpb_fadeIn fadeIn wpb_column vc_column_container vc_col-sm-4 vc_col-has-fill mpc-column\" data-column-id=\"mpc_column-6869fec0d6d7556\"><div class=\"vc_column-inner vc_custom_1644234514858\"><div class=\"wpb_wrapper\">\n\t<div class=\"wpb_single_image wpb_content_element vc_align_left wpb_content_element vc_custom_1644460760062\">\n\t\t\n\t\t<figure class=\"wpb_wrapper vc_figure\">\n\t\t\t<div class=\"vc_single_image-wrapper   vc_box_border_grey\"><img loading=\"lazy\" decoding=\"async\" width=\"1000\" height=\"410\" src=\"https:\/\/www.oxypharm.net\/wp-content\/uploads\/2022\/01\/gradient_xl.png\" class=\"vc_single_image-img attachment-full\" alt=\"\" title=\"gradient_xl\" srcset=\"https:\/\/www.oxypharm.net\/wp-content\/uploads\/2022\/01\/gradient_xl.png 1000w, https:\/\/www.oxypharm.net\/wp-content\/uploads\/2022\/01\/gradient_xl-300x123.png 300w\" sizes=\"auto, (max-width: 1000px) 100vw, 1000px\"><\/div>\n\t\t<\/figure>\n\t<\/div>\n\n\t<div class=\"wpb_single_image wpb_content_element vc_align_left wpb_content_element vc_custom_1644454578448  oxypharm-grid-hover\">\n\t\t\n\t\t<figure class=\"wpb_wrapper vc_figure\">\n\t\t\t<a href=\"\/de\/losungen\/vordesinfektion\/\" target=\"_self\" class=\"vc_single_image-wrapper   vc_box_border_grey\"><img decoding=\"async\" class=\"vc_img-placeholder vc_single_image-img\" src=\"https:\/\/www.oxypharm.net\/wp-content\/plugins\/js_composer\/assets\/vc\/no_image.png\"><\/a>\n\t\t<\/figure>\n\t<\/div>\n\n\t<div class=\"wpb_text_column wpb_content_element vc_custom_1669154705166 oxypharm-grid-inner-row\">\n\t\t<div class=\"wpb_wrapper\">\n\t\t\t<h3> Ultraschallreinigung <\/h3>\n<div class=\"btn-more\"><button name=\"Hover\" type=\"button\">Weitere Informationen<\/button><\/div>\n\n\t\t<\/div>\n\t<\/div>\n\n\t<div class=\"wpb_text_column wpb_content_element vc_custom_1660294191717 oxypharm-grid-inner-row-hover\">\n\t\t<div class=\"wpb_wrapper\">\n\t\t\t<h3> Ultraschallreinigung <\/h3>\n<p class=\"oxypharma-grid-cell-content\" style=\"color: #ffffff;\">Es ist ebenfalls ein vielseitiges Zubeh&ouml;r-Sortiment erh&auml;ltlich, um den Einsatz unseres Konzepts an alle Ihre Bed&uuml;rfnisse anzupassen.<\/p>\n<div class=\"btn-more\"><button name=\"Hover\" type=\"button\">Weitere Informationen<\/button><\/div>\n\n\t\t<\/div>\n\t<\/div>\n<\/div><\/div><\/div><div class=\"oxypharm-grid-col-4 wpb_animate_when_almost_visible wpb_fadeIn fadeIn wpb_column vc_column_container vc_col-sm-4 vc_col-has-fill mpc-column\" data-column-id=\"mpc_column-5669fec0d6d78ee\"><div class=\"vc_column-inner vc_custom_1644234523772\"><div class=\"wpb_wrapper\">\n\t<div class=\"wpb_single_image wpb_content_element vc_align_left wpb_content_element vc_custom_1644460760062\">\n\t\t\n\t\t<figure class=\"wpb_wrapper vc_figure\">\n\t\t\t<div class=\"vc_single_image-wrapper   vc_box_border_grey\"><img loading=\"lazy\" decoding=\"async\" width=\"1000\" height=\"410\" src=\"https:\/\/www.oxypharm.net\/wp-content\/uploads\/2022\/01\/gradient_xl.png\" class=\"vc_single_image-img attachment-full\" alt=\"\" title=\"gradient_xl\" srcset=\"https:\/\/www.oxypharm.net\/wp-content\/uploads\/2022\/01\/gradient_xl.png 1000w, https:\/\/www.oxypharm.net\/wp-content\/uploads\/2022\/01\/gradient_xl-300x123.png 300w\" sizes=\"auto, (max-width: 1000px) 100vw, 1000px\"><\/div>\n\t\t<\/figure>\n\t<\/div>\n<\/div><\/div><\/div><\/div><\/div>[\/vc_column][\/vc_row]<\/p>\n<\/div>","protected":false},"excerpt":{"rendered":"","protected":false},"author":1,"featured_media":0,"parent":0,"menu_order":0,"comment_status":"closed","ping_status":"closed","template":"","meta":{"_acf_changed":false,"footnotes":""},"class_list":["post-9383","page","type-page","status-publish","hentry"],"acf":[],"yoast_head":"<!-- This site is optimized with the Yoast SEO plugin v26.1.1 - https:\/\/yoast.com\/wordpress\/plugins\/seo\/ -->\n<title>L\u00f6sungen - Oxy&#039;Pharm<\/title>\n<meta name=\"robots\" content=\"index, follow, max-snippet:-1, max-image-preview:large, max-video-preview:-1\" \/>\n<link rel=\"canonical\" href=\"https:\/\/www.oxypharm.net\/de\/losungen\/\" \/>\n<meta property=\"og:locale\" content=\"de_DE\" \/>\n<meta property=\"og:type\" content=\"article\" \/>\n<meta property=\"og:title\" content=\"L\u00f6sungen - Oxy&#039;Pharm\" \/>\n<meta property=\"og:url\" content=\"https:\/\/www.oxypharm.net\/de\/losungen\/\" \/>\n<meta property=\"og:site_name\" content=\"Oxy&#039;Pharm\" \/>\n<meta property=\"article:publisher\" content=\"https:\/\/www.facebook.com\/profile.php?id=100065087790394\" \/>\n<meta property=\"article:modified_time\" content=\"2022-11-22T22:15:02+00:00\" \/>\n<meta name=\"twitter:card\" content=\"summary_large_image\" \/>\n<meta name=\"twitter:site\" content=\"@OxyPharm\" \/>\n<meta name=\"twitter:label1\" content=\"Est. reading time\" \/>\n\t<meta name=\"twitter:data1\" content=\"1 minute\" \/>\n<script type=\"application\/ld+json\" class=\"yoast-schema-graph\">{\"@context\":\"https:\/\/schema.org\",\"@graph\":[{\"@type\":\"WebPage\",\"@id\":\"https:\/\/www.oxypharm.net\/de\/losungen\/\",\"url\":\"https:\/\/www.oxypharm.net\/de\/losungen\/\",\"name\":\"L\u00f6sungen - Oxy&#039;Pharm\",\"isPartOf\":{\"@id\":\"https:\/\/www.oxypharm.net\/#website\"},\"datePublished\":\"2022-09-26T11:50:51+00:00\",\"dateModified\":\"2022-11-22T22:15:02+00:00\",\"breadcrumb\":{\"@id\":\"https:\/\/www.oxypharm.net\/de\/losungen\/#breadcrumb\"},\"inLanguage\":\"de-DE\",\"potentialAction\":[{\"@type\":\"ReadAction\",\"target\":[\"https:\/\/www.oxypharm.net\/de\/losungen\/\"]}]},{\"@type\":\"BreadcrumbList\",\"@id\":\"https:\/\/www.oxypharm.net\/de\/losungen\/#breadcrumb\",\"itemListElement\":[{\"@type\":\"ListItem\",\"position\":1,\"name\":\"Accueil\",\"item\":\"https:\/\/www.oxypharm.net\/de\/\"},{\"@type\":\"ListItem\",\"position\":2,\"name\":\"L\u00f6sungen\"}]},{\"@type\":\"WebSite\",\"@id\":\"https:\/\/www.oxypharm.net\/#website\",\"url\":\"https:\/\/www.oxypharm.net\/\",\"name\":\"Oxy&#039;Pharm\",\"description\":\"\",\"publisher\":{\"@id\":\"https:\/\/www.oxypharm.net\/#organization\"},\"potentialAction\":[{\"@type\":\"SearchAction\",\"target\":{\"@type\":\"EntryPoint\",\"urlTemplate\":\"https:\/\/www.oxypharm.net\/?s={search_term_string}\"},\"query-input\":{\"@type\":\"PropertyValueSpecification\",\"valueRequired\":true,\"valueName\":\"search_term_string\"}}],\"inLanguage\":\"de-DE\"},{\"@type\":\"Organization\",\"@id\":\"https:\/\/www.oxypharm.net\/#organization\",\"name\":\"Oxy'pharm\",\"alternateName\":\"Oxypharm\",\"url\":\"https:\/\/www.oxypharm.net\/\",\"logo\":{\"@type\":\"ImageObject\",\"inLanguage\":\"de-DE\",\"@id\":\"https:\/\/www.oxypharm.net\/#\/schema\/logo\/image\/\",\"url\":\"https:\/\/www.oxypharm.net\/wp-content\/uploads\/2023\/06\/Logo-Medtradex-Oxypharm.jpg\",\"contentUrl\":\"https:\/\/www.oxypharm.net\/wp-content\/uploads\/2023\/06\/Logo-Medtradex-Oxypharm.jpg\",\"width\":500,\"height\":500,\"caption\":\"Oxy'pharm\"},\"image\":{\"@id\":\"https:\/\/www.oxypharm.net\/#\/schema\/logo\/image\/\"},\"sameAs\":[\"https:\/\/www.facebook.com\/profile.php?id=100065087790394\",\"https:\/\/x.com\/OxyPharm\",\"https:\/\/www.instagram.com\/oxy_pharm\/\",\"https:\/\/www.linkedin.com\/company\/oxy-pharm\/\",\"https:\/\/www.youtube.com\/channel\/UCwTjwWFZWcMdPPlvkTuiurw\"]}]}<\/script>\n<!-- \/ Yoast SEO plugin. -->","yoast_head_json":{"title":"L\u00f6sungen - Oxy&#039;Pharm","robots":{"index":"index","follow":"follow","max-snippet":"max-snippet:-1","max-image-preview":"max-image-preview:large","max-video-preview":"max-video-preview:-1"},"canonical":"https:\/\/www.oxypharm.net\/de\/losungen\/","og_locale":"de_DE","og_type":"article","og_title":"L\u00f6sungen - Oxy&#039;Pharm","og_url":"https:\/\/www.oxypharm.net\/de\/losungen\/","og_site_name":"Oxy&#039;Pharm","article_publisher":"https:\/\/www.facebook.com\/profile.php?id=100065087790394","article_modified_time":"2022-11-22T22:15:02+00:00","twitter_card":"summary_large_image","twitter_site":"@OxyPharm","twitter_misc":{"Est. reading time":"1 minute"},"schema":{"@context":"https:\/\/schema.org","@graph":[{"@type":"WebPage","@id":"https:\/\/www.oxypharm.net\/de\/losungen\/","url":"https:\/\/www.oxypharm.net\/de\/losungen\/","name":"L\u00f6sungen - Oxy&#039;Pharm","isPartOf":{"@id":"https:\/\/www.oxypharm.net\/#website"},"datePublished":"2022-09-26T11:50:51+00:00","dateModified":"2022-11-22T22:15:02+00:00","breadcrumb":{"@id":"https:\/\/www.oxypharm.net\/de\/losungen\/#breadcrumb"},"inLanguage":"de-DE","potentialAction":[{"@type":"ReadAction","target":["https:\/\/www.oxypharm.net\/de\/losungen\/"]}]},{"@type":"BreadcrumbList","@id":"https:\/\/www.oxypharm.net\/de\/losungen\/#breadcrumb","itemListElement":[{"@type":"ListItem","position":1,"name":"Accueil","item":"https:\/\/www.oxypharm.net\/de\/"},{"@type":"ListItem","position":2,"name":"L\u00f6sungen"}]},{"@type":"WebSite","@id":"https:\/\/www.oxypharm.net\/#website","url":"https:\/\/www.oxypharm.net\/","name":"Oxy&#039;Pharm","description":"","publisher":{"@id":"https:\/\/www.oxypharm.net\/#organization"},"potentialAction":[{"@type":"SearchAction","target":{"@type":"EntryPoint","urlTemplate":"https:\/\/www.oxypharm.net\/?s={search_term_string}"},"query-input":{"@type":"PropertyValueSpecification","valueRequired":true,"valueName":"search_term_string"}}],"inLanguage":"de-DE"},{"@type":"Organization","@id":"https:\/\/www.oxypharm.net\/#organization","name":"Oxy'pharm","alternateName":"Oxypharm","url":"https:\/\/www.oxypharm.net\/","logo":{"@type":"ImageObject","inLanguage":"de-DE","@id":"https:\/\/www.oxypharm.net\/#\/schema\/logo\/image\/","url":"https:\/\/www.oxypharm.net\/wp-content\/uploads\/2023\/06\/Logo-Medtradex-Oxypharm.jpg","contentUrl":"https:\/\/www.oxypharm.net\/wp-content\/uploads\/2023\/06\/Logo-Medtradex-Oxypharm.jpg","width":500,"height":500,"caption":"Oxy'pharm"},"image":{"@id":"https:\/\/www.oxypharm.net\/#\/schema\/logo\/image\/"},"sameAs":["https:\/\/www.facebook.com\/profile.php?id=100065087790394","https:\/\/x.com\/OxyPharm","https:\/\/www.instagram.com\/oxy_pharm\/","https:\/\/www.linkedin.com\/company\/oxy-pharm\/","https:\/\/www.youtube.com\/channel\/UCwTjwWFZWcMdPPlvkTuiurw"]}]}},"_links":{"self":[{"href":"https:\/\/www.oxypharm.net\/de\/wp-json\/wp\/v2\/pages\/9383","targetHints":{"allow":["GET"]}}],"collection":[{"href":"https:\/\/www.oxypharm.net\/de\/wp-json\/wp\/v2\/pages"}],"about":[{"href":"https:\/\/www.oxypharm.net\/de\/wp-json\/wp\/v2\/types\/page"}],"author":[{"embeddable":true,"href":"https:\/\/www.oxypharm.net\/de\/wp-json\/wp\/v2\/users\/1"}],"replies":[{"embeddable":true,"href":"https:\/\/www.oxypharm.net\/de\/wp-json\/wp\/v2\/comments?post=9383"}],"version-history":[{"count":3,"href":"https:\/\/www.oxypharm.net\/de\/wp-json\/wp\/v2\/pages\/9383\/revisions"}],"predecessor-version":[{"id":10852,"href":"https:\/\/www.oxypharm.net\/de\/wp-json\/wp\/v2\/pages\/9383\/revisions\/10852"}],"wp:attachment":[{"href":"https:\/\/www.oxypharm.net\/de\/wp-json\/wp\/v2\/media?parent=9383"}],"curies":[{"name":"wp","href":"https:\/\/api.w.org\/{rel}","templated":true}]}}