{"id":11735,"date":"2023-01-12T09:13:45","date_gmt":"2023-01-12T09:13:45","guid":{"rendered":"https:\/\/preprod.oxypharm.net\/impressum\/"},"modified":"2023-01-12T09:13:45","modified_gmt":"2023-01-12T09:13:45","slug":"impressum","status":"publish","type":"page","link":"https:\/\/www.oxypharm.net\/de\/impressum\/","title":{"rendered":"Impressum"},"content":{"rendered":"<div class=\"wpb-content-wrapper\"><p>[vc_row full_width=&#8221;stretch_row&#8221; el_class=&#8221;hero&#8221; css=&#8221;.vc_custom_1633983640714{margin-bottom: 85px !important;padding-top: 50px !important;padding-bottom: 0px !important;}&#8221;][vc_column][vc_custom_heading text=&#8221;Impressum&#8221; font_container=&#8221;tag:h1|font_size:70|text_align:left|line_height:55px&#8221; google_fonts=&#8221;font_family:Raleway%3A100%2C200%2C300%2Cregular%2C500%2C600%2C700%2C800%2C900|font_style:800%20bold%20regular%3A800%3Anormal&#8221; css=&#8221;.vc_custom_1662731615551{margin-bottom: 10px !important;}&#8221;][vc_column_text]Startseite &gt; Rechtliche Hinweise[\/vc_column_text][\/vc_column][\/vc_row][vc_row css=&#8221;.vc_custom_1645439143705{margin-bottom: 60px !important;}&#8221;][vc_column][vc_custom_heading text=&#8221;RECHTLICHE HINWEISE OXY\u2019PHARM&#8221; font_container=&#8221;tag:h3|text_align:left&#8221; use_theme_fonts=&#8221;yes&#8221;][\/vc_column][\/vc_row][vc_row][vc_column][vc_column_text]<strong>Rechtliche Hinweise<\/strong><\/p>\n<p>Die Produkte der Firma OXY&#8217;PHARM sind f\u00fcr professionelle Anwender bestimmt.<br \/>\nHersteller : OXY\u2019PHARM<br \/>\nWir fordern alle Nutzer unserer Produkte auf, die Anweisungen in den Gebrauchsanweisungen und Handb\u00fcchern sorgf\u00e4ltig zu lesen.<\/p>\n<p><strong>Herausgeber der Website<\/strong><\/p>\n<p>Die Website <a href=\"http:\/\/www.oxypharm.net\/\">www.oxypharm.net<\/a> ist Eigentum des Unternehmens OXY&#8217;PHARM.<\/p>\n<p>Gesch\u00e4ftssitz: OXY\u2019PHARM \u2013 829, rue Marcel Paul 94500 CHAMPIGNY-SUR-MARNE<br \/>\nGesellschaftskapital: 300 000 Euro<br \/>\n innergemeinschaftliche MwSt-Nummer: FR74448974253<br \/>\nHandels- und Gesellschaftsregister RCS: Cr\u00e9teil 448 974 253<br \/>\nIndividuelle Kennnummer (SIRET): 44897425300024<br \/>\nTelefon: +33 1 45 18 78 70<br \/>\nE-Mail: <a href=\"mailto:commercial@oxypharm.net\">info@oxypharm.net<\/a><\/p>\n<p><strong>Hosting-Anbieter der Website<\/strong><\/p>\n<p>Unternehmen: FCMICRO<br \/>\nTelefon: 01 69 94 10 96<br \/>\nE-Mail: <a href=\"mailto:contact@fcmicro.net\">contact@fcmicro.net<\/a><br \/>\nInternetseite: <a href=\"http:\/\/www.fcmicro.net\/\">www.fcmicro.net<\/a><\/p>\n<p><strong>Richtlinie zum Schutz personenbezogener Daten<\/strong><\/p>\n<p>Die f\u00fcr die Verarbeitung personenbezogener Daten Verantwortliche ist Lucie ROULEAU.<br \/>\nGem\u00e4\u00df Artikel 3 des franz\u00f6sischen Datenschutzgesetzes Gesetzes &#8220;Informatique et Libert\u00e9s&#8221; vom 6. Januar 1978 haben Sie das Recht, auf die Sie betreffenden personenbezogenen Daten zuzugreifen, sie zu \u00e4ndern, zu berichtigen und zu l\u00f6schen. Sie k\u00f6nnen dieses Recht durch eine einfache Anfrage per E-Mail oder per Post aus\u00fcben.<\/p>\n<p><strong>Inhalt der Seite und geistiges Eigentum<\/strong><\/p>\n<p>Die auf <a href=\"http:\/\/www.oxypharm.net\/\">http:\/\/www.oxypharm.net<\/a> bereitgestellten Informationen dienen lediglich Informationszwecken.<br \/>\nOXY&#8217;PHARM \u00fcbernimmt keine Garantie f\u00fcr die Richtigkeit, Vollst\u00e4ndigkeit und Aktualit\u00e4t der auf der Website verbreiteten Informationen. Die Informationen auf dieser Website k\u00f6nnen technische Ungenauigkeiten oder typografische Fehler enthalten. Diese Informationen k\u00f6nnen von Zeit zu Zeit ge\u00e4ndert werden, die \u00c4nderungen werden in die neuen Ausgaben eingearbeitet.<\/p>\n<p>OXY&#8217;PHARM hat das Recht, jederzeit und ohne Vorank\u00fcndigung Verbesserungen oder \u00c4nderungen an den auf dieser Website beschriebenen Produkten, Programmen oder Dienstleistungen vorzunehmen. Jede vollst\u00e4ndige oder teilweise Vervielf\u00e4ltigung, Darstellung, \u00c4nderung, Ver\u00f6ffentlichung, \u00dcbertragung, Denaturierung der Website oder ihres Inhalts durch ein beliebiges Verfahren und auf einem beliebigen Tr\u00e4ger ist untersagt.<\/p>\n<p>Jegliche nicht genehmigte Nutzung der Website, ihres Inhalts und der dort offengelegten Informationen f\u00e4llt in die Haftung des Nutzers und stellt eine F\u00e4lschung dar, die gem\u00e4\u00df Artikel L 335-2 ff. des Gesetzes \u00fcber geistiges Eigentum geahndet wird.<br \/>\nDasselbe gilt f\u00fcr die gegebenenfalls auf der Website erscheinenden Datenbanken, <a href=\"http:\/\/www.oxypharm.net\/\">http:\/\/www.oxypharm.net<\/a> die durch die Bestimmungen des Gesetzes vom 1. Juli 1998 mit der \u00dcbertragung in das Gesetz \u00fcber das geistige Eigentum der Europ\u00e4ischen Richtlinie vom 11. M\u00e4rz 1996 \u00fcber den rechtlichen Schutz von Datenbanken gesch\u00fctzt sind.             Dementsprechend f\u00e4llt jegliche Vervielf\u00e4ltigung oder Extraktion in die Verantwortung des Nutzers.<\/p>\n<p>Die Website <a href=\"http:\/\/www.oxypharm.net\/\">http:\/\/www.oxypharm.net<\/a> bietet \u00fcber Hyperlinks Zugang zu anderen Websites. Da OXY&#8217;PHARM nicht der Betreiber dieser Websites ist, kann es deren Inhalt nicht kontrollieren. Folglich kann OXY&#8217;PHARM in keinem Fall f\u00fcr den Inhalt der so zug\u00e4nglichen Websites oder f\u00fcr die eventuelle Sammlung und \u00dcbertragung von pers\u00f6nlichen Daten, die Installation von Cookies oder jegliche andere Verfahren mit denselben Zielsetzungen,durch diese Seiten haftbar gemacht werden.<\/p>\n<p>Diese Website ist f\u00fcr einen Bildschirm mit einer Aufl\u00f6sung von 1024 x 768 und f\u00fcr die Browser Internet Explorer Version 7 und h\u00f6her \/ Firefox Version und Chrome optimiert.<\/p>\n<p>Fotonachweis OXY\u2019PHARM<br \/>\nAlle Rechte vorbehalten &#8211; Fotos nicht vertraglich bindend<br \/>\nKonzeption und Gestaltung der Website: OXY\u2019PHARM<\/p>\n<p><strong><u>ALLGEMEINE GESCH\u00c4FTSBEDINGUNGEN<\/u><\/strong><\/p>\n<p>Die vorliegenden allgemeinen Gesch\u00e4ftsbedingungen gelten ungeachtet aller anders lautenden Klauseln f\u00fcr den Verkauf von neuen oder gebrauchten Materialien und Produkten durch die Firma OXY&#8217;PHARM, wobei die Unterzeichnung des Bestellformulars durch den Kunden dessen vorbehaltlose Zustimmung zu diesen letzteren beinhaltet, von denen er erkl\u00e4rt, sie zur Kenntnis genommen zu haben.<\/p>\n<p><strong>       <\/strong><\/p>\n<p><strong> 1. <\/strong><strong> VERTRAGSABSCHLUSS<\/strong><\/p>\n<p>Nur Bestellungen, die ordnungsgem\u00e4\u00df von unserer Gesch\u00e4ftsleitung angenommen wurden, sind f\u00fcr OXY&#8217;PHARM bindend, da die von unseren Vertretern und Verk\u00e4ufern eingegangenen Verpflichtungen der Best\u00e4tigung durch unsere Gesch\u00e4ftsleitung unterliegen. Wenn die Bestellung von einer Anzahlung abh\u00e4ngig gemacht wird, gilt das Datum des Eingangs der Anzahlung als Datum der Bestellung.<\/p>\n<p><strong>     <\/strong><\/p>\n<p><strong> 2. MERKMALE DER OXY&#8217;PHARM-GER\u00c4TE UND -PRODUKTE<\/strong><\/p>\n<p>OXY&#8217;PHARM beh\u00e4lt sich das Recht vor, seine Ger\u00e4te zu \u00e4ndern und diese \u00c4nderungen nach eigenem Ermessen an den bestellten und noch nicht gelieferten Materialien vorzunehmen.<\/p>\n<p>Der K\u00e4ufer kann OXY&#8217;PHARM jedoch in keinster Weise verpflichten, etwaige \u00c4nderungen an den bestellten und noch nicht gelieferten Ger\u00e4ten und Produkten vorzunehmen.<\/p>\n<p>S\u00e4mtliche Angaben und sonstige Daten bez\u00fcglich des technischen Charakters und des Preises der Waren der Firma OXY&#8217;PHARM, wie sie in Packungsbeilagen, Katalogen und Werbeunterlagen jeglicher Art enthalten sind, sind keinesfalls vertraglich bindend, da sie lediglich Informationszwecken dienen und OXY&#8217;PHARM sich das Recht vorbeh\u00e4lt, sie jederzeit zu \u00e4ndern.<\/p>\n<p><strong>       <\/strong><\/p>\n<p><strong> 3. GARANTIE<\/strong><\/p>\n<p>Es liegt in der Verantwortung des Kunden, die Waren bei der Lieferung zu \u00fcberpr\u00fcfen; Zu kontrollieren sind hier insbesondere die Referenzen, die Mengen und die Qualit\u00e4t der Waren sowie ihre \u00dcbereinstimmung mit der Bestellung. Nach Ablauf einer Frist von f\u00fcnfzehn Tagen ab dem Lieferdatum werden keine Reklamationen mehr ber\u00fccksichtigt.<\/p>\n<p>Waren, die einen Konformit\u00e4tsmangel aufweisen, der nicht bestritten und innerhalb dieser Frist gemeldet wurde, werden unter Ausschluss jeglicher Entsch\u00e4digung aus welchem Grund auch immer ersetzt oder instand gesetzt. Ebenso ist die Garantie in Falle eines Mangels an den Waren strikt auf die Instandsetzung oder den Ersatz beschr\u00e4nkt, und dies unter Ausschluss jeglichen Schadenersatzes.<\/p>\n<p><strong>       <\/strong><\/p>\n<p><strong> 4. HAFTUNG<\/strong><\/p>\n<p>In keinem Fall kann die Haftung von OXY&#8217;PHARM den Preis des beanstandeten Materials und\/oder des Materials, das den Schaden verursacht hat, \u00fcbersteigen.<\/p>\n<p><strong>      <\/strong><\/p>\n<p><strong> 5. STORNIERUNG DER BESTELLUNG<\/strong><\/p>\n<p>Keinerlei Bestellung kann vom Kunden storniert werden, es sei denn, es wird ein Lieferverzug von mehr als drei Monaten festgestellt, und zwar nach einer Mahnung per Einschreiben mit R\u00fcckschein, die eine Frist von 15 Tagen enth\u00e4lt, um die Ausf\u00fchrung der Lieferung zu erm\u00f6glichen.<\/p>\n<p><strong>       <\/strong><\/p>\n<p><strong> 6. LIEFERFRIST UND LIEFERBEDINGUNGEN<\/strong><\/p>\n<p>Die Lieferzeiten dienen lediglich als Richtwerte und werden nicht garantiert.  Lieferverz\u00f6gerungen berechtigen den K\u00e4ufer nicht, den Kauf zu stornieren oder die Ware abzulehnen. Auch k\u00f6nnen Lieferverz\u00f6gerungen auf keinen Fall zu Zahlungsabz\u00fcgen, Strafzahlungen oder Schadenersatzanspr\u00fcchen f\u00fchren.        <\/p>\n<p>Die Ware reist auf Risiko des Kunden, der ihren ordnungsgem\u00e4\u00dfen Zustand bei der Lieferung \u00fcberpr\u00fcfen muss. Wenn er Sch\u00e4den oder fehlende Teile feststellt, muss der Kunde seine Vorbehalte genau und vollst\u00e4ndig auf dem Transportdokument vermerken und seinen begr\u00fcndeten Einwand gem\u00e4\u00df den in Artikel L. 133-3 des Handelsgesetzbuchs vorgesehenen Formen und Fristen wiederholen.<\/p>\n<p>Die Kosten f\u00fcr den Transport und die Lieferung des Materials gehen, sofern in der Auftragsbest\u00e4tigung nichts anderes angegeben ist, zu Lasten des Kunden.<\/p>\n<p><strong>       <\/strong><\/p>\n<p><strong> 7. H\u00d6HERE GEWALT<\/strong><\/p>\n<p>Das Eintreten eines Falles h\u00f6herer Gewalt hat zur Folge, dass die Erf\u00fcllung der vertraglichen Verpflichtungen der Gesellschaft OXY&#8217;PHARM ausgesetzt wird.<\/p>\n<p>Als h\u00f6here Gewalt gilt jedes Ereignis, das au\u00dferhalb des Einflussbereichs von OXY&#8217;PHARM liegt und die normale Arbeitsweise des Unternehmens im Stadium der Herstellung oder des Versands der Produkte behindert. Als F\u00e4lle h\u00f6herer Gewalt gelten insbesondere Voll- oder Teilstreiks, die den reibungslosen Betrieb von OXY&#8217;PHARM oder eines seiner Lieferanten, Subunternehmer oder Transporteure behindern, sowie die Unterbrechung des Transports, der Energieversorgung, der Lieferung von Rohstoffen oder Ersatzteilen.<\/p>\n<p><strong>      <\/strong><\/p>\n<p><strong> 8. PREISE \u2013 BEZAHLUNG<\/strong><\/p>\n<p>Die Preise werden gem\u00e4\u00df den \u00f6ffentlichen Preisen am Tag der Auftragsbest\u00e4tigung oder einem anderen vom Handelsvertreter unterbreiteten Angebots, das von der Gesch\u00e4ftsleitung der Gesellschaft OXY&#8217;PHARM best\u00e4tigt wurde, festgelegt.<\/p>\n<p>Sollten wir aufgrund einer nicht vorhergesehenen \u00c4nderung der Preise vor der Rechnungsstellung eine Preis\u00e4nderung vornehmen m\u00fcssen, wird diese dem Kunden vorgeschlagen; falls dieser sich weigert, die den h\u00f6heren Preis zu akzeptieren, beh\u00e4lt sich OXY&#8217;PHARM das Recht vor, die Bestellung zu stornieren.<\/p>\n<p>Im Falle einer \u00c4nderung der mit unseren Materialien und Leistungen verbundenen Steuern, Abgaben und Geb\u00fchren aller Art, sind diese f\u00fcr die Parteien bindend, wobei der Vertragspreis als Preis zzgl. Mehrwertsteuer zu verstehen ist.<\/p>\n<p>Unsere Rechnungen sind an unserem Gesch\u00e4ftssitz zahlbar.<\/p>\n<p>Die Erstellung von Wechseln oder die Annahme aller Handelswechsel impliziert weder eine Novation noch eine Abweichung von der Gerichtsstandsklausel. Wenn die Zahlung durch akzeptierte Wechsel vorgesehen ist, wird die Forderung sofort f\u00e4llig, wenn die zur Annahme versandten Wechsel nicht innerhalb von 15 Tagen nach dem Versanddatum zur\u00fcckgeschickt werden (Art.12 des Handelsgesetzbuchs). Bei Nichtzahlung einer der festgelegten F\u00e4lligkeiten wird der Restbetrag der Forderung sofort f\u00e4llig und die Nichtzahlung einer Rechnung bei F\u00e4lligkeit f\u00fchrt zur sofortigen F\u00e4lligkeit der Zahlung jeder anderen Rechnung, unabh\u00e4ngig von den Vertragsbedingungen, auf den sie sich bezieht.<\/p>\n<p>Wir behalten uns das Recht vor, die Ausf\u00fchrung eines Auftrags auszusetzen &#8211; wenn eine fr\u00fchere Rechnung bei F\u00e4lligkeit nicht beglichen wurde oder bei Antrag auf Aufschub der F\u00e4lligkeit &#8211; und den Auftrag in diesem Fall erst wieder aufzunehmen, nachdem uns eine von uns ordnungsgem\u00e4\u00df akzeptierte Garantie vorgelegt wurde. Bei versp\u00e4teter Zahlung werden Zinsen in H\u00f6he des gesetzlichen Zinssatzes f\u00fcr Handelssachen berechnet.<\/p>\n<p><strong> 9. EIGENTUMSVORBEHALTSKLAUSEL<\/strong><\/p>\n<p>Das Unternehmen beh\u00e4lt sich das Eigentum an den verkauften Waren bis zur vollst\u00e4ndigen Bezahlung des Preises als Hauptbetrag und Zinsen vor. Wird der Preis nicht zum vereinbarten Zeitpunkt gezahlt, kann das Unternehmen die Waren zur\u00fccknehmen und der Verkauf wird nach ihrem Ermessen von Rechts wegen aufgel\u00f6st; Die bereits geleisteten Anzahlungen werden als Entsch\u00e4digung einbehalten. Im \u00dcbrigen haftet der K\u00e4ufer f\u00fcr die verkauften Waren ab dem Zeitpunkt ihrer materiellen \u00dcbergabe, wobei die \u00dcbertragung des Besitzes auch die \u00dcbertragung der Gefahren einhergeht. Der K\u00e4ufer verpflichtet sich daher, ab sofort einen Versicherungsvertrag abzuschlie\u00dfen, der die Gefahren des Verlusts, des Diebstahls oder der Zerst\u00f6rung der bezeichneten Waren deckt.<\/p>\n<p>Der Kunde darf das Eigentum an den Waren weder verpf\u00e4nden noch als Sicherheit abtreten.<\/p>\n<p><strong> 10. AUFL\u00d6SUNGSKLAUSEL<\/strong><\/p>\n<p>Es wird ausdr\u00fccklich vereinbart, dass bei Nichtzahlung des gesamten oder eines Teils des Preises zum angegebenen F\u00e4lligkeitstermin der gesamte Preis unverz\u00fcglich f\u00e4llig wird und OXY&#8217;PHARM berechtigt, die Waren zur\u00fcckzufordern, wobei der Verkauf au\u00dferdem von Rechts wegen nach einfacher, erfolglos gebliebener Zahlungsaufforderung aufgel\u00f6st wird.<\/p>\n<p>Dar\u00fcber hinaus muss der K\u00e4ufer in diesem Fall als Strafklausel eine pauschale Entsch\u00e4digung in H\u00f6he von 10 % des ausstehenden Betrags zahlen, unbeschadet aller anderen Betr\u00e4ge, die vertraglich geschuldet sein k\u00f6nnten.<\/p>\n<p><strong> 11. STREITF\u00c4LLE<\/strong><\/p>\n<p>Die Tatsache, dass Sie eine Bestellung aufgeben, bedeutet, dass der K\u00e4ufer die Allgemeinen Gesch\u00e4ftsbedingungen von OXY&#8217;PHARM vollst\u00e4ndig und vorbehaltlos akzeptiert. Gerichtsstand f\u00fcr alle Streitigkeiten ist der Sitz des Unternehmens OXY&#8217;PHARM, es gilt das franz\u00f6sische Recht.[\/vc_column_text][\/vc_column][\/vc_row]<\/p>\n<\/div>","protected":false},"excerpt":{"rendered":"<p>[vc_row full_width=&#8221;stretch_row&#8221; el_class=&#8221;hero&#8221; css=&#8221;.vc_custom_1633983640714{margin-bottom: 85px !important;padding-top: 50px !important;padding-bottom: 0px !important;}&#8221;][vc_column][vc_custom_heading text=&#8221;Impressum&#8221; font_container=&#8221;tag:h1|font_size:70|text_align:left|line_height:55px&#8221; google_fonts=&#8221;font_family:Raleway%3A100%2C200%2C300%2Cregular%2C500%2C600%2C700%2C800%2C900|font_style:800%20bold%20regular%3A800%3Anormal&#8221; css=&#8221;.vc_custom_1662731615551{margin-bottom: 10px !important;}&#8221;][vc_column_text]Startseite &gt; Rechtliche Hinweise[\/vc_column_text][\/vc_column][\/vc_row][vc_row css=&#8221;.vc_custom_1645439143705{margin-bottom:<\/p>\n","protected":false},"author":1,"featured_media":0,"parent":0,"menu_order":0,"comment_status":"closed","ping_status":"closed","template":"","meta":{"_acf_changed":false,"footnotes":""},"class_list":["post-11735","page","type-page","status-publish","hentry"],"acf":[],"yoast_head":"<!-- This site is optimized with the Yoast SEO plugin v26.1.1 - https:\/\/yoast.com\/wordpress\/plugins\/seo\/ -->\n<title>Impressum - Oxy&#039;Pharm<\/title>\n<meta name=\"robots\" content=\"index, follow, max-snippet:-1, max-image-preview:large, max-video-preview:-1\" \/>\n<link rel=\"canonical\" href=\"https:\/\/www.oxypharm.net\/de\/impressum\/\" \/>\n<meta property=\"og:locale\" content=\"de_DE\" \/>\n<meta property=\"og:type\" content=\"article\" \/>\n<meta property=\"og:title\" content=\"Impressum - Oxy&#039;Pharm\" \/>\n<meta property=\"og:description\" content=\"[vc_row full_width=&#8221;stretch_row&#8221; el_class=&#8221;hero&#8221; css=&#8221;.vc_custom_1633983640714{margin-bottom: 85px !important;padding-top: 50px !important;padding-bottom: 0px !important;}&#8221;][vc_column][vc_custom_heading text=&#8221;Impressum&#8221; font_container=&#8221;tag:h1|font_size:70|text_align:left|line_height:55px&#8221; google_fonts=&#8221;font_family:Raleway%3A100%2C200%2C300%2Cregular%2C500%2C600%2C700%2C800%2C900|font_style:800%20bold%20regular%3A800%3Anormal&#8221; css=&#8221;.vc_custom_1662731615551{margin-bottom: 10px !important;}&#8221;][vc_column_text]Startseite &gt; Rechtliche Hinweise[\/vc_column_text][\/vc_column][\/vc_row][vc_row css=&#8221;.vc_custom_1645439143705{margin-bottom:\" \/>\n<meta property=\"og:url\" content=\"https:\/\/www.oxypharm.net\/de\/impressum\/\" \/>\n<meta property=\"og:site_name\" content=\"Oxy&#039;Pharm\" \/>\n<meta property=\"article:publisher\" content=\"https:\/\/www.facebook.com\/profile.php?id=100065087790394\" \/>\n<meta name=\"twitter:card\" content=\"summary_large_image\" \/>\n<meta name=\"twitter:site\" content=\"@OxyPharm\" \/>\n<meta name=\"twitter:label1\" content=\"Est. reading time\" \/>\n\t<meta name=\"twitter:data1\" content=\"9 minutes\" \/>\n<script type=\"application\/ld+json\" class=\"yoast-schema-graph\">{\"@context\":\"https:\/\/schema.org\",\"@graph\":[{\"@type\":\"WebPage\",\"@id\":\"https:\/\/www.oxypharm.net\/de\/impressum\/\",\"url\":\"https:\/\/www.oxypharm.net\/de\/impressum\/\",\"name\":\"Impressum - Oxy&#039;Pharm\",\"isPartOf\":{\"@id\":\"https:\/\/www.oxypharm.net\/#website\"},\"datePublished\":\"2023-01-12T09:13:45+00:00\",\"breadcrumb\":{\"@id\":\"https:\/\/www.oxypharm.net\/de\/impressum\/#breadcrumb\"},\"inLanguage\":\"de-DE\",\"potentialAction\":[{\"@type\":\"ReadAction\",\"target\":[\"https:\/\/www.oxypharm.net\/de\/impressum\/\"]}]},{\"@type\":\"BreadcrumbList\",\"@id\":\"https:\/\/www.oxypharm.net\/de\/impressum\/#breadcrumb\",\"itemListElement\":[{\"@type\":\"ListItem\",\"position\":1,\"name\":\"Accueil\",\"item\":\"https:\/\/www.oxypharm.net\/de\/\"},{\"@type\":\"ListItem\",\"position\":2,\"name\":\"Impressum\"}]},{\"@type\":\"WebSite\",\"@id\":\"https:\/\/www.oxypharm.net\/#website\",\"url\":\"https:\/\/www.oxypharm.net\/\",\"name\":\"Oxy&#039;Pharm\",\"description\":\"\",\"publisher\":{\"@id\":\"https:\/\/www.oxypharm.net\/#organization\"},\"potentialAction\":[{\"@type\":\"SearchAction\",\"target\":{\"@type\":\"EntryPoint\",\"urlTemplate\":\"https:\/\/www.oxypharm.net\/?s={search_term_string}\"},\"query-input\":{\"@type\":\"PropertyValueSpecification\",\"valueRequired\":true,\"valueName\":\"search_term_string\"}}],\"inLanguage\":\"de-DE\"},{\"@type\":\"Organization\",\"@id\":\"https:\/\/www.oxypharm.net\/#organization\",\"name\":\"Oxy'pharm\",\"alternateName\":\"Oxypharm\",\"url\":\"https:\/\/www.oxypharm.net\/\",\"logo\":{\"@type\":\"ImageObject\",\"inLanguage\":\"de-DE\",\"@id\":\"https:\/\/www.oxypharm.net\/#\/schema\/logo\/image\/\",\"url\":\"https:\/\/www.oxypharm.net\/wp-content\/uploads\/2023\/06\/Logo-Medtradex-Oxypharm.jpg\",\"contentUrl\":\"https:\/\/www.oxypharm.net\/wp-content\/uploads\/2023\/06\/Logo-Medtradex-Oxypharm.jpg\",\"width\":500,\"height\":500,\"caption\":\"Oxy'pharm\"},\"image\":{\"@id\":\"https:\/\/www.oxypharm.net\/#\/schema\/logo\/image\/\"},\"sameAs\":[\"https:\/\/www.facebook.com\/profile.php?id=100065087790394\",\"https:\/\/x.com\/OxyPharm\",\"https:\/\/www.instagram.com\/oxy_pharm\/\",\"https:\/\/www.linkedin.com\/company\/oxy-pharm\/\",\"https:\/\/www.youtube.com\/channel\/UCwTjwWFZWcMdPPlvkTuiurw\"]}]}<\/script>\n<!-- \/ Yoast SEO plugin. -->","yoast_head_json":{"title":"Impressum - Oxy&#039;Pharm","robots":{"index":"index","follow":"follow","max-snippet":"max-snippet:-1","max-image-preview":"max-image-preview:large","max-video-preview":"max-video-preview:-1"},"canonical":"https:\/\/www.oxypharm.net\/de\/impressum\/","og_locale":"de_DE","og_type":"article","og_title":"Impressum - Oxy&#039;Pharm","og_description":"[vc_row full_width=&#8221;stretch_row&#8221; el_class=&#8221;hero&#8221; css=&#8221;.vc_custom_1633983640714{margin-bottom: 85px !important;padding-top: 50px !important;padding-bottom: 0px !important;}&#8221;][vc_column][vc_custom_heading text=&#8221;Impressum&#8221; font_container=&#8221;tag:h1|font_size:70|text_align:left|line_height:55px&#8221; google_fonts=&#8221;font_family:Raleway%3A100%2C200%2C300%2Cregular%2C500%2C600%2C700%2C800%2C900|font_style:800%20bold%20regular%3A800%3Anormal&#8221; css=&#8221;.vc_custom_1662731615551{margin-bottom: 10px !important;}&#8221;][vc_column_text]Startseite &gt; Rechtliche Hinweise[\/vc_column_text][\/vc_column][\/vc_row][vc_row css=&#8221;.vc_custom_1645439143705{margin-bottom:","og_url":"https:\/\/www.oxypharm.net\/de\/impressum\/","og_site_name":"Oxy&#039;Pharm","article_publisher":"https:\/\/www.facebook.com\/profile.php?id=100065087790394","twitter_card":"summary_large_image","twitter_site":"@OxyPharm","twitter_misc":{"Est. reading time":"9 minutes"},"schema":{"@context":"https:\/\/schema.org","@graph":[{"@type":"WebPage","@id":"https:\/\/www.oxypharm.net\/de\/impressum\/","url":"https:\/\/www.oxypharm.net\/de\/impressum\/","name":"Impressum - Oxy&#039;Pharm","isPartOf":{"@id":"https:\/\/www.oxypharm.net\/#website"},"datePublished":"2023-01-12T09:13:45+00:00","breadcrumb":{"@id":"https:\/\/www.oxypharm.net\/de\/impressum\/#breadcrumb"},"inLanguage":"de-DE","potentialAction":[{"@type":"ReadAction","target":["https:\/\/www.oxypharm.net\/de\/impressum\/"]}]},{"@type":"BreadcrumbList","@id":"https:\/\/www.oxypharm.net\/de\/impressum\/#breadcrumb","itemListElement":[{"@type":"ListItem","position":1,"name":"Accueil","item":"https:\/\/www.oxypharm.net\/de\/"},{"@type":"ListItem","position":2,"name":"Impressum"}]},{"@type":"WebSite","@id":"https:\/\/www.oxypharm.net\/#website","url":"https:\/\/www.oxypharm.net\/","name":"Oxy&#039;Pharm","description":"","publisher":{"@id":"https:\/\/www.oxypharm.net\/#organization"},"potentialAction":[{"@type":"SearchAction","target":{"@type":"EntryPoint","urlTemplate":"https:\/\/www.oxypharm.net\/?s={search_term_string}"},"query-input":{"@type":"PropertyValueSpecification","valueRequired":true,"valueName":"search_term_string"}}],"inLanguage":"de-DE"},{"@type":"Organization","@id":"https:\/\/www.oxypharm.net\/#organization","name":"Oxy'pharm","alternateName":"Oxypharm","url":"https:\/\/www.oxypharm.net\/","logo":{"@type":"ImageObject","inLanguage":"de-DE","@id":"https:\/\/www.oxypharm.net\/#\/schema\/logo\/image\/","url":"https:\/\/www.oxypharm.net\/wp-content\/uploads\/2023\/06\/Logo-Medtradex-Oxypharm.jpg","contentUrl":"https:\/\/www.oxypharm.net\/wp-content\/uploads\/2023\/06\/Logo-Medtradex-Oxypharm.jpg","width":500,"height":500,"caption":"Oxy'pharm"},"image":{"@id":"https:\/\/www.oxypharm.net\/#\/schema\/logo\/image\/"},"sameAs":["https:\/\/www.facebook.com\/profile.php?id=100065087790394","https:\/\/x.com\/OxyPharm","https:\/\/www.instagram.com\/oxy_pharm\/","https:\/\/www.linkedin.com\/company\/oxy-pharm\/","https:\/\/www.youtube.com\/channel\/UCwTjwWFZWcMdPPlvkTuiurw"]}]}},"_links":{"self":[{"href":"https:\/\/www.oxypharm.net\/de\/wp-json\/wp\/v2\/pages\/11735","targetHints":{"allow":["GET"]}}],"collection":[{"href":"https:\/\/www.oxypharm.net\/de\/wp-json\/wp\/v2\/pages"}],"about":[{"href":"https:\/\/www.oxypharm.net\/de\/wp-json\/wp\/v2\/types\/page"}],"author":[{"embeddable":true,"href":"https:\/\/www.oxypharm.net\/de\/wp-json\/wp\/v2\/users\/1"}],"replies":[{"embeddable":true,"href":"https:\/\/www.oxypharm.net\/de\/wp-json\/wp\/v2\/comments?post=11735"}],"version-history":[{"count":0,"href":"https:\/\/www.oxypharm.net\/de\/wp-json\/wp\/v2\/pages\/11735\/revisions"}],"wp:attachment":[{"href":"https:\/\/www.oxypharm.net\/de\/wp-json\/wp\/v2\/media?parent=11735"}],"curies":[{"name":"wp","href":"https:\/\/api.w.org\/{rel}","templated":true}]}}